{"id":14244,"date":"2020-06-04T08:14:33","date_gmt":"2020-06-04T08:14:33","guid":{"rendered":"https:\/\/www.tortosaturisme.cat\/en\/tortosa-segura-covid19\/"},"modified":"2020-09-10T12:36:36","modified_gmt":"2020-09-10T12:36:36","slug":"tortosa-safe-destination","status":"publish","type":"page","link":"https:\/\/www.tortosaturisme.cat\/en\/tortosa-safe-destination\/","title":{"rendered":"Tortosa Safe Destination"},"content":{"rendered":"<p>[vc_row][vc_column]<div class=\"vc-incubalia-medium-header\"><img decoding=\"async\" class=\"vc-incubalia-medium-header__mobile-picture brightness-100\" src=\"https:\/\/www.tortosaturisme.cat\/wp-content\/uploads\/2020\/06\/tortosa-oberta-768x350.jpg\">\n                  <img decoding=\"async\" class=\"vc-incubalia-medium-header__desktop-picture brightness-100\" src=\"https:\/\/www.tortosaturisme.cat\/wp-content\/uploads\/2020\/06\/tortosa-oberta-1920x550.jpg\"><\/div><div class=\"vc-incubalia-text-title\"><h2 class=\"vc-incubalia-text-title__title\">YOUR SAFETY IS OUR PRIORITY<\/h2><\/div><div class=\"vc-incubalia-text-1-column\"><h2 class=\"vc-incubalia-text-1-column__title\"><span class=\"first-word\">WHAT\u2019S<\/span> OUR SITUATION RIGHT NOW?<\/h2><div class=\"vc-incubalia-text-1-column__text\"><strong>Terres de l\u2019Ebre<\/strong>, since the beginning of the pandemic, has been one of the areas with the lowest incidence of infections in Catalonia. You can check <a href=\"http:\/\/aquas.gencat.cat\/ca\/actualitat\/ultimes-dades-coronavirus\/mapa-per-abs\/\" target=\"_blank\" rel=\"noopener\">here <\/a>the interactive map updated by the Health Department of Catalonian Government that shows the number of accumulated cases of COVID-19 in each basic health area of the territory.<\/p><br \/>\n<p>Tortosa, since June 18th , is in the <a href=\"https:\/\/canalsalut.gencat.cat\/ca\/salut-a-z\/c\/coronavirus-2019-ncov\/ciutadania\/represa-de-la-normalitat\/index.html#googtrans(ca|en)\" target=\"_blank\" rel=\"noopener\"><strong>new reality stage<\/strong><\/a>. Once the process of progressive Deconfinement has ended, the city has begun the resumption of normality without abandoning preventive measures to avoid risks of contagion and possible regrowth: the maintenance of interpersonal <strong>physical distance<\/strong>, frequent <strong>hand washing<\/strong> and the use of <strong>mask<\/strong>. Trade and restaurants, as well as the cultural and leisure spaces that can be visited, must also strictly follow the maintenance of capacity limits, disinfection of surfaces and the establishment of measures to avoid agglomeration points.<\/p><br \/>\n<p>In addition, the city enjoys a<strong> good climate<\/strong> and has several <strong>open spaces<\/strong> to discover quietly. Whether on foot or by bike, touring Tortosa means getting to know a city open to nature and away from the crowds of big cities.<\/div><\/div><script>\n            (function($) {\n                $(function() {\n                    $(\".vc_col-sm-6\").parent(\".vc_row\").addClass(\"vc_layout_2\");\n                });\n            })(jQuery);\n            <\/script><div class=\"vc-incubalia-text-1-column\"><h2 class=\"vc-incubalia-text-1-column__title\"><span class=\"first-word\">COMMITTED<\/span> TO SECURITY<\/h2><div class=\"vc-incubalia-text-1-column__text\">Tortosa City Council is working to turn the city into a destination capable of fully fulfilling <strong>health and safety guarantees<\/strong>. For this reason:<\/div><\/div><script>\n            (function($) {\n                $(function() {\n                    $(\".vc_col-sm-6\").parent(\".vc_row\").addClass(\"vc_layout_2\");\n                });\n            })(jQuery);\n            <\/script><div class=\"vc-incubalia-3-images\"><div class=\"vc-incubalia-3-images__image\"><img decoding=\"async\" src=\"https:\/\/www.tortosaturisme.cat\/wp-content\/uploads\/2020\/06\/of_turisme_800x600.jpg\" alt=\"\"><p class=\"vc-incubalia-3-images__image-subtitle\">All municipal tourist services and facilities have been adapted to the new measures published by the Ministry of Industry, Trade and Tourism aimed at minimizing the risk of contagion<\/p><\/div><div class=\"vc-incubalia-3-images__image\"><img decoding=\"async\" src=\"https:\/\/www.tortosaturisme.cat\/wp-content\/uploads\/2020\/06\/parque800x600.jpg\" alt=\"\"><p class=\"vc-incubalia-3-images__image-subtitle\">The daily disinfection of public spaces has intensified<\/p><\/div><div class=\"vc-incubalia-3-images__image\"><img decoding=\"async\" src=\"https:\/\/www.tortosaturisme.cat\/wp-content\/uploads\/2020\/06\/terrasses_800x600.jpg\" alt=\"\"><p class=\"vc-incubalia-3-images__image-subtitle\">The working space on the terraces of the restaurants has been increased in order to ensure the required safety distance<\/p><\/div><\/div><div class=\"vc-incubalia-text-1-column\"><h2 class=\"vc-incubalia-text-1-column__title\"><span class=\"first-word\">WHAT<\/span> DO YOU NEED TO KNOW BEFORE COMING?<\/h2><div class=\"vc-incubalia-text-1-column__text\">The <strong>Tourist Office<\/strong>, as well as the other municipal tourism and cultural facilities, strictly follow the <strong>control and prevention measures<\/strong>:<\/p><br \/>\n<ul><br \/>\n<li>Limited capacity<\/li><br \/>\n<li>The use of masks is obligatory to access<\/li><br \/>\n<li>Provide hydroalcoholic gel at the office&#8217;s entrance in order to be used before and after accessing<\/li><br \/>\n<li>The route to be followed and the safety distances of two meters have been marked on the floor<\/li><br \/>\n<li>Use QR codes to prevent the distribution of paper materials<\/li><br \/>\n<\/ul><br \/>\n<p>The <strong>Tourist office<\/strong>, the <strong>Prince Gardens<\/strong> and<strong> Royal Colleges<\/strong>\u00a0have returned at their <a href=\"\/en\/loficina-de-turisme\/\"><strong>usual opening hours<\/strong><\/a>.<\/p><br \/>\n<p>The<strong> tourism companies<\/strong> operating in the city follow the respective protocols published by the Institute for Spanish Tourism Quality (ICTE).<\/div><\/div><script>\n            (function($) {\n                $(function() {\n                    $(\".vc_col-sm-6\").parent(\".vc_row\").addClass(\"vc_layout_2\");\n                });\n            })(jQuery);\n            <\/script><div class=\"vc-incubalia-text-1-column\"><h2 class=\"vc-incubalia-text-1-column__title\"><span class=\"first-word\">USEFUL<\/span> INFORMATION<\/h2><div class=\"vc-incubalia-text-1-column__text\"><\/div><\/div><script>\n            (function($) {\n                $(function() {\n                    $(\".vc_col-sm-6\").parent(\".vc_row\").addClass(\"vc_layout_2\");\n                });\n            })(jQuery);\n            <\/script><div class=\"vc-incubalia-3-images\"><div class=\"vc-incubalia-3-images__image\"><a href=\"\/en\/restaurants-with-delivery-service\/\"><img decoding=\"async\" src=\"https:\/\/www.tortosaturisme.cat\/wp-content\/uploads\/2020\/06\/icono_habitatge.jpg\" alt=\"\"><\/a><a href=\"\/en\/restaurants-with-delivery-service\/\"><p class=\"vc-incubalia-3-images__image-title\">Restaurants with home delivery<\/p><\/a><\/div><div class=\"vc-incubalia-3-images__image\"><a href=\"\/en\/services\/\"><img decoding=\"async\" src=\"https:\/\/www.tortosaturisme.cat\/wp-content\/uploads\/2020\/06\/icono_emergencia.jpg\" alt=\"\"><\/a><a href=\"\/en\/services\/\"><p class=\"vc-incubalia-3-images__image-title\">In case of an emergency<\/p><\/a><\/div><div class=\"vc-incubalia-3-images__image\"><a href=\"http:\/\/www2.tortosa.cat\/public_files\/banners\/a6b95b82cd.pdf\"><img decoding=\"async\" src=\"https:\/\/www.tortosaturisme.cat\/wp-content\/uploads\/2020\/06\/Icono_Directori.jpg\" alt=\"\"><\/a><a href=\"http:\/\/www2.tortosa.cat\/public_files\/banners\/a6b95b82cd.pdf\"><p class=\"vc-incubalia-3-images__image-title\">Directory of establishments with home delivery<\/p><\/a><\/div><\/div><div class=\"vc-incubalia-text-1-column\"><h2 class=\"vc-incubalia-text-1-column__title\"><span class=\"first-word\">CONSELLS<\/span> I MESURES DE PREVENCI\u00d3<\/h2><div class=\"vc-incubalia-text-1-column__text\"><\/p><br \/>\n<ol><br \/>\n<li>Wash your hands oftenly with soap and water or with a hydroalcoholic solution.<\/li><br \/>\n<li>The use of the mask is obligatory in the public spaces, in both open and closed spaces.<\/li><br \/>\n<li>Respect the safety distance of two meters between people whenever possible.<\/li><br \/>\n<li>Follow the safety instructions of the establishments you visit.<\/li><br \/>\n<li>Avoid touching external elements such as street furniture, monuments, etc.<\/li><br \/>\n<\/ol><br \/>\n<p><\/div><\/div><script>\n            (function($) {\n                $(function() {\n                    $(\".vc_col-sm-6\").parent(\".vc_row\").addClass(\"vc_layout_2\");\n                });\n            })(jQuery);\n            <\/script>[\/vc_column][\/vc_row]<\/p>\n","protected":false},"excerpt":{"rendered":"<p>[vc_row][vc_column][\/vc_column][\/vc_row]<\/p>\n","protected":false},"author":2,"featured_media":0,"parent":0,"menu_order":0,"comment_status":"closed","ping_status":"closed","template":"","meta":{"footnotes":""},"class_list":["post-14244","page","type-page","status-publish","hentry"],"acf":[],"yoast_head":"<!-- This site is optimized with the Yoast SEO plugin v27.3 - https:\/\/yoast.com\/product\/yoast-seo-wordpress\/ -->\n<title>Tortosa segura, mesures de prevenci\u00f3 del COVID19 | Tortosa Turisme<\/title>\n<meta name=\"description\" content=\"La vostra seguretat \u00e9s una prioritat per a nosaltres. Per aix\u00f2 us facilitem informaci\u00f3 actualitzada sobre el nostre estat actual en relaci\u00f3 el COVID19, les mesures que es prenen per convertir la ciutat en un espai segur i les recomanacions que s&#039;han de seguir per prevenir el contagi.\" \/>\n<meta name=\"robots\" content=\"index, follow, max-snippet:-1, max-image-preview:large, max-video-preview:-1\" \/>\n<link rel=\"canonical\" href=\"https:\/\/www.tortosaturisme.cat\/en\/tortosa-safe-destination\/\" \/>\n<meta property=\"og:locale\" content=\"en_US\" \/>\n<meta property=\"og:type\" content=\"article\" \/>\n<meta property=\"og:title\" content=\"Tortosa segura, mesures de prevenci\u00f3 del COVID19 | Tortosa Turisme\" \/>\n<meta property=\"og:description\" content=\"La vostra seguretat \u00e9s una prioritat per a nosaltres. Per aix\u00f2 us facilitem informaci\u00f3 actualitzada sobre el nostre estat actual en relaci\u00f3 el COVID19, les mesures que es prenen per convertir la ciutat en un espai segur i les recomanacions que s&#039;han de seguir per prevenir el contagi.\" \/>\n<meta property=\"og:url\" content=\"https:\/\/www.tortosaturisme.cat\/en\/tortosa-safe-destination\/\" \/>\n<meta property=\"og:site_name\" content=\"tortosaturisme\" \/>\n<meta property=\"article:modified_time\" content=\"2020-09-10T12:36:36+00:00\" \/>\n<meta name=\"twitter:card\" content=\"summary_large_image\" \/>\n<meta name=\"twitter:label1\" content=\"Est. reading time\" \/>\n\t<meta name=\"twitter:data1\" content=\"3 minutes\" \/>\n<script type=\"application\/ld+json\" class=\"yoast-schema-graph\">{\"@context\":\"https:\\\/\\\/schema.org\",\"@graph\":[{\"@type\":\"WebPage\",\"@id\":\"https:\\\/\\\/www.tortosaturisme.cat\\\/en\\\/tortosa-safe-destination\\\/\",\"url\":\"https:\\\/\\\/www.tortosaturisme.cat\\\/en\\\/tortosa-safe-destination\\\/\",\"name\":\"Tortosa segura, mesures de prevenci\u00f3 del COVID19 | Tortosa Turisme\",\"isPartOf\":{\"@id\":\"https:\\\/\\\/www.tortosaturisme.cat\\\/en\\\/#website\"},\"datePublished\":\"2020-06-04T08:14:33+00:00\",\"dateModified\":\"2020-09-10T12:36:36+00:00\",\"description\":\"La vostra seguretat \u00e9s una prioritat per a nosaltres. Per aix\u00f2 us facilitem informaci\u00f3 actualitzada sobre el nostre estat actual en relaci\u00f3 el COVID19, les mesures que es prenen per convertir la ciutat en un espai segur i les recomanacions que s'han de seguir per prevenir el contagi.\",\"breadcrumb\":{\"@id\":\"https:\\\/\\\/www.tortosaturisme.cat\\\/en\\\/tortosa-safe-destination\\\/#breadcrumb\"},\"inLanguage\":\"en-US\",\"potentialAction\":[{\"@type\":\"ReadAction\",\"target\":[\"https:\\\/\\\/www.tortosaturisme.cat\\\/en\\\/tortosa-safe-destination\\\/\"]}]},{\"@type\":\"BreadcrumbList\",\"@id\":\"https:\\\/\\\/www.tortosaturisme.cat\\\/en\\\/tortosa-safe-destination\\\/#breadcrumb\",\"itemListElement\":[{\"@type\":\"ListItem\",\"position\":1,\"name\":\"Home\",\"item\":\"https:\\\/\\\/www.tortosaturisme.cat\\\/en\\\/home\\\/\"},{\"@type\":\"ListItem\",\"position\":2,\"name\":\"Tortosa Safe Destination\"}]},{\"@type\":\"WebSite\",\"@id\":\"https:\\\/\\\/www.tortosaturisme.cat\\\/en\\\/#website\",\"url\":\"https:\\\/\\\/www.tortosaturisme.cat\\\/en\\\/\",\"name\":\"tortosaturisme\",\"description\":\"Otro sitio realizado con WordPress\",\"potentialAction\":[{\"@type\":\"SearchAction\",\"target\":{\"@type\":\"EntryPoint\",\"urlTemplate\":\"https:\\\/\\\/www.tortosaturisme.cat\\\/en\\\/?s={search_term_string}\"},\"query-input\":{\"@type\":\"PropertyValueSpecification\",\"valueRequired\":true,\"valueName\":\"search_term_string\"}}],\"inLanguage\":\"en-US\"}]}<\/script>\n<!-- \/ Yoast SEO plugin. -->","yoast_head_json":{"title":"Tortosa segura, mesures de prevenci\u00f3 del COVID19 | Tortosa Turisme","description":"La vostra seguretat \u00e9s una prioritat per a nosaltres. Per aix\u00f2 us facilitem informaci\u00f3 actualitzada sobre el nostre estat actual en relaci\u00f3 el COVID19, les mesures que es prenen per convertir la ciutat en un espai segur i les recomanacions que s'han de seguir per prevenir el contagi.","robots":{"index":"index","follow":"follow","max-snippet":"max-snippet:-1","max-image-preview":"max-image-preview:large","max-video-preview":"max-video-preview:-1"},"canonical":"https:\/\/www.tortosaturisme.cat\/en\/tortosa-safe-destination\/","og_locale":"en_US","og_type":"article","og_title":"Tortosa segura, mesures de prevenci\u00f3 del COVID19 | Tortosa Turisme","og_description":"La vostra seguretat \u00e9s una prioritat per a nosaltres. Per aix\u00f2 us facilitem informaci\u00f3 actualitzada sobre el nostre estat actual en relaci\u00f3 el COVID19, les mesures que es prenen per convertir la ciutat en un espai segur i les recomanacions que s'han de seguir per prevenir el contagi.","og_url":"https:\/\/www.tortosaturisme.cat\/en\/tortosa-safe-destination\/","og_site_name":"tortosaturisme","article_modified_time":"2020-09-10T12:36:36+00:00","twitter_card":"summary_large_image","twitter_misc":{"Est. reading time":"3 minutes"},"schema":{"@context":"https:\/\/schema.org","@graph":[{"@type":"WebPage","@id":"https:\/\/www.tortosaturisme.cat\/en\/tortosa-safe-destination\/","url":"https:\/\/www.tortosaturisme.cat\/en\/tortosa-safe-destination\/","name":"Tortosa segura, mesures de prevenci\u00f3 del COVID19 | Tortosa Turisme","isPartOf":{"@id":"https:\/\/www.tortosaturisme.cat\/en\/#website"},"datePublished":"2020-06-04T08:14:33+00:00","dateModified":"2020-09-10T12:36:36+00:00","description":"La vostra seguretat \u00e9s una prioritat per a nosaltres. Per aix\u00f2 us facilitem informaci\u00f3 actualitzada sobre el nostre estat actual en relaci\u00f3 el COVID19, les mesures que es prenen per convertir la ciutat en un espai segur i les recomanacions que s'han de seguir per prevenir el contagi.","breadcrumb":{"@id":"https:\/\/www.tortosaturisme.cat\/en\/tortosa-safe-destination\/#breadcrumb"},"inLanguage":"en-US","potentialAction":[{"@type":"ReadAction","target":["https:\/\/www.tortosaturisme.cat\/en\/tortosa-safe-destination\/"]}]},{"@type":"BreadcrumbList","@id":"https:\/\/www.tortosaturisme.cat\/en\/tortosa-safe-destination\/#breadcrumb","itemListElement":[{"@type":"ListItem","position":1,"name":"Home","item":"https:\/\/www.tortosaturisme.cat\/en\/home\/"},{"@type":"ListItem","position":2,"name":"Tortosa Safe Destination"}]},{"@type":"WebSite","@id":"https:\/\/www.tortosaturisme.cat\/en\/#website","url":"https:\/\/www.tortosaturisme.cat\/en\/","name":"tortosaturisme","description":"Otro sitio realizado con WordPress","potentialAction":[{"@type":"SearchAction","target":{"@type":"EntryPoint","urlTemplate":"https:\/\/www.tortosaturisme.cat\/en\/?s={search_term_string}"},"query-input":{"@type":"PropertyValueSpecification","valueRequired":true,"valueName":"search_term_string"}}],"inLanguage":"en-US"}]}},"_links":{"self":[{"href":"https:\/\/www.tortosaturisme.cat\/en\/wp-json\/wp\/v2\/pages\/14244","targetHints":{"allow":["GET"]}}],"collection":[{"href":"https:\/\/www.tortosaturisme.cat\/en\/wp-json\/wp\/v2\/pages"}],"about":[{"href":"https:\/\/www.tortosaturisme.cat\/en\/wp-json\/wp\/v2\/types\/page"}],"author":[{"embeddable":true,"href":"https:\/\/www.tortosaturisme.cat\/en\/wp-json\/wp\/v2\/users\/2"}],"replies":[{"embeddable":true,"href":"https:\/\/www.tortosaturisme.cat\/en\/wp-json\/wp\/v2\/comments?post=14244"}],"version-history":[{"count":14,"href":"https:\/\/www.tortosaturisme.cat\/en\/wp-json\/wp\/v2\/pages\/14244\/revisions"}],"predecessor-version":[{"id":15761,"href":"https:\/\/www.tortosaturisme.cat\/en\/wp-json\/wp\/v2\/pages\/14244\/revisions\/15761"}],"wp:attachment":[{"href":"https:\/\/www.tortosaturisme.cat\/en\/wp-json\/wp\/v2\/media?parent=14244"}],"curies":[{"name":"wp","href":"https:\/\/api.w.org\/{rel}","templated":true}]}}