{"id":16028,"date":"2020-07-28T09:04:03","date_gmt":"2020-07-28T09:04:03","guid":{"rendered":"https:\/\/www.tortosaturisme.cat\/en\/ciutat-amb-caracter\/"},"modified":"2020-11-19T11:17:32","modified_gmt":"2020-11-19T11:17:32","slug":"ciutat-amb-caracter","status":"publish","type":"page","link":"https:\/\/www.tortosaturisme.cat\/en\/ciutat-amb-caracter\/","title":{"rendered":"Ciutat amb car\u00e0cter"},"content":{"rendered":"<p>[vc_row][vc_column]<div class=\"vc-incubalia-big-header\"><h1 class=\"vc-incubalia-big-header__title\">Tortosa, una ciutat amb car\u00e0cter<\/h1><img decoding=\"async\" class=\"vc-incubalia-big-header__mobile-picture\" src=\"https:\/\/www.tortosaturisme.cat\/wp-content\/uploads\/2020\/07\/CAP\u00c7ALERA_CIUTATS_CARACTER_768X450-mb.jpg\">\n                  <img decoding=\"async\" class=\"vc-incubalia-big-header__desktop-picture\" src=\"https:\/\/www.tortosaturisme.cat\/wp-content\/uploads\/2020\/07\/CAP\u00c7ALERA_CIUTATS_CARACTER_1920X700-escriptori-1.jpg\"><\/div><div class=\"vc-incubalia-text-1-column-subtitle\"><h2 class=\"vc-incubalia-text-1-column-subtitle__title\">ESCAPA'T A TORTOSA<\/h2><div class=\"vc-incubalia-text-1-column-subtitle__text\">Tortosa destaca pel seu potent patrimoni hist\u00f2ric i per tot el seu llegat cultural, per\u00f2 tamb\u00e9 per la seua rica gastronomia, que recull el millor de les Terres de l\u2019Ebre, des d\u2019arrossos i peixos i marisc del Delta fins les verdures i c\u00edtrics de l\u2019horta, passant pels vins de la Terra Alta, els olis, la mel i els dol\u00e7os. Per tot plegat, Tortosa gaudeix del distintiu de <a href=\"http:\/\/www.catalunya.com\/que-fer\/descobreix\/ciutats-i-viles-amb-caracter-de-catalunya\"><strong>Ciutat i Vila amb Car\u00e0cter<\/strong><\/a> de l\u2019Ag\u00e8ncia Catalana de Turisme.<\/p><br \/>\n<p>Passejar per Tortosa \u00e9s fer-ho per dos mil\u00b7lennis d\u2019hist\u00f2ria i per una <strong>cru\u00eflla de cultures<\/strong>. Les diferents civilitzacions que hi han passat han deixat la seua empremta pels seus carrers, places i monuments. Aquesta llarga hist\u00f2ria i tradici\u00f3 l\u2019han dotat al llarg dels segles d\u2019un car\u00e0cter singular, d\u2019una forta personalitat que la fa<strong> \u00fanica al territori<\/strong>.<\/p><br \/>\n<p>Tortosa t\u00e9 un <strong>tresor singular a Europa<\/strong>, que \u00e9s el seu per\u00edmetre fortificat. La ciutat conserva un entramat de gaireb\u00e9 <strong>2.000 anys<\/strong>. Sense dubte, l\u2019inseparable riu Ebre, la impressionant Catedral, els encisadors Reials Col\u00b7legis o el peculiar Call Jueu s\u00f3n altres dels protagonistes que fan tan especial aquesta ciutat del sud de Catalunya.<\/div><\/div><div class=\"vc-incubalia-video-3-columns\"><div class=\"vc-incubalia-video-3-columns__video\"><a class=\"vc-incubalia-video-3-columns__video-link\" href=\"https:\/\/www.youtube.com\/watch?v=tlONEnzESB8&amp;list=PLEzrsHt4g9ad1i--dEJAR1BnT8X_9OQO2\">\n                    <img decoding=\"async\" class=\"vc-incubalia-video-3-columns__video-mobile-picture\" src=\"https:\/\/www.tortosaturisme.cat\/wp-content\/uploads\/2020\/07\/Video_fortificacions_640x640-640x460.jpg\">\n                    <img decoding=\"async\" class=\"vc-incubalia-video-3-columns__video-desktop-picture\" src=\"https:\/\/www.tortosaturisme.cat\/wp-content\/uploads\/2020\/07\/Video_fortificacions_640x640-640x460.jpg\">\n                    <\/a><div class=\"vc-incubalia-video-3-columns__video-text-container\"><p class=\"vc-incubalia-video-3-columns__video-title\">CASTELLS I MURALLES<\/p><img decoding=\"async\" class=\"play-button\" src=\"https:\/\/www.tortosaturisme.cat\/wp-content\/plugins\/vc-incubalia-elements\/elements\/..\/assets\/img\/video-play.png\"><\/div><div class=\"vc-incubalia-video-3-columns__video-url-container\"><h4 class=\"vc-incubalia-video-3-columns__video-text\">Tortosa \u00e9s \u00fanica pels seus baluards, muralles i fortificacions.<\/h4><span class=\"vc-incubalia-video-3-columns__video-url\"><\/span><\/div><\/div><div class=\"vc-incubalia-video-3-columns__video\"><a class=\"vc-incubalia-video-3-columns__video-link\" href=\"https:\/\/www.youtube.com\/watch?v=ZTnvuQ4mvHg&amp;list=PLEzrsHt4g9ad1i--dEJAR1BnT8X_9OQO2&amp;index=3\">\n                    <img decoding=\"async\" class=\"vc-incubalia-video-3-columns__video-mobile-picture\" src=\"https:\/\/www.tortosaturisme.cat\/wp-content\/uploads\/2020\/07\/Video_reials_collegis_2_640x640-640x460.jpg\">\n                    <img decoding=\"async\" class=\"vc-incubalia-video-3-columns__video-desktop-picture\" src=\"https:\/\/www.tortosaturisme.cat\/wp-content\/uploads\/2020\/07\/Video_reials_collegis_2_640x640-640x460.jpg\">\n                    <\/a><div class=\"vc-incubalia-video-3-columns__video-text-container\"><p class=\"vc-incubalia-video-3-columns__video-title\">CIUTAT DEL RENAIXEMENT<\/p><img decoding=\"async\" class=\"play-button\" src=\"https:\/\/www.tortosaturisme.cat\/wp-content\/plugins\/vc-incubalia-elements\/elements\/..\/assets\/img\/video-play.png\"><\/div><div class=\"vc-incubalia-video-3-columns__video-url-container\"><h4 class=\"vc-incubalia-video-3-columns__video-text\">Els Reials Col\u00b7legis, una joia de l'arquitectura renaixentista a Catalunya<\/h4><span class=\"vc-incubalia-video-3-columns__video-url\"><\/span><\/div><\/div><div class=\"vc-incubalia-video-3-columns__video\"><a class=\"vc-incubalia-video-3-columns__video-link\" href=\"https:\/\/www.youtube.com\/watch?v=P0-O76S9AHo&amp;list=PLEzrsHt4g9ad1i--dEJAR1BnT8X_9OQO2&amp;index=6\">\n                    <img decoding=\"async\" class=\"vc-incubalia-video-3-columns__video-mobile-picture\" src=\"https:\/\/www.tortosaturisme.cat\/wp-content\/uploads\/2020\/07\/Video_call_jueu_640x640-640x460.jpg\">\n                    <img decoding=\"async\" class=\"vc-incubalia-video-3-columns__video-desktop-picture\" src=\"https:\/\/www.tortosaturisme.cat\/wp-content\/uploads\/2020\/07\/Video_call_jueu_640x640-640x460.jpg\">\n                    <\/a><div class=\"vc-incubalia-video-3-columns__video-text-container\"><p class=\"vc-incubalia-video-3-columns__video-title\">L'EMPREMTA JUEVA<\/p><img decoding=\"async\" class=\"play-button\" src=\"https:\/\/www.tortosaturisme.cat\/wp-content\/plugins\/vc-incubalia-elements\/elements\/..\/assets\/img\/video-play.png\"><\/div><div class=\"vc-incubalia-video-3-columns__video-url-container\"><h4 class=\"vc-incubalia-video-3-columns__video-text\">La comunitat jueva de Tortosa era una de les m\u00e9s antigues i riques de Catalunya.<\/h4><span class=\"vc-incubalia-video-3-columns__video-url\"><\/span><\/div><\/div><\/div><script>(function($) {\n                $(function() {\n                    $('.vc-incubalia-video-3-columns__video-link').YouTubePopUp();\n                });\n            })(jQuery)<\/script><div class=\"vc-incubalia-text-1-column-subtitle\"><div class=\"vc-incubalia-text-1-column-subtitle__text\">La ciutat est\u00e0 plena de tradici\u00f3 arquitect\u00f2nica i cultural. Tamb\u00e9 el <strong>modernisme<\/strong> tingu\u00e9 en Tortosa un punt de refer\u00e8ncia, amb nombroses i espectaculars cases modernistes que deixen bocabadats els passejants per l\u2019eixample. El mateix parc municipal, a m\u00e9s de ser un dels principals pulmons de la ciutat, cont\u00e9 destacats elements modernistes. Els Jardins del Pr\u00edncep, un espai bot\u00e0nic riqu\u00edssim i d\u2019estil rom\u00e0ntic, s\u00f3n un altre dels racons m\u00e9s especials de la ciutat.\u00a0A m\u00e9s, es poden seguir els passos de Hemingway, que va viure a la ciutat\u00a0el 1938 cobrint la Guerra Civil com a periodista.<\/p><br \/>\n<p>La celebraci\u00f3 de la<strong> Festa del Renaixement<\/strong> al juliol \u00e9s tamb\u00e9 una diferenciaci\u00f3 de Tortosa respecte altres festes de recreaci\u00f3: la ciutat es converteix en tot un model de vida del segle XVI, i milers d\u2019habitants es vesteixen d\u2019\u00e8poca. Tamb\u00e9 les tradicions s\u00f3n ben vives a Tortosa, que \u00e9s l\u2019\u00fanica ciutat catalana que t\u00e9 obert tot l\u2019any un\u00a0centre d\u2019interpretaci\u00f3 de la Setmana Santa. La ciutat viu entre mar i muntanya, entre les llacunes i plan\u00edcies del Delta i el Mass\u00eds del Port, i es converteix en el cor i centre neur\u00e0lgic d\u2019un territori declarat <strong>Reserva de la Biosfera<\/strong> per la UNESCO.<\/div><\/div><div class=\"vc-incubalia-medium-header\"><img decoding=\"async\" class=\"vc-incubalia-medium-header__mobile-picture brightness-100\" src=\"\">\n                  <img decoding=\"async\" class=\"vc-incubalia-medium-header__desktop-picture brightness-100\" src=\"https:\/\/www.tortosaturisme.cat\/wp-content\/uploads\/2020\/07\/TORTOSA_CARACTER_1920X550.jpg\"><\/div><div class=\"vc-incubalia-spacer-half\"><\/div><div class=\"vc-incubalia-4-images\"><h2 class=\"vc-incubalia-4-images__title\">Explora la ciutat pam a pam<\/h2><div class=\"vc-incubalia-4-images__image has-url\"\"><a href=\"\/els-10-imperdibles\/\"><img decoding=\"async\" src=\"https:\/\/www.tortosaturisme.cat\/wp-content\/uploads\/2018\/02\/b-900-navega.jpg\" alt=\"\"><\/a><div class=\"vc-incubalia-4-images__image-text-container\"><p class=\"vc-incubalia-4-images__image-title\">Els 10 imperdibles<\/p><p class=\"vc-incubalia-4-images__image-subtitle\">Gaudeix dels principals atractius de la ciutat<\/p><\/div><div class=\"vc-incubalia-4-images__image-url-container\"><span class=\"vc-incubalia-4-images__image-url\">Read more<\/span><\/div><\/div><div class=\"vc-incubalia-4-images__image has-url\"\"><a href=\"\/experiencies\/?experience-type=visites-guiades&list-view=cards\"><img decoding=\"async\" src=\"https:\/\/www.tortosaturisme.cat\/wp-content\/uploads\/2018\/02\/b-900-visites-guiades.jpg\" alt=\"\"><\/a><div class=\"vc-incubalia-4-images__image-text-container\"><p class=\"vc-incubalia-4-images__image-title\">Visites Guiades<\/p><p class=\"vc-incubalia-4-images__image-subtitle\">Con\u00e9ix tots els racons de la m\u00e0 dels m\u00e9s experts<\/p><\/div><div class=\"vc-incubalia-4-images__image-url-container\"><span class=\"vc-incubalia-4-images__image-url\">Read more<\/span><\/div><\/div><div class=\"vc-incubalia-4-images__image has-url\"\"><a href=\"\/rutes\/\"><img decoding=\"async\" src=\"https:\/\/www.tortosaturisme.cat\/wp-content\/uploads\/2020\/06\/escorxador_parella_visitar_900x400.jpg\" alt=\"\"><\/a><div class=\"vc-incubalia-4-images__image-text-container\"><p class=\"vc-incubalia-4-images__image-title\">Rutes<\/p><p class=\"vc-incubalia-4-images__image-subtitle\">Explora la ciutat des de diferents perspectives<\/p><\/div><div class=\"vc-incubalia-4-images__image-url-container\"><span class=\"vc-incubalia-4-images__image-url\">Read more<\/span><\/div><\/div><div class=\"vc-incubalia-4-images__image has-url\"\"><a href=\"\/llocs\/?place-type=monument&list-view=cards\"><img decoding=\"async\" src=\"https:\/\/www.tortosaturisme.cat\/wp-content\/uploads\/2020\/03\/passeig_cultures_900x400.jpg\" alt=\"\"><\/a><div class=\"vc-incubalia-4-images__image-text-container\"><p class=\"vc-incubalia-4-images__image-title\">Museus i monuments<\/p><p class=\"vc-incubalia-4-images__image-subtitle\">Descobreix el ric patrimoni hist\u00f2ric i monumental de Tortosa<\/p><\/div><div class=\"vc-incubalia-4-images__image-url-container\"><span class=\"vc-incubalia-4-images__image-url\">Read more<\/span><\/div><\/div><\/div><div class=\"vc-incubalia-spacer-half\"><\/div><div class=\"vc-incubalia-3-images\"><h2 class=\"vc-incubalia-3-images__title\">VIU, SENT I COMPARTEIX EXPERI\u00c8NCIES A TORTOSA<\/h2><div class=\"vc-incubalia-3-images__image\"><a href=\"\/experiencies\/?experience-type=navegacio&amp;list-view=cards\"><img decoding=\"async\" src=\"https:\/\/www.tortosaturisme.cat\/wp-content\/uploads\/2020\/06\/posta-sol_riu_800x600.jpg\" alt=\"\"><\/a><a href=\"\/experiencies\/?experience-type=navegacio&amp;list-view=cards\"><p class=\"vc-incubalia-3-images__image-title\">NAVEGA L'EBRE<\/p><\/a><p class=\"vc-incubalia-3-images__image-subtitle\">Una experi\u00e8ncia \u00fanica per connectar amb l'\u00e0nima de la ciutat<\/p><\/div><div class=\"vc-incubalia-3-images__image\"><a href=\"\/mes-a-mes\/\"><img decoding=\"async\" src=\"https:\/\/www.tortosaturisme.cat\/wp-content\/uploads\/2018\/02\/b-800-festa-del-renaixement-1.jpg\" alt=\"\"><\/a><a href=\"\/mes-a-mes\/\"><p class=\"vc-incubalia-3-images__image-title\">VINE A LA TORTOSA M\u00c9S FESTIVA<\/p><\/a><p class=\"vc-incubalia-3-images__image-subtitle\">Viatges al segle XVI, fires reconegudes, mostres gastron\u00f2miques, art ef\u00edmer i molt m\u00e9s<\/p><\/div><div class=\"vc-incubalia-3-images__image\"><a href=\"\/la-cuina-de-les-terres-de-lebre\/\"><img decoding=\"async\" src=\"https:\/\/www.tortosaturisme.cat\/wp-content\/uploads\/2020\/06\/art_viure_800x600.jpg\" alt=\"\"><\/a><a href=\"\/la-cuina-de-les-terres-de-lebre\/\"><p class=\"vc-incubalia-3-images__image-title\">PROVA LA GASTRONOMIA KM0<\/p><\/a><p class=\"vc-incubalia-3-images__image-subtitle\">Una cuina lligada a la terra que treu partit dels productes de proximitat<\/p><\/div><\/div><div class=\"vc-incubalia-3-images\"><div class=\"vc-incubalia-3-images__image\"><a href=\"\/experiencies\/?experience-type=a-laire-lliure&amp;list-view=cards\"><img decoding=\"async\" src=\"https:\/\/www.tortosaturisme.cat\/wp-content\/uploads\/2020\/06\/excursio_800x600.jpg\" alt=\"\"><\/a><a href=\"\/experiencies\/?experience-type=a-laire-lliure&amp;list-view=cards\"><p class=\"vc-incubalia-3-images__image-title\">CONSULTA LES ACTIVITATS A L'AIRE LLIURE<\/p><\/a><p class=\"vc-incubalia-3-images__image-subtitle\">Els parcs naturals del delta de l\u2019Ebre i dels Ports a pocs kil\u00f2metres de Tortosa<\/p><\/div><div class=\"vc-incubalia-3-images__image\"><a href=\"\/cicloturisme\/\"><img decoding=\"async\" src=\"https:\/\/www.tortosaturisme.cat\/wp-content\/uploads\/2020\/07\/caro_800x600.jpg\" alt=\"\"><\/a><a href=\"\/cicloturisme\/\"><p class=\"vc-incubalia-3-images__image-title\">PEDALEJA PEL PARAD\u00cdS DE LA BICICLETA<\/p><\/a><p class=\"vc-incubalia-3-images__image-subtitle\">A Tortosa hi trobar\u00e0s un territori ideal per als amants del ciclisme<\/p><\/div><div class=\"vc-incubalia-3-images__image\"><a href=\"\/de-compres\/\"><img decoding=\"async\" src=\"https:\/\/www.tortosaturisme.cat\/wp-content\/uploads\/2020\/07\/cc_compres_800x600.jpg\" alt=\"\"><\/a><a href=\"\/de-compres\/\"><p class=\"vc-incubalia-3-images__image-title\">DE COMPRES<\/p><\/a><p class=\"vc-incubalia-3-images__image-subtitle\">Desenes de comer\u00e7os amb una oferta variada i rica de productes<\/p><\/div><\/div><div class=\"vc-incubalia-3-buttons\"><h2 class=\"vc-incubalia-3-buttons__title\">ORGANITZA'T<\/h2><div class=\"vc-incubalia-3-buttons__button\"><a href=\"\/allotjaments\/\"><div class=\"vc-incubalia-3-buttons__button-container\"><div class=\"vc-incubalia-3-buttons__button-container-image\"><img decoding=\"async\" src=\"\"><\/div><div class=\"vc-incubalia-3-buttons__button-container-title\"><h4>ALLOTJAMENTS<\/h4><\/div><\/div><\/a><\/div><div class=\"vc-incubalia-3-buttons__button\"><a href=\"\/com-arribar-hi\/\"><div class=\"vc-incubalia-3-buttons__button-container\"><div class=\"vc-incubalia-3-buttons__button-container-image\"><img decoding=\"async\" src=\"\"><\/div><div class=\"vc-incubalia-3-buttons__button-container-title\"><h4>COM ARRIBAR-HI<\/h4><\/div><\/div><\/a><\/div><div class=\"vc-incubalia-3-buttons__button\"><a href=\"\/loficina-de-turisme\/\"><div class=\"vc-incubalia-3-buttons__button-container\"><div class=\"vc-incubalia-3-buttons__button-container-image\"><img decoding=\"async\" src=\"\"><\/div><div class=\"vc-incubalia-3-buttons__button-container-title\"><h4>OFICINA DE TURISME<\/h4><\/div><\/div><\/a><\/div><\/div>[\/vc_column][\/vc_row]<\/p>\n","protected":false},"excerpt":{"rendered":"<p>[vc_row][vc_column][\/vc_column][\/vc_row]<\/p>\n","protected":false},"author":2,"featured_media":0,"parent":0,"menu_order":0,"comment_status":"closed","ping_status":"closed","template":"","meta":{"footnotes":""},"class_list":["post-16028","page","type-page","status-publish","hentry"],"acf":[],"yoast_head":"<!-- This site is optimized with the Yoast SEO plugin v27.5 - https:\/\/yoast.com\/product\/yoast-seo-wordpress\/ -->\n<title>Tortosa, Ciutat amb car\u00e0cter | Tortosa Turisme<\/title>\n<meta name=\"description\" content=\"Situada al cor de la Reserva de la Biosfera de les Terres de l\u2019Ebre, entre els parcs naturals del delta de l\u2019Ebre i dels Ports, Tortosa \u00e9s un parad\u00eds per als amants de la cultura i el seu immens patrimoni li ha servit per ser designada Capital de la Cultura Catalana 2021.\" \/>\n<meta name=\"robots\" content=\"index, follow, max-snippet:-1, max-image-preview:large, max-video-preview:-1\" \/>\n<link rel=\"canonical\" href=\"https:\/\/www.tortosaturisme.cat\/en\/ciutat-amb-caracter\/\" \/>\n<meta property=\"og:locale\" content=\"en_US\" \/>\n<meta property=\"og:type\" content=\"article\" \/>\n<meta property=\"og:title\" content=\"Tortosa, Ciutat amb car\u00e0cter | Tortosa Turisme\" \/>\n<meta property=\"og:description\" content=\"Situada al cor de la Reserva de la Biosfera de les Terres de l\u2019Ebre, entre els parcs naturals del delta de l\u2019Ebre i dels Ports, Tortosa \u00e9s un parad\u00eds per als amants de la cultura i el seu immens patrimoni li ha servit per ser designada Capital de la Cultura Catalana 2021.\" \/>\n<meta property=\"og:url\" content=\"https:\/\/www.tortosaturisme.cat\/en\/ciutat-amb-caracter\/\" \/>\n<meta property=\"og:site_name\" content=\"tortosaturisme\" \/>\n<meta property=\"article:modified_time\" content=\"2020-11-19T11:17:32+00:00\" \/>\n<meta name=\"twitter:card\" content=\"summary_large_image\" \/>\n<meta name=\"twitter:label1\" content=\"Est. reading time\" \/>\n\t<meta name=\"twitter:data1\" content=\"5 minutes\" \/>\n<script type=\"application\/ld+json\" class=\"yoast-schema-graph\">{\"@context\":\"https:\\\/\\\/schema.org\",\"@graph\":[{\"@type\":\"WebPage\",\"@id\":\"https:\\\/\\\/www.tortosaturisme.cat\\\/en\\\/ciutat-amb-caracter\\\/\",\"url\":\"https:\\\/\\\/www.tortosaturisme.cat\\\/en\\\/ciutat-amb-caracter\\\/\",\"name\":\"Tortosa, Ciutat amb car\u00e0cter | Tortosa Turisme\",\"isPartOf\":{\"@id\":\"https:\\\/\\\/www.tortosaturisme.cat\\\/en\\\/#website\"},\"datePublished\":\"2020-07-28T09:04:03+00:00\",\"dateModified\":\"2020-11-19T11:17:32+00:00\",\"description\":\"Situada al cor de la Reserva de la Biosfera de les Terres de l\u2019Ebre, entre els parcs naturals del delta de l\u2019Ebre i dels Ports, Tortosa \u00e9s un parad\u00eds per als amants de la cultura i el seu immens patrimoni li ha servit per ser designada Capital de la Cultura Catalana 2021.\",\"breadcrumb\":{\"@id\":\"https:\\\/\\\/www.tortosaturisme.cat\\\/en\\\/ciutat-amb-caracter\\\/#breadcrumb\"},\"inLanguage\":\"en-US\",\"potentialAction\":[{\"@type\":\"ReadAction\",\"target\":[\"https:\\\/\\\/www.tortosaturisme.cat\\\/en\\\/ciutat-amb-caracter\\\/\"]}]},{\"@type\":\"BreadcrumbList\",\"@id\":\"https:\\\/\\\/www.tortosaturisme.cat\\\/en\\\/ciutat-amb-caracter\\\/#breadcrumb\",\"itemListElement\":[{\"@type\":\"ListItem\",\"position\":1,\"name\":\"Home\",\"item\":\"https:\\\/\\\/www.tortosaturisme.cat\\\/en\\\/home\\\/\"},{\"@type\":\"ListItem\",\"position\":2,\"name\":\"Ciutat amb car\u00e0cter\"}]},{\"@type\":\"WebSite\",\"@id\":\"https:\\\/\\\/www.tortosaturisme.cat\\\/en\\\/#website\",\"url\":\"https:\\\/\\\/www.tortosaturisme.cat\\\/en\\\/\",\"name\":\"tortosaturisme\",\"description\":\"Otro sitio realizado con WordPress\",\"potentialAction\":[{\"@type\":\"SearchAction\",\"target\":{\"@type\":\"EntryPoint\",\"urlTemplate\":\"https:\\\/\\\/www.tortosaturisme.cat\\\/en\\\/?s={search_term_string}\"},\"query-input\":{\"@type\":\"PropertyValueSpecification\",\"valueRequired\":true,\"valueName\":\"search_term_string\"}}],\"inLanguage\":\"en-US\"}]}<\/script>\n<!-- \/ Yoast SEO plugin. -->","yoast_head_json":{"title":"Tortosa, Ciutat amb car\u00e0cter | Tortosa Turisme","description":"Situada al cor de la Reserva de la Biosfera de les Terres de l\u2019Ebre, entre els parcs naturals del delta de l\u2019Ebre i dels Ports, Tortosa \u00e9s un parad\u00eds per als amants de la cultura i el seu immens patrimoni li ha servit per ser designada Capital de la Cultura Catalana 2021.","robots":{"index":"index","follow":"follow","max-snippet":"max-snippet:-1","max-image-preview":"max-image-preview:large","max-video-preview":"max-video-preview:-1"},"canonical":"https:\/\/www.tortosaturisme.cat\/en\/ciutat-amb-caracter\/","og_locale":"en_US","og_type":"article","og_title":"Tortosa, Ciutat amb car\u00e0cter | Tortosa Turisme","og_description":"Situada al cor de la Reserva de la Biosfera de les Terres de l\u2019Ebre, entre els parcs naturals del delta de l\u2019Ebre i dels Ports, Tortosa \u00e9s un parad\u00eds per als amants de la cultura i el seu immens patrimoni li ha servit per ser designada Capital de la Cultura Catalana 2021.","og_url":"https:\/\/www.tortosaturisme.cat\/en\/ciutat-amb-caracter\/","og_site_name":"tortosaturisme","article_modified_time":"2020-11-19T11:17:32+00:00","twitter_card":"summary_large_image","twitter_misc":{"Est. reading time":"5 minutes"},"schema":{"@context":"https:\/\/schema.org","@graph":[{"@type":"WebPage","@id":"https:\/\/www.tortosaturisme.cat\/en\/ciutat-amb-caracter\/","url":"https:\/\/www.tortosaturisme.cat\/en\/ciutat-amb-caracter\/","name":"Tortosa, Ciutat amb car\u00e0cter | Tortosa Turisme","isPartOf":{"@id":"https:\/\/www.tortosaturisme.cat\/en\/#website"},"datePublished":"2020-07-28T09:04:03+00:00","dateModified":"2020-11-19T11:17:32+00:00","description":"Situada al cor de la Reserva de la Biosfera de les Terres de l\u2019Ebre, entre els parcs naturals del delta de l\u2019Ebre i dels Ports, Tortosa \u00e9s un parad\u00eds per als amants de la cultura i el seu immens patrimoni li ha servit per ser designada Capital de la Cultura Catalana 2021.","breadcrumb":{"@id":"https:\/\/www.tortosaturisme.cat\/en\/ciutat-amb-caracter\/#breadcrumb"},"inLanguage":"en-US","potentialAction":[{"@type":"ReadAction","target":["https:\/\/www.tortosaturisme.cat\/en\/ciutat-amb-caracter\/"]}]},{"@type":"BreadcrumbList","@id":"https:\/\/www.tortosaturisme.cat\/en\/ciutat-amb-caracter\/#breadcrumb","itemListElement":[{"@type":"ListItem","position":1,"name":"Home","item":"https:\/\/www.tortosaturisme.cat\/en\/home\/"},{"@type":"ListItem","position":2,"name":"Ciutat amb car\u00e0cter"}]},{"@type":"WebSite","@id":"https:\/\/www.tortosaturisme.cat\/en\/#website","url":"https:\/\/www.tortosaturisme.cat\/en\/","name":"tortosaturisme","description":"Otro sitio realizado con WordPress","potentialAction":[{"@type":"SearchAction","target":{"@type":"EntryPoint","urlTemplate":"https:\/\/www.tortosaturisme.cat\/en\/?s={search_term_string}"},"query-input":{"@type":"PropertyValueSpecification","valueRequired":true,"valueName":"search_term_string"}}],"inLanguage":"en-US"}]}},"_links":{"self":[{"href":"https:\/\/www.tortosaturisme.cat\/en\/wp-json\/wp\/v2\/pages\/16028","targetHints":{"allow":["GET"]}}],"collection":[{"href":"https:\/\/www.tortosaturisme.cat\/en\/wp-json\/wp\/v2\/pages"}],"about":[{"href":"https:\/\/www.tortosaturisme.cat\/en\/wp-json\/wp\/v2\/types\/page"}],"author":[{"embeddable":true,"href":"https:\/\/www.tortosaturisme.cat\/en\/wp-json\/wp\/v2\/users\/2"}],"replies":[{"embeddable":true,"href":"https:\/\/www.tortosaturisme.cat\/en\/wp-json\/wp\/v2\/comments?post=16028"}],"version-history":[{"count":1,"href":"https:\/\/www.tortosaturisme.cat\/en\/wp-json\/wp\/v2\/pages\/16028\/revisions"}],"predecessor-version":[{"id":16054,"href":"https:\/\/www.tortosaturisme.cat\/en\/wp-json\/wp\/v2\/pages\/16028\/revisions\/16054"}],"wp:attachment":[{"href":"https:\/\/www.tortosaturisme.cat\/en\/wp-json\/wp\/v2\/media?parent=16028"}],"curies":[{"name":"wp","href":"https:\/\/api.w.org\/{rel}","templated":true}]}}