{"id":16115,"date":"2020-07-30T06:01:56","date_gmt":"2020-07-30T06:01:56","guid":{"rendered":"https:\/\/www.tortosaturisme.cat\/en\/que-tastar-a-tortosa\/"},"modified":"2025-02-05T16:52:10","modified_gmt":"2025-02-05T16:52:10","slug":"que-tastar-a-tortosa","status":"publish","type":"page","link":"https:\/\/www.tortosaturisme.cat\/en\/que-tastar-a-tortosa\/","title":{"rendered":"Gastronomia, qu\u00e8 tastar a Tortosa"},"content":{"rendered":"<p>[vc_row][vc_column]<div class=\"vc-incubalia-big-header\"><h1 class=\"vc-incubalia-big-header__title\">What to eat in Tortosa?<\/h1><img decoding=\"async\" class=\"vc-incubalia-big-header__mobile-picture\" src=\"https:\/\/www.tortosaturisme.cat\/wp-content\/uploads\/2020\/07\/cap\u00e7alera_gastronomia_tortosa_768x450.jpg\">\n                  <img decoding=\"async\" class=\"vc-incubalia-big-header__desktop-picture\" src=\"https:\/\/www.tortosaturisme.cat\/wp-content\/uploads\/2020\/07\/cap\u00e7alera_gastronomia_tortosa_1920x700.jpg\"><\/div>[\/vc_column][\/vc_row][vc_row][vc_column]<div class=\"vc-incubalia-text-1-column-subtitle\"><h2 class=\"vc-incubalia-text-1-column-subtitle__title\">A CUISINE CONNECTED TO THE TERRITORY<\/h2><h3 class=\"vc-incubalia-text-1-column-subtitle__subtitle\">In the heart of the Ebro Lands, Tortosa gathers and showcases in its gastronomy the richness and variety of Ebro region products.<\/h3><div class=\"vc-incubalia-text-1-column-subtitle__text\">Tasting Tortosa\u2019s cuisine means savoring <strong>the best of both land and sea<\/strong> and enjoying the most typical products of a region known for its excellent meals, turning each one into a true experience.<\/p><br \/>\n<p>One of the land\u2019s treasures that you must try is the olive oil with the <strong>Protected Designation of Origin (PDO) Baix Ebre-Montsi\u00e0<\/strong>, an essential element in Tortosa\u2019s dishes. Without a doubt, rice\u2014one of the most traditional crops in the Ebro Delta\u2014forms one of Tortosa\u2019s signature dishes. Mussels and oysters are also among the region\u2019s star products, along with the langoustines from La R\u00e0pita and the <strong>bluefin tuna<\/strong> from L\u2019Ametlla de Mar, which have also become integral to Tortosa\u2019s cuisine due to their proximity. Dishes made with fish and seafood will delight even the most demanding palates.<\/p><br \/>\n<p>&nbsp;<\/div><\/div><div class=\"vc-incubalia-medium-header\"><img decoding=\"async\" class=\"vc-incubalia-medium-header__mobile-picture brightness-100\" src=\"https:\/\/www.tortosaturisme.cat\/wp-content\/uploads\/2020\/07\/plats_tortosa_768x350.jpg\">\n                  <img decoding=\"async\" class=\"vc-incubalia-medium-header__desktop-picture brightness-100\" src=\"https:\/\/www.tortosaturisme.cat\/wp-content\/uploads\/2020\/07\/plas_tortosa_1920x550.jpg\"><\/div><div class=\"vc-incubalia-text-1-column-subtitle\"><div class=\"vc-incubalia-text-1-column-subtitle__text\">alking about Tortosa means talking about <strong>salt cod<\/strong>, one of the stars of the municipal market. This highly prized seafood product is incredibly tender and fresh, prepared in countless ways throughout the city.<\/p><br \/>\n<p>Tender and flavorful, <strong>artichokes<\/strong> are also key ingredients in Tortosa\u2019s cuisine, along with <strong>baldanas<\/strong>, a type of blood sausage made with rice, a very popular local delicacy. <strong>Citrus fruits and clementines<\/strong>, as well as <strong>peaches<\/strong>, are among the most treasured fruits of the region.<\/p><br \/>\n<p>For wine lovers, Tortosa takes pride in the <strong>DO Terra Alta<\/strong>, the most renowned designation of origin in the Ebro region, offering a select range of characterful wines recognized worldwide. A delightful way to experience Tortosa is to explore the establishments in the city center and old town while tasting exquisite tapas and small portions, perfectly paired with these fine wines.<\/p><br \/>\n<p>Of course, <strong>sweets<\/strong> are a must. Tortosa is famous for its <strong>pastissets<\/strong> (the classic ones are filled with candied pumpkin, but there are also versions with ricotta, chocolate, or orange), as well as <strong>menjar blanc<\/strong> and <strong>Garrofetes del Papa<\/strong>, small confections originally made for Pope Luna. Additionally, nearly every bakery and pastry shop in the city offers <strong>c\u00f3c<\/strong> and the <strong>Sopa de la Reina cake<\/strong>, two of Tortosa\u2019s most authentic creations that are well worth trying.<\/div><\/div><div class=\"vc-incubalia-3-images\"><h2 class=\"vc-incubalia-3-images__title\">RECIPES<\/h2><div class=\"vc-incubalia-3-images__image\"><a href=\"\/en\/recepta-pastissets\/\"><img decoding=\"async\" src=\"https:\/\/www.tortosaturisme.cat\/wp-content\/uploads\/2020\/07\/pastissets_800x600.jpg\" alt=\"\"><\/a><a href=\"\/en\/recepta-pastissets\/\"><p class=\"vc-incubalia-3-images__image-title\">Pastissets<\/p><\/a><\/div><div class=\"vc-incubalia-3-images__image\"><a href=\"\/en\/recepta-menjar-blanc\/\"><img decoding=\"async\" src=\"https:\/\/www.tortosaturisme.cat\/wp-content\/uploads\/2020\/07\/menjar_blan_800x600.jpg\" alt=\"\"><\/a><a href=\"\/en\/recepta-menjar-blanc\/\"><p class=\"vc-incubalia-3-images__image-title\">Menjar Blanc<\/p><\/a><\/div><div class=\"vc-incubalia-3-images__image\"><a href=\"\/en\/recepta-bunyols-abadejo\/\"><img decoding=\"async\" src=\"https:\/\/www.tortosaturisme.cat\/wp-content\/uploads\/2020\/07\/bunyols_800x600.jpg\" alt=\"\"><\/a><a href=\"\/en\/recepta-bunyols-abadejo\/\"><p class=\"vc-incubalia-3-images__image-title\">Cod fritters<\/p><\/a><\/div><\/div>[\/vc_column][\/vc_row][vc_row][vc_column]<div class=\"vc-incubalia-4-images\"><h2 class=\"vc-incubalia-4-images__title\">WE RECOMMEND<\/h2><div class=\"vc-incubalia-4-images__image has-url\"\"><a href=\"\/en\/tortosa-de-tapes\/\"><img decoding=\"async\" src=\"https:\/\/www.tortosaturisme.cat\/wp-content\/uploads\/2020\/07\/taps_900x400.jpg\" alt=\"\"><\/a><div class=\"vc-incubalia-4-images__image-text-container\"><p class=\"vc-incubalia-4-images__image-title\">TORTOSA TAPAS TOUR<\/p><\/div><div class=\"vc-incubalia-4-images__image-url-container\"><span class=\"vc-incubalia-4-images__image-url\">Read more<\/span><\/div><\/div><div class=\"vc-incubalia-4-images__image has-url\"\"><a href=\"\/en\/the-market\/\"><img decoding=\"async\" src=\"https:\/\/www.tortosaturisme.cat\/wp-content\/uploads\/2020\/07\/mercat_900x400.jpg\" alt=\"\"><\/a><div class=\"vc-incubalia-4-images__image-text-container\"><p class=\"vc-incubalia-4-images__image-title\">The Tortosa Market<\/p><\/div><div class=\"vc-incubalia-4-images__image-url-container\"><span class=\"vc-incubalia-4-images__image-url\">Read more<\/span><\/div><\/div><div class=\"vc-incubalia-4-images__image has-url\"\"><a href=\"\/en\/gastronomic-days\/\"><img decoding=\"async\" src=\"https:\/\/www.tortosaturisme.cat\/wp-content\/uploads\/2020\/07\/tapes_900x400.jpg\" alt=\"\"><\/a><div class=\"vc-incubalia-4-images__image-text-container\"><p class=\"vc-incubalia-4-images__image-title\">GASTRONOMIC DAYS<\/p><\/div><div class=\"vc-incubalia-4-images__image-url-container\"><span class=\"vc-incubalia-4-images__image-url\">Read more<\/span><\/div><\/div><div class=\"vc-incubalia-4-images__image has-url\"\"><a href=\"\/en\/experiencies\/?experience-type=gastronomiques-en&list-view=cards\"><img decoding=\"async\" src=\"https:\/\/www.tortosaturisme.cat\/wp-content\/uploads\/2020\/07\/experiencies_gastronomiques_900x400.jpg\" alt=\"\"><\/a><div class=\"vc-incubalia-4-images__image-text-container\"><p class=\"vc-incubalia-4-images__image-title\">TASTINGS AND GASTRONOMIC EXPERIENCES<\/p><\/div><div class=\"vc-incubalia-4-images__image-url-container\"><span class=\"vc-incubalia-4-images__image-url\">Read more<\/span><\/div><\/div><\/div><div class=\"vc-incubalia-spacer-half\"><\/div><div class=\"vc-incubalia-5-cards\"><h2 class=\"vc-incubalia-5-cards__title\">PER SABER-NE M\u00c9S<\/h2><div class=\"vc-incubalia-5-cards__card card-1 has-url\"><a href=\"\/la-cuina-de-les-terres-de-lebre\/\"><img decoding=\"async\" class=\"vc-incubalia-5-cards__card-mobile-picture\" src=\"https:\/\/www.tortosaturisme.cat\/wp-content\/uploads\/2018\/02\/B-1280-cuina-tor-640x460.jpg\">\n                      <img decoding=\"async\" class=\"vc-incubalia-5-cards__card-desktop-picture\" src=\"https:\/\/www.tortosaturisme.cat\/wp-content\/uploads\/2018\/02\/B-1280-cuina-tor.jpg\"><\/a><div class=\"vc-incubalia-5-cards__card-text-container\"><p class=\"vc-incubalia-5-cards__card-title\">La cuina de les terres de l'Ebre<\/p><\/div><div class=\"vc-incubalia-5-cards__card-url-container\"><span class=\"vc-incubalia-5-cards__card-url\">Read more<\/span><\/div><\/div><div class=\"vc-incubalia-5-cards__card card-2 has-url\"><a href=\"\/restaurants\/\"><img decoding=\"async\" class=\"vc-incubalia-5-cards__card-mobile-picture\" src=\"\">\n                      <img decoding=\"async\" class=\"vc-incubalia-5-cards__card-desktop-picture\" src=\"https:\/\/www.tortosaturisme.cat\/wp-content\/uploads\/2020\/07\/restaurants_1280x460-640x460.jpg\"><\/a><div class=\"vc-incubalia-5-cards__card-text-container\"><p class=\"vc-incubalia-5-cards__card-title\">RESTAURANTS<\/p><\/div><div class=\"vc-incubalia-5-cards__card-url-container\"><span class=\"vc-incubalia-5-cards__card-url\">Read more<\/span><\/div><\/div><div class=\"vc-incubalia-5-cards__card-3-and-4-container\"><div class=\"vc-incubalia-5-cards__card card-3 has-url\"><a href=\"\/el-millor-de-la-mar\/\"><img decoding=\"async\" class=\"vc-incubalia-5-cards__card-mobile-picture\" src=\"https:\/\/www.tortosaturisme.cat\/wp-content\/uploads\/2018\/02\/b-1280-millor-mar-640x460.jpg\">\n                      <img decoding=\"async\" class=\"vc-incubalia-5-cards__card-desktop-picture\" src=\"https:\/\/www.tortosaturisme.cat\/wp-content\/uploads\/2018\/02\/b-1280-millor-mar-640x460.jpg\"><\/a><div class=\"vc-incubalia-5-cards__card-text-container\"><p class=\"vc-incubalia-5-cards__card-title\">El millor de la mar<\/p><\/div><div class=\"vc-incubalia-5-cards__card-url-container\"><span class=\"vc-incubalia-5-cards__card-url\">Read more<\/span><\/div><\/div><div class=\"vc-incubalia-5-cards__card card-4 has-url\"><a href=\"\/el-millor-de-la-terra\/\"><img decoding=\"async\" class=\"vc-incubalia-5-cards__card-mobile-picture\" src=\"https:\/\/www.tortosaturisme.cat\/wp-content\/uploads\/2018\/02\/b-1280-millor-terra-640x460.jpg\">\n                      <img decoding=\"async\" class=\"vc-incubalia-5-cards__card-desktop-picture\" src=\"https:\/\/www.tortosaturisme.cat\/wp-content\/uploads\/2018\/02\/b-1280-millor-terra-640x460.jpg\"><\/a><div class=\"vc-incubalia-5-cards__card-text-container\"><p class=\"vc-incubalia-5-cards__card-title\">El millor de la terra<\/p><\/div><div class=\"vc-incubalia-5-cards__card-url-container\"><span class=\"vc-incubalia-5-cards__card-url\">Read more<\/span><\/div><\/div><\/div><div class=\"vc-incubalia-5-cards__card card-5 has-url\"><a href=\"\/la-do-terra-alta\/\"><img decoding=\"async\" class=\"vc-incubalia-5-cards__card-mobile-picture\" src=\"https:\/\/www.tortosaturisme.cat\/wp-content\/uploads\/2020\/07\/vi-1280x460-640x460.jpg\">\n                      <img decoding=\"async\" class=\"vc-incubalia-5-cards__card-desktop-picture\" src=\"https:\/\/www.tortosaturisme.cat\/wp-content\/uploads\/2020\/07\/vi-1280x460-640x449.jpg\"><\/a><div class=\"vc-incubalia-5-cards__card-text-container\"><p class=\"vc-incubalia-5-cards__card-title\">DO Terra Alta<\/p><\/div><div class=\"vc-incubalia-5-cards__card-url-container\"><span class=\"vc-incubalia-5-cards__card-url\">Read more<\/span><\/div><\/div><\/div>[\/vc_column][\/vc_row]<\/p>\n","protected":false},"excerpt":{"rendered":"<p>[vc_row][vc_column][\/vc_column][\/vc_row][vc_row][vc_column][\/vc_column][\/vc_row][vc_row][vc_column][\/vc_column][\/vc_row]<\/p>\n","protected":false},"author":2,"featured_media":0,"parent":0,"menu_order":51,"comment_status":"closed","ping_status":"closed","template":"","meta":{"footnotes":""},"class_list":["post-16115","page","type-page","status-publish","hentry"],"acf":[],"yoast_head":"<!-- This site is optimized with the Yoast SEO plugin v27.3 - https:\/\/yoast.com\/product\/yoast-seo-wordpress\/ -->\n<title>Qu\u00e8 tastar a Tortosa? Els plats t\u00edpics de la ciutat | Tortosa Turisme<\/title>\n<meta name=\"description\" content=\"Tortosa, situada al cor de les Terres de l&#039;Ebre, gaudeix d&#039;una gastronomia basada en la riquesa i varietat dels productes ebrencs. L&#039;abadejo, les baldanes, l&#039;arr\u00f2s del Delta i els vins DO de la Terra Alta s\u00f3n alguns dels protagonistes de la cuina tortosina. I no ens oblidem dels dol\u00e7os: els pastissets s\u00f3n l&#039;estrella!\" \/>\n<meta name=\"robots\" content=\"index, follow, max-snippet:-1, max-image-preview:large, max-video-preview:-1\" \/>\n<link rel=\"canonical\" href=\"https:\/\/www.tortosaturisme.cat\/en\/que-tastar-a-tortosa\/\" \/>\n<meta property=\"og:locale\" content=\"en_US\" \/>\n<meta property=\"og:type\" content=\"article\" \/>\n<meta property=\"og:title\" content=\"Qu\u00e8 tastar a Tortosa? Els plats t\u00edpics de la ciutat | Tortosa Turisme\" \/>\n<meta property=\"og:description\" content=\"Tortosa, situada al cor de les Terres de l&#039;Ebre, gaudeix d&#039;una gastronomia basada en la riquesa i varietat dels productes ebrencs. L&#039;abadejo, les baldanes, l&#039;arr\u00f2s del Delta i els vins DO de la Terra Alta s\u00f3n alguns dels protagonistes de la cuina tortosina. I no ens oblidem dels dol\u00e7os: els pastissets s\u00f3n l&#039;estrella!\" \/>\n<meta property=\"og:url\" content=\"https:\/\/www.tortosaturisme.cat\/en\/que-tastar-a-tortosa\/\" \/>\n<meta property=\"og:site_name\" content=\"tortosaturisme\" \/>\n<meta property=\"article:modified_time\" content=\"2025-02-05T16:52:10+00:00\" \/>\n<meta name=\"twitter:card\" content=\"summary_large_image\" \/>\n<meta name=\"twitter:label1\" content=\"Est. reading time\" \/>\n\t<meta name=\"twitter:data1\" content=\"3 minutes\" \/>\n<script type=\"application\/ld+json\" class=\"yoast-schema-graph\">{\"@context\":\"https:\\\/\\\/schema.org\",\"@graph\":[{\"@type\":\"WebPage\",\"@id\":\"https:\\\/\\\/www.tortosaturisme.cat\\\/en\\\/que-tastar-a-tortosa\\\/\",\"url\":\"https:\\\/\\\/www.tortosaturisme.cat\\\/en\\\/que-tastar-a-tortosa\\\/\",\"name\":\"Qu\u00e8 tastar a Tortosa? Els plats t\u00edpics de la ciutat | Tortosa Turisme\",\"isPartOf\":{\"@id\":\"https:\\\/\\\/www.tortosaturisme.cat\\\/en\\\/#website\"},\"datePublished\":\"2020-07-30T06:01:56+00:00\",\"dateModified\":\"2025-02-05T16:52:10+00:00\",\"description\":\"Tortosa, situada al cor de les Terres de l'Ebre, gaudeix d'una gastronomia basada en la riquesa i varietat dels productes ebrencs. L'abadejo, les baldanes, l'arr\u00f2s del Delta i els vins DO de la Terra Alta s\u00f3n alguns dels protagonistes de la cuina tortosina. I no ens oblidem dels dol\u00e7os: els pastissets s\u00f3n l'estrella!\",\"breadcrumb\":{\"@id\":\"https:\\\/\\\/www.tortosaturisme.cat\\\/en\\\/que-tastar-a-tortosa\\\/#breadcrumb\"},\"inLanguage\":\"en-US\",\"potentialAction\":[{\"@type\":\"ReadAction\",\"target\":[\"https:\\\/\\\/www.tortosaturisme.cat\\\/en\\\/que-tastar-a-tortosa\\\/\"]}]},{\"@type\":\"BreadcrumbList\",\"@id\":\"https:\\\/\\\/www.tortosaturisme.cat\\\/en\\\/que-tastar-a-tortosa\\\/#breadcrumb\",\"itemListElement\":[{\"@type\":\"ListItem\",\"position\":1,\"name\":\"Home\",\"item\":\"https:\\\/\\\/www.tortosaturisme.cat\\\/en\\\/home\\\/\"},{\"@type\":\"ListItem\",\"position\":2,\"name\":\"Gastronomia, qu\u00e8 tastar a Tortosa\"}]},{\"@type\":\"WebSite\",\"@id\":\"https:\\\/\\\/www.tortosaturisme.cat\\\/en\\\/#website\",\"url\":\"https:\\\/\\\/www.tortosaturisme.cat\\\/en\\\/\",\"name\":\"tortosaturisme\",\"description\":\"Otro sitio realizado con WordPress\",\"potentialAction\":[{\"@type\":\"SearchAction\",\"target\":{\"@type\":\"EntryPoint\",\"urlTemplate\":\"https:\\\/\\\/www.tortosaturisme.cat\\\/en\\\/?s={search_term_string}\"},\"query-input\":{\"@type\":\"PropertyValueSpecification\",\"valueRequired\":true,\"valueName\":\"search_term_string\"}}],\"inLanguage\":\"en-US\"}]}<\/script>\n<!-- \/ Yoast SEO plugin. -->","yoast_head_json":{"title":"Qu\u00e8 tastar a Tortosa? Els plats t\u00edpics de la ciutat | Tortosa Turisme","description":"Tortosa, situada al cor de les Terres de l'Ebre, gaudeix d'una gastronomia basada en la riquesa i varietat dels productes ebrencs. L'abadejo, les baldanes, l'arr\u00f2s del Delta i els vins DO de la Terra Alta s\u00f3n alguns dels protagonistes de la cuina tortosina. I no ens oblidem dels dol\u00e7os: els pastissets s\u00f3n l'estrella!","robots":{"index":"index","follow":"follow","max-snippet":"max-snippet:-1","max-image-preview":"max-image-preview:large","max-video-preview":"max-video-preview:-1"},"canonical":"https:\/\/www.tortosaturisme.cat\/en\/que-tastar-a-tortosa\/","og_locale":"en_US","og_type":"article","og_title":"Qu\u00e8 tastar a Tortosa? Els plats t\u00edpics de la ciutat | Tortosa Turisme","og_description":"Tortosa, situada al cor de les Terres de l'Ebre, gaudeix d'una gastronomia basada en la riquesa i varietat dels productes ebrencs. L'abadejo, les baldanes, l'arr\u00f2s del Delta i els vins DO de la Terra Alta s\u00f3n alguns dels protagonistes de la cuina tortosina. I no ens oblidem dels dol\u00e7os: els pastissets s\u00f3n l'estrella!","og_url":"https:\/\/www.tortosaturisme.cat\/en\/que-tastar-a-tortosa\/","og_site_name":"tortosaturisme","article_modified_time":"2025-02-05T16:52:10+00:00","twitter_card":"summary_large_image","twitter_misc":{"Est. reading time":"3 minutes"},"schema":{"@context":"https:\/\/schema.org","@graph":[{"@type":"WebPage","@id":"https:\/\/www.tortosaturisme.cat\/en\/que-tastar-a-tortosa\/","url":"https:\/\/www.tortosaturisme.cat\/en\/que-tastar-a-tortosa\/","name":"Qu\u00e8 tastar a Tortosa? Els plats t\u00edpics de la ciutat | Tortosa Turisme","isPartOf":{"@id":"https:\/\/www.tortosaturisme.cat\/en\/#website"},"datePublished":"2020-07-30T06:01:56+00:00","dateModified":"2025-02-05T16:52:10+00:00","description":"Tortosa, situada al cor de les Terres de l'Ebre, gaudeix d'una gastronomia basada en la riquesa i varietat dels productes ebrencs. L'abadejo, les baldanes, l'arr\u00f2s del Delta i els vins DO de la Terra Alta s\u00f3n alguns dels protagonistes de la cuina tortosina. I no ens oblidem dels dol\u00e7os: els pastissets s\u00f3n l'estrella!","breadcrumb":{"@id":"https:\/\/www.tortosaturisme.cat\/en\/que-tastar-a-tortosa\/#breadcrumb"},"inLanguage":"en-US","potentialAction":[{"@type":"ReadAction","target":["https:\/\/www.tortosaturisme.cat\/en\/que-tastar-a-tortosa\/"]}]},{"@type":"BreadcrumbList","@id":"https:\/\/www.tortosaturisme.cat\/en\/que-tastar-a-tortosa\/#breadcrumb","itemListElement":[{"@type":"ListItem","position":1,"name":"Home","item":"https:\/\/www.tortosaturisme.cat\/en\/home\/"},{"@type":"ListItem","position":2,"name":"Gastronomia, qu\u00e8 tastar a Tortosa"}]},{"@type":"WebSite","@id":"https:\/\/www.tortosaturisme.cat\/en\/#website","url":"https:\/\/www.tortosaturisme.cat\/en\/","name":"tortosaturisme","description":"Otro sitio realizado con WordPress","potentialAction":[{"@type":"SearchAction","target":{"@type":"EntryPoint","urlTemplate":"https:\/\/www.tortosaturisme.cat\/en\/?s={search_term_string}"},"query-input":{"@type":"PropertyValueSpecification","valueRequired":true,"valueName":"search_term_string"}}],"inLanguage":"en-US"}]}},"_links":{"self":[{"href":"https:\/\/www.tortosaturisme.cat\/en\/wp-json\/wp\/v2\/pages\/16115","targetHints":{"allow":["GET"]}}],"collection":[{"href":"https:\/\/www.tortosaturisme.cat\/en\/wp-json\/wp\/v2\/pages"}],"about":[{"href":"https:\/\/www.tortosaturisme.cat\/en\/wp-json\/wp\/v2\/types\/page"}],"author":[{"embeddable":true,"href":"https:\/\/www.tortosaturisme.cat\/en\/wp-json\/wp\/v2\/users\/2"}],"replies":[{"embeddable":true,"href":"https:\/\/www.tortosaturisme.cat\/en\/wp-json\/wp\/v2\/comments?post=16115"}],"version-history":[{"count":7,"href":"https:\/\/www.tortosaturisme.cat\/en\/wp-json\/wp\/v2\/pages\/16115\/revisions"}],"predecessor-version":[{"id":37008,"href":"https:\/\/www.tortosaturisme.cat\/en\/wp-json\/wp\/v2\/pages\/16115\/revisions\/37008"}],"wp:attachment":[{"href":"https:\/\/www.tortosaturisme.cat\/en\/wp-json\/wp\/v2\/media?parent=16115"}],"curies":[{"name":"wp","href":"https:\/\/api.w.org\/{rel}","templated":true}]}}