{"id":34901,"date":"2024-06-25T12:01:31","date_gmt":"2024-06-25T12:01:31","guid":{"rendered":"https:\/\/www.tortosaturisme.cat\/?page_id=34901"},"modified":"2024-07-02T08:48:58","modified_gmt":"2024-07-02T08:48:58","slug":"xxvii-festa-del-renaixement-2024","status":"publish","type":"page","link":"https:\/\/www.tortosaturisme.cat\/en\/xxvii-festa-del-renaixement-2024\/","title":{"rendered":"XXVII Festa del Renaixement 2024"},"content":{"rendered":"<p>[vc_row][vc_column]<div class=\"vc-incubalia-medium-header\"><img decoding=\"async\" class=\"vc-incubalia-medium-header__mobile-picture brightness-100\" src=\"https:\/\/www.tortosaturisme.cat\/wp-content\/uploads\/2024\/07\/Capcalera-Ren-2024-768x350-1.jpg\">\n                  <img decoding=\"async\" class=\"vc-incubalia-medium-header__desktop-picture brightness-100\" src=\"https:\/\/www.tortosaturisme.cat\/wp-content\/uploads\/2024\/07\/Capcalera-Ren-2024-1920x550-1.jpg\"><\/div>[\/vc_column][\/vc_row][vc_row][vc_column]<div class=\"vc-incubalia-text-1-column-subtitle\"><h2 class=\"vc-incubalia-text-1-column-subtitle__title\">Descobreix la XXVII Festa del Renaixement de Tortosa!<\/h2><h3 class=\"vc-incubalia-text-1-column-subtitle__subtitle\">Del 18 al 21 de juliol de 2024, Tortosa et convida a viure una experi\u00e8ncia inoblidable amb la XXVII Festa del Renaixement. Durant quatre dies, la ciutat es transformar\u00e0 en un vibrant escenari del segle XVI, oferint-te una immersi\u00f3 total en l'esplendor renaixentista.<\/h3><div class=\"vc-incubalia-text-1-column-subtitle__text\"><\/div><\/div><div class=\"vc-incubalia-video-full-width\"><img decoding=\"async\" class=\"vc-incubalia-video-full-width__image-mobile\" src=\"https:\/\/www.tortosaturisme.cat\/wp-content\/uploads\/2024\/07\/Disseny-sense-titol.jpg\"><img decoding=\"async\" class=\"vc-incubalia-video-full-width__image-desktop\" src=\"https:\/\/www.tortosaturisme.cat\/wp-content\/uploads\/2024\/07\/Disseny-sense-titol1.jpg\"><div id=\"8e2b872bd5\" class=\"vc-incubalia-video-full-width__play-button\"><img decoding=\"async\" class=\"play-button\" src=\"https:\/\/www.tortosaturisme.cat\/wp-content\/plugins\/vc-incubalia-elements\/elements\/..\/assets\/img\/video-play.png\"><\/div><div class=\"vc-incubalia-video-full-width__youtube-iframe\"><iframe loading=\"lazy\" width=\"560\" height=\"315\" src=\"https:\/\/www.youtube.com\/embed\/aKr7tR7t0Bo\" frameborder=\"0\" allowfullscreen><\/iframe><\/div><\/div><script>(function($) {\n                $(function() {\n                    $('#8e2b872bd5').on('click', function() {\n                        $(this).parent().parent().find('.vc-incubalia-video-full-width').addClass('play');\n                        \/\/$(this).parent().parent().find('.vc-incubalia-video-full-width__youtube-iframe iframe').attr('src', $('.vc-incubalia-video-full-width__youtube-iframe iframe').attr('src') + '?autoplay=1');\n                    });\n                });\n\n                $(window).load(function() {\n                    height = $('.vc-incubalia-video-full-width').height();\n                    setYoutubeIframeDimensions();\n                });\n\n                $(window).resize(function() {\n                    setYoutubeIframeDimensions();\n                });\n\n                function setYoutubeIframeDimensions()\n                {\n                    if ($('.vc-incubalia-video-full-width').height() > 0) {\n                        height = $('.vc-incubalia-video-full-width').height();\n                    }\n                    $('.vc-incubalia-video-full-width__youtube-iframe iframe').attr('height', height);\n                    let width = height * 16 \/ 9;\n                    $('.vc-incubalia-video-full-width__youtube-iframe iframe').attr('width', width);\n                }\n            })(jQuery)<\/script><div class=\"vc-incubalia-text-1-column\"><div class=\"vc-incubalia-text-1-column__text\"><strong>Els carrers i places de Tortosa s&#8217;ompliran de vida amb mercats d\u2019artesania, espectacles teatrals, m\u00fasica en viu i danses que et faran reviure el passat<\/strong>. Podr\u00e0s passejar per mercats plens de productes aut\u00e8ntics, degustar plats tradicionals i gaudir de representacions hist\u00f2riques que captiven grans i petits.<\/p><br \/>\n<p><strong>L\u2019acte inaugural a la Pla\u00e7a de la Catedral<\/strong> donar\u00e0 el tret de sortida a aquesta extraordin\u00e0ria celebraci\u00f3. Les <strong>desfilades i escenificacions<\/strong> recrearan l\u2019\u00e8poca amb una fidelitat sorprenent, permetent-te viure moments \u00fanics en un ambient carregat d\u2019hist\u00f2ria i cultura.<\/p><br \/>\n<p>Enguany, la festa centra els seus actes en la figura de<strong> Crist\u00f2fol Despuig<\/strong>, una figura clau del Renaixement catal\u00e0. Les activitats programades t\u2019ofereixen l\u2019oportunitat de con\u00e8ixer millor la seva vida i obra, enriquint aix\u00ed la teva experi\u00e8ncia cultural.<\/p><br \/>\n<p><strong>No et perdis les jornades pr\u00e8vies del Renaixement els dies 10 i 12 de juliol<\/strong> a l\u2019Arxiu Comarcal del Baix Ebre, amb confer\u00e8ncies i exposicions que proporcionaran un tastet del que est\u00e0 per venir.<\/p><br \/>\n<p><strong>Vine a Tortosa i submergeix-te en l\u2019esplendor del Renaixement<\/strong>. Gaudeix d\u2019una festa \u00fanica que et far\u00e0 viatjar en el temps i viure la hist\u00f2ria com mai abans.<strong> T\u2019esperem amb els bra\u00e7os oberts per fer-te part d\u2019aquesta m\u00e0gica transformaci\u00f3!<\/strong><\/div><\/div><script>\n            (function($) {\n                $(function() {\n                    $(\".vc_col-sm-6\").parent(\".vc_row\").addClass(\"vc_layout_2\");\n                });\n            })(jQuery);\n            <\/script>[\/vc_column][\/vc_row][vc_row][vc_column]<div class=\"vc-incubalia-3-columns__container\"><div class=\"vc-incubalia-3-columns\"><div class=\"vc-incubalia-3-columns__column\"><a href=\"http:\/\/www.festadelrenaixement.org\/\"><h3 class=\"vc-incubalia-3-columns__column-title\">Festa del Renaixement - Web oficial...<\/h3><figure style=\"background-image:url(https:\/\/www.tortosaturisme.cat\/wp-content\/uploads\/2018\/02\/b-800-festa-del-renaixement-800x600.jpg)\"><\/figure><\/a><\/div><div class=\"vc-incubalia-3-columns__column\"><a href=\"https:\/\/agenda.tortosa.cat\/event\/ii-quedada-dautocaravanes\/\"><h3 class=\"vc-incubalia-3-columns__column-title\">Autocaravanes...<\/h3><figure style=\"background-image:url(https:\/\/www.tortosaturisme.cat\/wp-content\/uploads\/2024\/06\/Quedada-autocaravanes-800x800.jpeg)\"><\/figure><\/a><\/div><div class=\"vc-incubalia-3-columns__column\"><a href=\"\/tortosa-en-un-dia\/\"><h3 class=\"vc-incubalia-3-columns__column-title\">Tortosa en un dia...<\/h3><figure style=\"background-image:url(https:\/\/www.tortosaturisme.cat\/wp-content\/uploads\/2018\/02\/b-1280-tortosa-en-un-dia-800x460.jpg)\"><\/figure><\/a><\/div><\/div><\/div><script>\n            (function($) {\n                $(function() {\n                    $('.vc-incubalia-3-columns__column').hover(\n                        function() {\n                            $('.vc-incubalia-3-columns__column').removeClass('hovered');\n                            $('.vc-incubalia-3-columns__column').addClass('not-hovered');\n                            $(this).removeClass('not-hovered');\n                            $(this).addClass('hovered');\n                        },\n                        function() {\n                            $('.vc-incubalia-3-columns__column').removeClass('hovered');\n                            $('.vc-incubalia-3-columns__column').removeClass('not-hovered');\n                        });\n                });\n            })(jQuery);\n            <\/script>[\/vc_column][\/vc_row]<\/p>\n","protected":false},"excerpt":{"rendered":"<p>[vc_row][vc_column][\/vc_column][\/vc_row][vc_row][vc_column][\/vc_column][\/vc_row][vc_row][vc_column][\/vc_column][\/vc_row]<\/p>\n","protected":false},"author":2,"featured_media":0,"parent":0,"menu_order":0,"comment_status":"closed","ping_status":"closed","template":"","meta":{"footnotes":""},"class_list":["post-34901","page","type-page","status-publish","hentry"],"acf":[],"yoast_head":"<!-- This site is optimized with the Yoast SEO plugin v27.4 - https:\/\/yoast.com\/product\/yoast-seo-wordpress\/ -->\n<title>XXVII Festa del Renaixement 2024 - tortosaturisme<\/title>\n<meta name=\"robots\" content=\"index, follow, max-snippet:-1, max-image-preview:large, max-video-preview:-1\" \/>\n<link rel=\"canonical\" href=\"https:\/\/www.tortosaturisme.cat\/en\/xxvii-festa-del-renaixement-2024\/\" \/>\n<meta property=\"og:locale\" content=\"en_US\" \/>\n<meta property=\"og:type\" content=\"article\" \/>\n<meta property=\"og:title\" content=\"XXVII Festa del Renaixement 2024 - tortosaturisme\" \/>\n<meta property=\"og:description\" content=\"[vc_row][vc_column][\/vc_column][\/vc_row][vc_row][vc_column][\/vc_column][\/vc_row][vc_row][vc_column][\/vc_column][\/vc_row]\" \/>\n<meta property=\"og:url\" content=\"https:\/\/www.tortosaturisme.cat\/en\/xxvii-festa-del-renaixement-2024\/\" \/>\n<meta property=\"og:site_name\" content=\"tortosaturisme\" \/>\n<meta property=\"article:modified_time\" content=\"2024-07-02T08:48:58+00:00\" \/>\n<meta name=\"twitter:card\" content=\"summary_large_image\" \/>\n<script type=\"application\/ld+json\" class=\"yoast-schema-graph\">{\"@context\":\"https:\\\/\\\/schema.org\",\"@graph\":[{\"@type\":\"WebPage\",\"@id\":\"https:\\\/\\\/www.tortosaturisme.cat\\\/en\\\/xxvii-festa-del-renaixement-2024\\\/\",\"url\":\"https:\\\/\\\/www.tortosaturisme.cat\\\/en\\\/xxvii-festa-del-renaixement-2024\\\/\",\"name\":\"XXVII Festa del Renaixement 2024 - tortosaturisme\",\"isPartOf\":{\"@id\":\"https:\\\/\\\/www.tortosaturisme.cat\\\/en\\\/#website\"},\"datePublished\":\"2024-06-25T12:01:31+00:00\",\"dateModified\":\"2024-07-02T08:48:58+00:00\",\"breadcrumb\":{\"@id\":\"https:\\\/\\\/www.tortosaturisme.cat\\\/en\\\/xxvii-festa-del-renaixement-2024\\\/#breadcrumb\"},\"inLanguage\":\"en-US\",\"potentialAction\":[{\"@type\":\"ReadAction\",\"target\":[\"https:\\\/\\\/www.tortosaturisme.cat\\\/en\\\/xxvii-festa-del-renaixement-2024\\\/\"]}]},{\"@type\":\"BreadcrumbList\",\"@id\":\"https:\\\/\\\/www.tortosaturisme.cat\\\/en\\\/xxvii-festa-del-renaixement-2024\\\/#breadcrumb\",\"itemListElement\":[{\"@type\":\"ListItem\",\"position\":1,\"name\":\"Home\",\"item\":\"https:\\\/\\\/www.tortosaturisme.cat\\\/en\\\/home\\\/\"},{\"@type\":\"ListItem\",\"position\":2,\"name\":\"XXVII Festa del Renaixement 2024\"}]},{\"@type\":\"WebSite\",\"@id\":\"https:\\\/\\\/www.tortosaturisme.cat\\\/en\\\/#website\",\"url\":\"https:\\\/\\\/www.tortosaturisme.cat\\\/en\\\/\",\"name\":\"tortosaturisme\",\"description\":\"Otro sitio realizado con WordPress\",\"potentialAction\":[{\"@type\":\"SearchAction\",\"target\":{\"@type\":\"EntryPoint\",\"urlTemplate\":\"https:\\\/\\\/www.tortosaturisme.cat\\\/en\\\/?s={search_term_string}\"},\"query-input\":{\"@type\":\"PropertyValueSpecification\",\"valueRequired\":true,\"valueName\":\"search_term_string\"}}],\"inLanguage\":\"en-US\"}]}<\/script>\n<!-- \/ Yoast SEO plugin. -->","yoast_head_json":{"title":"XXVII Festa del Renaixement 2024 - tortosaturisme","robots":{"index":"index","follow":"follow","max-snippet":"max-snippet:-1","max-image-preview":"max-image-preview:large","max-video-preview":"max-video-preview:-1"},"canonical":"https:\/\/www.tortosaturisme.cat\/en\/xxvii-festa-del-renaixement-2024\/","og_locale":"en_US","og_type":"article","og_title":"XXVII Festa del Renaixement 2024 - tortosaturisme","og_description":"[vc_row][vc_column][\/vc_column][\/vc_row][vc_row][vc_column][\/vc_column][\/vc_row][vc_row][vc_column][\/vc_column][\/vc_row]","og_url":"https:\/\/www.tortosaturisme.cat\/en\/xxvii-festa-del-renaixement-2024\/","og_site_name":"tortosaturisme","article_modified_time":"2024-07-02T08:48:58+00:00","twitter_card":"summary_large_image","schema":{"@context":"https:\/\/schema.org","@graph":[{"@type":"WebPage","@id":"https:\/\/www.tortosaturisme.cat\/en\/xxvii-festa-del-renaixement-2024\/","url":"https:\/\/www.tortosaturisme.cat\/en\/xxvii-festa-del-renaixement-2024\/","name":"XXVII Festa del Renaixement 2024 - tortosaturisme","isPartOf":{"@id":"https:\/\/www.tortosaturisme.cat\/en\/#website"},"datePublished":"2024-06-25T12:01:31+00:00","dateModified":"2024-07-02T08:48:58+00:00","breadcrumb":{"@id":"https:\/\/www.tortosaturisme.cat\/en\/xxvii-festa-del-renaixement-2024\/#breadcrumb"},"inLanguage":"en-US","potentialAction":[{"@type":"ReadAction","target":["https:\/\/www.tortosaturisme.cat\/en\/xxvii-festa-del-renaixement-2024\/"]}]},{"@type":"BreadcrumbList","@id":"https:\/\/www.tortosaturisme.cat\/en\/xxvii-festa-del-renaixement-2024\/#breadcrumb","itemListElement":[{"@type":"ListItem","position":1,"name":"Home","item":"https:\/\/www.tortosaturisme.cat\/en\/home\/"},{"@type":"ListItem","position":2,"name":"XXVII Festa del Renaixement 2024"}]},{"@type":"WebSite","@id":"https:\/\/www.tortosaturisme.cat\/en\/#website","url":"https:\/\/www.tortosaturisme.cat\/en\/","name":"tortosaturisme","description":"Otro sitio realizado con WordPress","potentialAction":[{"@type":"SearchAction","target":{"@type":"EntryPoint","urlTemplate":"https:\/\/www.tortosaturisme.cat\/en\/?s={search_term_string}"},"query-input":{"@type":"PropertyValueSpecification","valueRequired":true,"valueName":"search_term_string"}}],"inLanguage":"en-US"}]}},"_links":{"self":[{"href":"https:\/\/www.tortosaturisme.cat\/en\/wp-json\/wp\/v2\/pages\/34901","targetHints":{"allow":["GET"]}}],"collection":[{"href":"https:\/\/www.tortosaturisme.cat\/en\/wp-json\/wp\/v2\/pages"}],"about":[{"href":"https:\/\/www.tortosaturisme.cat\/en\/wp-json\/wp\/v2\/types\/page"}],"author":[{"embeddable":true,"href":"https:\/\/www.tortosaturisme.cat\/en\/wp-json\/wp\/v2\/users\/2"}],"replies":[{"embeddable":true,"href":"https:\/\/www.tortosaturisme.cat\/en\/wp-json\/wp\/v2\/comments?post=34901"}],"version-history":[{"count":6,"href":"https:\/\/www.tortosaturisme.cat\/en\/wp-json\/wp\/v2\/pages\/34901\/revisions"}],"predecessor-version":[{"id":34969,"href":"https:\/\/www.tortosaturisme.cat\/en\/wp-json\/wp\/v2\/pages\/34901\/revisions\/34969"}],"wp:attachment":[{"href":"https:\/\/www.tortosaturisme.cat\/en\/wp-json\/wp\/v2\/media?parent=34901"}],"curies":[{"name":"wp","href":"https:\/\/api.w.org\/{rel}","templated":true}]}}