{"id":35752,"date":"2024-10-09T11:29:17","date_gmt":"2024-10-09T11:29:17","guid":{"rendered":"https:\/\/www.tortosaturisme.cat\/bons-tortosa-2024\/"},"modified":"2024-10-15T14:16:18","modified_gmt":"2024-10-15T14:16:18","slug":"bons-tortosa-2024","status":"publish","type":"page","link":"https:\/\/www.tortosaturisme.cat\/en\/bons-tortosa-2024\/","title":{"rendered":"Bons Tortosa 2024"},"content":{"rendered":"<p>[vc_row][vc_column]<div class=\"vc-incubalia-big-header\"><img decoding=\"async\" class=\"vc-incubalia-big-header__mobile-picture brightness-100\" src=\"https:\/\/www.tortosaturisme.cat\/wp-content\/uploads\/2024\/10\/BANNER-BONS-TORTOSA-768X450.jpg\">\n                  <img decoding=\"async\" class=\"vc-incubalia-big-header__desktop-picture brightness-100\" src=\"https:\/\/www.tortosaturisme.cat\/wp-content\/uploads\/2024\/10\/BANNER-BONS-TORTOSA-1920X700.jpg\"><\/div>[\/vc_column][\/vc_row][vc_row][vc_column]<div class=\"vc-incubalia-text-1-column\"><h2 class=\"vc-incubalia-text-1-column__title\"><span class=\"first-word\">Descobreix<\/span> Tortosa amb Descomptes Especials!<\/h2><div class=\"vc-incubalia-text-1-column__text\"><strong>Del 4 d&#8217;octubre al 3 de novembre visitar Tortosa \u00e9s encara millor amb els Bons Tortosa!<\/strong> Ideals per <strong>gaudir de la cultura, gastronomia i comer\u00e7 local<\/strong>. Obteniu fins a <strong>15 \u20ac en bons per utilitzar a botigues, restaurants i serveis de la ciutat<\/strong>. Explora el casc antic, els monuments hist\u00f2rics i la rica oferta cultural mentre aprofites aquests descomptes especials.<\/p><br \/>\n<p><strong>Per aconseguir els teus Bons Tortosa<\/strong>, nom\u00e9s has de registrar-te a la plataforma oficial en l\u00ednia. Un cop registrat, podr\u00e0s descarregar<strong> tres bons de 5 \u20ac<\/strong> cadascun, que podr\u00e0s utilitzar a les botigues, restaurants i serveis participants. Recorda que tens un termini de set dies per utilitzar-los des del moment que els descarreguis. Aprofita aquesta oportunitat per gaudir de descomptes mentre descobreixes els encants de la ciutat!<\/p><br \/>\n<p>&nbsp;<\/p><br \/>\n<h4 style=\"text-align: center;\"><span style=\"color: #ff0000;\">Viu una experi\u00e8ncia completa a Tortosa, estalviant en les teves compres i descobrint els millors productes locals.<\/span><\/h4><br \/>\n<p><\/div><\/div><script>\n            (function($) {\n                $(function() {\n                    $(\".vc_col-sm-6\").parent(\".vc_row\").addClass(\"vc_layout_2\");\n                });\n            })(jQuery);\n            <\/script>[\/vc_column][\/vc_row][vc_row][vc_column]<div class=\"vc-incubalia-3-buttons\"><div class=\"vc-incubalia-3-buttons__button\"><a href=\"https:\/\/bons.tortosa.cat\/ca\"><div class=\"vc-incubalia-3-buttons__button-container\"><div class=\"vc-incubalia-3-buttons__button-container-image\"><img decoding=\"async\" src=\"\"><\/div><div class=\"vc-incubalia-3-buttons__button-container-title\"><h4>Aconsegueix<\/h4><\/div><\/div><\/a><\/div><div class=\"vc-incubalia-3-buttons__button\"><a href=\"https:\/\/bons.tortosa.cat\/ca\"><div class=\"vc-incubalia-3-buttons__button-container\"><div class=\"vc-incubalia-3-buttons__button-container-image\"><img decoding=\"async\" src=\"\"><\/div><div class=\"vc-incubalia-3-buttons__button-container-title\"><h4>els teus<\/h4><\/div><\/div><\/a><\/div><div class=\"vc-incubalia-3-buttons__button\"><a href=\"https:\/\/bons.tortosa.cat\/ca\"><div class=\"vc-incubalia-3-buttons__button-container\"><div class=\"vc-incubalia-3-buttons__button-container-image\"><img decoding=\"async\" src=\"\"><\/div><div class=\"vc-incubalia-3-buttons__button-container-title\"><h4>Bons Tortosa<\/h4><\/div><\/div><\/a><\/div><\/div>[\/vc_column][\/vc_row]<\/p>\n","protected":false},"excerpt":{"rendered":"<p>[vc_row][vc_column][\/vc_column][\/vc_row][vc_row][vc_column][\/vc_column][\/vc_row][vc_row][vc_column][\/vc_column][\/vc_row]<\/p>\n","protected":false},"author":2,"featured_media":0,"parent":0,"menu_order":0,"comment_status":"closed","ping_status":"closed","template":"","meta":{"footnotes":""},"class_list":["post-35752","page","type-page","status-publish","hentry"],"acf":[],"yoast_head":"<!-- This site is optimized with the Yoast SEO plugin v27.4 - https:\/\/yoast.com\/product\/yoast-seo-wordpress\/ -->\n<title>Descomptes per a Turistes a Tortosa | Bons Tortosa - tortosaturisme<\/title>\n<meta name=\"description\" content=\"Fins el el 3 de novembre, gaudeix de Tortosa amb descomptes especials! Tens fins a 15\u20ac en bons per a botigues, restaurants i serveis locals.\" \/>\n<meta name=\"robots\" content=\"index, follow, max-snippet:-1, max-image-preview:large, max-video-preview:-1\" \/>\n<link rel=\"canonical\" href=\"https:\/\/www.tortosaturisme.cat\/en\/bons-tortosa-2024\/\" \/>\n<meta property=\"og:locale\" content=\"en_US\" \/>\n<meta property=\"og:type\" content=\"article\" \/>\n<meta property=\"og:title\" content=\"Descomptes per a Turistes a Tortosa | Bons Tortosa - tortosaturisme\" \/>\n<meta property=\"og:description\" content=\"Fins el el 3 de novembre, gaudeix de Tortosa amb descomptes especials! Tens fins a 15\u20ac en bons per a botigues, restaurants i serveis locals.\" \/>\n<meta property=\"og:url\" content=\"https:\/\/www.tortosaturisme.cat\/en\/bons-tortosa-2024\/\" \/>\n<meta property=\"og:site_name\" content=\"tortosaturisme\" \/>\n<meta property=\"article:modified_time\" content=\"2024-10-15T14:16:18+00:00\" \/>\n<meta name=\"twitter:card\" content=\"summary_large_image\" \/>\n<meta name=\"twitter:label1\" content=\"Est. reading time\" \/>\n\t<meta name=\"twitter:data1\" content=\"1 minute\" \/>\n<script type=\"application\/ld+json\" class=\"yoast-schema-graph\">{\"@context\":\"https:\\\/\\\/schema.org\",\"@graph\":[{\"@type\":\"WebPage\",\"@id\":\"https:\\\/\\\/www.tortosaturisme.cat\\\/en\\\/bons-tortosa-2024\\\/\",\"url\":\"https:\\\/\\\/www.tortosaturisme.cat\\\/en\\\/bons-tortosa-2024\\\/\",\"name\":\"Descomptes per a Turistes a Tortosa | Bons Tortosa - tortosaturisme\",\"isPartOf\":{\"@id\":\"https:\\\/\\\/www.tortosaturisme.cat\\\/en\\\/#website\"},\"datePublished\":\"2024-10-09T11:29:17+00:00\",\"dateModified\":\"2024-10-15T14:16:18+00:00\",\"description\":\"Fins el el 3 de novembre, gaudeix de Tortosa amb descomptes especials! Tens fins a 15\u20ac en bons per a botigues, restaurants i serveis locals.\",\"breadcrumb\":{\"@id\":\"https:\\\/\\\/www.tortosaturisme.cat\\\/en\\\/bons-tortosa-2024\\\/#breadcrumb\"},\"inLanguage\":\"en-US\",\"potentialAction\":[{\"@type\":\"ReadAction\",\"target\":[\"https:\\\/\\\/www.tortosaturisme.cat\\\/en\\\/bons-tortosa-2024\\\/\"]}]},{\"@type\":\"BreadcrumbList\",\"@id\":\"https:\\\/\\\/www.tortosaturisme.cat\\\/en\\\/bons-tortosa-2024\\\/#breadcrumb\",\"itemListElement\":[{\"@type\":\"ListItem\",\"position\":1,\"name\":\"Home\",\"item\":\"https:\\\/\\\/www.tortosaturisme.cat\\\/en\\\/home\\\/\"},{\"@type\":\"ListItem\",\"position\":2,\"name\":\"Bons Tortosa 2024\"}]},{\"@type\":\"WebSite\",\"@id\":\"https:\\\/\\\/www.tortosaturisme.cat\\\/en\\\/#website\",\"url\":\"https:\\\/\\\/www.tortosaturisme.cat\\\/en\\\/\",\"name\":\"tortosaturisme\",\"description\":\"Otro sitio realizado con WordPress\",\"potentialAction\":[{\"@type\":\"SearchAction\",\"target\":{\"@type\":\"EntryPoint\",\"urlTemplate\":\"https:\\\/\\\/www.tortosaturisme.cat\\\/en\\\/?s={search_term_string}\"},\"query-input\":{\"@type\":\"PropertyValueSpecification\",\"valueRequired\":true,\"valueName\":\"search_term_string\"}}],\"inLanguage\":\"en-US\"}]}<\/script>\n<!-- \/ Yoast SEO plugin. -->","yoast_head_json":{"title":"Descomptes per a Turistes a Tortosa | Bons Tortosa - tortosaturisme","description":"Fins el el 3 de novembre, gaudeix de Tortosa amb descomptes especials! Tens fins a 15\u20ac en bons per a botigues, restaurants i serveis locals.","robots":{"index":"index","follow":"follow","max-snippet":"max-snippet:-1","max-image-preview":"max-image-preview:large","max-video-preview":"max-video-preview:-1"},"canonical":"https:\/\/www.tortosaturisme.cat\/en\/bons-tortosa-2024\/","og_locale":"en_US","og_type":"article","og_title":"Descomptes per a Turistes a Tortosa | Bons Tortosa - tortosaturisme","og_description":"Fins el el 3 de novembre, gaudeix de Tortosa amb descomptes especials! Tens fins a 15\u20ac en bons per a botigues, restaurants i serveis locals.","og_url":"https:\/\/www.tortosaturisme.cat\/en\/bons-tortosa-2024\/","og_site_name":"tortosaturisme","article_modified_time":"2024-10-15T14:16:18+00:00","twitter_card":"summary_large_image","twitter_misc":{"Est. reading time":"1 minute"},"schema":{"@context":"https:\/\/schema.org","@graph":[{"@type":"WebPage","@id":"https:\/\/www.tortosaturisme.cat\/en\/bons-tortosa-2024\/","url":"https:\/\/www.tortosaturisme.cat\/en\/bons-tortosa-2024\/","name":"Descomptes per a Turistes a Tortosa | Bons Tortosa - tortosaturisme","isPartOf":{"@id":"https:\/\/www.tortosaturisme.cat\/en\/#website"},"datePublished":"2024-10-09T11:29:17+00:00","dateModified":"2024-10-15T14:16:18+00:00","description":"Fins el el 3 de novembre, gaudeix de Tortosa amb descomptes especials! Tens fins a 15\u20ac en bons per a botigues, restaurants i serveis locals.","breadcrumb":{"@id":"https:\/\/www.tortosaturisme.cat\/en\/bons-tortosa-2024\/#breadcrumb"},"inLanguage":"en-US","potentialAction":[{"@type":"ReadAction","target":["https:\/\/www.tortosaturisme.cat\/en\/bons-tortosa-2024\/"]}]},{"@type":"BreadcrumbList","@id":"https:\/\/www.tortosaturisme.cat\/en\/bons-tortosa-2024\/#breadcrumb","itemListElement":[{"@type":"ListItem","position":1,"name":"Home","item":"https:\/\/www.tortosaturisme.cat\/en\/home\/"},{"@type":"ListItem","position":2,"name":"Bons Tortosa 2024"}]},{"@type":"WebSite","@id":"https:\/\/www.tortosaturisme.cat\/en\/#website","url":"https:\/\/www.tortosaturisme.cat\/en\/","name":"tortosaturisme","description":"Otro sitio realizado con WordPress","potentialAction":[{"@type":"SearchAction","target":{"@type":"EntryPoint","urlTemplate":"https:\/\/www.tortosaturisme.cat\/en\/?s={search_term_string}"},"query-input":{"@type":"PropertyValueSpecification","valueRequired":true,"valueName":"search_term_string"}}],"inLanguage":"en-US"}]}},"_links":{"self":[{"href":"https:\/\/www.tortosaturisme.cat\/en\/wp-json\/wp\/v2\/pages\/35752","targetHints":{"allow":["GET"]}}],"collection":[{"href":"https:\/\/www.tortosaturisme.cat\/en\/wp-json\/wp\/v2\/pages"}],"about":[{"href":"https:\/\/www.tortosaturisme.cat\/en\/wp-json\/wp\/v2\/types\/page"}],"author":[{"embeddable":true,"href":"https:\/\/www.tortosaturisme.cat\/en\/wp-json\/wp\/v2\/users\/2"}],"replies":[{"embeddable":true,"href":"https:\/\/www.tortosaturisme.cat\/en\/wp-json\/wp\/v2\/comments?post=35752"}],"version-history":[{"count":8,"href":"https:\/\/www.tortosaturisme.cat\/en\/wp-json\/wp\/v2\/pages\/35752\/revisions"}],"predecessor-version":[{"id":35864,"href":"https:\/\/www.tortosaturisme.cat\/en\/wp-json\/wp\/v2\/pages\/35752\/revisions\/35864"}],"wp:attachment":[{"href":"https:\/\/www.tortosaturisme.cat\/en\/wp-json\/wp\/v2\/media?parent=35752"}],"curies":[{"name":"wp","href":"https:\/\/api.w.org\/{rel}","templated":true}]}}