{"id":41707,"date":"2025-06-25T09:09:22","date_gmt":"2025-06-25T09:09:22","guid":{"rendered":"https:\/\/www.tortosaturisme.cat\/receptes-tortosines-pas-a-pas\/"},"modified":"2026-04-02T12:37:49","modified_gmt":"2026-04-02T10:37:49","slug":"receptes-tortosines-pas-a-pas","status":"publish","type":"page","link":"https:\/\/www.tortosaturisme.cat\/en\/receptes-tortosines-pas-a-pas\/","title":{"rendered":"Receptes tortosines pas a pas"},"content":{"rendered":"<p>[vc_row][vc_column]<div class=\"vc-incubalia-big-header\"><h1 class=\"vc-incubalia-big-header__title\">Tortosa: Recipes from a Cuisine of Memory<\/h1><img decoding=\"async\" class=\"vc-incubalia-big-header__mobile-picture\" src=\"https:\/\/www.tortosaturisme.cat\/wp-content\/uploads\/2025\/06\/768x450-receptes-superior.jpg\">\n                  <img decoding=\"async\" class=\"vc-incubalia-big-header__desktop-picture\" src=\"https:\/\/www.tortosaturisme.cat\/wp-content\/uploads\/2025\/06\/1920x700-receptes-superior.jpg\"><\/div>[\/vc_column][\/vc_row][vc_row][vc_column]<div class=\"vc-incubalia-text-1-column-subtitle\"><h2 class=\"vc-incubalia-text-1-column-subtitle__title\">A tradition you can savour. The soul of a land, slow-cooked to perfection.<\/h2><h3 class=\"vc-incubalia-text-1-column-subtitle__subtitle\">A tradition you can savour. The soul of a landscape, slow-cooked to perfection.<\/h3><div class=\"vc-incubalia-text-1-column-subtitle__text\"><\/p><br \/>\n<p data-start=\"1280\" data-end=\"1511\">In Tortosa, every recipe tells a story. Gastronomy is part of our <strong>intangible heritage<\/strong>: a legacy passed down from mothers to daughters, from grandparents to grandchildren, through flavours that speak of the river, the market garden, the forest and the sea.<\/p><br \/>\n<p data-start=\"1513\" data-end=\"1791\">This is our <strong>cuisine of memory<\/strong>. A humble, seasonal and resourceful cooking tradition, yet also rich, creative and deeply rooted in the land. Dishes such as <strong><em data-start=\"416\" data-end=\"430\">menjar blanc<\/em>, <em data-start=\"432\" data-end=\"444\">borratxets<\/em> omelette<\/strong> or <strong>rabbit in sauce<\/strong> do more than fill plates \u2014 they nourish the soul.<\/p><br \/>\n<p data-start=\"1793\" data-end=\"2131\">This collection of recipes, accompanied by videos recorded at the <strong>Escola d\u2019Hoteleria of Institut Dertosa<\/strong> and guided by chef <strong>Margaret Nofre<\/strong>, forms part of the project \u201c<strong>Tortosa, the past is an adventure<\/strong>\u201d, co-financed by the <strong>Next Generation EU funds<\/strong> through the <strong>2022 Tourism Sustainability Plan in Destinations<\/strong>.<\/p><br \/>\n<p><\/div><\/div>[\/vc_column][\/vc_row][vc_row][vc_column]<div class=\"vc-incubalia-5-cards\"><h2 class=\"vc-incubalia-5-cards__title\">Our recipes: a taste of the land<\/h2><h3 class=\"vc-incubalia-5-cards__subtitle\">Everyday dishes with the taste of home<\/h3><div class=\"vc-incubalia-5-cards__card card-1 has-url\"><a href=\"\/en\/recipe-noodles-with-pork-ribs\/\"><img decoding=\"async\" class=\"vc-incubalia-5-cards__card-mobile-picture\" src=\"https:\/\/www.tortosaturisme.cat\/wp-content\/uploads\/2025\/06\/Fideus-amb-costella-640x460.jpg\">\n                      <img decoding=\"async\" class=\"vc-incubalia-5-cards__card-desktop-picture\" src=\"https:\/\/www.tortosaturisme.cat\/wp-content\/uploads\/2025\/06\/Fideus-amb-costella.jpg\"><\/a><div class=\"vc-incubalia-5-cards__card-text-container\"><p class=\"vc-incubalia-5-cards__card-title\">Noodles with pork ribs<\/p><\/div><div class=\"vc-incubalia-5-cards__card-url-container\"><span class=\"vc-incubalia-5-cards__card-url\">Read more<\/span><\/div><\/div><div class=\"vc-incubalia-5-cards__card card-2 has-url\"><a href=\"\/en\/recipe-cod-in-its-own-juice\/\"><img decoding=\"async\" class=\"vc-incubalia-5-cards__card-mobile-picture\" src=\"https:\/\/www.tortosaturisme.cat\/wp-content\/uploads\/2025\/06\/Abadejo-en-suc-640x460.jpg\">\n                      <img decoding=\"async\" class=\"vc-incubalia-5-cards__card-desktop-picture\" src=\"https:\/\/www.tortosaturisme.cat\/wp-content\/uploads\/2025\/06\/Abadejo-en-suc-640x460.jpg\"><\/a><div class=\"vc-incubalia-5-cards__card-text-container\"><p class=\"vc-incubalia-5-cards__card-title\">COD IN ITS OWN JUICE <\/p><\/div><div class=\"vc-incubalia-5-cards__card-url-container\"><span class=\"vc-incubalia-5-cards__card-url\">Read more<\/span><\/div><\/div><div class=\"vc-incubalia-5-cards__card-3-and-4-container\"><div class=\"vc-incubalia-5-cards__card card-3 has-url\"><a href=\"\/en\/recipe-sopa-bruta\/\"><img decoding=\"async\" class=\"vc-incubalia-5-cards__card-mobile-picture\" src=\"https:\/\/www.tortosaturisme.cat\/wp-content\/uploads\/2025\/06\/Sopa-bruta-1-640x460.jpg\">\n                      <img decoding=\"async\" class=\"vc-incubalia-5-cards__card-desktop-picture\" src=\"https:\/\/www.tortosaturisme.cat\/wp-content\/uploads\/2025\/06\/Sopa-bruta-1-640x460.jpg\"><\/a><div class=\"vc-incubalia-5-cards__card-text-container\"><p class=\"vc-incubalia-5-cards__card-title\">Sopa bruta (Rustic hen Soup)<\/p><\/div><div class=\"vc-incubalia-5-cards__card-url-container\"><span class=\"vc-incubalia-5-cards__card-url\">Read more<\/span><\/div><\/div><div class=\"vc-incubalia-5-cards__card card-4 has-url\"><a href=\"\/en\/recipe-rabbit-in-sauce\/\"><img decoding=\"async\" class=\"vc-incubalia-5-cards__card-mobile-picture\" src=\"https:\/\/www.tortosaturisme.cat\/wp-content\/uploads\/2025\/06\/Conill-amb-Salsa-640x460.jpg\">\n                      <img decoding=\"async\" class=\"vc-incubalia-5-cards__card-desktop-picture\" src=\"https:\/\/www.tortosaturisme.cat\/wp-content\/uploads\/2025\/06\/Conill-amb-Salsa-640x460.jpg\"><\/a><div class=\"vc-incubalia-5-cards__card-text-container\"><p class=\"vc-incubalia-5-cards__card-title\">RABBIT IN SAUCE<\/p><\/div><div class=\"vc-incubalia-5-cards__card-url-container\"><span class=\"vc-incubalia-5-cards__card-url\">Read more<\/span><\/div><\/div><\/div><div class=\"vc-incubalia-5-cards__card card-5 has-url\"><a href=\"\/en\/recipe-stewed-cuttlefish\/\"><img decoding=\"async\" class=\"vc-incubalia-5-cards__card-mobile-picture\" src=\"https:\/\/www.tortosaturisme.cat\/wp-content\/uploads\/2025\/06\/Sipia-solsida-640x460.jpg\">\n                      <img decoding=\"async\" class=\"vc-incubalia-5-cards__card-desktop-picture\" src=\"https:\/\/www.tortosaturisme.cat\/wp-content\/uploads\/2025\/06\/Sipia-solsida-640x449.jpg\"><\/a><div class=\"vc-incubalia-5-cards__card-text-container\"><p class=\"vc-incubalia-5-cards__card-title\">STEWED CUTTLEFISH<\/p><\/div><div class=\"vc-incubalia-5-cards__card-url-container\"><span class=\"vc-incubalia-5-cards__card-url\">Read more<\/span><\/div><\/div><\/div>[\/vc_column][\/vc_row][vc_row][vc_column]<div class=\"vc-incubalia-4-images\"><h2 class=\"vc-incubalia-4-images__title\">Recipes rooted in rural tradition<\/h2><div class=\"vc-incubalia-4-images__image has-url\"\"><a href=\"\/en\/recipe-borratxets-omelette\/\"><img decoding=\"async\" src=\"https:\/\/www.tortosaturisme.cat\/wp-content\/uploads\/2025\/06\/Truita-de-borratxets.jpg\" alt=\"\"><\/a><div class=\"vc-incubalia-4-images__image-text-container\"><p class=\"vc-incubalia-4-images__image-title\">borratxets (wild greens) omelette<\/p><\/div><div class=\"vc-incubalia-4-images__image-url-container\"><span class=\"vc-incubalia-4-images__image-url\">Read more<\/span><\/div><\/div><div class=\"vc-incubalia-4-images__image has-url\"\"><a href=\"\/en\/recipe-crispy-battered-artichoke\/\"><img decoding=\"async\" src=\"https:\/\/www.tortosaturisme.cat\/wp-content\/uploads\/2025\/06\/Carxofa-encassecada.jpg\" alt=\"\"><\/a><div class=\"vc-incubalia-4-images__image-text-container\"><p class=\"vc-incubalia-4-images__image-title\">CRISPY BATTERED ARTICHOKE <\/p><\/div><div class=\"vc-incubalia-4-images__image-url-container\"><span class=\"vc-incubalia-4-images__image-url\">Read more<\/span><\/div><\/div><div class=\"vc-incubalia-4-images__image has-url\"\"><a href=\"\/en\/recipe-blood-sausage-with-onion-and-tomato\/\"><img decoding=\"async\" src=\"https:\/\/www.tortosaturisme.cat\/wp-content\/uploads\/2025\/06\/baldana-amb-ceba-i-tomata.jpg\" alt=\"\"><\/a><div class=\"vc-incubalia-4-images__image-text-container\"><p class=\"vc-incubalia-4-images__image-title\">BALDANA (BLOOD SAUSAGE) WITH ONION AND TOMATO <\/p><\/div><div class=\"vc-incubalia-4-images__image-url-container\"><span class=\"vc-incubalia-4-images__image-url\">Read more<\/span><\/div><\/div><div class=\"vc-incubalia-4-images__image has-url\"\"><a href=\"\/en\/recipe-kale-with-sardines\/\"><img decoding=\"async\" src=\"https:\/\/www.tortosaturisme.cat\/wp-content\/uploads\/2025\/06\/Trinxat-de-col-amb-sardina-de-casco-1-900x400.jpg\" alt=\"\"><\/a><div class=\"vc-incubalia-4-images__image-text-container\"><p class=\"vc-incubalia-4-images__image-title\">KALE WITH SARDINA DE CASCO (SALT-PRESERVED SARDINE)<\/p><\/div><div class=\"vc-incubalia-4-images__image-url-container\"><span class=\"vc-incubalia-4-images__image-url\">Read more<\/span><\/div><\/div><\/div>[\/vc_column][\/vc_row][vc_row][vc_column]<div class=\"vc-incubalia-4-images\"><h2 class=\"vc-incubalia-4-images__title\">Traditional sweets with soul<\/h2><div class=\"vc-incubalia-4-images__image has-url\"\"><a href=\"\/en\/recipe-pastisset\/\"><img decoding=\"async\" src=\"https:\/\/www.tortosaturisme.cat\/wp-content\/uploads\/2025\/06\/Pastissets.png\" alt=\"\"><\/a><div class=\"vc-incubalia-4-images__image-text-container\"><p class=\"vc-incubalia-4-images__image-title\">PASTISSETS (Sweet Stuffed Pastries)<\/p><\/div><div class=\"vc-incubalia-4-images__image-url-container\"><span class=\"vc-incubalia-4-images__image-url\">Read more<\/span><\/div><\/div><div class=\"vc-incubalia-4-images__image has-url\"\"><a href=\"\/recepta-menjar-blanc-tortosa\/\"><img decoding=\"async\" src=\"https:\/\/www.tortosaturisme.cat\/wp-content\/uploads\/2025\/06\/Menjar-Blanc.png\" alt=\"\"><\/a><div class=\"vc-incubalia-4-images__image-text-container\"><p class=\"vc-incubalia-4-images__image-title\">Menjar blanc<\/p><\/div><div class=\"vc-incubalia-4-images__image-url-container\"><span class=\"vc-incubalia-4-images__image-url\">Read more<\/span><\/div><\/div><div class=\"vc-incubalia-4-images__image\"\"><img decoding=\"async\" src=\"\" alt=\"\"><div class=\"vc-incubalia-4-images__image-text-container\"><\/div><div class=\"vc-incubalia-4-images__image-url-container\"><span class=\"vc-incubalia-4-images__image-url\">Read more<\/span><\/div><\/div><div class=\"vc-incubalia-4-images__image\"\"><img decoding=\"async\" src=\"\" alt=\"\"><div class=\"vc-incubalia-4-images__image-text-container\"><\/div><div class=\"vc-incubalia-4-images__image-url-container\"><span class=\"vc-incubalia-4-images__image-url\">Read more<\/span><\/div><\/div><\/div>[\/vc_column][\/vc_row][vc_row][vc_column]<div class=\"vc-incubalia-text-1-column-subtitle\"><h2 class=\"vc-incubalia-text-1-column-subtitle__title\">Tortosa: a cuisine of memory, a land full of flavour<\/h2><div class=\"vc-incubalia-text-1-column-subtitle__text\">Cuisine is one of the best ways to understand a culture. And in Tortosa, culture is served at the table. Discover the city through its gastronomy, markets, food festivals and locally sourced produce.<\/div><\/div><div class=\"vc-incubalia-4-images\"><div class=\"vc-incubalia-4-images__image has-url\"\"><a href=\"\/en\/restaurants-in-tortosa\/\"><img decoding=\"async\" src=\"https:\/\/www.tortosaturisme.cat\/wp-content\/uploads\/2018\/02\/b-900-cuina-terres.jpg\" alt=\"\"><\/a><div class=\"vc-incubalia-4-images__image-text-container\"><p class=\"vc-incubalia-4-images__image-title\">Restaurants<\/p><p class=\"vc-incubalia-4-images__image-subtitle\">From recipe book to plate: a legacy you can savour<\/p><\/div><div class=\"vc-incubalia-4-images__image-url-container\"><span class=\"vc-incubalia-4-images__image-url\">Read more<\/span><\/div><\/div><div class=\"vc-incubalia-4-images__image has-url\"\"><a href=\"\/en\/the-cuisine-of-terres-de-lebre\/\"><img decoding=\"async\" src=\"https:\/\/www.tortosaturisme.cat\/wp-content\/uploads\/2018\/02\/b-900-millor-terra-d.jpg\" alt=\"\"><\/a><div class=\"vc-incubalia-4-images__image-text-container\"><p class=\"vc-incubalia-4-images__image-title\">The cuisine of the Terres de l\u2019Ebre<\/p><p class=\"vc-incubalia-4-images__image-subtitle\">where a cuisine of memory is brought to the table<\/p><\/div><div class=\"vc-incubalia-4-images__image-url-container\"><span class=\"vc-incubalia-4-images__image-url\">Read more<\/span><\/div><\/div><div class=\"vc-incubalia-4-images__image has-url\"\"><a href=\"\/en\/llibre-blanc-del-turisme-gastronomic\/\"><img decoding=\"async\" src=\"https:\/\/www.tortosaturisme.cat\/wp-content\/uploads\/2025\/06\/Llibre-bland-del-turisme-gastronomic.jpg\" alt=\"\"><\/a><div class=\"vc-incubalia-4-images__image-text-container\"><p class=\"vc-incubalia-4-images__image-title\">White Paper on Gastronomic Tourism in Tortosa<\/p><p class=\"vc-incubalia-4-images__image-subtitle\">When good food becomes a city project<\/p><\/div><div class=\"vc-incubalia-4-images__image-url-container\"><span class=\"vc-incubalia-4-images__image-url\">Read more<\/span><\/div><\/div><div class=\"vc-incubalia-4-images__image has-url\"\"><a href=\"\/en\/the-market\/\"><img decoding=\"async\" src=\"https:\/\/www.tortosaturisme.cat\/wp-content\/uploads\/2020\/07\/mercat_900x400.jpg\" alt=\"\"><\/a><div class=\"vc-incubalia-4-images__image-text-container\"><p class=\"vc-incubalia-4-images__image-title\">The Market<\/p><p class=\"vc-incubalia-4-images__image-subtitle\">Where local produce comes to life<\/p><\/div><div class=\"vc-incubalia-4-images__image-url-container\"><span class=\"vc-incubalia-4-images__image-url\">Read more<\/span><\/div><\/div><\/div>[\/vc_column][\/vc_row][vc_row][vc_column]<div class=\"vc-incubalia-4-icons\"><h2 class=\"vc-incubalia-4-icons__title\"><\/h2><div class=\"vc-incubalia-4-icons__icon\"><a class=\"vc-incubalia-4-icons__icon-url\" href=\"http:\/\/www2.tortosa.cat\/\"><img decoding=\"async\" class=\"vc-incubalia-4-icons__icon-image\" src=\"https:\/\/www.tortosaturisme.cat\/wp-content\/uploads\/2020\/03\/ajuntament-500x500-400x400.jpg\"><\/a><\/div><div class=\"vc-incubalia-4-icons__icon\"><a class=\"vc-incubalia-4-icons__icon-url\" href=\"http:\/\/www.tortosaturisme.cat\"><img decoding=\"async\" class=\"vc-incubalia-4-icons__icon-image\" src=\"https:\/\/www.tortosaturisme.cat\/wp-content\/uploads\/2018\/03\/logo-turisme-400-400x355.jpg\"><\/a><\/div><div class=\"vc-incubalia-4-icons__icon\"><a class=\"vc-incubalia-4-icons__icon-url\" href=\"\"><img decoding=\"async\" class=\"vc-incubalia-4-icons__icon-image\" src=\"\"><\/a><\/div><div class=\"vc-incubalia-4-icons__icon\"><a class=\"vc-incubalia-4-icons__icon-url\" href=\"\"><img decoding=\"async\" class=\"vc-incubalia-4-icons__icon-image\" src=\"\"><\/a><\/div><\/div><div class=\"vc-incubalia-image-3x2-centered\"><img decoding=\"async\" class=\"vc-incubalia-image-3x2-centered__mobile-picture\" src=\"\" alt=\"\"><img decoding=\"async\" class=\"vc-incubalia-image-3x2-centered__desktop-picture\" src=\"https:\/\/www.tortosaturisme.cat\/wp-content\/uploads\/2024\/11\/01-Logo-web.jpg\" alt=\"\"><\/div>[\/vc_column][\/vc_row]<\/p>\n","protected":false},"excerpt":{"rendered":"<p>[vc_row][vc_column][\/vc_column][\/vc_row][vc_row][vc_column][\/vc_column][\/vc_row][vc_row][vc_column][\/vc_column][\/vc_row][vc_row][vc_column][\/vc_column][\/vc_row][vc_row][vc_column][\/vc_column][\/vc_row][vc_row][vc_column][\/vc_column][\/vc_row][vc_row][vc_column][\/vc_column][\/vc_row]<\/p>\n","protected":false},"author":2,"featured_media":0,"parent":0,"menu_order":0,"comment_status":"closed","ping_status":"closed","template":"","meta":{"footnotes":""},"class_list":["post-41707","page","type-page","status-publish","hentry"],"acf":[],"yoast_head":"<!-- This site is optimized with the Yoast SEO plugin v27.4 - https:\/\/yoast.com\/product\/yoast-seo-wordpress\/ -->\n<title>Receptes tortosines pas a pas - tortosaturisme<\/title>\n<meta name=\"description\" content=\"A Tortosa, cada recepta \u00e9s mem\u00f2ria i tradici\u00f3: cuina humil, creativa i arrelada al territori, amb sabors del riu, l\u2019horta i el mar.\" \/>\n<meta name=\"robots\" content=\"index, follow, max-snippet:-1, max-image-preview:large, max-video-preview:-1\" \/>\n<link rel=\"canonical\" href=\"https:\/\/www.tortosaturisme.cat\/en\/receptes-tortosines-pas-a-pas\/\" \/>\n<meta property=\"og:locale\" content=\"en_US\" \/>\n<meta property=\"og:type\" content=\"article\" \/>\n<meta property=\"og:title\" content=\"Receptes tortosines pas a pas - tortosaturisme\" \/>\n<meta property=\"og:description\" content=\"A Tortosa, cada recepta \u00e9s mem\u00f2ria i tradici\u00f3: cuina humil, creativa i arrelada al territori, amb sabors del riu, l\u2019horta i el mar.\" \/>\n<meta property=\"og:url\" content=\"https:\/\/www.tortosaturisme.cat\/en\/receptes-tortosines-pas-a-pas\/\" \/>\n<meta property=\"og:site_name\" content=\"tortosaturisme\" \/>\n<meta property=\"article:modified_time\" content=\"2026-04-02T10:37:49+00:00\" \/>\n<meta name=\"twitter:card\" content=\"summary_large_image\" \/>\n<meta name=\"twitter:label1\" content=\"Est. reading time\" \/>\n\t<meta name=\"twitter:data1\" content=\"2 minutes\" \/>\n<script type=\"application\/ld+json\" class=\"yoast-schema-graph\">{\"@context\":\"https:\\\/\\\/schema.org\",\"@graph\":[{\"@type\":\"WebPage\",\"@id\":\"https:\\\/\\\/www.tortosaturisme.cat\\\/en\\\/receptes-tortosines-pas-a-pas\\\/\",\"url\":\"https:\\\/\\\/www.tortosaturisme.cat\\\/en\\\/receptes-tortosines-pas-a-pas\\\/\",\"name\":\"Receptes tortosines pas a pas - tortosaturisme\",\"isPartOf\":{\"@id\":\"https:\\\/\\\/www.tortosaturisme.cat\\\/en\\\/#website\"},\"datePublished\":\"2025-06-25T09:09:22+00:00\",\"dateModified\":\"2026-04-02T10:37:49+00:00\",\"description\":\"A Tortosa, cada recepta \u00e9s mem\u00f2ria i tradici\u00f3: cuina humil, creativa i arrelada al territori, amb sabors del riu, l\u2019horta i el mar.\",\"breadcrumb\":{\"@id\":\"https:\\\/\\\/www.tortosaturisme.cat\\\/en\\\/receptes-tortosines-pas-a-pas\\\/#breadcrumb\"},\"inLanguage\":\"en-US\",\"potentialAction\":[{\"@type\":\"ReadAction\",\"target\":[\"https:\\\/\\\/www.tortosaturisme.cat\\\/en\\\/receptes-tortosines-pas-a-pas\\\/\"]}]},{\"@type\":\"BreadcrumbList\",\"@id\":\"https:\\\/\\\/www.tortosaturisme.cat\\\/en\\\/receptes-tortosines-pas-a-pas\\\/#breadcrumb\",\"itemListElement\":[{\"@type\":\"ListItem\",\"position\":1,\"name\":\"Home\",\"item\":\"https:\\\/\\\/www.tortosaturisme.cat\\\/en\\\/home\\\/\"},{\"@type\":\"ListItem\",\"position\":2,\"name\":\"Receptes tortosines pas a pas\"}]},{\"@type\":\"WebSite\",\"@id\":\"https:\\\/\\\/www.tortosaturisme.cat\\\/en\\\/#website\",\"url\":\"https:\\\/\\\/www.tortosaturisme.cat\\\/en\\\/\",\"name\":\"tortosaturisme\",\"description\":\"Otro sitio realizado con WordPress\",\"potentialAction\":[{\"@type\":\"SearchAction\",\"target\":{\"@type\":\"EntryPoint\",\"urlTemplate\":\"https:\\\/\\\/www.tortosaturisme.cat\\\/en\\\/?s={search_term_string}\"},\"query-input\":{\"@type\":\"PropertyValueSpecification\",\"valueRequired\":true,\"valueName\":\"search_term_string\"}}],\"inLanguage\":\"en-US\"}]}<\/script>\n<!-- \/ Yoast SEO plugin. -->","yoast_head_json":{"title":"Receptes tortosines pas a pas - tortosaturisme","description":"A Tortosa, cada recepta \u00e9s mem\u00f2ria i tradici\u00f3: cuina humil, creativa i arrelada al territori, amb sabors del riu, l\u2019horta i el mar.","robots":{"index":"index","follow":"follow","max-snippet":"max-snippet:-1","max-image-preview":"max-image-preview:large","max-video-preview":"max-video-preview:-1"},"canonical":"https:\/\/www.tortosaturisme.cat\/en\/receptes-tortosines-pas-a-pas\/","og_locale":"en_US","og_type":"article","og_title":"Receptes tortosines pas a pas - tortosaturisme","og_description":"A Tortosa, cada recepta \u00e9s mem\u00f2ria i tradici\u00f3: cuina humil, creativa i arrelada al territori, amb sabors del riu, l\u2019horta i el mar.","og_url":"https:\/\/www.tortosaturisme.cat\/en\/receptes-tortosines-pas-a-pas\/","og_site_name":"tortosaturisme","article_modified_time":"2026-04-02T10:37:49+00:00","twitter_card":"summary_large_image","twitter_misc":{"Est. reading time":"2 minutes"},"schema":{"@context":"https:\/\/schema.org","@graph":[{"@type":"WebPage","@id":"https:\/\/www.tortosaturisme.cat\/en\/receptes-tortosines-pas-a-pas\/","url":"https:\/\/www.tortosaturisme.cat\/en\/receptes-tortosines-pas-a-pas\/","name":"Receptes tortosines pas a pas - tortosaturisme","isPartOf":{"@id":"https:\/\/www.tortosaturisme.cat\/en\/#website"},"datePublished":"2025-06-25T09:09:22+00:00","dateModified":"2026-04-02T10:37:49+00:00","description":"A Tortosa, cada recepta \u00e9s mem\u00f2ria i tradici\u00f3: cuina humil, creativa i arrelada al territori, amb sabors del riu, l\u2019horta i el mar.","breadcrumb":{"@id":"https:\/\/www.tortosaturisme.cat\/en\/receptes-tortosines-pas-a-pas\/#breadcrumb"},"inLanguage":"en-US","potentialAction":[{"@type":"ReadAction","target":["https:\/\/www.tortosaturisme.cat\/en\/receptes-tortosines-pas-a-pas\/"]}]},{"@type":"BreadcrumbList","@id":"https:\/\/www.tortosaturisme.cat\/en\/receptes-tortosines-pas-a-pas\/#breadcrumb","itemListElement":[{"@type":"ListItem","position":1,"name":"Home","item":"https:\/\/www.tortosaturisme.cat\/en\/home\/"},{"@type":"ListItem","position":2,"name":"Receptes tortosines pas a pas"}]},{"@type":"WebSite","@id":"https:\/\/www.tortosaturisme.cat\/en\/#website","url":"https:\/\/www.tortosaturisme.cat\/en\/","name":"tortosaturisme","description":"Otro sitio realizado con WordPress","potentialAction":[{"@type":"SearchAction","target":{"@type":"EntryPoint","urlTemplate":"https:\/\/www.tortosaturisme.cat\/en\/?s={search_term_string}"},"query-input":{"@type":"PropertyValueSpecification","valueRequired":true,"valueName":"search_term_string"}}],"inLanguage":"en-US"}]}},"_links":{"self":[{"href":"https:\/\/www.tortosaturisme.cat\/en\/wp-json\/wp\/v2\/pages\/41707","targetHints":{"allow":["GET"]}}],"collection":[{"href":"https:\/\/www.tortosaturisme.cat\/en\/wp-json\/wp\/v2\/pages"}],"about":[{"href":"https:\/\/www.tortosaturisme.cat\/en\/wp-json\/wp\/v2\/types\/page"}],"author":[{"embeddable":true,"href":"https:\/\/www.tortosaturisme.cat\/en\/wp-json\/wp\/v2\/users\/2"}],"replies":[{"embeddable":true,"href":"https:\/\/www.tortosaturisme.cat\/en\/wp-json\/wp\/v2\/comments?post=41707"}],"version-history":[{"count":4,"href":"https:\/\/www.tortosaturisme.cat\/en\/wp-json\/wp\/v2\/pages\/41707\/revisions"}],"predecessor-version":[{"id":41720,"href":"https:\/\/www.tortosaturisme.cat\/en\/wp-json\/wp\/v2\/pages\/41707\/revisions\/41720"}],"wp:attachment":[{"href":"https:\/\/www.tortosaturisme.cat\/en\/wp-json\/wp\/v2\/media?parent=41707"}],"curies":[{"name":"wp","href":"https:\/\/api.w.org\/{rel}","templated":true}]}}