{"id":6802,"date":"2018-03-13T11:14:13","date_gmt":"2018-03-13T11:14:13","guid":{"rendered":"https:\/\/www.tortosaturisme.cat\/en\/credits\/"},"modified":"2020-07-26T09:39:31","modified_gmt":"2020-07-26T09:39:31","slug":"credits","status":"publish","type":"page","link":"https:\/\/www.tortosaturisme.cat\/en\/credits\/","title":{"rendered":"Credits"},"content":{"rendered":"<p>[vc_row][vc_column]<div class=\"vc-incubalia-small-header\"><h1 class=\"vc-incubalia-small-header__title\">Credits<\/h1><img decoding=\"async\" class=\"vc-incubalia-small-header__mobile-picture\" src=\"https:\/\/www.tortosaturisme.cat\/wp-content\/uploads\/2018\/03\/1-credits-mb.jpg\">\n                  <img decoding=\"async\" class=\"vc-incubalia-small-header__desktop-picture\" src=\"https:\/\/www.tortosaturisme.cat\/wp-content\/uploads\/2018\/03\/1-credits-ds.jpg\"><\/div>[\/vc_column][\/vc_row][vc_row][vc_column]<div class=\"vc-incubalia-text-1-column-subtitle\"><h2 class=\"vc-incubalia-text-1-column-subtitle__title\">A project of the City Hall of Tortosa and the Tourism Unit<\/h2><h3 class=\"vc-incubalia-text-1-column-subtitle__subtitle\">The team that has made this page possible<\/h3><div class=\"vc-incubalia-text-1-column-subtitle__text\"><strong>Web development: <\/strong><a href=\"https:\/\/incubalia.com\">Incubalia<\/a><strong><br \/><br \/>\nTexts:<\/strong> <a href=\"https:\/\/marinapallas.wordpress.com\/\">Marina Pall\u00e1s<\/a><br \/><br \/>\n<strong>Complementary texts:<\/strong> Vicent Ruiz<br \/><br \/>\n<strong>Photographies:<\/strong> <a href=\"http:\/\/oscarlanaufotografia.com\/\">\u00d2scar Lanau<\/a><br \/><br \/>\n<strong>Complementary photographies: <\/strong>Joan Carles Prats, \u00c0ngel Bertomeu (Legna), Guillermo Barber\u00e0, <a href=\"http:\/\/alexpanisello.com\/\">\u00c0lex Panisello<\/a><br \/><br \/>\n<strong>Traduction:<\/strong> <a href=\"http:\/\/www.lextrad.net\/\">Lextrad<\/a><br \/><br \/>\n<strong>Tourism team:<\/strong> David Jim\u00e9nez, Beatriz Linage, Edgar Mart\u00ednez<br \/><br \/>\n<strong>With thanks to:<\/strong> <a href=\"https:\/\/www.paiolet.cat\/\">Restaurant Paiolet<\/a>, Clara Segarra, <a href=\"http:\/\/losirgador.com\/\">Llagut Lo Sirgador<\/a>, Jordi Domingo, Restaurant Xapla, \u00c0ngel Guimer\u00e0, Parador de Tortosa, Catedral de Santa Maria de Tortosa, Marta Coll, Jordi Martorell, Laura Garcia, Neus Barber\u00e0, Jordi Segarra, Xavi Navarro, Pamela Ciubotariu<br \/><br \/>\n<strong>Director:<\/strong> Oriol Segarra<br \/><br \/>\n<strong>Councilor:<\/strong> Josep Felip Moncl\u00fas i Benet<\/p><br \/>\n<p><\/div><\/div>[\/vc_column][\/vc_row]<\/p>\n","protected":false},"excerpt":{"rendered":"<p>[vc_row][vc_column][\/vc_column][\/vc_row][vc_row][vc_column][\/vc_column][\/vc_row]<\/p>\n","protected":false},"author":2,"featured_media":0,"parent":0,"menu_order":207,"comment_status":"closed","ping_status":"closed","template":"","meta":{"footnotes":""},"class_list":["post-6802","page","type-page","status-publish","hentry"],"acf":[],"yoast_head":"<!-- This site is optimized with the Yoast SEO plugin v27.5 - https:\/\/yoast.com\/product\/yoast-seo-wordpress\/ -->\n<title>Credits - Tortosa Turisme<\/title>\n<meta name=\"description\" content=\"The teamwork that has participated to make this website possible.\" \/>\n<meta name=\"robots\" content=\"index, follow, max-snippet:-1, max-image-preview:large, max-video-preview:-1\" \/>\n<link rel=\"canonical\" href=\"https:\/\/www.tortosaturisme.cat\/en\/credits\/\" \/>\n<meta property=\"og:locale\" content=\"en_US\" \/>\n<meta property=\"og:type\" content=\"article\" \/>\n<meta property=\"og:title\" content=\"Credits - Tortosa Turisme\" \/>\n<meta property=\"og:description\" content=\"The teamwork that has participated to make this website possible.\" \/>\n<meta property=\"og:url\" content=\"https:\/\/www.tortosaturisme.cat\/en\/credits\/\" \/>\n<meta property=\"og:site_name\" content=\"tortosaturisme\" \/>\n<meta property=\"article:modified_time\" content=\"2020-07-26T09:39:31+00:00\" \/>\n<meta name=\"twitter:card\" content=\"summary_large_image\" \/>\n<meta name=\"twitter:label1\" content=\"Est. reading time\" \/>\n\t<meta name=\"twitter:data1\" content=\"1 minute\" \/>\n<script type=\"application\/ld+json\" class=\"yoast-schema-graph\">{\"@context\":\"https:\\\/\\\/schema.org\",\"@graph\":[{\"@type\":\"WebPage\",\"@id\":\"https:\\\/\\\/www.tortosaturisme.cat\\\/en\\\/credits\\\/\",\"url\":\"https:\\\/\\\/www.tortosaturisme.cat\\\/en\\\/credits\\\/\",\"name\":\"Credits - Tortosa Turisme\",\"isPartOf\":{\"@id\":\"https:\\\/\\\/www.tortosaturisme.cat\\\/en\\\/#website\"},\"datePublished\":\"2018-03-13T11:14:13+00:00\",\"dateModified\":\"2020-07-26T09:39:31+00:00\",\"description\":\"The teamwork that has participated to make this website possible.\",\"breadcrumb\":{\"@id\":\"https:\\\/\\\/www.tortosaturisme.cat\\\/en\\\/credits\\\/#breadcrumb\"},\"inLanguage\":\"en-US\",\"potentialAction\":[{\"@type\":\"ReadAction\",\"target\":[\"https:\\\/\\\/www.tortosaturisme.cat\\\/en\\\/credits\\\/\"]}]},{\"@type\":\"BreadcrumbList\",\"@id\":\"https:\\\/\\\/www.tortosaturisme.cat\\\/en\\\/credits\\\/#breadcrumb\",\"itemListElement\":[{\"@type\":\"ListItem\",\"position\":1,\"name\":\"Home\",\"item\":\"https:\\\/\\\/www.tortosaturisme.cat\\\/en\\\/home\\\/\"},{\"@type\":\"ListItem\",\"position\":2,\"name\":\"Credits\"}]},{\"@type\":\"WebSite\",\"@id\":\"https:\\\/\\\/www.tortosaturisme.cat\\\/en\\\/#website\",\"url\":\"https:\\\/\\\/www.tortosaturisme.cat\\\/en\\\/\",\"name\":\"tortosaturisme\",\"description\":\"Otro sitio realizado con WordPress\",\"potentialAction\":[{\"@type\":\"SearchAction\",\"target\":{\"@type\":\"EntryPoint\",\"urlTemplate\":\"https:\\\/\\\/www.tortosaturisme.cat\\\/en\\\/?s={search_term_string}\"},\"query-input\":{\"@type\":\"PropertyValueSpecification\",\"valueRequired\":true,\"valueName\":\"search_term_string\"}}],\"inLanguage\":\"en-US\"}]}<\/script>\n<!-- \/ Yoast SEO plugin. -->","yoast_head_json":{"title":"Credits - Tortosa Turisme","description":"The teamwork that has participated to make this website possible.","robots":{"index":"index","follow":"follow","max-snippet":"max-snippet:-1","max-image-preview":"max-image-preview:large","max-video-preview":"max-video-preview:-1"},"canonical":"https:\/\/www.tortosaturisme.cat\/en\/credits\/","og_locale":"en_US","og_type":"article","og_title":"Credits - Tortosa Turisme","og_description":"The teamwork that has participated to make this website possible.","og_url":"https:\/\/www.tortosaturisme.cat\/en\/credits\/","og_site_name":"tortosaturisme","article_modified_time":"2020-07-26T09:39:31+00:00","twitter_card":"summary_large_image","twitter_misc":{"Est. reading time":"1 minute"},"schema":{"@context":"https:\/\/schema.org","@graph":[{"@type":"WebPage","@id":"https:\/\/www.tortosaturisme.cat\/en\/credits\/","url":"https:\/\/www.tortosaturisme.cat\/en\/credits\/","name":"Credits - Tortosa Turisme","isPartOf":{"@id":"https:\/\/www.tortosaturisme.cat\/en\/#website"},"datePublished":"2018-03-13T11:14:13+00:00","dateModified":"2020-07-26T09:39:31+00:00","description":"The teamwork that has participated to make this website possible.","breadcrumb":{"@id":"https:\/\/www.tortosaturisme.cat\/en\/credits\/#breadcrumb"},"inLanguage":"en-US","potentialAction":[{"@type":"ReadAction","target":["https:\/\/www.tortosaturisme.cat\/en\/credits\/"]}]},{"@type":"BreadcrumbList","@id":"https:\/\/www.tortosaturisme.cat\/en\/credits\/#breadcrumb","itemListElement":[{"@type":"ListItem","position":1,"name":"Home","item":"https:\/\/www.tortosaturisme.cat\/en\/home\/"},{"@type":"ListItem","position":2,"name":"Credits"}]},{"@type":"WebSite","@id":"https:\/\/www.tortosaturisme.cat\/en\/#website","url":"https:\/\/www.tortosaturisme.cat\/en\/","name":"tortosaturisme","description":"Otro sitio realizado con WordPress","potentialAction":[{"@type":"SearchAction","target":{"@type":"EntryPoint","urlTemplate":"https:\/\/www.tortosaturisme.cat\/en\/?s={search_term_string}"},"query-input":{"@type":"PropertyValueSpecification","valueRequired":true,"valueName":"search_term_string"}}],"inLanguage":"en-US"}]}},"_links":{"self":[{"href":"https:\/\/www.tortosaturisme.cat\/en\/wp-json\/wp\/v2\/pages\/6802","targetHints":{"allow":["GET"]}}],"collection":[{"href":"https:\/\/www.tortosaturisme.cat\/en\/wp-json\/wp\/v2\/pages"}],"about":[{"href":"https:\/\/www.tortosaturisme.cat\/en\/wp-json\/wp\/v2\/types\/page"}],"author":[{"embeddable":true,"href":"https:\/\/www.tortosaturisme.cat\/en\/wp-json\/wp\/v2\/users\/2"}],"replies":[{"embeddable":true,"href":"https:\/\/www.tortosaturisme.cat\/en\/wp-json\/wp\/v2\/comments?post=6802"}],"version-history":[{"count":6,"href":"https:\/\/www.tortosaturisme.cat\/en\/wp-json\/wp\/v2\/pages\/6802\/revisions"}],"predecessor-version":[{"id":15085,"href":"https:\/\/www.tortosaturisme.cat\/en\/wp-json\/wp\/v2\/pages\/6802\/revisions\/15085"}],"wp:attachment":[{"href":"https:\/\/www.tortosaturisme.cat\/en\/wp-json\/wp\/v2\/media?parent=6802"}],"curies":[{"name":"wp","href":"https:\/\/api.w.org\/{rel}","templated":true}]}}