{"id":7135,"date":"2018-03-26T08:09:50","date_gmt":"2018-03-26T08:09:50","guid":{"rendered":"https:\/\/www.tortosaturisme.cat\/en\/politica-de-privacitat\/"},"modified":"2019-03-07T14:54:33","modified_gmt":"2019-03-07T14:54:33","slug":"politica-de-privacitat","status":"publish","type":"page","link":"https:\/\/www.tortosaturisme.cat\/en\/politica-de-privacitat\/","title":{"rendered":"Pol\u00edtica de privacitat"},"content":{"rendered":"<div class=\"container\" style=\"margin-top: 80px; margin-bottom: 80px;\">\n<h1>Pol\u00edtica de privacitat<\/h1>\n<p>De conformitat amb la normativa de protecci\u00f3 de dades de car\u00e0cter personal, amb la signatura d&#8217;aquest document s&#8217;autoritza que les dades de car\u00e0cter personal proporcionades siguin tractades i incorporades en el fitxer denominat Gesti\u00f3 de Serveis Municipals, responsabilitat de l\u2019Ajuntament de Tortosa.<\/p>\n<p>La finalitat d\u2019aquest tractament \u00e9s incloure les dades per a la prestaci\u00f3 de serveis d&#8217;informaci\u00f3 i promoci\u00f3 tur\u00edstica de la ciutat. Aquestes dades no seran transmeses a terceres persones, llevat dels casos en qu\u00e8 hi hagi una obligaci\u00f3 legal, i seran conservades sempre que sigui imprescindible o leg\u00edtim per a la finalitat que es van captar.<\/p>\n<p>En qualsevol cas es podr\u00e0 indicar la revocaci\u00f3 del consentiment atorgat, aix\u00ed com exercitar els drets d\u2019acc\u00e9s, rectificaci\u00f3 o supressi\u00f3, la limitaci\u00f3 del tractament o d&#8217;oposici\u00f3, aix\u00ed com el dret a la portabilitat de les dades. Aquestes peticions caldr\u00e0 que es facin a l\u2019Ajuntament de Tortosa, Pla\u00e7a d\u2019Espanya n\u00fam.1, 43500 Tortosa (Tarragona) o b\u00e9 per correu electr\u00f2nic a <a href=\"mailto:sac@tortosa.cat\">sac@tortosa.cat<\/a><\/p>\n<p>S\u2019informa que tamb\u00e9 es pot presentar una reclamaci\u00f3, si aix\u00ed es considera, davant l\u2019Autoritat Catalana de Protecci\u00f3 de Dades o b\u00e9 posar-se en contacte amb el Delegat de Protecci\u00f3 de Dades del l&#8217;Ajuntament a <a href=\"mailto:&gt;protecciodades@tortosa.cat\">protecciodades@tortosa.cat<\/a><\/p>\n<\/div>\n","protected":false},"excerpt":{"rendered":"<p>Pol\u00edtica de privacitat De conformitat amb la normativa de protecci\u00f3 de dades de car\u00e0cter personal, amb la signatura d&#8217;aquest document s&#8217;autoritza que les dades de car\u00e0cter personal proporcionades siguin tractades i incorporades en el fitxer denominat Gesti\u00f3 de Serveis Municipals, [&hellip;]<\/p>\n","protected":false},"author":5,"featured_media":0,"parent":0,"menu_order":198,"comment_status":"closed","ping_status":"closed","template":"","meta":{"footnotes":""},"class_list":["post-7135","page","type-page","status-publish","hentry"],"acf":[],"yoast_head":"<!-- This site is optimized with the Yoast SEO plugin v27.5 - https:\/\/yoast.com\/product\/yoast-seo-wordpress\/ -->\n<title>Pol\u00edtica de privacitat - tortosaturisme<\/title>\n<meta name=\"robots\" content=\"index, follow, max-snippet:-1, max-image-preview:large, max-video-preview:-1\" \/>\n<link rel=\"canonical\" href=\"https:\/\/www.tortosaturisme.cat\/en\/politica-de-privacitat\/\" \/>\n<meta property=\"og:locale\" content=\"en_US\" \/>\n<meta property=\"og:type\" content=\"article\" \/>\n<meta property=\"og:title\" content=\"Pol\u00edtica de privacitat - tortosaturisme\" \/>\n<meta property=\"og:description\" content=\"Pol\u00edtica de privacitat De conformitat amb la normativa de protecci\u00f3 de dades de car\u00e0cter personal, amb la signatura d&#8217;aquest document s&#8217;autoritza que les dades de car\u00e0cter personal proporcionades siguin tractades i incorporades en el fitxer denominat Gesti\u00f3 de Serveis Municipals, [&hellip;]\" \/>\n<meta property=\"og:url\" content=\"https:\/\/www.tortosaturisme.cat\/en\/politica-de-privacitat\/\" \/>\n<meta property=\"og:site_name\" content=\"tortosaturisme\" \/>\n<meta property=\"article:modified_time\" content=\"2019-03-07T14:54:33+00:00\" \/>\n<meta name=\"twitter:card\" content=\"summary_large_image\" \/>\n<meta name=\"twitter:label1\" content=\"Est. reading time\" \/>\n\t<meta name=\"twitter:data1\" content=\"1 minute\" \/>\n<script type=\"application\/ld+json\" class=\"yoast-schema-graph\">{\"@context\":\"https:\\\/\\\/schema.org\",\"@graph\":[{\"@type\":\"WebPage\",\"@id\":\"https:\\\/\\\/www.tortosaturisme.cat\\\/en\\\/politica-de-privacitat\\\/\",\"url\":\"https:\\\/\\\/www.tortosaturisme.cat\\\/en\\\/politica-de-privacitat\\\/\",\"name\":\"Pol\u00edtica de privacitat - tortosaturisme\",\"isPartOf\":{\"@id\":\"https:\\\/\\\/www.tortosaturisme.cat\\\/en\\\/#website\"},\"datePublished\":\"2018-03-26T08:09:50+00:00\",\"dateModified\":\"2019-03-07T14:54:33+00:00\",\"breadcrumb\":{\"@id\":\"https:\\\/\\\/www.tortosaturisme.cat\\\/en\\\/politica-de-privacitat\\\/#breadcrumb\"},\"inLanguage\":\"en-US\",\"potentialAction\":[{\"@type\":\"ReadAction\",\"target\":[\"https:\\\/\\\/www.tortosaturisme.cat\\\/en\\\/politica-de-privacitat\\\/\"]}]},{\"@type\":\"BreadcrumbList\",\"@id\":\"https:\\\/\\\/www.tortosaturisme.cat\\\/en\\\/politica-de-privacitat\\\/#breadcrumb\",\"itemListElement\":[{\"@type\":\"ListItem\",\"position\":1,\"name\":\"Home\",\"item\":\"https:\\\/\\\/www.tortosaturisme.cat\\\/en\\\/home\\\/\"},{\"@type\":\"ListItem\",\"position\":2,\"name\":\"Pol\u00edtica de privacitat\"}]},{\"@type\":\"WebSite\",\"@id\":\"https:\\\/\\\/www.tortosaturisme.cat\\\/en\\\/#website\",\"url\":\"https:\\\/\\\/www.tortosaturisme.cat\\\/en\\\/\",\"name\":\"tortosaturisme\",\"description\":\"Otro sitio realizado con WordPress\",\"potentialAction\":[{\"@type\":\"SearchAction\",\"target\":{\"@type\":\"EntryPoint\",\"urlTemplate\":\"https:\\\/\\\/www.tortosaturisme.cat\\\/en\\\/?s={search_term_string}\"},\"query-input\":{\"@type\":\"PropertyValueSpecification\",\"valueRequired\":true,\"valueName\":\"search_term_string\"}}],\"inLanguage\":\"en-US\"}]}<\/script>\n<!-- \/ Yoast SEO plugin. -->","yoast_head_json":{"title":"Pol\u00edtica de privacitat - tortosaturisme","robots":{"index":"index","follow":"follow","max-snippet":"max-snippet:-1","max-image-preview":"max-image-preview:large","max-video-preview":"max-video-preview:-1"},"canonical":"https:\/\/www.tortosaturisme.cat\/en\/politica-de-privacitat\/","og_locale":"en_US","og_type":"article","og_title":"Pol\u00edtica de privacitat - tortosaturisme","og_description":"Pol\u00edtica de privacitat De conformitat amb la normativa de protecci\u00f3 de dades de car\u00e0cter personal, amb la signatura d&#8217;aquest document s&#8217;autoritza que les dades de car\u00e0cter personal proporcionades siguin tractades i incorporades en el fitxer denominat Gesti\u00f3 de Serveis Municipals, [&hellip;]","og_url":"https:\/\/www.tortosaturisme.cat\/en\/politica-de-privacitat\/","og_site_name":"tortosaturisme","article_modified_time":"2019-03-07T14:54:33+00:00","twitter_card":"summary_large_image","twitter_misc":{"Est. reading time":"1 minute"},"schema":{"@context":"https:\/\/schema.org","@graph":[{"@type":"WebPage","@id":"https:\/\/www.tortosaturisme.cat\/en\/politica-de-privacitat\/","url":"https:\/\/www.tortosaturisme.cat\/en\/politica-de-privacitat\/","name":"Pol\u00edtica de privacitat - tortosaturisme","isPartOf":{"@id":"https:\/\/www.tortosaturisme.cat\/en\/#website"},"datePublished":"2018-03-26T08:09:50+00:00","dateModified":"2019-03-07T14:54:33+00:00","breadcrumb":{"@id":"https:\/\/www.tortosaturisme.cat\/en\/politica-de-privacitat\/#breadcrumb"},"inLanguage":"en-US","potentialAction":[{"@type":"ReadAction","target":["https:\/\/www.tortosaturisme.cat\/en\/politica-de-privacitat\/"]}]},{"@type":"BreadcrumbList","@id":"https:\/\/www.tortosaturisme.cat\/en\/politica-de-privacitat\/#breadcrumb","itemListElement":[{"@type":"ListItem","position":1,"name":"Home","item":"https:\/\/www.tortosaturisme.cat\/en\/home\/"},{"@type":"ListItem","position":2,"name":"Pol\u00edtica de privacitat"}]},{"@type":"WebSite","@id":"https:\/\/www.tortosaturisme.cat\/en\/#website","url":"https:\/\/www.tortosaturisme.cat\/en\/","name":"tortosaturisme","description":"Otro sitio realizado con WordPress","potentialAction":[{"@type":"SearchAction","target":{"@type":"EntryPoint","urlTemplate":"https:\/\/www.tortosaturisme.cat\/en\/?s={search_term_string}"},"query-input":{"@type":"PropertyValueSpecification","valueRequired":true,"valueName":"search_term_string"}}],"inLanguage":"en-US"}]}},"_links":{"self":[{"href":"https:\/\/www.tortosaturisme.cat\/en\/wp-json\/wp\/v2\/pages\/7135","targetHints":{"allow":["GET"]}}],"collection":[{"href":"https:\/\/www.tortosaturisme.cat\/en\/wp-json\/wp\/v2\/pages"}],"about":[{"href":"https:\/\/www.tortosaturisme.cat\/en\/wp-json\/wp\/v2\/types\/page"}],"author":[{"embeddable":true,"href":"https:\/\/www.tortosaturisme.cat\/en\/wp-json\/wp\/v2\/users\/5"}],"replies":[{"embeddable":true,"href":"https:\/\/www.tortosaturisme.cat\/en\/wp-json\/wp\/v2\/comments?post=7135"}],"version-history":[{"count":2,"href":"https:\/\/www.tortosaturisme.cat\/en\/wp-json\/wp\/v2\/pages\/7135\/revisions"}],"predecessor-version":[{"id":8925,"href":"https:\/\/www.tortosaturisme.cat\/en\/wp-json\/wp\/v2\/pages\/7135\/revisions\/8925"}],"wp:attachment":[{"href":"https:\/\/www.tortosaturisme.cat\/en\/wp-json\/wp\/v2\/media?parent=7135"}],"curies":[{"name":"wp","href":"https:\/\/api.w.org\/{rel}","templated":true}]}}