{"id":7876,"date":"2018-03-26T08:01:21","date_gmt":"2018-03-26T08:01:21","guid":{"rendered":"https:\/\/www.tortosaturisme.cat\/en\/avis-cookies\/"},"modified":"2020-08-15T15:09:57","modified_gmt":"2020-08-15T15:09:57","slug":"avis-cookies","status":"publish","type":"page","link":"https:\/\/www.tortosaturisme.cat\/en\/avis-cookies\/","title":{"rendered":"Av\u00eds cookies"},"content":{"rendered":"<div class=\"container\" style=\"padding-top: 80px;\">\n<p><span style=\"font-weight: 400;\">AVIS DE COOKIES <\/span><span style=\"font-weight: 400;\">Els hi informen que per un bon funcionament de la web www.tortosaturisme.cat , el sistema de navegaci\u00f3 \u00a0utilitza algunes dades de navegaci\u00f3 (\u201cCookies\u201d) per poder oferir un servei m\u00e9s acurat als usuaris de la web. Les \u201cCookies\u201d s\u00f3n petits arxius de text que el navegador emmagatzema quan es navega per llocs web i aplicacions. Es pot recollir l\u2019adre\u00e7a IP que utilitza l\u2019ordinador per connectar-se al lloc web, l\u2019adre\u00e7a URL de la p\u00e0gina web demanada, l\u2019hora de la connexi\u00f3 i altres par\u00e0metres relatius al sistema operatiu de l\u2019entorn inform\u00e0tic de l\u2018usuari. Aquesta informaci\u00f3 nom\u00e9s recull per identificar la sessi\u00f3 amb l\u2019objectiu de facilitar les an\u00e0lisis del lloc web. <\/span><\/p>\n<p>&nbsp;<\/p>\n<p><span style=\"font-weight: 400;\">AJUNTAMENT DE TORTOSA en la seva web utilitza \u201ccookies\u201d de tercers; i en concret de Google Analytics; que es un servei d\u2019estad\u00edstiques de p\u00e0gines web que ofereix Google, Inc. Google Analytics recull informaci\u00f3 de l\u2019equip de l\u2019usuari per obtenir \u00a0informes sobre l\u2019activitat de l\u2019aplicaci\u00f3; emmagatzema la informaci\u00f3 recollida per les \u201ccookies\u201d en servidors als Estats Units.<\/span><\/p>\n<p>&nbsp;<\/p>\n<p><span style=\"font-weight: 400;\">En tot cas, en el sup\u00f2sit que es captin dades de car\u00e0cter personal i en aquest cas, nom\u00e9s l\u2019adre\u00e7a ip d\u2019acc\u00e9s; els hi informem que aquestes \u00a0seran tractades i incorporades en un Fitxer denominat \u201cMarketing\u201d responsabilitat de AJUNTAMENT DE TORTOSA<\/span> <span style=\"font-weight: 400;\">. <\/span><\/p>\n<p><span style=\"font-weight: 400;\">Conforme all\u00f2 disposat en la normativa de Protecci\u00f3 de Dades de Car\u00e0cter Personal, li informem que pot exercitar els drets d\u2019acc\u00e9s, rectificaci\u00f3 o supressi\u00f3, la limitaci\u00f3 del tractament o oposar-se, aix\u00ed com el dret a la portabilitat de les dades a: Pla\u00e7a d\u2019Espanya n\u00ba1, 43500, Tortosa (TARRAGONA).<\/span><\/p>\n<p>&nbsp;<\/p>\n<p><span style=\"font-weight: 400;\">S\u2019informa l\u2019usuari que Google podr\u00e0 transmetre aquesta informaci\u00f3 a tercers quan aix\u00ed ho requereixi la llei, o quan aquests tercers processin la informaci\u00f3 per compte de Google. Google no associar\u00e0 l\u2019adre\u00e7a IP de l\u2019usuari amb cap altra dada de qu\u00e8 disposi, i per tant ho far\u00e0 totalment de forma anonimitzada.<\/span><\/p>\n<p><span style=\"font-weight: 400;\">Per rebutjar o eliminar aquesta \u201ccookie\u201d es pot consultar la seg\u00fcent adre\u00e7a:<\/span><\/p>\n<p><a href=\"http:\/\/www.google.com\/intl\/ca\/policies\/privacy\/\"><span style=\"font-weight: 400;\">http:\/\/www.google.com\/intl\/ca\/policies\/privacy\/<\/span><\/a><\/p>\n<p><a href=\"http:\/\/www.google.com\/intl\/en\/privacypolicy.html\"><span style=\"font-weight: 400;\">http:\/\/www.google.com\/intl\/en\/privacypolicy.html<\/span><\/a><\/p>\n<p>&nbsp;<\/p>\n<p><span style=\"font-weight: 400;\">DESACTIVACI\u00d3 I BLOQUEIG DE LES COOKIES <\/span><\/p>\n<p>&nbsp;<\/p>\n<p><span style=\"font-weight: 400;\">En qualsevol cas, l\u2019 usuari pot habilitar l\u2019opci\u00f3 del seu propi sistema de navegaci\u00f3 per tal de no permetre la instal\u00b7laci\u00f3 de cookies; sense que en cap cas AJUNTAMENT DE TORTOSA pugui ser responsable de que la inhabilitaci\u00f3 de Cookies comporti que alguns dels serveis que ofereix aquesta web no funcionin correctament. <\/span><\/p>\n<p>&nbsp;<\/p>\n<p><span style=\"font-weight: 400;\">En els seg\u00fcents enlla\u00e7os, \u00a0podr\u00e0 trobar instruccions que l\u2019ajudaran a configurar els ajustos dels principals navegadors m\u00e9s utilitzats. <\/span><\/p>\n<p>&nbsp;<\/p>\n<table>\n<tbody>\n<tr>\n<td><span style=\"font-weight: 400;\">Internet Explorer:<\/span><\/td>\n<td><a href=\"https:\/\/support.microsoft.com\/es-es\/help\/17442\/windows-internet-explorer-delete-manage-cookies\"><span style=\"font-weight: 400;\">https:\/\/support.microsoft.com\/es-es\/help\/17442\/windows-internet-explorer-delete-manage-cookies<\/span><\/a><\/td>\n<\/tr>\n<tr>\n<td><span style=\"font-weight: 400;\">Google Chrome:<\/span><\/td>\n<td><a href=\"https:\/\/support.google.com\/chrome\/answer\/95647?hl=es\"><span style=\"font-weight: 400;\">https:\/\/support.google.com\/chrome\/answer\/95647?hl=es<\/span><\/a><\/td>\n<\/tr>\n<tr>\n<td><span style=\"font-weight: 400;\">Mozilla Firefox:<\/span><\/td>\n<td><a href=\"https:\/\/support.mozilla.org\/es\/kb\/Deshabilitar%20cookies%20de%20terceros\">https:\/\/support.mozilla.org\/es\/kb\/Deshabilitar%20cookies%20de%20terceros\u00a0<\/a><\/td>\n<\/tr>\n<tr>\n<td><span style=\"font-weight: 400;\">Safari:<\/span><\/td>\n<td><a href=\"https:\/\/support.apple.com\/es-es\/safari\">https:\/\/support.apple.com\/es-es\/safari<\/a><\/td>\n<\/tr>\n<tr>\n<td><span style=\"font-weight: 400;\">Safari para IOS (Iphone, IPad):<\/span><\/td>\n<td><a href=\"https:\/\/support.apple.com\/es-es\/HT201265\">https:\/\/support.apple.com\/es-es\/HT201265<\/a><\/td>\n<\/tr>\n<tr>\n<td><span style=\"font-weight: 400;\">Chrome para Android:<\/span><\/td>\n<td><a href=\"https:\/\/support.google.com\/chrome\/answer\/2392971?hl=es\"><span style=\"font-weight: 400;\">https:\/\/support.google.com\/chrome\/answer\/2392971?hl=es<\/span><\/a><\/td>\n<\/tr>\n<\/tbody>\n<\/table>\n<p>&nbsp;<\/p>\n<p><span style=\"font-weight: 400;\">Si es desitja m\u00e9s informaci\u00f3 sobre les cookies i la seva manera de deshabilitar-les segons el seu sistema de navegaci\u00f3 pot consultar els <\/span><\/p>\n<p><span style=\"font-weight: 400;\">seg\u00fcents links:\u00a0<a href=\"https:\/\/www.allaboutcookies.org\/es\/\">https:\/\/www.allaboutcookies.org\/es\/<\/a><\/span><\/p>\n<p><span style=\"font-weight: 400;\">En cas contrari, i havent informat AJUNTAMENT DE TORTOSA de l\u2019 \u00fas de cookies, i sense que aquestes hagin estat inhabilitades implica que l\u2019usuari d\u00f3na el seu consentiment al tractament de dades per Google en la forma prevista en aquest av\u00eds i per les finalitats aqu\u00ed descrites.<\/span><\/p>\n<p>&nbsp;<\/p>\n<p><span style=\"font-weight: 400;\">En cas de dubte o de qualsevol comentari, es pot dirigir a AJUNTAMENT DE TORTOSA<\/span> <span style=\"font-weight: 400;\">a traves dels seus mitjans d\u2019atenci\u00f3 al p\u00fablic o b\u00e9 comunicar-se amb nosaltres a trav\u00e9s de: <\/span><a href=\"mailto:info@tortosaturisme.cat\"><span style=\"font-weight: 400;\">info@tortosaturisme.cat<\/span><\/a><\/p>\n<p>&nbsp;<\/p>\n<\/div>\n","protected":false},"excerpt":{"rendered":"<p>AVIS DE COOKIES Els hi informen que per un bon funcionament de la web www.tortosaturisme.cat , el sistema de navegaci\u00f3 \u00a0utilitza algunes dades de navegaci\u00f3 (\u201cCookies\u201d) per poder oferir un servei m\u00e9s acurat als usuaris de la web. Les \u201cCookies\u201d [&hellip;]<\/p>\n","protected":false},"author":5,"featured_media":0,"parent":0,"menu_order":203,"comment_status":"closed","ping_status":"closed","template":"","meta":{"footnotes":""},"class_list":["post-7876","page","type-page","status-publish","hentry"],"acf":[],"yoast_head":"<!-- This site is optimized with the Yoast SEO plugin v27.5 - https:\/\/yoast.com\/product\/yoast-seo-wordpress\/ -->\n<title>Av\u00eds cookies - tortosaturisme<\/title>\n<meta name=\"robots\" content=\"index, follow, max-snippet:-1, max-image-preview:large, max-video-preview:-1\" \/>\n<link rel=\"canonical\" href=\"https:\/\/www.tortosaturisme.cat\/en\/avis-cookies\/\" \/>\n<meta property=\"og:locale\" content=\"en_US\" \/>\n<meta property=\"og:type\" content=\"article\" \/>\n<meta property=\"og:title\" content=\"Av\u00eds cookies - tortosaturisme\" \/>\n<meta property=\"og:description\" content=\"AVIS DE COOKIES Els hi informen que per un bon funcionament de la web www.tortosaturisme.cat , el sistema de navegaci\u00f3 \u00a0utilitza algunes dades de navegaci\u00f3 (\u201cCookies\u201d) per poder oferir un servei m\u00e9s acurat als usuaris de la web. Les \u201cCookies\u201d [&hellip;]\" \/>\n<meta property=\"og:url\" content=\"https:\/\/www.tortosaturisme.cat\/en\/avis-cookies\/\" \/>\n<meta property=\"og:site_name\" content=\"tortosaturisme\" \/>\n<meta property=\"article:modified_time\" content=\"2020-08-15T15:09:57+00:00\" \/>\n<meta name=\"twitter:card\" content=\"summary_large_image\" \/>\n<meta name=\"twitter:label1\" content=\"Est. reading time\" \/>\n\t<meta name=\"twitter:data1\" content=\"3 minutes\" \/>\n<script type=\"application\/ld+json\" class=\"yoast-schema-graph\">{\"@context\":\"https:\\\/\\\/schema.org\",\"@graph\":[{\"@type\":\"WebPage\",\"@id\":\"https:\\\/\\\/www.tortosaturisme.cat\\\/en\\\/avis-cookies\\\/\",\"url\":\"https:\\\/\\\/www.tortosaturisme.cat\\\/en\\\/avis-cookies\\\/\",\"name\":\"Av\u00eds cookies - tortosaturisme\",\"isPartOf\":{\"@id\":\"https:\\\/\\\/www.tortosaturisme.cat\\\/en\\\/#website\"},\"datePublished\":\"2018-03-26T08:01:21+00:00\",\"dateModified\":\"2020-08-15T15:09:57+00:00\",\"breadcrumb\":{\"@id\":\"https:\\\/\\\/www.tortosaturisme.cat\\\/en\\\/avis-cookies\\\/#breadcrumb\"},\"inLanguage\":\"en-US\",\"potentialAction\":[{\"@type\":\"ReadAction\",\"target\":[\"https:\\\/\\\/www.tortosaturisme.cat\\\/en\\\/avis-cookies\\\/\"]}]},{\"@type\":\"BreadcrumbList\",\"@id\":\"https:\\\/\\\/www.tortosaturisme.cat\\\/en\\\/avis-cookies\\\/#breadcrumb\",\"itemListElement\":[{\"@type\":\"ListItem\",\"position\":1,\"name\":\"Home\",\"item\":\"https:\\\/\\\/www.tortosaturisme.cat\\\/en\\\/home\\\/\"},{\"@type\":\"ListItem\",\"position\":2,\"name\":\"Av\u00eds cookies\"}]},{\"@type\":\"WebSite\",\"@id\":\"https:\\\/\\\/www.tortosaturisme.cat\\\/en\\\/#website\",\"url\":\"https:\\\/\\\/www.tortosaturisme.cat\\\/en\\\/\",\"name\":\"tortosaturisme\",\"description\":\"Otro sitio realizado con WordPress\",\"potentialAction\":[{\"@type\":\"SearchAction\",\"target\":{\"@type\":\"EntryPoint\",\"urlTemplate\":\"https:\\\/\\\/www.tortosaturisme.cat\\\/en\\\/?s={search_term_string}\"},\"query-input\":{\"@type\":\"PropertyValueSpecification\",\"valueRequired\":true,\"valueName\":\"search_term_string\"}}],\"inLanguage\":\"en-US\"}]}<\/script>\n<!-- \/ Yoast SEO plugin. -->","yoast_head_json":{"title":"Av\u00eds cookies - tortosaturisme","robots":{"index":"index","follow":"follow","max-snippet":"max-snippet:-1","max-image-preview":"max-image-preview:large","max-video-preview":"max-video-preview:-1"},"canonical":"https:\/\/www.tortosaturisme.cat\/en\/avis-cookies\/","og_locale":"en_US","og_type":"article","og_title":"Av\u00eds cookies - tortosaturisme","og_description":"AVIS DE COOKIES Els hi informen que per un bon funcionament de la web www.tortosaturisme.cat , el sistema de navegaci\u00f3 \u00a0utilitza algunes dades de navegaci\u00f3 (\u201cCookies\u201d) per poder oferir un servei m\u00e9s acurat als usuaris de la web. Les \u201cCookies\u201d [&hellip;]","og_url":"https:\/\/www.tortosaturisme.cat\/en\/avis-cookies\/","og_site_name":"tortosaturisme","article_modified_time":"2020-08-15T15:09:57+00:00","twitter_card":"summary_large_image","twitter_misc":{"Est. reading time":"3 minutes"},"schema":{"@context":"https:\/\/schema.org","@graph":[{"@type":"WebPage","@id":"https:\/\/www.tortosaturisme.cat\/en\/avis-cookies\/","url":"https:\/\/www.tortosaturisme.cat\/en\/avis-cookies\/","name":"Av\u00eds cookies - tortosaturisme","isPartOf":{"@id":"https:\/\/www.tortosaturisme.cat\/en\/#website"},"datePublished":"2018-03-26T08:01:21+00:00","dateModified":"2020-08-15T15:09:57+00:00","breadcrumb":{"@id":"https:\/\/www.tortosaturisme.cat\/en\/avis-cookies\/#breadcrumb"},"inLanguage":"en-US","potentialAction":[{"@type":"ReadAction","target":["https:\/\/www.tortosaturisme.cat\/en\/avis-cookies\/"]}]},{"@type":"BreadcrumbList","@id":"https:\/\/www.tortosaturisme.cat\/en\/avis-cookies\/#breadcrumb","itemListElement":[{"@type":"ListItem","position":1,"name":"Home","item":"https:\/\/www.tortosaturisme.cat\/en\/home\/"},{"@type":"ListItem","position":2,"name":"Av\u00eds cookies"}]},{"@type":"WebSite","@id":"https:\/\/www.tortosaturisme.cat\/en\/#website","url":"https:\/\/www.tortosaturisme.cat\/en\/","name":"tortosaturisme","description":"Otro sitio realizado con WordPress","potentialAction":[{"@type":"SearchAction","target":{"@type":"EntryPoint","urlTemplate":"https:\/\/www.tortosaturisme.cat\/en\/?s={search_term_string}"},"query-input":{"@type":"PropertyValueSpecification","valueRequired":true,"valueName":"search_term_string"}}],"inLanguage":"en-US"}]}},"_links":{"self":[{"href":"https:\/\/www.tortosaturisme.cat\/en\/wp-json\/wp\/v2\/pages\/7876","targetHints":{"allow":["GET"]}}],"collection":[{"href":"https:\/\/www.tortosaturisme.cat\/en\/wp-json\/wp\/v2\/pages"}],"about":[{"href":"https:\/\/www.tortosaturisme.cat\/en\/wp-json\/wp\/v2\/types\/page"}],"author":[{"embeddable":true,"href":"https:\/\/www.tortosaturisme.cat\/en\/wp-json\/wp\/v2\/users\/5"}],"replies":[{"embeddable":true,"href":"https:\/\/www.tortosaturisme.cat\/en\/wp-json\/wp\/v2\/comments?post=7876"}],"version-history":[{"count":4,"href":"https:\/\/www.tortosaturisme.cat\/en\/wp-json\/wp\/v2\/pages\/7876\/revisions"}],"predecessor-version":[{"id":15613,"href":"https:\/\/www.tortosaturisme.cat\/en\/wp-json\/wp\/v2\/pages\/7876\/revisions\/15613"}],"wp:attachment":[{"href":"https:\/\/www.tortosaturisme.cat\/en\/wp-json\/wp\/v2\/media?parent=7876"}],"curies":[{"name":"wp","href":"https:\/\/api.w.org\/{rel}","templated":true}]}}