{"id":10366,"date":"2019-07-25T08:12:37","date_gmt":"2019-07-25T08:12:37","guid":{"rendered":"https:\/\/www.tortosaturisme.cat\/es\/cicloturisme-en-familia\/"},"modified":"2023-03-21T13:44:23","modified_gmt":"2023-03-21T13:44:23","slug":"cicloturismo-en-familia","status":"publish","type":"page","link":"https:\/\/www.tortosaturisme.cat\/es\/cicloturismo-en-familia\/","title":{"rendered":"Cicloturismo en fam\u00edlia"},"content":{"rendered":"<p>[vc_row][vc_column]<div class=\"vc-incubalia-big-header\"><h1 class=\"vc-incubalia-big-header__title\">Bicicleta en familia<\/h1><img decoding=\"async\" class=\"vc-incubalia-big-header__mobile-picture\" src=\"https:\/\/www.tortosaturisme.cat\/wp-content\/uploads\/2019\/07\/Cicloturisme-en-familia-6-mb-768x450.jpg\">\n                  <img decoding=\"async\" class=\"vc-incubalia-big-header__desktop-picture\" src=\"https:\/\/www.tortosaturisme.cat\/wp-content\/uploads\/2019\/07\/Cicloturisme-en-familia-6-dsk-1920x700.jpg\"><\/div>[\/vc_column][\/vc_row][vc_row][vc_column]<div class=\"vc-incubalia-text-1-column-subtitle\"><h3 class=\"vc-incubalia-text-1-column-subtitle__subtitle\">Tortosa es el destino indicado para las familias que quieren disfrutar de unos d\u00edas realizando actividades en bicicleta con los m\u00e1s peque\u00f1os<\/h3><div class=\"vc-incubalia-text-1-column-subtitle__text\">La ciudad del Ebro tiene un tama\u00f1o mediano, dispone de carril bici y es el inicio de la <strong>V\u00eda Verde<\/strong>, que atraviesa el r\u00edo por el puente del ferrocarril o puente rojo. <strong>Un lugar perfecto, adem\u00e1s, si queremos descubrir tambi\u00e9n el cercano Delta del Ebro o la V\u00eda Verda de la Terra Alta<\/strong> que hacen de Tortosa un para\u00edso para la pr\u00e1ctica del cicloturismo.<\/div><\/div><div class=\"vc-incubalia-video-full-width\"><img decoding=\"async\" class=\"vc-incubalia-video-full-width__image-mobile\" src=\"https:\/\/www.tortosaturisme.cat\/wp-content\/uploads\/2019\/07\/Video-768x350.jpg\"><img decoding=\"async\" class=\"vc-incubalia-video-full-width__image-desktop\" src=\"https:\/\/www.tortosaturisme.cat\/wp-content\/uploads\/2019\/07\/Video-via-verda-en-familia-1920x550.jpg\"><div id=\"3f08dd62a5\" class=\"vc-incubalia-video-full-width__play-button\"><img decoding=\"async\" class=\"play-button\" src=\"https:\/\/www.tortosaturisme.cat\/wp-content\/plugins\/vc-incubalia-elements\/elements\/..\/assets\/img\/video-play.png\"><\/div><div class=\"vc-incubalia-video-full-width__youtube-iframe\"><iframe loading=\"lazy\" width=\"560\" height=\"315\" src=\"https:\/\/www.youtube.com\/embed\/v9XqBPYZ62U\" frameborder=\"0\" allowfullscreen><\/iframe><\/div><\/div><script>(function($) {\n                $(function() {\n                    $('#3f08dd62a5').on('click', function() {\n                        $(this).parent().parent().find('.vc-incubalia-video-full-width').addClass('play');\n                        \/\/$(this).parent().parent().find('.vc-incubalia-video-full-width__youtube-iframe iframe').attr('src', $('.vc-incubalia-video-full-width__youtube-iframe iframe').attr('src') + '?autoplay=1');\n                    });\n                });\n\n                $(window).load(function() {\n                    height = $('.vc-incubalia-video-full-width').height();\n                    setYoutubeIframeDimensions();\n                });\n\n                $(window).resize(function() {\n                    setYoutubeIframeDimensions();\n                });\n\n                function setYoutubeIframeDimensions()\n                {\n                    if ($('.vc-incubalia-video-full-width').height() > 0) {\n                        height = $('.vc-incubalia-video-full-width').height();\n                    }\n                    $('.vc-incubalia-video-full-width__youtube-iframe iframe').attr('height', height);\n                    let width = height * 16 \/ 9;\n                    $('.vc-incubalia-video-full-width__youtube-iframe iframe').attr('width', width);\n                }\n            })(jQuery)<\/script>[\/vc_column][\/vc_row][vc_row][vc_column]<div class=\"vc-incubalia-text-1-column-subtitle\"><h2 class=\"vc-incubalia-text-1-column-subtitle__title\">La V\u00eda Verde<\/h2><h3 class=\"vc-incubalia-text-1-column-subtitle__subtitle\">Conecta con la naturaleza y ad\u00e9ntrate por paisajes incre\u00edbles<\/h3><div class=\"vc-incubalia-text-1-column-subtitle__text\"><strong><a href=\"https:\/\/www.tortosaturisme.cat\/es\/la-via-verde\/\">La V\u00eda Verde<\/a> se inicia en Tortosa<\/strong>, a trav\u00e9s del ic\u00f3nico puente del ferrocarril o puente rojo y atraviesa las poblaciones de Roquetes, Jes\u00fas, Aldover, Xerta y Benifallet, desde donde contin\u00faa por la comarca vecina de la Terra Alta direcci\u00f3n al Pinell de Brai, Prat de Compte, Bot, Horta de Sant Joan y Arnes. Una buena opci\u00f3n para realizar una <strong>buena jornada de bicicleta en familia<\/strong> es escoger un tramo sencillo y llano (o cuesta abajo), como Tortosa-Aldover (20km). Nos permitir\u00e1 hacer una prueba de lo que es la V\u00eda Verde de forma tranquila, sin prisas y sin una gran exigencia f\u00edsica. La V\u00eda Verde os conectar\u00e1 con la naturaleza y disfrutar\u00e9is de impresionantes parajes llenos de paz y de aire puro, ya que<strong> \u00a1Solamente se puede ir en bicicleta, a pie o a caballo!<\/strong><\/div><\/div><div class=\"vc-incubalia-text-image-full\"><div class=\"vc-incubalia-text-image-full__image-container\"><img decoding=\"async\" class=\"vc-incubalia-text-image-full__image-mobile\" alt=\"\" src=\"https:\/\/www.tortosaturisme.cat\/wp-content\/uploads\/2019\/07\/Cicloturisme-en-familia-7-mb-768x350-768x350.jpg\"><img decoding=\"async\" class=\"vc-incubalia-text-image-full__image-desktop\" alt=\"\" src=\"https:\/\/www.tortosaturisme.cat\/wp-content\/uploads\/2019\/07\/Cicloturisme-en-familia-7-dsk-1920x550.jpg\"><h2 class=\"vc-incubalia-text-image-full__title\">Pedalea por la ciudad<\/h2><i class=\"arrow-down\"><\/i><\/div><div class=\"vc-incubalia-text-image-full__text-container\"><h2 class=\"vc-incubalia-text-image-full__subtitle\">UNA VISITA DESDE OTRO PUNTO DE VISTA<\/h2><div class=\"vc-incubalia-text-image-full__text\"><strong>La misma ciudad de Tortosa<\/strong> tambi\u00e9n permite realizar una <strong>peque\u00f1a jornada de bicicleta<\/strong> por el centro de la ciudad. As\u00ed, en vez de conocer la <strong>Catedral<\/strong>, el <strong>Palacio Episcopal<\/strong>, el paseo por la orilla del Ebro, el <strong>Parque Teodoro Gonz\u00e1lez<\/strong>, la lonja y el emblem\u00e1tico <strong>puente del ferrocarril<\/strong> a pie, podemos hacerlo en bicicleta. Seguro que a los peque\u00f1os todav\u00eda les gustar\u00e1 m\u00e1s la visita.<\/div><\/div><\/div><div class=\"vc-incubalia-text-image-full\"><div class=\"vc-incubalia-text-image-full__image-container\"><img decoding=\"async\" class=\"vc-incubalia-text-image-full__image-mobile\" alt=\"\" src=\"https:\/\/www.tortosaturisme.cat\/wp-content\/uploads\/2019\/06\/Cicloturisme-en-familia-4-mb-768x350.jpg\"><img decoding=\"async\" class=\"vc-incubalia-text-image-full__image-desktop\" alt=\"\" src=\"https:\/\/www.tortosaturisme.cat\/wp-content\/uploads\/2019\/06\/Cicloturisme-en-familia-4-dsk-1920x550.jpg\"><h2 class=\"vc-incubalia-text-image-full__title\">CON TODO LO QUE NECESITES<\/h2><i class=\"arrow-down\"><\/i><\/div><div class=\"vc-incubalia-text-image-full__text-container\"><h2 class=\"vc-incubalia-text-image-full__subtitle\">HAZ TU ESCAPADA M\u00c1S F\u00c1CIL<\/h2><div class=\"vc-incubalia-text-image-full__text\">Si no quer\u00e9is cargar con las bicicletas, en la ciudad hay diversas empresas que las alquilan, tambi\u00e9n el\u00e9ctricas, y que ofrecen servicio de transfer para llevaros o recogeros desde un punto de la V\u00eda Verde e incluso algunos establecimientos hoteleros disponen de espacios adaptados al cicloturismo&#8230;Todas las facilidades para no tener que preocuparse, solamente de disfrutar sobre ruedas!.<\/div><\/div><\/div>[\/vc_column][\/vc_row][vc_row][vc_column]<div class=\"vc-incubalia-4-images\"><div class=\"vc-incubalia-4-images__image has-url\"\"><a href=\"\/es\/rutas-en-bici\/?bike_route-type=en-familia-es\"><img decoding=\"async\" src=\"https:\/\/www.tortosaturisme.cat\/wp-content\/uploads\/2019\/06\/Cicloturisme-en-familia-b-900x400-6.jpg\" alt=\"\"><\/a><div class=\"vc-incubalia-4-images__image-text-container\"><p class=\"vc-incubalia-4-images__image-title\">Rutas familiares<\/p><p class=\"vc-incubalia-4-images__image-subtitle\">Rutas con ni\u00f1os a partir de 7 a\u00f1os<\/p><\/div><div class=\"vc-incubalia-4-images__image-url-container\"><span class=\"vc-incubalia-4-images__image-url\">Leer m\u00e1s<\/span><\/div><\/div><div class=\"vc-incubalia-4-images__image has-url\"\"><a href=\"\/es\/experiencias\/?experience-type=bicicletes-es&list-view=cards\"><img decoding=\"async\" src=\"https:\/\/www.tortosaturisme.cat\/wp-content\/uploads\/2019\/06\/Cicloturisme-en-familia-b-900-x-400-5.jpg\" alt=\"\"><\/a><div class=\"vc-incubalia-4-images__image-text-container\"><p class=\"vc-incubalia-4-images__image-title\">Alquiler de bicicletas<\/p><p class=\"vc-incubalia-4-images__image-subtitle\">No cargues con la bici, alqu\u00edlala en Tortosa y empieza a pedalear<\/p><\/div><div class=\"vc-incubalia-4-images__image-url-container\"><span class=\"vc-incubalia-4-images__image-url\">Leer m\u00e1s<\/span><\/div><\/div><div class=\"vc-incubalia-4-images__image has-url\"\"><a href=\"\/es\/empresas-turisticas\/?tourist_company-type=cicloturisme-es&list-view=cards\"><img decoding=\"async\" src=\"https:\/\/www.tortosaturisme.cat\/wp-content\/uploads\/2019\/06\/Cicloturisme-en-familia-b-900x400-4.jpg\" alt=\"\"><\/a><div class=\"vc-incubalia-4-images__image-text-container\"><p class=\"vc-incubalia-4-images__image-title\">Servicios a los ciclistas<\/p><p class=\"vc-incubalia-4-images__image-subtitle\"> Transfer, taller, tienda, todo lo que necesites para una escapada sin complicaciones<\/p><\/div><div class=\"vc-incubalia-4-images__image-url-container\"><span class=\"vc-incubalia-4-images__image-url\">Leer m\u00e1s<\/span><\/div><\/div><div class=\"vc-incubalia-4-images__image has-url\"\"><a href=\"https:\/\/www.tortosaturisme.cat\/es\/descarregues-cicloturisme\/\"><img decoding=\"async\" src=\"https:\/\/www.tortosaturisme.cat\/wp-content\/uploads\/2019\/06\/Cicloturisme-en-familia-b-900x400-7.jpg\" alt=\"\"><\/a><div class=\"vc-incubalia-4-images__image-text-container\"><p class=\"vc-incubalia-4-images__image-title\">Rutas en papel<\/p><p class=\"vc-incubalia-4-images__image-subtitle\">Desc\u00e1rgate el material editado<\/p><\/div><div class=\"vc-incubalia-4-images__image-url-container\"><span class=\"vc-incubalia-4-images__image-url\">Leer m\u00e1s<\/span><\/div><\/div><\/div>[\/vc_column][\/vc_row][vc_row][vc_column]<div class=\"vc-incubalia-3-images\"><h2 class=\"vc-incubalia-3-images__title\">Te proponemos<\/h2><div class=\"vc-incubalia-3-images__image\"><a href=\"\/es\/home-ninos\/\"><img decoding=\"async\" src=\"https:\/\/www.tortosaturisme.cat\/wp-content\/uploads\/2018\/02\/B-800-600-escapada-finde.jpg\" alt=\"\"><\/a><a href=\"\/es\/home-ninos\/\"><p class=\"vc-incubalia-3-images__image-title\">Ven en familia<\/p><\/a><p class=\"vc-incubalia-3-images__image-subtitle\">Haz de Tortosa el escenario de vuestra aventura<\/p><\/div><div class=\"vc-incubalia-3-images__image\"><a href=\"\/es\/la-cocina-de-las-tierras-del-ebro\/\"><img decoding=\"async\" src=\"https:\/\/www.tortosaturisme.cat\/wp-content\/uploads\/2018\/02\/B-800-600-cuina.jpg\" alt=\"\"><\/a><a href=\"\/es\/la-cocina-de-las-tierras-del-ebro\/\"><p class=\"vc-incubalia-3-images__image-title\">Gastronom\u00eda<\/p><\/a><p class=\"vc-incubalia-3-images__image-subtitle\">Descubre una cocina ligada a la tierra<\/p><\/div><div class=\"vc-incubalia-3-images__image\"><a href=\"\/es\/navega-por-el-ebro\/\"><img decoding=\"async\" src=\"https:\/\/www.tortosaturisme.cat\/wp-content\/uploads\/2019\/07\/boto-800x600-llagut-sirgador.jpg\" alt=\"\"><\/a><a href=\"\/es\/navega-por-el-ebro\/\"><p class=\"vc-incubalia-3-images__image-title\">Navega el r\u00edo Ebro<\/p><\/a><p class=\"vc-incubalia-3-images__image-subtitle\">Un r\u00edo que marca un territorio, una visi\u00f3n in\u00e9dita de la ciudad<\/p><\/div><\/div>[\/vc_column][\/vc_row][vc_row][vc_column width=\u00bb1\/6&#8243;][\/vc_column][vc_column width=\u00bb1\/6&#8243;]<div class=\"vc-incubalia-3-images\"><div class=\"vc-incubalia-3-images__image\"><img decoding=\"async\" src=\"\" alt=\"\"><\/div><div class=\"vc-incubalia-3-images__image\"><img decoding=\"async\" src=\"\" alt=\"\"><\/div><div class=\"vc-incubalia-3-images__image\"><a href=\"https:\/\/terresdelebre.travel\/\"><img decoding=\"async\" src=\"https:\/\/www.tortosaturisme.cat\/wp-content\/uploads\/2020\/09\/terres-de-lebre-reserva-biosfera400x400.jpg\" alt=\"\"><\/a><\/div><\/div>[\/vc_column][vc_column width=\u00bb1\/6&#8243;]<div class=\"vc-incubalia-text-1-column\"><div class=\"vc-incubalia-text-1-column__text\">Campa\u00f1a de promoci\u00f3n online con el apoyo del Patronat de Turisme de la Diputaci\u00f3 de Tarragona<\/div><\/div><script>\n            (function($) {\n                $(function() {\n                    $(\".vc_col-sm-6\").parent(\".vc_row\").addClass(\"vc_layout_2\");\n                });\n            })(jQuery);\n            <\/script>[\/vc_column][vc_column width=\u00bb1\/6&#8243;][\/vc_column][vc_column width=\u00bb1\/6&#8243;][\/vc_column][vc_column width=\u00bb1\/6&#8243;][\/vc_column][\/vc_row]<\/p>\n","protected":false},"excerpt":{"rendered":"<p>[vc_row][vc_column][\/vc_column][\/vc_row][vc_row][vc_column][\/vc_column][\/vc_row][vc_row][vc_column][\/vc_column][\/vc_row][vc_row][vc_column][\/vc_column][\/vc_row][vc_row][vc_column][\/vc_column][\/vc_row][vc_row][vc_column width=\u00bb1\/6&#8243;][\/vc_column][vc_column width=\u00bb1\/6&#8243;][\/vc_column][vc_column width=\u00bb1\/6&#8243;][\/vc_column][vc_column width=\u00bb1\/6&#8243;][\/vc_column][vc_column width=\u00bb1\/6&#8243;][\/vc_column][vc_column width=\u00bb1\/6&#8243;][\/vc_column][\/vc_row]<\/p>\n","protected":false},"author":2,"featured_media":0,"parent":0,"menu_order":178,"comment_status":"closed","ping_status":"closed","template":"","meta":{"footnotes":""},"class_list":["post-10366","page","type-page","status-publish","hentry"],"acf":[],"yoast_head":"<!-- This site is optimized with the Yoast SEO plugin v27.4 - https:\/\/yoast.com\/product\/yoast-seo-wordpress\/ -->\n<title>Cicloturismo en fam\u00edlia - tortosaturisme<\/title>\n<meta name=\"robots\" content=\"index, follow, max-snippet:-1, max-image-preview:large, max-video-preview:-1\" \/>\n<link rel=\"canonical\" href=\"https:\/\/www.tortosaturisme.cat\/es\/cicloturismo-en-familia\/\" \/>\n<meta property=\"og:locale\" content=\"es_ES\" \/>\n<meta property=\"og:type\" content=\"article\" \/>\n<meta property=\"og:title\" content=\"Cicloturismo en fam\u00edlia - tortosaturisme\" \/>\n<meta property=\"og:description\" content=\"[vc_row][vc_column][\/vc_column][\/vc_row][vc_row][vc_column][\/vc_column][\/vc_row][vc_row][vc_column][\/vc_column][\/vc_row][vc_row][vc_column][\/vc_column][\/vc_row][vc_row][vc_column][\/vc_column][\/vc_row][vc_row][vc_column width=\u00bb1\/6&#8243;][\/vc_column][vc_column width=\u00bb1\/6&#8243;][\/vc_column][vc_column width=\u00bb1\/6&#8243;][\/vc_column][vc_column width=\u00bb1\/6&#8243;][\/vc_column][vc_column width=\u00bb1\/6&#8243;][\/vc_column][vc_column width=\u00bb1\/6&#8243;][\/vc_column][\/vc_row]\" \/>\n<meta property=\"og:url\" content=\"https:\/\/www.tortosaturisme.cat\/es\/cicloturismo-en-familia\/\" \/>\n<meta property=\"og:site_name\" content=\"tortosaturisme\" \/>\n<meta property=\"article:modified_time\" content=\"2023-03-21T13:44:23+00:00\" \/>\n<meta name=\"twitter:card\" content=\"summary_large_image\" \/>\n<meta name=\"twitter:label1\" content=\"Tiempo de lectura\" \/>\n\t<meta name=\"twitter:data1\" content=\"4 minutos\" \/>\n<script type=\"application\/ld+json\" class=\"yoast-schema-graph\">{\"@context\":\"https:\\\/\\\/schema.org\",\"@graph\":[{\"@type\":\"WebPage\",\"@id\":\"https:\\\/\\\/www.tortosaturisme.cat\\\/es\\\/cicloturismo-en-familia\\\/\",\"url\":\"https:\\\/\\\/www.tortosaturisme.cat\\\/es\\\/cicloturismo-en-familia\\\/\",\"name\":\"Cicloturismo en fam\u00edlia - tortosaturisme\",\"isPartOf\":{\"@id\":\"https:\\\/\\\/www.tortosaturisme.cat\\\/es\\\/#website\"},\"datePublished\":\"2019-07-25T08:12:37+00:00\",\"dateModified\":\"2023-03-21T13:44:23+00:00\",\"breadcrumb\":{\"@id\":\"https:\\\/\\\/www.tortosaturisme.cat\\\/es\\\/cicloturismo-en-familia\\\/#breadcrumb\"},\"inLanguage\":\"es\",\"potentialAction\":[{\"@type\":\"ReadAction\",\"target\":[\"https:\\\/\\\/www.tortosaturisme.cat\\\/es\\\/cicloturismo-en-familia\\\/\"]}]},{\"@type\":\"BreadcrumbList\",\"@id\":\"https:\\\/\\\/www.tortosaturisme.cat\\\/es\\\/cicloturismo-en-familia\\\/#breadcrumb\",\"itemListElement\":[{\"@type\":\"ListItem\",\"position\":1,\"name\":\"Home\",\"item\":\"https:\\\/\\\/www.tortosaturisme.cat\\\/es\\\/\"},{\"@type\":\"ListItem\",\"position\":2,\"name\":\"Cicloturismo en fam\u00edlia\"}]},{\"@type\":\"WebSite\",\"@id\":\"https:\\\/\\\/www.tortosaturisme.cat\\\/es\\\/#website\",\"url\":\"https:\\\/\\\/www.tortosaturisme.cat\\\/es\\\/\",\"name\":\"tortosaturisme\",\"description\":\"Otro sitio realizado con WordPress\",\"potentialAction\":[{\"@type\":\"SearchAction\",\"target\":{\"@type\":\"EntryPoint\",\"urlTemplate\":\"https:\\\/\\\/www.tortosaturisme.cat\\\/es\\\/?s={search_term_string}\"},\"query-input\":{\"@type\":\"PropertyValueSpecification\",\"valueRequired\":true,\"valueName\":\"search_term_string\"}}],\"inLanguage\":\"es\"}]}<\/script>\n<!-- \/ Yoast SEO plugin. -->","yoast_head_json":{"title":"Cicloturismo en fam\u00edlia - tortosaturisme","robots":{"index":"index","follow":"follow","max-snippet":"max-snippet:-1","max-image-preview":"max-image-preview:large","max-video-preview":"max-video-preview:-1"},"canonical":"https:\/\/www.tortosaturisme.cat\/es\/cicloturismo-en-familia\/","og_locale":"es_ES","og_type":"article","og_title":"Cicloturismo en fam\u00edlia - tortosaturisme","og_description":"[vc_row][vc_column][\/vc_column][\/vc_row][vc_row][vc_column][\/vc_column][\/vc_row][vc_row][vc_column][\/vc_column][\/vc_row][vc_row][vc_column][\/vc_column][\/vc_row][vc_row][vc_column][\/vc_column][\/vc_row][vc_row][vc_column width=\u00bb1\/6&#8243;][\/vc_column][vc_column width=\u00bb1\/6&#8243;][\/vc_column][vc_column width=\u00bb1\/6&#8243;][\/vc_column][vc_column width=\u00bb1\/6&#8243;][\/vc_column][vc_column width=\u00bb1\/6&#8243;][\/vc_column][vc_column width=\u00bb1\/6&#8243;][\/vc_column][\/vc_row]","og_url":"https:\/\/www.tortosaturisme.cat\/es\/cicloturismo-en-familia\/","og_site_name":"tortosaturisme","article_modified_time":"2023-03-21T13:44:23+00:00","twitter_card":"summary_large_image","twitter_misc":{"Tiempo de lectura":"4 minutos"},"schema":{"@context":"https:\/\/schema.org","@graph":[{"@type":"WebPage","@id":"https:\/\/www.tortosaturisme.cat\/es\/cicloturismo-en-familia\/","url":"https:\/\/www.tortosaturisme.cat\/es\/cicloturismo-en-familia\/","name":"Cicloturismo en fam\u00edlia - tortosaturisme","isPartOf":{"@id":"https:\/\/www.tortosaturisme.cat\/es\/#website"},"datePublished":"2019-07-25T08:12:37+00:00","dateModified":"2023-03-21T13:44:23+00:00","breadcrumb":{"@id":"https:\/\/www.tortosaturisme.cat\/es\/cicloturismo-en-familia\/#breadcrumb"},"inLanguage":"es","potentialAction":[{"@type":"ReadAction","target":["https:\/\/www.tortosaturisme.cat\/es\/cicloturismo-en-familia\/"]}]},{"@type":"BreadcrumbList","@id":"https:\/\/www.tortosaturisme.cat\/es\/cicloturismo-en-familia\/#breadcrumb","itemListElement":[{"@type":"ListItem","position":1,"name":"Home","item":"https:\/\/www.tortosaturisme.cat\/es\/"},{"@type":"ListItem","position":2,"name":"Cicloturismo en fam\u00edlia"}]},{"@type":"WebSite","@id":"https:\/\/www.tortosaturisme.cat\/es\/#website","url":"https:\/\/www.tortosaturisme.cat\/es\/","name":"tortosaturisme","description":"Otro sitio realizado con WordPress","potentialAction":[{"@type":"SearchAction","target":{"@type":"EntryPoint","urlTemplate":"https:\/\/www.tortosaturisme.cat\/es\/?s={search_term_string}"},"query-input":{"@type":"PropertyValueSpecification","valueRequired":true,"valueName":"search_term_string"}}],"inLanguage":"es"}]}},"_links":{"self":[{"href":"https:\/\/www.tortosaturisme.cat\/es\/wp-json\/wp\/v2\/pages\/10366","targetHints":{"allow":["GET"]}}],"collection":[{"href":"https:\/\/www.tortosaturisme.cat\/es\/wp-json\/wp\/v2\/pages"}],"about":[{"href":"https:\/\/www.tortosaturisme.cat\/es\/wp-json\/wp\/v2\/types\/page"}],"author":[{"embeddable":true,"href":"https:\/\/www.tortosaturisme.cat\/es\/wp-json\/wp\/v2\/users\/2"}],"replies":[{"embeddable":true,"href":"https:\/\/www.tortosaturisme.cat\/es\/wp-json\/wp\/v2\/comments?post=10366"}],"version-history":[{"count":16,"href":"https:\/\/www.tortosaturisme.cat\/es\/wp-json\/wp\/v2\/pages\/10366\/revisions"}],"predecessor-version":[{"id":33288,"href":"https:\/\/www.tortosaturisme.cat\/es\/wp-json\/wp\/v2\/pages\/10366\/revisions\/33288"}],"wp:attachment":[{"href":"https:\/\/www.tortosaturisme.cat\/es\/wp-json\/wp\/v2\/media?parent=10366"}],"curies":[{"name":"wp","href":"https:\/\/api.w.org\/{rel}","templated":true}]}}