{"id":12084,"date":"2020-03-05T07:06:02","date_gmt":"2020-03-05T07:06:02","guid":{"rendered":"https:\/\/www.tortosaturisme.cat\/es\/feder-dertosa-turtuxa-tortosa\/"},"modified":"2021-05-31T10:25:10","modified_gmt":"2021-05-31T10:25:10","slug":"feder-dertosa-turtuxa-tortosa","status":"publish","type":"page","link":"https:\/\/www.tortosaturisme.cat\/es\/feder-dertosa-turtuxa-tortosa\/","title":{"rendered":"Dertosa-Turtuxa-Tortosa"},"content":{"rendered":"<p>[vc_row][vc_column]<div class=\"vc-incubalia-big-header\"><h1 class=\"vc-incubalia-big-header__title\">Dertosa-Turtuxa-Tortosa<br \/>\nuna ciudad, tres nombres y 2000 a\u00f1os<br \/>\n<\/h1><img decoding=\"async\" class=\"vc-incubalia-big-header__mobile-picture\" src=\"https:\/\/www.tortosaturisme.cat\/wp-content\/uploads\/2020\/03\/tortosa-turtuxa-2-768x450.jpg\">\n                  <img decoding=\"async\" class=\"vc-incubalia-big-header__desktop-picture\" src=\"https:\/\/www.tortosaturisme.cat\/wp-content\/uploads\/2020\/03\/tortosa-turtuxa-2-1920x700.jpg\"><\/div><div class=\"vc-incubalia-text-1-column\"><h2 class=\"vc-incubalia-text-1-column__title\"><span class=\"first-word\">Operaci\u00f3n<\/span> subvencionada por el Programa Operativo FEDER 2014\/2020 Eje-6<\/h2><div class=\"vc-incubalia-text-1-column__text\"><span style=\"color: #000000;\"><strong>Tortosa<\/strong>, a lo largo de de sus 2.000 a\u00f1os de existencia, ha visto desfilar distintos pueblos y culturas que la han hecho suya, dejando en ella una huella valiosa. El r\u00edo Ebro, el coraz\u00f3n de la ciudad, vio nacer <strong>Dertosa<\/strong>, ciudad romana e importante puerto comercial. Tambi\u00e9n fue testimonio de los 400 a\u00f1os del dominio musulm\u00e1n, donde <strong>Turtuxa<\/strong> \u00abla lejana\u00bb se convirti\u00f3 en un referente urbano del norte de Al-Andalus. A partir de 1148 con la conquista cristiana, la ciudad medieval fue consolid\u00e1ndose hasta que en el siglo XVI vivi\u00f3 el esplendor del Renacimiento.<\/span><\/p><br \/>\n<p><span style=\"color: #000000;\">La operaci\u00f3n PO FEDER 2014\/2020-EJE 6,<strong> \u00abDertosa-Turtuxa-Tortosa: una ciudad, tres nombres y 2000 a\u00f1os\u00bb<\/strong> pretende recuperar y conectar los vestigios que nos quedan de este pasado rico y multicultural para dinamizar econ\u00f3micamente la ciudad a trav\u00e9s de la apuesta por el <strong>turismo cultural.<\/strong> El proyecto se constituye por <strong>cuatro actuaciones<\/strong> relacionadas entre ellas que, con la idea de proteger y apostar por el patrimonio de la ciudad, quiere consolidar el n\u00facleo antiguo de Tortosa como motor econ\u00f3mico y social.\u00a0 Las actuaciones previstas son las siguientes:<\/span><\/p><br \/>\n<ul><br \/>\n<li><span style=\"color: #000000;\"><strong><strong>Tortosa Cota_0:\u00a0<\/strong><\/strong>La actuaci\u00f3n m\u00e1s grandiosa de las cuatro operaciones en el marco del PO FEDER 2.014-2.020-EJE 6, consiste en la construcci\u00f3n de una plaza abierta en la fachada fluvial y la musealizaci\u00f3n de la excavaci\u00f3n arqueol\u00f3gica conservada en su interior.<\/span><\/li><br \/>\n<li><span style=\"color: #000000;\"><strong>El Paseo de las Culturas:\u00a0<span style=\"font-weight: 400;\">La recuperaci\u00f3n de un entorno hist\u00f3rico para convertirlo en nexo de conexi\u00f3n de los diferentes espacios patrimoniales. Con la instalaci\u00f3n de quince figuras del artista Ignasi Blanch, se contribuye al descubrimiento hist\u00f3rico de la ciudad a partir de los personajes destacados de la historia de Tortosa.<\/span><\/strong><\/span><\/li><br \/>\n<li><span style=\"color: #000000;\"><strong>La Casa de las Tres Culturas:\u00a0<span style=\"font-weight: 400;\">Revalorizar el barrio de Remolins mediante una exposici\u00f3n permanente partiendo de la tem\u00e1tica de la convivencia de las tres culturas durante la Edad Media ubicada en el espacio de los Jardines del Pr\u00edncipe.<\/span><\/strong><\/span><\/li><br \/>\n<li><span style=\"color: #000000;\"><strong><strong>La Luz del Ebro:\u00a0<\/strong><\/strong>\u00a0El proyecto se cierra a trav\u00e9s de la proyecci\u00f3n de un mapping permanente en la fachada de la Catedral que narra la evoluci\u00f3n de la ciudad y de sus habitantes a lo largo de los 2.000 a\u00f1os de existencia.<\/span><\/li><br \/>\n<\/ul><br \/>\n<p>&nbsp;<\/p><br \/>\n<p><span style=\"color: #000000;\">El\u00a0<strong>presupuesto total<\/strong>\u00a0de la operaci\u00f3n asciende a un total de 4.670.759,62\u20ac, IVA incluido. De este importe, la\u00a0<strong>Uni\u00f3n Europea<\/strong>\u00a0participa aportando 1.820.694,86\u20ac mediante el PO FEDER 2014\/2020 EJE 6. Adem\u00e1s, la operaci\u00f3n tambi\u00e9n cuenta con subvenciones de la\u00a0<strong>Generalitat de Catalunya<\/strong>, la cual participa en la actuaci\u00f3n Tortosa Cota_0\u00a0con 470.309,91\u20ac, a trav\u00e9s del programa PINCAT, y en la actuaci\u00f3n\u00a0El Paseo de las Culturas\u00a0con 308.253,75\u20ac otorgados por el Plan de Fomento Tur\u00edstico, el a\u00f1o 2018. La\u00a0<strong>Diputaci\u00f3n de Tarragona\u00a0<\/strong>destina\u00a094.042,50 \u20ac y 66.892,75 \u20ac en El Paseo de las Culturas y la Casa de les Tres Culturas respectivamente a trav\u00e9s del PAM. Finalmente, la <strong>aportaci\u00f3n municipal<\/strong>\u00a0 es de 1.910.565,85\u20ac que representa el 40,9% del total de la operaci\u00f3n.<\/span><\/div><\/div><script>\n            (function($) {\n                $(function() {\n                    $(\".vc_col-sm-6\").parent(\".vc_row\").addClass(\"vc_layout_2\");\n                });\n            })(jQuery);\n            <\/script><div class=\"vc-incubalia-text-1-column\"><h2 class=\"vc-incubalia-text-1-column__title\"><span class=\"first-word\">Objetivos<\/span> <\/h2><div class=\"vc-incubalia-text-1-column__text\"><\/p><br \/>\n<ul><br \/>\n<li><strong>Posicionar<\/strong> la ciudad de Tortosa como principal referente cultural, hist\u00f3rico, patrimonial y tur\u00edstico de las Tierras del Ebro.<\/li><br \/>\n<li><strong>Dar impulso<\/strong> al turismo cultural y sostenible.<\/li><br \/>\n<li><strong>Dinamizar<\/strong> el n\u00facleo antiguo de Tortosa para consolidarlo como foco de actividades econ\u00f3micas y acciones sociales.<\/li><br \/>\n<li>Preservar y<strong> poner en valor<\/strong> el patrimonio arquitect\u00f3nico, monumental, paisaj\u00edstico y natural de la ciudad.<\/li><br \/>\n<li><strong>Conectar<\/strong> urban\u00edsticamente los diferentes polos de atracci\u00f3n que trabajan las cuatro actuaciones que conforman la operaci\u00f3n.<\/li><br \/>\n<\/ul><br \/>\n<p><\/div><\/div><script>\n            (function($) {\n                $(function() {\n                    $(\".vc_col-sm-6\").parent(\".vc_row\").addClass(\"vc_layout_2\");\n                });\n            })(jQuery);\n            <\/script><div class=\"vc-incubalia-text-1-column\"><h2 class=\"vc-incubalia-text-1-column__title\"><span class=\"first-word\">Actuaciones<\/span> <\/h2><div class=\"vc-incubalia-text-1-column__text\">Para alcanzar los objetivos marcados, la operaci\u00f3n \u00abDertosa-Turtuxa-Tortosa: una ciudad, tres nombres y 2000 a\u00f1os\u00bb propone y ejecuta<strong> cuatro actuaciones<\/strong> dirigidas a crear una oferta cultural y tur\u00edstica diversificada capaz de dinamizar econ\u00f3micamente la ciudad.<\/div><\/div><script>\n            (function($) {\n                $(function() {\n                    $(\".vc_col-sm-6\").parent(\".vc_row\").addClass(\"vc_layout_2\");\n                });\n            })(jQuery);\n            <\/script><div class=\"vc-incubalia-4-images\"><div class=\"vc-incubalia-4-images__image has-url\"\"><a href=\"\/es\/tortosa-cota-0\/\"><img decoding=\"async\" src=\"https:\/\/www.tortosaturisme.cat\/wp-content\/uploads\/2020\/03\/fa\u00e7ana_catedral_900x400.jpg\" alt=\"\"><\/a><div class=\"vc-incubalia-4-images__image-text-container\"><p class=\"vc-incubalia-4-images__image-title\">Tortosa Cota_0<\/p><\/div><div class=\"vc-incubalia-4-images__image-url-container\"><span class=\"vc-incubalia-4-images__image-url\">Leer m\u00e1s<\/span><\/div><\/div><div class=\"vc-incubalia-4-images__image has-url\"\"><a href=\"\/es\/el-paseo-de-las-culturas\/\"><img decoding=\"async\" src=\"https:\/\/www.tortosaturisme.cat\/wp-content\/uploads\/2020\/03\/passeig_arab_900x400.jpg\" alt=\"\"><\/a><div class=\"vc-incubalia-4-images__image-text-container\"><p class=\"vc-incubalia-4-images__image-title\">Paseo de las Culturas<\/p><\/div><div class=\"vc-incubalia-4-images__image-url-container\"><span class=\"vc-incubalia-4-images__image-url\">Leer m\u00e1s<\/span><\/div><\/div><div class=\"vc-incubalia-4-images__image has-url\"\"><a href=\"\/es\/casa-de-las-tres-culturas\/\"><img decoding=\"async\" src=\"https:\/\/www.tortosaturisme.cat\/wp-content\/uploads\/2020\/03\/Render-Casa-3-Cultures900x400.jpg\" alt=\"\"><\/a><div class=\"vc-incubalia-4-images__image-text-container\"><p class=\"vc-incubalia-4-images__image-title\">Casa de las Tres Culturas<\/p><\/div><div class=\"vc-incubalia-4-images__image-url-container\"><span class=\"vc-incubalia-4-images__image-url\">Leer m\u00e1s<\/span><\/div><\/div><div class=\"vc-incubalia-4-images__image has-url\"\"><a href=\"\/es\/la-luz-del-ebro\/\"><img decoding=\"async\" src=\"https:\/\/www.tortosaturisme.cat\/wp-content\/uploads\/2020\/03\/mapping_provisional_900x400.jpg\" alt=\"\"><\/a><div class=\"vc-incubalia-4-images__image-text-container\"><p class=\"vc-incubalia-4-images__image-title\">La luz del Ebro<\/p><p class=\"vc-incubalia-4-images__image-subtitle\">Mapping permanente en la fachada de la Catedral<\/p><\/div><div class=\"vc-incubalia-4-images__image-url-container\"><span class=\"vc-incubalia-4-images__image-url\">Leer m\u00e1s<\/span><\/div><\/div><\/div><div class=\"vc-incubalia-3-buttons\"><div class=\"vc-incubalia-3-buttons__button\"><a href=\"\"><div class=\"vc-incubalia-3-buttons__button-container\"><div class=\"vc-incubalia-3-buttons__button-container-image\"><img decoding=\"async\" src=\"\"><\/div><div class=\"vc-incubalia-3-buttons__button-container-title\"><h4><\/h4><\/div><\/div><\/a><\/div><div class=\"vc-incubalia-3-buttons__button\"><a href=\"https:\/\/www.tortosaturisme.cat\/wp-content\/uploads\/2020\/03\/MEMORIA-TECNICA-FEDER-Dertosa-Turtuxa-Tortosa.pdf\"><div class=\"vc-incubalia-3-buttons__button-container\"><div class=\"vc-incubalia-3-buttons__button-container-image\"><img decoding=\"async\" src=\"\"><\/div><div class=\"vc-incubalia-3-buttons__button-container-title\"><h4>MEMORIA PDF<\/h4><\/div><\/div><\/a><\/div><div class=\"vc-incubalia-3-buttons__button\"><a href=\"\"><div class=\"vc-incubalia-3-buttons__button-container\"><div class=\"vc-incubalia-3-buttons__button-container-image\"><img decoding=\"async\" src=\"\"><\/div><div class=\"vc-incubalia-3-buttons__button-container-title\"><h4><\/h4><\/div><\/div><\/a><\/div><\/div><div class=\"vc-incubalia-4-icons\"><h2 class=\"vc-incubalia-4-icons__title\"><\/h2><div class=\"vc-incubalia-4-icons__icon\"><a class=\"vc-incubalia-4-icons__icon-url\" href=\"http:\/\/www2.tortosa.cat\/\"><img decoding=\"async\" class=\"vc-incubalia-4-icons__icon-image\" src=\"https:\/\/www.tortosaturisme.cat\/wp-content\/uploads\/2020\/03\/ajuntament-500x500-400x400.jpg\"><\/a><\/div><div class=\"vc-incubalia-4-icons__icon\"><a class=\"vc-incubalia-4-icons__icon-url\" href=\"http:\/\/www.tortosaturisme.cat\/es\"><img decoding=\"async\" class=\"vc-incubalia-4-icons__icon-image\" src=\"https:\/\/www.tortosaturisme.cat\/wp-content\/uploads\/2018\/03\/logo-turisme-400-400x355.jpg\"><\/a><\/div><div class=\"vc-incubalia-4-icons__icon\"><a class=\"vc-incubalia-4-icons__icon-url\" href=\"http:\/\/fonseuropeus.gencat.cat\/ca\/\"><img decoding=\"async\" class=\"vc-incubalia-4-icons__icon-image\" src=\"https:\/\/www.tortosaturisme.cat\/wp-content\/uploads\/2020\/03\/FEder_Vertical_400x400.png\"><\/a><\/div><div class=\"vc-incubalia-4-icons__icon\"><a class=\"vc-incubalia-4-icons__icon-url\" href=\"https:\/\/web.gencat.cat\/ca\/inici\"><img decoding=\"async\" class=\"vc-incubalia-4-icons__icon-image\" src=\"https:\/\/www.tortosaturisme.cat\/wp-content\/uploads\/2020\/03\/generalitat-de-catalunya500x500-400x400.jpg\"><\/a><\/div><\/div>[\/vc_column][\/vc_row]<\/p>\n","protected":false},"excerpt":{"rendered":"<p>[vc_row][vc_column][\/vc_column][\/vc_row]<\/p>\n","protected":false},"author":2,"featured_media":0,"parent":0,"menu_order":173,"comment_status":"closed","ping_status":"closed","template":"","meta":{"footnotes":""},"class_list":["post-12084","page","type-page","status-publish","hentry"],"acf":[],"yoast_head":"<!-- This site is optimized with the Yoast SEO plugin v27.3 - https:\/\/yoast.com\/product\/yoast-seo-wordpress\/ -->\n<title>PO FEDER 2014\/2020-EJE 6 &quot;Dertosa-Turtuxa-Tortosa&quot; | Tortosa Turisme<\/title>\n<meta name=\"description\" content=\"La operaci\u00f3n PO FEDER &quot;Dertosa-Turtuxa-Tortosa: una ciudad, tres nombres y 2000 a\u00f1os&quot; pretende recuperar el pasado de la ciudad de Tortosa para promover el turismo cultural como v\u00eda de dinamizaci\u00f3n econ\u00f3mica y social.\" \/>\n<meta name=\"robots\" content=\"index, follow, max-snippet:-1, max-image-preview:large, max-video-preview:-1\" \/>\n<link rel=\"canonical\" href=\"https:\/\/www.tortosaturisme.cat\/es\/feder-dertosa-turtuxa-tortosa\/\" \/>\n<meta property=\"og:locale\" content=\"es_ES\" \/>\n<meta property=\"og:type\" content=\"article\" \/>\n<meta property=\"og:title\" content=\"PO FEDER 2014\/2020-EJE 6 &quot;Dertosa-Turtuxa-Tortosa&quot; | Tortosa Turisme\" \/>\n<meta property=\"og:description\" content=\"La operaci\u00f3n PO FEDER &quot;Dertosa-Turtuxa-Tortosa: una ciudad, tres nombres y 2000 a\u00f1os&quot; pretende recuperar el pasado de la ciudad de Tortosa para promover el turismo cultural como v\u00eda de dinamizaci\u00f3n econ\u00f3mica y social.\" \/>\n<meta property=\"og:url\" content=\"https:\/\/www.tortosaturisme.cat\/es\/feder-dertosa-turtuxa-tortosa\/\" \/>\n<meta property=\"og:site_name\" content=\"tortosaturisme\" \/>\n<meta property=\"article:modified_time\" content=\"2021-05-31T10:25:10+00:00\" \/>\n<meta name=\"twitter:card\" content=\"summary_large_image\" \/>\n<meta name=\"twitter:label1\" content=\"Tiempo de lectura\" \/>\n\t<meta name=\"twitter:data1\" content=\"4 minutos\" \/>\n<script type=\"application\/ld+json\" class=\"yoast-schema-graph\">{\"@context\":\"https:\\\/\\\/schema.org\",\"@graph\":[{\"@type\":\"WebPage\",\"@id\":\"https:\\\/\\\/www.tortosaturisme.cat\\\/es\\\/feder-dertosa-turtuxa-tortosa\\\/\",\"url\":\"https:\\\/\\\/www.tortosaturisme.cat\\\/es\\\/feder-dertosa-turtuxa-tortosa\\\/\",\"name\":\"PO FEDER 2014\\\/2020-EJE 6 \\\"Dertosa-Turtuxa-Tortosa\\\" | Tortosa Turisme\",\"isPartOf\":{\"@id\":\"https:\\\/\\\/www.tortosaturisme.cat\\\/es\\\/#website\"},\"datePublished\":\"2020-03-05T07:06:02+00:00\",\"dateModified\":\"2021-05-31T10:25:10+00:00\",\"description\":\"La operaci\u00f3n PO FEDER \\\"Dertosa-Turtuxa-Tortosa: una ciudad, tres nombres y 2000 a\u00f1os\\\" pretende recuperar el pasado de la ciudad de Tortosa para promover el turismo cultural como v\u00eda de dinamizaci\u00f3n econ\u00f3mica y social.\",\"breadcrumb\":{\"@id\":\"https:\\\/\\\/www.tortosaturisme.cat\\\/es\\\/feder-dertosa-turtuxa-tortosa\\\/#breadcrumb\"},\"inLanguage\":\"es\",\"potentialAction\":[{\"@type\":\"ReadAction\",\"target\":[\"https:\\\/\\\/www.tortosaturisme.cat\\\/es\\\/feder-dertosa-turtuxa-tortosa\\\/\"]}]},{\"@type\":\"BreadcrumbList\",\"@id\":\"https:\\\/\\\/www.tortosaturisme.cat\\\/es\\\/feder-dertosa-turtuxa-tortosa\\\/#breadcrumb\",\"itemListElement\":[{\"@type\":\"ListItem\",\"position\":1,\"name\":\"Home\",\"item\":\"https:\\\/\\\/www.tortosaturisme.cat\\\/es\\\/\"},{\"@type\":\"ListItem\",\"position\":2,\"name\":\"Dertosa-Turtuxa-Tortosa\"}]},{\"@type\":\"WebSite\",\"@id\":\"https:\\\/\\\/www.tortosaturisme.cat\\\/es\\\/#website\",\"url\":\"https:\\\/\\\/www.tortosaturisme.cat\\\/es\\\/\",\"name\":\"tortosaturisme\",\"description\":\"Otro sitio realizado con WordPress\",\"potentialAction\":[{\"@type\":\"SearchAction\",\"target\":{\"@type\":\"EntryPoint\",\"urlTemplate\":\"https:\\\/\\\/www.tortosaturisme.cat\\\/es\\\/?s={search_term_string}\"},\"query-input\":{\"@type\":\"PropertyValueSpecification\",\"valueRequired\":true,\"valueName\":\"search_term_string\"}}],\"inLanguage\":\"es\"}]}<\/script>\n<!-- \/ Yoast SEO plugin. -->","yoast_head_json":{"title":"PO FEDER 2014\/2020-EJE 6 \"Dertosa-Turtuxa-Tortosa\" | Tortosa Turisme","description":"La operaci\u00f3n PO FEDER \"Dertosa-Turtuxa-Tortosa: una ciudad, tres nombres y 2000 a\u00f1os\" pretende recuperar el pasado de la ciudad de Tortosa para promover el turismo cultural como v\u00eda de dinamizaci\u00f3n econ\u00f3mica y social.","robots":{"index":"index","follow":"follow","max-snippet":"max-snippet:-1","max-image-preview":"max-image-preview:large","max-video-preview":"max-video-preview:-1"},"canonical":"https:\/\/www.tortosaturisme.cat\/es\/feder-dertosa-turtuxa-tortosa\/","og_locale":"es_ES","og_type":"article","og_title":"PO FEDER 2014\/2020-EJE 6 \"Dertosa-Turtuxa-Tortosa\" | Tortosa Turisme","og_description":"La operaci\u00f3n PO FEDER \"Dertosa-Turtuxa-Tortosa: una ciudad, tres nombres y 2000 a\u00f1os\" pretende recuperar el pasado de la ciudad de Tortosa para promover el turismo cultural como v\u00eda de dinamizaci\u00f3n econ\u00f3mica y social.","og_url":"https:\/\/www.tortosaturisme.cat\/es\/feder-dertosa-turtuxa-tortosa\/","og_site_name":"tortosaturisme","article_modified_time":"2021-05-31T10:25:10+00:00","twitter_card":"summary_large_image","twitter_misc":{"Tiempo de lectura":"4 minutos"},"schema":{"@context":"https:\/\/schema.org","@graph":[{"@type":"WebPage","@id":"https:\/\/www.tortosaturisme.cat\/es\/feder-dertosa-turtuxa-tortosa\/","url":"https:\/\/www.tortosaturisme.cat\/es\/feder-dertosa-turtuxa-tortosa\/","name":"PO FEDER 2014\/2020-EJE 6 \"Dertosa-Turtuxa-Tortosa\" | Tortosa Turisme","isPartOf":{"@id":"https:\/\/www.tortosaturisme.cat\/es\/#website"},"datePublished":"2020-03-05T07:06:02+00:00","dateModified":"2021-05-31T10:25:10+00:00","description":"La operaci\u00f3n PO FEDER \"Dertosa-Turtuxa-Tortosa: una ciudad, tres nombres y 2000 a\u00f1os\" pretende recuperar el pasado de la ciudad de Tortosa para promover el turismo cultural como v\u00eda de dinamizaci\u00f3n econ\u00f3mica y social.","breadcrumb":{"@id":"https:\/\/www.tortosaturisme.cat\/es\/feder-dertosa-turtuxa-tortosa\/#breadcrumb"},"inLanguage":"es","potentialAction":[{"@type":"ReadAction","target":["https:\/\/www.tortosaturisme.cat\/es\/feder-dertosa-turtuxa-tortosa\/"]}]},{"@type":"BreadcrumbList","@id":"https:\/\/www.tortosaturisme.cat\/es\/feder-dertosa-turtuxa-tortosa\/#breadcrumb","itemListElement":[{"@type":"ListItem","position":1,"name":"Home","item":"https:\/\/www.tortosaturisme.cat\/es\/"},{"@type":"ListItem","position":2,"name":"Dertosa-Turtuxa-Tortosa"}]},{"@type":"WebSite","@id":"https:\/\/www.tortosaturisme.cat\/es\/#website","url":"https:\/\/www.tortosaturisme.cat\/es\/","name":"tortosaturisme","description":"Otro sitio realizado con WordPress","potentialAction":[{"@type":"SearchAction","target":{"@type":"EntryPoint","urlTemplate":"https:\/\/www.tortosaturisme.cat\/es\/?s={search_term_string}"},"query-input":{"@type":"PropertyValueSpecification","valueRequired":true,"valueName":"search_term_string"}}],"inLanguage":"es"}]}},"_links":{"self":[{"href":"https:\/\/www.tortosaturisme.cat\/es\/wp-json\/wp\/v2\/pages\/12084","targetHints":{"allow":["GET"]}}],"collection":[{"href":"https:\/\/www.tortosaturisme.cat\/es\/wp-json\/wp\/v2\/pages"}],"about":[{"href":"https:\/\/www.tortosaturisme.cat\/es\/wp-json\/wp\/v2\/types\/page"}],"author":[{"embeddable":true,"href":"https:\/\/www.tortosaturisme.cat\/es\/wp-json\/wp\/v2\/users\/2"}],"replies":[{"embeddable":true,"href":"https:\/\/www.tortosaturisme.cat\/es\/wp-json\/wp\/v2\/comments?post=12084"}],"version-history":[{"count":15,"href":"https:\/\/www.tortosaturisme.cat\/es\/wp-json\/wp\/v2\/pages\/12084\/revisions"}],"predecessor-version":[{"id":16975,"href":"https:\/\/www.tortosaturisme.cat\/es\/wp-json\/wp\/v2\/pages\/12084\/revisions\/16975"}],"wp:attachment":[{"href":"https:\/\/www.tortosaturisme.cat\/es\/wp-json\/wp\/v2\/media?parent=12084"}],"curies":[{"name":"wp","href":"https:\/\/api.w.org\/{rel}","templated":true}]}}