{"id":12096,"date":"2020-03-18T08:46:48","date_gmt":"2020-03-18T08:46:48","guid":{"rendered":"https:\/\/www.tortosaturisme.cat\/es\/tortosa-cota-0\/"},"modified":"2020-08-31T16:49:06","modified_gmt":"2020-08-31T16:49:06","slug":"tortosa-cota-0","status":"publish","type":"page","link":"https:\/\/www.tortosaturisme.cat\/es\/tortosa-cota-0\/","title":{"rendered":"Tortosa Cota_0"},"content":{"rendered":"<p>[vc_row][vc_column]<div class=\"vc-incubalia-medium-header\"><img decoding=\"async\" class=\"vc-incubalia-medium-header__mobile-picture brightness-100\" src=\"https:\/\/www.tortosaturisme.cat\/wp-content\/uploads\/2020\/03\/cota_0-i-catedral-768x350.jpg\">\n                  <img decoding=\"async\" class=\"vc-incubalia-medium-header__desktop-picture brightness-100\" src=\"https:\/\/www.tortosaturisme.cat\/wp-content\/uploads\/2020\/03\/cota_0-i-catedral-1920x550.jpg\"><\/div>[\/vc_column][\/vc_row][vc_row][vc_column]<div class=\"vc-incubalia-text-1-column-subtitle\"><h2 class=\"vc-incubalia-text-1-column-subtitle__title\">TORTOSA COTA_0<\/h2><h3 class=\"vc-incubalia-text-1-column-subtitle__subtitle\">Actuaci\u00f3n realizada en el marco del Programa Operativo FEDER 2014\/2020-EJE 6, \u00abDertosa-Turtuxa-Tortosa: una ciudad, tres nombres y 2000 a\u00f1os\u00bb<\/h3><div class=\"vc-incubalia-text-1-column-subtitle__text\"><strong>Tortosa Cota_0<\/strong> es la actuaci\u00f3n m\u00e1s ambiciosa del PO FEDER. El proyecto va dirigido a recuperar el entorno de la Catedral de Santa Mar\u00eda a trav\u00e9s del <strong>cubrimiento, la restauraci\u00f3n y la musealizaci\u00f3n<\/strong> del yacimiento arqueol\u00f3gico que se encuentra en el subsuelo del frente fluvial de la Catedral.<\/p><br \/>\n<p>Urban\u00edsticamente, el proyecto, resuelve dos problem\u00e1ticas. Por un lado, con el fin de cubrir el yacimiento, se construir\u00e1 una <strong>plaza-mirador<\/strong> frente al r\u00edo que conectar\u00e1 con la plaza del \u00c1bside. De este modo, todo el per\u00edmetro de la Catedral quedar\u00e1 unificado bajo un mismo criterio y asegurar\u00e1 la continuidad urbana de este emplazamiento. Por otra parte, el hecho de abrir la Catedral al frente fluvial, permitir\u00e1 asegurar la transici\u00f3n topogr\u00e1fica entre el Castillo de la Suda y el r\u00edo Ebro, que culmina en esta plaza-mirador.<\/div><\/div>[\/vc_column][\/vc_row][vc_row][vc_column width=\u00bb1\/2&#8243;]<div class=\"vc-incubalia-image-3x2-centered\"><img decoding=\"async\" class=\"vc-incubalia-image-3x2-centered__mobile-picture\" src=\"https:\/\/www.tortosaturisme.cat\/wp-content\/uploads\/2020\/03\/AL\u00c7ATS-COTA_0-768x500-768x500.jpg\" alt=\"\"><img decoding=\"async\" class=\"vc-incubalia-image-3x2-centered__desktop-picture\" src=\"https:\/\/www.tortosaturisme.cat\/wp-content\/uploads\/2020\/03\/AL\u00c7ATS-COTA_0-768x500.jpg\" alt=\"\"><\/div>[\/vc_column][vc_column width=\u00bb1\/2&#8243;]<div class=\"vc-incubalia-image-3x2-centered\"><img decoding=\"async\" class=\"vc-incubalia-image-3x2-centered__mobile-picture\" src=\"https:\/\/www.tortosaturisme.cat\/wp-content\/uploads\/2020\/03\/PERFIL-COTA_0-768x500-768x500.jpg\" alt=\"\"><img decoding=\"async\" class=\"vc-incubalia-image-3x2-centered__desktop-picture\" src=\"https:\/\/www.tortosaturisme.cat\/wp-content\/uploads\/2020\/03\/PERFIL-COTA_0-1920x1050-1920x1050.jpg\" alt=\"\"><\/div>[\/vc_column][\/vc_row][vc_row][vc_column]<div class=\"vc-incubalia-text-1-column\"><div class=\"vc-incubalia-text-1-column__text\">Los <strong>hallazgos arqueol\u00f3gicos<\/strong> son el eje central de la actuaci\u00f3n Tortosa Cota_0. Las excavaciones resultantes del derribo de los edificios que hab\u00eda delante de la Catedral han sacado a la luz elementos de gran <strong>importancia patrimonial<\/strong>: parte de la muralla romana, el \u00e1bside de un edificio de culto de \u00e9poca tardo-antigua, una f\u00e1brica de garum y elementos relacionados con las puertas fluviales de la ciudad. La musealizaci\u00f3n de estos restos permitir\u00e1 transmitir la historia de la ciudad casi desde sus inicios, remarcando, en todos los casos, el gran peso que ha tenido siempre la presencia del Ebro en el desarrollo de Tortosa.<\/p><br \/>\n<p>El proyecto muse\u00edstico, adem\u00e1s, ha sido dise\u00f1ado para ser <strong>puntero tecnol\u00f3gicamente.<\/strong> El espacio funcionar\u00e1 de forma aut\u00f3noma gracias a la dom\u00f3tica y el recorrido estar\u00e1 marcado por estaciones virtuales que favorecen la realizaci\u00f3n de una experiencia inmersiva.<\/div><\/div><script>\n            (function($) {\n                $(function() {\n                    $(\".vc_col-sm-6\").parent(\".vc_row\").addClass(\"vc_layout_2\");\n                });\n            })(jQuery);\n            <\/script>[\/vc_column][\/vc_row][vc_row][vc_column width=\u00bb1\/2&#8243;]<div class=\"vc-incubalia-image-3x2-centered\"><img decoding=\"async\" class=\"vc-incubalia-image-3x2-centered__mobile-picture\" src=\"https:\/\/www.tortosaturisme.cat\/wp-content\/uploads\/2020\/03\/Arqueologia-cota-0-768x500-768x500.jpg\" alt=\"\"><img decoding=\"async\" class=\"vc-incubalia-image-3x2-centered__desktop-picture\" src=\"https:\/\/www.tortosaturisme.cat\/wp-content\/uploads\/2020\/03\/Arqueologia-cota-0-1920x1050-1920x1050.jpg\" alt=\"\"><\/div>[\/vc_column][vc_column width=\u00bb1\/2&#8243;]<div class=\"vc-incubalia-image-3x2-centered\"><img decoding=\"async\" class=\"vc-incubalia-image-3x2-centered__mobile-picture\" src=\"https:\/\/www.tortosaturisme.cat\/wp-content\/uploads\/2020\/03\/excavacions-768x500-768x500.jpg\" alt=\"\"><img decoding=\"async\" class=\"vc-incubalia-image-3x2-centered__desktop-picture\" src=\"https:\/\/www.tortosaturisme.cat\/wp-content\/uploads\/2020\/03\/excavacions-1920x1050-1920x1050.jpg\" alt=\"\"><\/div>[\/vc_column][\/vc_row][vc_row][vc_column]<div class=\"vc-incubalia-text-1-column\"><div class=\"vc-incubalia-text-1-column__text\">El\u00a0<strong>presupuesto total<\/strong>\u00a0de la actuaci\u00f3n Tortosa Cota_0 asciende a un total de 3.378.963,22\u20ac, IVA incluido. De este importe, la\u00a0<strong>Uni\u00f3n Europea<\/strong>\u00a0participa aportando 1.286.894,69\u20ac mediante el PO FEDER 2014\/2020 EJE 6. Adem\u00e1s, la actuaci\u00f3n tambi\u00e9n cuenta con 470.309,91\u20ac subvencionados por la <strong>Generalitat de Catalunya<\/strong> a trav\u00e9s del programa PINCAT. Finalmente, la <strong>aportaci\u00f3n municipal<\/strong>\u00a0 es de 1.621.758,62\u20ac que representa el 48% del total de la actuaci\u00f3n.<\/div><\/div><script>\n            (function($) {\n                $(function() {\n                    $(\".vc_col-sm-6\").parent(\".vc_row\").addClass(\"vc_layout_2\");\n                });\n            })(jQuery);\n            <\/script><div class=\"vc-incubalia-3-images\"><h2 class=\"vc-incubalia-3-images__title\">Saber m\u00e1s<\/h2><div class=\"vc-incubalia-3-images__image\"><a href=\"\/es\/lugar\/la-catedral-y-la-exposicion-permanente\/\"><img decoding=\"async\" src=\"https:\/\/www.tortosaturisme.cat\/wp-content\/uploads\/2020\/03\/FA\u00c7ANA-CATEDRAL-800x600.jpg\" alt=\"\"><\/a><a href=\"\/es\/lugar\/la-catedral-y-la-exposicion-permanente\/\"><p class=\"vc-incubalia-3-images__image-title\">la catedral de tortosa<\/p><\/a><p class=\"vc-incubalia-3-images__image-subtitle\">Una joya del g\u00f3tico catal\u00e1n<\/p><\/div><div class=\"vc-incubalia-3-images__image\"><a href=\"\/es\/la-luz-del-ebro\/\"><img decoding=\"async\" src=\"https:\/\/www.tortosaturisme.cat\/wp-content\/uploads\/2020\/03\/tortosa-nocturna-800x600.jpg\" alt=\"\"><\/a><a href=\"\/es\/la-luz-del-ebro\/\"><p class=\"vc-incubalia-3-images__image-title\">La Luz del Ebro<\/p><\/a><p class=\"vc-incubalia-3-images__image-subtitle\">Mapping permanente en la fachada de la Catedral<\/p><\/div><div class=\"vc-incubalia-3-images__image\"><a href=\"\/es\/feder-dertosa-turtuxa-tortosa\/\"><img decoding=\"async\" src=\"https:\/\/www.tortosaturisme.cat\/wp-content\/uploads\/2020\/03\/FEDER_800x600.jpg\" alt=\"\"><\/a><a href=\"\/es\/feder-dertosa-turtuxa-tortosa\/\"><p class=\"vc-incubalia-3-images__image-title\">Dertosa-Turtuxa-Tortosa: una ciudad, tres nombres y 2000 a\u00f1os<\/p><\/a><p class=\"vc-incubalia-3-images__image-subtitle\">PO FEDER 2014\/2020-EJE 6<\/p><\/div><\/div>[vc_gmaps link=\u00bb#E-8_JTNDaWZyYW1lJTIwc3JjJTNEJTIyaHR0cHMlM0ElMkYlMkZ3d3cuZ29vZ2xlLmNvbSUyRm1hcHMlMkZlbWJlZCUzRnBiJTNEJTIxMW0xOCUyMTFtMTIlMjExbTMlMjExZDc1NC45MDQzODc1Mjc4MDM4JTIxMmQwLjUyMjQxMjk3MDc4MzIzMiUyMTNkNDAuODE0Mzk3MzE5MDY1MTIlMjEybTMlMjExZjAlMjEyZjAlMjEzZjAlMjEzbTIlMjExaTEwMjQlMjEyaTc2OCUyMTRmMTMuMSUyMTNtMyUyMTFtMiUyMTFzMHgxMmEwZTRhMWJjNDljNmE3JTI1M0EweGU2YTNhYWEyMmMyNjg1ZGIlMjEyc0NhdGVkcmFsJTI1MjBkZSUyNTIwVG9ydG9zYSUyMTVlMCUyMTNtMiUyMTFzZXMlMjEyc2VzJTIxNHYxNTg0NTI1MTMwMzcxJTIxNW0yJTIxMXNlcyUyMTJzZXMlMjIlMjB3aWR0aCUzRCUyMjYwMCUyMiUyMGhlaWdodCUzRCUyMjQ1MCUyMiUyMGZyYW1lYm9yZGVyJTNEJTIyMCUyMiUyMHN0eWxlJTNEJTIyYm9yZGVyJTNBMCUzQiUyMiUyMGFsbG93ZnVsbHNjcmVlbiUzRCUyMiUyMiUyMGFyaWEtaGlkZGVuJTNEJTIyZmFsc2UlMjIlMjB0YWJpbmRleCUzRCUyMjAlMjIlM0UlM0MlMkZpZnJhbWUlM0U=\u00bb]<div class=\"vc-incubalia-4-icons\"><h2 class=\"vc-incubalia-4-icons__title\"><\/h2><div class=\"vc-incubalia-4-icons__icon\"><a class=\"vc-incubalia-4-icons__icon-url\" href=\"http:\/\/www2.tortosa.cat\/\"><img decoding=\"async\" class=\"vc-incubalia-4-icons__icon-image\" src=\"https:\/\/www.tortosaturisme.cat\/wp-content\/uploads\/2020\/03\/ajuntament-500x500-400x400.jpg\"><\/a><\/div><div class=\"vc-incubalia-4-icons__icon\"><a class=\"vc-incubalia-4-icons__icon-url\" href=\"https:\/\/www.tortosaturisme.cat\"><img decoding=\"async\" class=\"vc-incubalia-4-icons__icon-image\" src=\"https:\/\/www.tortosaturisme.cat\/wp-content\/uploads\/2018\/03\/logo-turisme-400-400x355.jpg\"><\/a><\/div><div class=\"vc-incubalia-4-icons__icon\"><a class=\"vc-incubalia-4-icons__icon-url\" href=\"http:\/\/fonseuropeus.gencat.cat\/ca\/\"><img decoding=\"async\" class=\"vc-incubalia-4-icons__icon-image\" src=\"https:\/\/www.tortosaturisme.cat\/wp-content\/uploads\/2020\/03\/FEder_Vertical_400x400.png\"><\/a><\/div><div class=\"vc-incubalia-4-icons__icon\"><a class=\"vc-incubalia-4-icons__icon-url\" href=\"https:\/\/web.gencat.cat\/ca\/inici\"><img decoding=\"async\" class=\"vc-incubalia-4-icons__icon-image\" src=\"https:\/\/www.tortosaturisme.cat\/wp-content\/uploads\/2020\/03\/generalitat-de-catalunya500x500-400x400.jpg\"><\/a><\/div><\/div>[\/vc_column][\/vc_row]<\/p>\n","protected":false},"excerpt":{"rendered":"<p>[vc_row][vc_column][\/vc_column][\/vc_row][vc_row][vc_column][\/vc_column][\/vc_row][vc_row][vc_column width=\u00bb1\/2&#8243;][\/vc_column][vc_column width=\u00bb1\/2&#8243;][\/vc_column][\/vc_row][vc_row][vc_column][\/vc_column][\/vc_row][vc_row][vc_column width=\u00bb1\/2&#8243;][\/vc_column][vc_column width=\u00bb1\/2&#8243;][\/vc_column][\/vc_row][vc_row][vc_column][vc_gmaps link=\u00bb#E-8_JTNDaWZyYW1lJTIwc3JjJTNEJTIyaHR0cHMlM0ElMkYlMkZ3d3cuZ29vZ2xlLmNvbSUyRm1hcHMlMkZlbWJlZCUzRnBiJTNEJTIxMW0xOCUyMTFtMTIlMjExbTMlMjExZDc1NC45MDQzODc1Mjc4MDM4JTIxMmQwLjUyMjQxMjk3MDc4MzIzMiUyMTNkNDAuODE0Mzk3MzE5MDY1MTIlMjEybTMlMjExZjAlMjEyZjAlMjEzZjAlMjEzbTIlMjExaTEwMjQlMjEyaTc2OCUyMTRmMTMuMSUyMTNtMyUyMTFtMiUyMTFzMHgxMmEwZTRhMWJjNDljNmE3JTI1M0EweGU2YTNhYWEyMmMyNjg1ZGIlMjEyc0NhdGVkcmFsJTI1MjBkZSUyNTIwVG9ydG9zYSUyMTVlMCUyMTNtMiUyMTFzZXMlMjEyc2VzJTIxNHYxNTg0NTI1MTMwMzcxJTIxNW0yJTIxMXNlcyUyMTJzZXMlMjIlMjB3aWR0aCUzRCUyMjYwMCUyMiUyMGhlaWdodCUzRCUyMjQ1MCUyMiUyMGZyYW1lYm9yZGVyJTNEJTIyMCUyMiUyMHN0eWxlJTNEJTIyYm9yZGVyJTNBMCUzQiUyMiUyMGFsbG93ZnVsbHNjcmVlbiUzRCUyMiUyMiUyMGFyaWEtaGlkZGVuJTNEJTIyZmFsc2UlMjIlMjB0YWJpbmRleCUzRCUyMjAlMjIlM0UlM0MlMkZpZnJhbWUlM0U=\u00bb][\/vc_column][\/vc_row]<\/p>\n","protected":false},"author":2,"featured_media":0,"parent":0,"menu_order":159,"comment_status":"closed","ping_status":"closed","template":"","meta":{"footnotes":""},"class_list":["post-12096","page","type-page","status-publish","hentry"],"acf":[],"yoast_head":"<!-- This site is optimized with the Yoast SEO plugin v27.4 - https:\/\/yoast.com\/product\/yoast-seo-wordpress\/ -->\n<title>Tortosa Cota_0 - Actuaci\u00f3n PO FEDER | Tortosa Turisme<\/title>\n<meta name=\"description\" content=\"Tortosa Cota_0 es una plaza-mirador que abre la Catedral al r\u00edo y que est\u00e1 provista de un equipamiento que muestra los restos arqueol\u00f3gicos situados en el frente fluvial. Esta actuaci\u00f3n se ha ejecutado dentro del Programa Operativo FEDER 2014\/2020 EJE-6 &quot;Dertosa-Turtuxa-Tortosa: una ciudad, tres nombres y 2000 a\u00f1os&quot;.\" \/>\n<meta name=\"robots\" content=\"index, follow, max-snippet:-1, max-image-preview:large, max-video-preview:-1\" \/>\n<link rel=\"canonical\" href=\"https:\/\/www.tortosaturisme.cat\/es\/tortosa-cota-0\/\" \/>\n<meta property=\"og:locale\" content=\"es_ES\" \/>\n<meta property=\"og:type\" content=\"article\" \/>\n<meta property=\"og:title\" content=\"Tortosa Cota_0 - Actuaci\u00f3n PO FEDER | Tortosa Turisme\" \/>\n<meta property=\"og:description\" content=\"Tortosa Cota_0 es una plaza-mirador que abre la Catedral al r\u00edo y que est\u00e1 provista de un equipamiento que muestra los restos arqueol\u00f3gicos situados en el frente fluvial. Esta actuaci\u00f3n se ha ejecutado dentro del Programa Operativo FEDER 2014\/2020 EJE-6 &quot;Dertosa-Turtuxa-Tortosa: una ciudad, tres nombres y 2000 a\u00f1os&quot;.\" \/>\n<meta property=\"og:url\" content=\"https:\/\/www.tortosaturisme.cat\/es\/tortosa-cota-0\/\" \/>\n<meta property=\"og:site_name\" content=\"tortosaturisme\" \/>\n<meta property=\"article:modified_time\" content=\"2020-08-31T16:49:06+00:00\" \/>\n<meta name=\"twitter:card\" content=\"summary_large_image\" \/>\n<meta name=\"twitter:label1\" content=\"Tiempo de lectura\" \/>\n\t<meta name=\"twitter:data1\" content=\"3 minutos\" \/>\n<script type=\"application\/ld+json\" class=\"yoast-schema-graph\">{\"@context\":\"https:\\\/\\\/schema.org\",\"@graph\":[{\"@type\":\"WebPage\",\"@id\":\"https:\\\/\\\/www.tortosaturisme.cat\\\/es\\\/tortosa-cota-0\\\/\",\"url\":\"https:\\\/\\\/www.tortosaturisme.cat\\\/es\\\/tortosa-cota-0\\\/\",\"name\":\"Tortosa Cota_0 - Actuaci\u00f3n PO FEDER | Tortosa Turisme\",\"isPartOf\":{\"@id\":\"https:\\\/\\\/www.tortosaturisme.cat\\\/es\\\/#website\"},\"datePublished\":\"2020-03-18T08:46:48+00:00\",\"dateModified\":\"2020-08-31T16:49:06+00:00\",\"description\":\"Tortosa Cota_0 es una plaza-mirador que abre la Catedral al r\u00edo y que est\u00e1 provista de un equipamiento que muestra los restos arqueol\u00f3gicos situados en el frente fluvial. Esta actuaci\u00f3n se ha ejecutado dentro del Programa Operativo FEDER 2014\\\/2020 EJE-6 \\\"Dertosa-Turtuxa-Tortosa: una ciudad, tres nombres y 2000 a\u00f1os\\\".\",\"breadcrumb\":{\"@id\":\"https:\\\/\\\/www.tortosaturisme.cat\\\/es\\\/tortosa-cota-0\\\/#breadcrumb\"},\"inLanguage\":\"es\",\"potentialAction\":[{\"@type\":\"ReadAction\",\"target\":[\"https:\\\/\\\/www.tortosaturisme.cat\\\/es\\\/tortosa-cota-0\\\/\"]}]},{\"@type\":\"BreadcrumbList\",\"@id\":\"https:\\\/\\\/www.tortosaturisme.cat\\\/es\\\/tortosa-cota-0\\\/#breadcrumb\",\"itemListElement\":[{\"@type\":\"ListItem\",\"position\":1,\"name\":\"Home\",\"item\":\"https:\\\/\\\/www.tortosaturisme.cat\\\/es\\\/\"},{\"@type\":\"ListItem\",\"position\":2,\"name\":\"Tortosa Cota_0\"}]},{\"@type\":\"WebSite\",\"@id\":\"https:\\\/\\\/www.tortosaturisme.cat\\\/es\\\/#website\",\"url\":\"https:\\\/\\\/www.tortosaturisme.cat\\\/es\\\/\",\"name\":\"tortosaturisme\",\"description\":\"Otro sitio realizado con WordPress\",\"potentialAction\":[{\"@type\":\"SearchAction\",\"target\":{\"@type\":\"EntryPoint\",\"urlTemplate\":\"https:\\\/\\\/www.tortosaturisme.cat\\\/es\\\/?s={search_term_string}\"},\"query-input\":{\"@type\":\"PropertyValueSpecification\",\"valueRequired\":true,\"valueName\":\"search_term_string\"}}],\"inLanguage\":\"es\"}]}<\/script>\n<!-- \/ Yoast SEO plugin. -->","yoast_head_json":{"title":"Tortosa Cota_0 - Actuaci\u00f3n PO FEDER | Tortosa Turisme","description":"Tortosa Cota_0 es una plaza-mirador que abre la Catedral al r\u00edo y que est\u00e1 provista de un equipamiento que muestra los restos arqueol\u00f3gicos situados en el frente fluvial. Esta actuaci\u00f3n se ha ejecutado dentro del Programa Operativo FEDER 2014\/2020 EJE-6 \"Dertosa-Turtuxa-Tortosa: una ciudad, tres nombres y 2000 a\u00f1os\".","robots":{"index":"index","follow":"follow","max-snippet":"max-snippet:-1","max-image-preview":"max-image-preview:large","max-video-preview":"max-video-preview:-1"},"canonical":"https:\/\/www.tortosaturisme.cat\/es\/tortosa-cota-0\/","og_locale":"es_ES","og_type":"article","og_title":"Tortosa Cota_0 - Actuaci\u00f3n PO FEDER | Tortosa Turisme","og_description":"Tortosa Cota_0 es una plaza-mirador que abre la Catedral al r\u00edo y que est\u00e1 provista de un equipamiento que muestra los restos arqueol\u00f3gicos situados en el frente fluvial. Esta actuaci\u00f3n se ha ejecutado dentro del Programa Operativo FEDER 2014\/2020 EJE-6 \"Dertosa-Turtuxa-Tortosa: una ciudad, tres nombres y 2000 a\u00f1os\".","og_url":"https:\/\/www.tortosaturisme.cat\/es\/tortosa-cota-0\/","og_site_name":"tortosaturisme","article_modified_time":"2020-08-31T16:49:06+00:00","twitter_card":"summary_large_image","twitter_misc":{"Tiempo de lectura":"3 minutos"},"schema":{"@context":"https:\/\/schema.org","@graph":[{"@type":"WebPage","@id":"https:\/\/www.tortosaturisme.cat\/es\/tortosa-cota-0\/","url":"https:\/\/www.tortosaturisme.cat\/es\/tortosa-cota-0\/","name":"Tortosa Cota_0 - Actuaci\u00f3n PO FEDER | Tortosa Turisme","isPartOf":{"@id":"https:\/\/www.tortosaturisme.cat\/es\/#website"},"datePublished":"2020-03-18T08:46:48+00:00","dateModified":"2020-08-31T16:49:06+00:00","description":"Tortosa Cota_0 es una plaza-mirador que abre la Catedral al r\u00edo y que est\u00e1 provista de un equipamiento que muestra los restos arqueol\u00f3gicos situados en el frente fluvial. Esta actuaci\u00f3n se ha ejecutado dentro del Programa Operativo FEDER 2014\/2020 EJE-6 \"Dertosa-Turtuxa-Tortosa: una ciudad, tres nombres y 2000 a\u00f1os\".","breadcrumb":{"@id":"https:\/\/www.tortosaturisme.cat\/es\/tortosa-cota-0\/#breadcrumb"},"inLanguage":"es","potentialAction":[{"@type":"ReadAction","target":["https:\/\/www.tortosaturisme.cat\/es\/tortosa-cota-0\/"]}]},{"@type":"BreadcrumbList","@id":"https:\/\/www.tortosaturisme.cat\/es\/tortosa-cota-0\/#breadcrumb","itemListElement":[{"@type":"ListItem","position":1,"name":"Home","item":"https:\/\/www.tortosaturisme.cat\/es\/"},{"@type":"ListItem","position":2,"name":"Tortosa Cota_0"}]},{"@type":"WebSite","@id":"https:\/\/www.tortosaturisme.cat\/es\/#website","url":"https:\/\/www.tortosaturisme.cat\/es\/","name":"tortosaturisme","description":"Otro sitio realizado con WordPress","potentialAction":[{"@type":"SearchAction","target":{"@type":"EntryPoint","urlTemplate":"https:\/\/www.tortosaturisme.cat\/es\/?s={search_term_string}"},"query-input":{"@type":"PropertyValueSpecification","valueRequired":true,"valueName":"search_term_string"}}],"inLanguage":"es"}]}},"_links":{"self":[{"href":"https:\/\/www.tortosaturisme.cat\/es\/wp-json\/wp\/v2\/pages\/12096","targetHints":{"allow":["GET"]}}],"collection":[{"href":"https:\/\/www.tortosaturisme.cat\/es\/wp-json\/wp\/v2\/pages"}],"about":[{"href":"https:\/\/www.tortosaturisme.cat\/es\/wp-json\/wp\/v2\/types\/page"}],"author":[{"embeddable":true,"href":"https:\/\/www.tortosaturisme.cat\/es\/wp-json\/wp\/v2\/users\/2"}],"replies":[{"embeddable":true,"href":"https:\/\/www.tortosaturisme.cat\/es\/wp-json\/wp\/v2\/comments?post=12096"}],"version-history":[{"count":8,"href":"https:\/\/www.tortosaturisme.cat\/es\/wp-json\/wp\/v2\/pages\/12096\/revisions"}],"predecessor-version":[{"id":15716,"href":"https:\/\/www.tortosaturisme.cat\/es\/wp-json\/wp\/v2\/pages\/12096\/revisions\/15716"}],"wp:attachment":[{"href":"https:\/\/www.tortosaturisme.cat\/es\/wp-json\/wp\/v2\/media?parent=12096"}],"curies":[{"name":"wp","href":"https:\/\/api.w.org\/{rel}","templated":true}]}}