{"id":14147,"date":"2020-06-04T08:14:33","date_gmt":"2020-06-04T08:14:33","guid":{"rendered":"https:\/\/www.tortosaturisme.cat\/es\/tortosa-segura-covid19\/"},"modified":"2020-09-10T12:36:10","modified_gmt":"2020-09-10T12:36:10","slug":"tortosa-segura-covid19","status":"publish","type":"page","link":"https:\/\/www.tortosaturisme.cat\/es\/tortosa-segura-covid19\/","title":{"rendered":"Tortosa Segura Covid19"},"content":{"rendered":"<p>[vc_row][vc_column]<div class=\"vc-incubalia-medium-header\"><img decoding=\"async\" class=\"vc-incubalia-medium-header__mobile-picture brightness-100\" src=\"https:\/\/www.tortosaturisme.cat\/wp-content\/uploads\/2020\/06\/tortosa-oberta-768x350.jpg\">\n                  <img decoding=\"async\" class=\"vc-incubalia-medium-header__desktop-picture brightness-100\" src=\"https:\/\/www.tortosaturisme.cat\/wp-content\/uploads\/2020\/06\/tortosa-oberta-1920x550.jpg\"><\/div><div class=\"vc-incubalia-text-title\"><h2 class=\"vc-incubalia-text-title__title\">VUESTRA SEGURIDAD ES UNA PRIORIDAD PARA NOSOTROS<\/h2><\/div><div class=\"vc-incubalia-text-1-column\"><h2 class=\"vc-incubalia-text-1-column__title\"><span class=\"first-word\">\u00bfEN<\/span> QU\u00c9 SITUACI\u00d3N NOS ENCONTRAMOS?<\/h2><div class=\"vc-incubalia-text-1-column__text\">Las <strong>Terres de l&#8217;Ebre<\/strong>, desde el inicio de la pandemia, ha sido una de las zonas con m\u00e1s baja incidencia de contagios en Catalu\u00f1a. Puede consultar <a href=\"http:\/\/aquas.gencat.cat\/ca\/actualitat\/ultimes-dades-coronavirus\/mapa-per-abs\/\">aqu\u00ed <\/a>un mapa interactivo actualizado por el Departamento de Salud de la Generalitat de Catalunya que muestra el n\u00famero de casos acumulados de Covid-19 a cada \u00e1rea b\u00e1sica de salud del territorio.<\/p><br \/>\n<p>Tortosa, desde el 18 de junio, se encuentra en <a href=\"https:\/\/canalsalut.gencat.cat\/ca\/salut-a-z\/c\/coronavirus-2019-ncov\/ciutadania\/represa-de-la-normalitat\/index.html#googtrans(ca|es)\" target=\"_blank\" rel=\"noopener\"><strong>Fase de Nueva Realidad<\/strong><\/a>. Una vez finalizado el proceso de desconfinamento progresivo, la ciudad ha comenzado la reanudaci\u00f3n de la <strong>normalidad<\/strong> sin abandonar las medidas de prevenci\u00f3n para evitar riesgos de contagio y posibles rebrotes: el mantenimiento de la <strong>distancia<\/strong> f\u00edsica interpersonal, el lavado frecuente de <strong>manos<\/strong> y el uso de <strong>mascarilla<\/strong>. Los establecimientos de comercio y restauraci\u00f3n, as\u00ed como los espacios culturales y de ocio visitables, deben seguir tambi\u00e9n rigurosamente el mantenimiento de l\u00edmites de aforo, la desinfecci\u00f3n de superficies y el establecimientos de medidas de circulaci\u00f3n para evitar puntos de aglomeraci\u00f3n.<\/p><br \/>\n<p>El hecho de que la ciudad goze de un <strong>buen clima<\/strong> y cuente con varios<strong> espacios abiertos<\/strong>, permite la opci\u00f3n de descubrirla tranquilamente. Sea a pie o en bicicleta, recorrer Tortosa significa conocer una ciudad abierta a la naturaleza y alejada de las masificaciones de las grandes ciudades.<\/div><\/div><script>\n            (function($) {\n                $(function() {\n                    $(\".vc_col-sm-6\").parent(\".vc_row\").addClass(\"vc_layout_2\");\n                });\n            })(jQuery);\n            <\/script><div class=\"vc-incubalia-text-1-column\"><h2 class=\"vc-incubalia-text-1-column__title\"><span class=\"first-word\">COMPROMETIDOS<\/span> CON LA SEGURIDAD<\/h2><div class=\"vc-incubalia-text-1-column__text\">Desde el Ayuntamiento de Tortosa se est\u00e1 trabajando para convertir la ciudad en un destino capaz de cumplir plenamente las <strong>garant\u00edas de seguridad sanitaria<\/strong>. Por esta raz\u00f3n:<\/div><\/div><script>\n            (function($) {\n                $(function() {\n                    $(\".vc_col-sm-6\").parent(\".vc_row\").addClass(\"vc_layout_2\");\n                });\n            })(jQuery);\n            <\/script><div class=\"vc-incubalia-3-images\"><div class=\"vc-incubalia-3-images__image\"><img decoding=\"async\" src=\"https:\/\/www.tortosaturisme.cat\/wp-content\/uploads\/2020\/06\/of_turisme_800x600.jpg\" alt=\"\"><p class=\"vc-incubalia-3-images__image-subtitle\">Se han adaptado todos los servicios y equipamientos tur\u00edsticos municipales a las nuevas medidas publicadas por el Ministerio de Industria, Comercio y Turismo dirigidas a minimizar el riesgo de contagio<\/p><\/div><div class=\"vc-incubalia-3-images__image\"><img decoding=\"async\" src=\"https:\/\/www.tortosaturisme.cat\/wp-content\/uploads\/2020\/06\/parque800x600.jpg\" alt=\"\"><p class=\"vc-incubalia-3-images__image-subtitle\">Se ha intensificado la desinfecci\u00f3n diaria de los espacios p\u00fablicos<\/p><\/div><div class=\"vc-incubalia-3-images__image\"><img decoding=\"async\" src=\"https:\/\/www.tortosaturisme.cat\/wp-content\/uploads\/2020\/06\/terrasses_800x600.jpg\" alt=\"\"><p class=\"vc-incubalia-3-images__image-subtitle\">Se ha incrementado el espacio h\u00e1bil de las terrazas de los establecimientos de restauraci\u00f3n con el fin de asegurar la distancia de seguridad requerida<\/p><\/div><\/div><div class=\"vc-incubalia-text-1-column\"><h2 class=\"vc-incubalia-text-1-column__title\"><span class=\"first-word\">\u00bfQU\u00c9<\/span> NECESITAS SABER ANTES DE VENIR?<\/h2><div class=\"vc-incubalia-text-1-column__text\">La <strong>Oficina de Turismo<\/strong>, as\u00ed como los diferentes <strong>equipamientos tur\u00edsticos<\/strong> y culturales municipales, siguen estrictamente las medidas de control y prevenci\u00f3n:<\/p><br \/>\n<ul><br \/>\n<li>Aforo limitado<\/li><br \/>\n<li>Para acceder es obligatorio el uso de mascarillas<\/li><br \/>\n<li>Proporcionan gel hidroalcoh\u00f3lico en la entrada de la oficina para ser utilizado antes y despu\u00e9s de acceder<\/li><br \/>\n<li>Tienen se\u00f1alizados el recorrido a seguir y las distancias de seguridad de dos metros<\/li><br \/>\n<li>Cuentan con C\u00f3digos QR para evitar la distribuci\u00f3n de materiales en papel<\/li><br \/>\n<\/ul><br \/>\n<p>La <strong>Oficina de Turismo<\/strong>, los <strong>Jardines del Pr\u00edncipe<\/strong> y los<strong> Reales Colegios<\/strong>\u00a0abren en\u00a0<strong><a href=\"\/es\/la-oficina-de-turismo\/\">horario habitual.<\/a><\/strong><\/p><br \/>\n<p>Las <strong>empresas tur\u00edsticas<\/strong> que operan en la ciudad siguen los protocolos respectivos publicados por el Instituto para la Calidad Tur\u00edstica Espa\u00f1ola (ICTE).<\/div><\/div><script>\n            (function($) {\n                $(function() {\n                    $(\".vc_col-sm-6\").parent(\".vc_row\").addClass(\"vc_layout_2\");\n                });\n            })(jQuery);\n            <\/script><div class=\"vc-incubalia-text-1-column\"><h2 class=\"vc-incubalia-text-1-column__title\"><span class=\"first-word\">Informaci\u00f3n<\/span> de utilidad<\/h2><div class=\"vc-incubalia-text-1-column__text\"><\/div><\/div><script>\n            (function($) {\n                $(function() {\n                    $(\".vc_col-sm-6\").parent(\".vc_row\").addClass(\"vc_layout_2\");\n                });\n            })(jQuery);\n            <\/script><div class=\"vc-incubalia-3-images\"><div class=\"vc-incubalia-3-images__image\"><a href=\"\/es\/restaurantes-a-domicilio\/\"><img decoding=\"async\" src=\"https:\/\/www.tortosaturisme.cat\/wp-content\/uploads\/2020\/06\/icono_habitatge.jpg\" alt=\"\"><\/a><a href=\"\/es\/restaurantes-a-domicilio\/\"><p class=\"vc-incubalia-3-images__image-title\">Restaurantes a domicilio<\/p><\/a><\/div><div class=\"vc-incubalia-3-images__image\"><a href=\"\/es\/servicios\/\"><img decoding=\"async\" src=\"https:\/\/www.tortosaturisme.cat\/wp-content\/uploads\/2020\/06\/icono_emergencia.jpg\" alt=\"\"><\/a><a href=\"\/es\/servicios\/\"><p class=\"vc-incubalia-3-images__image-title\">EN CASO DE EMERGENCIA<\/p><\/a><\/div><div class=\"vc-incubalia-3-images__image\"><a href=\"http:\/\/www2.tortosa.cat\/public_files\/banners\/a6b95b82cd.pdf\"><img decoding=\"async\" src=\"https:\/\/www.tortosaturisme.cat\/wp-content\/uploads\/2020\/06\/Icono_Directori.jpg\" alt=\"\"><\/a><a href=\"http:\/\/www2.tortosa.cat\/public_files\/banners\/a6b95b82cd.pdf\"><p class=\"vc-incubalia-3-images__image-title\">DIRECTORIO DE ESTABLECIMIENTOS A DOMICILIO<\/p><\/a><\/div><\/div><div class=\"vc-incubalia-text-1-column\"><h2 class=\"vc-incubalia-text-1-column__title\"><span class=\"first-word\">CONSEJOS<\/span> Y MEDIDAS DE PREVENCI\u00d3N<\/h2><div class=\"vc-incubalia-text-1-column__text\"><\/p><br \/>\n<ol><br \/>\n<li>L\u00e1vate las manos a menudo con agua y jab\u00f3n o con una soluci\u00f3n hidroalcoh\u00f3lica.<\/li><br \/>\n<li>En los espacios p\u00fablicos es obligatorio el uso de la mascarilla, tanto en espacios abiertos como cerrados.<\/li><br \/>\n<li>Respeta la distancia de seguridad de dos metros respecto a otras personas siempre que sea posible.<\/li><br \/>\n<li>Sigue las indicaciones de seguridad de los establecimientos que visites.<\/li><br \/>\n<li>Evita tocar elementos externos como el mobiliario urbano, monumentos, etc.<\/li><br \/>\n<\/ol><br \/>\n<p><\/div><\/div><script>\n            (function($) {\n                $(function() {\n                    $(\".vc_col-sm-6\").parent(\".vc_row\").addClass(\"vc_layout_2\");\n                });\n            })(jQuery);\n            <\/script>[\/vc_column][\/vc_row]<\/p>\n","protected":false},"excerpt":{"rendered":"<p>[vc_row][vc_column][\/vc_column][\/vc_row]<\/p>\n","protected":false},"author":2,"featured_media":0,"parent":0,"menu_order":0,"comment_status":"closed","ping_status":"closed","template":"","meta":{"footnotes":""},"class_list":["post-14147","page","type-page","status-publish","hentry"],"acf":[],"yoast_head":"<!-- This site is optimized with the Yoast SEO plugin v27.3 - https:\/\/yoast.com\/product\/yoast-seo-wordpress\/ -->\n<title>Tortosa segura, mesures de prevenci\u00f3 del COVID19 | Tortosa Turisme<\/title>\n<meta name=\"description\" content=\"La vostra seguretat \u00e9s una prioritat per a nosaltres. Per aix\u00f2 us facilitem informaci\u00f3 actualitzada sobre el nostre estat actual en relaci\u00f3 el COVID19, les mesures que es prenen per convertir la ciutat en un espai segur i les recomanacions que s&#039;han de seguir per prevenir el contagi.\" \/>\n<meta name=\"robots\" content=\"index, follow, max-snippet:-1, max-image-preview:large, max-video-preview:-1\" \/>\n<link rel=\"canonical\" href=\"https:\/\/www.tortosaturisme.cat\/es\/tortosa-segura-covid19\/\" \/>\n<meta property=\"og:locale\" content=\"es_ES\" \/>\n<meta property=\"og:type\" content=\"article\" \/>\n<meta property=\"og:title\" content=\"Tortosa segura, mesures de prevenci\u00f3 del COVID19 | Tortosa Turisme\" \/>\n<meta property=\"og:description\" content=\"La vostra seguretat \u00e9s una prioritat per a nosaltres. Per aix\u00f2 us facilitem informaci\u00f3 actualitzada sobre el nostre estat actual en relaci\u00f3 el COVID19, les mesures que es prenen per convertir la ciutat en un espai segur i les recomanacions que s&#039;han de seguir per prevenir el contagi.\" \/>\n<meta property=\"og:url\" content=\"https:\/\/www.tortosaturisme.cat\/es\/tortosa-segura-covid19\/\" \/>\n<meta property=\"og:site_name\" content=\"tortosaturisme\" \/>\n<meta property=\"article:modified_time\" content=\"2020-09-10T12:36:10+00:00\" \/>\n<meta name=\"twitter:card\" content=\"summary_large_image\" \/>\n<meta name=\"twitter:label1\" content=\"Tiempo de lectura\" \/>\n\t<meta name=\"twitter:data1\" content=\"3 minutos\" \/>\n<script type=\"application\/ld+json\" class=\"yoast-schema-graph\">{\"@context\":\"https:\\\/\\\/schema.org\",\"@graph\":[{\"@type\":\"WebPage\",\"@id\":\"https:\\\/\\\/www.tortosaturisme.cat\\\/es\\\/tortosa-segura-covid19\\\/\",\"url\":\"https:\\\/\\\/www.tortosaturisme.cat\\\/es\\\/tortosa-segura-covid19\\\/\",\"name\":\"Tortosa segura, mesures de prevenci\u00f3 del COVID19 | Tortosa Turisme\",\"isPartOf\":{\"@id\":\"https:\\\/\\\/www.tortosaturisme.cat\\\/es\\\/#website\"},\"datePublished\":\"2020-06-04T08:14:33+00:00\",\"dateModified\":\"2020-09-10T12:36:10+00:00\",\"description\":\"La vostra seguretat \u00e9s una prioritat per a nosaltres. Per aix\u00f2 us facilitem informaci\u00f3 actualitzada sobre el nostre estat actual en relaci\u00f3 el COVID19, les mesures que es prenen per convertir la ciutat en un espai segur i les recomanacions que s'han de seguir per prevenir el contagi.\",\"breadcrumb\":{\"@id\":\"https:\\\/\\\/www.tortosaturisme.cat\\\/es\\\/tortosa-segura-covid19\\\/#breadcrumb\"},\"inLanguage\":\"es\",\"potentialAction\":[{\"@type\":\"ReadAction\",\"target\":[\"https:\\\/\\\/www.tortosaturisme.cat\\\/es\\\/tortosa-segura-covid19\\\/\"]}]},{\"@type\":\"BreadcrumbList\",\"@id\":\"https:\\\/\\\/www.tortosaturisme.cat\\\/es\\\/tortosa-segura-covid19\\\/#breadcrumb\",\"itemListElement\":[{\"@type\":\"ListItem\",\"position\":1,\"name\":\"Home\",\"item\":\"https:\\\/\\\/www.tortosaturisme.cat\\\/es\\\/\"},{\"@type\":\"ListItem\",\"position\":2,\"name\":\"Tortosa Segura Covid19\"}]},{\"@type\":\"WebSite\",\"@id\":\"https:\\\/\\\/www.tortosaturisme.cat\\\/es\\\/#website\",\"url\":\"https:\\\/\\\/www.tortosaturisme.cat\\\/es\\\/\",\"name\":\"tortosaturisme\",\"description\":\"Otro sitio realizado con WordPress\",\"potentialAction\":[{\"@type\":\"SearchAction\",\"target\":{\"@type\":\"EntryPoint\",\"urlTemplate\":\"https:\\\/\\\/www.tortosaturisme.cat\\\/es\\\/?s={search_term_string}\"},\"query-input\":{\"@type\":\"PropertyValueSpecification\",\"valueRequired\":true,\"valueName\":\"search_term_string\"}}],\"inLanguage\":\"es\"}]}<\/script>\n<!-- \/ Yoast SEO plugin. -->","yoast_head_json":{"title":"Tortosa segura, mesures de prevenci\u00f3 del COVID19 | Tortosa Turisme","description":"La vostra seguretat \u00e9s una prioritat per a nosaltres. Per aix\u00f2 us facilitem informaci\u00f3 actualitzada sobre el nostre estat actual en relaci\u00f3 el COVID19, les mesures que es prenen per convertir la ciutat en un espai segur i les recomanacions que s'han de seguir per prevenir el contagi.","robots":{"index":"index","follow":"follow","max-snippet":"max-snippet:-1","max-image-preview":"max-image-preview:large","max-video-preview":"max-video-preview:-1"},"canonical":"https:\/\/www.tortosaturisme.cat\/es\/tortosa-segura-covid19\/","og_locale":"es_ES","og_type":"article","og_title":"Tortosa segura, mesures de prevenci\u00f3 del COVID19 | Tortosa Turisme","og_description":"La vostra seguretat \u00e9s una prioritat per a nosaltres. Per aix\u00f2 us facilitem informaci\u00f3 actualitzada sobre el nostre estat actual en relaci\u00f3 el COVID19, les mesures que es prenen per convertir la ciutat en un espai segur i les recomanacions que s'han de seguir per prevenir el contagi.","og_url":"https:\/\/www.tortosaturisme.cat\/es\/tortosa-segura-covid19\/","og_site_name":"tortosaturisme","article_modified_time":"2020-09-10T12:36:10+00:00","twitter_card":"summary_large_image","twitter_misc":{"Tiempo de lectura":"3 minutos"},"schema":{"@context":"https:\/\/schema.org","@graph":[{"@type":"WebPage","@id":"https:\/\/www.tortosaturisme.cat\/es\/tortosa-segura-covid19\/","url":"https:\/\/www.tortosaturisme.cat\/es\/tortosa-segura-covid19\/","name":"Tortosa segura, mesures de prevenci\u00f3 del COVID19 | Tortosa Turisme","isPartOf":{"@id":"https:\/\/www.tortosaturisme.cat\/es\/#website"},"datePublished":"2020-06-04T08:14:33+00:00","dateModified":"2020-09-10T12:36:10+00:00","description":"La vostra seguretat \u00e9s una prioritat per a nosaltres. Per aix\u00f2 us facilitem informaci\u00f3 actualitzada sobre el nostre estat actual en relaci\u00f3 el COVID19, les mesures que es prenen per convertir la ciutat en un espai segur i les recomanacions que s'han de seguir per prevenir el contagi.","breadcrumb":{"@id":"https:\/\/www.tortosaturisme.cat\/es\/tortosa-segura-covid19\/#breadcrumb"},"inLanguage":"es","potentialAction":[{"@type":"ReadAction","target":["https:\/\/www.tortosaturisme.cat\/es\/tortosa-segura-covid19\/"]}]},{"@type":"BreadcrumbList","@id":"https:\/\/www.tortosaturisme.cat\/es\/tortosa-segura-covid19\/#breadcrumb","itemListElement":[{"@type":"ListItem","position":1,"name":"Home","item":"https:\/\/www.tortosaturisme.cat\/es\/"},{"@type":"ListItem","position":2,"name":"Tortosa Segura Covid19"}]},{"@type":"WebSite","@id":"https:\/\/www.tortosaturisme.cat\/es\/#website","url":"https:\/\/www.tortosaturisme.cat\/es\/","name":"tortosaturisme","description":"Otro sitio realizado con WordPress","potentialAction":[{"@type":"SearchAction","target":{"@type":"EntryPoint","urlTemplate":"https:\/\/www.tortosaturisme.cat\/es\/?s={search_term_string}"},"query-input":{"@type":"PropertyValueSpecification","valueRequired":true,"valueName":"search_term_string"}}],"inLanguage":"es"}]}},"_links":{"self":[{"href":"https:\/\/www.tortosaturisme.cat\/es\/wp-json\/wp\/v2\/pages\/14147","targetHints":{"allow":["GET"]}}],"collection":[{"href":"https:\/\/www.tortosaturisme.cat\/es\/wp-json\/wp\/v2\/pages"}],"about":[{"href":"https:\/\/www.tortosaturisme.cat\/es\/wp-json\/wp\/v2\/types\/page"}],"author":[{"embeddable":true,"href":"https:\/\/www.tortosaturisme.cat\/es\/wp-json\/wp\/v2\/users\/2"}],"replies":[{"embeddable":true,"href":"https:\/\/www.tortosaturisme.cat\/es\/wp-json\/wp\/v2\/comments?post=14147"}],"version-history":[{"count":13,"href":"https:\/\/www.tortosaturisme.cat\/es\/wp-json\/wp\/v2\/pages\/14147\/revisions"}],"predecessor-version":[{"id":15760,"href":"https:\/\/www.tortosaturisme.cat\/es\/wp-json\/wp\/v2\/pages\/14147\/revisions\/15760"}],"wp:attachment":[{"href":"https:\/\/www.tortosaturisme.cat\/es\/wp-json\/wp\/v2\/media?parent=14147"}],"curies":[{"name":"wp","href":"https:\/\/api.w.org\/{rel}","templated":true}]}}