{"id":14502,"date":"2020-06-18T06:35:18","date_gmt":"2020-06-18T06:35:18","guid":{"rendered":"https:\/\/www.tortosaturisme.cat\/es\/els-ports-muntanya-en-familia\/"},"modified":"2020-07-28T07:18:56","modified_gmt":"2020-07-28T07:18:56","slug":"els-ports-montana-en-familia","status":"publish","type":"page","link":"https:\/\/www.tortosaturisme.cat\/es\/els-ports-montana-en-familia\/","title":{"rendered":"Els Ports monta\u00f1a en fam\u00edlia"},"content":{"rendered":"<p>[vc_row][vc_column]<div class=\"vc-incubalia-big-header\"><h1 class=\"vc-incubalia-big-header__title\">Naturaleza y monta\u00f1a en familia<\/h1><img decoding=\"async\" class=\"vc-incubalia-big-header__mobile-picture\" src=\"https:\/\/www.tortosaturisme.cat\/wp-content\/uploads\/2020\/07\/Muntanya_Fam\u00edlia_OK_768x450.jpg\">\n                  <img decoding=\"async\" class=\"vc-incubalia-big-header__desktop-picture\" src=\"https:\/\/www.tortosaturisme.cat\/wp-content\/uploads\/2020\/07\/Muntanya_Fam\u00edlia_OK_1920x700.jpg\"><\/div>[\/vc_column][\/vc_row][vc_row][vc_column]<div class=\"vc-incubalia-text-1-column-subtitle\"><h3 class=\"vc-incubalia-text-1-column-subtitle__subtitle\">El Parque Natural de Els Ports, un lugar excepcional donde disfrutar de la naturaleza<\/h3><div class=\"vc-incubalia-text-1-column-subtitle__text\">Tortosa se encuentra situada a los pies de Els Ports, cuya<strong> silueta caracter\u00edstica<\/strong> protagoniza muchas de las estampas de la ciudad. Un lugar muy querido por todos los ciudadanos, el macizo de Els Ports es un espacio de alto inter\u00e9s natural declarado Reserva de la Biosfera por la UNESCO. Una parte de este macizo es el <strong>Parque Natural de Els Ports<\/strong>, que incluye 861 hect\u00e1reas de <strong>reservas naturales<\/strong> y 205 hect\u00e1reas de refugio de <strong>fauna<\/strong> salvaje.<\/p><br \/>\n<p>Las posibilidades que ofrece el Parque Natural de Els Ports son infinitas, pero siempre vinculadas a los conceptos de entorno natural,<strong> bienestar en familia<\/strong> y turismo activo. El parque ofrece incuantificables experiencias para los m\u00e1s atrevidos, pero tambi\u00e9n especialmente para los que buscan adentrarse un fin de semana en <strong>plena naturaleza<\/strong> para respirar aire puro y cargarse de energ\u00edas disfrutando de un tiempo muy especial con toda la familia . Es un escenario seguro, tranquilo y lleno de paz al lado de Tortosa para realizar <strong>actividades al aire libre<\/strong> al ritmo deseado.<\/div><\/div><div class=\"vc-incubalia-video-full-width\"><img decoding=\"async\" class=\"vc-incubalia-video-full-width__image-mobile\" src=\"https:\/\/www.tortosaturisme.cat\/wp-content\/uploads\/2020\/06\/ports_ruta_768x350.jpg\"><img decoding=\"async\" class=\"vc-incubalia-video-full-width__image-desktop\" src=\"https:\/\/www.tortosaturisme.cat\/wp-content\/uploads\/2020\/06\/ports_ruta_1920x550.jpg\"><div id=\"03fafb7552\" class=\"vc-incubalia-video-full-width__play-button\"><img decoding=\"async\" class=\"play-button\" src=\"https:\/\/www.tortosaturisme.cat\/wp-content\/plugins\/vc-incubalia-elements\/elements\/..\/assets\/img\/video-play.png\"><\/div><div class=\"vc-incubalia-video-full-width__youtube-iframe\"><iframe loading=\"lazy\" width=\"560\" height=\"315\" src=\"https:\/\/www.youtube.com\/embed\/Wji3fSXxM_M\" frameborder=\"0\" allowfullscreen><\/iframe><\/div><\/div><script>(function($) {\n                $(function() {\n                    $('#03fafb7552').on('click', function() {\n                        $(this).parent().parent().find('.vc-incubalia-video-full-width').addClass('play');\n                        \/\/$(this).parent().parent().find('.vc-incubalia-video-full-width__youtube-iframe iframe').attr('src', $('.vc-incubalia-video-full-width__youtube-iframe iframe').attr('src') + '?autoplay=1');\n                    });\n                });\n\n                $(window).load(function() {\n                    height = $('.vc-incubalia-video-full-width').height();\n                    setYoutubeIframeDimensions();\n                });\n\n                $(window).resize(function() {\n                    setYoutubeIframeDimensions();\n                });\n\n                function setYoutubeIframeDimensions()\n                {\n                    if ($('.vc-incubalia-video-full-width').height() > 0) {\n                        height = $('.vc-incubalia-video-full-width').height();\n                    }\n                    $('.vc-incubalia-video-full-width__youtube-iframe iframe').attr('height', height);\n                    let width = height * 16 \/ 9;\n                    $('.vc-incubalia-video-full-width__youtube-iframe iframe').attr('width', width);\n                }\n            })(jQuery)<\/script><div class=\"vc-incubalia-text-1-column-subtitle\"><h2 class=\"vc-incubalia-text-1-column-subtitle__title\">Una escapada ideal para familias<\/h2><div class=\"vc-incubalia-text-1-column-subtitle__text\">Els Ports cuentan con el sello de <strong>Naturaleza y Monta\u00f1a en familia<\/strong>, una distinci\u00f3n de especializaci\u00f3n que otorga la Agencia Catalana de Turismo que garantiza la oferta de unos determinados servicios y equipamientos adaptados a las <strong>necesidades de las familias<\/strong> con ni\u00f1os.<\/p><br \/>\n<p>De esta forma, el Parque permite hacer tranquilas <strong>excursiones<\/strong> con los peque\u00f1os a trav\u00e9s de espectaculares parajes naturales y descubrir los pueblos cargados de historia que hay alrededor de Els Ports. Tambi\u00e9n existe la posibilidad de hacer una visita al bosque de haya m\u00e1s meridional de Europa, coger unas bicicletas y adentrarse por los paisajes de la Tierra Alta, entre muchas otras cosas. Con m\u00e1s de 80 km de <strong>itinerarios<\/strong> se\u00f1alizados, toda la familia encontrar\u00e1 <strong>actividades para descubrir<\/strong> y practicar como el excursionismo, la bicicleta, el barranquismo o juegos infantiles al aire libre.<\/p><br \/>\n<p>Una de las mejores maneras de iniciar el descubrimiento de este parque natural es visitar los <strong>centros de interpretaci\u00f3n e informaci\u00f3n<\/strong> que hay por todo el territorio, como Roquetes o Prat de Comte, para planificar y personalizar la estancia y donde tambi\u00e9n se pueden conocer las exposiciones tem\u00e1ticas que interpretan el patrimonio natural, arquitect\u00f3nico, etnol\u00f3gico y paisaj\u00edstico de los Puertos.<\/div><\/div>[\/vc_column][\/vc_row][vc_row][vc_column]<div class=\"vc-incubalia-4-images\"><div class=\"vc-incubalia-4-images__image has-url\"\"><a href=\"\/es\/experiencia\/experiencia-bandolera-tierra-de-emociones-alojamiento\/\"><img decoding=\"async\" src=\"https:\/\/www.tortosaturisme.cat\/wp-content\/uploads\/2020\/06\/bandoler_900x400.jpg\" alt=\"\"><\/a><div class=\"vc-incubalia-4-images__image-text-container\"><p class=\"vc-incubalia-4-images__image-title\">Experiencia bandolera<\/p><p class=\"vc-incubalia-4-images__image-subtitle\">Vive en familia una aventura inolvidable<\/p><\/div><div class=\"vc-incubalia-4-images__image-url-container\"><span class=\"vc-incubalia-4-images__image-url\">Leer m\u00e1s<\/span><\/div><\/div><div class=\"vc-incubalia-4-images__image has-url\"\"><a href=\"\/es\/experiencia\/via-verde-y-via-azul\/\"><img decoding=\"async\" src=\"https:\/\/www.tortosaturisme.cat\/wp-content\/uploads\/2017\/10\/b-2-cicloturisme-900x400.jpg\" alt=\"\"><\/a><div class=\"vc-incubalia-4-images__image-text-container\"><p class=\"vc-incubalia-4-images__image-title\">La V\u00eda Verde y la V\u00eda Azul<\/p><p class=\"vc-incubalia-4-images__image-subtitle\">Disfruta del territorio en bicicleta y en barco<\/p><\/div><div class=\"vc-incubalia-4-images__image-url-container\"><span class=\"vc-incubalia-4-images__image-url\">Leer m\u00e1s<\/span><\/div><\/div><div class=\"vc-incubalia-4-images__image has-url\"\"><a href=\"\/es\/experiencia\/rutas-a-caballo-pony-o-remolque\/\"><img decoding=\"async\" src=\"https:\/\/www.tortosaturisme.cat\/wp-content\/uploads\/2020\/06\/hipica_familia_900x400.jpg\" alt=\"\"><\/a><div class=\"vc-incubalia-4-images__image-text-container\"><p class=\"vc-incubalia-4-images__image-title\">Rutas a caballo por els Ports<\/p><p class=\"vc-incubalia-4-images__image-subtitle\">Naturaleza y diversi\u00f3n en una misma actividad<\/p><\/div><div class=\"vc-incubalia-4-images__image-url-container\"><span class=\"vc-incubalia-4-images__image-url\">Leer m\u00e1s<\/span><\/div><\/div><div class=\"vc-incubalia-4-images__image has-url\"\"><a href=\"\/es\/experiencia\/monte-caro-y-cueva-cambra\/\"><img decoding=\"async\" src=\"https:\/\/www.tortosaturisme.cat\/wp-content\/uploads\/2020\/06\/4x4_1280x460-900x400.jpg\" alt=\"\"><\/a><div class=\"vc-incubalia-4-images__image-text-container\"><p class=\"vc-incubalia-4-images__image-title\">Mont Caro en 4x4<\/p><p class=\"vc-incubalia-4-images__image-subtitle\">Descubre las vistas del Delta del Ebro desde arriba<\/p><\/div><div class=\"vc-incubalia-4-images__image-url-container\"><span class=\"vc-incubalia-4-images__image-url\">Leer m\u00e1s<\/span><\/div><\/div><\/div><div class=\"clearfix\"><\/div><div class=\"vc-incubalia-slider-full\"><div class=\"vc-incubalia-slider-full__slide\">\n                <img decoding=\"async\" class=\"vc-incubalia-slider-full__mobile-picture\" src=\"https:\/\/www.tortosaturisme.cat\/wp-content\/uploads\/2020\/06\/ESPAIS-INTERES-768x500.jpg\">\n                                <img class=\"vc-incubalia-slider-full__desktop-picture\" data-img-src=\"https:\/\/www.tortosaturisme.cat\/wp-content\/uploads\/2020\/06\/ESPAIS-INTERES-1920X600-1920x600.jpg\">\n                                <div class=\"vc-incubalia-slider-full__slide-text-container\">\n                                    <div class=\"vc-incubalia-slider-full__slide-text\">\n                                        <h3 class=\"vc-incubalia-slider-full__slide-title\">ESPACIOS DE INTER\u00c9S<\/h3>          <\/div>\n                                <\/div>\n                            <\/div><\/div><script>\n        if (typeof incubaliaSliderFullOneTime == \"undefined\") {\n            var incubaliaSliderFullOneTime = true;\n            (function($) {\n\n                $(function() {\n                    if ($(window).width() > 768) {\n                        $(\"[class^=vc-incubalia-slider-full]\").each(\n                            function() {\n                                $(this).attr(\"src\", $(this).data(\"img-src\"))\n                            }\n                        );\n                    } else {\n                        $(window).resize(function() {\n                            if ($(window).width() > 768) {\n                                $(\"[class^=vc-incubalia-slider-full]\").each(\n                                    function() {\n                                        $(this).attr(\"src\", $(this).data(\"img-src\"))\n                                    }\n                                );\n                            }\n                        });\n                    }\n\n                    $(\".vc-incubalia-slider-full\").each(function() {\n                        if ($(this).find(\".vc-incubalia-slider-full__slide\").length > 1) {\n                            $(this).slick({autoplay: true, autoplaySpeed: 3000});\n                        }\n                    });\n                });\n\n            })(jQuery);\n        }\n            <\/script><div class=\"vc-incubalia-6-pills\"><h2 class=\"vc-incubalia-6-pills__title\"><\/h2><div class=\"vc-incubalia-6-pills__pill\"><a class=\"vc-incubalia-6-pills__pill-url\" href=\"\/es\/lugar\/els-ports-de-tortosa-beseit\/\"><p class=\"vc-incubalia-6-pills__pill-title\">Parque Natural de Els Ports<\/p><p class=\"vc-incubalia-6-pills__pill-subtitle\">Informaci\u00f3n pr\u00e1ctica<\/p><\/a><\/div><div class=\"vc-incubalia-6-pills__pill\"><a class=\"vc-incubalia-6-pills__pill-url\" href=\"\/lugar\/les-gubies-dulldemo-o-del-regatxol\/\"><p class=\"vc-incubalia-6-pills__pill-title\">Las G\u00fabies d\u2019Ulldem\u00f3<\/p><p class=\"vc-incubalia-6-pills__pill-subtitle\">Un tesoro del parque Natural<\/p><\/a><\/div><div class=\"vc-incubalia-6-pills__pill\"><a class=\"vc-incubalia-6-pills__pill-url\" href=\"\/es\/lugar\/area-recreativa-de-la-cova-avellanes\/\"><p class=\"vc-incubalia-6-pills__pill-title\">\u00c1rea recreativa Cova Avellanes<\/p><p class=\"vc-incubalia-6-pills__pill-subtitle\">En el coraz\u00f3n de Els Ports<\/p><\/a><\/div><div class=\"vc-incubalia-6-pills__pill\"><a class=\"vc-incubalia-6-pills__pill-url\" href=\"\/es\/lugar\/area-recreativa-de-la-font-nova\/\"><p class=\"vc-incubalia-6-pills__pill-title\">\u00c1rea recreativa de la Font Nova<\/p><p class=\"vc-incubalia-6-pills__pill-subtitle\">El inicio de diferentes itinerarios a pi\u00e9<\/p><\/a><\/div><div class=\"vc-incubalia-6-pills__pill\"><a class=\"vc-incubalia-6-pills__pill-url\" href=\"\/es\/lugar\/area-recreativa-del-toscar\/\"><p class=\"vc-incubalia-6-pills__pill-title\">\u00c1rea recreativa del Toscar<\/p><p class=\"vc-incubalia-6-pills__pill-subtitle\">Donde mana el agua<\/p><\/a><\/div><div class=\"vc-incubalia-6-pills__pill\"><a class=\"vc-incubalia-6-pills__pill-url\" href=\"\/es\/lugar\/area-recreativa-de-sant-roc\/\"><p class=\"vc-incubalia-6-pills__pill-title\">\u00c1rea recreativa de Sant Roc<\/p><p class=\"vc-incubalia-6-pills__pill-subtitle\">Al lado de la Ermita de San Roque<\/p><\/a><\/div><\/div><div class=\"vc-incubalia-3-images\"><h2 class=\"vc-incubalia-3-images__title\">Organiza la estancia<\/h2><div class=\"vc-incubalia-3-images__image\"><a href=\"\/es\/restaurantes-para-comer-en-familia\/\"><img decoding=\"async\" src=\"https:\/\/www.tortosaturisme.cat\/wp-content\/uploads\/2020\/06\/restaurants_certificats_800x600.jpg\" alt=\"\"><\/a><a href=\"\/es\/restaurantes-para-comer-en-familia\/\"><p class=\"vc-incubalia-3-images__image-title\">Restaurantes certificados<\/p><\/a><p class=\"vc-incubalia-3-images__image-subtitle\">Sello Turismo y Monta\u00f1a en familia<\/p><\/div><div class=\"vc-incubalia-3-images__image\"><a href=\"\/es\/cicloturismo-en-familia\/\"><img decoding=\"async\" src=\"https:\/\/www.tortosaturisme.cat\/wp-content\/uploads\/2019\/06\/Cicloturisme-descarregues-b-guia-ccbe-800x600.jpg\" alt=\"\"><\/a><a href=\"\/es\/cicloturismo-en-familia\/\"><p class=\"vc-incubalia-3-images__image-title\">Cicloturismo en familia<\/p><\/a><p class=\"vc-incubalia-3-images__image-subtitle\">Otra forma de conocer el territorio<\/p><\/div><div class=\"vc-incubalia-3-images__image\"><a href=\"\/es\/experiencias\/?experience-type=amb-nens-es&list-view=cards\"><img decoding=\"async\" src=\"https:\/\/www.tortosaturisme.cat\/wp-content\/uploads\/2018\/02\/B-800-navega-1.jpg\" alt=\"\"><\/a><a href=\"\/es\/experiencias\/?experience-type=amb-nens-es&list-view=cards\"><p class=\"vc-incubalia-3-images__image-title\">EXPERIENCIAS AL AIRE LIBRE<\/p><\/a><p class=\"vc-incubalia-3-images__image-subtitle\">Actividades familiares en Tortosa<\/p><\/div><\/div>[\/vc_column][\/vc_row]<\/p>\n","protected":false},"excerpt":{"rendered":"<p>[vc_row][vc_column][\/vc_column][\/vc_row][vc_row][vc_column][\/vc_column][\/vc_row][vc_row][vc_column][\/vc_column][\/vc_row]<\/p>\n","protected":false},"author":2,"featured_media":0,"parent":0,"menu_order":0,"comment_status":"closed","ping_status":"closed","template":"","meta":{"footnotes":""},"class_list":["post-14502","page","type-page","status-publish","hentry"],"acf":[],"yoast_head":"<!-- This site is optimized with the Yoast SEO plugin v27.4 - https:\/\/yoast.com\/product\/yoast-seo-wordpress\/ -->\n<title>Turismo Familiar al Parque Natural de Els Ports | Tortosa Turisme<\/title>\n<meta name=\"description\" content=\"El Parque Natural de Els Ports, a pocos minutos de Tortosa, cuenta con el sello de Naturaleza y Monta\u00f1a en Familia, una distinci\u00f3n de especializaci\u00f3n de la Agencia Catalana de Turismo que garantiza la oferta de servicios y equipamientos adaptados a las necesidades de las familias con ni\u00f1os para una estancia de calidad.\" \/>\n<meta name=\"robots\" content=\"index, follow, max-snippet:-1, max-image-preview:large, max-video-preview:-1\" \/>\n<link rel=\"canonical\" href=\"https:\/\/www.tortosaturisme.cat\/es\/els-ports-montana-en-familia\/\" \/>\n<meta property=\"og:locale\" content=\"es_ES\" \/>\n<meta property=\"og:type\" content=\"article\" \/>\n<meta property=\"og:title\" content=\"Turismo Familiar al Parque Natural de Els Ports | Tortosa Turisme\" \/>\n<meta property=\"og:description\" content=\"El Parque Natural de Els Ports, a pocos minutos de Tortosa, cuenta con el sello de Naturaleza y Monta\u00f1a en Familia, una distinci\u00f3n de especializaci\u00f3n de la Agencia Catalana de Turismo que garantiza la oferta de servicios y equipamientos adaptados a las necesidades de las familias con ni\u00f1os para una estancia de calidad.\" \/>\n<meta property=\"og:url\" content=\"https:\/\/www.tortosaturisme.cat\/es\/els-ports-montana-en-familia\/\" \/>\n<meta property=\"og:site_name\" content=\"tortosaturisme\" \/>\n<meta property=\"article:modified_time\" content=\"2020-07-28T07:18:56+00:00\" \/>\n<meta name=\"twitter:card\" content=\"summary_large_image\" \/>\n<meta name=\"twitter:label1\" content=\"Tiempo de lectura\" \/>\n\t<meta name=\"twitter:data1\" content=\"4 minutos\" \/>\n<script type=\"application\/ld+json\" class=\"yoast-schema-graph\">{\"@context\":\"https:\\\/\\\/schema.org\",\"@graph\":[{\"@type\":\"WebPage\",\"@id\":\"https:\\\/\\\/www.tortosaturisme.cat\\\/es\\\/els-ports-montana-en-familia\\\/\",\"url\":\"https:\\\/\\\/www.tortosaturisme.cat\\\/es\\\/els-ports-montana-en-familia\\\/\",\"name\":\"Turismo Familiar al Parque Natural de Els Ports | Tortosa Turisme\",\"isPartOf\":{\"@id\":\"https:\\\/\\\/www.tortosaturisme.cat\\\/es\\\/#website\"},\"datePublished\":\"2020-06-18T06:35:18+00:00\",\"dateModified\":\"2020-07-28T07:18:56+00:00\",\"description\":\"El Parque Natural de Els Ports, a pocos minutos de Tortosa, cuenta con el sello de Naturaleza y Monta\u00f1a en Familia, una distinci\u00f3n de especializaci\u00f3n de la Agencia Catalana de Turismo que garantiza la oferta de servicios y equipamientos adaptados a las necesidades de las familias con ni\u00f1os para una estancia de calidad.\",\"breadcrumb\":{\"@id\":\"https:\\\/\\\/www.tortosaturisme.cat\\\/es\\\/els-ports-montana-en-familia\\\/#breadcrumb\"},\"inLanguage\":\"es\",\"potentialAction\":[{\"@type\":\"ReadAction\",\"target\":[\"https:\\\/\\\/www.tortosaturisme.cat\\\/es\\\/els-ports-montana-en-familia\\\/\"]}]},{\"@type\":\"BreadcrumbList\",\"@id\":\"https:\\\/\\\/www.tortosaturisme.cat\\\/es\\\/els-ports-montana-en-familia\\\/#breadcrumb\",\"itemListElement\":[{\"@type\":\"ListItem\",\"position\":1,\"name\":\"Home\",\"item\":\"https:\\\/\\\/www.tortosaturisme.cat\\\/es\\\/\"},{\"@type\":\"ListItem\",\"position\":2,\"name\":\"Els Ports monta\u00f1a en fam\u00edlia\"}]},{\"@type\":\"WebSite\",\"@id\":\"https:\\\/\\\/www.tortosaturisme.cat\\\/es\\\/#website\",\"url\":\"https:\\\/\\\/www.tortosaturisme.cat\\\/es\\\/\",\"name\":\"tortosaturisme\",\"description\":\"Otro sitio realizado con WordPress\",\"potentialAction\":[{\"@type\":\"SearchAction\",\"target\":{\"@type\":\"EntryPoint\",\"urlTemplate\":\"https:\\\/\\\/www.tortosaturisme.cat\\\/es\\\/?s={search_term_string}\"},\"query-input\":{\"@type\":\"PropertyValueSpecification\",\"valueRequired\":true,\"valueName\":\"search_term_string\"}}],\"inLanguage\":\"es\"}]}<\/script>\n<!-- \/ Yoast SEO plugin. -->","yoast_head_json":{"title":"Turismo Familiar al Parque Natural de Els Ports | Tortosa Turisme","description":"El Parque Natural de Els Ports, a pocos minutos de Tortosa, cuenta con el sello de Naturaleza y Monta\u00f1a en Familia, una distinci\u00f3n de especializaci\u00f3n de la Agencia Catalana de Turismo que garantiza la oferta de servicios y equipamientos adaptados a las necesidades de las familias con ni\u00f1os para una estancia de calidad.","robots":{"index":"index","follow":"follow","max-snippet":"max-snippet:-1","max-image-preview":"max-image-preview:large","max-video-preview":"max-video-preview:-1"},"canonical":"https:\/\/www.tortosaturisme.cat\/es\/els-ports-montana-en-familia\/","og_locale":"es_ES","og_type":"article","og_title":"Turismo Familiar al Parque Natural de Els Ports | Tortosa Turisme","og_description":"El Parque Natural de Els Ports, a pocos minutos de Tortosa, cuenta con el sello de Naturaleza y Monta\u00f1a en Familia, una distinci\u00f3n de especializaci\u00f3n de la Agencia Catalana de Turismo que garantiza la oferta de servicios y equipamientos adaptados a las necesidades de las familias con ni\u00f1os para una estancia de calidad.","og_url":"https:\/\/www.tortosaturisme.cat\/es\/els-ports-montana-en-familia\/","og_site_name":"tortosaturisme","article_modified_time":"2020-07-28T07:18:56+00:00","twitter_card":"summary_large_image","twitter_misc":{"Tiempo de lectura":"4 minutos"},"schema":{"@context":"https:\/\/schema.org","@graph":[{"@type":"WebPage","@id":"https:\/\/www.tortosaturisme.cat\/es\/els-ports-montana-en-familia\/","url":"https:\/\/www.tortosaturisme.cat\/es\/els-ports-montana-en-familia\/","name":"Turismo Familiar al Parque Natural de Els Ports | Tortosa Turisme","isPartOf":{"@id":"https:\/\/www.tortosaturisme.cat\/es\/#website"},"datePublished":"2020-06-18T06:35:18+00:00","dateModified":"2020-07-28T07:18:56+00:00","description":"El Parque Natural de Els Ports, a pocos minutos de Tortosa, cuenta con el sello de Naturaleza y Monta\u00f1a en Familia, una distinci\u00f3n de especializaci\u00f3n de la Agencia Catalana de Turismo que garantiza la oferta de servicios y equipamientos adaptados a las necesidades de las familias con ni\u00f1os para una estancia de calidad.","breadcrumb":{"@id":"https:\/\/www.tortosaturisme.cat\/es\/els-ports-montana-en-familia\/#breadcrumb"},"inLanguage":"es","potentialAction":[{"@type":"ReadAction","target":["https:\/\/www.tortosaturisme.cat\/es\/els-ports-montana-en-familia\/"]}]},{"@type":"BreadcrumbList","@id":"https:\/\/www.tortosaturisme.cat\/es\/els-ports-montana-en-familia\/#breadcrumb","itemListElement":[{"@type":"ListItem","position":1,"name":"Home","item":"https:\/\/www.tortosaturisme.cat\/es\/"},{"@type":"ListItem","position":2,"name":"Els Ports monta\u00f1a en fam\u00edlia"}]},{"@type":"WebSite","@id":"https:\/\/www.tortosaturisme.cat\/es\/#website","url":"https:\/\/www.tortosaturisme.cat\/es\/","name":"tortosaturisme","description":"Otro sitio realizado con WordPress","potentialAction":[{"@type":"SearchAction","target":{"@type":"EntryPoint","urlTemplate":"https:\/\/www.tortosaturisme.cat\/es\/?s={search_term_string}"},"query-input":{"@type":"PropertyValueSpecification","valueRequired":true,"valueName":"search_term_string"}}],"inLanguage":"es"}]}},"_links":{"self":[{"href":"https:\/\/www.tortosaturisme.cat\/es\/wp-json\/wp\/v2\/pages\/14502","targetHints":{"allow":["GET"]}}],"collection":[{"href":"https:\/\/www.tortosaturisme.cat\/es\/wp-json\/wp\/v2\/pages"}],"about":[{"href":"https:\/\/www.tortosaturisme.cat\/es\/wp-json\/wp\/v2\/types\/page"}],"author":[{"embeddable":true,"href":"https:\/\/www.tortosaturisme.cat\/es\/wp-json\/wp\/v2\/users\/2"}],"replies":[{"embeddable":true,"href":"https:\/\/www.tortosaturisme.cat\/es\/wp-json\/wp\/v2\/comments?post=14502"}],"version-history":[{"count":8,"href":"https:\/\/www.tortosaturisme.cat\/es\/wp-json\/wp\/v2\/pages\/14502\/revisions"}],"predecessor-version":[{"id":15211,"href":"https:\/\/www.tortosaturisme.cat\/es\/wp-json\/wp\/v2\/pages\/14502\/revisions\/15211"}],"wp:attachment":[{"href":"https:\/\/www.tortosaturisme.cat\/es\/wp-json\/wp\/v2\/media?parent=14502"}],"curies":[{"name":"wp","href":"https:\/\/api.w.org\/{rel}","templated":true}]}}