{"id":15045,"date":"2020-07-14T08:33:04","date_gmt":"2020-07-14T08:33:04","guid":{"rendered":"https:\/\/www.tortosaturisme.cat\/es\/rutes-btt-tortosa\/"},"modified":"2024-04-11T16:22:09","modified_gmt":"2024-04-11T16:22:09","slug":"rutas-mtb","status":"publish","type":"page","link":"https:\/\/www.tortosaturisme.cat\/es\/rutas-mtb\/","title":{"rendered":"Cicloturisme BTT"},"content":{"rendered":"<p>[vc_row][vc_column]<div class=\"vc-incubalia-big-header\"><h1 class=\"vc-incubalia-big-header__title\">ITINERARIOS MTB DESDE TORTOSA<\/h1><img decoding=\"async\" class=\"vc-incubalia-big-header__mobile-picture\" src=\"https:\/\/www.tortosaturisme.cat\/wp-content\/uploads\/2020\/07\/Rutes-BTT-OK-768x450.jpg\">\n                  <img decoding=\"async\" class=\"vc-incubalia-big-header__desktop-picture\" src=\"https:\/\/www.tortosaturisme.cat\/wp-content\/uploads\/2020\/07\/Rutes-BTT-OK-1920x700.jpg\"><\/div>[\/vc_column][\/vc_row][vc_row][vc_column]<div class=\"vc-incubalia-text-1-column-subtitle\"><h3 class=\"vc-incubalia-text-1-column-subtitle__subtitle\">Parajes genuinos, ascensos intensos y bajadas por senderos salvajes para los aut\u00e9nticos amantes de la MTB<\/h3><div class=\"vc-incubalia-text-1-column-subtitle__text\">El entorno de Tortosa es una gran red de <strong>senderos, caminos y barrancos<\/strong> que har\u00e1n las delicias de los amantes de la bicicleta de monta\u00f1a. El mismo <strong>Parque Natural de Els Ports<\/strong> ofrece mil posibilidades con pistas forestales de uso p\u00fablico para quienes se atreven con las largas distancias y los desniveles m\u00e1s atrevidos. Respete siempre el entorno natural por el que transita y la existencia de la propiedad privada, aunque no est\u00e9 vallada.<\/p><br \/>\n<p>Un circuito indicado para MTB es el ascenso hasta la <strong>ermita de Mig Cam\u00ed<\/strong>, que sigue subiendo hasta la <strong>ermita del Coll de l&#8217;Alba<\/strong> donde disfrutaremos de vistas hacia el valle del Ebro y el Delta. Y si la idea de tener cerca el Delta del Ebro os encanta, se puede seguir el <strong>Camino Natural del Ebro<\/strong> o Camino de Sirga hasta la mism\u00edsima desembocadura del r\u00edo.<\/div><\/div><div class=\"vc-incubalia-video-full-width\"><img decoding=\"async\" class=\"vc-incubalia-video-full-width__image-mobile\" src=\"https:\/\/www.tortosaturisme.cat\/wp-content\/uploads\/2020\/07\/pujada-al-caro-mb-780x350-768x350.jpg\"><img decoding=\"async\" class=\"vc-incubalia-video-full-width__image-desktop\" src=\"https:\/\/www.tortosaturisme.cat\/wp-content\/uploads\/2020\/07\/pujada-al-caro-dsk-1920x550.jpg\"><div id=\"156ef59ba2\" class=\"vc-incubalia-video-full-width__play-button\"><img decoding=\"async\" class=\"play-button\" src=\"https:\/\/www.tortosaturisme.cat\/wp-content\/plugins\/vc-incubalia-elements\/elements\/..\/assets\/img\/video-play.png\"><\/div><div class=\"vc-incubalia-video-full-width__youtube-iframe\"><iframe loading=\"lazy\" width=\"560\" height=\"315\" src=\"https:\/\/www.youtube.com\/embed\/PfSTqnj2J5E\" frameborder=\"0\" allowfullscreen><\/iframe><\/div><\/div><script>(function($) {\n                $(function() {\n                    $('#156ef59ba2').on('click', function() {\n                        $(this).parent().parent().find('.vc-incubalia-video-full-width').addClass('play');\n                        \/\/$(this).parent().parent().find('.vc-incubalia-video-full-width__youtube-iframe iframe').attr('src', $('.vc-incubalia-video-full-width__youtube-iframe iframe').attr('src') + '?autoplay=1');\n                    });\n                });\n\n                $(window).load(function() {\n                    height = $('.vc-incubalia-video-full-width').height();\n                    setYoutubeIframeDimensions();\n                });\n\n                $(window).resize(function() {\n                    setYoutubeIframeDimensions();\n                });\n\n                function setYoutubeIframeDimensions()\n                {\n                    if ($('.vc-incubalia-video-full-width').height() > 0) {\n                        height = $('.vc-incubalia-video-full-width').height();\n                    }\n                    $('.vc-incubalia-video-full-width__youtube-iframe iframe').attr('height', height);\n                    let width = height * 16 \/ 9;\n                    $('.vc-incubalia-video-full-width__youtube-iframe iframe').attr('width', width);\n                }\n            })(jQuery)<\/script><div class=\"vc-incubalia-text-1-column\"><div class=\"vc-incubalia-text-1-column__text\">Otra ruta posible consistir\u00e1 en llegar hasta el <strong>Coll de l&#8217;Alba<\/strong> y seguir hasta el parque e\u00f3lico. Desde all\u00ed descenderemos a la Torre de Fullola, un paraje muy desconocido incluso para los tortosinos. Siguiendo este sentido podemos perdernos por los parajes monta\u00f1osos de<strong> B\u00edtem y Montaspre<\/strong>. Y en direcci\u00f3n contraria, haremos la ruta entre la <strong>V\u00eda Her\u00e1clea y la V\u00eda Augusta<\/strong>, direcci\u00f3n Raval de Crist y Mas de Barberans hasta llegar a Vinallop y Mianes.<\/p><br \/>\n<p>Otra alternativa es descubrir los caminos de la falda de Els Ports o llegar hasta la misma poblaci\u00f3n de Alfara de Carles. Sin duda, el entorno de la <strong>Serra de Card\u00f3<\/strong> es otro de los destinos m\u00e1s indicados para los que buscan intensas jornadas sobre su bicicleta MTB. As\u00ed, los variados parajes monta\u00f1osos de los entornos de Tortosa ofrecen muchas alternativas para los pedales m\u00e1s exigentes: son poco transitados, est\u00e1n llenos de paz y esconden rincones casi desconocidos.<\/div><\/div><script>\n            (function($) {\n                $(function() {\n                    $(\".vc_col-sm-6\").parent(\".vc_row\").addClass(\"vc_layout_2\");\n                });\n            })(jQuery);\n            <\/script><div class=\"vc-incubalia-3-images\"><div class=\"vc-incubalia-3-images__image\"><a href=\"\/es\/ruta-bici\/els-densos-boscos-de-pi-rojal-tortosi\/\"><img decoding=\"async\" src=\"https:\/\/www.tortosaturisme.cat\/wp-content\/uploads\/2020\/07\/racons_ports_800x600.jpg\" alt=\"\"><\/a><a href=\"\/es\/ruta-bici\/els-densos-boscos-de-pi-rojal-tortosi\/\"><p class=\"vc-incubalia-3-images__image-title\">LOS DENSOS BOSQUES DE PINO ROJO TORTOSINO<\/p><\/a><p class=\"vc-incubalia-3-images__image-subtitle\">Itinerario para adentrarse en el paraje natural singular de la Mola de Cat\u00ed<\/p><\/div><div class=\"vc-incubalia-3-images__image\"><a href=\"\/es\/ruta-bici\/la-ruta-del-jaspe\/\"><img decoding=\"async\" src=\"https:\/\/www.tortosaturisme.cat\/wp-content\/uploads\/2020\/07\/roda_btt_800x600.jpg\" alt=\"\"><\/a><a href=\"\/es\/ruta-bici\/la-ruta-del-jaspe\/\"><p class=\"vc-incubalia-3-images__image-title\">RUTA DEL JASPE<\/p><\/a><p class=\"vc-incubalia-3-images__image-subtitle\">Caminos sinuosos y vistas al Delta del Ebro desde el Coll de l'Alba<\/p><\/div><div class=\"vc-incubalia-3-images__image\"><a href=\"\/es\/ruta-bici\/terra-darros\/\"><img decoding=\"async\" src=\"https:\/\/www.tortosaturisme.cat\/wp-content\/uploads\/2020\/07\/ciclo_delta_800x600.jpg\" alt=\"\"><\/a><a href=\"\/es\/ruta-bici\/terra-darros\/\"><p class=\"vc-incubalia-3-images__image-title\">RUTA TIERRA DE ARROZ<\/p><\/a><p class=\"vc-incubalia-3-images__image-subtitle\">Ruta de 92 km que circula por el antiguo Camino Natural del Ebro<\/p><\/div><\/div>[\/vc_column][\/vc_row][vc_row][vc_column]<div class=\"vc-incubalia-3-images\"><div class=\"vc-incubalia-3-images__image\"><a href=\"\/es\/ruta-bici\/las-montanas-de-cardo-y-el-boix-un-sorprendente-espacio-natural-protegido\/\"><img decoding=\"async\" src=\"https:\/\/www.tortosaturisme.cat\/wp-content\/uploads\/2020\/07\/caro_800x600.jpg\" alt=\"\"><\/a><a href=\"\/es\/ruta-bici\/las-montanas-de-cardo-y-el-boix-un-sorprendente-espacio-natural-protegido\/\"><p class=\"vc-incubalia-3-images__image-title\">Sierras de Card\u00f3 i el Boix<\/p><\/a><p class=\"vc-incubalia-3-images__image-subtitle\">Un sorprendente espacio natural que pide una buena preparaci\u00f3n f\u00edsica<\/p><\/div><div class=\"vc-incubalia-3-images__image\"><a href=\"\/es\/ruta-bici\/endubitem\/\"><img decoding=\"async\" src=\"https:\/\/www.tortosaturisme.cat\/wp-content\/uploads\/2020\/07\/home_btt_800x600.jpg\" alt=\"\"><\/a><a href=\"\/es\/ruta-bici\/endubitem\/\"><p class=\"vc-incubalia-3-images__image-title\">ENDUB\u00cdTEM<\/p><\/a><p class=\"vc-incubalia-3-images__image-subtitle\">Recorrido referente en las pruebas Enduro MTB de la Copa Catalana y el Open de Espa\u00f1a<\/p><\/div><div class=\"vc-incubalia-3-images__image\"><a href=\"\/es\/ruta-bici\/vora-mar-via-augusta\/\"><img decoding=\"async\" src=\"https:\/\/www.tortosaturisme.cat\/wp-content\/uploads\/2020\/07\/mar_800x600.jpg\" alt=\"\"><\/a><a href=\"\/es\/ruta-bici\/vora-mar-via-augusta\/\"><p class=\"vc-incubalia-3-images__image-title\">POR EL LADO DEL MAR Y V\u00cdA AUGUSTA<\/p><\/a><p class=\"vc-incubalia-3-images__image-subtitle\">Paisajes costeros rodando por el antiguo trazado de la calzada romana<\/p><\/div><\/div><div class=\"vc-incubalia-spacer-half\"><\/div><div class=\"vc-incubalia-4-images\"><h2 class=\"vc-incubalia-4-images__title\">OS PROPONEMOS<\/h2><div class=\"vc-incubalia-4-images__image has-url\"\"><a href=\"\/es\/rutas-en-bici\/?bike_route-type=natura-es\"><img decoding=\"async\" src=\"https:\/\/www.tortosaturisme.cat\/wp-content\/uploads\/2017\/10\/b-6-cicloturisme-900x400.jpg\" alt=\"\"><\/a><div class=\"vc-incubalia-4-images__image-text-container\"><p class=\"vc-incubalia-4-images__image-title\">Todas las rutas MTB<\/p><p class=\"vc-incubalia-4-images__image-subtitle\">Oferta completa de itinerarios para bicicleta de monta\u00f1a<\/p><\/div><div class=\"vc-incubalia-4-images__image-url-container\"><span class=\"vc-incubalia-4-images__image-url\">Leer m\u00e1s<\/span><\/div><\/div><div class=\"vc-incubalia-4-images__image has-url\"\"><a href=\"\/es\/rutas-en-bici\/?distance=30-km-es-2&amp;list-view=cards\"><img decoding=\"async\" src=\"https:\/\/www.tortosaturisme.cat\/wp-content\/uploads\/2019\/06\/Cicloturisme-en-familia-b-900x400.jpg\" alt=\"\"><\/a><div class=\"vc-incubalia-4-images__image-text-container\"><p class=\"vc-incubalia-4-images__image-title\">Rutas de 30 a 100km<\/p><p class=\"vc-incubalia-4-images__image-subtitle\">Kil\u00f3metros y kil\u00f3metros para hacer sobre dos ruedas<\/p><\/div><div class=\"vc-incubalia-4-images__image-url-container\"><span class=\"vc-incubalia-4-images__image-url\">Leer m\u00e1s<\/span><\/div><\/div><div class=\"vc-incubalia-4-images__image has-url\"\"><a href=\"\/es\/grandes-rutas-carretera\/\"><img decoding=\"async\" src=\"https:\/\/www.tortosaturisme.cat\/wp-content\/uploads\/2018\/02\/b-900-600-lloguer-bicis-e1560964897474.jpg\" alt=\"\"><\/a><div class=\"vc-incubalia-4-images__image-text-container\"><p class=\"vc-incubalia-4-images__image-title\">Grandes rutas ciclistas<\/p><p class=\"vc-incubalia-4-images__image-subtitle\">Jornadas de gran intensidad para los ciclistas m\u00e1s expertos<\/p><\/div><div class=\"vc-incubalia-4-images__image-url-container\"><span class=\"vc-incubalia-4-images__image-url\">Leer m\u00e1s<\/span><\/div><\/div><div class=\"vc-incubalia-4-images__image has-url\"\"><a href=\"\/es\/gr-99-camino-natural-ebro\/\"><img decoding=\"async\" src=\"https:\/\/www.tortosaturisme.cat\/wp-content\/uploads\/2017\/10\/b-5-cicloturisme-900x400.jpg\" alt=\"\"><\/a><div class=\"vc-incubalia-4-images__image-text-container\"><p class=\"vc-incubalia-4-images__image-title\">GR-99 CAMINO NATURAL DEL EBRO<\/p><p class=\"vc-incubalia-4-images__image-subtitle\">A pie o en bici, un recorrido que sigue el curso del Ebro<\/p><\/div><div class=\"vc-incubalia-4-images__image-url-container\"><span class=\"vc-incubalia-4-images__image-url\">Leer m\u00e1s<\/span><\/div><\/div><\/div><div class=\"vc-incubalia-text-1-column\"><div class=\"vc-incubalia-text-1-column__text\">Tr\u00e1ete tu bicicleta o disfruta de las <strong>comodidades<\/strong> que ofrecen <strong>las empresas locales<\/strong> y alqu\u00edlala. Despreoc\u00fapate, disfruta de la monta\u00f1a sobre dos ruedas y participa en jornadas llenas de adrenalina s\u00f3lo como t\u00fa sabes hacer. La aventura te espera aqu\u00ed.<\/div><\/div><script>\n            (function($) {\n                $(function() {\n                    $(\".vc_col-sm-6\").parent(\".vc_row\").addClass(\"vc_layout_2\");\n                });\n            })(jQuery);\n            <\/script><div class=\"vc-incubalia-6-pills\"><h2 class=\"vc-incubalia-6-pills__title\">Servicios al ciclista<\/h2><div class=\"vc-incubalia-6-pills__pill\"><a class=\"vc-incubalia-6-pills__pill-url\" href=\"\/es\/experiencias\/?experience-type=bicicletes-es&amp;list-view=cards\"><p class=\"vc-incubalia-6-pills__pill-title\">Alquiler de bicicletas<\/p><p class=\"vc-incubalia-6-pills__pill-subtitle\">Trasl\u00e1date al territorio c\u00f3modamente<\/p><\/a><\/div><div class=\"vc-incubalia-6-pills__pill\"><a class=\"vc-incubalia-6-pills__pill-url\" href=\"\/es\/lugar\/parque-natural-dels-ports\/\"><p class=\"vc-incubalia-6-pills__pill-title\">Informaci\u00f3n \u00fatil Els Ports<\/p><p class=\"vc-incubalia-6-pills__pill-subtitle\">Lugares de inter\u00e9s, informaci\u00f3n pr\u00e1ctica y planos a tu disposici\u00f3n<\/p><\/a><\/div><div class=\"vc-incubalia-6-pills__pill\"><a class=\"vc-incubalia-6-pills__pill-url\" href=\"\/es\/experiencias\/?experience-type=transfer-es&amp;list-view=cards\"><p class=\"vc-incubalia-6-pills__pill-title\">Transfers<\/p><p class=\"vc-incubalia-6-pills__pill-subtitle\">Servicio de transporte de personas, equipaje o bicicletas<\/p><\/a><\/div><div class=\"vc-incubalia-6-pills__pill\"><a class=\"vc-incubalia-6-pills__pill-url\" href=\"\/es\/experiencias\/?experience-type=amb-bici-es&amp;list-view=cards\"><p class=\"vc-incubalia-6-pills__pill-title\">Experiencias a dos ruedas<\/p><p class=\"vc-incubalia-6-pills__pill-subtitle\">Descubre el territorio de la mano de los m\u00e1s expertos<\/p><\/a><\/div><div class=\"vc-incubalia-6-pills__pill\"><a class=\"vc-incubalia-6-pills__pill-url\" href=\"\/es\/empresas-turisticas\/?tourist_company-type=cicloturisme-es&amp;list-view=cards\"><p class=\"vc-incubalia-6-pills__pill-title\">Empresas de cicloturismo<\/p><p class=\"vc-incubalia-6-pills__pill-subtitle\">Todas las prestaciones para un amante de la bicicleta<\/p><\/a><\/div><div class=\"vc-incubalia-6-pills__pill\"><a class=\"vc-incubalia-6-pills__pill-url\" href=\"\/es\/experiencia\/sb-hotels-bike\/\"><p class=\"vc-incubalia-6-pills__pill-title\">Hotel Bikefriendly<\/p><p class=\"vc-incubalia-6-pills__pill-subtitle\">Un alojamiento pensado para el ciclista<\/p><\/a><\/div><\/div>[\/vc_column][\/vc_row][vc_row][vc_column][\/vc_column][\/vc_row]<\/p>\n","protected":false},"excerpt":{"rendered":"<p>[vc_row][vc_column][\/vc_column][\/vc_row][vc_row][vc_column][\/vc_column][\/vc_row][vc_row][vc_column][\/vc_column][\/vc_row][vc_row][vc_column][\/vc_column][\/vc_row]<\/p>\n","protected":false},"author":2,"featured_media":0,"parent":0,"menu_order":54,"comment_status":"closed","ping_status":"closed","template":"","meta":{"footnotes":""},"class_list":["post-15045","page","type-page","status-publish","hentry"],"acf":[],"yoast_head":"<!-- This site is optimized with the Yoast SEO plugin v27.5 - https:\/\/yoast.com\/product\/yoast-seo-wordpress\/ -->\n<title>Rutas e itinerarios BTT-MTB desde Tortosa | Tortosa Turisme<\/title>\n<meta name=\"description\" content=\"El entorno de Tortosa es una gran red llena de senderos, caminos y barrancos ideales para los amantes de la bicicleta de monta\u00f1a o mountain bike. El Parque Natural de Els Ports, el Coll de l&#039;Alba, la Sierra de Card\u00f3 y el Camino Natural del Ebro ofrecen m\u00faltiples rutas para los expertos en BTT.\" \/>\n<meta name=\"robots\" content=\"index, follow, max-snippet:-1, max-image-preview:large, max-video-preview:-1\" \/>\n<link rel=\"canonical\" href=\"https:\/\/www.tortosaturisme.cat\/es\/rutas-mtb\/\" \/>\n<meta property=\"og:locale\" content=\"es_ES\" \/>\n<meta property=\"og:type\" content=\"article\" \/>\n<meta property=\"og:title\" content=\"Rutas e itinerarios BTT-MTB desde Tortosa | Tortosa Turisme\" \/>\n<meta property=\"og:description\" content=\"El entorno de Tortosa es una gran red llena de senderos, caminos y barrancos ideales para los amantes de la bicicleta de monta\u00f1a o mountain bike. El Parque Natural de Els Ports, el Coll de l&#039;Alba, la Sierra de Card\u00f3 y el Camino Natural del Ebro ofrecen m\u00faltiples rutas para los expertos en BTT.\" \/>\n<meta property=\"og:url\" content=\"https:\/\/www.tortosaturisme.cat\/es\/rutas-mtb\/\" \/>\n<meta property=\"og:site_name\" content=\"tortosaturisme\" \/>\n<meta property=\"article:modified_time\" content=\"2024-04-11T16:22:09+00:00\" \/>\n<meta name=\"twitter:card\" content=\"summary_large_image\" \/>\n<meta name=\"twitter:label1\" content=\"Tiempo de lectura\" \/>\n\t<meta name=\"twitter:data1\" content=\"5 minutos\" \/>\n<script type=\"application\/ld+json\" class=\"yoast-schema-graph\">{\"@context\":\"https:\\\/\\\/schema.org\",\"@graph\":[{\"@type\":\"WebPage\",\"@id\":\"https:\\\/\\\/www.tortosaturisme.cat\\\/es\\\/rutas-mtb\\\/\",\"url\":\"https:\\\/\\\/www.tortosaturisme.cat\\\/es\\\/rutas-mtb\\\/\",\"name\":\"Rutas e itinerarios BTT-MTB desde Tortosa | Tortosa Turisme\",\"isPartOf\":{\"@id\":\"https:\\\/\\\/www.tortosaturisme.cat\\\/es\\\/#website\"},\"datePublished\":\"2020-07-14T08:33:04+00:00\",\"dateModified\":\"2024-04-11T16:22:09+00:00\",\"description\":\"El entorno de Tortosa es una gran red llena de senderos, caminos y barrancos ideales para los amantes de la bicicleta de monta\u00f1a o mountain bike. El Parque Natural de Els Ports, el Coll de l'Alba, la Sierra de Card\u00f3 y el Camino Natural del Ebro ofrecen m\u00faltiples rutas para los expertos en BTT.\",\"breadcrumb\":{\"@id\":\"https:\\\/\\\/www.tortosaturisme.cat\\\/es\\\/rutas-mtb\\\/#breadcrumb\"},\"inLanguage\":\"es\",\"potentialAction\":[{\"@type\":\"ReadAction\",\"target\":[\"https:\\\/\\\/www.tortosaturisme.cat\\\/es\\\/rutas-mtb\\\/\"]}]},{\"@type\":\"BreadcrumbList\",\"@id\":\"https:\\\/\\\/www.tortosaturisme.cat\\\/es\\\/rutas-mtb\\\/#breadcrumb\",\"itemListElement\":[{\"@type\":\"ListItem\",\"position\":1,\"name\":\"Home\",\"item\":\"https:\\\/\\\/www.tortosaturisme.cat\\\/es\\\/\"},{\"@type\":\"ListItem\",\"position\":2,\"name\":\"Cicloturisme BTT\"}]},{\"@type\":\"WebSite\",\"@id\":\"https:\\\/\\\/www.tortosaturisme.cat\\\/es\\\/#website\",\"url\":\"https:\\\/\\\/www.tortosaturisme.cat\\\/es\\\/\",\"name\":\"tortosaturisme\",\"description\":\"Otro sitio realizado con WordPress\",\"potentialAction\":[{\"@type\":\"SearchAction\",\"target\":{\"@type\":\"EntryPoint\",\"urlTemplate\":\"https:\\\/\\\/www.tortosaturisme.cat\\\/es\\\/?s={search_term_string}\"},\"query-input\":{\"@type\":\"PropertyValueSpecification\",\"valueRequired\":true,\"valueName\":\"search_term_string\"}}],\"inLanguage\":\"es\"}]}<\/script>\n<!-- \/ Yoast SEO plugin. -->","yoast_head_json":{"title":"Rutas e itinerarios BTT-MTB desde Tortosa | Tortosa Turisme","description":"El entorno de Tortosa es una gran red llena de senderos, caminos y barrancos ideales para los amantes de la bicicleta de monta\u00f1a o mountain bike. El Parque Natural de Els Ports, el Coll de l'Alba, la Sierra de Card\u00f3 y el Camino Natural del Ebro ofrecen m\u00faltiples rutas para los expertos en BTT.","robots":{"index":"index","follow":"follow","max-snippet":"max-snippet:-1","max-image-preview":"max-image-preview:large","max-video-preview":"max-video-preview:-1"},"canonical":"https:\/\/www.tortosaturisme.cat\/es\/rutas-mtb\/","og_locale":"es_ES","og_type":"article","og_title":"Rutas e itinerarios BTT-MTB desde Tortosa | Tortosa Turisme","og_description":"El entorno de Tortosa es una gran red llena de senderos, caminos y barrancos ideales para los amantes de la bicicleta de monta\u00f1a o mountain bike. El Parque Natural de Els Ports, el Coll de l'Alba, la Sierra de Card\u00f3 y el Camino Natural del Ebro ofrecen m\u00faltiples rutas para los expertos en BTT.","og_url":"https:\/\/www.tortosaturisme.cat\/es\/rutas-mtb\/","og_site_name":"tortosaturisme","article_modified_time":"2024-04-11T16:22:09+00:00","twitter_card":"summary_large_image","twitter_misc":{"Tiempo de lectura":"5 minutos"},"schema":{"@context":"https:\/\/schema.org","@graph":[{"@type":"WebPage","@id":"https:\/\/www.tortosaturisme.cat\/es\/rutas-mtb\/","url":"https:\/\/www.tortosaturisme.cat\/es\/rutas-mtb\/","name":"Rutas e itinerarios BTT-MTB desde Tortosa | Tortosa Turisme","isPartOf":{"@id":"https:\/\/www.tortosaturisme.cat\/es\/#website"},"datePublished":"2020-07-14T08:33:04+00:00","dateModified":"2024-04-11T16:22:09+00:00","description":"El entorno de Tortosa es una gran red llena de senderos, caminos y barrancos ideales para los amantes de la bicicleta de monta\u00f1a o mountain bike. El Parque Natural de Els Ports, el Coll de l'Alba, la Sierra de Card\u00f3 y el Camino Natural del Ebro ofrecen m\u00faltiples rutas para los expertos en BTT.","breadcrumb":{"@id":"https:\/\/www.tortosaturisme.cat\/es\/rutas-mtb\/#breadcrumb"},"inLanguage":"es","potentialAction":[{"@type":"ReadAction","target":["https:\/\/www.tortosaturisme.cat\/es\/rutas-mtb\/"]}]},{"@type":"BreadcrumbList","@id":"https:\/\/www.tortosaturisme.cat\/es\/rutas-mtb\/#breadcrumb","itemListElement":[{"@type":"ListItem","position":1,"name":"Home","item":"https:\/\/www.tortosaturisme.cat\/es\/"},{"@type":"ListItem","position":2,"name":"Cicloturisme BTT"}]},{"@type":"WebSite","@id":"https:\/\/www.tortosaturisme.cat\/es\/#website","url":"https:\/\/www.tortosaturisme.cat\/es\/","name":"tortosaturisme","description":"Otro sitio realizado con WordPress","potentialAction":[{"@type":"SearchAction","target":{"@type":"EntryPoint","urlTemplate":"https:\/\/www.tortosaturisme.cat\/es\/?s={search_term_string}"},"query-input":{"@type":"PropertyValueSpecification","valueRequired":true,"valueName":"search_term_string"}}],"inLanguage":"es"}]}},"_links":{"self":[{"href":"https:\/\/www.tortosaturisme.cat\/es\/wp-json\/wp\/v2\/pages\/15045","targetHints":{"allow":["GET"]}}],"collection":[{"href":"https:\/\/www.tortosaturisme.cat\/es\/wp-json\/wp\/v2\/pages"}],"about":[{"href":"https:\/\/www.tortosaturisme.cat\/es\/wp-json\/wp\/v2\/types\/page"}],"author":[{"embeddable":true,"href":"https:\/\/www.tortosaturisme.cat\/es\/wp-json\/wp\/v2\/users\/2"}],"replies":[{"embeddable":true,"href":"https:\/\/www.tortosaturisme.cat\/es\/wp-json\/wp\/v2\/comments?post=15045"}],"version-history":[{"count":12,"href":"https:\/\/www.tortosaturisme.cat\/es\/wp-json\/wp\/v2\/pages\/15045\/revisions"}],"predecessor-version":[{"id":34776,"href":"https:\/\/www.tortosaturisme.cat\/es\/wp-json\/wp\/v2\/pages\/15045\/revisions\/34776"}],"wp:attachment":[{"href":"https:\/\/www.tortosaturisme.cat\/es\/wp-json\/wp\/v2\/media?parent=15045"}],"curies":[{"name":"wp","href":"https:\/\/api.w.org\/{rel}","templated":true}]}}