{"id":1584,"date":"2018-01-29T11:00:28","date_gmt":"2018-01-29T11:00:28","guid":{"rendered":"http:\/\/tortosaturisme-preprod.incubaliadev.com\/es\/companyies-turistiques\/"},"modified":"2025-01-21T15:13:38","modified_gmt":"2025-01-21T15:13:38","slug":"empresas-turisticas","status":"publish","type":"page","link":"https:\/\/www.tortosaturisme.cat\/es\/empresas-turisticas\/","title":{"rendered":"Empresas tur\u00edsticas"},"content":{"rendered":"<p>[vc_row][vc_column][vc_raw_html]JTNDZGl2JTIwc3R5bGUlM0QlMjJ3aWR0aCUzQTk1JTI1JTNCJTIwaGVpZ2h0JTNBJTIwY2FsYyUyODkwdmglMjAtJTIwMTAwcHglMjklM0JtYXJnaW4lM0EwJTIwYXV0byUzQiUyMiUzRSUwQSUyMCUyMCUyMCUyMCUzQ2RpdiUwQSUyMCUyMCUyMCUyMCUyMCUyMCUyMCUyMGlkJTNEJTIyYldpZGdldE1hcCUyMiUwQSUyMCUyMCUyMCUyMCUyMCUyMCUyMCUyMGludGVncmF0aW9uJTNEJTIyc2VnbWVudCUyMiUwQSUyMCUyMCUyMCUyMCUyMCUyMCUyMCUyMHRvcEhlaWdodCUzRCUyMjEwMCUyMiUwQSUyMCUyMCUyMCUyMCUyMCUyMCUyMCUyMGJ0bkNvbG9yJTNEJTI3JTIzYzMwNjFhJTI3JTBBJTIwJTIwJTIwJTIwJTIwJTIwJTIwJTIwc2hvd0N1cnRhaW4lM0QlMjJ0cnVlJTIyJTBBJTIwJTIwJTIwJTIwJTIwJTIwJTIwJTIwc2hvd0J1dHRvbnMlM0QlMjJ0cnVlJTIyJTBBJTIwJTIwJTIwJTIwJTIwJTIwJTIwJTIwdmlld01hcFRleHQlM0QlMjJNQVBBJTIwSU5URVJBQ1RJVk8lMjIlMEElMjAlMjAlMjAlMjAlMjAlMjAlMjAlMjBwYXJlbnR1cmlwcmVmaXglM0QlMjJid2lkZ2V0JTNBJTIyJTBBJTIwJTIwJTIwJTIwJTIwJTIwJTIwJTIwaWdub3JlQm90dG9tQ29udGVudCUzRCUyMnRydWUlMjIlMEElMjAlMjAlMjAlMjAlMjAlMjAlMjAlMjBlbWJlZHVybCUzRCUyMmh0dHBzJTNBJTJGJTJGbWFwZXMudG9ydG9zYXR1cmlzbWUuY2F0JTIyJTBBJTIwJTIwJTIwJTIwJTIwJTIwJTIwJTIwZW1iZWRtYWludXJpJTNEJTIyJTJGZXMlMkZlbXByZXNhcy10dXJpc3RpY2FzJTIyJTBBJTIwJTIwJTIwJTIwJTIwJTIwJTIwJTIwbWFwU2Nyb2xsd2hlZWwlM0QlMjJmYWxzZSUyMiUwQSUyMCUyMCUyMCUyMCUyMCUyMCUyMCUyMG9uRm9jdXMlM0QlMjIlMjIlMEElMjAlMjAlMjAlMjAlMjAlMjAlMjAlMjBvbkZvY3VzT3V0JTNEJTIyJTIyJTBBJTIwJTIwJTIwJTIwJTNFJTNDJTJGZGl2JTNFJTBBJTIwJTIwJTIwJTIwJTNDc2NyaXB0JTIwdHlwZSUzRCUyMnRleHQlMkZqYXZhc2NyaXB0JTIyJTIwc3JjJTNEJTIyaHR0cHMlM0ElMkYlMkZtYXBlcy50b3J0b3NhdHVyaXNtZS5jYXQlMkZlbWJlZC5qcyUyMiUzRSUzQyUyRnNjcmlwdCUzRSUwQSUzQyUyRmRpdiUzRQ==[\/vc_raw_html][\/vc_column][\/vc_row]<\/p>\n","protected":false},"excerpt":{"rendered":"<p>[vc_row][vc_column][vc_raw_html]JTNDZGl2JTIwc3R5bGUlM0QlMjJ3aWR0aCUzQTk1JTI1JTNCJTIwaGVpZ2h0JTNBJTIwY2FsYyUyODkwdmglMjAtJTIwMTAwcHglMjklM0JtYXJnaW4lM0EwJTIwYXV0byUzQiUyMiUzRSUwQSUyMCUyMCUyMCUyMCUzQ2RpdiUwQSUyMCUyMCUyMCUyMCUyMCUyMCUyMCUyMGlkJTNEJTIyYldpZGdldE1hcCUyMiUwQSUyMCUyMCUyMCUyMCUyMCUyMCUyMCUyMGludGVncmF0aW9uJTNEJTIyc2VnbWVudCUyMiUwQSUyMCUyMCUyMCUyMCUyMCUyMCUyMCUyMHRvcEhlaWdodCUzRCUyMjEwMCUyMiUwQSUyMCUyMCUyMCUyMCUyMCUyMCUyMCUyMGJ0bkNvbG9yJTNEJTI3JTIzYzMwNjFhJTI3JTBBJTIwJTIwJTIwJTIwJTIwJTIwJTIwJTIwc2hvd0N1cnRhaW4lM0QlMjJ0cnVlJTIyJTBBJTIwJTIwJTIwJTIwJTIwJTIwJTIwJTIwc2hvd0J1dHRvbnMlM0QlMjJ0cnVlJTIyJTBBJTIwJTIwJTIwJTIwJTIwJTIwJTIwJTIwdmlld01hcFRleHQlM0QlMjJNQVBBJTIwSU5URVJBQ1RJVk8lMjIlMEElMjAlMjAlMjAlMjAlMjAlMjAlMjAlMjBwYXJlbnR1cmlwcmVmaXglM0QlMjJid2lkZ2V0JTNBJTIyJTBBJTIwJTIwJTIwJTIwJTIwJTIwJTIwJTIwaWdub3JlQm90dG9tQ29udGVudCUzRCUyMnRydWUlMjIlMEElMjAlMjAlMjAlMjAlMjAlMjAlMjAlMjBlbWJlZHVybCUzRCUyMmh0dHBzJTNBJTJGJTJGbWFwZXMudG9ydG9zYXR1cmlzbWUuY2F0JTIyJTBBJTIwJTIwJTIwJTIwJTIwJTIwJTIwJTIwZW1iZWRtYWludXJpJTNEJTIyJTJGZXMlMkZlbXByZXNhcy10dXJpc3RpY2FzJTIyJTBBJTIwJTIwJTIwJTIwJTIwJTIwJTIwJTIwbWFwU2Nyb2xsd2hlZWwlM0QlMjJmYWxzZSUyMiUwQSUyMCUyMCUyMCUyMCUyMCUyMCUyMCUyMG9uRm9jdXMlM0QlMjIlMjIlMEElMjAlMjAlMjAlMjAlMjAlMjAlMjAlMjBvbkZvY3VzT3V0JTNEJTIyJTIyJTBBJTIwJTIwJTIwJTIwJTNFJTNDJTJGZGl2JTNFJTBBJTIwJTIwJTIwJTIwJTNDc2NyaXB0JTIwdHlwZSUzRCUyMnRleHQlMkZqYXZhc2NyaXB0JTIyJTIwc3JjJTNEJTIyaHR0cHMlM0ElMkYlMkZtYXBlcy50b3J0b3NhdHVyaXNtZS5jYXQlMkZlbWJlZC5qcyUyMiUzRSUzQyUyRnNjcmlwdCUzRSUwQSUzQyUyRmRpdiUzRQ==[\/vc_raw_html][\/vc_column][\/vc_row]<\/p>\n","protected":false},"author":5,"featured_media":0,"parent":0,"menu_order":438,"comment_status":"closed","ping_status":"closed","template":"page-templates\/tourist-companies.php","meta":{"footnotes":""},"class_list":["post-1584","page","type-page","status-publish","hentry"],"acf":[],"yoast_head":"<!-- This site is optimized with the Yoast SEO plugin v27.5 - https:\/\/yoast.com\/product\/yoast-seo-wordpress\/ -->\n<title>Empresas Tur\u00edsticas - Tortosa Turisme<\/title>\n<meta name=\"description\" content=\"Todas las compa\u00f1\u00edas para hacer de la visita a Tortosa una experiencia \u00fanica: rutas, alquiler de veh\u00edculos, visitas guiadas, etc.\" \/>\n<meta name=\"robots\" content=\"index, follow, max-snippet:-1, max-image-preview:large, max-video-preview:-1\" \/>\n<link rel=\"canonical\" href=\"https:\/\/www.tortosaturisme.cat\/es\/empresas-turisticas\/\" \/>\n<meta property=\"og:locale\" content=\"es_ES\" \/>\n<meta property=\"og:type\" content=\"article\" \/>\n<meta property=\"og:title\" content=\"Empresas Tur\u00edsticas - Tortosa Turisme\" \/>\n<meta property=\"og:description\" content=\"Todas las compa\u00f1\u00edas para hacer de la visita a Tortosa una experiencia \u00fanica: rutas, alquiler de veh\u00edculos, visitas guiadas, etc.\" \/>\n<meta property=\"og:url\" content=\"https:\/\/www.tortosaturisme.cat\/es\/empresas-turisticas\/\" \/>\n<meta property=\"og:site_name\" content=\"tortosaturisme\" \/>\n<meta property=\"article:modified_time\" content=\"2025-01-21T15:13:38+00:00\" \/>\n<meta name=\"twitter:card\" content=\"summary_large_image\" \/>\n<script type=\"application\/ld+json\" class=\"yoast-schema-graph\">{\"@context\":\"https:\\\/\\\/schema.org\",\"@graph\":[{\"@type\":\"WebPage\",\"@id\":\"https:\\\/\\\/www.tortosaturisme.cat\\\/es\\\/empresas-turisticas\\\/\",\"url\":\"https:\\\/\\\/www.tortosaturisme.cat\\\/es\\\/empresas-turisticas\\\/\",\"name\":\"Empresas Tur\u00edsticas - Tortosa Turisme\",\"isPartOf\":{\"@id\":\"https:\\\/\\\/www.tortosaturisme.cat\\\/es\\\/#website\"},\"datePublished\":\"2018-01-29T11:00:28+00:00\",\"dateModified\":\"2025-01-21T15:13:38+00:00\",\"description\":\"Todas las compa\u00f1\u00edas para hacer de la visita a Tortosa una experiencia \u00fanica: rutas, alquiler de veh\u00edculos, visitas guiadas, etc.\",\"breadcrumb\":{\"@id\":\"https:\\\/\\\/www.tortosaturisme.cat\\\/es\\\/empresas-turisticas\\\/#breadcrumb\"},\"inLanguage\":\"es\",\"potentialAction\":[{\"@type\":\"ReadAction\",\"target\":[\"https:\\\/\\\/www.tortosaturisme.cat\\\/es\\\/empresas-turisticas\\\/\"]}]},{\"@type\":\"BreadcrumbList\",\"@id\":\"https:\\\/\\\/www.tortosaturisme.cat\\\/es\\\/empresas-turisticas\\\/#breadcrumb\",\"itemListElement\":[{\"@type\":\"ListItem\",\"position\":1,\"name\":\"Home\",\"item\":\"https:\\\/\\\/www.tortosaturisme.cat\\\/es\\\/\"},{\"@type\":\"ListItem\",\"position\":2,\"name\":\"Empresas tur\u00edsticas\"}]},{\"@type\":\"WebSite\",\"@id\":\"https:\\\/\\\/www.tortosaturisme.cat\\\/es\\\/#website\",\"url\":\"https:\\\/\\\/www.tortosaturisme.cat\\\/es\\\/\",\"name\":\"tortosaturisme\",\"description\":\"Otro sitio realizado con WordPress\",\"potentialAction\":[{\"@type\":\"SearchAction\",\"target\":{\"@type\":\"EntryPoint\",\"urlTemplate\":\"https:\\\/\\\/www.tortosaturisme.cat\\\/es\\\/?s={search_term_string}\"},\"query-input\":{\"@type\":\"PropertyValueSpecification\",\"valueRequired\":true,\"valueName\":\"search_term_string\"}}],\"inLanguage\":\"es\"}]}<\/script>\n<!-- \/ Yoast SEO plugin. -->","yoast_head_json":{"title":"Empresas Tur\u00edsticas - Tortosa Turisme","description":"Todas las compa\u00f1\u00edas para hacer de la visita a Tortosa una experiencia \u00fanica: rutas, alquiler de veh\u00edculos, visitas guiadas, etc.","robots":{"index":"index","follow":"follow","max-snippet":"max-snippet:-1","max-image-preview":"max-image-preview:large","max-video-preview":"max-video-preview:-1"},"canonical":"https:\/\/www.tortosaturisme.cat\/es\/empresas-turisticas\/","og_locale":"es_ES","og_type":"article","og_title":"Empresas Tur\u00edsticas - Tortosa Turisme","og_description":"Todas las compa\u00f1\u00edas para hacer de la visita a Tortosa una experiencia \u00fanica: rutas, alquiler de veh\u00edculos, visitas guiadas, etc.","og_url":"https:\/\/www.tortosaturisme.cat\/es\/empresas-turisticas\/","og_site_name":"tortosaturisme","article_modified_time":"2025-01-21T15:13:38+00:00","twitter_card":"summary_large_image","schema":{"@context":"https:\/\/schema.org","@graph":[{"@type":"WebPage","@id":"https:\/\/www.tortosaturisme.cat\/es\/empresas-turisticas\/","url":"https:\/\/www.tortosaturisme.cat\/es\/empresas-turisticas\/","name":"Empresas Tur\u00edsticas - Tortosa Turisme","isPartOf":{"@id":"https:\/\/www.tortosaturisme.cat\/es\/#website"},"datePublished":"2018-01-29T11:00:28+00:00","dateModified":"2025-01-21T15:13:38+00:00","description":"Todas las compa\u00f1\u00edas para hacer de la visita a Tortosa una experiencia \u00fanica: rutas, alquiler de veh\u00edculos, visitas guiadas, etc.","breadcrumb":{"@id":"https:\/\/www.tortosaturisme.cat\/es\/empresas-turisticas\/#breadcrumb"},"inLanguage":"es","potentialAction":[{"@type":"ReadAction","target":["https:\/\/www.tortosaturisme.cat\/es\/empresas-turisticas\/"]}]},{"@type":"BreadcrumbList","@id":"https:\/\/www.tortosaturisme.cat\/es\/empresas-turisticas\/#breadcrumb","itemListElement":[{"@type":"ListItem","position":1,"name":"Home","item":"https:\/\/www.tortosaturisme.cat\/es\/"},{"@type":"ListItem","position":2,"name":"Empresas tur\u00edsticas"}]},{"@type":"WebSite","@id":"https:\/\/www.tortosaturisme.cat\/es\/#website","url":"https:\/\/www.tortosaturisme.cat\/es\/","name":"tortosaturisme","description":"Otro sitio realizado con WordPress","potentialAction":[{"@type":"SearchAction","target":{"@type":"EntryPoint","urlTemplate":"https:\/\/www.tortosaturisme.cat\/es\/?s={search_term_string}"},"query-input":{"@type":"PropertyValueSpecification","valueRequired":true,"valueName":"search_term_string"}}],"inLanguage":"es"}]}},"_links":{"self":[{"href":"https:\/\/www.tortosaturisme.cat\/es\/wp-json\/wp\/v2\/pages\/1584","targetHints":{"allow":["GET"]}}],"collection":[{"href":"https:\/\/www.tortosaturisme.cat\/es\/wp-json\/wp\/v2\/pages"}],"about":[{"href":"https:\/\/www.tortosaturisme.cat\/es\/wp-json\/wp\/v2\/types\/page"}],"author":[{"embeddable":true,"href":"https:\/\/www.tortosaturisme.cat\/es\/wp-json\/wp\/v2\/users\/5"}],"replies":[{"embeddable":true,"href":"https:\/\/www.tortosaturisme.cat\/es\/wp-json\/wp\/v2\/comments?post=1584"}],"version-history":[{"count":4,"href":"https:\/\/www.tortosaturisme.cat\/es\/wp-json\/wp\/v2\/pages\/1584\/revisions"}],"predecessor-version":[{"id":36865,"href":"https:\/\/www.tortosaturisme.cat\/es\/wp-json\/wp\/v2\/pages\/1584\/revisions\/36865"}],"wp:attachment":[{"href":"https:\/\/www.tortosaturisme.cat\/es\/wp-json\/wp\/v2\/media?parent=1584"}],"curies":[{"name":"wp","href":"https:\/\/api.w.org\/{rel}","templated":true}]}}