{"id":1587,"date":"2018-01-29T10:59:23","date_gmt":"2018-01-29T10:59:23","guid":{"rendered":"http:\/\/tortosaturisme-preprod.incubaliadev.com\/es\/llocs\/"},"modified":"2025-09-20T15:38:31","modified_gmt":"2025-09-20T15:38:31","slug":"rutas-para-conocer-mas-a-fondo-la-ciudad","status":"publish","type":"page","link":"https:\/\/www.tortosaturisme.cat\/es\/rutas-para-conocer-mas-a-fondo-la-ciudad\/","title":{"rendered":"Rutas"},"content":{"rendered":"","protected":false},"excerpt":{"rendered":"","protected":false},"author":5,"featured_media":0,"parent":0,"menu_order":439,"comment_status":"closed","ping_status":"closed","template":"page-templates\/routes.php","meta":{"footnotes":""},"class_list":["post-1587","page","type-page","status-publish","hentry"],"acf":[],"yoast_head":"<!-- This site is optimized with the Yoast SEO plugin v27.5 - https:\/\/yoast.com\/product\/yoast-seo-wordpress\/ -->\n<title>Rutas para conocer m\u00e1s a fondo la ciudad - Tortosa Turisme<\/title>\n<meta name=\"description\" content=\"Seis rutas guiadas y se\u00f1alizadas para descubrir los espacios emblem\u00e1ticos de Tortosa a pie, conociendo la ciudad de forma pr\u00e1ctica y amena.\" \/>\n<meta name=\"robots\" content=\"index, follow, max-snippet:-1, max-image-preview:large, max-video-preview:-1\" \/>\n<link rel=\"canonical\" href=\"https:\/\/www.tortosaturisme.cat\/es\/rutas-para-conocer-mas-a-fondo-la-ciudad\/\" \/>\n<meta property=\"og:locale\" content=\"es_ES\" \/>\n<meta property=\"og:type\" content=\"article\" \/>\n<meta property=\"og:title\" content=\"Rutas para conocer m\u00e1s a fondo la ciudad - Tortosa Turisme\" \/>\n<meta property=\"og:description\" content=\"Seis rutas guiadas y se\u00f1alizadas para descubrir los espacios emblem\u00e1ticos de Tortosa a pie, conociendo la ciudad de forma pr\u00e1ctica y amena.\" \/>\n<meta property=\"og:url\" content=\"https:\/\/www.tortosaturisme.cat\/es\/rutas-para-conocer-mas-a-fondo-la-ciudad\/\" \/>\n<meta property=\"og:site_name\" content=\"tortosaturisme\" \/>\n<meta property=\"article:modified_time\" content=\"2025-09-20T15:38:31+00:00\" \/>\n<meta name=\"twitter:card\" content=\"summary_large_image\" \/>\n<script type=\"application\/ld+json\" class=\"yoast-schema-graph\">{\"@context\":\"https:\\\/\\\/schema.org\",\"@graph\":[{\"@type\":\"WebPage\",\"@id\":\"https:\\\/\\\/www.tortosaturisme.cat\\\/es\\\/rutas-para-conocer-mas-a-fondo-la-ciudad\\\/\",\"url\":\"https:\\\/\\\/www.tortosaturisme.cat\\\/es\\\/rutas-para-conocer-mas-a-fondo-la-ciudad\\\/\",\"name\":\"Rutas para conocer m\u00e1s a fondo la ciudad - Tortosa Turisme\",\"isPartOf\":{\"@id\":\"https:\\\/\\\/www.tortosaturisme.cat\\\/es\\\/#website\"},\"datePublished\":\"2018-01-29T10:59:23+00:00\",\"dateModified\":\"2025-09-20T15:38:31+00:00\",\"description\":\"Seis rutas guiadas y se\u00f1alizadas para descubrir los espacios emblem\u00e1ticos de Tortosa a pie, conociendo la ciudad de forma pr\u00e1ctica y amena.\",\"breadcrumb\":{\"@id\":\"https:\\\/\\\/www.tortosaturisme.cat\\\/es\\\/rutas-para-conocer-mas-a-fondo-la-ciudad\\\/#breadcrumb\"},\"inLanguage\":\"es\",\"potentialAction\":[{\"@type\":\"ReadAction\",\"target\":[\"https:\\\/\\\/www.tortosaturisme.cat\\\/es\\\/rutas-para-conocer-mas-a-fondo-la-ciudad\\\/\"]}]},{\"@type\":\"BreadcrumbList\",\"@id\":\"https:\\\/\\\/www.tortosaturisme.cat\\\/es\\\/rutas-para-conocer-mas-a-fondo-la-ciudad\\\/#breadcrumb\",\"itemListElement\":[{\"@type\":\"ListItem\",\"position\":1,\"name\":\"Home\",\"item\":\"https:\\\/\\\/www.tortosaturisme.cat\\\/es\\\/\"},{\"@type\":\"ListItem\",\"position\":2,\"name\":\"Rutas\"}]},{\"@type\":\"WebSite\",\"@id\":\"https:\\\/\\\/www.tortosaturisme.cat\\\/es\\\/#website\",\"url\":\"https:\\\/\\\/www.tortosaturisme.cat\\\/es\\\/\",\"name\":\"tortosaturisme\",\"description\":\"Otro sitio realizado con WordPress\",\"potentialAction\":[{\"@type\":\"SearchAction\",\"target\":{\"@type\":\"EntryPoint\",\"urlTemplate\":\"https:\\\/\\\/www.tortosaturisme.cat\\\/es\\\/?s={search_term_string}\"},\"query-input\":{\"@type\":\"PropertyValueSpecification\",\"valueRequired\":true,\"valueName\":\"search_term_string\"}}],\"inLanguage\":\"es\"}]}<\/script>\n<!-- \/ Yoast SEO plugin. -->","yoast_head_json":{"title":"Rutas para conocer m\u00e1s a fondo la ciudad - Tortosa Turisme","description":"Seis rutas guiadas y se\u00f1alizadas para descubrir los espacios emblem\u00e1ticos de Tortosa a pie, conociendo la ciudad de forma pr\u00e1ctica y amena.","robots":{"index":"index","follow":"follow","max-snippet":"max-snippet:-1","max-image-preview":"max-image-preview:large","max-video-preview":"max-video-preview:-1"},"canonical":"https:\/\/www.tortosaturisme.cat\/es\/rutas-para-conocer-mas-a-fondo-la-ciudad\/","og_locale":"es_ES","og_type":"article","og_title":"Rutas para conocer m\u00e1s a fondo la ciudad - Tortosa Turisme","og_description":"Seis rutas guiadas y se\u00f1alizadas para descubrir los espacios emblem\u00e1ticos de Tortosa a pie, conociendo la ciudad de forma pr\u00e1ctica y amena.","og_url":"https:\/\/www.tortosaturisme.cat\/es\/rutas-para-conocer-mas-a-fondo-la-ciudad\/","og_site_name":"tortosaturisme","article_modified_time":"2025-09-20T15:38:31+00:00","twitter_card":"summary_large_image","schema":{"@context":"https:\/\/schema.org","@graph":[{"@type":"WebPage","@id":"https:\/\/www.tortosaturisme.cat\/es\/rutas-para-conocer-mas-a-fondo-la-ciudad\/","url":"https:\/\/www.tortosaturisme.cat\/es\/rutas-para-conocer-mas-a-fondo-la-ciudad\/","name":"Rutas para conocer m\u00e1s a fondo la ciudad - Tortosa Turisme","isPartOf":{"@id":"https:\/\/www.tortosaturisme.cat\/es\/#website"},"datePublished":"2018-01-29T10:59:23+00:00","dateModified":"2025-09-20T15:38:31+00:00","description":"Seis rutas guiadas y se\u00f1alizadas para descubrir los espacios emblem\u00e1ticos de Tortosa a pie, conociendo la ciudad de forma pr\u00e1ctica y amena.","breadcrumb":{"@id":"https:\/\/www.tortosaturisme.cat\/es\/rutas-para-conocer-mas-a-fondo-la-ciudad\/#breadcrumb"},"inLanguage":"es","potentialAction":[{"@type":"ReadAction","target":["https:\/\/www.tortosaturisme.cat\/es\/rutas-para-conocer-mas-a-fondo-la-ciudad\/"]}]},{"@type":"BreadcrumbList","@id":"https:\/\/www.tortosaturisme.cat\/es\/rutas-para-conocer-mas-a-fondo-la-ciudad\/#breadcrumb","itemListElement":[{"@type":"ListItem","position":1,"name":"Home","item":"https:\/\/www.tortosaturisme.cat\/es\/"},{"@type":"ListItem","position":2,"name":"Rutas"}]},{"@type":"WebSite","@id":"https:\/\/www.tortosaturisme.cat\/es\/#website","url":"https:\/\/www.tortosaturisme.cat\/es\/","name":"tortosaturisme","description":"Otro sitio realizado con WordPress","potentialAction":[{"@type":"SearchAction","target":{"@type":"EntryPoint","urlTemplate":"https:\/\/www.tortosaturisme.cat\/es\/?s={search_term_string}"},"query-input":{"@type":"PropertyValueSpecification","valueRequired":true,"valueName":"search_term_string"}}],"inLanguage":"es"}]}},"_links":{"self":[{"href":"https:\/\/www.tortosaturisme.cat\/es\/wp-json\/wp\/v2\/pages\/1587","targetHints":{"allow":["GET"]}}],"collection":[{"href":"https:\/\/www.tortosaturisme.cat\/es\/wp-json\/wp\/v2\/pages"}],"about":[{"href":"https:\/\/www.tortosaturisme.cat\/es\/wp-json\/wp\/v2\/types\/page"}],"author":[{"embeddable":true,"href":"https:\/\/www.tortosaturisme.cat\/es\/wp-json\/wp\/v2\/users\/5"}],"replies":[{"embeddable":true,"href":"https:\/\/www.tortosaturisme.cat\/es\/wp-json\/wp\/v2\/comments?post=1587"}],"version-history":[{"count":3,"href":"https:\/\/www.tortosaturisme.cat\/es\/wp-json\/wp\/v2\/pages\/1587\/revisions"}],"predecessor-version":[{"id":4589,"href":"https:\/\/www.tortosaturisme.cat\/es\/wp-json\/wp\/v2\/pages\/1587\/revisions\/4589"}],"wp:attachment":[{"href":"https:\/\/www.tortosaturisme.cat\/es\/wp-json\/wp\/v2\/media?parent=1587"}],"curies":[{"name":"wp","href":"https:\/\/api.w.org\/{rel}","templated":true}]}}