{"id":16117,"date":"2020-07-30T06:01:56","date_gmt":"2020-07-30T06:01:56","guid":{"rendered":"https:\/\/www.tortosaturisme.cat\/es\/que-tastar-a-tortosa\/"},"modified":"2025-03-19T16:04:06","modified_gmt":"2025-03-19T16:04:06","slug":"que-tastar-a-tortosa","status":"publish","type":"page","link":"https:\/\/www.tortosaturisme.cat\/es\/que-tastar-a-tortosa\/","title":{"rendered":"Gastronomia, qu\u00e8 tastar a Tortosa"},"content":{"rendered":"<p>[vc_row][vc_column]<div class=\"vc-incubalia-big-header\"><h1 class=\"vc-incubalia-big-header__title\">\u00bfQu\u00e9 comer en Tortosa?<\/h1><img decoding=\"async\" class=\"vc-incubalia-big-header__mobile-picture\" src=\"https:\/\/www.tortosaturisme.cat\/wp-content\/uploads\/2020\/07\/cap\u00e7alera_gastronomia_tortosa_768x450.jpg\">\n                  <img decoding=\"async\" class=\"vc-incubalia-big-header__desktop-picture\" src=\"https:\/\/www.tortosaturisme.cat\/wp-content\/uploads\/2020\/07\/cap\u00e7alera_gastronomia_tortosa_1920x700.jpg\"><\/div>[\/vc_column][\/vc_row][vc_row][vc_column]<div class=\"vc-incubalia-text-1-column-subtitle\"><h2 class=\"vc-incubalia-text-1-column-subtitle__title\">UNA COCINA LIGADA AL TERRITORIO<\/h2><h3 class=\"vc-incubalia-text-1-column-subtitle__subtitle\">En el coraz\u00f3n de las Tierras del Ebro, Tortosa re\u00fane y ofrece en su gastronom\u00eda la riqueza y variedad de los productos ebrenses.<\/h3><div class=\"vc-incubalia-text-1-column-subtitle__text\">Degustar la gastronom\u00eda tortosina es probar l<strong>o mejor de la tierra y el mar<\/strong> y saborear los productos m\u00e1s t\u00edpicos de un territorio que se caracteriza por sus buenos manjares y por convertir cada comida en toda una experiencia.<\/p><br \/>\n<p>Uno de los tesoros de la tierra que no podemos dejar de probar es <strong>el aceite de la Denominaci\u00f3n de Origen Protegida Baix Ebre-Montsi\u00e0<\/strong>, un elemento indispensable en los platos tortosinos. Sin duda, el <strong>arroz<\/strong>, uno de los cultivos m\u00e1s tradicionales en el Delta del Ebro, conforma uno de los platos tortosinos por excelencia. Tambi\u00e9n lo son los mejillones y las ostras, productos estrella del territorio, as\u00ed como los langostinos de la R\u00e0pita o el at\u00fan rojo de la Ametlla de Mar que, por proximidad, la gastronom\u00eda tortosina tambi\u00e9n ha hecho suyos. Los platos elaborados con <strong>pescado y marisco<\/strong> deleitar\u00e1n a los paladares m\u00e1s exigentes.<\/div><\/div><div class=\"vc-incubalia-medium-header\"><img decoding=\"async\" class=\"vc-incubalia-medium-header__mobile-picture brightness-100\" src=\"https:\/\/www.tortosaturisme.cat\/wp-content\/uploads\/2020\/07\/plats_tortosa_768x350.jpg\">\n                  <img decoding=\"async\" class=\"vc-incubalia-medium-header__desktop-picture brightness-100\" src=\"https:\/\/www.tortosaturisme.cat\/wp-content\/uploads\/2020\/07\/plas_tortosa_1920x550.jpg\"><\/div><div class=\"vc-incubalia-text-1-column-subtitle\"><div class=\"vc-incubalia-text-1-column-subtitle__text\">Hablar de Tortosa es hablar de <strong>bacalao<\/strong>, uno de los protagonistas del mercado municipal, un producto del mar muy apreciado, tiern\u00edsimo y fresco, que en la ciudad se presenta de mil maneras diferentes.<\/p><br \/>\n<p>Tiernas y sabrosas, las <strong>alcachofas<\/strong> tambi\u00e9n son protagonistas de los platos tortosinos, al igual que las <strong>baldanas<\/strong>, butifarras elaboradas con arroz, un producto local muy popular. Los <strong>c\u00edtricos y las clementinas<\/strong>, as\u00ed como los <strong>melocotones<\/strong>, son algunas de las frutas m\u00e1s apreciadas.<\/p><br \/>\n<p>Para los amantes del vino, Tortosa presume de la denominaci\u00f3n de origen estrella de las Tierras del Ebro, la <strong>DO Terra Alta<\/strong>, con una selecta oferta de vinos con car\u00e1cter reconocidos en todo el mundo. Una opci\u00f3n deliciosa para saborear Tortosa es conocer los establecimientos del centro y del casco antiguo mientras se degustan exquisitas tapas y peque\u00f1as raciones combinadas con estos vinos tan preciados.<\/p><br \/>\n<p>Por supuesto, tampoco pueden faltar los <strong>dulces<\/strong>. Muy t\u00edpicos de Tortosa son los <strong>pastissets<\/strong> (los cl\u00e1sicos son de cabello de \u00e1ngel, pero tambi\u00e9n los hay de reques\u00f3n, chocolate o naranja), as\u00ed como el <strong>menjar blanc<\/strong> o las <strong>Garrofetes del Papa<\/strong>, peque\u00f1os dulces elaborados para el Papa Luna. Adem\u00e1s, en casi todas las pasteler\u00edas y panader\u00edas de la ciudad se pueden encontrar <strong>c\u00f3c<\/strong> y el <strong>pastel Sopa de la Reina<\/strong>, dos de las creaciones m\u00e1s genuinas de Tortosa que vale la pena probar.<\/div><\/div><div class=\"vc-incubalia-3-images\"><h2 class=\"vc-incubalia-3-images__title\">RECETAS<\/h2><div class=\"vc-incubalia-3-images__image\"><a href=\"\/es\/recepta-pastissets\/\"><img decoding=\"async\" src=\"https:\/\/www.tortosaturisme.cat\/wp-content\/uploads\/2020\/07\/pastissets_800x600.jpg\" alt=\"\"><\/a><a href=\"\/es\/recepta-pastissets\/\"><p class=\"vc-incubalia-3-images__image-title\">Pastissets<\/p><\/a><\/div><div class=\"vc-incubalia-3-images__image\"><a href=\"\/es\/recepta-menjar-blanc\/\"><img decoding=\"async\" src=\"https:\/\/www.tortosaturisme.cat\/wp-content\/uploads\/2020\/07\/menjar_blan_800x600.jpg\" alt=\"\"><\/a><a href=\"\/es\/recepta-menjar-blanc\/\"><p class=\"vc-incubalia-3-images__image-title\">Menjar Blanc<\/p><\/a><\/div><div class=\"vc-incubalia-3-images__image\"><a href=\"\/es\/recepta-bunyols-abadejo\/\"><img decoding=\"async\" src=\"https:\/\/www.tortosaturisme.cat\/wp-content\/uploads\/2020\/07\/bunyols_800x600.jpg\" alt=\"\"><\/a><a href=\"\/es\/recepta-bunyols-abadejo\/\"><p class=\"vc-incubalia-3-images__image-title\">Bu\u00f1uelos de bacalao<\/p><\/a><\/div><\/div>[\/vc_column][\/vc_row][vc_row][vc_column]<div class=\"vc-incubalia-4-images\"><h2 class=\"vc-incubalia-4-images__title\">TE RECOMENDAMOS<\/h2><div class=\"vc-incubalia-4-images__image has-url\"\"><a href=\"\/es\/tortosa-de-tapes\/\"><img decoding=\"async\" src=\"https:\/\/www.tortosaturisme.cat\/wp-content\/uploads\/2020\/07\/taps_900x400.jpg\" alt=\"\"><\/a><div class=\"vc-incubalia-4-images__image-text-container\"><p class=\"vc-incubalia-4-images__image-title\">TORTOSA DE TAPAS<\/p><\/div><div class=\"vc-incubalia-4-images__image-url-container\"><span class=\"vc-incubalia-4-images__image-url\">Leer m\u00e1s<\/span><\/div><\/div><div class=\"vc-incubalia-4-images__image has-url\"\"><a href=\"\/es\/el-mercado-de-tortosa\/\"><img decoding=\"async\" src=\"https:\/\/www.tortosaturisme.cat\/wp-content\/uploads\/2020\/07\/mercat_900x400.jpg\" alt=\"\"><\/a><div class=\"vc-incubalia-4-images__image-text-container\"><p class=\"vc-incubalia-4-images__image-title\">El Mercado de Tortosa<\/p><\/div><div class=\"vc-incubalia-4-images__image-url-container\"><span class=\"vc-incubalia-4-images__image-url\">Leer m\u00e1s<\/span><\/div><\/div><div class=\"vc-incubalia-4-images__image has-url\"\"><a href=\"\/es\/jornadas-gastronomicas\/\"><img decoding=\"async\" src=\"https:\/\/www.tortosaturisme.cat\/wp-content\/uploads\/2020\/07\/tapes_900x400.jpg\" alt=\"\"><\/a><div class=\"vc-incubalia-4-images__image-text-container\"><p class=\"vc-incubalia-4-images__image-title\">JORNADAS GASTRON\u00d3MICAS<\/p><\/div><div class=\"vc-incubalia-4-images__image-url-container\"><span class=\"vc-incubalia-4-images__image-url\">Leer m\u00e1s<\/span><\/div><\/div><div class=\"vc-incubalia-4-images__image has-url\"\"><a href=\"\/es\/experiencias\/?experience-type=gastronomiques-2&list-view=cards\"><img decoding=\"async\" src=\"https:\/\/www.tortosaturisme.cat\/wp-content\/uploads\/2020\/07\/experiencies_gastronomiques_900x400.jpg\" alt=\"\"><\/a><div class=\"vc-incubalia-4-images__image-text-container\"><p class=\"vc-incubalia-4-images__image-title\">CATA Y EXPERIENCIAS GASTRON\u00d3MICAS<\/p><\/div><div class=\"vc-incubalia-4-images__image-url-container\"><span class=\"vc-incubalia-4-images__image-url\">Leer m\u00e1s<\/span><\/div><\/div><\/div><div class=\"vc-incubalia-spacer-half\"><\/div><div class=\"vc-incubalia-5-cards\"><h2 class=\"vc-incubalia-5-cards__title\">PARA SABER M\u00c1S<\/h2><div class=\"vc-incubalia-5-cards__card card-1 has-url\"><a href=\"\/es\/la-cocina-de-las-tierras-del-ebro\/\"><img decoding=\"async\" class=\"vc-incubalia-5-cards__card-mobile-picture\" src=\"https:\/\/www.tortosaturisme.cat\/wp-content\/uploads\/2018\/02\/B-1280-cuina-tor-640x460.jpg\">\n                      <img decoding=\"async\" class=\"vc-incubalia-5-cards__card-desktop-picture\" src=\"https:\/\/www.tortosaturisme.cat\/wp-content\/uploads\/2018\/02\/B-1280-cuina-tor.jpg\"><\/a><div class=\"vc-incubalia-5-cards__card-text-container\"><p class=\"vc-incubalia-5-cards__card-title\">La cocina de las tierras del Ebro<\/p><\/div><div class=\"vc-incubalia-5-cards__card-url-container\"><span class=\"vc-incubalia-5-cards__card-url\">Leer m\u00e1s<\/span><\/div><\/div><div class=\"vc-incubalia-5-cards__card card-2 has-url\"><a href=\"\/es\/restaurantes\/\"><img decoding=\"async\" class=\"vc-incubalia-5-cards__card-mobile-picture\" src=\"\">\n                      <img decoding=\"async\" class=\"vc-incubalia-5-cards__card-desktop-picture\" src=\"https:\/\/www.tortosaturisme.cat\/wp-content\/uploads\/2020\/07\/restaurants_1280x460-640x460.jpg\"><\/a><div class=\"vc-incubalia-5-cards__card-text-container\"><p class=\"vc-incubalia-5-cards__card-title\">RESTAURANTES<\/p><\/div><div class=\"vc-incubalia-5-cards__card-url-container\"><span class=\"vc-incubalia-5-cards__card-url\">Leer m\u00e1s<\/span><\/div><\/div><div class=\"vc-incubalia-5-cards__card-3-and-4-container\"><div class=\"vc-incubalia-5-cards__card card-3 has-url\"><a href=\"\/es\/lo-mejor-del-mar\/\"><img decoding=\"async\" class=\"vc-incubalia-5-cards__card-mobile-picture\" src=\"https:\/\/www.tortosaturisme.cat\/wp-content\/uploads\/2018\/02\/b-1280-millor-mar-640x460.jpg\">\n                      <img decoding=\"async\" class=\"vc-incubalia-5-cards__card-desktop-picture\" src=\"https:\/\/www.tortosaturisme.cat\/wp-content\/uploads\/2018\/02\/b-1280-millor-mar-640x460.jpg\"><\/a><div class=\"vc-incubalia-5-cards__card-text-container\"><p class=\"vc-incubalia-5-cards__card-title\">Lo mejor del mar<\/p><\/div><div class=\"vc-incubalia-5-cards__card-url-container\"><span class=\"vc-incubalia-5-cards__card-url\">Leer m\u00e1s<\/span><\/div><\/div><div class=\"vc-incubalia-5-cards__card card-4 has-url\"><a href=\"\/es\/lo-mejor-del-mar\/\"><img decoding=\"async\" class=\"vc-incubalia-5-cards__card-mobile-picture\" src=\"https:\/\/www.tortosaturisme.cat\/wp-content\/uploads\/2018\/02\/b-1280-millor-terra-640x460.jpg\">\n                      <img decoding=\"async\" class=\"vc-incubalia-5-cards__card-desktop-picture\" src=\"https:\/\/www.tortosaturisme.cat\/wp-content\/uploads\/2018\/02\/b-1280-millor-terra-640x460.jpg\"><\/a><div class=\"vc-incubalia-5-cards__card-text-container\"><p class=\"vc-incubalia-5-cards__card-title\">Lo mejor de la tierra<\/p><\/div><div class=\"vc-incubalia-5-cards__card-url-container\"><span class=\"vc-incubalia-5-cards__card-url\">Leer m\u00e1s<\/span><\/div><\/div><\/div><div class=\"vc-incubalia-5-cards__card card-5 has-url\"><a href=\"\/es\/la-do-terra-alta\/\"><img decoding=\"async\" class=\"vc-incubalia-5-cards__card-mobile-picture\" src=\"https:\/\/www.tortosaturisme.cat\/wp-content\/uploads\/2020\/07\/vi-1280x460-640x460.jpg\">\n                      <img decoding=\"async\" class=\"vc-incubalia-5-cards__card-desktop-picture\" src=\"https:\/\/www.tortosaturisme.cat\/wp-content\/uploads\/2020\/07\/vi-1280x460-640x449.jpg\"><\/a><div class=\"vc-incubalia-5-cards__card-text-container\"><p class=\"vc-incubalia-5-cards__card-title\">DO Terra Alta<\/p><\/div><div class=\"vc-incubalia-5-cards__card-url-container\"><span class=\"vc-incubalia-5-cards__card-url\">Leer m\u00e1s<\/span><\/div><\/div><\/div>[\/vc_column][\/vc_row]<\/p>\n","protected":false},"excerpt":{"rendered":"<p>[vc_row][vc_column][\/vc_column][\/vc_row][vc_row][vc_column][\/vc_column][\/vc_row][vc_row][vc_column][\/vc_column][\/vc_row]<\/p>\n","protected":false},"author":2,"featured_media":0,"parent":0,"menu_order":51,"comment_status":"closed","ping_status":"closed","template":"","meta":{"footnotes":""},"class_list":["post-16117","page","type-page","status-publish","hentry"],"acf":[],"yoast_head":"<!-- This site is optimized with the Yoast SEO plugin v27.3 - https:\/\/yoast.com\/product\/yoast-seo-wordpress\/ -->\n<title>Qu\u00e8 tastar a Tortosa? Els plats t\u00edpics de la ciutat | Tortosa Turisme<\/title>\n<meta name=\"description\" content=\"Tortosa, situada al cor de les Terres de l&#039;Ebre, gaudeix d&#039;una gastronomia basada en la riquesa i varietat dels productes ebrencs. L&#039;abadejo, les baldanes, l&#039;arr\u00f2s del Delta i els vins DO de la Terra Alta s\u00f3n alguns dels protagonistes de la cuina tortosina. I no ens oblidem dels dol\u00e7os: els pastissets s\u00f3n l&#039;estrella!\" \/>\n<meta name=\"robots\" content=\"index, follow, max-snippet:-1, max-image-preview:large, max-video-preview:-1\" \/>\n<link rel=\"canonical\" href=\"https:\/\/www.tortosaturisme.cat\/es\/que-tastar-a-tortosa\/\" \/>\n<meta property=\"og:locale\" content=\"es_ES\" \/>\n<meta property=\"og:type\" content=\"article\" \/>\n<meta property=\"og:title\" content=\"Qu\u00e8 tastar a Tortosa? Els plats t\u00edpics de la ciutat | Tortosa Turisme\" \/>\n<meta property=\"og:description\" content=\"Tortosa, situada al cor de les Terres de l&#039;Ebre, gaudeix d&#039;una gastronomia basada en la riquesa i varietat dels productes ebrencs. L&#039;abadejo, les baldanes, l&#039;arr\u00f2s del Delta i els vins DO de la Terra Alta s\u00f3n alguns dels protagonistes de la cuina tortosina. I no ens oblidem dels dol\u00e7os: els pastissets s\u00f3n l&#039;estrella!\" \/>\n<meta property=\"og:url\" content=\"https:\/\/www.tortosaturisme.cat\/es\/que-tastar-a-tortosa\/\" \/>\n<meta property=\"og:site_name\" content=\"tortosaturisme\" \/>\n<meta property=\"article:modified_time\" content=\"2025-03-19T16:04:06+00:00\" \/>\n<meta name=\"twitter:card\" content=\"summary_large_image\" \/>\n<meta name=\"twitter:label1\" content=\"Tiempo de lectura\" \/>\n\t<meta name=\"twitter:data1\" content=\"3 minutos\" \/>\n<script type=\"application\/ld+json\" class=\"yoast-schema-graph\">{\"@context\":\"https:\\\/\\\/schema.org\",\"@graph\":[{\"@type\":\"WebPage\",\"@id\":\"https:\\\/\\\/www.tortosaturisme.cat\\\/es\\\/que-tastar-a-tortosa\\\/\",\"url\":\"https:\\\/\\\/www.tortosaturisme.cat\\\/es\\\/que-tastar-a-tortosa\\\/\",\"name\":\"Qu\u00e8 tastar a Tortosa? Els plats t\u00edpics de la ciutat | Tortosa Turisme\",\"isPartOf\":{\"@id\":\"https:\\\/\\\/www.tortosaturisme.cat\\\/es\\\/#website\"},\"datePublished\":\"2020-07-30T06:01:56+00:00\",\"dateModified\":\"2025-03-19T16:04:06+00:00\",\"description\":\"Tortosa, situada al cor de les Terres de l'Ebre, gaudeix d'una gastronomia basada en la riquesa i varietat dels productes ebrencs. L'abadejo, les baldanes, l'arr\u00f2s del Delta i els vins DO de la Terra Alta s\u00f3n alguns dels protagonistes de la cuina tortosina. I no ens oblidem dels dol\u00e7os: els pastissets s\u00f3n l'estrella!\",\"breadcrumb\":{\"@id\":\"https:\\\/\\\/www.tortosaturisme.cat\\\/es\\\/que-tastar-a-tortosa\\\/#breadcrumb\"},\"inLanguage\":\"es\",\"potentialAction\":[{\"@type\":\"ReadAction\",\"target\":[\"https:\\\/\\\/www.tortosaturisme.cat\\\/es\\\/que-tastar-a-tortosa\\\/\"]}]},{\"@type\":\"BreadcrumbList\",\"@id\":\"https:\\\/\\\/www.tortosaturisme.cat\\\/es\\\/que-tastar-a-tortosa\\\/#breadcrumb\",\"itemListElement\":[{\"@type\":\"ListItem\",\"position\":1,\"name\":\"Home\",\"item\":\"https:\\\/\\\/www.tortosaturisme.cat\\\/es\\\/\"},{\"@type\":\"ListItem\",\"position\":2,\"name\":\"Gastronomia, qu\u00e8 tastar a Tortosa\"}]},{\"@type\":\"WebSite\",\"@id\":\"https:\\\/\\\/www.tortosaturisme.cat\\\/es\\\/#website\",\"url\":\"https:\\\/\\\/www.tortosaturisme.cat\\\/es\\\/\",\"name\":\"tortosaturisme\",\"description\":\"Otro sitio realizado con WordPress\",\"potentialAction\":[{\"@type\":\"SearchAction\",\"target\":{\"@type\":\"EntryPoint\",\"urlTemplate\":\"https:\\\/\\\/www.tortosaturisme.cat\\\/es\\\/?s={search_term_string}\"},\"query-input\":{\"@type\":\"PropertyValueSpecification\",\"valueRequired\":true,\"valueName\":\"search_term_string\"}}],\"inLanguage\":\"es\"}]}<\/script>\n<!-- \/ Yoast SEO plugin. -->","yoast_head_json":{"title":"Qu\u00e8 tastar a Tortosa? Els plats t\u00edpics de la ciutat | Tortosa Turisme","description":"Tortosa, situada al cor de les Terres de l'Ebre, gaudeix d'una gastronomia basada en la riquesa i varietat dels productes ebrencs. L'abadejo, les baldanes, l'arr\u00f2s del Delta i els vins DO de la Terra Alta s\u00f3n alguns dels protagonistes de la cuina tortosina. I no ens oblidem dels dol\u00e7os: els pastissets s\u00f3n l'estrella!","robots":{"index":"index","follow":"follow","max-snippet":"max-snippet:-1","max-image-preview":"max-image-preview:large","max-video-preview":"max-video-preview:-1"},"canonical":"https:\/\/www.tortosaturisme.cat\/es\/que-tastar-a-tortosa\/","og_locale":"es_ES","og_type":"article","og_title":"Qu\u00e8 tastar a Tortosa? Els plats t\u00edpics de la ciutat | Tortosa Turisme","og_description":"Tortosa, situada al cor de les Terres de l'Ebre, gaudeix d'una gastronomia basada en la riquesa i varietat dels productes ebrencs. L'abadejo, les baldanes, l'arr\u00f2s del Delta i els vins DO de la Terra Alta s\u00f3n alguns dels protagonistes de la cuina tortosina. I no ens oblidem dels dol\u00e7os: els pastissets s\u00f3n l'estrella!","og_url":"https:\/\/www.tortosaturisme.cat\/es\/que-tastar-a-tortosa\/","og_site_name":"tortosaturisme","article_modified_time":"2025-03-19T16:04:06+00:00","twitter_card":"summary_large_image","twitter_misc":{"Tiempo de lectura":"3 minutos"},"schema":{"@context":"https:\/\/schema.org","@graph":[{"@type":"WebPage","@id":"https:\/\/www.tortosaturisme.cat\/es\/que-tastar-a-tortosa\/","url":"https:\/\/www.tortosaturisme.cat\/es\/que-tastar-a-tortosa\/","name":"Qu\u00e8 tastar a Tortosa? Els plats t\u00edpics de la ciutat | Tortosa Turisme","isPartOf":{"@id":"https:\/\/www.tortosaturisme.cat\/es\/#website"},"datePublished":"2020-07-30T06:01:56+00:00","dateModified":"2025-03-19T16:04:06+00:00","description":"Tortosa, situada al cor de les Terres de l'Ebre, gaudeix d'una gastronomia basada en la riquesa i varietat dels productes ebrencs. L'abadejo, les baldanes, l'arr\u00f2s del Delta i els vins DO de la Terra Alta s\u00f3n alguns dels protagonistes de la cuina tortosina. I no ens oblidem dels dol\u00e7os: els pastissets s\u00f3n l'estrella!","breadcrumb":{"@id":"https:\/\/www.tortosaturisme.cat\/es\/que-tastar-a-tortosa\/#breadcrumb"},"inLanguage":"es","potentialAction":[{"@type":"ReadAction","target":["https:\/\/www.tortosaturisme.cat\/es\/que-tastar-a-tortosa\/"]}]},{"@type":"BreadcrumbList","@id":"https:\/\/www.tortosaturisme.cat\/es\/que-tastar-a-tortosa\/#breadcrumb","itemListElement":[{"@type":"ListItem","position":1,"name":"Home","item":"https:\/\/www.tortosaturisme.cat\/es\/"},{"@type":"ListItem","position":2,"name":"Gastronomia, qu\u00e8 tastar a Tortosa"}]},{"@type":"WebSite","@id":"https:\/\/www.tortosaturisme.cat\/es\/#website","url":"https:\/\/www.tortosaturisme.cat\/es\/","name":"tortosaturisme","description":"Otro sitio realizado con WordPress","potentialAction":[{"@type":"SearchAction","target":{"@type":"EntryPoint","urlTemplate":"https:\/\/www.tortosaturisme.cat\/es\/?s={search_term_string}"},"query-input":{"@type":"PropertyValueSpecification","valueRequired":true,"valueName":"search_term_string"}}],"inLanguage":"es"}]}},"_links":{"self":[{"href":"https:\/\/www.tortosaturisme.cat\/es\/wp-json\/wp\/v2\/pages\/16117","targetHints":{"allow":["GET"]}}],"collection":[{"href":"https:\/\/www.tortosaturisme.cat\/es\/wp-json\/wp\/v2\/pages"}],"about":[{"href":"https:\/\/www.tortosaturisme.cat\/es\/wp-json\/wp\/v2\/types\/page"}],"author":[{"embeddable":true,"href":"https:\/\/www.tortosaturisme.cat\/es\/wp-json\/wp\/v2\/users\/2"}],"replies":[{"embeddable":true,"href":"https:\/\/www.tortosaturisme.cat\/es\/wp-json\/wp\/v2\/comments?post=16117"}],"version-history":[{"count":8,"href":"https:\/\/www.tortosaturisme.cat\/es\/wp-json\/wp\/v2\/pages\/16117\/revisions"}],"predecessor-version":[{"id":37090,"href":"https:\/\/www.tortosaturisme.cat\/es\/wp-json\/wp\/v2\/pages\/16117\/revisions\/37090"}],"wp:attachment":[{"href":"https:\/\/www.tortosaturisme.cat\/es\/wp-json\/wp\/v2\/media?parent=16117"}],"curies":[{"name":"wp","href":"https:\/\/api.w.org\/{rel}","templated":true}]}}