{"id":16157,"date":"2020-09-01T05:57:19","date_gmt":"2020-09-01T05:57:19","guid":{"rendered":"https:\/\/www.tortosaturisme.cat\/es\/recepta-pastissets\/"},"modified":"2020-11-24T10:22:31","modified_gmt":"2020-11-24T10:22:31","slug":"recepta-pastissets","status":"publish","type":"page","link":"https:\/\/www.tortosaturisme.cat\/es\/recepta-pastissets\/","title":{"rendered":"Recepta Pastissets"},"content":{"rendered":"<p>[vc_row][vc_column]<div class=\"vc-incubalia-medium-header\"><img decoding=\"async\" class=\"vc-incubalia-medium-header__mobile-picture brightness-100\" src=\"https:\/\/www.tortosaturisme.cat\/wp-content\/uploads\/2020\/09\/pastissets_768x350.jpg\">\n                  <img decoding=\"async\" class=\"vc-incubalia-medium-header__desktop-picture brightness-100\" src=\"https:\/\/www.tortosaturisme.cat\/wp-content\/uploads\/2020\/09\/pastissets_1920x550.jpg\"><\/div><div class=\"vc-incubalia-text-1-column-subtitle\"><h2 class=\"vc-incubalia-text-1-column-subtitle__title\">PASTISSETS DE TORTOSA<\/h2><div class=\"vc-incubalia-text-1-column-subtitle__text\">Els <strong>pastissets<\/strong> s\u00f3n un dels principals llegats del passat <strong>\u00e0rab<\/strong> de la ciutat. Amb forma de mitja lluna i farcits de cabell d\u2019\u00e0ngel, aquest dol\u00e7 artesanal s\u2019ha convertit en un dels productes m\u00e9s representatius del territori i d\u2019obligat tast quan es visita la ciutat. Documentats ja al segle VIII i presents als receptaris catalans medievals, antigament es preparaven per festivitats importants i per <strong>honrar la visita de familiars o amics<\/strong>. Avui en dia, per\u00f2, es consumeixen durant tot l\u2019any i han anat sorgint noves varietats. A les pastisseries i forns de Tortosa es poden trobar els pastissets farcits tradicionals, per\u00f2 tamb\u00e9 pastissets de xocolata, brossat, taronja, entre d\u2019altres ingredients. <strong>Tot un plaer tastar-los<\/strong>.<\/div><\/div>[\/vc_column][\/vc_row][vc_row][vc_column width=\u00bb1\/2&#8243;]<div class=\"vc-incubalia-text-1-column\"><h2 class=\"vc-incubalia-text-1-column__title\"><span class=\"first-word\">INGREDIENTS<\/span> <\/h2><div class=\"vc-incubalia-text-1-column__text\"><\/p><br \/>\n<ul><br \/>\n<li>1 tassa de mistela<\/li><br \/>\n<li>1 tassa d\u2019an\u00eds<\/li><br \/>\n<li>100 gr de sucre<\/li><br \/>\n<li>30 cl d\u2019oli d\u2019oliva<\/li><br \/>\n<li>Farina, la que entre<\/li><br \/>\n<li>Cabell d\u2019\u00e0ngel (o xocolata, brossat,\u2026)<\/li><br \/>\n<\/ul><br \/>\n<p><\/div><\/div><script>\n            (function($) {\n                $(function() {\n                    $(\".vc_col-sm-6\").parent(\".vc_row\").addClass(\"vc_layout_2\");\n                });\n            })(jQuery);\n            <\/script>[\/vc_column][vc_column width=\u00bb1\/2&#8243;]<div class=\"vc-incubalia-text-1-column\"><h2 class=\"vc-incubalia-text-1-column__title\"><span class=\"first-word\">ELABORACI\u00d3<\/span> <\/h2><div class=\"vc-incubalia-text-1-column__text\"><\/p><br \/>\n<ol><br \/>\n<li>Mesclar b\u00e9 la mistela, l\u2019an\u00eds, el sucre i l\u2019oli i la farina.<\/li><br \/>\n<li>Fer boletes d\u2019uns 50 gr i aplanar-les fent una circumfer\u00e8ncia.<\/li><br \/>\n<li>Farcir de cabell d\u2019\u00e0ngel o del que vulgueu i tancar segellant les cantonades.<\/li><br \/>\n<li>Enfornar a 190\u00baC durant 15 minuts.<\/li><br \/>\n<li>Quan es refredin, ensucrar.&nbsp;<\/li><br \/>\n<\/ol><br \/>\n<p><\/div><\/div><script>\n            (function($) {\n                $(function() {\n                    $(\".vc_col-sm-6\").parent(\".vc_row\").addClass(\"vc_layout_2\");\n                });\n            })(jQuery);\n            <\/script>[\/vc_column][\/vc_row]<\/p>\n","protected":false},"excerpt":{"rendered":"<p>[vc_row][vc_column][\/vc_column][\/vc_row][vc_row][vc_column width=\u00bb1\/2&#8243;][\/vc_column][vc_column width=\u00bb1\/2&#8243;][\/vc_column][\/vc_row]<\/p>\n","protected":false},"author":2,"featured_media":0,"parent":0,"menu_order":47,"comment_status":"closed","ping_status":"closed","template":"","meta":{"footnotes":""},"class_list":["post-16157","page","type-page","status-publish","hentry"],"acf":[],"yoast_head":"<!-- This site is optimized with the Yoast SEO plugin v27.3 - https:\/\/yoast.com\/product\/yoast-seo-wordpress\/ -->\n<title>Recepta Pastissets de Tortosa | Tortosa Turisme<\/title>\n<meta name=\"description\" content=\"Els pastissets s\u00f3n el dol\u00e7 m\u00e9s fam\u00f3s i popular de Tortosa. S\u00f3n un dels principals llegats del passat \u00e0rab de la ciutat, tenen forma de mitja lluna i, tradicionalment, estan farcits de cabell d&#039;\u00e0ngel. Tot un plaer tastar-los.\" \/>\n<meta name=\"robots\" content=\"index, follow, max-snippet:-1, max-image-preview:large, max-video-preview:-1\" \/>\n<link rel=\"canonical\" href=\"https:\/\/www.tortosaturisme.cat\/es\/recepta-pastissets\/\" \/>\n<meta property=\"og:locale\" content=\"es_ES\" \/>\n<meta property=\"og:type\" content=\"article\" \/>\n<meta property=\"og:title\" content=\"Recepta Pastissets de Tortosa | Tortosa Turisme\" \/>\n<meta property=\"og:description\" content=\"Els pastissets s\u00f3n el dol\u00e7 m\u00e9s fam\u00f3s i popular de Tortosa. S\u00f3n un dels principals llegats del passat \u00e0rab de la ciutat, tenen forma de mitja lluna i, tradicionalment, estan farcits de cabell d&#039;\u00e0ngel. Tot un plaer tastar-los.\" \/>\n<meta property=\"og:url\" content=\"https:\/\/www.tortosaturisme.cat\/es\/recepta-pastissets\/\" \/>\n<meta property=\"og:site_name\" content=\"tortosaturisme\" \/>\n<meta property=\"article:modified_time\" content=\"2020-11-24T10:22:31+00:00\" \/>\n<meta name=\"twitter:card\" content=\"summary_large_image\" \/>\n<meta name=\"twitter:label1\" content=\"Tiempo de lectura\" \/>\n\t<meta name=\"twitter:data1\" content=\"1 minuto\" \/>\n<script type=\"application\/ld+json\" class=\"yoast-schema-graph\">{\"@context\":\"https:\\\/\\\/schema.org\",\"@graph\":[{\"@type\":\"WebPage\",\"@id\":\"https:\\\/\\\/www.tortosaturisme.cat\\\/es\\\/recepta-pastissets\\\/\",\"url\":\"https:\\\/\\\/www.tortosaturisme.cat\\\/es\\\/recepta-pastissets\\\/\",\"name\":\"Recepta Pastissets de Tortosa | Tortosa Turisme\",\"isPartOf\":{\"@id\":\"https:\\\/\\\/www.tortosaturisme.cat\\\/es\\\/#website\"},\"datePublished\":\"2020-09-01T05:57:19+00:00\",\"dateModified\":\"2020-11-24T10:22:31+00:00\",\"description\":\"Els pastissets s\u00f3n el dol\u00e7 m\u00e9s fam\u00f3s i popular de Tortosa. S\u00f3n un dels principals llegats del passat \u00e0rab de la ciutat, tenen forma de mitja lluna i, tradicionalment, estan farcits de cabell d'\u00e0ngel. Tot un plaer tastar-los.\",\"breadcrumb\":{\"@id\":\"https:\\\/\\\/www.tortosaturisme.cat\\\/es\\\/recepta-pastissets\\\/#breadcrumb\"},\"inLanguage\":\"es\",\"potentialAction\":[{\"@type\":\"ReadAction\",\"target\":[\"https:\\\/\\\/www.tortosaturisme.cat\\\/es\\\/recepta-pastissets\\\/\"]}]},{\"@type\":\"BreadcrumbList\",\"@id\":\"https:\\\/\\\/www.tortosaturisme.cat\\\/es\\\/recepta-pastissets\\\/#breadcrumb\",\"itemListElement\":[{\"@type\":\"ListItem\",\"position\":1,\"name\":\"Home\",\"item\":\"https:\\\/\\\/www.tortosaturisme.cat\\\/es\\\/\"},{\"@type\":\"ListItem\",\"position\":2,\"name\":\"Recepta Pastissets\"}]},{\"@type\":\"WebSite\",\"@id\":\"https:\\\/\\\/www.tortosaturisme.cat\\\/es\\\/#website\",\"url\":\"https:\\\/\\\/www.tortosaturisme.cat\\\/es\\\/\",\"name\":\"tortosaturisme\",\"description\":\"Otro sitio realizado con WordPress\",\"potentialAction\":[{\"@type\":\"SearchAction\",\"target\":{\"@type\":\"EntryPoint\",\"urlTemplate\":\"https:\\\/\\\/www.tortosaturisme.cat\\\/es\\\/?s={search_term_string}\"},\"query-input\":{\"@type\":\"PropertyValueSpecification\",\"valueRequired\":true,\"valueName\":\"search_term_string\"}}],\"inLanguage\":\"es\"}]}<\/script>\n<!-- \/ Yoast SEO plugin. -->","yoast_head_json":{"title":"Recepta Pastissets de Tortosa | Tortosa Turisme","description":"Els pastissets s\u00f3n el dol\u00e7 m\u00e9s fam\u00f3s i popular de Tortosa. S\u00f3n un dels principals llegats del passat \u00e0rab de la ciutat, tenen forma de mitja lluna i, tradicionalment, estan farcits de cabell d'\u00e0ngel. Tot un plaer tastar-los.","robots":{"index":"index","follow":"follow","max-snippet":"max-snippet:-1","max-image-preview":"max-image-preview:large","max-video-preview":"max-video-preview:-1"},"canonical":"https:\/\/www.tortosaturisme.cat\/es\/recepta-pastissets\/","og_locale":"es_ES","og_type":"article","og_title":"Recepta Pastissets de Tortosa | Tortosa Turisme","og_description":"Els pastissets s\u00f3n el dol\u00e7 m\u00e9s fam\u00f3s i popular de Tortosa. S\u00f3n un dels principals llegats del passat \u00e0rab de la ciutat, tenen forma de mitja lluna i, tradicionalment, estan farcits de cabell d'\u00e0ngel. Tot un plaer tastar-los.","og_url":"https:\/\/www.tortosaturisme.cat\/es\/recepta-pastissets\/","og_site_name":"tortosaturisme","article_modified_time":"2020-11-24T10:22:31+00:00","twitter_card":"summary_large_image","twitter_misc":{"Tiempo de lectura":"1 minuto"},"schema":{"@context":"https:\/\/schema.org","@graph":[{"@type":"WebPage","@id":"https:\/\/www.tortosaturisme.cat\/es\/recepta-pastissets\/","url":"https:\/\/www.tortosaturisme.cat\/es\/recepta-pastissets\/","name":"Recepta Pastissets de Tortosa | Tortosa Turisme","isPartOf":{"@id":"https:\/\/www.tortosaturisme.cat\/es\/#website"},"datePublished":"2020-09-01T05:57:19+00:00","dateModified":"2020-11-24T10:22:31+00:00","description":"Els pastissets s\u00f3n el dol\u00e7 m\u00e9s fam\u00f3s i popular de Tortosa. S\u00f3n un dels principals llegats del passat \u00e0rab de la ciutat, tenen forma de mitja lluna i, tradicionalment, estan farcits de cabell d'\u00e0ngel. Tot un plaer tastar-los.","breadcrumb":{"@id":"https:\/\/www.tortosaturisme.cat\/es\/recepta-pastissets\/#breadcrumb"},"inLanguage":"es","potentialAction":[{"@type":"ReadAction","target":["https:\/\/www.tortosaturisme.cat\/es\/recepta-pastissets\/"]}]},{"@type":"BreadcrumbList","@id":"https:\/\/www.tortosaturisme.cat\/es\/recepta-pastissets\/#breadcrumb","itemListElement":[{"@type":"ListItem","position":1,"name":"Home","item":"https:\/\/www.tortosaturisme.cat\/es\/"},{"@type":"ListItem","position":2,"name":"Recepta Pastissets"}]},{"@type":"WebSite","@id":"https:\/\/www.tortosaturisme.cat\/es\/#website","url":"https:\/\/www.tortosaturisme.cat\/es\/","name":"tortosaturisme","description":"Otro sitio realizado con WordPress","potentialAction":[{"@type":"SearchAction","target":{"@type":"EntryPoint","urlTemplate":"https:\/\/www.tortosaturisme.cat\/es\/?s={search_term_string}"},"query-input":{"@type":"PropertyValueSpecification","valueRequired":true,"valueName":"search_term_string"}}],"inLanguage":"es"}]}},"_links":{"self":[{"href":"https:\/\/www.tortosaturisme.cat\/es\/wp-json\/wp\/v2\/pages\/16157","targetHints":{"allow":["GET"]}}],"collection":[{"href":"https:\/\/www.tortosaturisme.cat\/es\/wp-json\/wp\/v2\/pages"}],"about":[{"href":"https:\/\/www.tortosaturisme.cat\/es\/wp-json\/wp\/v2\/types\/page"}],"author":[{"embeddable":true,"href":"https:\/\/www.tortosaturisme.cat\/es\/wp-json\/wp\/v2\/users\/2"}],"replies":[{"embeddable":true,"href":"https:\/\/www.tortosaturisme.cat\/es\/wp-json\/wp\/v2\/comments?post=16157"}],"version-history":[{"count":5,"href":"https:\/\/www.tortosaturisme.cat\/es\/wp-json\/wp\/v2\/pages\/16157\/revisions"}],"predecessor-version":[{"id":16172,"href":"https:\/\/www.tortosaturisme.cat\/es\/wp-json\/wp\/v2\/pages\/16157\/revisions\/16172"}],"wp:attachment":[{"href":"https:\/\/www.tortosaturisme.cat\/es\/wp-json\/wp\/v2\/media?parent=16157"}],"curies":[{"name":"wp","href":"https:\/\/api.w.org\/{rel}","templated":true}]}}