{"id":16191,"date":"2020-09-01T06:21:07","date_gmt":"2020-09-01T06:21:07","guid":{"rendered":"https:\/\/www.tortosaturisme.cat\/es\/recepta-menjar-blanc\/"},"modified":"2020-11-24T11:42:42","modified_gmt":"2020-11-24T11:42:42","slug":"recepta-menjar-blanc","status":"publish","type":"page","link":"https:\/\/www.tortosaturisme.cat\/es\/recepta-menjar-blanc\/","title":{"rendered":"Recepta Menjar Blanc"},"content":{"rendered":"<p>[vc_row][vc_column]<div class=\"vc-incubalia-medium-header\"><img decoding=\"async\" class=\"vc-incubalia-medium-header__mobile-picture brightness-100\" src=\"https:\/\/www.tortosaturisme.cat\/wp-content\/uploads\/2020\/09\/menjar_blanc768x350.jpg\">\n                  <img decoding=\"async\" class=\"vc-incubalia-medium-header__desktop-picture brightness-100\" src=\"https:\/\/www.tortosaturisme.cat\/wp-content\/uploads\/2020\/09\/menjar_blanc1920x550.jpg\"><\/div>[\/vc_column][\/vc_row][vc_row][vc_column]<div class=\"vc-incubalia-text-1-column-subtitle\"><h2 class=\"vc-incubalia-text-1-column-subtitle__title\">MENJAR BLANC<\/h2><div class=\"vc-incubalia-text-1-column-subtitle__text\">El<strong> menjar blanc<\/strong> ha estat present, des de l\u2019edat mitjana, a gaireb\u00e9 tots els receptaris de cuina catalana. Fins i tot, aquest dol\u00e7 tradicional surt mencionat a <strong>El Quixot<\/strong>, on el cavaller i Sancho Panza en menjen durant el seu pas per Barcelona. Tot i que \u00e9s un postre conegut a tota Catalunya, a les Terres de l\u2019Ebre presenta una peculiaritat i \u00e9s la utilitzaci\u00f3 de <strong>farina d\u2019arr\u00f3s<\/strong> per a la seva elaboraci\u00f3. A Tortosa, amb un gust dol\u00e7 i suau, el seu consum \u00e9s t\u00edpic de Pasqua.<\/div><\/div>[\/vc_column][\/vc_row][vc_row][vc_column width=\u00bb1\/2&#8243;]<div class=\"vc-incubalia-text-1-column\"><h2 class=\"vc-incubalia-text-1-column__title\"><span class=\"first-word\">INGREDIENTS<\/span> <\/h2><div class=\"vc-incubalia-text-1-column__text\"><\/p><br \/>\n<ul><br \/>\n<li>1 L de llet<\/li><br \/>\n<li>100 gr de sucre<\/li><br \/>\n<li>125 gr de farina d\u2019arr\u00f2s<\/li><br \/>\n<li>1 branqueta de canyella i canyella en pols<\/li><br \/>\n<li>1 pell de llimona<\/li><br \/>\n<\/ul><br \/>\n<p><\/div><\/div><script>\n            (function($) {\n                $(function() {\n                    $(\".vc_col-sm-6\").parent(\".vc_row\").addClass(\"vc_layout_2\");\n                });\n            })(jQuery);\n            <\/script>[\/vc_column][vc_column width=\u00bb1\/2&#8243;]<div class=\"vc-incubalia-text-1-column\"><h2 class=\"vc-incubalia-text-1-column__title\"><span class=\"first-word\">ELABORACI\u00d3<\/span> <\/h2><div class=\"vc-incubalia-text-1-column__text\"><\/p><br \/>\n<ol><br \/>\n<li>Mesclem la llet amb la farina i el sucre i remenem fins que no quedi cap grumoll<\/li><br \/>\n<li>Afegim la rameta de canyella i la pell de llimona i ho posem al foc sense parar de remenar<\/li><br \/>\n<li>Quan comence a bullir, seguim removent durant 5 minuts<\/li><br \/>\n<li>Ho traiem del foc i retirem la branqueta i la pell. Separem el preparat en bols individuals i ho posem a la nevera per a que es refredi<\/li><br \/>\n<li>Abans de servir, li tirem per sobre canyella en pols<\/li><br \/>\n<\/ol><br \/>\n<p><\/div><\/div><script>\n            (function($) {\n                $(function() {\n                    $(\".vc_col-sm-6\").parent(\".vc_row\").addClass(\"vc_layout_2\");\n                });\n            })(jQuery);\n            <\/script>[\/vc_column][\/vc_row]<\/p>\n","protected":false},"excerpt":{"rendered":"<p>[vc_row][vc_column][\/vc_column][\/vc_row][vc_row][vc_column][\/vc_column][\/vc_row][vc_row][vc_column width=\u00bb1\/2&#8243;][\/vc_column][vc_column width=\u00bb1\/2&#8243;][\/vc_column][\/vc_row]<\/p>\n","protected":false},"author":2,"featured_media":0,"parent":0,"menu_order":46,"comment_status":"closed","ping_status":"closed","template":"","meta":{"footnotes":""},"class_list":["post-16191","page","type-page","status-publish","hentry"],"acf":[],"yoast_head":"<!-- This site is optimized with the Yoast SEO plugin v27.3 - https:\/\/yoast.com\/product\/yoast-seo-wordpress\/ -->\n<title>Recepta Menjar Blanc | Tortosa Turisme<\/title>\n<meta name=\"description\" content=\"El Menjar Blanc \u00e9s un dels postres m\u00e9s tradicionals de la cuina catalana. A Tortosa i a la resta de les Terres de l&#039;Ebre, per\u00f2, presenta una peculiaritat: la recepta utilitza farina d&#039;arr\u00f2s per a la seva elaboraci\u00f3.\" \/>\n<meta name=\"robots\" content=\"index, follow, max-snippet:-1, max-image-preview:large, max-video-preview:-1\" \/>\n<link rel=\"canonical\" href=\"https:\/\/www.tortosaturisme.cat\/es\/recepta-menjar-blanc\/\" \/>\n<meta property=\"og:locale\" content=\"es_ES\" \/>\n<meta property=\"og:type\" content=\"article\" \/>\n<meta property=\"og:title\" content=\"Recepta Menjar Blanc | Tortosa Turisme\" \/>\n<meta property=\"og:description\" content=\"El Menjar Blanc \u00e9s un dels postres m\u00e9s tradicionals de la cuina catalana. A Tortosa i a la resta de les Terres de l&#039;Ebre, per\u00f2, presenta una peculiaritat: la recepta utilitza farina d&#039;arr\u00f2s per a la seva elaboraci\u00f3.\" \/>\n<meta property=\"og:url\" content=\"https:\/\/www.tortosaturisme.cat\/es\/recepta-menjar-blanc\/\" \/>\n<meta property=\"og:site_name\" content=\"tortosaturisme\" \/>\n<meta property=\"article:modified_time\" content=\"2020-11-24T11:42:42+00:00\" \/>\n<meta name=\"twitter:card\" content=\"summary_large_image\" \/>\n<meta name=\"twitter:label1\" content=\"Tiempo de lectura\" \/>\n\t<meta name=\"twitter:data1\" content=\"1 minuto\" \/>\n<script type=\"application\/ld+json\" class=\"yoast-schema-graph\">{\"@context\":\"https:\\\/\\\/schema.org\",\"@graph\":[{\"@type\":\"WebPage\",\"@id\":\"https:\\\/\\\/www.tortosaturisme.cat\\\/es\\\/recepta-menjar-blanc\\\/\",\"url\":\"https:\\\/\\\/www.tortosaturisme.cat\\\/es\\\/recepta-menjar-blanc\\\/\",\"name\":\"Recepta Menjar Blanc | Tortosa Turisme\",\"isPartOf\":{\"@id\":\"https:\\\/\\\/www.tortosaturisme.cat\\\/es\\\/#website\"},\"datePublished\":\"2020-09-01T06:21:07+00:00\",\"dateModified\":\"2020-11-24T11:42:42+00:00\",\"description\":\"El Menjar Blanc \u00e9s un dels postres m\u00e9s tradicionals de la cuina catalana. A Tortosa i a la resta de les Terres de l'Ebre, per\u00f2, presenta una peculiaritat: la recepta utilitza farina d'arr\u00f2s per a la seva elaboraci\u00f3.\",\"breadcrumb\":{\"@id\":\"https:\\\/\\\/www.tortosaturisme.cat\\\/es\\\/recepta-menjar-blanc\\\/#breadcrumb\"},\"inLanguage\":\"es\",\"potentialAction\":[{\"@type\":\"ReadAction\",\"target\":[\"https:\\\/\\\/www.tortosaturisme.cat\\\/es\\\/recepta-menjar-blanc\\\/\"]}]},{\"@type\":\"BreadcrumbList\",\"@id\":\"https:\\\/\\\/www.tortosaturisme.cat\\\/es\\\/recepta-menjar-blanc\\\/#breadcrumb\",\"itemListElement\":[{\"@type\":\"ListItem\",\"position\":1,\"name\":\"Home\",\"item\":\"https:\\\/\\\/www.tortosaturisme.cat\\\/es\\\/\"},{\"@type\":\"ListItem\",\"position\":2,\"name\":\"Recepta Menjar Blanc\"}]},{\"@type\":\"WebSite\",\"@id\":\"https:\\\/\\\/www.tortosaturisme.cat\\\/es\\\/#website\",\"url\":\"https:\\\/\\\/www.tortosaturisme.cat\\\/es\\\/\",\"name\":\"tortosaturisme\",\"description\":\"Otro sitio realizado con WordPress\",\"potentialAction\":[{\"@type\":\"SearchAction\",\"target\":{\"@type\":\"EntryPoint\",\"urlTemplate\":\"https:\\\/\\\/www.tortosaturisme.cat\\\/es\\\/?s={search_term_string}\"},\"query-input\":{\"@type\":\"PropertyValueSpecification\",\"valueRequired\":true,\"valueName\":\"search_term_string\"}}],\"inLanguage\":\"es\"}]}<\/script>\n<!-- \/ Yoast SEO plugin. -->","yoast_head_json":{"title":"Recepta Menjar Blanc | Tortosa Turisme","description":"El Menjar Blanc \u00e9s un dels postres m\u00e9s tradicionals de la cuina catalana. A Tortosa i a la resta de les Terres de l'Ebre, per\u00f2, presenta una peculiaritat: la recepta utilitza farina d'arr\u00f2s per a la seva elaboraci\u00f3.","robots":{"index":"index","follow":"follow","max-snippet":"max-snippet:-1","max-image-preview":"max-image-preview:large","max-video-preview":"max-video-preview:-1"},"canonical":"https:\/\/www.tortosaturisme.cat\/es\/recepta-menjar-blanc\/","og_locale":"es_ES","og_type":"article","og_title":"Recepta Menjar Blanc | Tortosa Turisme","og_description":"El Menjar Blanc \u00e9s un dels postres m\u00e9s tradicionals de la cuina catalana. A Tortosa i a la resta de les Terres de l'Ebre, per\u00f2, presenta una peculiaritat: la recepta utilitza farina d'arr\u00f2s per a la seva elaboraci\u00f3.","og_url":"https:\/\/www.tortosaturisme.cat\/es\/recepta-menjar-blanc\/","og_site_name":"tortosaturisme","article_modified_time":"2020-11-24T11:42:42+00:00","twitter_card":"summary_large_image","twitter_misc":{"Tiempo de lectura":"1 minuto"},"schema":{"@context":"https:\/\/schema.org","@graph":[{"@type":"WebPage","@id":"https:\/\/www.tortosaturisme.cat\/es\/recepta-menjar-blanc\/","url":"https:\/\/www.tortosaturisme.cat\/es\/recepta-menjar-blanc\/","name":"Recepta Menjar Blanc | Tortosa Turisme","isPartOf":{"@id":"https:\/\/www.tortosaturisme.cat\/es\/#website"},"datePublished":"2020-09-01T06:21:07+00:00","dateModified":"2020-11-24T11:42:42+00:00","description":"El Menjar Blanc \u00e9s un dels postres m\u00e9s tradicionals de la cuina catalana. A Tortosa i a la resta de les Terres de l'Ebre, per\u00f2, presenta una peculiaritat: la recepta utilitza farina d'arr\u00f2s per a la seva elaboraci\u00f3.","breadcrumb":{"@id":"https:\/\/www.tortosaturisme.cat\/es\/recepta-menjar-blanc\/#breadcrumb"},"inLanguage":"es","potentialAction":[{"@type":"ReadAction","target":["https:\/\/www.tortosaturisme.cat\/es\/recepta-menjar-blanc\/"]}]},{"@type":"BreadcrumbList","@id":"https:\/\/www.tortosaturisme.cat\/es\/recepta-menjar-blanc\/#breadcrumb","itemListElement":[{"@type":"ListItem","position":1,"name":"Home","item":"https:\/\/www.tortosaturisme.cat\/es\/"},{"@type":"ListItem","position":2,"name":"Recepta Menjar Blanc"}]},{"@type":"WebSite","@id":"https:\/\/www.tortosaturisme.cat\/es\/#website","url":"https:\/\/www.tortosaturisme.cat\/es\/","name":"tortosaturisme","description":"Otro sitio realizado con WordPress","potentialAction":[{"@type":"SearchAction","target":{"@type":"EntryPoint","urlTemplate":"https:\/\/www.tortosaturisme.cat\/es\/?s={search_term_string}"},"query-input":{"@type":"PropertyValueSpecification","valueRequired":true,"valueName":"search_term_string"}}],"inLanguage":"es"}]}},"_links":{"self":[{"href":"https:\/\/www.tortosaturisme.cat\/es\/wp-json\/wp\/v2\/pages\/16191","targetHints":{"allow":["GET"]}}],"collection":[{"href":"https:\/\/www.tortosaturisme.cat\/es\/wp-json\/wp\/v2\/pages"}],"about":[{"href":"https:\/\/www.tortosaturisme.cat\/es\/wp-json\/wp\/v2\/types\/page"}],"author":[{"embeddable":true,"href":"https:\/\/www.tortosaturisme.cat\/es\/wp-json\/wp\/v2\/users\/2"}],"replies":[{"embeddable":true,"href":"https:\/\/www.tortosaturisme.cat\/es\/wp-json\/wp\/v2\/comments?post=16191"}],"version-history":[{"count":2,"href":"https:\/\/www.tortosaturisme.cat\/es\/wp-json\/wp\/v2\/pages\/16191\/revisions"}],"predecessor-version":[{"id":16203,"href":"https:\/\/www.tortosaturisme.cat\/es\/wp-json\/wp\/v2\/pages\/16191\/revisions\/16203"}],"wp:attachment":[{"href":"https:\/\/www.tortosaturisme.cat\/es\/wp-json\/wp\/v2\/media?parent=16191"}],"curies":[{"name":"wp","href":"https:\/\/api.w.org\/{rel}","templated":true}]}}