{"id":17074,"date":"2020-08-31T06:34:41","date_gmt":"2020-08-31T06:34:41","guid":{"rendered":"https:\/\/www.tortosaturisme.cat\/es\/viu-l-estiu-amb-tortosa-turisme\/"},"modified":"2024-08-02T10:22:05","modified_gmt":"2024-08-02T10:22:05","slug":"vive-el-verano-con-tortosa-turisme","status":"publish","type":"page","link":"https:\/\/www.tortosaturisme.cat\/es\/vive-el-verano-con-tortosa-turisme\/","title":{"rendered":"Vive el Verano con Tortosa Turisme"},"content":{"rendered":"<p>[vc_row][vc_column]<div class=\"vc-incubalia-medium-header\"><h1 class=\"vc-incubalia-medium-header__title\">VIVE EL VERANO CON TORTOSA TURISME<\/h1><img decoding=\"async\" class=\"vc-incubalia-medium-header__mobile-picture\" src=\"https:\/\/www.tortosaturisme.cat\/wp-content\/uploads\/2020\/09\/web-1-768x350.jpg\">\n                  <img decoding=\"async\" class=\"vc-incubalia-medium-header__desktop-picture\" src=\"https:\/\/www.tortosaturisme.cat\/wp-content\/uploads\/2020\/09\/web-1-1920x550.jpg\"><\/div><div class=\"vc-incubalia-text-1-column-subtitle\"><div class=\"vc-incubalia-text-1-column-subtitle__text\">Desde <strong>Tortosa Turisme<\/strong> hemos preparado una serie de propuestas para descubrir la historia milenaria de Tortosa de la mano de sus protagonistas y aproximarnos a su rico pasado de una manera l\u00fadica y entretenida. Os proponemos descubrir las culturas que han dejado su huella, los <strong>misterios del Renacimiento<\/strong>, sus imponentes <strong>murallas<\/strong> o el <strong>matadero modernista<\/strong>.<\/p><br \/>\n<p>&nbsp;<\/div><\/div><div class=\"vc-incubalia-text-image\"><div class=\"vc-incubalia-text-image__container\"><div class=\"vc-incubalia-text-image__image mobile desktop\"><img decoding=\"async\" src=\"https:\/\/www.tortosaturisme.cat\/wp-content\/uploads\/2020\/08\/Joc-de-les-cultures-web-900x600.jpg\" alt=\"\"><\/div><div class=\"vc-incubalia-text-image__text\"><h4 class=\"vc-incubalia-text-image__subtitle\">El juego de las culturas<\/h4>Una actividad familiar de descubrimiento en el que has de encontrar los diferentes personajes a trav\u00e9s de las pistas que te facilitamos. Si las encuentras todas tendr\u00e1s completo el <strong>Pasaporte de las Culturas<\/strong>. La actividad tiene una duraci\u00f3n de entre 45 minutos y una hora y tiene lugar en el paseo de Ronda, al pie de las murallas del Castillo de la Zuda.<\/p><br \/>\n<p>Pasad a recoger el pasaporte por nuestra oficina de turismo<\/div><\/div><\/div><div class=\"vc-incubalia-text-image\"><div class=\"vc-incubalia-text-image__container\"><div class=\"vc-incubalia-text-image__image mobile\"><img decoding=\"async\" src=\"https:\/\/www.tortosaturisme.cat\/wp-content\/uploads\/2020\/08\/Escorxador-900x600-web.jpg\" alt=\"\"><\/div><div class=\"vc-incubalia-text-image__text\"><h4 class=\"vc-incubalia-text-image__subtitle\">Visita al antiguo matadero<\/h4>El <strong>antiguo matadero<\/strong> de Tortosa es una obra <strong>modernista<\/strong> de <strong>Pau Mongui\u00f3<\/strong>, destacado arquitecto que dej\u00f3 su huella principalmente a caballo entre Tortosa y Teruel, que actualmente acoge la oficina de Turismo y el Museo de Tortosa. Descubre de la mano de nuestro equipo un edificio que combina magistralmente las necesidades pr\u00e1cticas para que estaba destinado con la belleza de los c\u00e1nones modernistas y al combinaci\u00f3n del ladrillo y la cer\u00e1mica de regusto moz\u00e1rabe,<\/p><br \/>\n<p>&nbsp;<\/div><div class=\"vc-incubalia-text-image__image desktop\"><img decoding=\"async\" src=\"https:\/\/www.tortosaturisme.cat\/wp-content\/uploads\/2020\/08\/Escorxador-900x600-web.jpg\" alt=\"\"><\/div><\/div><\/div><div class=\"vc-incubalia-text-image\"><div class=\"vc-incubalia-text-image__container\"><div class=\"vc-incubalia-text-image__image mobile desktop\"><img decoding=\"async\" src=\"https:\/\/www.tortosaturisme.cat\/wp-content\/uploads\/2020\/08\/Visita-Bonet-Miquelets-900x600.jpg\" alt=\"\"><\/div><div class=\"vc-incubalia-text-image__text\"><h4 class=\"vc-incubalia-text-image__subtitle\">Visita al fort\u00edn del Bonete i Avanzadas con los Miquelets<\/h4>Visitas teatralizadas a cargo de los Migueletes de Catalu\u00f1a en las que mostrar\u00e1n los usos y t\u00e9cnicas militares de la \u00e9poca de la Guerra de Sucesi\u00f3n en el mejor de los escenarios, el fort\u00edn del Bonete y las Avanzadas de San Juan, ambos parte del conjunto fortificado de \u00e9poca moderna y testigos de piedra de los sitios que la ciudad sufri\u00f3 en el pasado. El Bonete es un peque\u00f1o fort\u00edn que cubr\u00eda los flancos del Castillo de la Zuda y Avanzadas de San Juan por un lado, y el baluarte de la Victoria, por la otra, el cual, edificado a mediados del siglo XVII, que se abrir\u00e1 al p\u00fablico para esta ocasi\u00f3n.<\/p><br \/>\n<p>&nbsp;<\/div><\/div><\/div><div class=\"vc-incubalia-text-image\"><div class=\"vc-incubalia-text-image__container\"><div class=\"vc-incubalia-text-image__image mobile\"><img decoding=\"async\" src=\"https:\/\/www.tortosaturisme.cat\/wp-content\/uploads\/2020\/08\/Trobades-i-topades-900x600.jpg\" alt=\"\"><\/div><div class=\"vc-incubalia-text-image__text\"><h4 class=\"vc-incubalia-text-image__subtitle\">Encuentros y encontronazos<\/h4>Durante siglos en Tortosa <strong>musulmanes, jud\u00edos y cristianos<\/strong> vivieron en una coexistencia marcada a menudo por la distancia y la incomprensi\u00f3n donde cada uno viv\u00eda seg\u00fan sus costumbres, leyes y tradiciones, pero tambi\u00e9n con etapas m\u00e1s pr\u00f3speras de convivencia e intercambio. En este caso el papa <strong>Adriano VI<\/strong>, anterior obispo de Tortosa, est\u00e1 en la ciudad en busca de la reliquia m\u00e1s preciada de la cristiandad, el <strong>Santo Grial<\/strong>.<\/p><br \/>\n<p>&nbsp;<\/div><div class=\"vc-incubalia-text-image__image desktop\"><img decoding=\"async\" src=\"https:\/\/www.tortosaturisme.cat\/wp-content\/uploads\/2020\/08\/Trobades-i-topades-900x600.jpg\" alt=\"\"><\/div><\/div><\/div>[\/vc_column][\/vc_row]<\/p>\n","protected":false},"excerpt":{"rendered":"<p>[vc_row][vc_column][\/vc_column][\/vc_row]<\/p>\n","protected":false},"author":2,"featured_media":0,"parent":0,"menu_order":48,"comment_status":"closed","ping_status":"closed","template":"","meta":{"footnotes":""},"class_list":["post-17074","page","type-page","status-publish","hentry"],"acf":[],"yoast_head":"<!-- This site is optimized with the Yoast SEO plugin v27.5 - https:\/\/yoast.com\/product\/yoast-seo-wordpress\/ -->\n<title>Viu l&#039;estiu a Tortosa - propostes per gaudir de Tortosa | Tortosa Turisme<\/title>\n<meta name=\"description\" content=\"Tortosa t&#039;ofereix nombroses propostes per gaudir de la teva escapada. Descobreix de la m\u00e0 de Tortosa Turisme les cultures que han deixat petjada, les fortificacions modernes o l&#039;antic escorxador, tresor modernista de la ciutat.\" \/>\n<meta name=\"robots\" content=\"index, follow, max-snippet:-1, max-image-preview:large, max-video-preview:-1\" \/>\n<link rel=\"canonical\" href=\"https:\/\/www.tortosaturisme.cat\/es\/vive-el-verano-con-tortosa-turisme\/\" \/>\n<meta property=\"og:locale\" content=\"es_ES\" \/>\n<meta property=\"og:type\" content=\"article\" \/>\n<meta property=\"og:title\" content=\"Viu l&#039;estiu a Tortosa - propostes per gaudir de Tortosa | Tortosa Turisme\" \/>\n<meta property=\"og:description\" content=\"Tortosa t&#039;ofereix nombroses propostes per gaudir de la teva escapada. Descobreix de la m\u00e0 de Tortosa Turisme les cultures que han deixat petjada, les fortificacions modernes o l&#039;antic escorxador, tresor modernista de la ciutat.\" \/>\n<meta property=\"og:url\" content=\"https:\/\/www.tortosaturisme.cat\/es\/vive-el-verano-con-tortosa-turisme\/\" \/>\n<meta property=\"og:site_name\" content=\"tortosaturisme\" \/>\n<meta property=\"article:modified_time\" content=\"2024-08-02T10:22:05+00:00\" \/>\n<meta name=\"twitter:card\" content=\"summary_large_image\" \/>\n<meta name=\"twitter:label1\" content=\"Tiempo de lectura\" \/>\n\t<meta name=\"twitter:data1\" content=\"3 minutos\" \/>\n<script type=\"application\/ld+json\" class=\"yoast-schema-graph\">{\"@context\":\"https:\\\/\\\/schema.org\",\"@graph\":[{\"@type\":\"WebPage\",\"@id\":\"https:\\\/\\\/www.tortosaturisme.cat\\\/es\\\/vive-el-verano-con-tortosa-turisme\\\/\",\"url\":\"https:\\\/\\\/www.tortosaturisme.cat\\\/es\\\/vive-el-verano-con-tortosa-turisme\\\/\",\"name\":\"Viu l'estiu a Tortosa - propostes per gaudir de Tortosa | Tortosa Turisme\",\"isPartOf\":{\"@id\":\"https:\\\/\\\/www.tortosaturisme.cat\\\/es\\\/#website\"},\"datePublished\":\"2020-08-31T06:34:41+00:00\",\"dateModified\":\"2024-08-02T10:22:05+00:00\",\"description\":\"Tortosa t'ofereix nombroses propostes per gaudir de la teva escapada. Descobreix de la m\u00e0 de Tortosa Turisme les cultures que han deixat petjada, les fortificacions modernes o l'antic escorxador, tresor modernista de la ciutat.\",\"breadcrumb\":{\"@id\":\"https:\\\/\\\/www.tortosaturisme.cat\\\/es\\\/vive-el-verano-con-tortosa-turisme\\\/#breadcrumb\"},\"inLanguage\":\"es\",\"potentialAction\":[{\"@type\":\"ReadAction\",\"target\":[\"https:\\\/\\\/www.tortosaturisme.cat\\\/es\\\/vive-el-verano-con-tortosa-turisme\\\/\"]}]},{\"@type\":\"BreadcrumbList\",\"@id\":\"https:\\\/\\\/www.tortosaturisme.cat\\\/es\\\/vive-el-verano-con-tortosa-turisme\\\/#breadcrumb\",\"itemListElement\":[{\"@type\":\"ListItem\",\"position\":1,\"name\":\"Home\",\"item\":\"https:\\\/\\\/www.tortosaturisme.cat\\\/es\\\/\"},{\"@type\":\"ListItem\",\"position\":2,\"name\":\"Vive el Verano con Tortosa Turisme\"}]},{\"@type\":\"WebSite\",\"@id\":\"https:\\\/\\\/www.tortosaturisme.cat\\\/es\\\/#website\",\"url\":\"https:\\\/\\\/www.tortosaturisme.cat\\\/es\\\/\",\"name\":\"tortosaturisme\",\"description\":\"Otro sitio realizado con WordPress\",\"potentialAction\":[{\"@type\":\"SearchAction\",\"target\":{\"@type\":\"EntryPoint\",\"urlTemplate\":\"https:\\\/\\\/www.tortosaturisme.cat\\\/es\\\/?s={search_term_string}\"},\"query-input\":{\"@type\":\"PropertyValueSpecification\",\"valueRequired\":true,\"valueName\":\"search_term_string\"}}],\"inLanguage\":\"es\"}]}<\/script>\n<!-- \/ Yoast SEO plugin. -->","yoast_head_json":{"title":"Viu l'estiu a Tortosa - propostes per gaudir de Tortosa | Tortosa Turisme","description":"Tortosa t'ofereix nombroses propostes per gaudir de la teva escapada. Descobreix de la m\u00e0 de Tortosa Turisme les cultures que han deixat petjada, les fortificacions modernes o l'antic escorxador, tresor modernista de la ciutat.","robots":{"index":"index","follow":"follow","max-snippet":"max-snippet:-1","max-image-preview":"max-image-preview:large","max-video-preview":"max-video-preview:-1"},"canonical":"https:\/\/www.tortosaturisme.cat\/es\/vive-el-verano-con-tortosa-turisme\/","og_locale":"es_ES","og_type":"article","og_title":"Viu l'estiu a Tortosa - propostes per gaudir de Tortosa | Tortosa Turisme","og_description":"Tortosa t'ofereix nombroses propostes per gaudir de la teva escapada. Descobreix de la m\u00e0 de Tortosa Turisme les cultures que han deixat petjada, les fortificacions modernes o l'antic escorxador, tresor modernista de la ciutat.","og_url":"https:\/\/www.tortosaturisme.cat\/es\/vive-el-verano-con-tortosa-turisme\/","og_site_name":"tortosaturisme","article_modified_time":"2024-08-02T10:22:05+00:00","twitter_card":"summary_large_image","twitter_misc":{"Tiempo de lectura":"3 minutos"},"schema":{"@context":"https:\/\/schema.org","@graph":[{"@type":"WebPage","@id":"https:\/\/www.tortosaturisme.cat\/es\/vive-el-verano-con-tortosa-turisme\/","url":"https:\/\/www.tortosaturisme.cat\/es\/vive-el-verano-con-tortosa-turisme\/","name":"Viu l'estiu a Tortosa - propostes per gaudir de Tortosa | Tortosa Turisme","isPartOf":{"@id":"https:\/\/www.tortosaturisme.cat\/es\/#website"},"datePublished":"2020-08-31T06:34:41+00:00","dateModified":"2024-08-02T10:22:05+00:00","description":"Tortosa t'ofereix nombroses propostes per gaudir de la teva escapada. Descobreix de la m\u00e0 de Tortosa Turisme les cultures que han deixat petjada, les fortificacions modernes o l'antic escorxador, tresor modernista de la ciutat.","breadcrumb":{"@id":"https:\/\/www.tortosaturisme.cat\/es\/vive-el-verano-con-tortosa-turisme\/#breadcrumb"},"inLanguage":"es","potentialAction":[{"@type":"ReadAction","target":["https:\/\/www.tortosaturisme.cat\/es\/vive-el-verano-con-tortosa-turisme\/"]}]},{"@type":"BreadcrumbList","@id":"https:\/\/www.tortosaturisme.cat\/es\/vive-el-verano-con-tortosa-turisme\/#breadcrumb","itemListElement":[{"@type":"ListItem","position":1,"name":"Home","item":"https:\/\/www.tortosaturisme.cat\/es\/"},{"@type":"ListItem","position":2,"name":"Vive el Verano con Tortosa Turisme"}]},{"@type":"WebSite","@id":"https:\/\/www.tortosaturisme.cat\/es\/#website","url":"https:\/\/www.tortosaturisme.cat\/es\/","name":"tortosaturisme","description":"Otro sitio realizado con WordPress","potentialAction":[{"@type":"SearchAction","target":{"@type":"EntryPoint","urlTemplate":"https:\/\/www.tortosaturisme.cat\/es\/?s={search_term_string}"},"query-input":{"@type":"PropertyValueSpecification","valueRequired":true,"valueName":"search_term_string"}}],"inLanguage":"es"}]}},"_links":{"self":[{"href":"https:\/\/www.tortosaturisme.cat\/es\/wp-json\/wp\/v2\/pages\/17074","targetHints":{"allow":["GET"]}}],"collection":[{"href":"https:\/\/www.tortosaturisme.cat\/es\/wp-json\/wp\/v2\/pages"}],"about":[{"href":"https:\/\/www.tortosaturisme.cat\/es\/wp-json\/wp\/v2\/types\/page"}],"author":[{"embeddable":true,"href":"https:\/\/www.tortosaturisme.cat\/es\/wp-json\/wp\/v2\/users\/2"}],"replies":[{"embeddable":true,"href":"https:\/\/www.tortosaturisme.cat\/es\/wp-json\/wp\/v2\/comments?post=17074"}],"version-history":[{"count":5,"href":"https:\/\/www.tortosaturisme.cat\/es\/wp-json\/wp\/v2\/pages\/17074\/revisions"}],"predecessor-version":[{"id":34990,"href":"https:\/\/www.tortosaturisme.cat\/es\/wp-json\/wp\/v2\/pages\/17074\/revisions\/34990"}],"wp:attachment":[{"href":"https:\/\/www.tortosaturisme.cat\/es\/wp-json\/wp\/v2\/media?parent=17074"}],"curies":[{"name":"wp","href":"https:\/\/api.w.org\/{rel}","templated":true}]}}