{"id":17293,"date":"2022-03-18T08:54:17","date_gmt":"2022-03-18T08:54:17","guid":{"rendered":"https:\/\/www.tortosaturisme.cat\/es\/?page_id=17293"},"modified":"2022-03-18T08:55:15","modified_gmt":"2022-03-18T08:55:15","slug":"pedestal-generic","status":"publish","type":"page","link":"https:\/\/www.tortosaturisme.cat\/es\/pedestal-generic\/","title":{"rendered":"Pedestal generic"},"content":{"rendered":"<p>[vc_row][vc_column]<div class=\"vc-incubalia-text-title\"><h2 class=\"vc-incubalia-text-title__title\">PEDESTALES<\/h2><\/div><div class=\"vc-incubalia-text-1-column\"><h2 class=\"vc-incubalia-text-1-column__title\"><span class=\"first-word\">1<\/span> <\/h2><div class=\"vc-incubalia-text-1-column__text\">Uno de los honores m\u00e1s buscados por las \u00e9lites ciudadanas era la concesi\u00f3n, por parte de la curia municipal, de un espacio p\u00fablico para levantar una estatua en favor de miembros destacados de la comunidad. Los donantes de las estatuas sol\u00edan ser los mismos homenajeados o sus familiares cercanos. Era frecuente que los donantes aportaran los fondos necesarios para pagarlas, lo que se remarcaba de forma expl\u00edcita en muchas de las inscripciones que acompa\u00f1aban a los pedestales de las estatuas.<\/p><br \/>\n<p>A los donantes les interesaba disponer de un monumento que exaltase el prestigio propio y el de su familia frente al resto de los ciudadanos, y que les permitiera ser recordados por las generaciones futuras.<\/p><br \/>\n<p>Estos monumentos sol\u00edan levantarse en los lugares m\u00e1s emblem\u00e1ticos del espacio p\u00fablico, especialmente en el foro, cerca de los monumentos dedicados a las divinidades y los emperadores.<\/p><br \/>\n<p>En Tortosa no se ha recuperado ninguna de las estatuas que decoraban el espacio urbano, pero se conocen varios pedestales con las dedicatorias correspondientes.<\/p><br \/>\n<p>L(ucio)\u00b7MVNNIO\u00b7L(uci)\u00b7F(ilio)<\/p><br \/>\n<p>GAL(eria)\u00b7PLACIDO<\/p><br \/>\n<p>II\u00b7VIR(o)\u00b7FLAMINI<\/p><br \/>\n<p>ROM(ae)\u00b7ET\u00b7AVG(usti)<\/p><br \/>\n<p>L(ucius)\u00b7MVNNIVS<\/p><br \/>\n<p>PLACIDVS\u00b7EX<\/p><br \/>\n<p>TEST(amento)\u00b7PATRIS<\/p><br \/>\n<p>Luci Muni Pl\u00e1cido hijo de Luci, de la tribu Galeria, duumvir, flamen de Roma y de Augusto. Lucio M. Placidus (su hijo) erigi\u00f3 esta l\u00e1pida por disposici\u00f3n testamentaria de sus padres.<\/p><br \/>\n<p>Pedestal de piedra arenisca con una inscripci\u00f3n dedicada a Luci Muni Placido, magistrado municipal.<\/p><br \/>\n<p>Esta inscripci\u00f3n fue localizada en 1900 en unas excavaciones junto a la catedral<\/p><br \/>\n<p>Fechada en el siglo ii<\/div><\/div><script>\n            (function($) {\n                $(function() {\n                    $(\".vc_col-sm-6\").parent(\".vc_row\").addClass(\"vc_layout_2\");\n                });\n            })(jQuery);\n            <\/script><div class=\"vc-incubalia-text-1-column\"><h2 class=\"vc-incubalia-text-1-column__title\"><span class=\"first-word\">2<\/span> <\/h2><div class=\"vc-incubalia-text-1-column__text\">C(aio)\u00b7 CASSIO \u00b7C(ai) \u00b7F(ilio)<\/p><br \/>\n<p>GAL(eria) \u00b7NIGRO<\/p><br \/>\n<p>C(aius)\u00b7 CASSIVS \u00b7AVITVS<\/p><br \/>\n<p>PATRI\u00b7 OMNIBVS<\/p><br \/>\n<p>HONORIBVS<\/p><br \/>\n<p>FVNCTO\u00b7 DE \u00b7SVA<\/p><br \/>\n<p>PECVNIA<\/p><br \/>\n<p>POSVIT<\/p><br \/>\n<p>A Gai Cassi Niger, hijo de Cassi, de la tribu Galeria, habiendo cumplido con todas las magistraturas. Gai Cassi Avit ha erigido este monumento a su padre con su dinero.<\/p><br \/>\n<p>Pedestal de jaspe de la Cinta con una inscripci\u00f3n dedicada a Caio Cassi\u00f3 Nigro. magistrado municipal.<\/p><br \/>\n<p>Esta inscripci\u00f3n proviene de la desaparecida iglesia de San Nicol\u00e1s del barrio de Remolinos de Tortosa. Reutilizada como elemento constructivo.<\/p><br \/>\n<p>Datada entre los siglos I-II<\/div><\/div><script>\n            (function($) {\n                $(function() {\n                    $(\".vc_col-sm-6\").parent(\".vc_row\").addClass(\"vc_layout_2\");\n                });\n            })(jQuery);\n            <\/script>[\/vc_column][\/vc_row]<\/p>\n","protected":false},"excerpt":{"rendered":"<p>[vc_row][vc_column][\/vc_column][\/vc_row]<\/p>\n","protected":false},"author":4,"featured_media":0,"parent":0,"menu_order":0,"comment_status":"closed","ping_status":"closed","template":"","meta":{"footnotes":""},"class_list":["post-17293","page","type-page","status-publish","hentry"],"acf":[],"yoast_head":"<!-- This site is optimized with the Yoast SEO plugin v27.5 - https:\/\/yoast.com\/product\/yoast-seo-wordpress\/ -->\n<title>Pedestal generic - tortosaturisme<\/title>\n<meta name=\"robots\" content=\"index, follow, max-snippet:-1, max-image-preview:large, max-video-preview:-1\" \/>\n<link rel=\"canonical\" href=\"https:\/\/www.tortosaturisme.cat\/es\/pedestal-generic\/\" \/>\n<meta property=\"og:locale\" content=\"es_ES\" \/>\n<meta property=\"og:type\" content=\"article\" \/>\n<meta property=\"og:title\" content=\"Pedestal generic - tortosaturisme\" \/>\n<meta property=\"og:description\" content=\"[vc_row][vc_column][\/vc_column][\/vc_row]\" \/>\n<meta property=\"og:url\" content=\"https:\/\/www.tortosaturisme.cat\/es\/pedestal-generic\/\" \/>\n<meta property=\"og:site_name\" content=\"tortosaturisme\" \/>\n<meta property=\"article:modified_time\" content=\"2022-03-18T08:55:15+00:00\" \/>\n<meta name=\"twitter:card\" content=\"summary_large_image\" \/>\n<meta name=\"twitter:label1\" content=\"Tiempo de lectura\" \/>\n\t<meta name=\"twitter:data1\" content=\"2 minutos\" \/>\n<script type=\"application\/ld+json\" class=\"yoast-schema-graph\">{\"@context\":\"https:\\\/\\\/schema.org\",\"@graph\":[{\"@type\":\"WebPage\",\"@id\":\"https:\\\/\\\/www.tortosaturisme.cat\\\/es\\\/pedestal-generic\\\/\",\"url\":\"https:\\\/\\\/www.tortosaturisme.cat\\\/es\\\/pedestal-generic\\\/\",\"name\":\"Pedestal generic - tortosaturisme\",\"isPartOf\":{\"@id\":\"https:\\\/\\\/www.tortosaturisme.cat\\\/es\\\/#website\"},\"datePublished\":\"2022-03-18T08:54:17+00:00\",\"dateModified\":\"2022-03-18T08:55:15+00:00\",\"breadcrumb\":{\"@id\":\"https:\\\/\\\/www.tortosaturisme.cat\\\/es\\\/pedestal-generic\\\/#breadcrumb\"},\"inLanguage\":\"es\",\"potentialAction\":[{\"@type\":\"ReadAction\",\"target\":[\"https:\\\/\\\/www.tortosaturisme.cat\\\/es\\\/pedestal-generic\\\/\"]}]},{\"@type\":\"BreadcrumbList\",\"@id\":\"https:\\\/\\\/www.tortosaturisme.cat\\\/es\\\/pedestal-generic\\\/#breadcrumb\",\"itemListElement\":[{\"@type\":\"ListItem\",\"position\":1,\"name\":\"Home\",\"item\":\"https:\\\/\\\/www.tortosaturisme.cat\\\/es\\\/\"},{\"@type\":\"ListItem\",\"position\":2,\"name\":\"Pedestal generic\"}]},{\"@type\":\"WebSite\",\"@id\":\"https:\\\/\\\/www.tortosaturisme.cat\\\/es\\\/#website\",\"url\":\"https:\\\/\\\/www.tortosaturisme.cat\\\/es\\\/\",\"name\":\"tortosaturisme\",\"description\":\"Otro sitio realizado con WordPress\",\"potentialAction\":[{\"@type\":\"SearchAction\",\"target\":{\"@type\":\"EntryPoint\",\"urlTemplate\":\"https:\\\/\\\/www.tortosaturisme.cat\\\/es\\\/?s={search_term_string}\"},\"query-input\":{\"@type\":\"PropertyValueSpecification\",\"valueRequired\":true,\"valueName\":\"search_term_string\"}}],\"inLanguage\":\"es\"}]}<\/script>\n<!-- \/ Yoast SEO plugin. -->","yoast_head_json":{"title":"Pedestal generic - tortosaturisme","robots":{"index":"index","follow":"follow","max-snippet":"max-snippet:-1","max-image-preview":"max-image-preview:large","max-video-preview":"max-video-preview:-1"},"canonical":"https:\/\/www.tortosaturisme.cat\/es\/pedestal-generic\/","og_locale":"es_ES","og_type":"article","og_title":"Pedestal generic - tortosaturisme","og_description":"[vc_row][vc_column][\/vc_column][\/vc_row]","og_url":"https:\/\/www.tortosaturisme.cat\/es\/pedestal-generic\/","og_site_name":"tortosaturisme","article_modified_time":"2022-03-18T08:55:15+00:00","twitter_card":"summary_large_image","twitter_misc":{"Tiempo de lectura":"2 minutos"},"schema":{"@context":"https:\/\/schema.org","@graph":[{"@type":"WebPage","@id":"https:\/\/www.tortosaturisme.cat\/es\/pedestal-generic\/","url":"https:\/\/www.tortosaturisme.cat\/es\/pedestal-generic\/","name":"Pedestal generic - tortosaturisme","isPartOf":{"@id":"https:\/\/www.tortosaturisme.cat\/es\/#website"},"datePublished":"2022-03-18T08:54:17+00:00","dateModified":"2022-03-18T08:55:15+00:00","breadcrumb":{"@id":"https:\/\/www.tortosaturisme.cat\/es\/pedestal-generic\/#breadcrumb"},"inLanguage":"es","potentialAction":[{"@type":"ReadAction","target":["https:\/\/www.tortosaturisme.cat\/es\/pedestal-generic\/"]}]},{"@type":"BreadcrumbList","@id":"https:\/\/www.tortosaturisme.cat\/es\/pedestal-generic\/#breadcrumb","itemListElement":[{"@type":"ListItem","position":1,"name":"Home","item":"https:\/\/www.tortosaturisme.cat\/es\/"},{"@type":"ListItem","position":2,"name":"Pedestal generic"}]},{"@type":"WebSite","@id":"https:\/\/www.tortosaturisme.cat\/es\/#website","url":"https:\/\/www.tortosaturisme.cat\/es\/","name":"tortosaturisme","description":"Otro sitio realizado con WordPress","potentialAction":[{"@type":"SearchAction","target":{"@type":"EntryPoint","urlTemplate":"https:\/\/www.tortosaturisme.cat\/es\/?s={search_term_string}"},"query-input":{"@type":"PropertyValueSpecification","valueRequired":true,"valueName":"search_term_string"}}],"inLanguage":"es"}]}},"_links":{"self":[{"href":"https:\/\/www.tortosaturisme.cat\/es\/wp-json\/wp\/v2\/pages\/17293","targetHints":{"allow":["GET"]}}],"collection":[{"href":"https:\/\/www.tortosaturisme.cat\/es\/wp-json\/wp\/v2\/pages"}],"about":[{"href":"https:\/\/www.tortosaturisme.cat\/es\/wp-json\/wp\/v2\/types\/page"}],"author":[{"embeddable":true,"href":"https:\/\/www.tortosaturisme.cat\/es\/wp-json\/wp\/v2\/users\/4"}],"replies":[{"embeddable":true,"href":"https:\/\/www.tortosaturisme.cat\/es\/wp-json\/wp\/v2\/comments?post=17293"}],"version-history":[{"count":2,"href":"https:\/\/www.tortosaturisme.cat\/es\/wp-json\/wp\/v2\/pages\/17293\/revisions"}],"predecessor-version":[{"id":17357,"href":"https:\/\/www.tortosaturisme.cat\/es\/wp-json\/wp\/v2\/pages\/17293\/revisions\/17357"}],"wp:attachment":[{"href":"https:\/\/www.tortosaturisme.cat\/es\/wp-json\/wp\/v2\/media?parent=17293"}],"curies":[{"name":"wp","href":"https:\/\/api.w.org\/{rel}","templated":true}]}}