{"id":33686,"date":"2023-03-14T11:00:26","date_gmt":"2023-03-14T11:00:26","guid":{"rendered":"https:\/\/www.tortosaturisme.cat\/videomapping\/"},"modified":"2026-03-27T14:41:51","modified_gmt":"2026-03-27T13:41:51","slug":"videomapping-la-luz-del-ebro","status":"publish","type":"page","link":"https:\/\/www.tortosaturisme.cat\/es\/videomapping-la-luz-del-ebro\/","title":{"rendered":"La Luz del Ebro"},"content":{"rendered":"<p>[vc_row][vc_column]<div class=\"vc-incubalia-text-title\"><h2 class=\"vc-incubalia-text-title__title\">Tortosa: la luz del Ebro<\/h2><\/div><div class=\"vc-incubalia-image-huge\"><img decoding=\"async\" class=\"vc-incubalia-image-huge__mobile-picture brightness-100\" src=\"https:\/\/www.tortosaturisme.cat\/wp-content\/uploads\/2023\/03\/768x550-Mapping-768x550.jpg\" alt=\"\"><img decoding=\"async\" class=\"vc-incubalia-image-huge__desktop-picture brightness-100\" src=\"https:\/\/www.tortosaturisme.cat\/wp-content\/uploads\/2023\/03\/1920x1050-9-1920x1050.jpg\" alt=\"Projecci\u00f3 de la llum de l'Ebre a la catedral de Tortosa\"><\/div>[\/vc_column][\/vc_row][vc_row][vc_column]<div class=\"vc-incubalia-text-1-column-subtitle\"><h3 class=\"vc-incubalia-text-1-column-subtitle__subtitle\">La Luz del Ebro es una instalaci\u00f3n permanente de v\u00eddeo mapping exterior, pionera en el Estado, con proyecciones regulares durante los fines de semana<\/h3><div class=\"vc-incubalia-text-1-column-subtitle__text\"><strong>Tortosa tiene una historia privilegiada que este videomapping \u00fanico nos trae de forma impactante. <\/strong><\/p><br \/>\n<p>El emplazamiento donde hoy en d\u00eda est\u00e1 la catedral es un espacio en el que la vida ha palpitado desde los propios or\u00edgenes de la ciudad. Es el mismo lugar donde los <strong>romanos<\/strong> edificaron el <strong>templo<\/strong> principal del foro, m\u00e1s tarde los <strong>visigodos<\/strong> convirtieron en su <strong>centro religioso<\/strong> y, a su vez, los <strong>andalus\u00edes<\/strong> levantaron una impresionante<strong> mezquita<\/strong> de 5 naves, a la que le sucedi\u00f3 la <strong>catedral rom\u00e1nica<\/strong>, para, por \u00faltimo, construirse la<strong> catedral g\u00f3tica<\/strong> actual con su impresionante fachada barroca. Todos estos edificios volver\u00e1n a levantarse de nuevo gracias a la magia del mapping.<\/p><br \/>\n<p>&nbsp;<\/div><\/div><div class=\"vc-incubalia-video-full-width\"><img decoding=\"async\" class=\"vc-incubalia-video-full-width__image-mobile\" src=\"https:\/\/www.tortosaturisme.cat\/wp-content\/uploads\/2023\/11\/Mapping-anunci-768x350-1-768x350.jpg\"><img decoding=\"async\" class=\"vc-incubalia-video-full-width__image-desktop\" src=\"https:\/\/www.tortosaturisme.cat\/wp-content\/uploads\/2023\/11\/Mapping-anunci-1920x550-1-1920x550.jpg\"><div id=\"1013c7caa3\" class=\"vc-incubalia-video-full-width__play-button\"><img decoding=\"async\" class=\"play-button\" src=\"https:\/\/www.tortosaturisme.cat\/wp-content\/plugins\/vc-incubalia-elements\/elements\/..\/assets\/img\/video-play.png\"><\/div><div class=\"vc-incubalia-video-full-width__youtube-iframe\"><iframe loading=\"lazy\" width=\"560\" height=\"315\" src=\"https:\/\/www.youtube.com\/embed\/k4yGDrcvRO4\" frameborder=\"0\" allowfullscreen><\/iframe><\/div><\/div><script>(function($) {\n                $(function() {\n                    $('#1013c7caa3').on('click', function() {\n                        $(this).parent().parent().find('.vc-incubalia-video-full-width').addClass('play');\n                        \/\/$(this).parent().parent().find('.vc-incubalia-video-full-width__youtube-iframe iframe').attr('src', $('.vc-incubalia-video-full-width__youtube-iframe iframe').attr('src') + '?autoplay=1');\n                    });\n                });\n\n                $(window).load(function() {\n                    height = $('.vc-incubalia-video-full-width').height();\n                    setYoutubeIframeDimensions();\n                });\n\n                $(window).resize(function() {\n                    setYoutubeIframeDimensions();\n                });\n\n                function setYoutubeIframeDimensions()\n                {\n                    if ($('.vc-incubalia-video-full-width').height() > 0) {\n                        height = $('.vc-incubalia-video-full-width').height();\n                    }\n                    $('.vc-incubalia-video-full-width__youtube-iframe iframe').attr('height', height);\n                    let width = height * 16 \/ 9;\n                    $('.vc-incubalia-video-full-width__youtube-iframe iframe').attr('width', width);\n                }\n            })(jQuery)<\/script><div class=\"vc-incubalia-text-1-column-subtitle\"><h2 class=\"vc-incubalia-text-1-column-subtitle__title\">HORARIOS 2025<\/h2><h3 class=\"vc-incubalia-text-1-column-subtitle__subtitle\"> Las proyecciones se adaptan seg\u00fan la \u00e9poca del a\u00f1o y la puesta de sol<\/h3><div class=\"vc-incubalia-text-1-column-subtitle__text\">&nbsp;<\/p><br \/>\n<ul><br \/>\n<li data-start=\"54\" data-end=\"141\"><strong>Enero, febrero y marzo<\/strong>: viernes y s\u00e1bado a las 20:30 h y 21:00 h (hasta el 29 de marzo)<\/li><br \/>\n<li data-start=\"143\" data-end=\"233\"><strong>Abril y mayo<\/strong>: viernes y s\u00e1bado a las 22:00 y 22:30 h (d\u00edas sin proyecci\u00f3n 3 y 4 de abril).<\/li><br \/>\n<li data-start=\"235\" data-end=\"447\"><strong>Junio y julio<\/strong>: Hasta el 21 de junio, viernes y s\u00e1bado a las 22:30 y 23:00 h. A partir del 26 de junio, jueves, viernes y s\u00e1bado a las 22:30, 22:45 y 23:00 h. Pases extra: 23 de junio a las 22:30, 22:45 y 23:00 h.<\/li><br \/>\n<li data-start=\"449\" data-end=\"622\"><strong>Agosto y septiembre:<\/strong> Hasta el 11 de septiembre, jueves, viernes y s\u00e1bado a las 22:00, 22:30 y 23:00 h. A partir del 12 de septiembre, viernes y s\u00e1bado a las 22:00 y 22:30 h.<\/li><br \/>\n<li data-start=\"624\" data-end=\"762\"><strong>Octubre, noviembre y diciembre<\/strong>: viernes y s\u00e1bado a las 20:30 y 21:00 h. Pases extra: 11 de octubre y 7 de diciembre a las 20:30 y 21:00 h. Descanso durante las festividades religiosas (Semana Santa y Navidad)<\/li><br \/>\n<\/ul><br \/>\n<p>Pases adicionales, las v\u00edsperas de festivo en el horario del mes correspondiente y <strong>descanso durante las festividades religiosas (Semana Santa y Navidad).<\/strong><\/p><br \/>\n<p>&nbsp;<\/div><\/div>[\/vc_column][\/vc_row][vc_row][vc_column]<div class=\"vc-incubalia-image-3x2-centered\"><img decoding=\"async\" class=\"vc-incubalia-image-3x2-centered__mobile-picture\" src=\"https:\/\/www.tortosaturisme.cat\/wp-content\/uploads\/2023\/03\/768x512-mapping-2-768x512.jpg\" alt=\"\"><img decoding=\"async\" class=\"vc-incubalia-image-3x2-centered__desktop-picture\" src=\"https:\/\/www.tortosaturisme.cat\/wp-content\/uploads\/2023\/03\/1920x1280-Mapping-1920x1280.png\" alt=\"\"><\/div>[\/vc_column][\/vc_row][vc_row][vc_column]<div class=\"vc-incubalia-text-1-column-subtitle\"><div class=\"vc-incubalia-text-1-column-subtitle__text\"><strong>La Luz del Ebro<\/strong> te invita a viajar en el tiempo en este <strong>espectacular videomapping sobre la fachada de la catedral de Tortosa<\/strong>, en la que descubrir\u00e1s los or\u00edgenes m\u00edticos de la ciudad y algunos de sus momentos m\u00e1s destacados, desde la edad antigua hasta el barroco, con m\u00faltiples efectos visuales y juegos de luces para crear un <strong>espect\u00e1culo impresionante y emocionante.<\/strong><\/div><\/div>[\/vc_column][\/vc_row][vc_row][vc_column]<div class=\"vc-incubalia-image-3x2-centered\"><img decoding=\"async\" class=\"vc-incubalia-image-3x2-centered__mobile-picture\" src=\"https:\/\/www.tortosaturisme.cat\/wp-content\/uploads\/2023\/03\/768x512-mapping-1-768x512.jpg\" alt=\"\"><img decoding=\"async\" class=\"vc-incubalia-image-3x2-centered__desktop-picture\" src=\"https:\/\/www.tortosaturisme.cat\/wp-content\/uploads\/2023\/03\/Mapping-La-llum-de-lEbre-1920x1280-1-1920x1280.png\" alt=\"\"><\/div><div class=\"vc-incubalia-4-icons\"><h2 class=\"vc-incubalia-4-icons__title\"><\/h2><div class=\"vc-incubalia-4-icons__icon\"><a class=\"vc-incubalia-4-icons__icon-url\" href=\"http:\/\/www2.tortosa.cat\/\"><img decoding=\"async\" class=\"vc-incubalia-4-icons__icon-image\" src=\"https:\/\/www.tortosaturisme.cat\/wp-content\/uploads\/2020\/03\/ajuntament-500x500-400x400.jpg\"><\/a><\/div><div class=\"vc-incubalia-4-icons__icon\"><a class=\"vc-incubalia-4-icons__icon-url\" href=\"http:\/\/www.tortosaturisme.cat\"><img decoding=\"async\" class=\"vc-incubalia-4-icons__icon-image\" src=\"https:\/\/www.tortosaturisme.cat\/wp-content\/uploads\/2018\/03\/logo-turisme-400-400x355.jpg\"><\/a><\/div><div class=\"vc-incubalia-4-icons__icon\"><a class=\"vc-incubalia-4-icons__icon-url\" href=\"http:\/\/fonseuropeus.gencat.cat\/ca\/\"><img decoding=\"async\" class=\"vc-incubalia-4-icons__icon-image\" src=\"https:\/\/www.tortosaturisme.cat\/wp-content\/uploads\/2020\/03\/FEder_Vertical_400x400.png\"><\/a><\/div><div class=\"vc-incubalia-4-icons__icon\"><a class=\"vc-incubalia-4-icons__icon-url\" href=\"https:\/\/web.gencat.cat\/ca\/inici\"><img decoding=\"async\" class=\"vc-incubalia-4-icons__icon-image\" src=\"https:\/\/www.tortosaturisme.cat\/wp-content\/uploads\/2020\/03\/generalitat-de-catalunya500x500-400x400.jpg\"><\/a><\/div><\/div>[\/vc_column][\/vc_row][vc_row][vc_column]<div class=\"vc-incubalia-5-cards\"><h2 class=\"vc-incubalia-5-cards__title\">Te recomendamos<\/h2><div class=\"vc-incubalia-5-cards__card card-1 has-url\"><a href=\"\/es\/lugar\/tortosa-cota-0\/\"><img decoding=\"async\" class=\"vc-incubalia-5-cards__card-mobile-picture\" src=\"https:\/\/www.tortosaturisme.cat\/wp-content\/uploads\/2023\/03\/1280x460-Cota-0-640x460.png\">\n                      <img decoding=\"async\" class=\"vc-incubalia-5-cards__card-desktop-picture\" src=\"https:\/\/www.tortosaturisme.cat\/wp-content\/uploads\/2023\/03\/1280x460-Cota-0-1280x460.png\"><\/a><div class=\"vc-incubalia-5-cards__card-text-container\"><p class=\"vc-incubalia-5-cards__card-title\">Tortosa Cota 0<\/p><p class=\"vc-incubalia-5-cards__card-subtitle\">Descubre c\u00f3mo era Tortosa de los Romanos, visigodos, andalus\u00edes y cristianos<\/p><\/div><div class=\"vc-incubalia-5-cards__card-url-container\"><span class=\"vc-incubalia-5-cards__card-url\">Leer m\u00e1s<\/span><\/div><\/div><div class=\"vc-incubalia-5-cards__card card-2 has-url\"><a href=\"\/es\/ruta\/les-fortificacions\/\"><img decoding=\"async\" class=\"vc-incubalia-5-cards__card-mobile-picture\" src=\"https:\/\/www.tortosaturisme.cat\/wp-content\/uploads\/2023\/03\/b-1280-fortifcacions-640x460.jpg\">\n                      <img decoding=\"async\" class=\"vc-incubalia-5-cards__card-desktop-picture\" src=\"https:\/\/www.tortosaturisme.cat\/wp-content\/uploads\/2023\/03\/b-1280-fortifcacions-640x460.jpg\"><\/a><div class=\"vc-incubalia-5-cards__card-text-container\"><p class=\"vc-incubalia-5-cards__card-title\">Ruta de las fortificaciones<\/p><p class=\"vc-incubalia-5-cards__card-subtitle\">Recorre murallas medievales y los baluartes, fosos y revelines modernos<\/p><\/div><div class=\"vc-incubalia-5-cards__card-url-container\"><span class=\"vc-incubalia-5-cards__card-url\">Leer m\u00e1s<\/span><\/div><\/div><div class=\"vc-incubalia-5-cards__card-3-and-4-container\"><div class=\"vc-incubalia-5-cards__card card-3 has-url\"><a href=\"\/lugar\/el-passeig-de-les-cultures\/\"><img decoding=\"async\" class=\"vc-incubalia-5-cards__card-mobile-picture\" src=\"https:\/\/www.tortosaturisme.cat\/wp-content\/uploads\/2023\/03\/1280x480-passeig-cultures-640x460.jpg\">\n                      <img decoding=\"async\" class=\"vc-incubalia-5-cards__card-desktop-picture\" src=\"https:\/\/www.tortosaturisme.cat\/wp-content\/uploads\/2023\/03\/1280x480-passeig-cultures-640x460.jpg\"><\/a><div class=\"vc-incubalia-5-cards__card-text-container\"><p class=\"vc-incubalia-5-cards__card-title\">El paseo de las culturas <\/p><p class=\"vc-incubalia-5-cards__card-subtitle\">Un recorrido para descubrir algunos de los hombres y mujeres que ha dado forma a Tortosa<\/p><\/div><div class=\"vc-incubalia-5-cards__card-url-container\"><span class=\"vc-incubalia-5-cards__card-url\">Leer m\u00e1s<\/span><\/div><\/div><div class=\"vc-incubalia-5-cards__card card-4 has-url\"><a href=\"\/ruta\/hemingway-i-la-guerra-civil\/\"><img decoding=\"async\" class=\"vc-incubalia-5-cards__card-mobile-picture\" src=\"https:\/\/www.tortosaturisme.cat\/wp-content\/uploads\/2023\/03\/B-1280-visites-guiades-640x460.jpg\">\n                      <img decoding=\"async\" class=\"vc-incubalia-5-cards__card-desktop-picture\" src=\"https:\/\/www.tortosaturisme.cat\/wp-content\/uploads\/2023\/03\/B-1280-visites-guiades-640x460.jpg\"><\/a><div class=\"vc-incubalia-5-cards__card-text-container\"><p class=\"vc-incubalia-5-cards__card-title\">Hemingway y la Guerra Civil<\/p><p class=\"vc-incubalia-5-cards__card-subtitle\">Una ruta para conocer su paso y los tr\u00e1gicos eventos<\/p><\/div><div class=\"vc-incubalia-5-cards__card-url-container\"><span class=\"vc-incubalia-5-cards__card-url\">Leer m\u00e1s<\/span><\/div><\/div><\/div><div class=\"vc-incubalia-5-cards__card card-5 has-url\"><a href=\"\/ruta\/la-tortosa-del-renaixement\/\"><img decoding=\"async\" class=\"vc-incubalia-5-cards__card-mobile-picture\" src=\"https:\/\/www.tortosaturisme.cat\/wp-content\/uploads\/2018\/02\/b-1280-ciutat-renaixement-2-640x460.jpg\">\n                      <img decoding=\"async\" class=\"vc-incubalia-5-cards__card-desktop-picture\" src=\"https:\/\/www.tortosaturisme.cat\/wp-content\/uploads\/2018\/02\/b-1280-ciutat-renaixement-2-640x449.jpg\"><\/a><div class=\"vc-incubalia-5-cards__card-text-container\"><p class=\"vc-incubalia-5-cards__card-title\">La ciudad del Renacimiento<\/p><p class=\"vc-incubalia-5-cards__card-subtitle\">Maravillarse con el esplendor del siglo XVI<\/p><\/div><div class=\"vc-incubalia-5-cards__card-url-container\"><span class=\"vc-incubalia-5-cards__card-url\">Leer m\u00e1s<\/span><\/div><\/div><\/div>[\/vc_column][\/vc_row][vc_row][vc_column]<div class=\"vc-incubalia-4-images\"><h2 class=\"vc-incubalia-4-images__title\">Vive la ciudad y el territorio<\/h2><div class=\"vc-incubalia-4-images__image has-url\"\"><a href=\"\/experiencies\/\"><img decoding=\"async\" src=\"https:\/\/www.tortosaturisme.cat\/wp-content\/uploads\/2018\/02\/b-900-lloguer-bicis.jpg\" alt=\"\"><\/a><div class=\"vc-incubalia-4-images__image-text-container\"><p class=\"vc-incubalia-4-images__image-title\">Experiencias <\/p><p class=\"vc-incubalia-4-images__image-subtitle\">Actividades culturales, de aventura, en grupo, para toda la familia y, sobretodo, para disfrutar!<\/p><\/div><div class=\"vc-incubalia-4-images__image-url-container\"><span class=\"vc-incubalia-4-images__image-url\">Leer m\u00e1s<\/span><\/div><\/div><div class=\"vc-incubalia-4-images__image has-url\"\"><a href=\"\/experiencies\/?experience-type=a-laire-lliure&amp;list-view=cards\"><img decoding=\"async\" src=\"https:\/\/www.tortosaturisme.cat\/wp-content\/uploads\/2018\/02\/b-900-600-aire-lliure.jpg\" alt=\"\"><\/a><div class=\"vc-incubalia-4-images__image-text-container\"><p class=\"vc-incubalia-4-images__image-title\">Al aire libre<\/p><p class=\"vc-incubalia-4-images__image-subtitle\">Excursiones a pie, en 4x4 o en bici<\/p><\/div><div class=\"vc-incubalia-4-images__image-url-container\"><span class=\"vc-incubalia-4-images__image-url\">Leer m\u00e1s<\/span><\/div><\/div><div class=\"vc-incubalia-4-images__image has-url\"\"><a href=\"\/experiencies\/?experience-type=al-riu&amp;list-view=cards\"><img decoding=\"async\" src=\"https:\/\/www.tortosaturisme.cat\/wp-content\/uploads\/2020\/06\/sirgador_900x400.jpg\" alt=\"\"><\/a><div class=\"vc-incubalia-4-images__image-text-container\"><p class=\"vc-incubalia-4-images__image-title\">En el rio<\/p><p class=\"vc-incubalia-4-images__image-subtitle\">Navegar en el la\u00fad o explora en piragua o kayak<\/p><\/div><div class=\"vc-incubalia-4-images__image-url-container\"><span class=\"vc-incubalia-4-images__image-url\">Leer m\u00e1s<\/span><\/div><\/div><div class=\"vc-incubalia-4-images__image has-url\"\"><a href=\"\/experiencies\/?experience-type=amb-nens&amp;list-view=cards\"><img decoding=\"async\" src=\"https:\/\/www.tortosaturisme.cat\/wp-content\/uploads\/2020\/03\/passeig_cultures_900x400.jpg\" alt=\"\"><\/a><div class=\"vc-incubalia-4-images__image-text-container\"><p class=\"vc-incubalia-4-images__image-title\">Con los ni\u00f1os<\/p><p class=\"vc-incubalia-4-images__image-subtitle\">Una visita inolvidable<\/p><\/div><div class=\"vc-incubalia-4-images__image-url-container\"><span class=\"vc-incubalia-4-images__image-url\">Leer m\u00e1s<\/span><\/div><\/div><\/div>[\/vc_column][\/vc_row][vc_row][vc_column][\/vc_column][\/vc_row][vc_row][vc_column width=\u00bb1\/6&#8243;][\/vc_column][vc_column width=\u00bb1\/6&#8243;]<div class=\"vc-incubalia-3-images\"><div class=\"vc-incubalia-3-images__image\"><img decoding=\"async\" src=\"\" alt=\"\"><\/div><div class=\"vc-incubalia-3-images__image\"><img decoding=\"async\" src=\"\" alt=\"\"><\/div><div class=\"vc-incubalia-3-images__image\"><a href=\"https:\/\/terresdelebre.travel\/\"><img decoding=\"async\" src=\"https:\/\/www.tortosaturisme.cat\/wp-content\/uploads\/2020\/09\/terres-de-lebre-reserva-biosfera400x400.jpg\" alt=\"\"><\/a><\/div><\/div>[\/vc_column][vc_column width=\u00bb1\/6&#8243;]<div class=\"vc-incubalia-text-1-column\"><div class=\"vc-incubalia-text-1-column__text\">Campa\u00f1a de promoci\u00f3n online con el apoyo del Patronato de Turismo de la Diputaci\u00f3n de Tarragona<\/div><\/div><script>\n            (function($) {\n                $(function() {\n                    $(\".vc_col-sm-6\").parent(\".vc_row\").addClass(\"vc_layout_2\");\n                });\n            })(jQuery);\n            <\/script>[\/vc_column][vc_column width=\u00bb1\/6&#8243;][\/vc_column][vc_column width=\u00bb1\/6&#8243;][\/vc_column][vc_column width=\u00bb1\/6&#8243;][\/vc_column][\/vc_row][vc_row][vc_column][\/vc_column][\/vc_row][vc_row][vc_column][\/vc_column][\/vc_row]<\/p>\n","protected":false},"excerpt":{"rendered":"<p>[vc_row][vc_column][\/vc_column][\/vc_row][vc_row][vc_column][\/vc_column][\/vc_row][vc_row][vc_column][\/vc_column][\/vc_row][vc_row][vc_column][\/vc_column][\/vc_row][vc_row][vc_column][\/vc_column][\/vc_row][vc_row][vc_column][\/vc_column][\/vc_row][vc_row][vc_column][\/vc_column][\/vc_row][vc_row][vc_column][\/vc_column][\/vc_row][vc_row][vc_column width=\u00bb1\/6&#8243;][\/vc_column][vc_column width=\u00bb1\/6&#8243;][\/vc_column][vc_column width=\u00bb1\/6&#8243;][\/vc_column][vc_column width=\u00bb1\/6&#8243;][\/vc_column][vc_column width=\u00bb1\/6&#8243;][\/vc_column][vc_column width=\u00bb1\/6&#8243;][\/vc_column][\/vc_row][vc_row][vc_column][\/vc_column][\/vc_row][vc_row][vc_column][\/vc_column][\/vc_row]<\/p>\n","protected":false},"author":2,"featured_media":0,"parent":0,"menu_order":16,"comment_status":"closed","ping_status":"closed","template":"","meta":{"footnotes":""},"class_list":["post-33686","page","type-page","status-publish","hentry"],"acf":[],"yoast_head":"<!-- This site is optimized with the Yoast SEO plugin v27.3 - https:\/\/yoast.com\/product\/yoast-seo-wordpress\/ -->\n<title>La Luz del Ebro - Tortosa Turisme<\/title>\n<meta name=\"description\" content=\"Vive la Luz del Ebro: un videomapping espectacular que recorre 2000 a\u00f1os de historia en la fachada barroca de la catedral de Tortosa.\" \/>\n<meta name=\"robots\" content=\"index, follow, max-snippet:-1, max-image-preview:large, max-video-preview:-1\" \/>\n<link rel=\"canonical\" href=\"https:\/\/www.tortosaturisme.cat\/es\/videomapping-la-luz-del-ebro\/\" \/>\n<meta property=\"og:locale\" content=\"es_ES\" \/>\n<meta property=\"og:type\" content=\"article\" \/>\n<meta property=\"og:title\" content=\"La Luz del Ebro - Tortosa Turisme\" \/>\n<meta property=\"og:description\" content=\"Vive la Luz del Ebro: un videomapping espectacular que recorre 2000 a\u00f1os de historia en la fachada barroca de la catedral de Tortosa.\" \/>\n<meta property=\"og:url\" content=\"https:\/\/www.tortosaturisme.cat\/es\/videomapping-la-luz-del-ebro\/\" \/>\n<meta property=\"og:site_name\" content=\"tortosaturisme\" \/>\n<meta property=\"article:modified_time\" content=\"2026-03-27T13:41:51+00:00\" \/>\n<meta name=\"twitter:card\" content=\"summary_large_image\" \/>\n<meta name=\"twitter:label1\" content=\"Tiempo de lectura\" \/>\n\t<meta name=\"twitter:data1\" content=\"4 minutos\" \/>\n<script type=\"application\/ld+json\" class=\"yoast-schema-graph\">{\"@context\":\"https:\\\/\\\/schema.org\",\"@graph\":[{\"@type\":\"WebPage\",\"@id\":\"https:\\\/\\\/www.tortosaturisme.cat\\\/es\\\/videomapping-la-luz-del-ebro\\\/\",\"url\":\"https:\\\/\\\/www.tortosaturisme.cat\\\/es\\\/videomapping-la-luz-del-ebro\\\/\",\"name\":\"La Luz del Ebro - Tortosa Turisme\",\"isPartOf\":{\"@id\":\"https:\\\/\\\/www.tortosaturisme.cat\\\/es\\\/#website\"},\"datePublished\":\"2023-03-14T11:00:26+00:00\",\"dateModified\":\"2026-03-27T13:41:51+00:00\",\"description\":\"Vive la Luz del Ebro: un videomapping espectacular que recorre 2000 a\u00f1os de historia en la fachada barroca de la catedral de Tortosa.\",\"breadcrumb\":{\"@id\":\"https:\\\/\\\/www.tortosaturisme.cat\\\/es\\\/videomapping-la-luz-del-ebro\\\/#breadcrumb\"},\"inLanguage\":\"es\",\"potentialAction\":[{\"@type\":\"ReadAction\",\"target\":[\"https:\\\/\\\/www.tortosaturisme.cat\\\/es\\\/videomapping-la-luz-del-ebro\\\/\"]}]},{\"@type\":\"BreadcrumbList\",\"@id\":\"https:\\\/\\\/www.tortosaturisme.cat\\\/es\\\/videomapping-la-luz-del-ebro\\\/#breadcrumb\",\"itemListElement\":[{\"@type\":\"ListItem\",\"position\":1,\"name\":\"Home\",\"item\":\"https:\\\/\\\/www.tortosaturisme.cat\\\/es\\\/\"},{\"@type\":\"ListItem\",\"position\":2,\"name\":\"La Luz del Ebro\"}]},{\"@type\":\"WebSite\",\"@id\":\"https:\\\/\\\/www.tortosaturisme.cat\\\/es\\\/#website\",\"url\":\"https:\\\/\\\/www.tortosaturisme.cat\\\/es\\\/\",\"name\":\"tortosaturisme\",\"description\":\"Otro sitio realizado con WordPress\",\"potentialAction\":[{\"@type\":\"SearchAction\",\"target\":{\"@type\":\"EntryPoint\",\"urlTemplate\":\"https:\\\/\\\/www.tortosaturisme.cat\\\/es\\\/?s={search_term_string}\"},\"query-input\":{\"@type\":\"PropertyValueSpecification\",\"valueRequired\":true,\"valueName\":\"search_term_string\"}}],\"inLanguage\":\"es\"}]}<\/script>\n<!-- \/ Yoast SEO plugin. -->","yoast_head_json":{"title":"La Luz del Ebro - Tortosa Turisme","description":"Vive la Luz del Ebro: un videomapping espectacular que recorre 2000 a\u00f1os de historia en la fachada barroca de la catedral de Tortosa.","robots":{"index":"index","follow":"follow","max-snippet":"max-snippet:-1","max-image-preview":"max-image-preview:large","max-video-preview":"max-video-preview:-1"},"canonical":"https:\/\/www.tortosaturisme.cat\/es\/videomapping-la-luz-del-ebro\/","og_locale":"es_ES","og_type":"article","og_title":"La Luz del Ebro - Tortosa Turisme","og_description":"Vive la Luz del Ebro: un videomapping espectacular que recorre 2000 a\u00f1os de historia en la fachada barroca de la catedral de Tortosa.","og_url":"https:\/\/www.tortosaturisme.cat\/es\/videomapping-la-luz-del-ebro\/","og_site_name":"tortosaturisme","article_modified_time":"2026-03-27T13:41:51+00:00","twitter_card":"summary_large_image","twitter_misc":{"Tiempo de lectura":"4 minutos"},"schema":{"@context":"https:\/\/schema.org","@graph":[{"@type":"WebPage","@id":"https:\/\/www.tortosaturisme.cat\/es\/videomapping-la-luz-del-ebro\/","url":"https:\/\/www.tortosaturisme.cat\/es\/videomapping-la-luz-del-ebro\/","name":"La Luz del Ebro - Tortosa Turisme","isPartOf":{"@id":"https:\/\/www.tortosaturisme.cat\/es\/#website"},"datePublished":"2023-03-14T11:00:26+00:00","dateModified":"2026-03-27T13:41:51+00:00","description":"Vive la Luz del Ebro: un videomapping espectacular que recorre 2000 a\u00f1os de historia en la fachada barroca de la catedral de Tortosa.","breadcrumb":{"@id":"https:\/\/www.tortosaturisme.cat\/es\/videomapping-la-luz-del-ebro\/#breadcrumb"},"inLanguage":"es","potentialAction":[{"@type":"ReadAction","target":["https:\/\/www.tortosaturisme.cat\/es\/videomapping-la-luz-del-ebro\/"]}]},{"@type":"BreadcrumbList","@id":"https:\/\/www.tortosaturisme.cat\/es\/videomapping-la-luz-del-ebro\/#breadcrumb","itemListElement":[{"@type":"ListItem","position":1,"name":"Home","item":"https:\/\/www.tortosaturisme.cat\/es\/"},{"@type":"ListItem","position":2,"name":"La Luz del Ebro"}]},{"@type":"WebSite","@id":"https:\/\/www.tortosaturisme.cat\/es\/#website","url":"https:\/\/www.tortosaturisme.cat\/es\/","name":"tortosaturisme","description":"Otro sitio realizado con WordPress","potentialAction":[{"@type":"SearchAction","target":{"@type":"EntryPoint","urlTemplate":"https:\/\/www.tortosaturisme.cat\/es\/?s={search_term_string}"},"query-input":{"@type":"PropertyValueSpecification","valueRequired":true,"valueName":"search_term_string"}}],"inLanguage":"es"}]}},"_links":{"self":[{"href":"https:\/\/www.tortosaturisme.cat\/es\/wp-json\/wp\/v2\/pages\/33686","targetHints":{"allow":["GET"]}}],"collection":[{"href":"https:\/\/www.tortosaturisme.cat\/es\/wp-json\/wp\/v2\/pages"}],"about":[{"href":"https:\/\/www.tortosaturisme.cat\/es\/wp-json\/wp\/v2\/types\/page"}],"author":[{"embeddable":true,"href":"https:\/\/www.tortosaturisme.cat\/es\/wp-json\/wp\/v2\/users\/2"}],"replies":[{"embeddable":true,"href":"https:\/\/www.tortosaturisme.cat\/es\/wp-json\/wp\/v2\/comments?post=33686"}],"version-history":[{"count":34,"href":"https:\/\/www.tortosaturisme.cat\/es\/wp-json\/wp\/v2\/pages\/33686\/revisions"}],"predecessor-version":[{"id":41633,"href":"https:\/\/www.tortosaturisme.cat\/es\/wp-json\/wp\/v2\/pages\/33686\/revisions\/41633"}],"wp:attachment":[{"href":"https:\/\/www.tortosaturisme.cat\/es\/wp-json\/wp\/v2\/media?parent=33686"}],"curies":[{"name":"wp","href":"https:\/\/api.w.org\/{rel}","templated":true}]}}