{"id":36096,"date":"2024-11-07T11:34:36","date_gmt":"2024-11-07T11:34:36","guid":{"rendered":"https:\/\/www.tortosaturisme.cat\/llibre-blanc-del-turisme-gastronomic\/"},"modified":"2025-02-05T14:55:50","modified_gmt":"2025-02-05T14:55:50","slug":"llibre-blanc-del-turisme-gastronomic","status":"publish","type":"page","link":"https:\/\/www.tortosaturisme.cat\/es\/llibre-blanc-del-turisme-gastronomic\/","title":{"rendered":"Llibre Blanc del Turisme Gastron\u00f2mic a Tortosa"},"content":{"rendered":"<p>[vc_row][vc_column]<div class=\"vc-incubalia-big-header\"><img decoding=\"async\" class=\"vc-incubalia-big-header__mobile-picture brightness-100\" src=\"https:\/\/www.tortosaturisme.cat\/wp-content\/uploads\/2024\/11\/768x450-Llibre-blanc-del-turisme-gastronomic-a-Tortosa.jpg\">\n                  <img decoding=\"async\" class=\"vc-incubalia-big-header__desktop-picture brightness-100\" src=\"https:\/\/www.tortosaturisme.cat\/wp-content\/uploads\/2024\/11\/1920x700-Llibre-blanc-del-turisme-gastronomic-a-Tortosa-1.jpg\"><\/div>[\/vc_column][\/vc_row][vc_row][vc_column]<div class=\"vc-incubalia-text-1-column-subtitle\"><h2 class=\"vc-incubalia-text-1-column-subtitle__title\">Bienvenidos a la Gastronom\u00eda de Tortosa.<\/h2><div class=\"vc-incubalia-text-1-column-subtitle__text\">La ciudad de <strong>Tortosa,<\/strong> con su rica historia y tradici\u00f3n, es cuna de un legado gastron\u00f3mico particular, arraigado en las Tierras del Ebro. Te invitamos a explorar nuestro<strong> Libro Blanco del Turismo Gastron\u00f3mico de Tortosa<\/strong>: una gu\u00eda completa que recoge los platos, los productos locales y las tradiciones culinarias que dan vida a nuestra cocina. A trav\u00e9s de su gastronom\u00eda, la visita a Tortosa se convierte en <strong>una experiencia sensorial que conecta con las ra\u00edces del Mediterr\u00e1neo.<\/strong><\/div><\/div>[\/vc_column][\/vc_row][vc_row][vc_column]<div class=\"vc-incubalia-text-image-full\"><div class=\"vc-incubalia-text-image-full__image-container\"><img decoding=\"async\" class=\"vc-incubalia-text-image-full__image-mobile\" alt=\"\" src=\"https:\/\/www.tortosaturisme.cat\/wp-content\/uploads\/2024\/11\/768x450-llibre-blanc-2-768x350.jpg\"><img decoding=\"async\" class=\"vc-incubalia-text-image-full__image-desktop\" alt=\"\" src=\"https:\/\/www.tortosaturisme.cat\/wp-content\/uploads\/2024\/11\/1920x550-llibre-blanc-2.jpg\"><h2 class=\"vc-incubalia-text-image-full__title\">\u00bfQu\u00e9 es el Libro Blanco del Turismo Gastron\u00f3mico?<\/h2><i class=\"arrow-down\"><\/i><\/div><div class=\"vc-incubalia-text-image-full__text-container\"><h2 class=\"vc-incubalia-text-image-full__subtitle\">Tortosa: cocina de la memoria.<\/h2><div class=\"vc-incubalia-text-image-full__text\">El <strong>Libro Blanco del Turismo Gastron\u00f3mico<\/strong> <strong>en Tortosa<\/strong> es un proyecto del Ayuntamiento de Tortosa en el marco del Plan de Sostenibilidad Tur\u00edstica en Destinos \u00ab<strong>Tortosa, el pasado es una aventura<\/strong>\u00ab, financiado por los fondos Next Generation. Su objetivo es posicionar nuestra ciudad como un referente del turismo gastron\u00f3mico sostenible mediante la reivindicaci\u00f3n de su rico legado culinario y su identidad gastron\u00f3mica. Con esta iniciativa, queremos compartir con visitantes y residentes nuestro patrimonio gastron\u00f3mico, basado en productos de proximidad, sostenibilidad y respeto por la tradici\u00f3n.<\/p><br \/>\n<p><strong>Ven a Conocer y Disfrutar de la Gastronom\u00eda de Tortosa<\/strong><\/p><br \/>\n<p>El Libro Blanco no es solo una gu\u00eda, sino una invitaci\u00f3n a formar parte de la vida y cultura de Tortosa. En cada plato, descubrir\u00e1s la historia, el esfuerzo y el amor por una tierra que ha alimentado generaciones.<\/div><\/div><\/div><div class=\"vc-incubalia-text-image-full\"><div class=\"vc-incubalia-text-image-full__image-container\"><img decoding=\"async\" class=\"vc-incubalia-text-image-full__image-mobile\" alt=\"\" src=\"https:\/\/www.tortosaturisme.cat\/wp-content\/uploads\/2020\/07\/plats_tortosa_768x350.jpg\"><img decoding=\"async\" class=\"vc-incubalia-text-image-full__image-desktop\" alt=\"\" src=\"https:\/\/www.tortosaturisme.cat\/wp-content\/uploads\/2020\/07\/gastronomia_tortosa_1920x550.jpg\"><i class=\"arrow-down\"><\/i><\/div><div class=\"vc-incubalia-text-image-full__text-container\"><h2 class=\"vc-incubalia-text-image-full__subtitle\">Ven a Conocer y Disfrutar de la Gastronom\u00eda de Tortosa<\/h2><div class=\"vc-incubalia-text-image-full__text\">El libro blanco est\u00e1 dividido en dos partes diferenciadas:<strong> Identidad y patrimonio gastron\u00f3mico en Tortosa y Plan de acci\u00f3n y buenas pr\u00e1cticas del turismo gastron\u00f3mico en Tortosa.<\/strong><\/p><br \/>\n<p>Esta primera secci\u00f3n explora los productos aut\u00f3ctonos y los platos tradicionales que definen la gastronom\u00eda tortosina. Destaca el v\u00ednculo con las Tierras del Ebro, donde muchos ingredientes y recetas son compartidos con el territorio, aunque tienen caracter\u00edsticas e historias propias en Tortosa, fruto de su papel hist\u00f3rico como capital del sur de Catalu\u00f1a y centro econ\u00f3mico y de distribuci\u00f3n. Este apartado incluye la identificaci\u00f3n de una veintena de productos, entre ellos el aceite de oliva (DOP Baix Ebre-Montsi\u00e0), la clementina (IGP), las baldanas de arroz, el arroz del Delta o el chocolate Creo. Asimismo, recoge m\u00e1s de 60 recetas tradicionales que han ido pasando de generaci\u00f3n en generaci\u00f3n.<\/p><br \/>\n<p>La segunda parte incorpora un Plan de acci\u00f3n y buenas pr\u00e1cticas. En esta segunda parte, el documento ofrece un plan estrat\u00e9gico para consolidar Tortosa como destino de turismo gastron\u00f3mico. Se definen las bases para la creaci\u00f3n de una marca gastron\u00f3mica de calidad y los valores asociados, como la sostenibilidad y el respeto por la cultura y el entorno natural. Adem\u00e1s, se proponen acciones concretas para promocionar esta oferta, incluyendo la creaci\u00f3n de un calendario de actividades y eventos gastron\u00f3micos, talleres y catas para profesionales y el p\u00fablico general, as\u00ed como iniciativas de comunicaci\u00f3n para potenciar la imagen de Tortosa en este \u00e1mbito.<\/div><\/div><\/div>[\/vc_column][\/vc_row][vc_row][vc_column]<div class=\"vc-incubalia-3-images\"><div class=\"vc-incubalia-3-images__image\"><img decoding=\"async\" src=\"\" alt=\"\"><\/div><div class=\"vc-incubalia-3-images__image\"><a href=\"\/wp-content\/uploads\/2025\/02\/03-Llibre-blanc-del-turisme-gastronomic-a-Tortosa-V3_compressed.pdf\"><img decoding=\"async\" src=\"https:\/\/www.tortosaturisme.cat\/wp-content\/uploads\/2024\/11\/800x600-llibreblanc-4.jpg\" alt=\"\"><\/a><a href=\"\/wp-content\/uploads\/2025\/02\/03-Llibre-blanc-del-turisme-gastronomic-a-Tortosa-V3_compressed.pdf\"><p class=\"vc-incubalia-3-images__image-title\">Desc\u00e1rgate el Libro Blanco del Turismo Gastron\u00f3mico en Tortosa<\/p><\/a><\/div><div class=\"vc-incubalia-3-images__image\"><img decoding=\"async\" src=\"\" alt=\"\"><\/div><\/div>[\/vc_column][\/vc_row][vc_row][vc_column]<div class=\"vc-incubalia-3-images\"><h2 class=\"vc-incubalia-3-images__title\">Te proponemos<\/h2><div class=\"vc-incubalia-3-images__image\"><a href=\"\/es\/una-escapada-de-fin-de-semana\/\"><img decoding=\"async\" src=\"https:\/\/www.tortosaturisme.cat\/wp-content\/uploads\/2018\/02\/B-800-600-escapada-finde.jpg\" alt=\"\"><\/a><a href=\"\/es\/una-escapada-de-fin-de-semana\/\"><p class=\"vc-incubalia-3-images__image-title\">Una escapada ideal<\/p><\/a><p class=\"vc-incubalia-3-images__image-subtitle\">Un fin de semana para descubrir Tortosa y las Tierras del Ebro<\/p><\/div><div class=\"vc-incubalia-3-images__image\"><a href=\"\/es\/la-cocina-de-las-tierras-del-ebro\/\"><img decoding=\"async\" src=\"https:\/\/www.tortosaturisme.cat\/wp-content\/uploads\/2018\/02\/B-800-600-cuina.jpg\" alt=\"\"><\/a><a href=\"\/es\/la-cocina-de-las-tierras-del-ebro\/\"><p class=\"vc-incubalia-3-images__image-title\">Gastronom\u00eda<\/p><\/a><p class=\"vc-incubalia-3-images__image-subtitle\">Descubre una cocina ligada a la tierra<\/p><\/div><div class=\"vc-incubalia-3-images__image\"><a href=\"\/es\/restaurantes\/\"><img decoding=\"async\" src=\"https:\/\/www.tortosaturisme.cat\/wp-content\/uploads\/2020\/06\/restaurants_certificats_800x600.jpg\" alt=\"\"><\/a><a href=\"\/es\/restaurantes\/\"><p class=\"vc-incubalia-3-images__image-title\">Restaurantes<\/p><\/a><p class=\"vc-incubalia-3-images__image-subtitle\">Descubre la identidad de una ciudad a trav\u00e9s de su cocina<\/p><\/div><\/div><div class=\"vc-incubalia-5-cards\"><h2 class=\"vc-incubalia-5-cards__title\">Te recomendamos<\/h2><div class=\"vc-incubalia-5-cards__card card-1 has-url\"><a href=\"\/es\/que-tastar-a-tortosa\/\"><img decoding=\"async\" class=\"vc-incubalia-5-cards__card-mobile-picture\" src=\"https:\/\/www.tortosaturisme.cat\/wp-content\/uploads\/2020\/06\/xocolata_1280x460-640x460.jpg\">\n                      <img decoding=\"async\" class=\"vc-incubalia-5-cards__card-desktop-picture\" src=\"https:\/\/www.tortosaturisme.cat\/wp-content\/uploads\/2020\/06\/xocolata_1280x460.jpg\"><\/a><div class=\"vc-incubalia-5-cards__card-text-container\"><p class=\"vc-incubalia-5-cards__card-title\">Qu\u00e9 comer en Tortosa<\/p><p class=\"vc-incubalia-5-cards__card-subtitle\">Descubre la ciudad y el territorio<\/p><\/div><div class=\"vc-incubalia-5-cards__card-url-container\"><span class=\"vc-incubalia-5-cards__card-url\">Leer m\u00e1s<\/span><\/div><\/div><div class=\"vc-incubalia-5-cards__card card-2 has-url\"><a href=\"\/es\/jornadas-gastronomicas\/\"><img decoding=\"async\" class=\"vc-incubalia-5-cards__card-mobile-picture\" src=\"https:\/\/www.tortosaturisme.cat\/wp-content\/uploads\/2018\/02\/b-1280-jornades-cuina-640x460.jpg\">\n                      <img decoding=\"async\" class=\"vc-incubalia-5-cards__card-desktop-picture\" src=\"https:\/\/www.tortosaturisme.cat\/wp-content\/uploads\/2018\/02\/b-1280-jornades-cuina-640x460.jpg\"><\/a><div class=\"vc-incubalia-5-cards__card-text-container\"><p class=\"vc-incubalia-5-cards__card-title\">Jornadas culinarias<\/p><\/div><div class=\"vc-incubalia-5-cards__card-url-container\"><span class=\"vc-incubalia-5-cards__card-url\">Leer m\u00e1s<\/span><\/div><\/div><div class=\"vc-incubalia-5-cards__card-3-and-4-container\"><div class=\"vc-incubalia-5-cards__card card-3 has-url\"><a href=\"\/es\/el-mercado-de-tortosa\/\"><img decoding=\"async\" class=\"vc-incubalia-5-cards__card-mobile-picture\" src=\"https:\/\/www.tortosaturisme.cat\/wp-content\/uploads\/2018\/02\/b-1280-el-mercat-f-640x460.jpg\">\n                      <img decoding=\"async\" class=\"vc-incubalia-5-cards__card-desktop-picture\" src=\"https:\/\/www.tortosaturisme.cat\/wp-content\/uploads\/2018\/02\/b-1280-el-mercat-f-640x460.jpg\"><\/a><div class=\"vc-incubalia-5-cards__card-text-container\"><p class=\"vc-incubalia-5-cards__card-title\">El Mercado<\/p><\/div><div class=\"vc-incubalia-5-cards__card-url-container\"><span class=\"vc-incubalia-5-cards__card-url\">Leer m\u00e1s<\/span><\/div><\/div><div class=\"vc-incubalia-5-cards__card card-4 has-url\"><a href=\"\/es\/la-do-terra-alta\/\"><img decoding=\"async\" class=\"vc-incubalia-5-cards__card-mobile-picture\" src=\"https:\/\/www.tortosaturisme.cat\/wp-content\/uploads\/2018\/02\/1280-b-el-millor-de-la-terra-640x460.jpg\">\n                      <img decoding=\"async\" class=\"vc-incubalia-5-cards__card-desktop-picture\" src=\"https:\/\/www.tortosaturisme.cat\/wp-content\/uploads\/2018\/02\/1280-b-el-millor-de-la-terra-640x460.jpg\"><\/a><div class=\"vc-incubalia-5-cards__card-text-container\"><p class=\"vc-incubalia-5-cards__card-title\">DO Terra Alta<\/p><p class=\"vc-incubalia-5-cards__card-subtitle\">La denominaci\u00f3n de origen de las Tierras del Ebro<\/p><\/div><div class=\"vc-incubalia-5-cards__card-url-container\"><span class=\"vc-incubalia-5-cards__card-url\">Leer m\u00e1s<\/span><\/div><\/div><\/div><div class=\"vc-incubalia-5-cards__card card-5 has-url\"><a href=\"\/es\/lo-mejor-de-la-tierra\/\"><img decoding=\"async\" class=\"vc-incubalia-5-cards__card-mobile-picture\" src=\"https:\/\/www.tortosaturisme.cat\/wp-content\/uploads\/2018\/02\/b-1280-millor-terra-640x460.jpg\">\n                      <img decoding=\"async\" class=\"vc-incubalia-5-cards__card-desktop-picture\" src=\"https:\/\/www.tortosaturisme.cat\/wp-content\/uploads\/2018\/02\/b-1280-millor-terra-640x449.jpg\"><\/a><div class=\"vc-incubalia-5-cards__card-text-container\"><p class=\"vc-incubalia-5-cards__card-title\">Lo mejor de la tierra<\/p><p class=\"vc-incubalia-5-cards__card-subtitle\">Un territorio exuberante<\/p><\/div><div class=\"vc-incubalia-5-cards__card-url-container\"><span class=\"vc-incubalia-5-cards__card-url\">Leer m\u00e1s<\/span><\/div><\/div><\/div><div class=\"vc-incubalia-5-cards\"><h2 class=\"vc-incubalia-5-cards__title\">No te lo puedes perder<\/h2><div class=\"vc-incubalia-5-cards__card card-1 has-url\"><a href=\"\/es\/tortosa-en-un-dia\/\"><img decoding=\"async\" class=\"vc-incubalia-5-cards__card-mobile-picture\" src=\"https:\/\/www.tortosaturisme.cat\/wp-content\/uploads\/2018\/02\/B-tortosa-en-un-dia-640x460.jpg\">\n                      <img decoding=\"async\" class=\"vc-incubalia-5-cards__card-desktop-picture\" src=\"https:\/\/www.tortosaturisme.cat\/wp-content\/uploads\/2018\/02\/B-tortosa-en-un-dia.jpg\"><\/a><div class=\"vc-incubalia-5-cards__card-text-container\"><p class=\"vc-incubalia-5-cards__card-title\">Tortosa en un d\u00eda<\/p><\/div><div class=\"vc-incubalia-5-cards__card-url-container\"><span class=\"vc-incubalia-5-cards__card-url\">Leer m\u00e1s<\/span><\/div><\/div><div class=\"vc-incubalia-5-cards__card card-2 has-url\"><a href=\"\/es\/la-via-verde\/\"><img decoding=\"async\" class=\"vc-incubalia-5-cards__card-mobile-picture\" src=\"https:\/\/www.tortosaturisme.cat\/wp-content\/uploads\/2018\/02\/B-via-verda-640x460.jpg\">\n                      <img decoding=\"async\" class=\"vc-incubalia-5-cards__card-desktop-picture\" src=\"https:\/\/www.tortosaturisme.cat\/wp-content\/uploads\/2018\/02\/B-via-verda-640x460.jpg\"><\/a><div class=\"vc-incubalia-5-cards__card-text-container\"><p class=\"vc-incubalia-5-cards__card-title\">La V\u00eda Verde<\/p><p class=\"vc-incubalia-5-cards__card-subtitle\">Con salida desde Tortosa, recorre las Tierras del Ebro<\/p><\/div><div class=\"vc-incubalia-5-cards__card-url-container\"><span class=\"vc-incubalia-5-cards__card-url\">Leer m\u00e1s<\/span><\/div><\/div><div class=\"vc-incubalia-5-cards__card-3-and-4-container\"><div class=\"vc-incubalia-5-cards__card card-3 has-url\"><a href=\"\/es\/los-10-imperdibles\/\"><img decoding=\"async\" class=\"vc-incubalia-5-cards__card-mobile-picture\" src=\"https:\/\/www.tortosaturisme.cat\/wp-content\/uploads\/2018\/02\/B-10-imp-640x460.jpg\">\n                      <img decoding=\"async\" class=\"vc-incubalia-5-cards__card-desktop-picture\" src=\"https:\/\/www.tortosaturisme.cat\/wp-content\/uploads\/2018\/02\/B-10-imp-640x460.jpg\"><\/a><div class=\"vc-incubalia-5-cards__card-text-container\"><p class=\"vc-incubalia-5-cards__card-title\">Los 10 imprescindibles<\/p><p class=\"vc-incubalia-5-cards__card-subtitle\">Lo imprescindible en tu visita<\/p><\/div><div class=\"vc-incubalia-5-cards__card-url-container\"><span class=\"vc-incubalia-5-cards__card-url\">Leer m\u00e1s<\/span><\/div><\/div><div class=\"vc-incubalia-5-cards__card card-4 has-url\"><a href=\"\/es\/el-delta-del-ebro\/\"><img decoding=\"async\" class=\"vc-incubalia-5-cards__card-mobile-picture\" src=\"https:\/\/www.tortosaturisme.cat\/wp-content\/uploads\/2018\/02\/B-delta-ebre-e1560351224263-640x460.jpg\">\n                      <img decoding=\"async\" class=\"vc-incubalia-5-cards__card-desktop-picture\" src=\"https:\/\/www.tortosaturisme.cat\/wp-content\/uploads\/2018\/02\/B-delta-ebre-e1560351224263-640x460.jpg\"><\/a><div class=\"vc-incubalia-5-cards__card-text-container\"><p class=\"vc-incubalia-5-cards__card-title\">El Delta del Ebro<\/p><\/div><div class=\"vc-incubalia-5-cards__card-url-container\"><span class=\"vc-incubalia-5-cards__card-url\">Leer m\u00e1s<\/span><\/div><\/div><\/div><div class=\"vc-incubalia-5-cards__card card-5 has-url\"><a href=\"\/es\/els-ports\/\"><img decoding=\"async\" class=\"vc-incubalia-5-cards__card-mobile-picture\" src=\"https:\/\/www.tortosaturisme.cat\/wp-content\/uploads\/2018\/02\/b-el-port-640x460.jpg\">\n                      <img decoding=\"async\" class=\"vc-incubalia-5-cards__card-desktop-picture\" src=\"https:\/\/www.tortosaturisme.cat\/wp-content\/uploads\/2018\/02\/b-el-port-640x449.jpg\"><\/a><div class=\"vc-incubalia-5-cards__card-text-container\"><p class=\"vc-incubalia-5-cards__card-title\">El Parque Natural de los Ports<\/p><\/div><div class=\"vc-incubalia-5-cards__card-url-container\"><span class=\"vc-incubalia-5-cards__card-url\">Leer m\u00e1s<\/span><\/div><\/div><\/div>[\/vc_column][\/vc_row][vc_row][vc_column]<div class=\"vc-incubalia-4-icons\"><h2 class=\"vc-incubalia-4-icons__title\"><\/h2><div class=\"vc-incubalia-4-icons__icon\"><a class=\"vc-incubalia-4-icons__icon-url\" href=\"http:\/\/www2.tortosa.cat\/\"><img decoding=\"async\" class=\"vc-incubalia-4-icons__icon-image\" src=\"https:\/\/www.tortosaturisme.cat\/wp-content\/uploads\/2020\/03\/ajuntament-500x500-400x400.jpg\"><\/a><\/div><div class=\"vc-incubalia-4-icons__icon\"><a class=\"vc-incubalia-4-icons__icon-url\" href=\"http:\/\/www.tortosaturisme.cat\"><img decoding=\"async\" class=\"vc-incubalia-4-icons__icon-image\" src=\"https:\/\/www.tortosaturisme.cat\/wp-content\/uploads\/2018\/03\/logo-turisme-400-400x355.jpg\"><\/a><\/div><div class=\"vc-incubalia-4-icons__icon\"><a class=\"vc-incubalia-4-icons__icon-url\" href=\"\"><img decoding=\"async\" class=\"vc-incubalia-4-icons__icon-image\" src=\"\"><\/a><\/div><div class=\"vc-incubalia-4-icons__icon\"><a class=\"vc-incubalia-4-icons__icon-url\" href=\"\"><img decoding=\"async\" class=\"vc-incubalia-4-icons__icon-image\" src=\"\"><\/a><\/div><\/div><div class=\"vc-incubalia-image-3x2-centered\"><img decoding=\"async\" class=\"vc-incubalia-image-3x2-centered__mobile-picture\" src=\"\" alt=\"\"><img decoding=\"async\" class=\"vc-incubalia-image-3x2-centered__desktop-picture\" src=\"https:\/\/www.tortosaturisme.cat\/wp-content\/uploads\/2024\/11\/01-Logo-web.jpg\" alt=\"\"><\/div>[\/vc_column][\/vc_row]<\/p>\n","protected":false},"excerpt":{"rendered":"<p>[vc_row][vc_column][\/vc_column][\/vc_row][vc_row][vc_column][\/vc_column][\/vc_row][vc_row][vc_column][\/vc_column][\/vc_row][vc_row][vc_column][\/vc_column][\/vc_row][vc_row][vc_column][\/vc_column][\/vc_row][vc_row][vc_column][\/vc_column][\/vc_row]<\/p>\n","protected":false},"author":2,"featured_media":0,"parent":0,"menu_order":0,"comment_status":"closed","ping_status":"closed","template":"","meta":{"footnotes":""},"class_list":["post-36096","page","type-page","status-publish","hentry"],"acf":[],"yoast_head":"<!-- This site is optimized with the Yoast SEO plugin v27.3 - https:\/\/yoast.com\/product\/yoast-seo-wordpress\/ -->\n<title>Llibre Blanc del Turisme Gastron\u00f2mic a Tortosa - tortosaturisme<\/title>\n<meta name=\"robots\" content=\"index, follow, max-snippet:-1, max-image-preview:large, max-video-preview:-1\" \/>\n<link rel=\"canonical\" href=\"https:\/\/www.tortosaturisme.cat\/es\/llibre-blanc-del-turisme-gastronomic\/\" \/>\n<meta property=\"og:locale\" content=\"es_ES\" \/>\n<meta property=\"og:type\" content=\"article\" \/>\n<meta property=\"og:title\" content=\"Llibre Blanc del Turisme Gastron\u00f2mic a Tortosa - tortosaturisme\" \/>\n<meta property=\"og:description\" content=\"[vc_row][vc_column][\/vc_column][\/vc_row][vc_row][vc_column][\/vc_column][\/vc_row][vc_row][vc_column][\/vc_column][\/vc_row][vc_row][vc_column][\/vc_column][\/vc_row][vc_row][vc_column][\/vc_column][\/vc_row][vc_row][vc_column][\/vc_column][\/vc_row]\" \/>\n<meta property=\"og:url\" content=\"https:\/\/www.tortosaturisme.cat\/es\/llibre-blanc-del-turisme-gastronomic\/\" \/>\n<meta property=\"og:site_name\" content=\"tortosaturisme\" \/>\n<meta property=\"article:modified_time\" content=\"2025-02-05T14:55:50+00:00\" \/>\n<meta name=\"twitter:card\" content=\"summary_large_image\" \/>\n<meta name=\"twitter:label1\" content=\"Tiempo de lectura\" \/>\n\t<meta name=\"twitter:data1\" content=\"4 minutos\" \/>\n<script type=\"application\/ld+json\" class=\"yoast-schema-graph\">{\"@context\":\"https:\\\/\\\/schema.org\",\"@graph\":[{\"@type\":\"WebPage\",\"@id\":\"https:\\\/\\\/www.tortosaturisme.cat\\\/es\\\/llibre-blanc-del-turisme-gastronomic\\\/\",\"url\":\"https:\\\/\\\/www.tortosaturisme.cat\\\/es\\\/llibre-blanc-del-turisme-gastronomic\\\/\",\"name\":\"Llibre Blanc del Turisme Gastron\u00f2mic a Tortosa - tortosaturisme\",\"isPartOf\":{\"@id\":\"https:\\\/\\\/www.tortosaturisme.cat\\\/es\\\/#website\"},\"datePublished\":\"2024-11-07T11:34:36+00:00\",\"dateModified\":\"2025-02-05T14:55:50+00:00\",\"breadcrumb\":{\"@id\":\"https:\\\/\\\/www.tortosaturisme.cat\\\/es\\\/llibre-blanc-del-turisme-gastronomic\\\/#breadcrumb\"},\"inLanguage\":\"es\",\"potentialAction\":[{\"@type\":\"ReadAction\",\"target\":[\"https:\\\/\\\/www.tortosaturisme.cat\\\/es\\\/llibre-blanc-del-turisme-gastronomic\\\/\"]}]},{\"@type\":\"BreadcrumbList\",\"@id\":\"https:\\\/\\\/www.tortosaturisme.cat\\\/es\\\/llibre-blanc-del-turisme-gastronomic\\\/#breadcrumb\",\"itemListElement\":[{\"@type\":\"ListItem\",\"position\":1,\"name\":\"Home\",\"item\":\"https:\\\/\\\/www.tortosaturisme.cat\\\/es\\\/\"},{\"@type\":\"ListItem\",\"position\":2,\"name\":\"Llibre Blanc del Turisme Gastron\u00f2mic a Tortosa\"}]},{\"@type\":\"WebSite\",\"@id\":\"https:\\\/\\\/www.tortosaturisme.cat\\\/es\\\/#website\",\"url\":\"https:\\\/\\\/www.tortosaturisme.cat\\\/es\\\/\",\"name\":\"tortosaturisme\",\"description\":\"Otro sitio realizado con WordPress\",\"potentialAction\":[{\"@type\":\"SearchAction\",\"target\":{\"@type\":\"EntryPoint\",\"urlTemplate\":\"https:\\\/\\\/www.tortosaturisme.cat\\\/es\\\/?s={search_term_string}\"},\"query-input\":{\"@type\":\"PropertyValueSpecification\",\"valueRequired\":true,\"valueName\":\"search_term_string\"}}],\"inLanguage\":\"es\"}]}<\/script>\n<!-- \/ Yoast SEO plugin. -->","yoast_head_json":{"title":"Llibre Blanc del Turisme Gastron\u00f2mic a Tortosa - tortosaturisme","robots":{"index":"index","follow":"follow","max-snippet":"max-snippet:-1","max-image-preview":"max-image-preview:large","max-video-preview":"max-video-preview:-1"},"canonical":"https:\/\/www.tortosaturisme.cat\/es\/llibre-blanc-del-turisme-gastronomic\/","og_locale":"es_ES","og_type":"article","og_title":"Llibre Blanc del Turisme Gastron\u00f2mic a Tortosa - tortosaturisme","og_description":"[vc_row][vc_column][\/vc_column][\/vc_row][vc_row][vc_column][\/vc_column][\/vc_row][vc_row][vc_column][\/vc_column][\/vc_row][vc_row][vc_column][\/vc_column][\/vc_row][vc_row][vc_column][\/vc_column][\/vc_row][vc_row][vc_column][\/vc_column][\/vc_row]","og_url":"https:\/\/www.tortosaturisme.cat\/es\/llibre-blanc-del-turisme-gastronomic\/","og_site_name":"tortosaturisme","article_modified_time":"2025-02-05T14:55:50+00:00","twitter_card":"summary_large_image","twitter_misc":{"Tiempo de lectura":"4 minutos"},"schema":{"@context":"https:\/\/schema.org","@graph":[{"@type":"WebPage","@id":"https:\/\/www.tortosaturisme.cat\/es\/llibre-blanc-del-turisme-gastronomic\/","url":"https:\/\/www.tortosaturisme.cat\/es\/llibre-blanc-del-turisme-gastronomic\/","name":"Llibre Blanc del Turisme Gastron\u00f2mic a Tortosa - tortosaturisme","isPartOf":{"@id":"https:\/\/www.tortosaturisme.cat\/es\/#website"},"datePublished":"2024-11-07T11:34:36+00:00","dateModified":"2025-02-05T14:55:50+00:00","breadcrumb":{"@id":"https:\/\/www.tortosaturisme.cat\/es\/llibre-blanc-del-turisme-gastronomic\/#breadcrumb"},"inLanguage":"es","potentialAction":[{"@type":"ReadAction","target":["https:\/\/www.tortosaturisme.cat\/es\/llibre-blanc-del-turisme-gastronomic\/"]}]},{"@type":"BreadcrumbList","@id":"https:\/\/www.tortosaturisme.cat\/es\/llibre-blanc-del-turisme-gastronomic\/#breadcrumb","itemListElement":[{"@type":"ListItem","position":1,"name":"Home","item":"https:\/\/www.tortosaturisme.cat\/es\/"},{"@type":"ListItem","position":2,"name":"Llibre Blanc del Turisme Gastron\u00f2mic a Tortosa"}]},{"@type":"WebSite","@id":"https:\/\/www.tortosaturisme.cat\/es\/#website","url":"https:\/\/www.tortosaturisme.cat\/es\/","name":"tortosaturisme","description":"Otro sitio realizado con WordPress","potentialAction":[{"@type":"SearchAction","target":{"@type":"EntryPoint","urlTemplate":"https:\/\/www.tortosaturisme.cat\/es\/?s={search_term_string}"},"query-input":{"@type":"PropertyValueSpecification","valueRequired":true,"valueName":"search_term_string"}}],"inLanguage":"es"}]}},"_links":{"self":[{"href":"https:\/\/www.tortosaturisme.cat\/es\/wp-json\/wp\/v2\/pages\/36096","targetHints":{"allow":["GET"]}}],"collection":[{"href":"https:\/\/www.tortosaturisme.cat\/es\/wp-json\/wp\/v2\/pages"}],"about":[{"href":"https:\/\/www.tortosaturisme.cat\/es\/wp-json\/wp\/v2\/types\/page"}],"author":[{"embeddable":true,"href":"https:\/\/www.tortosaturisme.cat\/es\/wp-json\/wp\/v2\/users\/2"}],"replies":[{"embeddable":true,"href":"https:\/\/www.tortosaturisme.cat\/es\/wp-json\/wp\/v2\/comments?post=36096"}],"version-history":[{"count":23,"href":"https:\/\/www.tortosaturisme.cat\/es\/wp-json\/wp\/v2\/pages\/36096\/revisions"}],"predecessor-version":[{"id":36992,"href":"https:\/\/www.tortosaturisme.cat\/es\/wp-json\/wp\/v2\/pages\/36096\/revisions\/36992"}],"wp:attachment":[{"href":"https:\/\/www.tortosaturisme.cat\/es\/wp-json\/wp\/v2\/media?parent=36096"}],"curies":[{"name":"wp","href":"https:\/\/api.w.org\/{rel}","templated":true}]}}