{"id":38464,"date":"2025-06-03T11:49:20","date_gmt":"2025-06-03T11:49:20","guid":{"rendered":"https:\/\/www.tortosaturisme.cat\/recepta-fideus-amb-costella\/"},"modified":"2025-06-27T11:36:16","modified_gmt":"2025-06-27T11:36:16","slug":"receta-fideos-con-costillas-de-cerdo","status":"publish","type":"page","link":"https:\/\/www.tortosaturisme.cat\/es\/receta-fideos-con-costillas-de-cerdo\/","title":{"rendered":"receta fideos con costillas de cerdo"},"content":{"rendered":"<p>[vc_row][vc_column]<div class=\"vc-incubalia-big-header\"><h1 class=\"vc-incubalia-big-header__title\">FIDEOS CON COSTILLA DE CERDO<\/h1><img decoding=\"async\" class=\"vc-incubalia-big-header__mobile-picture\" src=\"https:\/\/www.tortosaturisme.cat\/wp-content\/uploads\/2025\/06\/Capcalera-principal-768x7502-1.png\">\n                  <img decoding=\"async\" class=\"vc-incubalia-big-header__desktop-picture\" src=\"https:\/\/www.tortosaturisme.cat\/wp-content\/uploads\/2025\/06\/Capcalera-gran-1920x700-1.jpg\"><\/div>[\/vc_column][\/vc_row][vc_row][vc_column]<div class=\"vc-incubalia-text-1-column\"><div class=\"vc-incubalia-text-1-column__text\"><\/p><br \/>\n<p data-start=\"111\" data-end=\"300\">Los<strong> fideos con costilla de cerdo<\/strong> tambi\u00e9n se pueden preparar <strong>sustituyendo los fideos por arroz<\/strong>, en una combinaci\u00f3n que da lugar <strong>a un plato con un fuerte arraigo local: el arroz con costilla.<\/strong><\/p><br \/>\n<p data-start=\"302\" data-end=\"604\">Esta receta forma parte del <a href=\"\/es\/llibre-blanc-del-turisme-gastronomic\/\"><strong>Libro Blanco del turismo gastron\u00f3mico en Tortosa <\/strong><\/a>y ha sido extra\u00edda del libro <strong>La cuina de Tortosa<\/strong>, de Josep \u00c0ngel \u00d2dena (Lleida: Editorial Ribera i Rius, 1992). Ha sido elaborada en la <strong>Escuela de Hosteler\u00eda del Instituto Dertosa<\/strong> <strong>de Tortosa<\/strong> por la cocinera<strong> Margaret Nofre<\/strong>.<\/p><br \/>\n<p><\/div><\/div><script>\n            (function($) {\n                $(function() {\n                    $(\".vc_col-sm-6\").parent(\".vc_row\").addClass(\"vc_layout_2\");\n                });\n            })(jQuery);\n            <\/script><div class=\"vc-incubalia-text-1-column\"><h2 class=\"vc-incubalia-text-1-column__title\"><span class=\"first-word\">INGREDIENTS<\/span> <\/h2><div class=\"vc-incubalia-text-1-column__text\">1\/2 kg de costilla de cerdo cortada en dados<\/p><br \/>\n<p>200 g de fideos del n\u00ba2<\/p><br \/>\n<p>1 cebolla<\/p><br \/>\n<p>2 tomates maduros<\/p><br \/>\n<p>Perejil<\/p><br \/>\n<p>1 diente de ajo<\/p><br \/>\n<p>Hebras de azafr\u00e1n<\/p><br \/>\n<p>Almendras tostadas<\/p><br \/>\n<p>Piment\u00f3n dulce, pimienta negra<\/p><br \/>\n<p>Sal, aceite de oliva<\/div><\/div><script>\n            (function($) {\n                $(function() {\n                    $(\".vc_col-sm-6\").parent(\".vc_row\").addClass(\"vc_layout_2\");\n                });\n            })(jQuery);\n            <\/script>[\/vc_column][\/vc_row][vc_row][vc_column]<div class=\"vc-incubalia-image-3x2-centered\"><img decoding=\"async\" class=\"vc-incubalia-image-3x2-centered__mobile-picture\" src=\"https:\/\/www.tortosaturisme.cat\/wp-content\/uploads\/2025\/06\/Imatge-movil-768x512-1.jpg\" alt=\"\"><img decoding=\"async\" class=\"vc-incubalia-image-3x2-centered__desktop-picture\" src=\"https:\/\/www.tortosaturisme.cat\/wp-content\/uploads\/2025\/06\/Escrip-tori-1920x1280-1.jpg\" alt=\"\"><\/div>[\/vc_column][\/vc_row][vc_row][vc_column]<div class=\"vc-incubalia-text-image\"><h3 class=\"vc-incubalia-text-image__title\">Preparaci\u00f3n<\/h3><div class=\"vc-incubalia-text-image__container\"><div class=\"vc-incubalia-text-image__image mobile desktop\"><img decoding=\"async\" src=\"https:\/\/www.tortosaturisme.cat\/wp-content\/uploads\/2025\/06\/1.jpg\" alt=\"\"><\/div><div class=\"vc-incubalia-text-image__text\"><h4 class=\"vc-incubalia-text-image__subtitle\">1<\/h4>Salpimentamos la costilla. Pelamos y picamos finamente la cebolla y los tomates. Ponemos una cazuela al fuego con aceite y doramos la costilla<\/div><\/div><\/div><div class=\"vc-incubalia-text-image\"><div class=\"vc-incubalia-text-image__container\"><div class=\"vc-incubalia-text-image__image mobile desktop\"><img decoding=\"async\" src=\"https:\/\/www.tortosaturisme.cat\/wp-content\/uploads\/2025\/06\/2.jpg\" alt=\"\"><\/div><div class=\"vc-incubalia-text-image__text\"><h4 class=\"vc-incubalia-text-image__subtitle\">2<\/h4>Una vez dorada, a\u00f1adimos la cebolla y el tomate y seguimos sofriendo.<\/div><\/div><\/div><div class=\"vc-incubalia-text-image\"><div class=\"vc-incubalia-text-image__container\"><div class=\"vc-incubalia-text-image__image mobile desktop\"><img decoding=\"async\" src=\"https:\/\/www.tortosaturisme.cat\/wp-content\/uploads\/2025\/06\/3.jpg\" alt=\"\"><\/div><div class=\"vc-incubalia-text-image__text\"><h4 class=\"vc-incubalia-text-image__subtitle\">3<\/h4>Incorporamos el piment\u00f3n dulce, removemos y a\u00f1adimos agua justo para cubrir la carne. Tapamos y dejamos cocer a fuego lento durante 20-25 minutos.<\/div><\/div><\/div><div class=\"vc-incubalia-text-image\"><div class=\"vc-incubalia-text-image__container\"><div class=\"vc-incubalia-text-image__image mobile desktop\"><img decoding=\"async\" src=\"https:\/\/www.tortosaturisme.cat\/wp-content\/uploads\/2025\/06\/4.jpg\" alt=\"\"><\/div><div class=\"vc-incubalia-text-image__text\"><h4 class=\"vc-incubalia-text-image__subtitle\">4<\/h4>Mientras tanto, en un mortero preparamos la picada con el perejil, el ajo, el azafr\u00e1n y las almendras peladas y tostadas. Desle\u00edmos con un poco de agua y la a\u00f1adimos a la cazuela.<\/div><\/div><\/div><div class=\"vc-incubalia-text-image\"><div class=\"vc-incubalia-text-image__container\"><div class=\"vc-incubalia-text-image__image mobile desktop\"><img decoding=\"async\" src=\"https:\/\/www.tortosaturisme.cat\/wp-content\/uploads\/2025\/06\/5.jpg\" alt=\"\"><\/div><div class=\"vc-incubalia-text-image__text\"><h4 class=\"vc-incubalia-text-image__subtitle\">5<\/h4>Cuando vuelva a hervir, a\u00f1adimos los fideos. A mitad de cocci\u00f3n, rectificamos de sal.<\/div><\/div><\/div><div class=\"vc-incubalia-text-image\"><div class=\"vc-incubalia-text-image__container\"><div class=\"vc-incubalia-text-image__image mobile desktop\"><img decoding=\"async\" src=\"https:\/\/www.tortosaturisme.cat\/wp-content\/uploads\/2025\/06\/6.jpg\" alt=\"\"><\/div><div class=\"vc-incubalia-text-image__text\"><h4 class=\"vc-incubalia-text-image__subtitle\">6<\/h4>Dejamos cocer hasta que los fideos est\u00e9n al punto. Deben quedar caldosos. Retiramos del fuego y emplatamos.<\/div><\/div><\/div>[\/vc_column][\/vc_row][vc_row][vc_column]<div class=\"vc-incubalia-image-3x2-centered\"><img decoding=\"async\" class=\"vc-incubalia-image-3x2-centered__mobile-picture\" src=\"https:\/\/www.tortosaturisme.cat\/wp-content\/uploads\/2025\/06\/Disseny-sense-titol1.jpg\" alt=\"\"><img decoding=\"async\" class=\"vc-incubalia-image-3x2-centered__desktop-picture\" src=\"https:\/\/www.tortosaturisme.cat\/wp-content\/uploads\/2025\/06\/Disseny-sense-titol.jpg\" alt=\"\"><\/div>[\/vc_column][\/vc_row][vc_row][vc_column]<div class=\"vc-incubalia-4-icons\"><h2 class=\"vc-incubalia-4-icons__title\"><\/h2><div class=\"vc-incubalia-4-icons__icon\"><a class=\"vc-incubalia-4-icons__icon-url\" href=\"http:\/\/www.tortosa.cat\/es\/\"><img decoding=\"async\" class=\"vc-incubalia-4-icons__icon-image\" src=\"https:\/\/www.tortosaturisme.cat\/wp-content\/uploads\/2020\/03\/ajuntament-500x500-400x400.jpg\"><\/a><\/div><div class=\"vc-incubalia-4-icons__icon\"><a class=\"vc-incubalia-4-icons__icon-url\" href=\"http:\/\/www.tortosaturisme.cat\/es\/\"><img decoding=\"async\" class=\"vc-incubalia-4-icons__icon-image\" src=\"https:\/\/www.tortosaturisme.cat\/wp-content\/uploads\/2018\/03\/logo-turisme-400-400x355.jpg\"><\/a><\/div><div class=\"vc-incubalia-4-icons__icon\"><a class=\"vc-incubalia-4-icons__icon-url\" href=\"\"><img decoding=\"async\" class=\"vc-incubalia-4-icons__icon-image\" src=\"\"><\/a><\/div><div class=\"vc-incubalia-4-icons__icon\"><a class=\"vc-incubalia-4-icons__icon-url\" href=\"\"><img decoding=\"async\" class=\"vc-incubalia-4-icons__icon-image\" src=\"\"><\/a><\/div><\/div>[\/vc_column][\/vc_row][vc_row][vc_column]<div class=\"vc-incubalia-image-3x2-centered\"><img decoding=\"async\" class=\"vc-incubalia-image-3x2-centered__mobile-picture\" src=\"https:\/\/www.tortosaturisme.cat\/wp-content\/uploads\/2025\/05\/Petit-next-gen.jpg\" alt=\"\"><img decoding=\"async\" class=\"vc-incubalia-image-3x2-centered__desktop-picture\" src=\"https:\/\/www.tortosaturisme.cat\/wp-content\/uploads\/2025\/05\/Next-gen-logos-petit.jpg\" alt=\"\"><\/div>[\/vc_column][\/vc_row]<\/p>\n","protected":false},"excerpt":{"rendered":"<p>[vc_row][vc_column][\/vc_column][\/vc_row][vc_row][vc_column][\/vc_column][\/vc_row][vc_row][vc_column][\/vc_column][\/vc_row][vc_row][vc_column][\/vc_column][\/vc_row][vc_row][vc_column][\/vc_column][\/vc_row][vc_row][vc_column][\/vc_column][\/vc_row][vc_row][vc_column][\/vc_column][\/vc_row]<\/p>\n","protected":false},"author":4,"featured_media":0,"parent":0,"menu_order":0,"comment_status":"closed","ping_status":"closed","template":"","meta":{"footnotes":""},"class_list":["post-38464","page","type-page","status-publish","hentry"],"acf":[],"yoast_head":"<!-- This site is optimized with the Yoast SEO plugin v27.4 - https:\/\/yoast.com\/product\/yoast-seo-wordpress\/ -->\n<title>receta fideos con costillas de cerdo - tortosaturisme<\/title>\n<meta name=\"robots\" content=\"index, follow, max-snippet:-1, max-image-preview:large, max-video-preview:-1\" \/>\n<link rel=\"canonical\" href=\"https:\/\/www.tortosaturisme.cat\/es\/receta-fideos-con-costillas-de-cerdo\/\" \/>\n<meta property=\"og:locale\" content=\"es_ES\" \/>\n<meta property=\"og:type\" content=\"article\" \/>\n<meta property=\"og:title\" content=\"receta fideos con costillas de cerdo - tortosaturisme\" \/>\n<meta property=\"og:description\" content=\"[vc_row][vc_column][\/vc_column][\/vc_row][vc_row][vc_column][\/vc_column][\/vc_row][vc_row][vc_column][\/vc_column][\/vc_row][vc_row][vc_column][\/vc_column][\/vc_row][vc_row][vc_column][\/vc_column][\/vc_row][vc_row][vc_column][\/vc_column][\/vc_row][vc_row][vc_column][\/vc_column][\/vc_row]\" \/>\n<meta property=\"og:url\" content=\"https:\/\/www.tortosaturisme.cat\/es\/receta-fideos-con-costillas-de-cerdo\/\" \/>\n<meta property=\"og:site_name\" content=\"tortosaturisme\" \/>\n<meta property=\"article:modified_time\" content=\"2025-06-27T11:36:16+00:00\" \/>\n<meta name=\"twitter:card\" content=\"summary_large_image\" \/>\n<meta name=\"twitter:label1\" content=\"Tiempo de lectura\" \/>\n\t<meta name=\"twitter:data1\" content=\"2 minutos\" \/>\n<script type=\"application\/ld+json\" class=\"yoast-schema-graph\">{\"@context\":\"https:\\\/\\\/schema.org\",\"@graph\":[{\"@type\":\"WebPage\",\"@id\":\"https:\\\/\\\/www.tortosaturisme.cat\\\/es\\\/receta-fideos-con-costillas-de-cerdo\\\/\",\"url\":\"https:\\\/\\\/www.tortosaturisme.cat\\\/es\\\/receta-fideos-con-costillas-de-cerdo\\\/\",\"name\":\"receta fideos con costillas de cerdo - tortosaturisme\",\"isPartOf\":{\"@id\":\"https:\\\/\\\/www.tortosaturisme.cat\\\/es\\\/#website\"},\"datePublished\":\"2025-06-03T11:49:20+00:00\",\"dateModified\":\"2025-06-27T11:36:16+00:00\",\"breadcrumb\":{\"@id\":\"https:\\\/\\\/www.tortosaturisme.cat\\\/es\\\/receta-fideos-con-costillas-de-cerdo\\\/#breadcrumb\"},\"inLanguage\":\"es\",\"potentialAction\":[{\"@type\":\"ReadAction\",\"target\":[\"https:\\\/\\\/www.tortosaturisme.cat\\\/es\\\/receta-fideos-con-costillas-de-cerdo\\\/\"]}]},{\"@type\":\"BreadcrumbList\",\"@id\":\"https:\\\/\\\/www.tortosaturisme.cat\\\/es\\\/receta-fideos-con-costillas-de-cerdo\\\/#breadcrumb\",\"itemListElement\":[{\"@type\":\"ListItem\",\"position\":1,\"name\":\"Home\",\"item\":\"https:\\\/\\\/www.tortosaturisme.cat\\\/es\\\/\"},{\"@type\":\"ListItem\",\"position\":2,\"name\":\"receta fideos con costillas de cerdo\"}]},{\"@type\":\"WebSite\",\"@id\":\"https:\\\/\\\/www.tortosaturisme.cat\\\/es\\\/#website\",\"url\":\"https:\\\/\\\/www.tortosaturisme.cat\\\/es\\\/\",\"name\":\"tortosaturisme\",\"description\":\"Otro sitio realizado con WordPress\",\"potentialAction\":[{\"@type\":\"SearchAction\",\"target\":{\"@type\":\"EntryPoint\",\"urlTemplate\":\"https:\\\/\\\/www.tortosaturisme.cat\\\/es\\\/?s={search_term_string}\"},\"query-input\":{\"@type\":\"PropertyValueSpecification\",\"valueRequired\":true,\"valueName\":\"search_term_string\"}}],\"inLanguage\":\"es\"}]}<\/script>\n<!-- \/ Yoast SEO plugin. -->","yoast_head_json":{"title":"receta fideos con costillas de cerdo - tortosaturisme","robots":{"index":"index","follow":"follow","max-snippet":"max-snippet:-1","max-image-preview":"max-image-preview:large","max-video-preview":"max-video-preview:-1"},"canonical":"https:\/\/www.tortosaturisme.cat\/es\/receta-fideos-con-costillas-de-cerdo\/","og_locale":"es_ES","og_type":"article","og_title":"receta fideos con costillas de cerdo - tortosaturisme","og_description":"[vc_row][vc_column][\/vc_column][\/vc_row][vc_row][vc_column][\/vc_column][\/vc_row][vc_row][vc_column][\/vc_column][\/vc_row][vc_row][vc_column][\/vc_column][\/vc_row][vc_row][vc_column][\/vc_column][\/vc_row][vc_row][vc_column][\/vc_column][\/vc_row][vc_row][vc_column][\/vc_column][\/vc_row]","og_url":"https:\/\/www.tortosaturisme.cat\/es\/receta-fideos-con-costillas-de-cerdo\/","og_site_name":"tortosaturisme","article_modified_time":"2025-06-27T11:36:16+00:00","twitter_card":"summary_large_image","twitter_misc":{"Tiempo de lectura":"2 minutos"},"schema":{"@context":"https:\/\/schema.org","@graph":[{"@type":"WebPage","@id":"https:\/\/www.tortosaturisme.cat\/es\/receta-fideos-con-costillas-de-cerdo\/","url":"https:\/\/www.tortosaturisme.cat\/es\/receta-fideos-con-costillas-de-cerdo\/","name":"receta fideos con costillas de cerdo - tortosaturisme","isPartOf":{"@id":"https:\/\/www.tortosaturisme.cat\/es\/#website"},"datePublished":"2025-06-03T11:49:20+00:00","dateModified":"2025-06-27T11:36:16+00:00","breadcrumb":{"@id":"https:\/\/www.tortosaturisme.cat\/es\/receta-fideos-con-costillas-de-cerdo\/#breadcrumb"},"inLanguage":"es","potentialAction":[{"@type":"ReadAction","target":["https:\/\/www.tortosaturisme.cat\/es\/receta-fideos-con-costillas-de-cerdo\/"]}]},{"@type":"BreadcrumbList","@id":"https:\/\/www.tortosaturisme.cat\/es\/receta-fideos-con-costillas-de-cerdo\/#breadcrumb","itemListElement":[{"@type":"ListItem","position":1,"name":"Home","item":"https:\/\/www.tortosaturisme.cat\/es\/"},{"@type":"ListItem","position":2,"name":"receta fideos con costillas de cerdo"}]},{"@type":"WebSite","@id":"https:\/\/www.tortosaturisme.cat\/es\/#website","url":"https:\/\/www.tortosaturisme.cat\/es\/","name":"tortosaturisme","description":"Otro sitio realizado con WordPress","potentialAction":[{"@type":"SearchAction","target":{"@type":"EntryPoint","urlTemplate":"https:\/\/www.tortosaturisme.cat\/es\/?s={search_term_string}"},"query-input":{"@type":"PropertyValueSpecification","valueRequired":true,"valueName":"search_term_string"}}],"inLanguage":"es"}]}},"_links":{"self":[{"href":"https:\/\/www.tortosaturisme.cat\/es\/wp-json\/wp\/v2\/pages\/38464","targetHints":{"allow":["GET"]}}],"collection":[{"href":"https:\/\/www.tortosaturisme.cat\/es\/wp-json\/wp\/v2\/pages"}],"about":[{"href":"https:\/\/www.tortosaturisme.cat\/es\/wp-json\/wp\/v2\/types\/page"}],"author":[{"embeddable":true,"href":"https:\/\/www.tortosaturisme.cat\/es\/wp-json\/wp\/v2\/users\/4"}],"replies":[{"embeddable":true,"href":"https:\/\/www.tortosaturisme.cat\/es\/wp-json\/wp\/v2\/comments?post=38464"}],"version-history":[{"count":7,"href":"https:\/\/www.tortosaturisme.cat\/es\/wp-json\/wp\/v2\/pages\/38464\/revisions"}],"predecessor-version":[{"id":38795,"href":"https:\/\/www.tortosaturisme.cat\/es\/wp-json\/wp\/v2\/pages\/38464\/revisions\/38795"}],"wp:attachment":[{"href":"https:\/\/www.tortosaturisme.cat\/es\/wp-json\/wp\/v2\/media?parent=38464"}],"curies":[{"name":"wp","href":"https:\/\/api.w.org\/{rel}","templated":true}]}}