{"id":38990,"date":"2025-07-04T12:05:59","date_gmt":"2025-07-04T12:05:59","guid":{"rendered":"https:\/\/www.tortosaturisme.cat\/la-daga-daldana-una-aventura-en-geocaches\/"},"modified":"2025-09-20T11:55:00","modified_gmt":"2025-09-20T11:55:00","slug":"la-daga-de-aldana-una-aventura-en-geocaches","status":"publish","type":"page","link":"https:\/\/www.tortosaturisme.cat\/es\/la-daga-de-aldana-una-aventura-en-geocaches\/","title":{"rendered":"La daga de Aldana, una aventura en geocach\u00e9s"},"content":{"rendered":"<p>[vc_row][vc_column]<div class=\"vc-incubalia-big-header\"><img decoding=\"async\" class=\"vc-incubalia-big-header__mobile-picture brightness-100\" src=\"https:\/\/www.tortosaturisme.cat\/wp-content\/uploads\/2025\/07\/Banner-Daga-Aldana-768x450-1.jpg\">\n                  <img decoding=\"async\" class=\"vc-incubalia-big-header__desktop-picture brightness-100\" src=\"https:\/\/www.tortosaturisme.cat\/wp-content\/uploads\/2025\/07\/La-daga-daldana-1920x700-1.jpg\"><\/div>[\/vc_column][\/vc_row][vc_row][vc_column]<div class=\"vc-incubalia-text-1-column-subtitle\"><h2 class=\"vc-incubalia-text-1-column-subtitle__title\">Una aventura de geocaching hist\u00f3rico en el coraz\u00f3n de Tortosa<\/h2><h3 class=\"vc-incubalia-text-1-column-subtitle__subtitle\">Pon a prueba tu mente. Descubre un secreto oculto durante siglos.<\/h3><div class=\"vc-incubalia-text-1-column-subtitle__text\"><\/p><br \/>\n<p data-start=\"593\" data-end=\"853\"><strong>Tortosa, 1585<\/strong>.\u00a0 Los portones crujen, el aire est\u00e1 cargado de p\u00f3lvora y secretos. Entre sombras y traiciones, perdura una leyenda: la desaparici\u00f3n de <strong>la daga de Joan d\u2019Aldana<\/strong>. Este noble tortosino captur\u00f3 al rey <strong>Francisco I<\/strong> en la <strong>Batalla de Pavia<\/strong>, y como recompensa recibi\u00f3 tres tesoros. Pero solo dos han llegado hasta nuestros d\u00edas&#8230;<\/p><br \/>\n<p data-start=\"593\" data-end=\"853\">La daga se perdi\u00f3. O quiz\u00e1s fue escondida. Ahora, <strong>500 anys despu\u00e9s,\u00a0t\u00fa puedes resolver el misterio.<\/strong><\/p><br \/>\n<p data-start=\"593\" data-end=\"853\">Revive el Renacimiento y sigue las 10 pistas que te llevar\u00e1n a descifrar el enigma de la daga desaparecida de la familia Aldana. Una experiencia inmersiva entre calles, murallas y leyendas.<\/p><br \/>\n<p data-start=\"855\" data-end=\"942\">\ud83c\udfaf <em>Geolocalizaci\u00f3n real<\/em> | \ud83e\udde0 <em>Enigmas por resolver<\/em>\u00a0| \ud83c\udfd9\ufe0f <em>Rutas por el casco hist\u00f3rico<\/em><\/p><br \/>\n<p data-start=\"944\" data-end=\"1030\">\ud83d\udce5 <a href=\"https:\/\/turfhunt.locatify.com\/\"><strong data-start=\"905\" data-end=\"928\">Empieza la aventura<\/strong><\/a><br data-start=\"982\" data-end=\"985\" \/>\ud83d\udcdc <a class=\"\" href=\"https:\/\/www.tortosaturisme.cat\/wp-content\/uploads\/2025\/08\/Pergami-ES.pdf\" rel=\"noopener\" data-start=\"988\" data-end=\"1030\"><strong>Descarga el pergamino de pistas<\/strong><\/a><\/p><br \/>\n<p><\/div><\/div>[\/vc_column][\/vc_row][vc_row][vc_column]<div class=\"vc-incubalia-image-3x2-centered\"><img decoding=\"async\" class=\"vc-incubalia-image-3x2-centered__mobile-picture\" src=\"https:\/\/www.tortosaturisme.cat\/wp-content\/uploads\/2025\/07\/Aldana-1-768x512-1.jpg\" alt=\"\"><img decoding=\"async\" class=\"vc-incubalia-image-3x2-centered__desktop-picture\" src=\"https:\/\/www.tortosaturisme.cat\/wp-content\/uploads\/2025\/07\/Joan-dAldana-1024x1280.jpg\" alt=\"\"><\/div><div class=\"vc-incubalia-text-1-column\"><h2 class=\"vc-incubalia-text-1-column__title\"><span class=\"first-word\">\ud83d\uddfa\ufe0f<\/span> \u00bfC\u00f3mo funciona el juego?<\/h2><div class=\"vc-incubalia-text-1-column__text\"><\/p><br \/>\n<p data-start=\"1001\" data-end=\"1225\">\ud83d\udccd <strong data-start=\"1004\" data-end=\"1018\">Ubicaci\u00f3n:<\/strong> Murallas y fortificaciones de Tortosa<br data-start=\"1056\" data-end=\"1059\" \/>\ud83d\udd75\ufe0f <strong data-start=\"1063\" data-end=\"1076\">Mec\u00e1nica:<\/strong> Resuelve las 10 pruebas en formato de geocaching<br data-start=\"1125\" data-end=\"1128\" \/>\ud83d\udcf2 <strong data-start=\"1131\" data-end=\"1147\">Necesitar\u00e1s:<\/strong> Tel\u00e9fono m\u00f3vil con GPS, la app del juego y el tr\u00edptico para anotar las pistas<\/p><br \/>\n<p data-start=\"1227\" data-end=\"1331\">\ud83e\uddfe <strong data-start=\"1230\" data-end=\"1249\">Imprescindible:<\/strong> Descarga el tr\u00edptico oficial para anotar las respuestas y completar el recorrido.<\/p><br \/>\n<p data-start=\"1333\" data-end=\"1461\">\u231b <strong data-start=\"1335\" data-end=\"1357\">Duraci\u00f3n estimada:<\/strong> 1,5 a 2 horas<br data-start=\"1371\" data-end=\"1374\" \/>\ud83d\udc68\u200d\ud83d\udc69\u200d\ud83d\udc67\u200d\ud83d\udc66 <strong data-start=\"1386\" data-end=\"1398\">P\u00fablico:<\/strong> Ideal para familias, grupos de amigos y amantes de la historia<\/p><br \/>\n<p data-start=\"1463\" data-end=\"1577\">\ud83d\udd10 \u00bfEl objetivo? Encontrar la contrase\u00f1a final y recuperar la Daga de Aldana antes de que sea demasiado tarde\u2026<\/p><br \/>\n<p data-start=\"1579\" data-end=\"1698\">\u26a0\ufe0f <strong data-start=\"1582\" data-end=\"1595\">ATENCI\u00d3N:<\/strong> <strong>Recuerda dejar siempre las pistas en su sitio tal y como las encontraste<\/strong><\/p><br \/>\n<p><\/div><\/div><script>\n            (function($) {\n                $(function() {\n                    $(\".vc_col-sm-6\").parent(\".vc_row\").addClass(\"vc_layout_2\");\n                });\n            })(jQuery);\n            <\/script><div class=\"vc-incubalia-text-1-column\"><h2 class=\"vc-incubalia-text-1-column__title\"><span class=\"first-word\">\u2139\ufe0f<\/span> Informaci\u00f3n pr\u00e1ctica<\/h2><div class=\"vc-incubalia-text-1-column__text\"><\/p><br \/>\n<p data-start=\"1579\" data-end=\"1698\">\u2139\ufe0f <strong data-start=\"1674\" data-end=\"1698\">Informaci\u00f3n pr\u00e1ctica<\/strong><\/p><br \/>\n<p data-start=\"1700\" data-end=\"1735\">\ud83d\udccd <strong data-start=\"1703\" data-end=\"1733\">\u00bfQu\u00e9 necesitas para jugar?<\/strong><\/p><br \/>\n<p>El tr\u00edptico impreso, que puedes recoger en la <strong>Oficina de Turismo de Tortosa<\/strong> (Av. Felip Pedrell 3) o descargar aqu\u00ed<\/p><br \/>\n<p>Un m\u00f3vil con la app <a href=\"https:\/\/turfhunt.locatify.com\/\">TurfHunt<\/a> para encontrar los escondites de las pistas<\/p><br \/>\n<p>Un bol\u00edgrafo para apuntar las respuestas en el tr\u00edptico<\/p><br \/>\n<p data-start=\"1991\" data-end=\"2143\">\ud83d\udda8\ufe0f <strong data-start=\"1995\" data-end=\"2030\">\u00bfYa tienes el tr\u00edptico impreso?<\/strong><br data-start=\"2030\" data-end=\"2033\" \/>Si vienes con el tr\u00edptico descargado desde casa, puedes empezar directamente la ruta sin pasar por la oficina.<\/p><br \/>\n<p data-start=\"2145\" data-end=\"2217\">\ud83d\udd53 <strong data-start=\"2148\" data-end=\"2158\">Otros:<\/strong><br data-start=\"2158\" data-end=\"2161\" \/>Todo el recorrido es a pie y apto para todas las edades.<\/p><br \/>\n<p data-start=\"2219\" data-end=\"2390\">En \u00e9pocas de calor, recuerda: lleva la cabeza cubierta, hidr\u00e1tate con frecuencia y ponte protector solar antes de comenzar la actividad. \u00a1Disfruta del juego con seguridad!<\/p><br \/>\n<p data-start=\"735\" data-end=\"852\">\ud83c\udf10 <a href=\"https:\/\/turfhunt.locatify.com\/\"><strong data-start=\"738\" data-end=\"778\">Empieza el juego en TurfHunt<\/strong><\/a><\/p><br \/>\n<p><\/div><\/div><script>\n            (function($) {\n                $(function() {\n                    $(\".vc_col-sm-6\").parent(\".vc_row\").addClass(\"vc_layout_2\");\n                });\n            })(jQuery);\n            <\/script><div class=\"vc-incubalia-text-1-column\"><div class=\"vc-incubalia-text-1-column__text\"><\/p><br \/>\n<h3 data-start=\"2429\" data-end=\"2476\">\ud83d\udddd\ufe0f <strong>Solo los m\u00e1s decididos descubrir\u00e1n la Daga.<\/strong><\/h3><br \/>\n<p data-start=\"2478\" data-end=\"2564\">Completa todas las pruebas, anota las pistas en el tr\u00edptico y accede al secreto final.<\/p><br \/>\n<p data-start=\"2566\" data-end=\"2605\">El misterio te espera. \u00bfTe atreves?<\/p><br \/>\n<p><\/div><\/div><script>\n            (function($) {\n                $(function() {\n                    $(\".vc_col-sm-6\").parent(\".vc_row\").addClass(\"vc_layout_2\");\n                });\n            })(jQuery);\n            <\/script><div class=\"vc-incubalia-3-black-boxes\"><a class=\"vc-incubalia-3-black-boxes__box\" href=\"https:\/\/www.tortosaturisme.cat\/wp-content\/uploads\/2025\/08\/TRIPTIC-V2-Amb-foto-ES.pdf\"><div class=\"vc-incubalia-3-black-boxes__box-title-container\"><p class=\"vc-incubalia-3-black-boxes__box-title\">Descarga<\/p><\/div><\/a><a class=\"vc-incubalia-3-black-boxes__box\" href=\"https:\/\/www.tortosaturisme.cat\/wp-content\/uploads\/2025\/08\/Pergami-ES.pdf\"><div class=\"vc-incubalia-3-black-boxes__box-title-container\"><p class=\"vc-incubalia-3-black-boxes__box-title\">El pergamino<\/p><\/div><\/a><a class=\"vc-incubalia-3-black-boxes__box\" href=\"https:\/\/www.tortosaturisme.cat\/wp-content\/uploads\/2025\/08\/Instruccions-ES.pdf\"><div class=\"vc-incubalia-3-black-boxes__box-title-container\"><p class=\"vc-incubalia-3-black-boxes__box-title\">Del juego<\/p><\/div><\/a><\/div>[\/vc_column][\/vc_row][vc_row][vc_column]<div class=\"vc-incubalia-image-3x2-centered\"><img decoding=\"async\" class=\"vc-incubalia-image-3x2-centered__mobile-picture\" src=\"https:\/\/www.tortosaturisme.cat\/wp-content\/uploads\/2025\/07\/Aldana-768x512-1.jpg\" alt=\"\"><img decoding=\"async\" class=\"vc-incubalia-image-3x2-centered__desktop-picture\" src=\"https:\/\/www.tortosaturisme.cat\/wp-content\/uploads\/2025\/07\/Marc-Antoni-Aldana-2-1024x1280.jpg\" alt=\"\"><\/div><div class=\"vc-incubalia-4-icons\"><h2 class=\"vc-incubalia-4-icons__title\"><\/h2><div class=\"vc-incubalia-4-icons__icon\"><a class=\"vc-incubalia-4-icons__icon-url\" href=\"http:\/\/www2.tortosa.cat\/\"><img decoding=\"async\" class=\"vc-incubalia-4-icons__icon-image\" src=\"https:\/\/www.tortosaturisme.cat\/wp-content\/uploads\/2020\/03\/ajuntament-500x500-400x400.jpg\"><\/a><\/div><div class=\"vc-incubalia-4-icons__icon\"><a class=\"vc-incubalia-4-icons__icon-url\" href=\"http:\/\/www.tortosaturisme.cat\"><img decoding=\"async\" class=\"vc-incubalia-4-icons__icon-image\" src=\"https:\/\/www.tortosaturisme.cat\/wp-content\/uploads\/2018\/03\/logo-turisme-400-400x355.jpg\"><\/a><\/div><div class=\"vc-incubalia-4-icons__icon\"><a class=\"vc-incubalia-4-icons__icon-url\" href=\"\"><img decoding=\"async\" class=\"vc-incubalia-4-icons__icon-image\" src=\"\"><\/a><\/div><div class=\"vc-incubalia-4-icons__icon\"><a class=\"vc-incubalia-4-icons__icon-url\" href=\"\"><img decoding=\"async\" class=\"vc-incubalia-4-icons__icon-image\" src=\"\"><\/a><\/div><\/div><div class=\"vc-incubalia-image-3x2-centered\"><img decoding=\"async\" class=\"vc-incubalia-image-3x2-centered__mobile-picture\" src=\"\" alt=\"\"><img decoding=\"async\" class=\"vc-incubalia-image-3x2-centered__desktop-picture\" src=\"https:\/\/www.tortosaturisme.cat\/wp-content\/uploads\/2024\/11\/01-Logo-web.jpg\" alt=\"\"><\/div>[\/vc_column][\/vc_row]<\/p>\n","protected":false},"excerpt":{"rendered":"<p>[vc_row][vc_column][\/vc_column][\/vc_row][vc_row][vc_column][\/vc_column][\/vc_row][vc_row][vc_column][\/vc_column][\/vc_row][vc_row][vc_column][\/vc_column][\/vc_row]<\/p>\n","protected":false},"author":2,"featured_media":0,"parent":0,"menu_order":0,"comment_status":"closed","ping_status":"closed","template":"","meta":{"footnotes":""},"class_list":["post-38990","page","type-page","status-publish","hentry"],"acf":[],"yoast_head":"<!-- This site is optimized with the Yoast SEO plugin v27.4 - https:\/\/yoast.com\/product\/yoast-seo-wordpress\/ -->\n<title>La daga de Aldana, una aventura en geocach\u00e9s - tortosaturisme<\/title>\n<meta name=\"description\" content=\"Descubre el misterio de la daga perdida de Joan d\u2019Aldana en Tortosa. Sigue pistas y leyendas en una experiencia inmersiva del siglo XVI.\" \/>\n<meta name=\"robots\" content=\"index, follow, max-snippet:-1, max-image-preview:large, max-video-preview:-1\" \/>\n<link rel=\"canonical\" href=\"https:\/\/www.tortosaturisme.cat\/es\/la-daga-de-aldana-una-aventura-en-geocaches\/\" \/>\n<meta property=\"og:locale\" content=\"es_ES\" \/>\n<meta property=\"og:type\" content=\"article\" \/>\n<meta property=\"og:title\" content=\"La daga de Aldana, una aventura en geocach\u00e9s - tortosaturisme\" \/>\n<meta property=\"og:description\" content=\"Descubre el misterio de la daga perdida de Joan d\u2019Aldana en Tortosa. Sigue pistas y leyendas en una experiencia inmersiva del siglo XVI.\" \/>\n<meta property=\"og:url\" content=\"https:\/\/www.tortosaturisme.cat\/es\/la-daga-de-aldana-una-aventura-en-geocaches\/\" \/>\n<meta property=\"og:site_name\" content=\"tortosaturisme\" \/>\n<meta property=\"article:modified_time\" content=\"2025-09-20T11:55:00+00:00\" \/>\n<meta name=\"twitter:card\" content=\"summary_large_image\" \/>\n<meta name=\"twitter:label1\" content=\"Tiempo de lectura\" \/>\n\t<meta name=\"twitter:data1\" content=\"3 minutos\" \/>\n<script type=\"application\/ld+json\" class=\"yoast-schema-graph\">{\"@context\":\"https:\\\/\\\/schema.org\",\"@graph\":[{\"@type\":\"WebPage\",\"@id\":\"https:\\\/\\\/www.tortosaturisme.cat\\\/es\\\/la-daga-de-aldana-una-aventura-en-geocaches\\\/\",\"url\":\"https:\\\/\\\/www.tortosaturisme.cat\\\/es\\\/la-daga-de-aldana-una-aventura-en-geocaches\\\/\",\"name\":\"La daga de Aldana, una aventura en geocach\u00e9s - tortosaturisme\",\"isPartOf\":{\"@id\":\"https:\\\/\\\/www.tortosaturisme.cat\\\/es\\\/#website\"},\"datePublished\":\"2025-07-04T12:05:59+00:00\",\"dateModified\":\"2025-09-20T11:55:00+00:00\",\"description\":\"Descubre el misterio de la daga perdida de Joan d\u2019Aldana en Tortosa. Sigue pistas y leyendas en una experiencia inmersiva del siglo XVI.\",\"breadcrumb\":{\"@id\":\"https:\\\/\\\/www.tortosaturisme.cat\\\/es\\\/la-daga-de-aldana-una-aventura-en-geocaches\\\/#breadcrumb\"},\"inLanguage\":\"es\",\"potentialAction\":[{\"@type\":\"ReadAction\",\"target\":[\"https:\\\/\\\/www.tortosaturisme.cat\\\/es\\\/la-daga-de-aldana-una-aventura-en-geocaches\\\/\"]}]},{\"@type\":\"BreadcrumbList\",\"@id\":\"https:\\\/\\\/www.tortosaturisme.cat\\\/es\\\/la-daga-de-aldana-una-aventura-en-geocaches\\\/#breadcrumb\",\"itemListElement\":[{\"@type\":\"ListItem\",\"position\":1,\"name\":\"Home\",\"item\":\"https:\\\/\\\/www.tortosaturisme.cat\\\/es\\\/\"},{\"@type\":\"ListItem\",\"position\":2,\"name\":\"La daga de Aldana, una aventura en geocach\u00e9s\"}]},{\"@type\":\"WebSite\",\"@id\":\"https:\\\/\\\/www.tortosaturisme.cat\\\/es\\\/#website\",\"url\":\"https:\\\/\\\/www.tortosaturisme.cat\\\/es\\\/\",\"name\":\"tortosaturisme\",\"description\":\"Otro sitio realizado con WordPress\",\"potentialAction\":[{\"@type\":\"SearchAction\",\"target\":{\"@type\":\"EntryPoint\",\"urlTemplate\":\"https:\\\/\\\/www.tortosaturisme.cat\\\/es\\\/?s={search_term_string}\"},\"query-input\":{\"@type\":\"PropertyValueSpecification\",\"valueRequired\":true,\"valueName\":\"search_term_string\"}}],\"inLanguage\":\"es\"}]}<\/script>\n<!-- \/ Yoast SEO plugin. -->","yoast_head_json":{"title":"La daga de Aldana, una aventura en geocach\u00e9s - tortosaturisme","description":"Descubre el misterio de la daga perdida de Joan d\u2019Aldana en Tortosa. Sigue pistas y leyendas en una experiencia inmersiva del siglo XVI.","robots":{"index":"index","follow":"follow","max-snippet":"max-snippet:-1","max-image-preview":"max-image-preview:large","max-video-preview":"max-video-preview:-1"},"canonical":"https:\/\/www.tortosaturisme.cat\/es\/la-daga-de-aldana-una-aventura-en-geocaches\/","og_locale":"es_ES","og_type":"article","og_title":"La daga de Aldana, una aventura en geocach\u00e9s - tortosaturisme","og_description":"Descubre el misterio de la daga perdida de Joan d\u2019Aldana en Tortosa. Sigue pistas y leyendas en una experiencia inmersiva del siglo XVI.","og_url":"https:\/\/www.tortosaturisme.cat\/es\/la-daga-de-aldana-una-aventura-en-geocaches\/","og_site_name":"tortosaturisme","article_modified_time":"2025-09-20T11:55:00+00:00","twitter_card":"summary_large_image","twitter_misc":{"Tiempo de lectura":"3 minutos"},"schema":{"@context":"https:\/\/schema.org","@graph":[{"@type":"WebPage","@id":"https:\/\/www.tortosaturisme.cat\/es\/la-daga-de-aldana-una-aventura-en-geocaches\/","url":"https:\/\/www.tortosaturisme.cat\/es\/la-daga-de-aldana-una-aventura-en-geocaches\/","name":"La daga de Aldana, una aventura en geocach\u00e9s - tortosaturisme","isPartOf":{"@id":"https:\/\/www.tortosaturisme.cat\/es\/#website"},"datePublished":"2025-07-04T12:05:59+00:00","dateModified":"2025-09-20T11:55:00+00:00","description":"Descubre el misterio de la daga perdida de Joan d\u2019Aldana en Tortosa. Sigue pistas y leyendas en una experiencia inmersiva del siglo XVI.","breadcrumb":{"@id":"https:\/\/www.tortosaturisme.cat\/es\/la-daga-de-aldana-una-aventura-en-geocaches\/#breadcrumb"},"inLanguage":"es","potentialAction":[{"@type":"ReadAction","target":["https:\/\/www.tortosaturisme.cat\/es\/la-daga-de-aldana-una-aventura-en-geocaches\/"]}]},{"@type":"BreadcrumbList","@id":"https:\/\/www.tortosaturisme.cat\/es\/la-daga-de-aldana-una-aventura-en-geocaches\/#breadcrumb","itemListElement":[{"@type":"ListItem","position":1,"name":"Home","item":"https:\/\/www.tortosaturisme.cat\/es\/"},{"@type":"ListItem","position":2,"name":"La daga de Aldana, una aventura en geocach\u00e9s"}]},{"@type":"WebSite","@id":"https:\/\/www.tortosaturisme.cat\/es\/#website","url":"https:\/\/www.tortosaturisme.cat\/es\/","name":"tortosaturisme","description":"Otro sitio realizado con WordPress","potentialAction":[{"@type":"SearchAction","target":{"@type":"EntryPoint","urlTemplate":"https:\/\/www.tortosaturisme.cat\/es\/?s={search_term_string}"},"query-input":{"@type":"PropertyValueSpecification","valueRequired":true,"valueName":"search_term_string"}}],"inLanguage":"es"}]}},"_links":{"self":[{"href":"https:\/\/www.tortosaturisme.cat\/es\/wp-json\/wp\/v2\/pages\/38990","targetHints":{"allow":["GET"]}}],"collection":[{"href":"https:\/\/www.tortosaturisme.cat\/es\/wp-json\/wp\/v2\/pages"}],"about":[{"href":"https:\/\/www.tortosaturisme.cat\/es\/wp-json\/wp\/v2\/types\/page"}],"author":[{"embeddable":true,"href":"https:\/\/www.tortosaturisme.cat\/es\/wp-json\/wp\/v2\/users\/2"}],"replies":[{"embeddable":true,"href":"https:\/\/www.tortosaturisme.cat\/es\/wp-json\/wp\/v2\/comments?post=38990"}],"version-history":[{"count":15,"href":"https:\/\/www.tortosaturisme.cat\/es\/wp-json\/wp\/v2\/pages\/38990\/revisions"}],"predecessor-version":[{"id":39567,"href":"https:\/\/www.tortosaturisme.cat\/es\/wp-json\/wp\/v2\/pages\/38990\/revisions\/39567"}],"wp:attachment":[{"href":"https:\/\/www.tortosaturisme.cat\/es\/wp-json\/wp\/v2\/media?parent=38990"}],"curies":[{"name":"wp","href":"https:\/\/api.w.org\/{rel}","templated":true}]}}