{"id":39373,"date":"2025-08-16T10:52:59","date_gmt":"2025-08-16T10:52:59","guid":{"rendered":"https:\/\/www.tortosaturisme.cat\/?page_id=39373"},"modified":"2025-08-16T11:42:44","modified_gmt":"2025-08-16T11:42:44","slug":"reto-matematico-en-tortosa","status":"publish","type":"page","link":"https:\/\/www.tortosaturisme.cat\/es\/reto-matematico-en-tortosa\/","title":{"rendered":"Reto Matem\u00e1tico en Tortosa"},"content":{"rendered":"<p>[vc_row][vc_column]<div class=\"vc-incubalia-big-header\"><h1 class=\"vc-incubalia-big-header__title\">Reto Matem\u00e1tico en Tortosa<\/h1><img decoding=\"async\" class=\"vc-incubalia-big-header__mobile-picture\" src=\"https:\/\/www.tortosaturisme.cat\/wp-content\/uploads\/2025\/08\/Ruta-matematica-movil.jpg\">\n                  <img decoding=\"async\" class=\"vc-incubalia-big-header__desktop-picture\" src=\"https:\/\/www.tortosaturisme.cat\/wp-content\/uploads\/2025\/08\/El-text-del-paragraf.jpg\"><\/div>[\/vc_column][\/vc_row][vc_row][vc_column]<div class=\"vc-incubalia-text-1-column\"><h2 class=\"vc-incubalia-text-1-column__title\"><span class=\"first-word\">\u00a1Descifra<\/span> enigmas mientras exploras la ciudad!<\/h2><div class=\"vc-incubalia-text-1-column__text\">Vive una experiencia que <strong>combina exploraci\u00f3n, historia y retos de l\u00f3gica<\/strong>.Con la Ruta Matem\u00e1tica, seguir\u00e1s pistas por las calles y plazas de Tortosa, conectando con su arquitectura y su pasado de una manera diferente.<\/p><br \/>\n<p>En cada ciudad, la ruta rinde homenaje a una cient\u00edfica catalana. En Tortosa, <strong>conocer\u00e1s a Griselda Pascual i Xufr\u00e9<\/strong>, pionera de las matem\u00e1ticas y docente que fue catedr\u00e1tica en el instituto local en los a\u00f1os 50.<\/p><br \/>\n<p>Este proyecto forma parte de una red con cinco rutas \u00fanicas en <strong>Barcelona, Girona, Lleida, Tarragona y Tortosa.<\/strong><\/div><\/div><script>\n            (function($) {\n                $(function() {\n                    $(\".vc_col-sm-6\").parent(\".vc_row\").addClass(\"vc_layout_2\");\n                });\n            })(jQuery);\n            <\/script>[\/vc_column][\/vc_row][vc_row][vc_column]<div class=\"vc-incubalia-6-images\"><div class=\"vc-incubalia-6-images__image\"\"><img decoding=\"async\" src=\"https:\/\/www.tortosaturisme.cat\/wp-content\/uploads\/2025\/08\/1.png\" alt=\"\"><div class=\"vc-incubalia-6-images__image-text-container\"><\/div><div class=\"vc-incubalia-6-images__image-url-container\"><span class=\"vc-incubalia-6-images__image-url\">Leer m\u00e1s<\/span><\/div><\/div><div class=\"vc-incubalia-6-images__image\"\"><img decoding=\"async\" src=\"https:\/\/www.tortosaturisme.cat\/wp-content\/uploads\/2025\/08\/2.png\" alt=\"\"><div class=\"vc-incubalia-6-images__image-text-container\"><\/div><div class=\"vc-incubalia-6-images__image-url-container\"><span class=\"vc-incubalia-6-images__image-url\">Leer m\u00e1s<\/span><\/div><\/div><div class=\"vc-incubalia-6-images__image\"\"><img decoding=\"async\" src=\"https:\/\/www.tortosaturisme.cat\/wp-content\/uploads\/2025\/08\/4.png\" alt=\"\"><div class=\"vc-incubalia-6-images__image-text-container\"><\/div><div class=\"vc-incubalia-6-images__image-url-container\"><span class=\"vc-incubalia-6-images__image-url\">Leer m\u00e1s<\/span><\/div><\/div><div class=\"vc-incubalia-6-images__image\"\"><img decoding=\"async\" src=\"https:\/\/www.tortosaturisme.cat\/wp-content\/uploads\/2025\/08\/3.png\" alt=\"\"><div class=\"vc-incubalia-6-images__image-text-container\"><\/div><div class=\"vc-incubalia-6-images__image-url-container\"><span class=\"vc-incubalia-6-images__image-url\">Leer m\u00e1s<\/span><\/div><\/div><div class=\"vc-incubalia-6-images__image\"\"><img decoding=\"async\" src=\"https:\/\/www.tortosaturisme.cat\/wp-content\/uploads\/2025\/08\/5.png\" alt=\"\"><div class=\"vc-incubalia-6-images__image-text-container\"><\/div><div class=\"vc-incubalia-6-images__image-url-container\"><span class=\"vc-incubalia-6-images__image-url\">Leer m\u00e1s<\/span><\/div><\/div><div class=\"vc-incubalia-6-images__image\"\"><img decoding=\"async\" src=\"https:\/\/www.tortosaturisme.cat\/wp-content\/uploads\/2025\/08\/6.png\" alt=\"\"><div class=\"vc-incubalia-6-images__image-text-container\"><\/div><div class=\"vc-incubalia-6-images__image-url-container\"><span class=\"vc-incubalia-6-images__image-url\">Leer m\u00e1s<\/span><\/div><\/div><\/div>[\/vc_column][\/vc_row][vc_row][vc_column]<div class=\"vc-incubalia-text-1-column\"><h2 class=\"vc-incubalia-text-1-column__title\"><span class=\"first-word\">C\u00f3mo<\/span> funciona<\/h2><div class=\"vc-incubalia-text-1-column__text\"><\/p><br \/>\n<ol><br \/>\n<li><strong>Recoge la guia en la Oficina de Turismo de Catalu\u00f1a en las Tierras del Ebro<\/strong> (Rambla Felip Pedrell, 3). Si lo necesitas, te dejaremos una calculadora* \u2014 recuerda devolverla el mismo d\u00eda dentro del horario de apertura.<\/li><br \/>\n<li><strong>Sigue las pistas<\/strong>, recorre <strong>el trayecto indicado, resuelve retos<\/strong> y descubre rincones escondidos de la ciudad.<\/li><br \/>\n<\/ol><br \/>\n<p><\/div><\/div><script>\n            (function($) {\n                $(function() {\n                    $(\".vc_col-sm-6\").parent(\".vc_row\").addClass(\"vc_layout_2\");\n                });\n            })(jQuery);\n            <\/script>[\/vc_column][\/vc_row][vc_row][vc_column]<div class=\"vc-incubalia-image-3x2-centered\"><img decoding=\"async\" class=\"vc-incubalia-image-3x2-centered__mobile-picture\" src=\"https:\/\/www.tortosaturisme.cat\/wp-content\/uploads\/2025\/08\/Disseny-sense-titol28.jpg\" alt=\"\"><img decoding=\"async\" class=\"vc-incubalia-image-3x2-centered__desktop-picture\" src=\"https:\/\/www.tortosaturisme.cat\/wp-content\/uploads\/2025\/08\/El-text-del-paragraf1.jpg\" alt=\"\"><\/div><div class=\"vc-incubalia-text-1-column\"><h2 class=\"vc-incubalia-text-1-column__title\"><span class=\"first-word\">Datos<\/span> pr\u00e1cticos<\/h2><div class=\"vc-incubalia-text-1-column__text\"><\/p><br \/>\n<ul><br \/>\n<li style=\"list-style-type: none;\"><br \/>\n<ul><br \/>\n<li><strong>Distancia<\/strong>: 3 km<\/li><br \/>\n<li><strong>Duraci\u00f3n<\/strong>: 1 d\u00eda<\/li><br \/>\n<li><strong>Nivel<\/strong>: Bajo<\/li><br \/>\n<li><strong>Temporada<\/strong>: Todo el a\u00f1o<\/li><br \/>\n<li><strong>Contacto<\/strong>:<br \/><br \/>\nOficina de Turismo de Catalu\u00f1a en las Tierras del Ebro<br \/><br \/>\nTel. 977 44 96 48 \u2013 <a href=\"mailto:ot.terresebre@gencat.cat\">ot.terresebre@gencat.cat<\/a><\/li><br \/>\n<\/ul><br \/>\n<\/li><br \/>\n<\/ul><br \/>\n<h2><strong>\u00a1Recoge la gu\u00eda y comienza la aventura hoy mismo!<\/strong><\/h2><br \/>\n<p><\/div><\/div><script>\n            (function($) {\n                $(function() {\n                    $(\".vc_col-sm-6\").parent(\".vc_row\").addClass(\"vc_layout_2\");\n                });\n            })(jQuery);\n            <\/script><div class=\"vc-incubalia-image-3x2-centered\"><img decoding=\"async\" class=\"vc-incubalia-image-3x2-centered__mobile-picture\" src=\"\" alt=\"\"><img decoding=\"async\" class=\"vc-incubalia-image-3x2-centered__desktop-picture\" src=\"\" alt=\"\"><\/div>[\/vc_column][\/vc_row]<\/p>\n","protected":false},"excerpt":{"rendered":"<p>[vc_row][vc_column][\/vc_column][\/vc_row][vc_row][vc_column][\/vc_column][\/vc_row][vc_row][vc_column][\/vc_column][\/vc_row][vc_row][vc_column][\/vc_column][\/vc_row][vc_row][vc_column][\/vc_column][\/vc_row]<\/p>\n","protected":false},"author":4,"featured_media":0,"parent":0,"menu_order":0,"comment_status":"closed","ping_status":"closed","template":"","meta":{"footnotes":""},"class_list":["post-39373","page","type-page","status-publish","hentry"],"acf":[],"yoast_head":"<!-- This site is optimized with the Yoast SEO plugin v27.5 - https:\/\/yoast.com\/product\/yoast-seo-wordpress\/ -->\n<title>Reto Matem\u00e1tico en Tortosa - tortosaturisme<\/title>\n<meta name=\"robots\" content=\"index, follow, max-snippet:-1, max-image-preview:large, max-video-preview:-1\" \/>\n<link rel=\"canonical\" href=\"https:\/\/www.tortosaturisme.cat\/es\/reto-matematico-en-tortosa\/\" \/>\n<meta property=\"og:locale\" content=\"es_ES\" \/>\n<meta property=\"og:type\" content=\"article\" \/>\n<meta property=\"og:title\" content=\"Reto Matem\u00e1tico en Tortosa - tortosaturisme\" \/>\n<meta property=\"og:description\" content=\"[vc_row][vc_column][\/vc_column][\/vc_row][vc_row][vc_column][\/vc_column][\/vc_row][vc_row][vc_column][\/vc_column][\/vc_row][vc_row][vc_column][\/vc_column][\/vc_row][vc_row][vc_column][\/vc_column][\/vc_row]\" \/>\n<meta property=\"og:url\" content=\"https:\/\/www.tortosaturisme.cat\/es\/reto-matematico-en-tortosa\/\" \/>\n<meta property=\"og:site_name\" content=\"tortosaturisme\" \/>\n<meta property=\"article:modified_time\" content=\"2025-08-16T11:42:44+00:00\" \/>\n<meta name=\"twitter:card\" content=\"summary_large_image\" \/>\n<meta name=\"twitter:label1\" content=\"Tiempo de lectura\" \/>\n\t<meta name=\"twitter:data1\" content=\"2 minutos\" \/>\n<script type=\"application\/ld+json\" class=\"yoast-schema-graph\">{\"@context\":\"https:\\\/\\\/schema.org\",\"@graph\":[{\"@type\":\"WebPage\",\"@id\":\"https:\\\/\\\/www.tortosaturisme.cat\\\/es\\\/reto-matematico-en-tortosa\\\/\",\"url\":\"https:\\\/\\\/www.tortosaturisme.cat\\\/es\\\/reto-matematico-en-tortosa\\\/\",\"name\":\"Reto Matem\u00e1tico en Tortosa - tortosaturisme\",\"isPartOf\":{\"@id\":\"https:\\\/\\\/www.tortosaturisme.cat\\\/es\\\/#website\"},\"datePublished\":\"2025-08-16T10:52:59+00:00\",\"dateModified\":\"2025-08-16T11:42:44+00:00\",\"breadcrumb\":{\"@id\":\"https:\\\/\\\/www.tortosaturisme.cat\\\/es\\\/reto-matematico-en-tortosa\\\/#breadcrumb\"},\"inLanguage\":\"es\",\"potentialAction\":[{\"@type\":\"ReadAction\",\"target\":[\"https:\\\/\\\/www.tortosaturisme.cat\\\/es\\\/reto-matematico-en-tortosa\\\/\"]}]},{\"@type\":\"BreadcrumbList\",\"@id\":\"https:\\\/\\\/www.tortosaturisme.cat\\\/es\\\/reto-matematico-en-tortosa\\\/#breadcrumb\",\"itemListElement\":[{\"@type\":\"ListItem\",\"position\":1,\"name\":\"Home\",\"item\":\"https:\\\/\\\/www.tortosaturisme.cat\\\/es\\\/\"},{\"@type\":\"ListItem\",\"position\":2,\"name\":\"Reto Matem\u00e1tico en Tortosa\"}]},{\"@type\":\"WebSite\",\"@id\":\"https:\\\/\\\/www.tortosaturisme.cat\\\/es\\\/#website\",\"url\":\"https:\\\/\\\/www.tortosaturisme.cat\\\/es\\\/\",\"name\":\"tortosaturisme\",\"description\":\"Otro sitio realizado con WordPress\",\"potentialAction\":[{\"@type\":\"SearchAction\",\"target\":{\"@type\":\"EntryPoint\",\"urlTemplate\":\"https:\\\/\\\/www.tortosaturisme.cat\\\/es\\\/?s={search_term_string}\"},\"query-input\":{\"@type\":\"PropertyValueSpecification\",\"valueRequired\":true,\"valueName\":\"search_term_string\"}}],\"inLanguage\":\"es\"}]}<\/script>\n<!-- \/ Yoast SEO plugin. -->","yoast_head_json":{"title":"Reto Matem\u00e1tico en Tortosa - tortosaturisme","robots":{"index":"index","follow":"follow","max-snippet":"max-snippet:-1","max-image-preview":"max-image-preview:large","max-video-preview":"max-video-preview:-1"},"canonical":"https:\/\/www.tortosaturisme.cat\/es\/reto-matematico-en-tortosa\/","og_locale":"es_ES","og_type":"article","og_title":"Reto Matem\u00e1tico en Tortosa - tortosaturisme","og_description":"[vc_row][vc_column][\/vc_column][\/vc_row][vc_row][vc_column][\/vc_column][\/vc_row][vc_row][vc_column][\/vc_column][\/vc_row][vc_row][vc_column][\/vc_column][\/vc_row][vc_row][vc_column][\/vc_column][\/vc_row]","og_url":"https:\/\/www.tortosaturisme.cat\/es\/reto-matematico-en-tortosa\/","og_site_name":"tortosaturisme","article_modified_time":"2025-08-16T11:42:44+00:00","twitter_card":"summary_large_image","twitter_misc":{"Tiempo de lectura":"2 minutos"},"schema":{"@context":"https:\/\/schema.org","@graph":[{"@type":"WebPage","@id":"https:\/\/www.tortosaturisme.cat\/es\/reto-matematico-en-tortosa\/","url":"https:\/\/www.tortosaturisme.cat\/es\/reto-matematico-en-tortosa\/","name":"Reto Matem\u00e1tico en Tortosa - tortosaturisme","isPartOf":{"@id":"https:\/\/www.tortosaturisme.cat\/es\/#website"},"datePublished":"2025-08-16T10:52:59+00:00","dateModified":"2025-08-16T11:42:44+00:00","breadcrumb":{"@id":"https:\/\/www.tortosaturisme.cat\/es\/reto-matematico-en-tortosa\/#breadcrumb"},"inLanguage":"es","potentialAction":[{"@type":"ReadAction","target":["https:\/\/www.tortosaturisme.cat\/es\/reto-matematico-en-tortosa\/"]}]},{"@type":"BreadcrumbList","@id":"https:\/\/www.tortosaturisme.cat\/es\/reto-matematico-en-tortosa\/#breadcrumb","itemListElement":[{"@type":"ListItem","position":1,"name":"Home","item":"https:\/\/www.tortosaturisme.cat\/es\/"},{"@type":"ListItem","position":2,"name":"Reto Matem\u00e1tico en Tortosa"}]},{"@type":"WebSite","@id":"https:\/\/www.tortosaturisme.cat\/es\/#website","url":"https:\/\/www.tortosaturisme.cat\/es\/","name":"tortosaturisme","description":"Otro sitio realizado con WordPress","potentialAction":[{"@type":"SearchAction","target":{"@type":"EntryPoint","urlTemplate":"https:\/\/www.tortosaturisme.cat\/es\/?s={search_term_string}"},"query-input":{"@type":"PropertyValueSpecification","valueRequired":true,"valueName":"search_term_string"}}],"inLanguage":"es"}]}},"_links":{"self":[{"href":"https:\/\/www.tortosaturisme.cat\/es\/wp-json\/wp\/v2\/pages\/39373","targetHints":{"allow":["GET"]}}],"collection":[{"href":"https:\/\/www.tortosaturisme.cat\/es\/wp-json\/wp\/v2\/pages"}],"about":[{"href":"https:\/\/www.tortosaturisme.cat\/es\/wp-json\/wp\/v2\/types\/page"}],"author":[{"embeddable":true,"href":"https:\/\/www.tortosaturisme.cat\/es\/wp-json\/wp\/v2\/users\/4"}],"replies":[{"embeddable":true,"href":"https:\/\/www.tortosaturisme.cat\/es\/wp-json\/wp\/v2\/comments?post=39373"}],"version-history":[{"count":11,"href":"https:\/\/www.tortosaturisme.cat\/es\/wp-json\/wp\/v2\/pages\/39373\/revisions"}],"predecessor-version":[{"id":39404,"href":"https:\/\/www.tortosaturisme.cat\/es\/wp-json\/wp\/v2\/pages\/39373\/revisions\/39404"}],"wp:attachment":[{"href":"https:\/\/www.tortosaturisme.cat\/es\/wp-json\/wp\/v2\/media?parent=39373"}],"curies":[{"name":"wp","href":"https:\/\/api.w.org\/{rel}","templated":true}]}}