{"id":40529,"date":"2026-03-06T11:16:21","date_gmt":"2026-03-06T10:16:21","guid":{"rendered":"https:\/\/www.tortosaturisme.cat\/juego-la-busqueda-de-la-tumba-de-san-rufo\/"},"modified":"2026-03-16T11:44:30","modified_gmt":"2026-03-16T10:44:30","slug":"juego-la-busqueda-de-la-tumba-de-san-rufo","status":"publish","type":"page","link":"https:\/\/www.tortosaturisme.cat\/es\/juego-la-busqueda-de-la-tumba-de-san-rufo\/","title":{"rendered":"Juego La b\u00fasqueda de la tumba de San Rufo"},"content":{"rendered":"<p>[vc_row][vc_column]<div class=\"vc-incubalia-big-header\"><img decoding=\"async\" class=\"vc-incubalia-big-header__mobile-picture brightness-100\" src=\"https:\/\/www.tortosaturisme.cat\/wp-content\/uploads\/2026\/03\/02-Recerca-tomba-sant-ruf-home-768-x-450-pxjpg.jpg\">\n                  <img decoding=\"async\" class=\"vc-incubalia-big-header__desktop-picture brightness-100\" src=\"https:\/\/www.tortosaturisme.cat\/wp-content\/uploads\/2026\/03\/01-Recerca-tomba-sant-ruf-home-1920x7001-1.jpg\"><\/div>[\/vc_column][\/vc_row][vc_row][vc_column]<div class=\"vc-incubalia-text-1-column-subtitle\"><h2 class=\"vc-incubalia-text-1-column-subtitle__title\">Una leyenda que puede sacudir los cimientos de Tortosa<\/h2><h3 class=\"vc-incubalia-text-1-column-subtitle__subtitle\">La historia que te atrapar\u00e1 desde el primer minuto<\/h3><div class=\"vc-incubalia-text-1-column-subtitle__text\">San Rufo, primer obispo de la ciudad e hijo de Sim\u00f3n de Cirene, fue enterrado con un tesoro. Sin embargo, si se descubre la tumba, Tortosa se hundir\u00e1 para siempre.<br data-start=\"482\" data-end=\"485\" \/>T\u00fa puedes impedirlo: supera las pruebas y enigmas que te depara la aventura y salva la ciudad de un destino terrible.<\/div><\/div><div class=\"vc-incubalia-text-1-column-subtitle\"><h2 class=\"vc-incubalia-text-1-column-subtitle__title\">Una historia que te enganchar\u00e1 desde el primer momento<\/h2><div class=\"vc-incubalia-text-1-column-subtitle__text\"><\/p><br \/>\n<p data-start=\"664\" data-end=\"863\">Has recibido un aviso inquietante: alguien est\u00e1 a punto de abrir la tumba de San Rufo, el primer obispo de Tortosa.<br data-start=\"779\" data-end=\"782\" \/>La pregunta no es solo d\u00f3nde est\u00e1 la tumba, sino qui\u00e9n mueve los hilos y por qu\u00e9.<\/p><br \/>\n<p data-start=\"865\" data-end=\"1107\">La aventura comienza en la Oficina de Turismo, situada en el antiguo matadero, y te llevar\u00e1 a recorrer el centro hist\u00f3rico de la ciudad mientras observas los detalles y resuelves retos descubriendo su patrimonio y las historias que lo rodean.<\/p><br \/>\n<p>\u00a0<\/div><\/div><div class=\"vc-incubalia-text-1-column-subtitle\"><h2 class=\"vc-incubalia-text-1-column-subtitle__title\">\u00bfPara qui\u00e9n es?<\/h2><div class=\"vc-incubalia-text-1-column-subtitle__text\"><\/p><br \/>\n<ul><br \/>\n<li data-start=\"1132\" data-end=\"1204\"><strong>J\u00f3venes y adultos<\/strong> que quieren descubrir la ciudad de una forma l\u00fadica.<\/li><br \/>\n<li data-start=\"1132\" data-end=\"1204\"><strong>Parejas y grupos de amigos<\/strong> que buscan un plan diferente en el centro hist\u00f3rico.<\/li><br \/>\n<li data-start=\"1132\" data-end=\"1204\"><strong>Grupos escolares a partir de secundaria<\/strong> para moverse por la ciudad jugando.<\/li><br \/>\n<li data-start=\"1132\" data-end=\"1204\"><strong>Visitantes que quieren \u201cver Tortosa\u201d<\/strong>, pero tambi\u00e9n sentirla: leyendas, piedras, s\u00edmbolos y memoria.<\/li><br \/>\n<\/ul><br \/>\n<p><\/div><\/div>[\/vc_column][\/vc_row][vc_row][vc_column]<div class=\"vc-incubalia-3-images\"><div class=\"vc-incubalia-3-images__image\"><img decoding=\"async\" src=\"\" alt=\"\"><\/div><div class=\"vc-incubalia-3-images__image\"><a href=\" https:\/\/joc-misteri-sant-ruf-tortosa.identifytravel.app?utm_campaign=web&utm_source=web&utm_medium=web\"><img decoding=\"async\" src=\"https:\/\/www.tortosaturisme.cat\/wp-content\/uploads\/2026\/03\/Castella.jpg\" alt=\"\"><\/a><a href=\" https:\/\/joc-misteri-sant-ruf-tortosa.identifytravel.app?utm_campaign=web&utm_source=web&utm_medium=web\"><p class=\"vc-incubalia-3-images__image-title\">\u00a1Comienza la aventura!<\/p><\/a><p class=\"vc-incubalia-3-images__image-subtitle\">Haz clic en la imagen para ir al juego<\/p><\/div><div class=\"vc-incubalia-3-images__image\"><img decoding=\"async\" src=\"\" alt=\"\"><\/div><\/div>[\/vc_column][\/vc_row][vc_row][vc_column]<div class=\"vc-incubalia-4-icons\"><h2 class=\"vc-incubalia-4-icons__title\"><\/h2><div class=\"vc-incubalia-4-icons__icon\"><a class=\"vc-incubalia-4-icons__icon-url\" href=\"http:\/\/www2.tortosa.cat\/\"><img decoding=\"async\" class=\"vc-incubalia-4-icons__icon-image\" src=\"https:\/\/www.tortosaturisme.cat\/wp-content\/uploads\/2020\/03\/ajuntament-500x500-400x400.jpg\"><\/a><\/div><div class=\"vc-incubalia-4-icons__icon\"><a class=\"vc-incubalia-4-icons__icon-url\" href=\"http:\/\/www.tortosaturisme.cat\"><img decoding=\"async\" class=\"vc-incubalia-4-icons__icon-image\" src=\"https:\/\/www.tortosaturisme.cat\/wp-content\/uploads\/2018\/03\/logo-turisme-400-400x355.jpg\"><\/a><\/div><div class=\"vc-incubalia-4-icons__icon\"><a class=\"vc-incubalia-4-icons__icon-url\" href=\"\"><img decoding=\"async\" class=\"vc-incubalia-4-icons__icon-image\" src=\"\"><\/a><\/div><div class=\"vc-incubalia-4-icons__icon\"><a class=\"vc-incubalia-4-icons__icon-url\" href=\"\"><img decoding=\"async\" class=\"vc-incubalia-4-icons__icon-image\" src=\"\"><\/a><\/div><\/div><div class=\"vc-incubalia-image-3x2-centered\"><img decoding=\"async\" class=\"vc-incubalia-image-3x2-centered__mobile-picture\" src=\"\" alt=\"\"><img decoding=\"async\" class=\"vc-incubalia-image-3x2-centered__desktop-picture\" src=\"https:\/\/www.tortosaturisme.cat\/wp-content\/uploads\/2024\/11\/01-Logo-web.jpg\" alt=\"\"><\/div>[\/vc_column][\/vc_row]<\/p>\n","protected":false},"excerpt":{"rendered":"<p>[vc_row][vc_column][\/vc_column][\/vc_row][vc_row][vc_column][\/vc_column][\/vc_row][vc_row][vc_column][\/vc_column][\/vc_row][vc_row][vc_column][\/vc_column][\/vc_row]<\/p>\n","protected":false},"author":2,"featured_media":0,"parent":0,"menu_order":0,"comment_status":"closed","ping_status":"closed","template":"","meta":{"footnotes":""},"class_list":["post-40529","page","type-page","status-publish","hentry"],"acf":[],"yoast_head":"<!-- This site is optimized with the Yoast SEO plugin v27.5 - https:\/\/yoast.com\/product\/yoast-seo-wordpress\/ -->\n<title>Juego La b\u00fasqueda de la tumba de San Rufo - tortosaturisme<\/title>\n<meta name=\"description\" content=\"Aventura por el casco hist\u00f3rico de Tortosa resolviendo enigmas para hallar la tumba de Sant Ruf y descubrir leyendas y patrimonio.\" \/>\n<meta name=\"robots\" content=\"index, follow, max-snippet:-1, max-image-preview:large, max-video-preview:-1\" \/>\n<link rel=\"canonical\" href=\"https:\/\/www.tortosaturisme.cat\/es\/juego-la-busqueda-de-la-tumba-de-san-rufo\/\" \/>\n<meta property=\"og:locale\" content=\"es_ES\" \/>\n<meta property=\"og:type\" content=\"article\" \/>\n<meta property=\"og:title\" content=\"Juego La b\u00fasqueda de la tumba de San Rufo - tortosaturisme\" \/>\n<meta property=\"og:description\" content=\"Aventura por el casco hist\u00f3rico de Tortosa resolviendo enigmas para hallar la tumba de Sant Ruf y descubrir leyendas y patrimonio.\" \/>\n<meta property=\"og:url\" content=\"https:\/\/www.tortosaturisme.cat\/es\/juego-la-busqueda-de-la-tumba-de-san-rufo\/\" \/>\n<meta property=\"og:site_name\" content=\"tortosaturisme\" \/>\n<meta property=\"article:modified_time\" content=\"2026-03-16T10:44:30+00:00\" \/>\n<meta name=\"twitter:card\" content=\"summary_large_image\" \/>\n<meta name=\"twitter:label1\" content=\"Tiempo de lectura\" \/>\n\t<meta name=\"twitter:data1\" content=\"2 minutos\" \/>\n<script type=\"application\/ld+json\" class=\"yoast-schema-graph\">{\"@context\":\"https:\\\/\\\/schema.org\",\"@graph\":[{\"@type\":\"WebPage\",\"@id\":\"https:\\\/\\\/www.tortosaturisme.cat\\\/es\\\/juego-la-busqueda-de-la-tumba-de-san-rufo\\\/\",\"url\":\"https:\\\/\\\/www.tortosaturisme.cat\\\/es\\\/juego-la-busqueda-de-la-tumba-de-san-rufo\\\/\",\"name\":\"Juego La b\u00fasqueda de la tumba de San Rufo - tortosaturisme\",\"isPartOf\":{\"@id\":\"https:\\\/\\\/www.tortosaturisme.cat\\\/es\\\/#website\"},\"datePublished\":\"2026-03-06T10:16:21+00:00\",\"dateModified\":\"2026-03-16T10:44:30+00:00\",\"description\":\"Aventura por el casco hist\u00f3rico de Tortosa resolviendo enigmas para hallar la tumba de Sant Ruf y descubrir leyendas y patrimonio.\",\"breadcrumb\":{\"@id\":\"https:\\\/\\\/www.tortosaturisme.cat\\\/es\\\/juego-la-busqueda-de-la-tumba-de-san-rufo\\\/#breadcrumb\"},\"inLanguage\":\"es\",\"potentialAction\":[{\"@type\":\"ReadAction\",\"target\":[\"https:\\\/\\\/www.tortosaturisme.cat\\\/es\\\/juego-la-busqueda-de-la-tumba-de-san-rufo\\\/\"]}]},{\"@type\":\"BreadcrumbList\",\"@id\":\"https:\\\/\\\/www.tortosaturisme.cat\\\/es\\\/juego-la-busqueda-de-la-tumba-de-san-rufo\\\/#breadcrumb\",\"itemListElement\":[{\"@type\":\"ListItem\",\"position\":1,\"name\":\"Home\",\"item\":\"https:\\\/\\\/www.tortosaturisme.cat\\\/es\\\/\"},{\"@type\":\"ListItem\",\"position\":2,\"name\":\"Juego La b\u00fasqueda de la tumba de San Rufo\"}]},{\"@type\":\"WebSite\",\"@id\":\"https:\\\/\\\/www.tortosaturisme.cat\\\/es\\\/#website\",\"url\":\"https:\\\/\\\/www.tortosaturisme.cat\\\/es\\\/\",\"name\":\"tortosaturisme\",\"description\":\"Otro sitio realizado con WordPress\",\"potentialAction\":[{\"@type\":\"SearchAction\",\"target\":{\"@type\":\"EntryPoint\",\"urlTemplate\":\"https:\\\/\\\/www.tortosaturisme.cat\\\/es\\\/?s={search_term_string}\"},\"query-input\":{\"@type\":\"PropertyValueSpecification\",\"valueRequired\":true,\"valueName\":\"search_term_string\"}}],\"inLanguage\":\"es\"}]}<\/script>\n<!-- \/ Yoast SEO plugin. -->","yoast_head_json":{"title":"Juego La b\u00fasqueda de la tumba de San Rufo - tortosaturisme","description":"Aventura por el casco hist\u00f3rico de Tortosa resolviendo enigmas para hallar la tumba de Sant Ruf y descubrir leyendas y patrimonio.","robots":{"index":"index","follow":"follow","max-snippet":"max-snippet:-1","max-image-preview":"max-image-preview:large","max-video-preview":"max-video-preview:-1"},"canonical":"https:\/\/www.tortosaturisme.cat\/es\/juego-la-busqueda-de-la-tumba-de-san-rufo\/","og_locale":"es_ES","og_type":"article","og_title":"Juego La b\u00fasqueda de la tumba de San Rufo - tortosaturisme","og_description":"Aventura por el casco hist\u00f3rico de Tortosa resolviendo enigmas para hallar la tumba de Sant Ruf y descubrir leyendas y patrimonio.","og_url":"https:\/\/www.tortosaturisme.cat\/es\/juego-la-busqueda-de-la-tumba-de-san-rufo\/","og_site_name":"tortosaturisme","article_modified_time":"2026-03-16T10:44:30+00:00","twitter_card":"summary_large_image","twitter_misc":{"Tiempo de lectura":"2 minutos"},"schema":{"@context":"https:\/\/schema.org","@graph":[{"@type":"WebPage","@id":"https:\/\/www.tortosaturisme.cat\/es\/juego-la-busqueda-de-la-tumba-de-san-rufo\/","url":"https:\/\/www.tortosaturisme.cat\/es\/juego-la-busqueda-de-la-tumba-de-san-rufo\/","name":"Juego La b\u00fasqueda de la tumba de San Rufo - tortosaturisme","isPartOf":{"@id":"https:\/\/www.tortosaturisme.cat\/es\/#website"},"datePublished":"2026-03-06T10:16:21+00:00","dateModified":"2026-03-16T10:44:30+00:00","description":"Aventura por el casco hist\u00f3rico de Tortosa resolviendo enigmas para hallar la tumba de Sant Ruf y descubrir leyendas y patrimonio.","breadcrumb":{"@id":"https:\/\/www.tortosaturisme.cat\/es\/juego-la-busqueda-de-la-tumba-de-san-rufo\/#breadcrumb"},"inLanguage":"es","potentialAction":[{"@type":"ReadAction","target":["https:\/\/www.tortosaturisme.cat\/es\/juego-la-busqueda-de-la-tumba-de-san-rufo\/"]}]},{"@type":"BreadcrumbList","@id":"https:\/\/www.tortosaturisme.cat\/es\/juego-la-busqueda-de-la-tumba-de-san-rufo\/#breadcrumb","itemListElement":[{"@type":"ListItem","position":1,"name":"Home","item":"https:\/\/www.tortosaturisme.cat\/es\/"},{"@type":"ListItem","position":2,"name":"Juego La b\u00fasqueda de la tumba de San Rufo"}]},{"@type":"WebSite","@id":"https:\/\/www.tortosaturisme.cat\/es\/#website","url":"https:\/\/www.tortosaturisme.cat\/es\/","name":"tortosaturisme","description":"Otro sitio realizado con WordPress","potentialAction":[{"@type":"SearchAction","target":{"@type":"EntryPoint","urlTemplate":"https:\/\/www.tortosaturisme.cat\/es\/?s={search_term_string}"},"query-input":{"@type":"PropertyValueSpecification","valueRequired":true,"valueName":"search_term_string"}}],"inLanguage":"es"}]}},"_links":{"self":[{"href":"https:\/\/www.tortosaturisme.cat\/es\/wp-json\/wp\/v2\/pages\/40529","targetHints":{"allow":["GET"]}}],"collection":[{"href":"https:\/\/www.tortosaturisme.cat\/es\/wp-json\/wp\/v2\/pages"}],"about":[{"href":"https:\/\/www.tortosaturisme.cat\/es\/wp-json\/wp\/v2\/types\/page"}],"author":[{"embeddable":true,"href":"https:\/\/www.tortosaturisme.cat\/es\/wp-json\/wp\/v2\/users\/2"}],"replies":[{"embeddable":true,"href":"https:\/\/www.tortosaturisme.cat\/es\/wp-json\/wp\/v2\/comments?post=40529"}],"version-history":[{"count":6,"href":"https:\/\/www.tortosaturisme.cat\/es\/wp-json\/wp\/v2\/pages\/40529\/revisions"}],"predecessor-version":[{"id":40733,"href":"https:\/\/www.tortosaturisme.cat\/es\/wp-json\/wp\/v2\/pages\/40529\/revisions\/40733"}],"wp:attachment":[{"href":"https:\/\/www.tortosaturisme.cat\/es\/wp-json\/wp\/v2\/media?parent=40529"}],"curies":[{"name":"wp","href":"https:\/\/api.w.org\/{rel}","templated":true}]}}