{"id":41687,"date":"2025-10-13T10:40:05","date_gmt":"2025-10-13T10:40:05","guid":{"rendered":"https:\/\/www.tortosaturisme.cat\/tortosa-cuina-de-memoria\/"},"modified":"2026-03-31T17:27:14","modified_gmt":"2026-03-31T15:27:14","slug":"tortosa-cuina-de-memoria","status":"publish","type":"page","link":"https:\/\/www.tortosaturisme.cat\/es\/tortosa-cuina-de-memoria\/","title":{"rendered":"Tortosa, cuina de mem\u00f2ria"},"content":{"rendered":"<p>[vc_row][vc_column]<div class=\"vc-incubalia-big-header\"><img decoding=\"async\" class=\"vc-incubalia-big-header__mobile-picture brightness-100\" src=\"https:\/\/www.tortosaturisme.cat\/wp-content\/uploads\/2025\/09\/header-plat-cuina-memoria-2.jpg\">\n                  <img decoding=\"async\" class=\"vc-incubalia-big-header__desktop-picture brightness-100\" src=\"https:\/\/www.tortosaturisme.cat\/wp-content\/uploads\/2025\/09\/header-plat-cuina-memoria-1.jpg\"><\/div>[\/vc_column][\/vc_row][vc_row][vc_column]<div class=\"vc-incubalia-text-1-column-subtitle\"><h3 class=\"vc-incubalia-text-1-column-subtitle__subtitle\">Ven a la ciudad donde el tiempo tiene sabor: el del r\u00edo, la huerta, la monta\u00f1a y el mar. Una cocina que se recuerda, se vive y se transmite.<\/h3><div class=\"vc-incubalia-text-1-column-subtitle__text\"><\/div><\/div><div class=\"vc-incubalia-text-1-column-subtitle\"><h2 class=\"vc-incubalia-text-1-column-subtitle__title\">Una ciudad que se degusta<\/h2><h3 class=\"vc-incubalia-text-1-column-subtitle__subtitle\">Donde la historia se cocina a fuego lento<\/h3><div class=\"vc-incubalia-text-1-column-subtitle__text\">En Tortosa, el tiempo se sienta a la mesa: desde los aceites de oliva virgen extra hasta las alcachofas tiernas de la huerta, desde los c\u00edtricos perfumados de B\u00edtem hasta los <strong>arroces<\/strong> del Delta.<br data-start=\"267\" data-end=\"270\" \/>Nuestros platos nacen del territorio y de las manos que lo trabajan, de <strong>la memoria que pasa de generaci\u00f3n en generaci\u00f3n<\/strong> y que a\u00fan hoy late en los fogones de los restaurantes locales.<\/div><\/div><div class=\"vc-incubalia-video-full-width\"><img decoding=\"async\" class=\"vc-incubalia-video-full-width__image-mobile\" src=\"https:\/\/www.tortosaturisme.cat\/wp-content\/uploads\/2025\/10\/768x350-cuina-de-memoria-landing-2.jpg\"><img decoding=\"async\" class=\"vc-incubalia-video-full-width__image-desktop\" src=\"https:\/\/www.tortosaturisme.cat\/wp-content\/uploads\/2025\/10\/1920x550-cuina-de-memoria-landing-1.jpg\"><div id=\"becd0383c3\" class=\"vc-incubalia-video-full-width__play-button\"><img decoding=\"async\" class=\"play-button\" src=\"https:\/\/www.tortosaturisme.cat\/wp-content\/plugins\/vc-incubalia-elements\/elements\/..\/assets\/img\/video-play.png\"><\/div><div class=\"vc-incubalia-video-full-width__youtube-iframe\"><iframe loading=\"lazy\" width=\"560\" height=\"315\" src=\"https:\/\/www.youtube.com\/embed\/LwlbcwHJvq4\" frameborder=\"0\" allowfullscreen><\/iframe><\/div><\/div><script>(function($) {\n                $(function() {\n                    $('#becd0383c3').on('click', function() {\n                        $(this).parent().parent().find('.vc-incubalia-video-full-width').addClass('play');\n                        \/\/$(this).parent().parent().find('.vc-incubalia-video-full-width__youtube-iframe iframe').attr('src', $('.vc-incubalia-video-full-width__youtube-iframe iframe').attr('src') + '?autoplay=1');\n                    });\n                });\n\n                $(window).load(function() {\n                    height = $('.vc-incubalia-video-full-width').height();\n                    setYoutubeIframeDimensions();\n                });\n\n                $(window).resize(function() {\n                    setYoutubeIframeDimensions();\n                });\n\n                function setYoutubeIframeDimensions()\n                {\n                    if ($('.vc-incubalia-video-full-width').height() > 0) {\n                        height = $('.vc-incubalia-video-full-width').height();\n                    }\n                    $('.vc-incubalia-video-full-width__youtube-iframe iframe').attr('height', height);\n                    let width = height * 16 \/ 9;\n                    $('.vc-incubalia-video-full-width__youtube-iframe iframe').attr('width', width);\n                }\n            })(jQuery)<\/script>[\/vc_column][\/vc_row][vc_row][vc_column]<div class=\"vc-incubalia-text-1-column-subtitle\"><h2 class=\"vc-incubalia-text-1-column-subtitle__title\">El sabor de nuestro paisaje<\/h2><h3 class=\"vc-incubalia-text-1-column-subtitle__subtitle\">Tortosa es una ciudad que se cocina desde el Territorio.<\/h3><div class=\"vc-incubalia-text-1-column-subtitle__text\"><\/p><br \/>\n<p data-start=\"31\" data-end=\"240\">El <strong>r\u00edo Ebro<\/strong> le da vida. De norte a sur, recorre las tierras a las que da nombre, alimentando los huertos, los arrozales y los campos que nos rodean.A los pies de <strong>Els Ports<\/strong> se extienden olivos centenarios, almendros y vi\u00f1edos; m\u00e1s abajo, el paisaje se vuelve dulce con las clementinas y los naranjos que llenan el aire de perfume.<br data-start=\"423\" data-end=\"426\" \/>Y, al final del r\u00edo, <strong>el Delta<\/strong> nos ofrece su tesoro m\u00e1s preciado: el arroz, s\u00edmbolo de vida, equilibrio e identidad.<\/p><br \/>\n<p data-start=\"545\" data-end=\"839\">Del <strong>mar<\/strong> llegan galeras, langostinos y pescado azul; del r\u00edo, las anguilas y las hierbas de ribera; de la tierra, las verduras tiernas y los frutos que cambian con las estaciones.<br data-start=\"723\" data-end=\"726\" \/>Cada ingrediente es un reflejo de este mosaico natural que convierte a <strong>Tortosa en una despensa viva y singular<\/strong>.En los fogones, todo ello se transforma en <strong>cocina de memoria<\/strong>: platos que explican qui\u00e9nes somos y de d\u00f3nde venimos.<br data-start=\"956\" data-end=\"959\" \/>El abadejo en suquet, el arroz con galeras, la tortilla con espinacas y borrajas, el menjar blanc o los pastissets de cabello de \u00e1ngel son m\u00e1s que recetas: son fragmentos de una historia colectiva que se sigue escribiendo cada d\u00eda.<\/p><br \/>\n<p data-start=\"1194\" data-end=\"1323\" data-is-last-node=\"\" data-is-only-node=\"\">Tortosa es <strong>paisaje y cocina, r\u00edo y mesa, tradici\u00f3n y emoci\u00f3n<\/strong>.<br data-start=\"1255\" data-end=\"1258\" \/>Aqu\u00ed, cada bocado es memoria y cada plato, una forma de recordar.<\/p><br \/>\n<p><\/div><\/div>[\/vc_column][\/vc_row][vc_row][vc_column]<div class=\"vc-incubalia-text-image-full\"><div class=\"vc-incubalia-text-image-full__image-container\"><img decoding=\"async\" class=\"vc-incubalia-text-image-full__image-mobile\" alt=\"\" src=\"https:\/\/www.tortosaturisme.cat\/wp-content\/uploads\/2025\/10\/768x350-cuina-de-memoria-landing-1.jpg\"><img decoding=\"async\" class=\"vc-incubalia-text-image-full__image-desktop\" alt=\"\" src=\"https:\/\/www.tortosaturisme.cat\/wp-content\/uploads\/2025\/10\/1920x550-cuina-de-memoria-landing-2.jpg\"><h2 class=\"vc-incubalia-text-image-full__title\">El nuevo abadejo a la tortosina<\/h2><i class=\"arrow-down\"><\/i><\/div><div class=\"vc-incubalia-text-image-full__text-container\"><h2 class=\"vc-incubalia-text-image-full__subtitle\">Una creaci\u00f3n de memoria y territorio<\/h2><div class=\"vc-incubalia-text-image-full__text\"><\/p><br \/>\n<p data-start=\"74\" data-end=\"216\">Lomos de <strong>bacalao<\/strong> sobre ajoblanco de galera, con crumble de <strong>aceitunas negras<\/strong>, <strong>tomate<\/strong> confitado, ralladura de <strong>c\u00edtricos y hierbas<\/strong> de Els Ports.<\/p><br \/>\n<p data-start=\"74\" data-end=\"216\">Un plato que une el mar y la monta\u00f1a, el recuerdo y la innovaci\u00f3n.<br data-start=\"284\" data-end=\"287\" \/>Creado por cuatro cocineros locales y la Escuela de Hosteler\u00eda de Tortosa, este plato es la esencia de una ciudad que sabe reinventar su patrimonio gastron\u00f3mico.<\/p><br \/>\n<p data-start=\"452\" data-end=\"532\" data-is-last-node=\"\" data-is-only-node=\"\">Es <strong>el sabor de la Tortosa contempor\u00e1nea<\/strong>: aut\u00e9ntica, valiente y fiel a su tierra.<\/p><br \/>\n<p><\/div><\/div><\/div>[\/vc_column][\/vc_row][vc_row][vc_column]<div class=\"vc-incubalia-image-huge\"><img decoding=\"async\" class=\"vc-incubalia-image-huge__mobile-picture brightness-100\" src=\"https:\/\/www.tortosaturisme.cat\/wp-content\/uploads\/2025\/10\/768x550-cuina-de-memoria.jpg\" alt=\"\"><img decoding=\"async\" class=\"vc-incubalia-image-huge__desktop-picture brightness-100\" src=\"https:\/\/www.tortosaturisme.cat\/wp-content\/uploads\/2025\/10\/1920x1050-cuina-de-memoria.jpg\" alt=\"\"><\/div><div class=\"vc-incubalia-text-image-full\"><div class=\"vc-incubalia-text-image-full__image-container\"><img decoding=\"async\" class=\"vc-incubalia-text-image-full__image-mobile\" alt=\"\" src=\"\"><img decoding=\"async\" class=\"vc-incubalia-text-image-full__image-desktop\" alt=\"\" src=\"\"><i class=\"arrow-down\"><\/i><\/div><div class=\"vc-incubalia-text-image-full__text-container\"><h2 class=\"vc-incubalia-text-image-full__subtitle\">Tradici\u00f3n que inspira, sabores que conectan<\/h2><div class=\"vc-incubalia-text-image-full__text\">La mejor manera de conocer Tortosa es sentarse a la mesa.<br \/><br \/>\nEn los restaurantes locales te esperan recetas de siempre reinterpretadas con sensibilidad actual: la <strong>baldana<\/strong> con cebolla y tomate, la <strong>sepia guisada<\/strong>, la <strong>sopa de la reina<\/strong>, las \u201c<strong>garrofetes del Papa<\/strong>\u201d\u2026<br \/><br \/>\nCada mossegada \u00e9s un homenatge a la gent que mant\u00e9 viva la nostra identitat.<\/p><br \/>\n<p>\ud83d\udcc5 Participa en las jornadas gastron\u00f3micas, explora el recetario local y d\u00e9jate cautivar por el sabor aut\u00e9ntico de una ciudad que cocina su memoria.<\/div><\/div><\/div>[\/vc_column][\/vc_row][vc_row][vc_column]<div class=\"vc-incubalia-5-cards\"><h2 class=\"vc-incubalia-5-cards__title\">Descubre la Tortosa Gastron\u00f3mica<\/h2><div class=\"vc-incubalia-5-cards__card card-1 has-url\"><a href=\"\/es\/restaurantes\/\"><img decoding=\"async\" class=\"vc-incubalia-5-cards__card-mobile-picture\" src=\"https:\/\/www.tortosaturisme.cat\/wp-content\/uploads\/2018\/02\/b-1280-cultiva-2-640x460.jpg\">\n                      <img decoding=\"async\" class=\"vc-incubalia-5-cards__card-desktop-picture\" src=\"https:\/\/www.tortosaturisme.cat\/wp-content\/uploads\/2018\/02\/b-1280-cultiva-2.jpg\"><\/a><div class=\"vc-incubalia-5-cards__card-text-container\"><p class=\"vc-incubalia-5-cards__card-title\">Restaurantes<\/p><p class=\"vc-incubalia-5-cards__card-subtitle\">La cocina de Tortosa en tu mesa<\/p><\/div><div class=\"vc-incubalia-5-cards__card-url-container\"><span class=\"vc-incubalia-5-cards__card-url\">Leer m\u00e1s<\/span><\/div><\/div><div class=\"vc-incubalia-5-cards__card card-2 has-url\"><a href=\"\/receptes-tortosines-pas-a-pas\/\"><img decoding=\"async\" class=\"vc-incubalia-5-cards__card-mobile-picture\" src=\"https:\/\/www.tortosaturisme.cat\/wp-content\/uploads\/2025\/11\/Fideus-en-costella-640x460.jpg\">\n                      <img decoding=\"async\" class=\"vc-incubalia-5-cards__card-desktop-picture\" src=\"https:\/\/www.tortosaturisme.cat\/wp-content\/uploads\/2025\/11\/Fideus-en-costella-640x460.jpg\"><\/a><div class=\"vc-incubalia-5-cards__card-text-container\"><p class=\"vc-incubalia-5-cards__card-title\">Recetas tortosinas<\/p><p class=\"vc-incubalia-5-cards__card-subtitle\">Los sabores de la cocina de memoria<\/p><\/div><div class=\"vc-incubalia-5-cards__card-url-container\"><span class=\"vc-incubalia-5-cards__card-url\">Leer m\u00e1s<\/span><\/div><\/div><div class=\"vc-incubalia-5-cards__card-3-and-4-container\"><div class=\"vc-incubalia-5-cards__card card-3 has-url\"><a href=\"\/nou-plat-tortosi\/\"><img decoding=\"async\" class=\"vc-incubalia-5-cards__card-mobile-picture\" src=\"https:\/\/www.tortosaturisme.cat\/wp-content\/uploads\/2025\/11\/Plat-tortosi-640x460.jpg\">\n                      <img decoding=\"async\" class=\"vc-incubalia-5-cards__card-desktop-picture\" src=\"https:\/\/www.tortosaturisme.cat\/wp-content\/uploads\/2025\/11\/Plat-tortosi-640x460.jpg\"><\/a><div class=\"vc-incubalia-5-cards__card-text-container\"><p class=\"vc-incubalia-5-cards__card-title\">Un plato que representa la cocina de Tortosa<\/p><p class=\"vc-incubalia-5-cards__card-subtitle\">Una s\u00edntesis de nuestra identidad y tradici\u00f3n culinaria<\/p><\/div><div class=\"vc-incubalia-5-cards__card-url-container\"><span class=\"vc-incubalia-5-cards__card-url\">Leer m\u00e1s<\/span><\/div><\/div><div class=\"vc-incubalia-5-cards__card card-4 has-url\"><a href=\"\/es\/llibre-blanc-del-turisme-gastronomic\/\"><img decoding=\"async\" class=\"vc-incubalia-5-cards__card-mobile-picture\" src=\"https:\/\/www.tortosaturisme.cat\/wp-content\/uploads\/2025\/11\/llibre-blanc-640x460.jpg\">\n                      <img decoding=\"async\" class=\"vc-incubalia-5-cards__card-desktop-picture\" src=\"https:\/\/www.tortosaturisme.cat\/wp-content\/uploads\/2025\/11\/llibre-blanc-640x460.jpg\"><\/a><div class=\"vc-incubalia-5-cards__card-text-container\"><p class=\"vc-incubalia-5-cards__card-title\">El libro blanco del turismo gastron\u00f3mico en Tortosa<\/p><p class=\"vc-incubalia-5-cards__card-subtitle\">Conoce las ra\u00edces, el presente y el futuro de la cocina de nuestra ciudad<\/p><\/div><div class=\"vc-incubalia-5-cards__card-url-container\"><span class=\"vc-incubalia-5-cards__card-url\">Leer m\u00e1s<\/span><\/div><\/div><\/div><div class=\"vc-incubalia-5-cards__card card-5 has-url\"><a href=\"\/es\/el-mercado-de-tortosa\/\"><img decoding=\"async\" class=\"vc-incubalia-5-cards__card-mobile-picture\" src=\"https:\/\/www.tortosaturisme.cat\/wp-content\/uploads\/2025\/11\/Mercat-640x460.jpg\">\n                      <img decoding=\"async\" class=\"vc-incubalia-5-cards__card-desktop-picture\" src=\"https:\/\/www.tortosaturisme.cat\/wp-content\/uploads\/2025\/11\/Mercat-640x449.jpg\"><\/a><div class=\"vc-incubalia-5-cards__card-text-container\"><p class=\"vc-incubalia-5-cards__card-title\">El mercado municipal<\/p><p class=\"vc-incubalia-5-cards__card-subtitle\">El verdadero templo de la comida de Tortosa<\/p><\/div><div class=\"vc-incubalia-5-cards__card-url-container\"><span class=\"vc-incubalia-5-cards__card-url\">Leer m\u00e1s<\/span><\/div><\/div><\/div>[\/vc_column][\/vc_row][vc_row][vc_column]<div class=\"vc-incubalia-4-icons\"><h2 class=\"vc-incubalia-4-icons__title\"><\/h2><div class=\"vc-incubalia-4-icons__icon\"><a class=\"vc-incubalia-4-icons__icon-url\" href=\"http:\/\/www2.tortosa.cat\/\"><img decoding=\"async\" class=\"vc-incubalia-4-icons__icon-image\" src=\"https:\/\/www.tortosaturisme.cat\/wp-content\/uploads\/2020\/03\/ajuntament-500x500-400x400.jpg\"><\/a><\/div><div class=\"vc-incubalia-4-icons__icon\"><a class=\"vc-incubalia-4-icons__icon-url\" href=\"http:\/\/www.tortosaturisme.cat\"><img decoding=\"async\" class=\"vc-incubalia-4-icons__icon-image\" src=\"https:\/\/www.tortosaturisme.cat\/wp-content\/uploads\/2018\/03\/logo-turisme-400-400x355.jpg\"><\/a><\/div><div class=\"vc-incubalia-4-icons__icon\"><a class=\"vc-incubalia-4-icons__icon-url\" href=\"\"><img decoding=\"async\" class=\"vc-incubalia-4-icons__icon-image\" src=\"\"><\/a><\/div><div class=\"vc-incubalia-4-icons__icon\"><a class=\"vc-incubalia-4-icons__icon-url\" href=\"\"><img decoding=\"async\" class=\"vc-incubalia-4-icons__icon-image\" src=\"\"><\/a><\/div><\/div><div class=\"vc-incubalia-image-3x2-centered\"><img decoding=\"async\" class=\"vc-incubalia-image-3x2-centered__mobile-picture\" src=\"\" alt=\"\"><img decoding=\"async\" class=\"vc-incubalia-image-3x2-centered__desktop-picture\" src=\"https:\/\/www.tortosaturisme.cat\/wp-content\/uploads\/2024\/11\/01-Logo-web.jpg\" alt=\"\"><\/div>[\/vc_column][\/vc_row]<\/p>\n","protected":false},"excerpt":{"rendered":"<p>[vc_row][vc_column][\/vc_column][\/vc_row][vc_row][vc_column][\/vc_column][\/vc_row][vc_row][vc_column][\/vc_column][\/vc_row][vc_row][vc_column][\/vc_column][\/vc_row][vc_row][vc_column][\/vc_column][\/vc_row][vc_row][vc_column][\/vc_column][\/vc_row][vc_row][vc_column][\/vc_column][\/vc_row]<\/p>\n","protected":false},"author":2,"featured_media":0,"parent":0,"menu_order":0,"comment_status":"closed","ping_status":"closed","template":"","meta":{"footnotes":""},"class_list":["post-41687","page","type-page","status-publish","hentry"],"acf":[],"yoast_head":"<!-- This site is optimized with the Yoast SEO plugin v27.3 - https:\/\/yoast.com\/product\/yoast-seo-wordpress\/ -->\n<title>Tortosa, cuina de mem\u00f2ria - tortosaturisme<\/title>\n<meta name=\"robots\" content=\"index, follow, max-snippet:-1, max-image-preview:large, max-video-preview:-1\" \/>\n<link rel=\"canonical\" href=\"https:\/\/www.tortosaturisme.cat\/es\/tortosa-cuina-de-memoria\/\" \/>\n<meta property=\"og:locale\" content=\"es_ES\" \/>\n<meta property=\"og:type\" content=\"article\" \/>\n<meta property=\"og:title\" content=\"Tortosa, cuina de mem\u00f2ria - tortosaturisme\" \/>\n<meta property=\"og:description\" content=\"[vc_row][vc_column][\/vc_column][\/vc_row][vc_row][vc_column][\/vc_column][\/vc_row][vc_row][vc_column][\/vc_column][\/vc_row][vc_row][vc_column][\/vc_column][\/vc_row][vc_row][vc_column][\/vc_column][\/vc_row][vc_row][vc_column][\/vc_column][\/vc_row][vc_row][vc_column][\/vc_column][\/vc_row]\" \/>\n<meta property=\"og:url\" content=\"https:\/\/www.tortosaturisme.cat\/es\/tortosa-cuina-de-memoria\/\" \/>\n<meta property=\"og:site_name\" content=\"tortosaturisme\" \/>\n<meta property=\"article:modified_time\" content=\"2026-03-31T15:27:14+00:00\" \/>\n<meta name=\"twitter:card\" content=\"summary_large_image\" \/>\n<script type=\"application\/ld+json\" class=\"yoast-schema-graph\">{\"@context\":\"https:\\\/\\\/schema.org\",\"@graph\":[{\"@type\":\"WebPage\",\"@id\":\"https:\\\/\\\/www.tortosaturisme.cat\\\/es\\\/tortosa-cuina-de-memoria\\\/\",\"url\":\"https:\\\/\\\/www.tortosaturisme.cat\\\/es\\\/tortosa-cuina-de-memoria\\\/\",\"name\":\"Tortosa, cuina de mem\u00f2ria - tortosaturisme\",\"isPartOf\":{\"@id\":\"https:\\\/\\\/www.tortosaturisme.cat\\\/es\\\/#website\"},\"datePublished\":\"2025-10-13T10:40:05+00:00\",\"dateModified\":\"2026-03-31T15:27:14+00:00\",\"breadcrumb\":{\"@id\":\"https:\\\/\\\/www.tortosaturisme.cat\\\/es\\\/tortosa-cuina-de-memoria\\\/#breadcrumb\"},\"inLanguage\":\"es\",\"potentialAction\":[{\"@type\":\"ReadAction\",\"target\":[\"https:\\\/\\\/www.tortosaturisme.cat\\\/es\\\/tortosa-cuina-de-memoria\\\/\"]}]},{\"@type\":\"BreadcrumbList\",\"@id\":\"https:\\\/\\\/www.tortosaturisme.cat\\\/es\\\/tortosa-cuina-de-memoria\\\/#breadcrumb\",\"itemListElement\":[{\"@type\":\"ListItem\",\"position\":1,\"name\":\"Home\",\"item\":\"https:\\\/\\\/www.tortosaturisme.cat\\\/es\\\/\"},{\"@type\":\"ListItem\",\"position\":2,\"name\":\"Tortosa, cuina de mem\u00f2ria\"}]},{\"@type\":\"WebSite\",\"@id\":\"https:\\\/\\\/www.tortosaturisme.cat\\\/es\\\/#website\",\"url\":\"https:\\\/\\\/www.tortosaturisme.cat\\\/es\\\/\",\"name\":\"tortosaturisme\",\"description\":\"Otro sitio realizado con WordPress\",\"potentialAction\":[{\"@type\":\"SearchAction\",\"target\":{\"@type\":\"EntryPoint\",\"urlTemplate\":\"https:\\\/\\\/www.tortosaturisme.cat\\\/es\\\/?s={search_term_string}\"},\"query-input\":{\"@type\":\"PropertyValueSpecification\",\"valueRequired\":true,\"valueName\":\"search_term_string\"}}],\"inLanguage\":\"es\"}]}<\/script>\n<!-- \/ Yoast SEO plugin. -->","yoast_head_json":{"title":"Tortosa, cuina de mem\u00f2ria - tortosaturisme","robots":{"index":"index","follow":"follow","max-snippet":"max-snippet:-1","max-image-preview":"max-image-preview:large","max-video-preview":"max-video-preview:-1"},"canonical":"https:\/\/www.tortosaturisme.cat\/es\/tortosa-cuina-de-memoria\/","og_locale":"es_ES","og_type":"article","og_title":"Tortosa, cuina de mem\u00f2ria - tortosaturisme","og_description":"[vc_row][vc_column][\/vc_column][\/vc_row][vc_row][vc_column][\/vc_column][\/vc_row][vc_row][vc_column][\/vc_column][\/vc_row][vc_row][vc_column][\/vc_column][\/vc_row][vc_row][vc_column][\/vc_column][\/vc_row][vc_row][vc_column][\/vc_column][\/vc_row][vc_row][vc_column][\/vc_column][\/vc_row]","og_url":"https:\/\/www.tortosaturisme.cat\/es\/tortosa-cuina-de-memoria\/","og_site_name":"tortosaturisme","article_modified_time":"2026-03-31T15:27:14+00:00","twitter_card":"summary_large_image","schema":{"@context":"https:\/\/schema.org","@graph":[{"@type":"WebPage","@id":"https:\/\/www.tortosaturisme.cat\/es\/tortosa-cuina-de-memoria\/","url":"https:\/\/www.tortosaturisme.cat\/es\/tortosa-cuina-de-memoria\/","name":"Tortosa, cuina de mem\u00f2ria - tortosaturisme","isPartOf":{"@id":"https:\/\/www.tortosaturisme.cat\/es\/#website"},"datePublished":"2025-10-13T10:40:05+00:00","dateModified":"2026-03-31T15:27:14+00:00","breadcrumb":{"@id":"https:\/\/www.tortosaturisme.cat\/es\/tortosa-cuina-de-memoria\/#breadcrumb"},"inLanguage":"es","potentialAction":[{"@type":"ReadAction","target":["https:\/\/www.tortosaturisme.cat\/es\/tortosa-cuina-de-memoria\/"]}]},{"@type":"BreadcrumbList","@id":"https:\/\/www.tortosaturisme.cat\/es\/tortosa-cuina-de-memoria\/#breadcrumb","itemListElement":[{"@type":"ListItem","position":1,"name":"Home","item":"https:\/\/www.tortosaturisme.cat\/es\/"},{"@type":"ListItem","position":2,"name":"Tortosa, cuina de mem\u00f2ria"}]},{"@type":"WebSite","@id":"https:\/\/www.tortosaturisme.cat\/es\/#website","url":"https:\/\/www.tortosaturisme.cat\/es\/","name":"tortosaturisme","description":"Otro sitio realizado con WordPress","potentialAction":[{"@type":"SearchAction","target":{"@type":"EntryPoint","urlTemplate":"https:\/\/www.tortosaturisme.cat\/es\/?s={search_term_string}"},"query-input":{"@type":"PropertyValueSpecification","valueRequired":true,"valueName":"search_term_string"}}],"inLanguage":"es"}]}},"_links":{"self":[{"href":"https:\/\/www.tortosaturisme.cat\/es\/wp-json\/wp\/v2\/pages\/41687","targetHints":{"allow":["GET"]}}],"collection":[{"href":"https:\/\/www.tortosaturisme.cat\/es\/wp-json\/wp\/v2\/pages"}],"about":[{"href":"https:\/\/www.tortosaturisme.cat\/es\/wp-json\/wp\/v2\/types\/page"}],"author":[{"embeddable":true,"href":"https:\/\/www.tortosaturisme.cat\/es\/wp-json\/wp\/v2\/users\/2"}],"replies":[{"embeddable":true,"href":"https:\/\/www.tortosaturisme.cat\/es\/wp-json\/wp\/v2\/comments?post=41687"}],"version-history":[{"count":6,"href":"https:\/\/www.tortosaturisme.cat\/es\/wp-json\/wp\/v2\/pages\/41687\/revisions"}],"predecessor-version":[{"id":41696,"href":"https:\/\/www.tortosaturisme.cat\/es\/wp-json\/wp\/v2\/pages\/41687\/revisions\/41696"}],"wp:attachment":[{"href":"https:\/\/www.tortosaturisme.cat\/es\/wp-json\/wp\/v2\/media?parent=41687"}],"curies":[{"name":"wp","href":"https:\/\/api.w.org\/{rel}","templated":true}]}}