{"id":41729,"date":"2025-09-22T11:56:13","date_gmt":"2025-09-22T11:56:13","guid":{"rendered":"https:\/\/www.tortosaturisme.cat\/nou-plat-tortosi\/"},"modified":"2026-04-03T10:43:55","modified_gmt":"2026-04-03T08:43:55","slug":"nou-plat-tortosi","status":"publish","type":"page","link":"https:\/\/www.tortosaturisme.cat\/es\/nou-plat-tortosi\/","title":{"rendered":"Nou plat tortos\u00ed"},"content":{"rendered":"<p>[vc_row][vc_column]<div class=\"vc-incubalia-big-header\"><img decoding=\"async\" class=\"vc-incubalia-big-header__mobile-picture brightness-100\" src=\"https:\/\/www.tortosaturisme.cat\/wp-content\/uploads\/2025\/09\/header-plat-cuina-memoria-2.jpg\">\n                  <img decoding=\"async\" class=\"vc-incubalia-big-header__desktop-picture brightness-100\" src=\"https:\/\/www.tortosaturisme.cat\/wp-content\/uploads\/2025\/09\/header-plat-cuina-memoria-1.jpg\"><\/div>[\/vc_column][\/vc_row][vc_row][vc_column]<div class=\"vc-incubalia-text-1-column-subtitle\"><h2 class=\"vc-incubalia-text-1-column-subtitle__title\">Un plato \u00fanico que rinde homenaje a nuestras ra\u00edces y proyecta la gastronom\u00eda tortosina hacia el futuro<\/h2><h3 class=\"vc-incubalia-text-1-column-subtitle__subtitle\">\ud83d\udc49 Participa en el proceso y ay\u00fadanos a ponerle nombre<\/h3><div class=\"vc-incubalia-text-1-column-subtitle__text\">El <em>Libro Blanco del Turismo Gastron\u00f3mico de Tortosa<\/em> nos ha ayudado a reconocer los productos y recetas que explican qui\u00e9nes somos. De este trabajo nace un nuevo plato que combina los sabores tradicionales con t\u00e9cnicas modernas.<br data-start=\"227\" data-end=\"230\" \/>A\u00fan no tiene nombre, porque queremos que formes parte de esta historia y seas t\u00fa quien nos ayude a bautizarlo.<\/div><\/div><div class=\"vc-incubalia-video-full-width\"><img decoding=\"async\" class=\"vc-incubalia-video-full-width__image-mobile\" src=\"https:\/\/www.tortosaturisme.cat\/wp-content\/uploads\/2025\/09\/cuina-de-memoria-plat-2-1.jpg\"><img decoding=\"async\" class=\"vc-incubalia-video-full-width__image-desktop\" src=\"https:\/\/www.tortosaturisme.cat\/wp-content\/uploads\/2025\/09\/cuina-de-memoria-plat-2-2.jpg\"><div id=\"59f2e052a1\" class=\"vc-incubalia-video-full-width__play-button\"><img decoding=\"async\" class=\"play-button\" src=\"https:\/\/www.tortosaturisme.cat\/wp-content\/plugins\/vc-incubalia-elements\/elements\/..\/assets\/img\/video-play.png\"><\/div><div class=\"vc-incubalia-video-full-width__youtube-iframe\"><iframe loading=\"lazy\" width=\"560\" height=\"315\" src=\"https:\/\/www.youtube.com\/embed\/LwlbcwHJvq4\" frameborder=\"0\" allowfullscreen><\/iframe><\/div><\/div><script>(function($) {\n                $(function() {\n                    $('#59f2e052a1').on('click', function() {\n                        $(this).parent().parent().find('.vc-incubalia-video-full-width').addClass('play');\n                        \/\/$(this).parent().parent().find('.vc-incubalia-video-full-width__youtube-iframe iframe').attr('src', $('.vc-incubalia-video-full-width__youtube-iframe iframe').attr('src') + '?autoplay=1');\n                    });\n                });\n\n                $(window).load(function() {\n                    height = $('.vc-incubalia-video-full-width').height();\n                    setYoutubeIframeDimensions();\n                });\n\n                $(window).resize(function() {\n                    setYoutubeIframeDimensions();\n                });\n\n                function setYoutubeIframeDimensions()\n                {\n                    if ($('.vc-incubalia-video-full-width').height() > 0) {\n                        height = $('.vc-incubalia-video-full-width').height();\n                    }\n                    $('.vc-incubalia-video-full-width__youtube-iframe iframe').attr('height', height);\n                    let width = height * 16 \/ 9;\n                    $('.vc-incubalia-video-full-width__youtube-iframe iframe').attr('width', width);\n                }\n            })(jQuery)<\/script>[\/vc_column][\/vc_row][vc_row][vc_column]<div class=\"vc-incubalia-text-1-column-subtitle\"><h2 class=\"vc-incubalia-text-1-column-subtitle__title\">La memoria se cocina, el futuro se comparte<\/h2><h3 class=\"vc-incubalia-text-1-column-subtitle__subtitle\">Un plato con alma de Tortosa<\/h3><div class=\"vc-incubalia-text-1-column-subtitle__text\">Un <strong>abadejos<\/strong> (bacall\u00e0) sobre llit d\u2019<strong>ajoblanco de galera<\/strong>, amb <strong data-start=\"1408\" data-end=\"1425\">terra d\u2019oliva<\/strong>, <strong data-start=\"1427\" data-end=\"1457\">p\u00e8tals de tomata confitada<\/strong> i un toc fresc de <strong data-start=\"1476\" data-end=\"1508\">taronja i herbes arom\u00e0tiques<\/strong> de les Terres de l\u2019Ebre.<br data-start=\"1533\" data-end=\"1536\" \/>Un reflex del que som: diversitat, tradici\u00f3 i innovaci\u00f3.<\/p><br \/>\n<p>Un <strong>abadejo<\/strong> (bacalao) sobre lecho <strong>de ajoblanco de galera<\/strong>, con <strong>tierra de oliva<\/strong>, <strong>p\u00e9talos de tomate confitado<\/strong> y un toque fresco de<strong> naranja y hierbas arom\u00e1ticas<\/strong> de las Tierras del Ebro.<br data-start=\"180\" data-end=\"183\" \/>Un reflejo de lo que somos: diversidad, tradici\u00f3n e innovaci\u00f3n.<\/div><\/div><div class=\"vc-incubalia-text-1-column-subtitle\"><h3 class=\"vc-incubalia-text-1-column-subtitle__subtitle\">Pr\u00f3ximamente en los restaurantes de Tortosa<\/h3><div class=\"vc-incubalia-text-1-column-subtitle__text\"><\/div><\/div>[\/vc_column][\/vc_row][vc_row][vc_column]<div class=\"vc-incubalia-medium-header\"><img decoding=\"async\" class=\"vc-incubalia-medium-header__mobile-picture brightness-100\" src=\"https:\/\/www.tortosaturisme.cat\/wp-content\/uploads\/2025\/09\/Nobles-sopant-cuina-memoria.png\">\n                  <img decoding=\"async\" class=\"vc-incubalia-medium-header__desktop-picture brightness-100\" src=\"https:\/\/www.tortosaturisme.cat\/wp-content\/uploads\/2025\/09\/Nobles-sopant-cuina-memoria.jpg\"><\/div>[\/vc_column][\/vc_row][vc_row][vc_column]<div class=\"vc-incubalia-text-1-column-subtitle\"><h2 class=\"vc-incubalia-text-1-column-subtitle__title\">Los creadores<\/h2><h3 class=\"vc-incubalia-text-1-column-subtitle__subtitle\">El resultado de la creatividad colectiva<\/h3><div class=\"vc-incubalia-text-1-column-subtitle__text\"><\/p><br \/>\n<p data-start=\"1762\" data-end=\"1953\">Este plato ha sido creado por cuatro cocineros de Tortosa y los alumnos de la <strong>Escuela de Hosteler\u00eda del Institut Dertosa<\/strong>, trabajando juntos para reinterpretar la cocina local.<\/p><br \/>\n<ul><br \/>\n<li>Christian L\u00f3pez (Moments)<\/li><br \/>\n<li>Jordi Mart\u00ednez (Cristal)<\/li><br \/>\n<li>Laura Garcia (Rac\u00f3 de Mig Cam\u00ed)<\/li><br \/>\n<li>Marc Duran (La Torreta de Remolins)<\/li><br \/>\n<\/ul><br \/>\n<p><\/div><\/div><div class=\"vc-incubalia-image-3x2-centered\"><img decoding=\"async\" class=\"vc-incubalia-image-3x2-centered__mobile-picture\" src=\"https:\/\/www.tortosaturisme.cat\/wp-content\/uploads\/2025\/09\/plat-final-pagina-nou-abadejo-2.jpg\" alt=\"\"><img decoding=\"async\" class=\"vc-incubalia-image-3x2-centered__desktop-picture\" src=\"https:\/\/www.tortosaturisme.cat\/wp-content\/uploads\/2025\/09\/plat-final-pagina-nou-abadejo-1.jpg\" alt=\"\"><\/div>[\/vc_column][\/vc_row][vc_row][vc_column]<div class=\"vc-incubalia-text-1-column-subtitle\"><h2 class=\"vc-incubalia-text-1-column-subtitle__title\">Ay\u00fadanos a darle nombre<\/h2><h3 class=\"vc-incubalia-text-1-column-subtitle__subtitle\">Forma parte de la historia de Tortosa, cocina de memoria<\/h3><div class=\"vc-incubalia-text-1-column-subtitle__text\"><\/p><br \/>\n<p data-start=\"0\" data-end=\"113\">Prop\u00f3n tu nombre y despu\u00e9s ven a probarlo en los restaurantes locales. La memoria de un pueblo tambi\u00e9n se cocina.<\/p><br \/>\n<p data-start=\"115\" data-end=\"132\">Qu\u00e9 puedes hacer:<\/p><br \/>\n<ul><br \/>\n<li>Prop\u00f3n un nombre: enviando un correo con tu propuesta a <a class=\"decorated-link cursor-pointer\" rel=\"noopener\" data-start=\"190\" data-end=\"209\">turisme@tortosa.cat<\/a> (indicando tu nombre y apellidos y tel\u00e9fono) o rellena la papeleta en la degustaci\u00f3n del plato el pr\u00f3ximo viernes 26 de septiembre a las 19:30 horas en el Casal Tortos\u00ed.<\/li><br \/>\n<li>Vota entre los nombres seleccionados.<\/li><br \/>\n<\/ul><br \/>\n<p data-start=\"421\" data-end=\"591\" data-is-last-node=\"\" data-is-only-node=\"\">Entre los participantes que propongan un nombre y los que voten se sortear\u00e1n dos comidas para 2 personas en un restaurante de Tortosa, una por cada tipo de participaci\u00f3n.<\/p><br \/>\n<p><\/div><\/div><div class=\"vc-incubalia-text-1-column-subtitle\"><h2 class=\"vc-incubalia-text-1-column-subtitle__title\">Por qu\u00e9 importa<\/h2><h3 class=\"vc-incubalia-text-1-column-subtitle__subtitle\">M\u00e1s que gastronom\u00eda: memoria, identidad y territorio<\/h3><div class=\"vc-incubalia-text-1-column-subtitle__text\"><\/p><br \/>\n<ul><br \/>\n<li class=\"z-0 flex justify-end\">Reivindicaci\u00f3n del patrimonio culinario tortosino.<\/li><br \/>\n<li class=\"z-0 flex justify-end\">Productos de proximidad y de temporada.<\/li><br \/>\n<li class=\"z-0 flex justify-end\">Una experiencia \u00fanica de turismo gastron\u00f3mico sostenible.<\/li><br \/>\n<li class=\"z-0 flex justify-end\">Un plato que quiere ser s\u00edmbolo de Tortosa.<\/li><br \/>\n<\/ul><br \/>\n<p><\/div><\/div><div class=\"vc-incubalia-3-images\"><h2 class=\"vc-incubalia-3-images__title\">Organ\u00edzate<\/h2><div class=\"vc-incubalia-3-images__image\"><a href=\"\/es\/restaurantes\/\"><img decoding=\"async\" src=\"https:\/\/www.tortosaturisme.cat\/wp-content\/uploads\/2018\/02\/B-800-600-cuina.jpg\" alt=\"\"><\/a><a href=\"\/es\/restaurantes\/\"><p class=\"vc-incubalia-3-images__image-title\">Restaurantes<\/p><\/a><p class=\"vc-incubalia-3-images__image-subtitle\">Una cocina ligada a la tierra que aprovecha los productos de proximidad, pero tambi\u00e9n abierta a las nuevas tendencias. En Tortosa encontrar\u00e1s cocina de mercado, pero tambi\u00e9n cocina internacional y mediterr\u00e1nea.<\/p><\/div><div class=\"vc-incubalia-3-images__image\"><a href=\"\/es\/restaurantes\/\"><img decoding=\"async\" src=\"https:\/\/www.tortosaturisme.cat\/wp-content\/uploads\/2018\/02\/b-800-allotjament.jpg\" alt=\"\"><\/a><a href=\"\/es\/restaurantes\/\"><p class=\"vc-incubalia-3-images__image-title\">Alojamientos<\/p><\/a><p class=\"vc-incubalia-3-images__image-subtitle\">Tortosa te ofrece alojamientos de todo tipo. Duerme en un castillo, casas rurales rodeadas de naturaleza, hoteles con todas las comodidades o apartamentos en el coraz\u00f3n de la ciudad antigua.<\/p><\/div><div class=\"vc-incubalia-3-images__image\"><a href=\"\/es\/experiencias\/\"><img decoding=\"async\" src=\"https:\/\/www.tortosaturisme.cat\/wp-content\/uploads\/2018\/02\/b-800-experiencies-navegacio.jpg\" alt=\"\"><\/a><a href=\"\/es\/experiencias\/\"><p class=\"vc-incubalia-3-images__image-title\">Experiencias<\/p><\/a><p class=\"vc-incubalia-3-images__image-subtitle\">Completa tu visita con una oferta de experiencias de todo tipo: senderismo, visitas guiadas, navegaciones,\u2026<\/p><\/div><\/div><div class=\"vc-incubalia-5-cards\"><h2 class=\"vc-incubalia-5-cards__title\">Te recomendamos<\/h2><div class=\"vc-incubalia-5-cards__card card-1 has-url\"><a href=\"\/es\/tortosa-en-un-dia\/\"><img decoding=\"async\" class=\"vc-incubalia-5-cards__card-mobile-picture\" src=\"https:\/\/www.tortosaturisme.cat\/wp-content\/uploads\/2018\/02\/b-1280-tortosa-en-un-dia-4-640x460.jpg\">\n                      <img decoding=\"async\" class=\"vc-incubalia-5-cards__card-desktop-picture\" src=\"https:\/\/www.tortosaturisme.cat\/wp-content\/uploads\/2018\/02\/b-1280-tortosa-en-un-dia-4.jpg\"><\/a><div class=\"vc-incubalia-5-cards__card-text-container\"><p class=\"vc-incubalia-5-cards__card-title\">Tortosa en un d\u00eda<\/p><\/div><div class=\"vc-incubalia-5-cards__card-url-container\"><span class=\"vc-incubalia-5-cards__card-url\">Leer m\u00e1s<\/span><\/div><\/div><div class=\"vc-incubalia-5-cards__card card-2 has-url\"><a href=\"\/es\/jornadas-gastronomicas\/\"><img decoding=\"async\" class=\"vc-incubalia-5-cards__card-mobile-picture\" src=\"https:\/\/www.tortosaturisme.cat\/wp-content\/uploads\/2018\/02\/b-1280-cuina-renaixement-2-640x460.jpg\">\n                      <img decoding=\"async\" class=\"vc-incubalia-5-cards__card-desktop-picture\" src=\"https:\/\/www.tortosaturisme.cat\/wp-content\/uploads\/2018\/02\/b-1280-cuina-renaixement-2-640x460.jpg\"><\/a><div class=\"vc-incubalia-5-cards__card-text-container\"><p class=\"vc-incubalia-5-cards__card-title\">Jornadas gastron\u00f3micas<\/p><\/div><div class=\"vc-incubalia-5-cards__card-url-container\"><span class=\"vc-incubalia-5-cards__card-url\">Leer m\u00e1s<\/span><\/div><\/div><div class=\"vc-incubalia-5-cards__card-3-and-4-container\"><div class=\"vc-incubalia-5-cards__card card-3 has-url\"><a href=\"\/es\/el-mercado-de-tortosa\/\"><img decoding=\"async\" class=\"vc-incubalia-5-cards__card-mobile-picture\" src=\"https:\/\/www.tortosaturisme.cat\/wp-content\/uploads\/2018\/02\/b-1280-el-mercat-g-640x460.jpg\">\n                      <img decoding=\"async\" class=\"vc-incubalia-5-cards__card-desktop-picture\" src=\"https:\/\/www.tortosaturisme.cat\/wp-content\/uploads\/2018\/02\/b-1280-el-mercat-g-640x460.jpg\"><\/a><div class=\"vc-incubalia-5-cards__card-text-container\"><p class=\"vc-incubalia-5-cards__card-title\">El Mercado<\/p><\/div><div class=\"vc-incubalia-5-cards__card-url-container\"><span class=\"vc-incubalia-5-cards__card-url\">Leer m\u00e1s<\/span><\/div><\/div><div class=\"vc-incubalia-5-cards__card card-4 has-url\"><a href=\"\/es\/lo-mejor-de-la-tierra\/\"><img decoding=\"async\" class=\"vc-incubalia-5-cards__card-mobile-picture\" src=\"https:\/\/www.tortosaturisme.cat\/wp-content\/uploads\/2018\/02\/b-1280-millor-terra-640x460.jpg\">\n                      <img decoding=\"async\" class=\"vc-incubalia-5-cards__card-desktop-picture\" src=\"https:\/\/www.tortosaturisme.cat\/wp-content\/uploads\/2018\/02\/b-1280-millor-terra-640x460.jpg\"><\/a><div class=\"vc-incubalia-5-cards__card-text-container\"><p class=\"vc-incubalia-5-cards__card-title\">Los mejores productos de la tierra<\/p><p class=\"vc-incubalia-5-cards__card-subtitle\">Un territorio exuberante de arrozales, vi\u00f1edos, naranjos y olivares<\/p><\/div><div class=\"vc-incubalia-5-cards__card-url-container\"><span class=\"vc-incubalia-5-cards__card-url\">Leer m\u00e1s<\/span><\/div><\/div><\/div><div class=\"vc-incubalia-5-cards__card card-5 has-url\"><a href=\"\/es\/lo-mejor-del-mar\/\"><img decoding=\"async\" class=\"vc-incubalia-5-cards__card-mobile-picture\" src=\"https:\/\/www.tortosaturisme.cat\/wp-content\/uploads\/2018\/02\/b-1280-millor-mar-640x460.jpg\">\n                      <img decoding=\"async\" class=\"vc-incubalia-5-cards__card-desktop-picture\" src=\"https:\/\/www.tortosaturisme.cat\/wp-content\/uploads\/2018\/02\/b-1280-millor-mar-640x449.jpg\"><\/a><div class=\"vc-incubalia-5-cards__card-text-container\"><p class=\"vc-incubalia-5-cards__card-title\">Lo mejor del mar<\/p><p class=\"vc-incubalia-5-cards__card-subtitle\">Disfruta de la riqueza del mar del Ebro<\/p><\/div><div class=\"vc-incubalia-5-cards__card-url-container\"><span class=\"vc-incubalia-5-cards__card-url\">Leer m\u00e1s<\/span><\/div><\/div><\/div>[\/vc_column][\/vc_row][vc_row][vc_column]<div class=\"vc-incubalia-3-images\"><h2 class=\"vc-incubalia-3-images__title\">Te proponemos<\/h2><div class=\"vc-incubalia-3-images__image\"><a href=\"\/es\/experiencias\/\"><img decoding=\"async\" src=\"https:\/\/www.tortosaturisme.cat\/wp-content\/uploads\/2018\/02\/b-800-experiencies-completes.jpg\" alt=\"\"><\/a><a href=\"\/es\/experiencias\/\"><p class=\"vc-incubalia-3-images__image-title\">Experiencias completas<\/p><\/a><p class=\"vc-incubalia-3-images__image-subtitle\">Combina la gastronom\u00eda y las actividades en torno a la ciudad y la naturaleza<\/p><\/div><div class=\"vc-incubalia-3-images__image\"><a href=\"\/es\/navega-por-el-ebro\/\"><img decoding=\"async\" src=\"https:\/\/www.tortosaturisme.cat\/wp-content\/uploads\/2018\/02\/b-800-navegacions-f.jpg\" alt=\"\"><\/a><a href=\"\/es\/navega-por-el-ebro\/\"><p class=\"vc-incubalia-3-images__image-title\">Navegaciones<\/p><\/a><p class=\"vc-incubalia-3-images__image-subtitle\">Recorre el Ebro con Lo Sirgador, d\u00e9jate cautivar por las puestas de sol, degusta los vinos de la tierra o disfruta de evocadores conciertos a bordo.<\/p><\/div><div class=\"vc-incubalia-3-images__image\"><a href=\"\/es\/restaurantes\/\"><img decoding=\"async\" src=\"https:\/\/www.tortosaturisme.cat\/wp-content\/uploads\/2018\/02\/b-800-experiences-gastronomiques.jpg\" alt=\"\"><\/a><a href=\"\/es\/restaurantes\/\"><p class=\"vc-incubalia-3-images__image-title\">Experiencias gastron\u00f3micas<\/p><\/a><p class=\"vc-incubalia-3-images__image-subtitle\">Para los paladares m\u00e1s exigentes<\/p><\/div><\/div>[\/vc_column][\/vc_row][vc_row][vc_column]<div class=\"vc-incubalia-4-icons\"><h2 class=\"vc-incubalia-4-icons__title\"><\/h2><div class=\"vc-incubalia-4-icons__icon\"><a class=\"vc-incubalia-4-icons__icon-url\" href=\"http:\/\/www2.tortosa.cat\/\"><img decoding=\"async\" class=\"vc-incubalia-4-icons__icon-image\" src=\"https:\/\/www.tortosaturisme.cat\/wp-content\/uploads\/2020\/03\/ajuntament-500x500-400x400.jpg\"><\/a><\/div><div class=\"vc-incubalia-4-icons__icon\"><a class=\"vc-incubalia-4-icons__icon-url\" href=\"http:\/\/www.tortosaturisme.cat\"><img decoding=\"async\" class=\"vc-incubalia-4-icons__icon-image\" src=\"https:\/\/www.tortosaturisme.cat\/wp-content\/uploads\/2018\/03\/logo-turisme-400-400x355.jpg\"><\/a><\/div><div class=\"vc-incubalia-4-icons__icon\"><a class=\"vc-incubalia-4-icons__icon-url\" href=\"\"><img decoding=\"async\" class=\"vc-incubalia-4-icons__icon-image\" src=\"\"><\/a><\/div><div class=\"vc-incubalia-4-icons__icon\"><a class=\"vc-incubalia-4-icons__icon-url\" href=\"\"><img decoding=\"async\" class=\"vc-incubalia-4-icons__icon-image\" src=\"\"><\/a><\/div><\/div><div class=\"vc-incubalia-image-3x2-centered\"><img decoding=\"async\" class=\"vc-incubalia-image-3x2-centered__mobile-picture\" src=\"\" alt=\"\"><img decoding=\"async\" class=\"vc-incubalia-image-3x2-centered__desktop-picture\" src=\"https:\/\/www.tortosaturisme.cat\/wp-content\/uploads\/2024\/11\/01-Logo-web.jpg\" alt=\"\"><\/div>[\/vc_column][\/vc_row]<\/p>\n","protected":false},"excerpt":{"rendered":"<p>[vc_row][vc_column][\/vc_column][\/vc_row][vc_row][vc_column][\/vc_column][\/vc_row][vc_row][vc_column][\/vc_column][\/vc_row][vc_row][vc_column][\/vc_column][\/vc_row][vc_row][vc_column][\/vc_column][\/vc_row][vc_row][vc_column][\/vc_column][\/vc_row][vc_row][vc_column][\/vc_column][\/vc_row][vc_row][vc_column][\/vc_column][\/vc_row]<\/p>\n","protected":false},"author":2,"featured_media":0,"parent":0,"menu_order":0,"comment_status":"closed","ping_status":"closed","template":"","meta":{"footnotes":""},"class_list":["post-41729","page","type-page","status-publish","hentry"],"acf":[],"yoast_head":"<!-- This site is optimized with the Yoast SEO plugin v27.4 - https:\/\/yoast.com\/product\/yoast-seo-wordpress\/ -->\n<title>Nou plat tortos\u00ed - tortosaturisme<\/title>\n<meta name=\"robots\" content=\"index, follow, max-snippet:-1, max-image-preview:large, max-video-preview:-1\" \/>\n<link rel=\"canonical\" href=\"https:\/\/www.tortosaturisme.cat\/es\/nou-plat-tortosi\/\" \/>\n<meta property=\"og:locale\" content=\"es_ES\" \/>\n<meta property=\"og:type\" content=\"article\" \/>\n<meta property=\"og:title\" content=\"Nou plat tortos\u00ed - tortosaturisme\" \/>\n<meta property=\"og:description\" content=\"[vc_row][vc_column][\/vc_column][\/vc_row][vc_row][vc_column][\/vc_column][\/vc_row][vc_row][vc_column][\/vc_column][\/vc_row][vc_row][vc_column][\/vc_column][\/vc_row][vc_row][vc_column][\/vc_column][\/vc_row][vc_row][vc_column][\/vc_column][\/vc_row][vc_row][vc_column][\/vc_column][\/vc_row][vc_row][vc_column][\/vc_column][\/vc_row]\" \/>\n<meta property=\"og:url\" content=\"https:\/\/www.tortosaturisme.cat\/es\/nou-plat-tortosi\/\" \/>\n<meta property=\"og:site_name\" content=\"tortosaturisme\" \/>\n<meta property=\"article:modified_time\" content=\"2026-04-03T08:43:55+00:00\" \/>\n<meta name=\"twitter:card\" content=\"summary_large_image\" \/>\n<meta name=\"twitter:label1\" content=\"Tiempo de lectura\" \/>\n\t<meta name=\"twitter:data1\" content=\"4 minutos\" \/>\n<script type=\"application\/ld+json\" class=\"yoast-schema-graph\">{\"@context\":\"https:\\\/\\\/schema.org\",\"@graph\":[{\"@type\":\"WebPage\",\"@id\":\"https:\\\/\\\/www.tortosaturisme.cat\\\/es\\\/nou-plat-tortosi\\\/\",\"url\":\"https:\\\/\\\/www.tortosaturisme.cat\\\/es\\\/nou-plat-tortosi\\\/\",\"name\":\"Nou plat tortos\u00ed - tortosaturisme\",\"isPartOf\":{\"@id\":\"https:\\\/\\\/www.tortosaturisme.cat\\\/es\\\/#website\"},\"datePublished\":\"2025-09-22T11:56:13+00:00\",\"dateModified\":\"2026-04-03T08:43:55+00:00\",\"breadcrumb\":{\"@id\":\"https:\\\/\\\/www.tortosaturisme.cat\\\/es\\\/nou-plat-tortosi\\\/#breadcrumb\"},\"inLanguage\":\"es\",\"potentialAction\":[{\"@type\":\"ReadAction\",\"target\":[\"https:\\\/\\\/www.tortosaturisme.cat\\\/es\\\/nou-plat-tortosi\\\/\"]}]},{\"@type\":\"BreadcrumbList\",\"@id\":\"https:\\\/\\\/www.tortosaturisme.cat\\\/es\\\/nou-plat-tortosi\\\/#breadcrumb\",\"itemListElement\":[{\"@type\":\"ListItem\",\"position\":1,\"name\":\"Home\",\"item\":\"https:\\\/\\\/www.tortosaturisme.cat\\\/es\\\/\"},{\"@type\":\"ListItem\",\"position\":2,\"name\":\"Nou plat tortos\u00ed\"}]},{\"@type\":\"WebSite\",\"@id\":\"https:\\\/\\\/www.tortosaturisme.cat\\\/es\\\/#website\",\"url\":\"https:\\\/\\\/www.tortosaturisme.cat\\\/es\\\/\",\"name\":\"tortosaturisme\",\"description\":\"Otro sitio realizado con WordPress\",\"potentialAction\":[{\"@type\":\"SearchAction\",\"target\":{\"@type\":\"EntryPoint\",\"urlTemplate\":\"https:\\\/\\\/www.tortosaturisme.cat\\\/es\\\/?s={search_term_string}\"},\"query-input\":{\"@type\":\"PropertyValueSpecification\",\"valueRequired\":true,\"valueName\":\"search_term_string\"}}],\"inLanguage\":\"es\"}]}<\/script>\n<!-- \/ Yoast SEO plugin. -->","yoast_head_json":{"title":"Nou plat tortos\u00ed - tortosaturisme","robots":{"index":"index","follow":"follow","max-snippet":"max-snippet:-1","max-image-preview":"max-image-preview:large","max-video-preview":"max-video-preview:-1"},"canonical":"https:\/\/www.tortosaturisme.cat\/es\/nou-plat-tortosi\/","og_locale":"es_ES","og_type":"article","og_title":"Nou plat tortos\u00ed - tortosaturisme","og_description":"[vc_row][vc_column][\/vc_column][\/vc_row][vc_row][vc_column][\/vc_column][\/vc_row][vc_row][vc_column][\/vc_column][\/vc_row][vc_row][vc_column][\/vc_column][\/vc_row][vc_row][vc_column][\/vc_column][\/vc_row][vc_row][vc_column][\/vc_column][\/vc_row][vc_row][vc_column][\/vc_column][\/vc_row][vc_row][vc_column][\/vc_column][\/vc_row]","og_url":"https:\/\/www.tortosaturisme.cat\/es\/nou-plat-tortosi\/","og_site_name":"tortosaturisme","article_modified_time":"2026-04-03T08:43:55+00:00","twitter_card":"summary_large_image","twitter_misc":{"Tiempo de lectura":"4 minutos"},"schema":{"@context":"https:\/\/schema.org","@graph":[{"@type":"WebPage","@id":"https:\/\/www.tortosaturisme.cat\/es\/nou-plat-tortosi\/","url":"https:\/\/www.tortosaturisme.cat\/es\/nou-plat-tortosi\/","name":"Nou plat tortos\u00ed - tortosaturisme","isPartOf":{"@id":"https:\/\/www.tortosaturisme.cat\/es\/#website"},"datePublished":"2025-09-22T11:56:13+00:00","dateModified":"2026-04-03T08:43:55+00:00","breadcrumb":{"@id":"https:\/\/www.tortosaturisme.cat\/es\/nou-plat-tortosi\/#breadcrumb"},"inLanguage":"es","potentialAction":[{"@type":"ReadAction","target":["https:\/\/www.tortosaturisme.cat\/es\/nou-plat-tortosi\/"]}]},{"@type":"BreadcrumbList","@id":"https:\/\/www.tortosaturisme.cat\/es\/nou-plat-tortosi\/#breadcrumb","itemListElement":[{"@type":"ListItem","position":1,"name":"Home","item":"https:\/\/www.tortosaturisme.cat\/es\/"},{"@type":"ListItem","position":2,"name":"Nou plat tortos\u00ed"}]},{"@type":"WebSite","@id":"https:\/\/www.tortosaturisme.cat\/es\/#website","url":"https:\/\/www.tortosaturisme.cat\/es\/","name":"tortosaturisme","description":"Otro sitio realizado con WordPress","potentialAction":[{"@type":"SearchAction","target":{"@type":"EntryPoint","urlTemplate":"https:\/\/www.tortosaturisme.cat\/es\/?s={search_term_string}"},"query-input":{"@type":"PropertyValueSpecification","valueRequired":true,"valueName":"search_term_string"}}],"inLanguage":"es"}]}},"_links":{"self":[{"href":"https:\/\/www.tortosaturisme.cat\/es\/wp-json\/wp\/v2\/pages\/41729","targetHints":{"allow":["GET"]}}],"collection":[{"href":"https:\/\/www.tortosaturisme.cat\/es\/wp-json\/wp\/v2\/pages"}],"about":[{"href":"https:\/\/www.tortosaturisme.cat\/es\/wp-json\/wp\/v2\/types\/page"}],"author":[{"embeddable":true,"href":"https:\/\/www.tortosaturisme.cat\/es\/wp-json\/wp\/v2\/users\/2"}],"replies":[{"embeddable":true,"href":"https:\/\/www.tortosaturisme.cat\/es\/wp-json\/wp\/v2\/comments?post=41729"}],"version-history":[{"count":10,"href":"https:\/\/www.tortosaturisme.cat\/es\/wp-json\/wp\/v2\/pages\/41729\/revisions"}],"predecessor-version":[{"id":41747,"href":"https:\/\/www.tortosaturisme.cat\/es\/wp-json\/wp\/v2\/pages\/41729\/revisions\/41747"}],"wp:attachment":[{"href":"https:\/\/www.tortosaturisme.cat\/es\/wp-json\/wp\/v2\/media?parent=41729"}],"curies":[{"name":"wp","href":"https:\/\/api.w.org\/{rel}","templated":true}]}}