{"id":4227,"date":"2018-02-10T10:54:51","date_gmt":"2018-02-10T10:54:51","guid":{"rendered":"http:\/\/tortosaturisme-preprod.incubaliadev.com\/es\/cultiva-lart-de-viure\/"},"modified":"2020-07-23T11:22:12","modified_gmt":"2020-07-23T11:22:12","slug":"cultiva-el-arte-de-vivir","status":"publish","type":"page","link":"https:\/\/www.tortosaturisme.cat\/es\/cultiva-el-arte-de-vivir\/","title":{"rendered":"Cultiva el arte de vivir"},"content":{"rendered":"<p>[vc_row][vc_column]<div class=\"vc-incubalia-big-header\"><h1 class=\"vc-incubalia-big-header__title\">Cultiva el arte de vivir<\/h1><img decoding=\"async\" class=\"vc-incubalia-big-header__mobile-picture\" src=\"https:\/\/www.tortosaturisme.cat\/wp-content\/uploads\/2018\/02\/c-cultiva-mb.jpg\">\n                  <img decoding=\"async\" class=\"vc-incubalia-big-header__desktop-picture\" src=\"https:\/\/www.tortosaturisme.cat\/wp-content\/uploads\/2018\/02\/c-cultiva-d-1920x700.jpg\"><\/div>[\/vc_column][\/vc_row][vc_row][vc_column]<div class=\"vc-incubalia-text-1-column-subtitle\"><h2 class=\"vc-incubalia-text-1-column-subtitle__title\">D\u00e9jate llevar y vive sin prisas<\/h2><h3 class=\"vc-incubalia-text-1-column-subtitle__subtitle\">Historia, naturaleza y buen vivir<\/h3><div class=\"vc-incubalia-text-1-column-subtitle__text\"><\/p><br \/>\n<p style=\"text-align: center;\">\u00bfEs posible imaginar una ciudad con todos los servicios y la calma de un peque\u00f1o municipio junto a la ribera del Ebro? \u00bfEs posible escoger una vida din\u00e1mica, cultural y con numerosas celebraciones pero a la vez poder adentrarte en parajes naturales llenos de paz?\u00a0\u00bfEs posible visitar uno de los conjuntos m\u00e1s destacados de Catalu\u00f1a y, a la vez, sentirte alejado de la civilizaci\u00f3n? <strong>S\u00ed, es posible: eso es Tortosa.\u00a0<\/strong><\/p><br \/>\n<p><\/div><\/div>[\/vc_column][\/vc_row][vc_row][vc_column]<div class=\"vc-incubalia-image-huge\"><img decoding=\"async\" class=\"vc-incubalia-image-huge__mobile-picture brightness-100\" src=\"https:\/\/www.tortosaturisme.cat\/wp-content\/uploads\/2018\/02\/cult-2-mb.jpg\" alt=\"\"><img decoding=\"async\" class=\"vc-incubalia-image-huge__desktop-picture brightness-100\" src=\"https:\/\/www.tortosaturisme.cat\/wp-content\/uploads\/2018\/02\/cult-2-ds.jpg\" alt=\"\"><\/div>[\/vc_column][\/vc_row][vc_row][vc_column]<div class=\"vc-incubalia-text-1-column-subtitle\"><div class=\"vc-incubalia-text-1-column-subtitle__text\"><\/p><br \/>\n<p style=\"text-align: center;\">La visita a Tortosa permite acercarse a los parques naturales del <strong>Delta del Ebro<\/strong> y de <strong>Els Ports<\/strong>. Es <strong>una ciudad entre el mar y la monta\u00f1a<\/strong>.\u00a0Tortosa aglutina la vida econ\u00f3mica, social y cultural m\u00e1s importante del valle inferior del Ebro, siendo su centro comercial y de servicios m\u00e1s destacado. Pero, simult\u00e1neamente, es una ciudad que se caracteriza por el saber hacer de sus habitantes: por su<strong> calma<\/strong>, su <strong>gastronom\u00eda<\/strong> y por poder disfrutar de <strong>una estancia con todos los placeres garantizados.\u00a0<\/strong><\/p><br \/>\n<p><\/div><\/div>[\/vc_column][\/vc_row][vc_row][vc_column]<div class=\"vc-incubalia-text-image-full\"><div class=\"vc-incubalia-text-image-full__image-container\"><img decoding=\"async\" class=\"vc-incubalia-text-image-full__image-mobile\" alt=\"\" src=\"\"><img decoding=\"async\" class=\"vc-incubalia-text-image-full__image-desktop\" alt=\"\" src=\"\"><i class=\"arrow-down\"><\/i><\/div><div class=\"vc-incubalia-text-image-full__text-container\"><div class=\"vc-incubalia-text-image-full__text\"><\/div><\/div><\/div><div class=\"vc-incubalia-text-image-full\"><div class=\"vc-incubalia-text-image-full__image-container\"><img decoding=\"async\" class=\"vc-incubalia-text-image-full__image-mobile\" alt=\"\" src=\"https:\/\/www.tortosaturisme.cat\/wp-content\/uploads\/2018\/02\/cult-3-mb.jpg\"><img decoding=\"async\" class=\"vc-incubalia-text-image-full__image-desktop\" alt=\"\" src=\"https:\/\/www.tortosaturisme.cat\/wp-content\/uploads\/2018\/02\/cult-3-ds-1.jpg\"><i class=\"arrow-down\"><\/i><\/div><div class=\"vc-incubalia-text-image-full__text-container\"><div class=\"vc-incubalia-text-image-full__text\"><\/div><\/div><\/div>[\/vc_column][\/vc_row][vc_row][vc_column]<div class=\"vc-incubalia-text-1-column-subtitle\"><div class=\"vc-incubalia-text-1-column-subtitle__text\"><\/p><br \/>\n<p style=\"text-align: center;\">La ciudad es la capital de una tierra de marcado car\u00e1cter e identidad que se refleja en un legado de m\u00e1s de 2.000 a\u00f1os de historia, en sus fiestas, su gastronom\u00eda y en sus arraigadas tradiciones. Los tortosinos son <strong>amantes de la buena gastronom\u00eda<\/strong>. La cocina aut\u00f3ctona combina los <strong>productos de la huerta<\/strong> con los del <strong>delta<\/strong>, y los de la<strong> monta\u00f1a<\/strong> con los del <strong>mar<\/strong>. La riqueza gastron\u00f3mica llena de contrastes se convierte en un complemento perfecto para disfrutar de la experiencia de descubrir Tortosa. Por su proximidad a los tesoros gastron\u00f3mico a lo largo y ancho de las Tierras del Ebro, Tortosa <strong>dispone de los productos m\u00e1s variados y selectos del territorio<\/strong>: arroz, verduras, hortalizas, setas, c\u00edtricos, fruta dulce, mejillones, langostinos, galeras, anguilas, butifarras, morcillas, cordero&#8230;<\/p><br \/>\n<p><\/div><\/div><div class=\"vc-incubalia-text-image-full\"><div class=\"vc-incubalia-text-image-full__image-container\"><img decoding=\"async\" class=\"vc-incubalia-text-image-full__image-mobile\" alt=\"\" src=\"https:\/\/www.tortosaturisme.cat\/wp-content\/uploads\/2018\/02\/cult-4-mb.jpg\"><img decoding=\"async\" class=\"vc-incubalia-text-image-full__image-desktop\" alt=\"\" src=\"https:\/\/www.tortosaturisme.cat\/wp-content\/uploads\/2018\/02\/cult-4-ds.jpg\"><i class=\"arrow-down\"><\/i><\/div><div class=\"vc-incubalia-text-image-full__text-container\"><div class=\"vc-incubalia-text-image-full__text\"><\/div><\/div><\/div>[\/vc_column][\/vc_row][vc_row][vc_column]<div class=\"vc-incubalia-text-1-column-subtitle\"><div class=\"vc-incubalia-text-1-column-subtitle__text\"><\/p><br \/>\n<p style=\"text-align: center;\">Especialmente en el <strong>Mercado Municipal<\/strong>, lleno de vida por las ma\u00f1anas, se pueden encontrar algunos productos estrella de la ciudad, como son el bacalao, los pastissets y las butifarras de arroz. A lo largo del a\u00f1o, en la ciudad se celebran <strong>eventos\u00a0gastron\u00f3micos<\/strong> como las <strong>Jornadas del Bacalao<\/strong>\u00a0en marzo, las Jornadas de <strong>Cocina Caj\u00fan<\/strong>, coincidiendo con la <strong>Muestra de Jazz<\/strong> en julio, o una <strong>ruta de tapas<\/strong> en oto\u00f1o. Tambi\u00e9n en los pueblos de Tortosa se disfruta de la <strong>Fira de l&#8217;Oli i la Garrofa Jes\u00fas <\/strong>(Aceite y Algarroba), de la <strong>Clementina<\/strong> a B\u00edtem o del <strong>Rovell\u00f3<\/strong> (N\u00edscalo)\u00a0en Reguers, entre otros.<\/p><br \/>\n<p><\/div><\/div><div class=\"vc-incubalia-text-image-full\"><div class=\"vc-incubalia-text-image-full__image-container\"><img decoding=\"async\" class=\"vc-incubalia-text-image-full__image-mobile\" alt=\"\" src=\"https:\/\/www.tortosaturisme.cat\/wp-content\/uploads\/2018\/02\/cult-5-mb.jpg\"><img decoding=\"async\" class=\"vc-incubalia-text-image-full__image-desktop\" alt=\"\" src=\"https:\/\/www.tortosaturisme.cat\/wp-content\/uploads\/2018\/02\/cult-5-ds.jpg\"><i class=\"arrow-down\"><\/i><\/div><div class=\"vc-incubalia-text-image-full__text-container\"><div class=\"vc-incubalia-text-image-full__text\"><\/div><\/div><\/div><div class=\"vc-incubalia-text-1-column-subtitle\"><div class=\"vc-incubalia-text-1-column-subtitle__text\"><\/p><br \/>\n<p style=\"text-align: center;\"><strong>Tortosa es una ciudad que tiene que conocerse recorriendo sus callejones y palacios<\/strong> cargados de pasado, paseando por los\u00a0<strong>rincones llenos de historia<\/strong>, contemplando\u00a0<strong>la vida<\/strong> que hay en cada terraza, en cada plaza; una ciudad de pasado y futuro para disfrutar de todas las posibilidades que ofrece, como disfrutar de una buena comida con vistas al r\u00edo y la Catedral, perderse por los callejones de su casco viejo o tomar un vino durante una puesta de sol a bordo del la\u00fad de la ciudad en medio\u00a0del r\u00edo.<strong>\u00a0En Tortosa practicar\u00e1s el arte de vivir.<\/strong><\/p><br \/>\n<p><\/div><\/div><div class=\"vc-incubalia-5-cards\"><h2 class=\"vc-incubalia-5-cards__title\">Te recomendamos<\/h2><div class=\"vc-incubalia-5-cards__card card-1 has-url\"><a href=\"\/es\/tortosa-en-un-dia\/\"><img decoding=\"async\" class=\"vc-incubalia-5-cards__card-mobile-picture\" src=\"https:\/\/www.tortosaturisme.cat\/wp-content\/uploads\/2018\/02\/B-1280-Tort-1-dia-640x460.jpg\">\n                      <img decoding=\"async\" class=\"vc-incubalia-5-cards__card-desktop-picture\" src=\"https:\/\/www.tortosaturisme.cat\/wp-content\/uploads\/2018\/02\/B-1280-Tort-1-dia.jpg\"><\/a><div class=\"vc-incubalia-5-cards__card-text-container\"><p class=\"vc-incubalia-5-cards__card-title\">Tortosa en un d\u00eda<\/p><\/div><div class=\"vc-incubalia-5-cards__card-url-container\"><span class=\"vc-incubalia-5-cards__card-url\">Leer m\u00e1s<\/span><\/div><\/div><div class=\"vc-incubalia-5-cards__card card-2 has-url\"><a href=\"\/es\/la-cocina-de-las-tierras-del-ebro\/\"><img decoding=\"async\" class=\"vc-incubalia-5-cards__card-mobile-picture\" src=\"https:\/\/www.tortosaturisme.cat\/wp-content\/uploads\/2018\/02\/B-1280-cuina-tor-640x460.jpg\">\n                      <img decoding=\"async\" class=\"vc-incubalia-5-cards__card-desktop-picture\" src=\"https:\/\/www.tortosaturisme.cat\/wp-content\/uploads\/2018\/02\/B-1280-cuina-tor-640x460.jpg\"><\/a><div class=\"vc-incubalia-5-cards__card-text-container\"><p class=\"vc-incubalia-5-cards__card-title\">La cocina de las Tierras del Ebro<\/p><\/div><div class=\"vc-incubalia-5-cards__card-url-container\"><span class=\"vc-incubalia-5-cards__card-url\">Leer m\u00e1s<\/span><\/div><\/div><div class=\"vc-incubalia-5-cards__card-3-and-4-container\"><div class=\"vc-incubalia-5-cards__card card-3 has-url\"><a href=\"\/es\/el-mercado-de-tortosa\/\"><img decoding=\"async\" class=\"vc-incubalia-5-cards__card-mobile-picture\" src=\"https:\/\/www.tortosaturisme.cat\/wp-content\/uploads\/2018\/02\/B-1280-mercat-640x460.jpg\">\n                      <img decoding=\"async\" class=\"vc-incubalia-5-cards__card-desktop-picture\" src=\"https:\/\/www.tortosaturisme.cat\/wp-content\/uploads\/2018\/02\/B-1280-mercat-640x460.jpg\"><\/a><div class=\"vc-incubalia-5-cards__card-text-container\"><p class=\"vc-incubalia-5-cards__card-title\">El Mercado<\/p><\/div><div class=\"vc-incubalia-5-cards__card-url-container\"><span class=\"vc-incubalia-5-cards__card-url\">Leer m\u00e1s<\/span><\/div><\/div><div class=\"vc-incubalia-5-cards__card card-4 has-url\"><a href=\"\/es\/la-via-verde\/\"><img decoding=\"async\" class=\"vc-incubalia-5-cards__card-mobile-picture\" src=\"https:\/\/www.tortosaturisme.cat\/wp-content\/uploads\/2018\/02\/B-1280-via-verda-2-640x460.jpg\">\n                      <img decoding=\"async\" class=\"vc-incubalia-5-cards__card-desktop-picture\" src=\"https:\/\/www.tortosaturisme.cat\/wp-content\/uploads\/2018\/02\/B-1280-via-verda-2-640x460.jpg\"><\/a><div class=\"vc-incubalia-5-cards__card-text-container\"><p class=\"vc-incubalia-5-cards__card-title\">La V\u00eda Verde<\/p><\/div><div class=\"vc-incubalia-5-cards__card-url-container\"><span class=\"vc-incubalia-5-cards__card-url\">Leer m\u00e1s<\/span><\/div><\/div><\/div><div class=\"vc-incubalia-5-cards__card card-5 has-url\"><a href=\"\/es\/ciudad-del-arte\/\"><img decoding=\"async\" class=\"vc-incubalia-5-cards__card-mobile-picture\" src=\"https:\/\/www.tortosaturisme.cat\/wp-content\/uploads\/2018\/02\/b-1280-ciutat-art-640x460.jpg\">\n                      <img decoding=\"async\" class=\"vc-incubalia-5-cards__card-desktop-picture\" src=\"https:\/\/www.tortosaturisme.cat\/wp-content\/uploads\/2018\/02\/b-1280-ciutat-art-640x449.jpg\"><\/a><div class=\"vc-incubalia-5-cards__card-text-container\"><p class=\"vc-incubalia-5-cards__card-title\">Ciudad del arte<\/p><\/div><div class=\"vc-incubalia-5-cards__card-url-container\"><span class=\"vc-incubalia-5-cards__card-url\">Leer m\u00e1s<\/span><\/div><\/div><\/div>[\/vc_column][\/vc_row][vc_row][vc_column]<div class=\"vc-incubalia-3-images\"><h2 class=\"vc-incubalia-3-images__title\">Te proponemos<\/h2><div class=\"vc-incubalia-3-images__image\"><a href=\"\/es\/experiencias\/?experience-type=packs-turistics-es&list-view=cards\"><img decoding=\"async\" src=\"https:\/\/www.tortosaturisme.cat\/wp-content\/uploads\/2018\/02\/B-800-vista-tor.jpg\" alt=\"\"><\/a><a href=\"\/es\/experiencias\/?experience-type=packs-turistics-es&list-view=cards\"><p class=\"vc-incubalia-3-images__image-title\">Experiencias completas<\/p><\/a><p class=\"vc-incubalia-3-images__image-subtitle\">Combina la gastronom\u00eda y las actividades alrededor de la ciudad y la naturaleza<\/p><\/div><div class=\"vc-incubalia-3-images__image\"><a href=\"\/es\/experiencias\/?experience-type=navegacio-es&list-view=cards\"><img decoding=\"async\" src=\"https:\/\/www.tortosaturisme.cat\/wp-content\/uploads\/2018\/02\/B-800-navega-1.jpg\" alt=\"\"><\/a><a href=\"\/es\/experiencias\/?experience-type=navegacio-es&list-view=cards\"><p class=\"vc-incubalia-3-images__image-title\">Navegaciones<\/p><\/a><p class=\"vc-incubalia-3-images__image-subtitle\">Recorre el Ebro con Lo Sirgador, hech\u00edzate con les puestas de sol, prueba los vinos de la Tierra o disfruta de evocadores conciertos a bordo<\/p><\/div><div class=\"vc-incubalia-3-images__image\"><a href=\"\/es\/experiencias\/?experience-type=gastronomiques-es&list-view=cards\"><img decoding=\"async\" src=\"https:\/\/www.tortosaturisme.cat\/wp-content\/uploads\/2018\/02\/B-800-exp-gastro.jpg\" alt=\"\"><\/a><a href=\"\/es\/experiencias\/?experience-type=gastronomiques-es&list-view=cards\"><p class=\"vc-incubalia-3-images__image-title\">Experiencias gastron\u00f3micas<\/p><\/a><p class=\"vc-incubalia-3-images__image-subtitle\">Para los paladares m\u00e1s exigentes<\/p><\/div><\/div>[\/vc_column][\/vc_row]<\/p>\n","protected":false},"excerpt":{"rendered":"<p>[vc_row][vc_column][\/vc_column][\/vc_row][vc_row][vc_column][\/vc_column][\/vc_row][vc_row][vc_column][\/vc_column][\/vc_row][vc_row][vc_column][\/vc_column][\/vc_row][vc_row][vc_column][\/vc_column][\/vc_row][vc_row][vc_column][\/vc_column][\/vc_row][vc_row][vc_column][\/vc_column][\/vc_row][vc_row][vc_column][\/vc_column][\/vc_row]<\/p>\n","protected":false},"author":2,"featured_media":0,"parent":0,"menu_order":402,"comment_status":"closed","ping_status":"closed","template":"","meta":{"footnotes":""},"class_list":["post-4227","page","type-page","status-publish","hentry"],"acf":[],"yoast_head":"<!-- This site is optimized with the Yoast SEO plugin v27.5 - https:\/\/yoast.com\/product\/yoast-seo-wordpress\/ -->\n<title>Una ciudad donde cultivar el arte de vivir - Tortosa Turisme<\/title>\n<meta name=\"description\" content=\"Tortosa es una destinaci\u00f3n muy especial por el saber vivir de sus ciudadanos: se pueden encontrar los servicios de una gran ciudad junto con la calma t\u00edpica de un peque\u00f1o municipio. La uni\u00f3n entre cultura y gastronom\u00eda la convierten en un espacio id\u00f3neo para relajarse y disfrutar de todos los placeres.\" \/>\n<meta name=\"robots\" content=\"index, follow, max-snippet:-1, max-image-preview:large, max-video-preview:-1\" \/>\n<link rel=\"canonical\" href=\"https:\/\/www.tortosaturisme.cat\/es\/cultiva-el-arte-de-vivir\/\" \/>\n<meta property=\"og:locale\" content=\"es_ES\" \/>\n<meta property=\"og:type\" content=\"article\" \/>\n<meta property=\"og:title\" content=\"Una ciudad donde cultivar el arte de vivir - Tortosa Turisme\" \/>\n<meta property=\"og:description\" content=\"Tortosa es una destinaci\u00f3n muy especial por el saber vivir de sus ciudadanos: se pueden encontrar los servicios de una gran ciudad junto con la calma t\u00edpica de un peque\u00f1o municipio. La uni\u00f3n entre cultura y gastronom\u00eda la convierten en un espacio id\u00f3neo para relajarse y disfrutar de todos los placeres.\" \/>\n<meta property=\"og:url\" content=\"https:\/\/www.tortosaturisme.cat\/es\/cultiva-el-arte-de-vivir\/\" \/>\n<meta property=\"og:site_name\" content=\"tortosaturisme\" \/>\n<meta property=\"article:modified_time\" content=\"2020-07-23T11:22:12+00:00\" \/>\n<meta name=\"twitter:card\" content=\"summary_large_image\" \/>\n<meta name=\"twitter:label1\" content=\"Tiempo de lectura\" \/>\n\t<meta name=\"twitter:data1\" content=\"4 minutos\" \/>\n<script type=\"application\/ld+json\" class=\"yoast-schema-graph\">{\"@context\":\"https:\\\/\\\/schema.org\",\"@graph\":[{\"@type\":\"WebPage\",\"@id\":\"https:\\\/\\\/www.tortosaturisme.cat\\\/es\\\/cultiva-el-arte-de-vivir\\\/\",\"url\":\"https:\\\/\\\/www.tortosaturisme.cat\\\/es\\\/cultiva-el-arte-de-vivir\\\/\",\"name\":\"Una ciudad donde cultivar el arte de vivir - Tortosa Turisme\",\"isPartOf\":{\"@id\":\"https:\\\/\\\/www.tortosaturisme.cat\\\/es\\\/#website\"},\"datePublished\":\"2018-02-10T10:54:51+00:00\",\"dateModified\":\"2020-07-23T11:22:12+00:00\",\"description\":\"Tortosa es una destinaci\u00f3n muy especial por el saber vivir de sus ciudadanos: se pueden encontrar los servicios de una gran ciudad junto con la calma t\u00edpica de un peque\u00f1o municipio. La uni\u00f3n entre cultura y gastronom\u00eda la convierten en un espacio id\u00f3neo para relajarse y disfrutar de todos los placeres.\",\"breadcrumb\":{\"@id\":\"https:\\\/\\\/www.tortosaturisme.cat\\\/es\\\/cultiva-el-arte-de-vivir\\\/#breadcrumb\"},\"inLanguage\":\"es\",\"potentialAction\":[{\"@type\":\"ReadAction\",\"target\":[\"https:\\\/\\\/www.tortosaturisme.cat\\\/es\\\/cultiva-el-arte-de-vivir\\\/\"]}]},{\"@type\":\"BreadcrumbList\",\"@id\":\"https:\\\/\\\/www.tortosaturisme.cat\\\/es\\\/cultiva-el-arte-de-vivir\\\/#breadcrumb\",\"itemListElement\":[{\"@type\":\"ListItem\",\"position\":1,\"name\":\"Home\",\"item\":\"https:\\\/\\\/www.tortosaturisme.cat\\\/es\\\/\"},{\"@type\":\"ListItem\",\"position\":2,\"name\":\"Cultiva el arte de vivir\"}]},{\"@type\":\"WebSite\",\"@id\":\"https:\\\/\\\/www.tortosaturisme.cat\\\/es\\\/#website\",\"url\":\"https:\\\/\\\/www.tortosaturisme.cat\\\/es\\\/\",\"name\":\"tortosaturisme\",\"description\":\"Otro sitio realizado con WordPress\",\"potentialAction\":[{\"@type\":\"SearchAction\",\"target\":{\"@type\":\"EntryPoint\",\"urlTemplate\":\"https:\\\/\\\/www.tortosaturisme.cat\\\/es\\\/?s={search_term_string}\"},\"query-input\":{\"@type\":\"PropertyValueSpecification\",\"valueRequired\":true,\"valueName\":\"search_term_string\"}}],\"inLanguage\":\"es\"}]}<\/script>\n<!-- \/ Yoast SEO plugin. -->","yoast_head_json":{"title":"Una ciudad donde cultivar el arte de vivir - Tortosa Turisme","description":"Tortosa es una destinaci\u00f3n muy especial por el saber vivir de sus ciudadanos: se pueden encontrar los servicios de una gran ciudad junto con la calma t\u00edpica de un peque\u00f1o municipio. La uni\u00f3n entre cultura y gastronom\u00eda la convierten en un espacio id\u00f3neo para relajarse y disfrutar de todos los placeres.","robots":{"index":"index","follow":"follow","max-snippet":"max-snippet:-1","max-image-preview":"max-image-preview:large","max-video-preview":"max-video-preview:-1"},"canonical":"https:\/\/www.tortosaturisme.cat\/es\/cultiva-el-arte-de-vivir\/","og_locale":"es_ES","og_type":"article","og_title":"Una ciudad donde cultivar el arte de vivir - Tortosa Turisme","og_description":"Tortosa es una destinaci\u00f3n muy especial por el saber vivir de sus ciudadanos: se pueden encontrar los servicios de una gran ciudad junto con la calma t\u00edpica de un peque\u00f1o municipio. La uni\u00f3n entre cultura y gastronom\u00eda la convierten en un espacio id\u00f3neo para relajarse y disfrutar de todos los placeres.","og_url":"https:\/\/www.tortosaturisme.cat\/es\/cultiva-el-arte-de-vivir\/","og_site_name":"tortosaturisme","article_modified_time":"2020-07-23T11:22:12+00:00","twitter_card":"summary_large_image","twitter_misc":{"Tiempo de lectura":"4 minutos"},"schema":{"@context":"https:\/\/schema.org","@graph":[{"@type":"WebPage","@id":"https:\/\/www.tortosaturisme.cat\/es\/cultiva-el-arte-de-vivir\/","url":"https:\/\/www.tortosaturisme.cat\/es\/cultiva-el-arte-de-vivir\/","name":"Una ciudad donde cultivar el arte de vivir - Tortosa Turisme","isPartOf":{"@id":"https:\/\/www.tortosaturisme.cat\/es\/#website"},"datePublished":"2018-02-10T10:54:51+00:00","dateModified":"2020-07-23T11:22:12+00:00","description":"Tortosa es una destinaci\u00f3n muy especial por el saber vivir de sus ciudadanos: se pueden encontrar los servicios de una gran ciudad junto con la calma t\u00edpica de un peque\u00f1o municipio. La uni\u00f3n entre cultura y gastronom\u00eda la convierten en un espacio id\u00f3neo para relajarse y disfrutar de todos los placeres.","breadcrumb":{"@id":"https:\/\/www.tortosaturisme.cat\/es\/cultiva-el-arte-de-vivir\/#breadcrumb"},"inLanguage":"es","potentialAction":[{"@type":"ReadAction","target":["https:\/\/www.tortosaturisme.cat\/es\/cultiva-el-arte-de-vivir\/"]}]},{"@type":"BreadcrumbList","@id":"https:\/\/www.tortosaturisme.cat\/es\/cultiva-el-arte-de-vivir\/#breadcrumb","itemListElement":[{"@type":"ListItem","position":1,"name":"Home","item":"https:\/\/www.tortosaturisme.cat\/es\/"},{"@type":"ListItem","position":2,"name":"Cultiva el arte de vivir"}]},{"@type":"WebSite","@id":"https:\/\/www.tortosaturisme.cat\/es\/#website","url":"https:\/\/www.tortosaturisme.cat\/es\/","name":"tortosaturisme","description":"Otro sitio realizado con WordPress","potentialAction":[{"@type":"SearchAction","target":{"@type":"EntryPoint","urlTemplate":"https:\/\/www.tortosaturisme.cat\/es\/?s={search_term_string}"},"query-input":{"@type":"PropertyValueSpecification","valueRequired":true,"valueName":"search_term_string"}}],"inLanguage":"es"}]}},"_links":{"self":[{"href":"https:\/\/www.tortosaturisme.cat\/es\/wp-json\/wp\/v2\/pages\/4227","targetHints":{"allow":["GET"]}}],"collection":[{"href":"https:\/\/www.tortosaturisme.cat\/es\/wp-json\/wp\/v2\/pages"}],"about":[{"href":"https:\/\/www.tortosaturisme.cat\/es\/wp-json\/wp\/v2\/types\/page"}],"author":[{"embeddable":true,"href":"https:\/\/www.tortosaturisme.cat\/es\/wp-json\/wp\/v2\/users\/2"}],"replies":[{"embeddable":true,"href":"https:\/\/www.tortosaturisme.cat\/es\/wp-json\/wp\/v2\/comments?post=4227"}],"version-history":[{"count":13,"href":"https:\/\/www.tortosaturisme.cat\/es\/wp-json\/wp\/v2\/pages\/4227\/revisions"}],"predecessor-version":[{"id":15005,"href":"https:\/\/www.tortosaturisme.cat\/es\/wp-json\/wp\/v2\/pages\/4227\/revisions\/15005"}],"wp:attachment":[{"href":"https:\/\/www.tortosaturisme.cat\/es\/wp-json\/wp\/v2\/media?parent=4227"}],"curies":[{"name":"wp","href":"https:\/\/api.w.org\/{rel}","templated":true}]}}