{"id":4239,"date":"2018-02-20T10:08:13","date_gmt":"2018-02-20T10:08:13","guid":{"rendered":"http:\/\/tortosaturisme-preprod.incubaliadev.com\/es\/descobreix-tortosa\/"},"modified":"2018-05-02T15:32:16","modified_gmt":"2018-05-02T15:32:16","slug":"descubre-tortosa","status":"publish","type":"page","link":"https:\/\/www.tortosaturisme.cat\/es\/descubre-tortosa\/","title":{"rendered":"Descubre Tortosa"},"content":{"rendered":"<p>[vc_row][vc_column][\/vc_column][\/vc_row][vc_row][vc_column][\/vc_column][\/vc_row][vc_row][vc_column]<div class=\"vc-incubalia-medium-header\"><h1 class=\"vc-incubalia-medium-header__title\">Descubre Tortosa<\/h1><img decoding=\"async\" class=\"vc-incubalia-medium-header__mobile-picture\" src=\"https:\/\/www.tortosaturisme.cat\/wp-content\/uploads\/2018\/02\/1-descobreix-mb.jpg\">\n                  <img decoding=\"async\" class=\"vc-incubalia-medium-header__desktop-picture\" src=\"https:\/\/www.tortosaturisme.cat\/wp-content\/uploads\/2018\/02\/1-descobreix-ds.jpg\"><\/div>[\/vc_column][\/vc_row][vc_row][vc_column]<div class=\"vc-incubalia-4-images\"><h2 class=\"vc-incubalia-4-images__title\">Ven a una ciudad hist\u00f3rica rodeada por la naturaleza m\u00e1s aut\u00e9ntica<\/h2><div class=\"vc-incubalia-4-images__image has-url\"\"><a href=\"\/es\/10-razones-para-venir\/\"><img decoding=\"async\" src=\"https:\/\/www.tortosaturisme.cat\/wp-content\/uploads\/2018\/02\/b-900-10-raons.jpg\" alt=\"\"><\/a><div class=\"vc-incubalia-4-images__image-text-container\"><p class=\"vc-incubalia-4-images__image-title\">10 razones para venir<\/p><\/div><div class=\"vc-incubalia-4-images__image-url-container\"><span class=\"vc-incubalia-4-images__image-url\">Leer m\u00e1s<\/span><\/div><\/div><div class=\"vc-incubalia-4-images__image has-url\"\"><a href=\"\/es\/la-ciudad-del-renacimiento\/\"><img decoding=\"async\" src=\"https:\/\/www.tortosaturisme.cat\/wp-content\/uploads\/2018\/02\/b-900-ciutat-del-renaixement.jpg\" alt=\"\"><\/a><div class=\"vc-incubalia-4-images__image-text-container\"><p class=\"vc-incubalia-4-images__image-title\">La ciudad del Renacimiento <\/p><\/div><div class=\"vc-incubalia-4-images__image-url-container\"><span class=\"vc-incubalia-4-images__image-url\">Leer m\u00e1s<\/span><\/div><\/div><div class=\"vc-incubalia-4-images__image has-url\"\"><a href=\"\/es\/cultiva-el-arte-de-vivir\/\"><img decoding=\"async\" src=\"https:\/\/www.tortosaturisme.cat\/wp-content\/uploads\/2018\/02\/b-900-cultiva-art-de-viure.jpg\" alt=\"\"><\/a><div class=\"vc-incubalia-4-images__image-text-container\"><p class=\"vc-incubalia-4-images__image-title\">Cultiva el arte de vivir<\/p><\/div><div class=\"vc-incubalia-4-images__image-url-container\"><span class=\"vc-incubalia-4-images__image-url\">Leer m\u00e1s<\/span><\/div><\/div><div class=\"vc-incubalia-4-images__image has-url\"\"><a href=\"\/es\/el-gran-rio\/\"><img decoding=\"async\" src=\"https:\/\/www.tortosaturisme.cat\/wp-content\/uploads\/2018\/02\/b-900-el-gran-riu.jpg\" alt=\"\"><\/a><div class=\"vc-incubalia-4-images__image-text-container\"><p class=\"vc-incubalia-4-images__image-title\">El Ebro, el gran r\u00edo<\/p><\/div><div class=\"vc-incubalia-4-images__image-url-container\"><span class=\"vc-incubalia-4-images__image-url\">Leer m\u00e1s<\/span><\/div><\/div><\/div><div class=\"vc-incubalia-4-images\"><div class=\"vc-incubalia-4-images__image has-url\"\"><a href=\"\/es\/en-el-corazon-de-la-reserva-de-la-biosfera\/\"><img decoding=\"async\" src=\"https:\/\/www.tortosaturisme.cat\/wp-content\/uploads\/2018\/02\/b-900-cor-reserva-biosfera.jpg\" alt=\"\"><\/a><div class=\"vc-incubalia-4-images__image-text-container\"><p class=\"vc-incubalia-4-images__image-title\">En el coraz\u00f3n de la Reserva de la biosfera<\/p><\/div><div class=\"vc-incubalia-4-images__image-url-container\"><span class=\"vc-incubalia-4-images__image-url\">Leer m\u00e1s<\/span><\/div><\/div><div class=\"vc-incubalia-4-images__image has-url\"\"><a href=\"\/es\/la-huella-judia\/\"><img decoding=\"async\" src=\"https:\/\/www.tortosaturisme.cat\/wp-content\/uploads\/2018\/02\/empremta-jueva-1.jpg\" alt=\"\"><\/a><div class=\"vc-incubalia-4-images__image-text-container\"><p class=\"vc-incubalia-4-images__image-title\">La huella jud\u00eda<\/p><\/div><div class=\"vc-incubalia-4-images__image-url-container\"><span class=\"vc-incubalia-4-images__image-url\">Leer m\u00e1s<\/span><\/div><\/div><div class=\"vc-incubalia-4-images__image has-url\"\"><a href=\"\/es\/la-llave-de-cataluna\/\"><img decoding=\"async\" src=\"https:\/\/www.tortosaturisme.cat\/wp-content\/uploads\/2018\/02\/b-900-clau-catalunya.jpg\" alt=\"\"><\/a><div class=\"vc-incubalia-4-images__image-text-container\"><p class=\"vc-incubalia-4-images__image-title\">La llave de Catalu\u00f1a<\/p><\/div><div class=\"vc-incubalia-4-images__image-url-container\"><span class=\"vc-incubalia-4-images__image-url\">Leer m\u00e1s<\/span><\/div><\/div><div class=\"vc-incubalia-4-images__image has-url\"\"><a href=\"\/es\/ciudad-del-arte\/\"><img decoding=\"async\" src=\"https:\/\/www.tortosaturisme.cat\/wp-content\/uploads\/2018\/02\/b-900-ciutat-art.jpg\" alt=\"\"><\/a><div class=\"vc-incubalia-4-images__image-text-container\"><p class=\"vc-incubalia-4-images__image-title\">Ciudad del arte<\/p><\/div><div class=\"vc-incubalia-4-images__image-url-container\"><span class=\"vc-incubalia-4-images__image-url\">Leer m\u00e1s<\/span><\/div><\/div><\/div>[\/vc_column][\/vc_row]<\/p>\n","protected":false},"excerpt":{"rendered":"<p>[vc_row][vc_column][\/vc_column][\/vc_row][vc_row][vc_column][\/vc_column][\/vc_row][vc_row][vc_column][\/vc_column][\/vc_row][vc_row][vc_column][\/vc_column][\/vc_row]<\/p>\n","protected":false},"author":2,"featured_media":0,"parent":0,"menu_order":293,"comment_status":"closed","ping_status":"closed","template":"","meta":{"footnotes":""},"class_list":["post-4239","page","type-page","status-publish","hentry"],"acf":[],"yoast_head":"<!-- This site is optimized with the Yoast SEO plugin v27.3 - https:\/\/yoast.com\/product\/yoast-seo-wordpress\/ -->\n<title>Descubre una ciudad y un entorno privilegiados - Tortosa Turisme<\/title>\n<meta name=\"description\" content=\"Tortosa se encuentra en un lugar privilegiado, rodeada de espacios de gran importancia cultural, pero tambi\u00e9n natural. Su legado hist\u00f3rico y el estar circundada por dos parques naturales la convierten en una destinaci\u00f3n \u00fanica.\" \/>\n<meta name=\"robots\" content=\"index, follow, max-snippet:-1, max-image-preview:large, max-video-preview:-1\" \/>\n<link rel=\"canonical\" href=\"https:\/\/www.tortosaturisme.cat\/es\/descubre-tortosa\/\" \/>\n<meta property=\"og:locale\" content=\"es_ES\" \/>\n<meta property=\"og:type\" content=\"article\" \/>\n<meta property=\"og:title\" content=\"Descubre una ciudad y un entorno privilegiados - Tortosa Turisme\" \/>\n<meta property=\"og:description\" content=\"Tortosa se encuentra en un lugar privilegiado, rodeada de espacios de gran importancia cultural, pero tambi\u00e9n natural. Su legado hist\u00f3rico y el estar circundada por dos parques naturales la convierten en una destinaci\u00f3n \u00fanica.\" \/>\n<meta property=\"og:url\" content=\"https:\/\/www.tortosaturisme.cat\/es\/descubre-tortosa\/\" \/>\n<meta property=\"og:site_name\" content=\"tortosaturisme\" \/>\n<meta property=\"article:modified_time\" content=\"2018-05-02T15:32:16+00:00\" \/>\n<meta name=\"twitter:card\" content=\"summary_large_image\" \/>\n<meta name=\"twitter:label1\" content=\"Tiempo de lectura\" \/>\n\t<meta name=\"twitter:data1\" content=\"1 minuto\" \/>\n<script type=\"application\/ld+json\" class=\"yoast-schema-graph\">{\"@context\":\"https:\\\/\\\/schema.org\",\"@graph\":[{\"@type\":\"WebPage\",\"@id\":\"https:\\\/\\\/www.tortosaturisme.cat\\\/es\\\/descubre-tortosa\\\/\",\"url\":\"https:\\\/\\\/www.tortosaturisme.cat\\\/es\\\/descubre-tortosa\\\/\",\"name\":\"Descubre una ciudad y un entorno privilegiados - Tortosa Turisme\",\"isPartOf\":{\"@id\":\"https:\\\/\\\/www.tortosaturisme.cat\\\/es\\\/#website\"},\"datePublished\":\"2018-02-20T10:08:13+00:00\",\"dateModified\":\"2018-05-02T15:32:16+00:00\",\"description\":\"Tortosa se encuentra en un lugar privilegiado, rodeada de espacios de gran importancia cultural, pero tambi\u00e9n natural. Su legado hist\u00f3rico y el estar circundada por dos parques naturales la convierten en una destinaci\u00f3n \u00fanica.\",\"breadcrumb\":{\"@id\":\"https:\\\/\\\/www.tortosaturisme.cat\\\/es\\\/descubre-tortosa\\\/#breadcrumb\"},\"inLanguage\":\"es\",\"potentialAction\":[{\"@type\":\"ReadAction\",\"target\":[\"https:\\\/\\\/www.tortosaturisme.cat\\\/es\\\/descubre-tortosa\\\/\"]}]},{\"@type\":\"BreadcrumbList\",\"@id\":\"https:\\\/\\\/www.tortosaturisme.cat\\\/es\\\/descubre-tortosa\\\/#breadcrumb\",\"itemListElement\":[{\"@type\":\"ListItem\",\"position\":1,\"name\":\"Home\",\"item\":\"https:\\\/\\\/www.tortosaturisme.cat\\\/es\\\/\"},{\"@type\":\"ListItem\",\"position\":2,\"name\":\"Descubre Tortosa\"}]},{\"@type\":\"WebSite\",\"@id\":\"https:\\\/\\\/www.tortosaturisme.cat\\\/es\\\/#website\",\"url\":\"https:\\\/\\\/www.tortosaturisme.cat\\\/es\\\/\",\"name\":\"tortosaturisme\",\"description\":\"Otro sitio realizado con WordPress\",\"potentialAction\":[{\"@type\":\"SearchAction\",\"target\":{\"@type\":\"EntryPoint\",\"urlTemplate\":\"https:\\\/\\\/www.tortosaturisme.cat\\\/es\\\/?s={search_term_string}\"},\"query-input\":{\"@type\":\"PropertyValueSpecification\",\"valueRequired\":true,\"valueName\":\"search_term_string\"}}],\"inLanguage\":\"es\"}]}<\/script>\n<!-- \/ Yoast SEO plugin. -->","yoast_head_json":{"title":"Descubre una ciudad y un entorno privilegiados - Tortosa Turisme","description":"Tortosa se encuentra en un lugar privilegiado, rodeada de espacios de gran importancia cultural, pero tambi\u00e9n natural. Su legado hist\u00f3rico y el estar circundada por dos parques naturales la convierten en una destinaci\u00f3n \u00fanica.","robots":{"index":"index","follow":"follow","max-snippet":"max-snippet:-1","max-image-preview":"max-image-preview:large","max-video-preview":"max-video-preview:-1"},"canonical":"https:\/\/www.tortosaturisme.cat\/es\/descubre-tortosa\/","og_locale":"es_ES","og_type":"article","og_title":"Descubre una ciudad y un entorno privilegiados - Tortosa Turisme","og_description":"Tortosa se encuentra en un lugar privilegiado, rodeada de espacios de gran importancia cultural, pero tambi\u00e9n natural. Su legado hist\u00f3rico y el estar circundada por dos parques naturales la convierten en una destinaci\u00f3n \u00fanica.","og_url":"https:\/\/www.tortosaturisme.cat\/es\/descubre-tortosa\/","og_site_name":"tortosaturisme","article_modified_time":"2018-05-02T15:32:16+00:00","twitter_card":"summary_large_image","twitter_misc":{"Tiempo de lectura":"1 minuto"},"schema":{"@context":"https:\/\/schema.org","@graph":[{"@type":"WebPage","@id":"https:\/\/www.tortosaturisme.cat\/es\/descubre-tortosa\/","url":"https:\/\/www.tortosaturisme.cat\/es\/descubre-tortosa\/","name":"Descubre una ciudad y un entorno privilegiados - Tortosa Turisme","isPartOf":{"@id":"https:\/\/www.tortosaturisme.cat\/es\/#website"},"datePublished":"2018-02-20T10:08:13+00:00","dateModified":"2018-05-02T15:32:16+00:00","description":"Tortosa se encuentra en un lugar privilegiado, rodeada de espacios de gran importancia cultural, pero tambi\u00e9n natural. Su legado hist\u00f3rico y el estar circundada por dos parques naturales la convierten en una destinaci\u00f3n \u00fanica.","breadcrumb":{"@id":"https:\/\/www.tortosaturisme.cat\/es\/descubre-tortosa\/#breadcrumb"},"inLanguage":"es","potentialAction":[{"@type":"ReadAction","target":["https:\/\/www.tortosaturisme.cat\/es\/descubre-tortosa\/"]}]},{"@type":"BreadcrumbList","@id":"https:\/\/www.tortosaturisme.cat\/es\/descubre-tortosa\/#breadcrumb","itemListElement":[{"@type":"ListItem","position":1,"name":"Home","item":"https:\/\/www.tortosaturisme.cat\/es\/"},{"@type":"ListItem","position":2,"name":"Descubre Tortosa"}]},{"@type":"WebSite","@id":"https:\/\/www.tortosaturisme.cat\/es\/#website","url":"https:\/\/www.tortosaturisme.cat\/es\/","name":"tortosaturisme","description":"Otro sitio realizado con WordPress","potentialAction":[{"@type":"SearchAction","target":{"@type":"EntryPoint","urlTemplate":"https:\/\/www.tortosaturisme.cat\/es\/?s={search_term_string}"},"query-input":{"@type":"PropertyValueSpecification","valueRequired":true,"valueName":"search_term_string"}}],"inLanguage":"es"}]}},"_links":{"self":[{"href":"https:\/\/www.tortosaturisme.cat\/es\/wp-json\/wp\/v2\/pages\/4239","targetHints":{"allow":["GET"]}}],"collection":[{"href":"https:\/\/www.tortosaturisme.cat\/es\/wp-json\/wp\/v2\/pages"}],"about":[{"href":"https:\/\/www.tortosaturisme.cat\/es\/wp-json\/wp\/v2\/types\/page"}],"author":[{"embeddable":true,"href":"https:\/\/www.tortosaturisme.cat\/es\/wp-json\/wp\/v2\/users\/2"}],"replies":[{"embeddable":true,"href":"https:\/\/www.tortosaturisme.cat\/es\/wp-json\/wp\/v2\/comments?post=4239"}],"version-history":[{"count":4,"href":"https:\/\/www.tortosaturisme.cat\/es\/wp-json\/wp\/v2\/pages\/4239\/revisions"}],"predecessor-version":[{"id":6233,"href":"https:\/\/www.tortosaturisme.cat\/es\/wp-json\/wp\/v2\/pages\/4239\/revisions\/6233"}],"wp:attachment":[{"href":"https:\/\/www.tortosaturisme.cat\/es\/wp-json\/wp\/v2\/media?parent=4239"}],"curies":[{"name":"wp","href":"https:\/\/api.w.org\/{rel}","templated":true}]}}