{"id":4249,"date":"2018-02-13T19:40:06","date_gmt":"2018-02-13T19:40:06","guid":{"rendered":"http:\/\/tortosaturisme-preprod.incubaliadev.com\/es\/el-millor-de-la-terra\/"},"modified":"2020-11-16T12:07:27","modified_gmt":"2020-11-16T12:07:27","slug":"lo-mejor-de-la-tierra","status":"publish","type":"page","link":"https:\/\/www.tortosaturisme.cat\/es\/lo-mejor-de-la-tierra\/","title":{"rendered":"Lo mejor de la tierra"},"content":{"rendered":"<p>[vc_row][vc_column]<div class=\"vc-incubalia-big-header\"><h1 class=\"vc-incubalia-big-header__title\">Lo mejor de la tierra<\/h1><img decoding=\"async\" class=\"vc-incubalia-big-header__mobile-picture\" src=\"https:\/\/www.tortosaturisme.cat\/wp-content\/uploads\/2018\/02\/1-millor-terra-mb-e1560963822548.jpg\">\n                  <img decoding=\"async\" class=\"vc-incubalia-big-header__desktop-picture\" src=\"https:\/\/www.tortosaturisme.cat\/wp-content\/uploads\/2018\/02\/1-millor-terra-ds.jpg\"><\/div>[\/vc_column][\/vc_row][vc_row][vc_column]<div class=\"vc-incubalia-text-1-column-subtitle\"><h2 class=\"vc-incubalia-text-1-column-subtitle__title\">Un territorio que disfruta de una gastronom\u00eda privilegiada por su valioso entorno natural<\/h2><h3 class=\"vc-incubalia-text-1-column-subtitle__subtitle\"> En Tortosa se pueden degustar los productos de todas las Tierras del Ebro sin tener que desplazarnos <\/h3><div class=\"vc-incubalia-text-1-column-subtitle__text\"><\/p><br \/>\n<p style=\"text-align: center;\">De entre algunos <strong>de los tesoros de la tierra a probar durante nuestra visita en Tortosa<\/strong>,\u00a0sin duda uno de los m\u00e1s recomendables es el <b>aceite<\/b>, que adem\u00e1s est\u00e1 reconocido con la <strong>Denominaci\u00f3n de Origen Protegida Baix Ebre\u2013Montsi\u00e0<\/strong>. Las variedades incluidas son la <strong>morruda<\/strong>, la <strong>sevillenca<\/strong> y la <strong>farga<\/strong>. Se tratan de aceites muy sabrosos y arom\u00e1ticos, de sabor afrutado al principio de la campa\u00f1a y m\u00e1s dulces cuando est\u00e1 m\u00e1s avanzada.<\/p><br \/>\n<p><\/div><\/div>[\/vc_column][\/vc_row][vc_row][vc_column]<div class=\"vc-incubalia-image-huge\"><img decoding=\"async\" class=\"vc-incubalia-image-huge__mobile-picture brightness-100\" src=\"https:\/\/www.tortosaturisme.cat\/wp-content\/uploads\/2018\/02\/2-millor-terra-mb-1.jpg\" alt=\"\"><img decoding=\"async\" class=\"vc-incubalia-image-huge__desktop-picture brightness-100\" src=\"https:\/\/www.tortosaturisme.cat\/wp-content\/uploads\/2018\/02\/2-millor-terra-ds-1.jpg\" alt=\"\"><\/div><div class=\"vc-incubalia-text-1-column-subtitle\"><div class=\"vc-incubalia-text-1-column-subtitle__text\"><\/p><br \/>\n<p style=\"text-align: center;\">Sin duda, <strong>los amantes del arroz encontrar\u00e1n aqu\u00ed su para\u00edso particular<\/strong>. El arroz es uno de los cultivos m\u00e1s tradicionales en el Delta del Ebro y la importancia de este producto dentro la gastronom\u00eda local es enorme. Su alta calidad se debe a las singulares caracter\u00edsticas de la tierra y la salinidad del agua.<\/p><br \/>\n<p><\/div><\/div>[\/vc_column][\/vc_row][vc_row][vc_column]<div class=\"vc-incubalia-image-huge\"><img decoding=\"async\" class=\"vc-incubalia-image-huge__mobile-picture brightness-100\" src=\"https:\/\/www.tortosaturisme.cat\/wp-content\/uploads\/2018\/02\/3-millor-terra-mb-1.jpg\" alt=\"\"><img decoding=\"async\" class=\"vc-incubalia-image-huge__desktop-picture brightness-100\" src=\"https:\/\/www.tortosaturisme.cat\/wp-content\/uploads\/2018\/02\/3-millor-terra-ds-1.jpg\" alt=\"\"><\/div>[\/vc_column][\/vc_row][vc_row][vc_column]<div class=\"vc-incubalia-text-1-column-subtitle\"><div class=\"vc-incubalia-text-1-column-subtitle__text\"><\/p><br \/>\n<p style=\"text-align: center;\">Por lo que respecta a las hortalizas, las <strong>alcachofas<\/strong> ebrencas destacan por ser primerizas, tiernas y sabrosas. En cuanto a la fruta, las mejor valoradas que podemos probar son principalmente dos, los\u00a0<strong>melocotones<\/strong>\u00a0y las <strong>clementinas<\/strong>. Los melocotones son el principal cultivo de fruta dulce de la Ribera de Ebro, con una pulpa muy jugosa y gran sabor. Las <strong>clementinas<\/strong> son un h\u00edbrido entre la mandarina com\u00fan y la naranja amarga. Son de un color intenso y tienen un gran porcentaje de jugo, son <strong>Denominaci\u00f3n de Origen Protegida<\/strong>. Durante la primavera son muy apreciadas las <strong>cerezas<\/strong>, de Pa\u00fcls o la Ribera de Ebro.<\/p><br \/>\n<p style=\"text-align: center;\">Finalmente, para los amantes de la <strong>miel<\/strong>,<strong>\u00a0<\/strong>cabe recordar que en las Tierras del Ebro, hay dos pueblos de larga tradici\u00f3n ap\u00edcola y reconocida miel: Arnes y el Perell\u00f3.<\/p><br \/>\n<p><\/div><\/div><div class=\"vc-incubalia-5-cards\"><h2 class=\"vc-incubalia-5-cards__title\">Te recomendamos<\/h2><div class=\"vc-incubalia-5-cards__card card-1 has-url\"><a href=\"\/es\/una-escapada-de-fin-de-semana\/\"><img decoding=\"async\" class=\"vc-incubalia-5-cards__card-mobile-picture\" src=\"https:\/\/www.tortosaturisme.cat\/wp-content\/uploads\/2018\/02\/b-1280-escapda-cap-de-setmana-640x460.jpg\">\n                      <img decoding=\"async\" class=\"vc-incubalia-5-cards__card-desktop-picture\" src=\"https:\/\/www.tortosaturisme.cat\/wp-content\/uploads\/2018\/02\/b-1280-escapda-cap-de-setmana.jpg\"><\/a><div class=\"vc-incubalia-5-cards__card-text-container\"><p class=\"vc-incubalia-5-cards__card-title\">Un fin de semana ideal<\/p><p class=\"vc-incubalia-5-cards__card-subtitle\">Descubre la ciudad y el territorio<\/p><\/div><div class=\"vc-incubalia-5-cards__card-url-container\"><span class=\"vc-incubalia-5-cards__card-url\">Leer m\u00e1s<\/span><\/div><\/div><div class=\"vc-incubalia-5-cards__card card-2 has-url\"><a href=\"\/es\/jornadas-gastronomicas\/\"><img decoding=\"async\" class=\"vc-incubalia-5-cards__card-mobile-picture\" src=\"https:\/\/www.tortosaturisme.cat\/wp-content\/uploads\/2018\/02\/b-1280-jornades-cuina-640x460.jpg\">\n                      <img decoding=\"async\" class=\"vc-incubalia-5-cards__card-desktop-picture\" src=\"https:\/\/www.tortosaturisme.cat\/wp-content\/uploads\/2018\/02\/b-1280-jornades-cuina-640x460.jpg\"><\/a><div class=\"vc-incubalia-5-cards__card-text-container\"><p class=\"vc-incubalia-5-cards__card-title\">Jornadas culinarias<\/p><\/div><div class=\"vc-incubalia-5-cards__card-url-container\"><span class=\"vc-incubalia-5-cards__card-url\">Leer m\u00e1s<\/span><\/div><\/div><div class=\"vc-incubalia-5-cards__card-3-and-4-container\"><div class=\"vc-incubalia-5-cards__card card-3 has-url\"><a href=\"\/es\/el-mercado-de-tortosa\/\"><img decoding=\"async\" class=\"vc-incubalia-5-cards__card-mobile-picture\" src=\"https:\/\/www.tortosaturisme.cat\/wp-content\/uploads\/2018\/02\/b-1280-el-mercat-f-640x460.jpg\">\n                      <img decoding=\"async\" class=\"vc-incubalia-5-cards__card-desktop-picture\" src=\"https:\/\/www.tortosaturisme.cat\/wp-content\/uploads\/2018\/02\/b-1280-el-mercat-f-640x460.jpg\"><\/a><div class=\"vc-incubalia-5-cards__card-text-container\"><p class=\"vc-incubalia-5-cards__card-title\">El Mercado<\/p><\/div><div class=\"vc-incubalia-5-cards__card-url-container\"><span class=\"vc-incubalia-5-cards__card-url\">Leer m\u00e1s<\/span><\/div><\/div><div class=\"vc-incubalia-5-cards__card card-4 has-url\"><a href=\"\/es\/la-do-terra-alta\/\"><img decoding=\"async\" class=\"vc-incubalia-5-cards__card-mobile-picture\" src=\"https:\/\/www.tortosaturisme.cat\/wp-content\/uploads\/2018\/02\/1280-b-el-millor-de-la-terra-640x460.jpg\">\n                      <img decoding=\"async\" class=\"vc-incubalia-5-cards__card-desktop-picture\" src=\"https:\/\/www.tortosaturisme.cat\/wp-content\/uploads\/2018\/02\/1280-b-el-millor-de-la-terra-640x460.jpg\"><\/a><div class=\"vc-incubalia-5-cards__card-text-container\"><p class=\"vc-incubalia-5-cards__card-title\">DO Terra Alta<\/p><p class=\"vc-incubalia-5-cards__card-subtitle\">La denominaci\u00f3n de origen de las Tierras del Ebro<\/p><\/div><div class=\"vc-incubalia-5-cards__card-url-container\"><span class=\"vc-incubalia-5-cards__card-url\">Leer m\u00e1s<\/span><\/div><\/div><\/div><div class=\"vc-incubalia-5-cards__card card-5 has-url\"><a href=\"\/es\/lo-mejor-de-la-tierra\/\"><img decoding=\"async\" class=\"vc-incubalia-5-cards__card-mobile-picture\" src=\"https:\/\/www.tortosaturisme.cat\/wp-content\/uploads\/2018\/02\/b-1280-millor-terra-640x460.jpg\">\n                      <img decoding=\"async\" class=\"vc-incubalia-5-cards__card-desktop-picture\" src=\"https:\/\/www.tortosaturisme.cat\/wp-content\/uploads\/2018\/02\/b-1280-millor-terra-640x449.jpg\"><\/a><div class=\"vc-incubalia-5-cards__card-text-container\"><p class=\"vc-incubalia-5-cards__card-title\">Lo mejor de la tierra<\/p><p class=\"vc-incubalia-5-cards__card-subtitle\">Un territorio exuberante <\/p><\/div><div class=\"vc-incubalia-5-cards__card-url-container\"><span class=\"vc-incubalia-5-cards__card-url\">Leer m\u00e1s<\/span><\/div><\/div><\/div><div class=\"vc-incubalia-3-images\"><h2 class=\"vc-incubalia-3-images__title\">Te proponemos<\/h2><div class=\"vc-incubalia-3-images__image\"><a href=\"\/es\/restaurantes\/\"><img decoding=\"async\" src=\"https:\/\/www.tortosaturisme.cat\/wp-content\/uploads\/2018\/02\/b-800-experiencies-gastronomiques-d.jpg\" alt=\"\"><\/a><a href=\"\/es\/restaurantes\/\"><p class=\"vc-incubalia-3-images__image-title\">Restaurantes<\/p><\/a><p class=\"vc-incubalia-3-images__image-subtitle\">\u00bfSe te hace la boca agua? Prueba los productos de la tierra en los restaurantes de Tortosa<\/p><\/div><div class=\"vc-incubalia-3-images__image\"><a href=\"\/es\/la-cocina-de-las-tierras-del-ebro\/\"><img decoding=\"async\" src=\"https:\/\/www.tortosaturisme.cat\/wp-content\/uploads\/2018\/02\/B-800-600-cuina.jpg\" alt=\"\"><\/a><a href=\"\/es\/la-cocina-de-las-tierras-del-ebro\/\"><p class=\"vc-incubalia-3-images__image-title\">Gastronom\u00eda<\/p><\/a><p class=\"vc-incubalia-3-images__image-subtitle\">Descubre una cocina arraigada a la tierra<\/p><\/div><div class=\"vc-incubalia-3-images__image\"><a href=\"\/es\/rutas\/\"><img decoding=\"async\" src=\"https:\/\/www.tortosaturisme.cat\/wp-content\/uploads\/2018\/02\/B-800-600-rutes.jpg\" alt=\"\"><\/a><a href=\"\/es\/rutas\/\"><p class=\"vc-incubalia-3-images__image-title\">Rutas<\/p><\/a><p class=\"vc-incubalia-3-images__image-subtitle\">Recorre la ciudad y ad\u00e9ntrate en su historia<\/p><\/div><\/div>[\/vc_column][\/vc_row][vc_row][vc_column]<div class=\"vc-incubalia-4-images\"><h2 class=\"vc-incubalia-4-images__title\">Vive la ciudad y el territorio<\/h2><div class=\"vc-incubalia-4-images__image has-url\"\"><a href=\"\/es\/experiencias\/\"><img decoding=\"async\" src=\"https:\/\/www.tortosaturisme.cat\/wp-content\/uploads\/2018\/02\/B-experiencies.jpg\" alt=\"\"><\/a><div class=\"vc-incubalia-4-images__image-text-container\"><p class=\"vc-incubalia-4-images__image-title\">Experiencias <\/p><p class=\"vc-incubalia-4-images__image-subtitle\">Actividades culturales, de aventura, en grupo, para toda la familia y, sobretodo, \u00a1para disfrutar!<\/p><\/div><div class=\"vc-incubalia-4-images__image-url-container\"><span class=\"vc-incubalia-4-images__image-url\">Leer m\u00e1s<\/span><\/div><\/div><div class=\"vc-incubalia-4-images__image has-url\"\"><a href=\"\/es\/experiencias\/?experience-type=a-laire-lliure-es&list-view=cards\"><img decoding=\"async\" src=\"https:\/\/www.tortosaturisme.cat\/wp-content\/uploads\/2018\/02\/B-exp-aire-lliure.jpg\" alt=\"\"><\/a><div class=\"vc-incubalia-4-images__image-text-container\"><p class=\"vc-incubalia-4-images__image-title\">Al aire libre<\/p><p class=\"vc-incubalia-4-images__image-subtitle\">Excursiones a pie, en 4x4 o en bici<\/p><\/div><div class=\"vc-incubalia-4-images__image-url-container\"><span class=\"vc-incubalia-4-images__image-url\">Leer m\u00e1s<\/span><\/div><\/div><div class=\"vc-incubalia-4-images__image has-url\"\"><a href=\"\/es\/experiencias\/?experience-type=al-riu-es&list-view=cards\"><img decoding=\"async\" src=\"https:\/\/www.tortosaturisme.cat\/wp-content\/uploads\/2018\/02\/B-exp-piragua.jpg\" alt=\"\"><\/a><div class=\"vc-incubalia-4-images__image-text-container\"><p class=\"vc-incubalia-4-images__image-title\">En el r\u00edo<\/p><p class=\"vc-incubalia-4-images__image-subtitle\">Navega en el la\u00fad o explora en piragua o kayak<\/p><\/div><div class=\"vc-incubalia-4-images__image-url-container\"><span class=\"vc-incubalia-4-images__image-url\">Leer m\u00e1s<\/span><\/div><\/div><div class=\"vc-incubalia-4-images__image has-url\"\"><a href=\"\/es\/experiencias\/?experience-type=amb-nens-es&list-view=cards\"><img decoding=\"async\" src=\"https:\/\/www.tortosaturisme.cat\/wp-content\/uploads\/2018\/02\/b-900-amb-nens-ds-1.jpg\" alt=\"\"><\/a><div class=\"vc-incubalia-4-images__image-text-container\"><p class=\"vc-incubalia-4-images__image-title\">Con ni\u00f1os<\/p><p class=\"vc-incubalia-4-images__image-subtitle\">Una visita inolvidable <\/p><\/div><div class=\"vc-incubalia-4-images__image-url-container\"><span class=\"vc-incubalia-4-images__image-url\">Leer m\u00e1s<\/span><\/div><\/div><\/div>[\/vc_column][\/vc_row]<\/p>\n","protected":false},"excerpt":{"rendered":"<p>[vc_row][vc_column][\/vc_column][\/vc_row][vc_row][vc_column][\/vc_column][\/vc_row][vc_row][vc_column][\/vc_column][\/vc_row][vc_row][vc_column][\/vc_column][\/vc_row][vc_row][vc_column][\/vc_column][\/vc_row][vc_row][vc_column][\/vc_column][\/vc_row]<\/p>\n","protected":false},"author":2,"featured_media":0,"parent":0,"menu_order":314,"comment_status":"closed","ping_status":"closed","template":"","meta":{"footnotes":""},"class_list":["post-4249","page","type-page","status-publish","hentry"],"acf":[],"yoast_head":"<!-- This site is optimized with the Yoast SEO plugin v27.5 - https:\/\/yoast.com\/product\/yoast-seo-wordpress\/ -->\n<title>Los mejores productos de la tierra - Tortosa Turisme<\/title>\n<meta name=\"description\" content=\"Por su situaci\u00f3n cercana a un terreno de cultivo sin precedentes, Tortosa disfruta de la presencia de los mejores productos de la tierra. Los aceites y vinos con Denominaci\u00f3n de Origen, el arroz, y las fruta y hortalizas mejor valoradas.\" \/>\n<meta name=\"robots\" content=\"index, follow, max-snippet:-1, max-image-preview:large, max-video-preview:-1\" \/>\n<link rel=\"canonical\" href=\"https:\/\/www.tortosaturisme.cat\/es\/lo-mejor-de-la-tierra\/\" \/>\n<meta property=\"og:locale\" content=\"es_ES\" \/>\n<meta property=\"og:type\" content=\"article\" \/>\n<meta property=\"og:title\" content=\"Los mejores productos de la tierra - Tortosa Turisme\" \/>\n<meta property=\"og:description\" content=\"Por su situaci\u00f3n cercana a un terreno de cultivo sin precedentes, Tortosa disfruta de la presencia de los mejores productos de la tierra. Los aceites y vinos con Denominaci\u00f3n de Origen, el arroz, y las fruta y hortalizas mejor valoradas.\" \/>\n<meta property=\"og:url\" content=\"https:\/\/www.tortosaturisme.cat\/es\/lo-mejor-de-la-tierra\/\" \/>\n<meta property=\"og:site_name\" content=\"tortosaturisme\" \/>\n<meta property=\"article:modified_time\" content=\"2020-11-16T12:07:27+00:00\" \/>\n<meta name=\"twitter:card\" content=\"summary_large_image\" \/>\n<meta name=\"twitter:label1\" content=\"Tiempo de lectura\" \/>\n\t<meta name=\"twitter:data1\" content=\"3 minutos\" \/>\n<script type=\"application\/ld+json\" class=\"yoast-schema-graph\">{\"@context\":\"https:\\\/\\\/schema.org\",\"@graph\":[{\"@type\":\"WebPage\",\"@id\":\"https:\\\/\\\/www.tortosaturisme.cat\\\/es\\\/lo-mejor-de-la-tierra\\\/\",\"url\":\"https:\\\/\\\/www.tortosaturisme.cat\\\/es\\\/lo-mejor-de-la-tierra\\\/\",\"name\":\"Los mejores productos de la tierra - Tortosa Turisme\",\"isPartOf\":{\"@id\":\"https:\\\/\\\/www.tortosaturisme.cat\\\/es\\\/#website\"},\"datePublished\":\"2018-02-13T19:40:06+00:00\",\"dateModified\":\"2020-11-16T12:07:27+00:00\",\"description\":\"Por su situaci\u00f3n cercana a un terreno de cultivo sin precedentes, Tortosa disfruta de la presencia de los mejores productos de la tierra. Los aceites y vinos con Denominaci\u00f3n de Origen, el arroz, y las fruta y hortalizas mejor valoradas.\",\"breadcrumb\":{\"@id\":\"https:\\\/\\\/www.tortosaturisme.cat\\\/es\\\/lo-mejor-de-la-tierra\\\/#breadcrumb\"},\"inLanguage\":\"es\",\"potentialAction\":[{\"@type\":\"ReadAction\",\"target\":[\"https:\\\/\\\/www.tortosaturisme.cat\\\/es\\\/lo-mejor-de-la-tierra\\\/\"]}]},{\"@type\":\"BreadcrumbList\",\"@id\":\"https:\\\/\\\/www.tortosaturisme.cat\\\/es\\\/lo-mejor-de-la-tierra\\\/#breadcrumb\",\"itemListElement\":[{\"@type\":\"ListItem\",\"position\":1,\"name\":\"Home\",\"item\":\"https:\\\/\\\/www.tortosaturisme.cat\\\/es\\\/\"},{\"@type\":\"ListItem\",\"position\":2,\"name\":\"Lo mejor de la tierra\"}]},{\"@type\":\"WebSite\",\"@id\":\"https:\\\/\\\/www.tortosaturisme.cat\\\/es\\\/#website\",\"url\":\"https:\\\/\\\/www.tortosaturisme.cat\\\/es\\\/\",\"name\":\"tortosaturisme\",\"description\":\"Otro sitio realizado con WordPress\",\"potentialAction\":[{\"@type\":\"SearchAction\",\"target\":{\"@type\":\"EntryPoint\",\"urlTemplate\":\"https:\\\/\\\/www.tortosaturisme.cat\\\/es\\\/?s={search_term_string}\"},\"query-input\":{\"@type\":\"PropertyValueSpecification\",\"valueRequired\":true,\"valueName\":\"search_term_string\"}}],\"inLanguage\":\"es\"}]}<\/script>\n<!-- \/ Yoast SEO plugin. -->","yoast_head_json":{"title":"Los mejores productos de la tierra - Tortosa Turisme","description":"Por su situaci\u00f3n cercana a un terreno de cultivo sin precedentes, Tortosa disfruta de la presencia de los mejores productos de la tierra. Los aceites y vinos con Denominaci\u00f3n de Origen, el arroz, y las fruta y hortalizas mejor valoradas.","robots":{"index":"index","follow":"follow","max-snippet":"max-snippet:-1","max-image-preview":"max-image-preview:large","max-video-preview":"max-video-preview:-1"},"canonical":"https:\/\/www.tortosaturisme.cat\/es\/lo-mejor-de-la-tierra\/","og_locale":"es_ES","og_type":"article","og_title":"Los mejores productos de la tierra - Tortosa Turisme","og_description":"Por su situaci\u00f3n cercana a un terreno de cultivo sin precedentes, Tortosa disfruta de la presencia de los mejores productos de la tierra. Los aceites y vinos con Denominaci\u00f3n de Origen, el arroz, y las fruta y hortalizas mejor valoradas.","og_url":"https:\/\/www.tortosaturisme.cat\/es\/lo-mejor-de-la-tierra\/","og_site_name":"tortosaturisme","article_modified_time":"2020-11-16T12:07:27+00:00","twitter_card":"summary_large_image","twitter_misc":{"Tiempo de lectura":"3 minutos"},"schema":{"@context":"https:\/\/schema.org","@graph":[{"@type":"WebPage","@id":"https:\/\/www.tortosaturisme.cat\/es\/lo-mejor-de-la-tierra\/","url":"https:\/\/www.tortosaturisme.cat\/es\/lo-mejor-de-la-tierra\/","name":"Los mejores productos de la tierra - Tortosa Turisme","isPartOf":{"@id":"https:\/\/www.tortosaturisme.cat\/es\/#website"},"datePublished":"2018-02-13T19:40:06+00:00","dateModified":"2020-11-16T12:07:27+00:00","description":"Por su situaci\u00f3n cercana a un terreno de cultivo sin precedentes, Tortosa disfruta de la presencia de los mejores productos de la tierra. Los aceites y vinos con Denominaci\u00f3n de Origen, el arroz, y las fruta y hortalizas mejor valoradas.","breadcrumb":{"@id":"https:\/\/www.tortosaturisme.cat\/es\/lo-mejor-de-la-tierra\/#breadcrumb"},"inLanguage":"es","potentialAction":[{"@type":"ReadAction","target":["https:\/\/www.tortosaturisme.cat\/es\/lo-mejor-de-la-tierra\/"]}]},{"@type":"BreadcrumbList","@id":"https:\/\/www.tortosaturisme.cat\/es\/lo-mejor-de-la-tierra\/#breadcrumb","itemListElement":[{"@type":"ListItem","position":1,"name":"Home","item":"https:\/\/www.tortosaturisme.cat\/es\/"},{"@type":"ListItem","position":2,"name":"Lo mejor de la tierra"}]},{"@type":"WebSite","@id":"https:\/\/www.tortosaturisme.cat\/es\/#website","url":"https:\/\/www.tortosaturisme.cat\/es\/","name":"tortosaturisme","description":"Otro sitio realizado con WordPress","potentialAction":[{"@type":"SearchAction","target":{"@type":"EntryPoint","urlTemplate":"https:\/\/www.tortosaturisme.cat\/es\/?s={search_term_string}"},"query-input":{"@type":"PropertyValueSpecification","valueRequired":true,"valueName":"search_term_string"}}],"inLanguage":"es"}]}},"_links":{"self":[{"href":"https:\/\/www.tortosaturisme.cat\/es\/wp-json\/wp\/v2\/pages\/4249","targetHints":{"allow":["GET"]}}],"collection":[{"href":"https:\/\/www.tortosaturisme.cat\/es\/wp-json\/wp\/v2\/pages"}],"about":[{"href":"https:\/\/www.tortosaturisme.cat\/es\/wp-json\/wp\/v2\/types\/page"}],"author":[{"embeddable":true,"href":"https:\/\/www.tortosaturisme.cat\/es\/wp-json\/wp\/v2\/users\/2"}],"replies":[{"embeddable":true,"href":"https:\/\/www.tortosaturisme.cat\/es\/wp-json\/wp\/v2\/comments?post=4249"}],"version-history":[{"count":10,"href":"https:\/\/www.tortosaturisme.cat\/es\/wp-json\/wp\/v2\/pages\/4249\/revisions"}],"predecessor-version":[{"id":16000,"href":"https:\/\/www.tortosaturisme.cat\/es\/wp-json\/wp\/v2\/pages\/4249\/revisions\/16000"}],"wp:attachment":[{"href":"https:\/\/www.tortosaturisme.cat\/es\/wp-json\/wp\/v2\/media?parent=4249"}],"curies":[{"name":"wp","href":"https:\/\/api.w.org\/{rel}","templated":true}]}}