{"id":4253,"date":"2018-02-11T18:17:34","date_gmt":"2018-02-11T18:17:34","guid":{"rendered":"http:\/\/tortosaturisme-preprod.incubaliadev.com\/es\/els-ports\/"},"modified":"2024-04-11T16:28:41","modified_gmt":"2024-04-11T16:28:41","slug":"els-ports","status":"publish","type":"page","link":"https:\/\/www.tortosaturisme.cat\/es\/els-ports\/","title":{"rendered":"Els Ports"},"content":{"rendered":"<p>[vc_row][vc_column]<div class=\"vc-incubalia-big-header\"><h1 class=\"vc-incubalia-big-header__title\">El parque natural de Els Ports<\/h1><img decoding=\"async\" class=\"vc-incubalia-big-header__mobile-picture\" src=\"https:\/\/www.tortosaturisme.cat\/wp-content\/uploads\/2018\/02\/1-els-ports-mb.jpg\">\n                  <img decoding=\"async\" class=\"vc-incubalia-big-header__desktop-picture\" src=\"https:\/\/www.tortosaturisme.cat\/wp-content\/uploads\/2018\/02\/1-els-ports-ds.jpg\"><\/div>[\/vc_column][\/vc_row][vc_row][vc_column]<div class=\"vc-incubalia-text-1-column-subtitle\"><h3 class=\"vc-incubalia-text-1-column-subtitle__subtitle\">Barrancos, torrentes, pe\u00f1ascos, senderos y pistas, gubias o desfiladeros de belleza crom\u00e1tica se alternan con bosques profundos y planas de frondosidad exuberante.<\/h3><div class=\"vc-incubalia-text-1-column-subtitle__text\"><\/p><br \/>\n<p style=\"text-align: center;\">Els Ports, <strong>lo Port<\/strong> para los naturales de estas comarcas, es un macizo monta\u00f1oso que pertenece a la cordillera prelitoral catalana situada justo en la confluencia administrativa de Tarragona, Teruel y Castell\u00f3n. Es una encrucijada donde los estrechos v\u00ednculos entre los diferentes pueblos dan <strong>una riqueza a\u00f1adida a los valores naturales y al excepcional inter\u00e9s biogeogr\u00e1fico<\/strong>. Desde 2001, tienen la categor\u00eda de <strong>Parque Natural.<\/strong>\u00a0y cuenta con una extensi\u00f3n de m\u00e1s de 35.000 Ha.<\/p><br \/>\n<p><\/div><\/div>[\/vc_column][\/vc_row][vc_row][vc_column]<div class=\"vc-incubalia-image-huge\"><img decoding=\"async\" class=\"vc-incubalia-image-huge__mobile-picture brightness-100\" src=\"https:\/\/www.tortosaturisme.cat\/wp-content\/uploads\/2018\/02\/2-els-ports-mb-bis.jpg\" alt=\"\"><img decoding=\"async\" class=\"vc-incubalia-image-huge__desktop-picture brightness-100\" src=\"https:\/\/www.tortosaturisme.cat\/wp-content\/uploads\/2018\/02\/2-els-ports-ds-bis.jpg\" alt=\"\"><\/div>[\/vc_column][\/vc_row][vc_row][vc_column]<div class=\"vc-incubalia-text-1-column-subtitle\"><div class=\"vc-incubalia-text-1-column-subtitle__text\"><\/p><br \/>\n<p style=\"text-align: center;\">La cima m\u00e1s elevada de todo el macizo es el<strong> Mont Caro<\/strong> que tiene una altura de 1.447 metros, y mira a Tortosa y al valle del Ebro. El Mons Sacer, ya referido en el siglo IV por Avieno, constituye el verdadero Olimpo de la gente del pa\u00eds y<strong> domina con su presencia el tramo final del valle del Ebro<\/strong>. Sirve de tel\u00f3n de fondo del Delta, e, iluminado al amanecer, absorbe los colores como si se tratara de un cuadro impresionista. Recortando el horizonte al atardecer con una ins\u00f3lita combinaci\u00f3n de luces y sombras, es un paraje que atrae todas las miradas <strong>y se convierte en un punto de referencia de la zona<\/strong>.<\/p><br \/>\n<p><\/div><\/div><div class=\"vc-incubalia-text-image-full\"><div class=\"vc-incubalia-text-image-full__image-container\"><img decoding=\"async\" class=\"vc-incubalia-text-image-full__image-mobile\" alt=\"\" src=\"https:\/\/www.tortosaturisme.cat\/wp-content\/uploads\/2018\/02\/5-escapada-mb.jpg\"><img decoding=\"async\" class=\"vc-incubalia-text-image-full__image-desktop\" alt=\"\" src=\"https:\/\/www.tortosaturisme.cat\/wp-content\/uploads\/2018\/02\/5-escapada-ds.jpg\"><i class=\"arrow-down\"><\/i><\/div><div class=\"vc-incubalia-text-image-full__text-container\"><div class=\"vc-incubalia-text-image-full__text\"><\/div><\/div><\/div>[\/vc_column][\/vc_row][vc_row][vc_column]<div class=\"vc-incubalia-text-1-column-subtitle\"><div class=\"vc-incubalia-text-1-column-subtitle__text\"><\/p><br \/>\n<p style=\"text-align: center;\">Apasionados de la bot\u00e1nica, devotos de la zoolog\u00eda, entendidos de la etnolog\u00eda, expertos de la geolog\u00eda y la hidrograf\u00eda, tienen mil y una excusas para realizar centenares de itinerarios posibles. De <strong>magn\u00edfica y salvaje <\/strong>orograf\u00eda, algunas veces\u00a0tortuosa y laber\u00edntica, constituye un marco inigualable y un destino perfecto para la pr\u00e1ctica de actividades\u00a0y deportes en plena naturaleza; los amantes de la cual pueden adentrarse a <strong>pie<\/strong>, en <strong>bicicleta<\/strong>, practicar la <strong>escalada<\/strong>, la<strong> espeleolog\u00eda<\/strong> o descender barrancos, disponiendo de toda una gu\u00eda de servicios.<\/p><br \/>\n<p><\/div><\/div><div class=\"vc-incubalia-text-image-full\"><div class=\"vc-incubalia-text-image-full__image-container\"><img decoding=\"async\" class=\"vc-incubalia-text-image-full__image-mobile\" alt=\"\" src=\"https:\/\/www.tortosaturisme.cat\/wp-content\/uploads\/2018\/02\/3-ports-mb.jpg\"><img decoding=\"async\" class=\"vc-incubalia-text-image-full__image-desktop\" alt=\"\" src=\"https:\/\/www.tortosaturisme.cat\/wp-content\/uploads\/2018\/02\/3-ports-ds-1.jpg\"><i class=\"arrow-down\"><\/i><\/div><div class=\"vc-incubalia-text-image-full__text-container\"><div class=\"vc-incubalia-text-image-full__text\"><\/div><\/div><\/div><div class=\"vc-incubalia-text-1-column-subtitle\"><div class=\"vc-incubalia-text-1-column-subtitle__text\"><\/p><br \/>\n<p style=\"text-align: center;\">En Els Ports se combinan perfectamente y en armon\u00eda<b>\u00a0el encanto de unos pueblos llenos de historia, de arte y de tradici\u00f3n, con unos paisajes espectaculares<\/b>, una flora y una fauna muy ricas y una gastronom\u00eda llena de sabores y aromas.<\/p><br \/>\n<p style=\"text-align: center;\">Finalmente, se debe tener en cuenta que el Parque Natural es un espacio protegido en el cual se tiene que preservar la biodiversidad y los diferentes usos y propiedades existentes.<\/p><br \/>\n<p><\/div><\/div>[\/vc_column][\/vc_row][vc_row][vc_column]<div class=\"vc-incubalia-5-cards\"><h2 class=\"vc-incubalia-5-cards__title\">Explora el entorno<\/h2><div class=\"vc-incubalia-5-cards__card card-1 has-url\"><a href=\"\/es\/la-via-verde\/\"><img decoding=\"async\" class=\"vc-incubalia-5-cards__card-mobile-picture\" src=\"https:\/\/www.tortosaturisme.cat\/wp-content\/uploads\/2018\/02\/b-1280-via-verda-2-640x460.jpg\">\n                      <img decoding=\"async\" class=\"vc-incubalia-5-cards__card-desktop-picture\" src=\"https:\/\/www.tortosaturisme.cat\/wp-content\/uploads\/2018\/02\/b-1280-via-verda-2.jpg\"><\/a><div class=\"vc-incubalia-5-cards__card-text-container\"><p class=\"vc-incubalia-5-cards__card-title\">La V\u00eda Verde<\/p><\/div><div class=\"vc-incubalia-5-cards__card-url-container\"><span class=\"vc-incubalia-5-cards__card-url\">Leer m\u00e1s<\/span><\/div><\/div><div class=\"vc-incubalia-5-cards__card card-2 has-url\"><a href=\"\/es\/el-delta-del-ebro\/\"><img decoding=\"async\" class=\"vc-incubalia-5-cards__card-mobile-picture\" src=\"https:\/\/www.tortosaturisme.cat\/wp-content\/uploads\/2018\/02\/B-1280-entorn-640x460.jpg\">\n                      <img decoding=\"async\" class=\"vc-incubalia-5-cards__card-desktop-picture\" src=\"https:\/\/www.tortosaturisme.cat\/wp-content\/uploads\/2018\/02\/B-1280-entorn-640x460.jpg\"><\/a><div class=\"vc-incubalia-5-cards__card-text-container\"><p class=\"vc-incubalia-5-cards__card-title\">El Delta del Ebro<\/p><\/div><div class=\"vc-incubalia-5-cards__card-url-container\"><span class=\"vc-incubalia-5-cards__card-url\">Leer m\u00e1s<\/span><\/div><\/div><div class=\"vc-incubalia-5-cards__card-3-and-4-container\"><div class=\"vc-incubalia-5-cards__card card-3 has-url\"><a href=\"\/es\/navega-por-el-ebro\/\"><img decoding=\"async\" class=\"vc-incubalia-5-cards__card-mobile-picture\" src=\"https:\/\/www.tortosaturisme.cat\/wp-content\/uploads\/2018\/02\/b-1280-tortosa-en-un-dia-640x460.jpg\">\n                      <img decoding=\"async\" class=\"vc-incubalia-5-cards__card-desktop-picture\" src=\"https:\/\/www.tortosaturisme.cat\/wp-content\/uploads\/2018\/02\/b-1280-tortosa-en-un-dia-640x460.jpg\"><\/a><div class=\"vc-incubalia-5-cards__card-text-container\"><p class=\"vc-incubalia-5-cards__card-title\">Navega por el Ebro<\/p><\/div><div class=\"vc-incubalia-5-cards__card-url-container\"><span class=\"vc-incubalia-5-cards__card-url\">Leer m\u00e1s<\/span><\/div><\/div><div class=\"vc-incubalia-5-cards__card card-4 has-url\"><a href=\"\/es\/la-ciudad-del-renacimiento\/\"><img decoding=\"async\" class=\"vc-incubalia-5-cards__card-mobile-picture\" src=\"https:\/\/www.tortosaturisme.cat\/wp-content\/uploads\/2018\/02\/b-1280-ciutat-renaixement-2-1-640x460.jpg\">\n                      <img decoding=\"async\" class=\"vc-incubalia-5-cards__card-desktop-picture\" src=\"https:\/\/www.tortosaturisme.cat\/wp-content\/uploads\/2018\/02\/b-1280-ciutat-renaixement-2-1-640x460.jpg\"><\/a><div class=\"vc-incubalia-5-cards__card-text-container\"><p class=\"vc-incubalia-5-cards__card-title\">Ciudad del Renacimento<\/p><\/div><div class=\"vc-incubalia-5-cards__card-url-container\"><span class=\"vc-incubalia-5-cards__card-url\">Leer m\u00e1s<\/span><\/div><\/div><\/div><div class=\"vc-incubalia-5-cards__card card-5 has-url\"><a href=\"\/es\/10-razones-para-venir\/\"><img decoding=\"async\" class=\"vc-incubalia-5-cards__card-mobile-picture\" src=\"https:\/\/www.tortosaturisme.cat\/wp-content\/uploads\/2018\/02\/B-1280-tortosa-1-dia-640x460.jpg\">\n                      <img decoding=\"async\" class=\"vc-incubalia-5-cards__card-desktop-picture\" src=\"https:\/\/www.tortosaturisme.cat\/wp-content\/uploads\/2018\/02\/B-1280-tortosa-1-dia-640x449.jpg\"><\/a><div class=\"vc-incubalia-5-cards__card-text-container\"><p class=\"vc-incubalia-5-cards__card-title\">10 razones para venir<\/p><\/div><div class=\"vc-incubalia-5-cards__card-url-container\"><span class=\"vc-incubalia-5-cards__card-url\">Leer m\u00e1s<\/span><\/div><\/div><\/div>[\/vc_column][\/vc_row][vc_row][vc_column]<div class=\"vc-incubalia-3-images\"><h2 class=\"vc-incubalia-3-images__title\">Experiencias<\/h2><div class=\"vc-incubalia-3-images__image\"><a href=\"\/es\/experiencias\/?experience-type=navegacio-es&list-view=cards\"><img decoding=\"async\" src=\"https:\/\/www.tortosaturisme.cat\/wp-content\/uploads\/2018\/02\/b-800-experiencies-navegacio.jpg\" alt=\"\"><\/a><a href=\"\/es\/experiencias\/?experience-type=navegacio-es&list-view=cards\"><p class=\"vc-incubalia-3-images__image-title\">Navegaci\u00f3n<\/p><\/a><\/div><div class=\"vc-incubalia-3-images__image\"><a href=\"\/es\/experiencias\/?experience-type=en-piragua-es&list-view=cards\"><img decoding=\"async\" src=\"https:\/\/www.tortosaturisme.cat\/wp-content\/uploads\/2018\/02\/b-800-piragua.jpg\" alt=\"\"><\/a><a href=\"\/es\/experiencias\/?experience-type=en-piragua-es&list-view=cards\"><p class=\"vc-incubalia-3-images__image-title\">Kayak y piragua<\/p><\/a><\/div><div class=\"vc-incubalia-3-images__image\"><a href=\"\/es\/experiencias\/?experience-type=a-laire-lliure-es&list-view=cards\"><img decoding=\"async\" src=\"https:\/\/www.tortosaturisme.cat\/wp-content\/uploads\/2018\/02\/b-800-exc.jpg\" alt=\"\"><\/a><a href=\"\/es\/experiencias\/?experience-type=a-laire-lliure-es&list-view=cards\"><p class=\"vc-incubalia-3-images__image-title\">Al aire libre<\/p><\/a><p class=\"vc-incubalia-3-images__image-subtitle\">Excursionismo, por la V\u00eda Verde, en 4x4, en bici<\/p><\/div><\/div>[\/vc_column][\/vc_row][vc_row][vc_column]<div class=\"vc-incubalia-3-images\"><h2 class=\"vc-incubalia-3-images__title\">Te proponemos<\/h2><div class=\"vc-incubalia-3-images__image\"><a href=\"\/es\/una-escapada-de-fin-de-semana\/\"><img decoding=\"async\" src=\"https:\/\/www.tortosaturisme.cat\/wp-content\/uploads\/2018\/02\/B-800-600-escapada-finde.jpg\" alt=\"\"><\/a><a href=\"\/es\/una-escapada-de-fin-de-semana\/\"><p class=\"vc-incubalia-3-images__image-title\">Una escapada ideal<\/p><\/a><p class=\"vc-incubalia-3-images__image-subtitle\">Un fin de semana para descubrir Tortosa y las Tierras del Ebro<\/p><\/div><div class=\"vc-incubalia-3-images__image\"><a href=\"\/es\/la-cocina-de-las-tierras-del-ebro\/\"><img decoding=\"async\" src=\"https:\/\/www.tortosaturisme.cat\/wp-content\/uploads\/2018\/02\/B-800-600-cuina.jpg\" alt=\"\"><\/a><a href=\"\/es\/la-cocina-de-las-tierras-del-ebro\/\"><p class=\"vc-incubalia-3-images__image-title\">Gastronom\u00eda<\/p><\/a><p class=\"vc-incubalia-3-images__image-subtitle\">Descubre una cocina arraigada a la tierra<\/p><\/div><div class=\"vc-incubalia-3-images__image\"><a href=\"\/es\/rutas\/\"><img decoding=\"async\" src=\"https:\/\/www.tortosaturisme.cat\/wp-content\/uploads\/2018\/02\/B-800-600-rutes.jpg\" alt=\"\"><\/a><a href=\"\/es\/rutas\/\"><p class=\"vc-incubalia-3-images__image-title\">Rutas<\/p><\/a><p class=\"vc-incubalia-3-images__image-subtitle\">Recorre la ciudad y ad\u00e9ntrate en su historia<\/p><\/div><\/div>[\/vc_column][\/vc_row][vc_row][vc_column]<div class=\"vc-incubalia-3-images\"><h2 class=\"vc-incubalia-3-images__title\">Rutas<\/h2><div class=\"vc-incubalia-3-images__image\"><a href=\"\/es\/rutas-en-bici\/\"><img decoding=\"async\" src=\"https:\/\/www.tortosaturisme.cat\/wp-content\/uploads\/2018\/02\/b-800-btt.jpg\" alt=\"\"><\/a><a href=\"\/es\/rutas-en-bici\/\"><p class=\"vc-incubalia-3-images__image-title\">En bici<\/p><\/a><p class=\"vc-incubalia-3-images__image-subtitle\">Recorre kil\u00f3metros de rutas urbanas, culturales, naturales, de las m\u00e1s f\u00e1ciles las m\u00e1s exigentes<\/p><\/div><div class=\"vc-incubalia-3-images__image\"><a href=\"\/es\/ruta\/hemingway-y-la-guerra-civil\/\"><img decoding=\"async\" src=\"https:\/\/www.tortosaturisme.cat\/wp-content\/uploads\/2018\/02\/b-800-hemingway.jpg\" alt=\"\"><\/a><a href=\"\/es\/ruta\/hemingway-y-la-guerra-civil\/\"><p class=\"vc-incubalia-3-images__image-title\">Hemingway y la Guerra Civil<\/p><\/a><p class=\"vc-incubalia-3-images__image-subtitle\">Sigue los pasos del Noble norteamericano y sus experiencias cuando la ciudad era frente de guerra<\/p><\/div><div class=\"vc-incubalia-3-images__image\"><a href=\"\/es\/ruta\/el-modernismo\/\"><img decoding=\"async\" src=\"https:\/\/www.tortosaturisme.cat\/wp-content\/uploads\/2018\/02\/b-800-modernisme-3.jpg\" alt=\"\"><\/a><a href=\"\/es\/ruta\/el-modernismo\/\"><p class=\"vc-incubalia-3-images__image-title\">El modernismo<\/p><\/a><p class=\"vc-incubalia-3-images__image-subtitle\">A finales del siglo XIX la ciudad se transform\u00f3 siguiendo las \u00faltimas tendencias<\/p><\/div><\/div>[\/vc_column][\/vc_row]<\/p>\n","protected":false},"excerpt":{"rendered":"<p>[vc_row][vc_column][\/vc_column][\/vc_row][vc_row][vc_column][\/vc_column][\/vc_row][vc_row][vc_column][\/vc_column][\/vc_row][vc_row][vc_column][\/vc_column][\/vc_row][vc_row][vc_column][\/vc_column][\/vc_row][vc_row][vc_column][\/vc_column][\/vc_row][vc_row][vc_column][\/vc_column][\/vc_row][vc_row][vc_column][\/vc_column][\/vc_row][vc_row][vc_column][\/vc_column][\/vc_row]<\/p>\n","protected":false},"author":2,"featured_media":0,"parent":0,"menu_order":343,"comment_status":"closed","ping_status":"closed","template":"","meta":{"footnotes":""},"class_list":["post-4253","page","type-page","status-publish","hentry"],"acf":[],"yoast_head":"<!-- This site is optimized with the Yoast SEO plugin v27.3 - https:\/\/yoast.com\/product\/yoast-seo-wordpress\/ -->\n<title>El Parque Natural de Els Ports - Tortosa Turisme<\/title>\n<meta name=\"description\" content=\"El Parque Natural de Els Ports, con una extensi\u00f3n de m\u00e1s de 35.000 hect\u00e1reas sirve de tel\u00f3n de fondo para la ciudad. Los amantes de los deportes de aventura y de la naturaleza tienen aqu\u00ed un espacio de visita obligada.\" \/>\n<meta name=\"robots\" content=\"index, follow, max-snippet:-1, max-image-preview:large, max-video-preview:-1\" \/>\n<link rel=\"canonical\" href=\"https:\/\/www.tortosaturisme.cat\/es\/els-ports\/\" \/>\n<meta property=\"og:locale\" content=\"es_ES\" \/>\n<meta property=\"og:type\" content=\"article\" \/>\n<meta property=\"og:title\" content=\"El Parque Natural de Els Ports - Tortosa Turisme\" \/>\n<meta property=\"og:description\" content=\"El Parque Natural de Els Ports, con una extensi\u00f3n de m\u00e1s de 35.000 hect\u00e1reas sirve de tel\u00f3n de fondo para la ciudad. Los amantes de los deportes de aventura y de la naturaleza tienen aqu\u00ed un espacio de visita obligada.\" \/>\n<meta property=\"og:url\" content=\"https:\/\/www.tortosaturisme.cat\/es\/els-ports\/\" \/>\n<meta property=\"og:site_name\" content=\"tortosaturisme\" \/>\n<meta property=\"article:modified_time\" content=\"2024-04-11T16:28:41+00:00\" \/>\n<meta name=\"twitter:card\" content=\"summary_large_image\" \/>\n<meta name=\"twitter:label1\" content=\"Tiempo de lectura\" \/>\n\t<meta name=\"twitter:data1\" content=\"4 minutos\" \/>\n<script type=\"application\/ld+json\" class=\"yoast-schema-graph\">{\"@context\":\"https:\\\/\\\/schema.org\",\"@graph\":[{\"@type\":\"WebPage\",\"@id\":\"https:\\\/\\\/www.tortosaturisme.cat\\\/es\\\/els-ports\\\/\",\"url\":\"https:\\\/\\\/www.tortosaturisme.cat\\\/es\\\/els-ports\\\/\",\"name\":\"El Parque Natural de Els Ports - Tortosa Turisme\",\"isPartOf\":{\"@id\":\"https:\\\/\\\/www.tortosaturisme.cat\\\/es\\\/#website\"},\"datePublished\":\"2018-02-11T18:17:34+00:00\",\"dateModified\":\"2024-04-11T16:28:41+00:00\",\"description\":\"El Parque Natural de Els Ports, con una extensi\u00f3n de m\u00e1s de 35.000 hect\u00e1reas sirve de tel\u00f3n de fondo para la ciudad. Los amantes de los deportes de aventura y de la naturaleza tienen aqu\u00ed un espacio de visita obligada.\",\"breadcrumb\":{\"@id\":\"https:\\\/\\\/www.tortosaturisme.cat\\\/es\\\/els-ports\\\/#breadcrumb\"},\"inLanguage\":\"es\",\"potentialAction\":[{\"@type\":\"ReadAction\",\"target\":[\"https:\\\/\\\/www.tortosaturisme.cat\\\/es\\\/els-ports\\\/\"]}]},{\"@type\":\"BreadcrumbList\",\"@id\":\"https:\\\/\\\/www.tortosaturisme.cat\\\/es\\\/els-ports\\\/#breadcrumb\",\"itemListElement\":[{\"@type\":\"ListItem\",\"position\":1,\"name\":\"Home\",\"item\":\"https:\\\/\\\/www.tortosaturisme.cat\\\/es\\\/\"},{\"@type\":\"ListItem\",\"position\":2,\"name\":\"Els Ports\"}]},{\"@type\":\"WebSite\",\"@id\":\"https:\\\/\\\/www.tortosaturisme.cat\\\/es\\\/#website\",\"url\":\"https:\\\/\\\/www.tortosaturisme.cat\\\/es\\\/\",\"name\":\"tortosaturisme\",\"description\":\"Otro sitio realizado con WordPress\",\"potentialAction\":[{\"@type\":\"SearchAction\",\"target\":{\"@type\":\"EntryPoint\",\"urlTemplate\":\"https:\\\/\\\/www.tortosaturisme.cat\\\/es\\\/?s={search_term_string}\"},\"query-input\":{\"@type\":\"PropertyValueSpecification\",\"valueRequired\":true,\"valueName\":\"search_term_string\"}}],\"inLanguage\":\"es\"}]}<\/script>\n<!-- \/ Yoast SEO plugin. -->","yoast_head_json":{"title":"El Parque Natural de Els Ports - Tortosa Turisme","description":"El Parque Natural de Els Ports, con una extensi\u00f3n de m\u00e1s de 35.000 hect\u00e1reas sirve de tel\u00f3n de fondo para la ciudad. Los amantes de los deportes de aventura y de la naturaleza tienen aqu\u00ed un espacio de visita obligada.","robots":{"index":"index","follow":"follow","max-snippet":"max-snippet:-1","max-image-preview":"max-image-preview:large","max-video-preview":"max-video-preview:-1"},"canonical":"https:\/\/www.tortosaturisme.cat\/es\/els-ports\/","og_locale":"es_ES","og_type":"article","og_title":"El Parque Natural de Els Ports - Tortosa Turisme","og_description":"El Parque Natural de Els Ports, con una extensi\u00f3n de m\u00e1s de 35.000 hect\u00e1reas sirve de tel\u00f3n de fondo para la ciudad. Los amantes de los deportes de aventura y de la naturaleza tienen aqu\u00ed un espacio de visita obligada.","og_url":"https:\/\/www.tortosaturisme.cat\/es\/els-ports\/","og_site_name":"tortosaturisme","article_modified_time":"2024-04-11T16:28:41+00:00","twitter_card":"summary_large_image","twitter_misc":{"Tiempo de lectura":"4 minutos"},"schema":{"@context":"https:\/\/schema.org","@graph":[{"@type":"WebPage","@id":"https:\/\/www.tortosaturisme.cat\/es\/els-ports\/","url":"https:\/\/www.tortosaturisme.cat\/es\/els-ports\/","name":"El Parque Natural de Els Ports - Tortosa Turisme","isPartOf":{"@id":"https:\/\/www.tortosaturisme.cat\/es\/#website"},"datePublished":"2018-02-11T18:17:34+00:00","dateModified":"2024-04-11T16:28:41+00:00","description":"El Parque Natural de Els Ports, con una extensi\u00f3n de m\u00e1s de 35.000 hect\u00e1reas sirve de tel\u00f3n de fondo para la ciudad. Los amantes de los deportes de aventura y de la naturaleza tienen aqu\u00ed un espacio de visita obligada.","breadcrumb":{"@id":"https:\/\/www.tortosaturisme.cat\/es\/els-ports\/#breadcrumb"},"inLanguage":"es","potentialAction":[{"@type":"ReadAction","target":["https:\/\/www.tortosaturisme.cat\/es\/els-ports\/"]}]},{"@type":"BreadcrumbList","@id":"https:\/\/www.tortosaturisme.cat\/es\/els-ports\/#breadcrumb","itemListElement":[{"@type":"ListItem","position":1,"name":"Home","item":"https:\/\/www.tortosaturisme.cat\/es\/"},{"@type":"ListItem","position":2,"name":"Els Ports"}]},{"@type":"WebSite","@id":"https:\/\/www.tortosaturisme.cat\/es\/#website","url":"https:\/\/www.tortosaturisme.cat\/es\/","name":"tortosaturisme","description":"Otro sitio realizado con WordPress","potentialAction":[{"@type":"SearchAction","target":{"@type":"EntryPoint","urlTemplate":"https:\/\/www.tortosaturisme.cat\/es\/?s={search_term_string}"},"query-input":{"@type":"PropertyValueSpecification","valueRequired":true,"valueName":"search_term_string"}}],"inLanguage":"es"}]}},"_links":{"self":[{"href":"https:\/\/www.tortosaturisme.cat\/es\/wp-json\/wp\/v2\/pages\/4253","targetHints":{"allow":["GET"]}}],"collection":[{"href":"https:\/\/www.tortosaturisme.cat\/es\/wp-json\/wp\/v2\/pages"}],"about":[{"href":"https:\/\/www.tortosaturisme.cat\/es\/wp-json\/wp\/v2\/types\/page"}],"author":[{"embeddable":true,"href":"https:\/\/www.tortosaturisme.cat\/es\/wp-json\/wp\/v2\/users\/2"}],"replies":[{"embeddable":true,"href":"https:\/\/www.tortosaturisme.cat\/es\/wp-json\/wp\/v2\/comments?post=4253"}],"version-history":[{"count":10,"href":"https:\/\/www.tortosaturisme.cat\/es\/wp-json\/wp\/v2\/pages\/4253\/revisions"}],"predecessor-version":[{"id":34777,"href":"https:\/\/www.tortosaturisme.cat\/es\/wp-json\/wp\/v2\/pages\/4253\/revisions\/34777"}],"wp:attachment":[{"href":"https:\/\/www.tortosaturisme.cat\/es\/wp-json\/wp\/v2\/media?parent=4253"}],"curies":[{"name":"wp","href":"https:\/\/api.w.org\/{rel}","templated":true}]}}