{"id":4255,"date":"2018-02-10T11:41:19","date_gmt":"2018-02-10T11:41:19","guid":{"rendered":"http:\/\/tortosaturisme-preprod.incubaliadev.com\/es\/en-el-cor-de-la-reserva-de-la-biosfera\/"},"modified":"2025-09-19T16:40:55","modified_gmt":"2025-09-19T16:40:55","slug":"en-el-corazon-de-la-reserva-de-la-biosfera","status":"publish","type":"page","link":"https:\/\/www.tortosaturisme.cat\/es\/en-el-corazon-de-la-reserva-de-la-biosfera\/","title":{"rendered":"En el coraz\u00f3n de la reserva de la Biosfera"},"content":{"rendered":"<p>[vc_row][vc_column]<div class=\"vc-incubalia-big-header\"><h1 class=\"vc-incubalia-big-header__title\">Tortosa, en el coraz\u00f3n de la Reserva de la Biosfera<\/h1><img decoding=\"async\" class=\"vc-incubalia-big-header__mobile-picture\" src=\"https:\/\/www.tortosaturisme.cat\/wp-content\/uploads\/2018\/02\/1-cor-mb.jpg\">\n                  <img decoding=\"async\" class=\"vc-incubalia-big-header__desktop-picture\" src=\"https:\/\/www.tortosaturisme.cat\/wp-content\/uploads\/2018\/02\/1-cor-ds.jpg\"><\/div>[\/vc_column][\/vc_row][vc_row][vc_column]<div class=\"vc-incubalia-text-1-column-subtitle\"><h2 class=\"vc-incubalia-text-1-column-subtitle__title\">Descubre un entorno privilegiado<\/h2><div class=\"vc-incubalia-text-1-column-subtitle__text\"><\/p><br \/>\n<p style=\"text-align: center;\">Tortosa se encuentra <strong>situada en el coraz\u00f3n de las Tierras del Ebro<\/strong>, que fueron declaradas <strong>Reserva de la Biosfera por la UNESCO<\/strong>\u00a0en el a\u00f1o 2013, un sello que las avala por su calidad medioambiental. Recientemente las Tierras del Ebro tambi\u00e9n han sido consideradas como <strong>uno de los 100 mejores destinos de turismo sostenible<\/strong>.<\/p><br \/>\n<p><\/div><\/div>[\/vc_column][\/vc_row][vc_row][vc_column]<div class=\"vc-incubalia-image-huge\"><img decoding=\"async\" class=\"vc-incubalia-image-huge__mobile-picture brightness-100\" src=\"https:\/\/www.tortosaturisme.cat\/wp-content\/uploads\/2018\/02\/2-cor-mb.jpg\" alt=\"\"><img decoding=\"async\" class=\"vc-incubalia-image-huge__desktop-picture brightness-100\" src=\"https:\/\/www.tortosaturisme.cat\/wp-content\/uploads\/2018\/02\/2-cor-ds.jpg\" alt=\"\"><\/div>[\/vc_column][\/vc_row][vc_row][vc_column]<div class=\"vc-incubalia-text-1-column-subtitle\"><div class=\"vc-incubalia-text-1-column-subtitle__text\"><\/p><br \/>\n<p style=\"text-align: center;\">Este territorio se caracteriza por su <strong>naturaleza exuberante<\/strong> y la potencia l\u00edrica de sus paisajes. Buena parte de la riqueza natural de las Tierras del Ebro radica en la <strong>variedad de paisajes y de ecosistemas visitables<\/strong>. Y es que, en un radio de 40 kil\u00f3metros de distancia, <strong>las formas cambian el territorio dr\u00e1sticamente<\/strong>: el territorio pasa de los 1.500 metros de altitud a la llanura deltaica y el nivel del mar.<\/p><br \/>\n<p><\/div><\/div><div class=\"vc-incubalia-text-image-full\"><div class=\"vc-incubalia-text-image-full__image-container\"><img decoding=\"async\" class=\"vc-incubalia-text-image-full__image-mobile\" alt=\"\" src=\"https:\/\/www.tortosaturisme.cat\/wp-content\/uploads\/2018\/02\/3-cor-mb.jpg\"><img decoding=\"async\" class=\"vc-incubalia-text-image-full__image-desktop\" alt=\"\" src=\"https:\/\/www.tortosaturisme.cat\/wp-content\/uploads\/2018\/02\/3-cor-ds.jpg\"><i class=\"arrow-down\"><\/i><\/div><div class=\"vc-incubalia-text-image-full__text-container\"><div class=\"vc-incubalia-text-image-full__text\"><\/div><\/div><\/div>[\/vc_column][\/vc_row][vc_row][vc_column]<div class=\"vc-incubalia-text-1-column-subtitle\"><div class=\"vc-incubalia-text-1-column-subtitle__text\"><\/p><br \/>\n<p style=\"text-align: center;\"><strong>La riqueza natural y biol\u00f3gica<\/strong> se pueden probar con la pr\u00e1ctica de actividades de<strong> turismo activo y de aventura,<\/strong> como senderismo, recorridos en bici, navegaci\u00f3n en kayak o paseos a caballo.<\/p><br \/>\n<p><\/div><\/div><div class=\"vc-incubalia-text-image-full\"><div class=\"vc-incubalia-text-image-full__image-container\"><img decoding=\"async\" class=\"vc-incubalia-text-image-full__image-mobile\" alt=\"\" src=\"https:\/\/www.tortosaturisme.cat\/wp-content\/uploads\/2018\/02\/4-cor-mb.jpg\"><img decoding=\"async\" class=\"vc-incubalia-text-image-full__image-desktop\" alt=\"\" src=\"https:\/\/www.tortosaturisme.cat\/wp-content\/uploads\/2018\/02\/4-cor-ds.jpg\"><i class=\"arrow-down\"><\/i><\/div><div class=\"vc-incubalia-text-image-full__text-container\"><div class=\"vc-incubalia-text-image-full__text\"><\/div><\/div><\/div>[\/vc_column][\/vc_row][vc_row][vc_column]<div class=\"vc-incubalia-text-1-column-subtitle\"><div class=\"vc-incubalia-text-1-column-subtitle__text\"><\/p><br \/>\n<p style=\"text-align: center;\">Muy cerca de la ciudad de Tortosa, a 20 kil\u00f3metros, se encuentra el <strong>Parque Natural de Els Ports<\/strong>, que es la reserva m\u00e1s grande de cabra salvaje del Estado. El macizo calc\u00e1reo, de relieve escarpado, est\u00e1 situado entre Catalu\u00f1a, Valencia y Arag\u00f3n y ofrece a los visitantes <strong>un espacio natural lleno de vida salvaje<\/strong>. Se pueden hacer numerosas excursiones aptas para todos los p\u00fablicos y todas las condiciones. De hecho, una buena opci\u00f3n para descubrir este parque es simplemente, perderse y dejarse llevar.<\/p><br \/>\n<p><\/div><\/div><div class=\"vc-incubalia-text-image-full\"><div class=\"vc-incubalia-text-image-full__image-container\"><img decoding=\"async\" class=\"vc-incubalia-text-image-full__image-mobile\" alt=\"\" src=\"https:\/\/www.tortosaturisme.cat\/wp-content\/uploads\/2018\/02\/5-cor-mb.jpg\"><img decoding=\"async\" class=\"vc-incubalia-text-image-full__image-desktop\" alt=\"\" src=\"https:\/\/www.tortosaturisme.cat\/wp-content\/uploads\/2018\/02\/5-cor-ds.jpg\"><i class=\"arrow-down\"><\/i><\/div><div class=\"vc-incubalia-text-image-full__text-container\"><div class=\"vc-incubalia-text-image-full__text\"><\/div><\/div><\/div><div class=\"vc-incubalia-text-1-column-subtitle\"><div class=\"vc-incubalia-text-1-column-subtitle__text\"><\/p><br \/>\n<p style=\"text-align: center;\"><strong>Tortosa es una ciudad que tiene que conocerse recorriendo sus callejones y palacios<\/strong> cargados de pasado, paseando por los\u00a0<strong>rincones llenos de\u00a0<\/strong><b>historia<\/b>, contemplando\u00a0<strong>la vida<\/strong> que hay en cada terraza, en cada plaza; una ciudad de pasado y futuro para disfrutar de todas las posibilidades que ofrece, como disfrutar de una buena comida con vistas al r\u00edo y a la Catedral, perderse por los callejones de su casco viejo o tomar un vino durante una puesta de sol a bordo del la\u00fad de la ciudad en medio del r\u00edo. En<strong> Tortosa practicar\u00e1s el arte de vivir.<\/strong><\/p><br \/>\n<p><\/div><\/div><div class=\"vc-incubalia-5-cards\"><h2 class=\"vc-incubalia-5-cards__title\">Descubre el territorio<\/h2><h3 class=\"vc-incubalia-5-cards__subtitle\">Desde la cima del Mont Caro hasta la plana de Delta, toda una variedad de paisajes <\/h3><div class=\"vc-incubalia-5-cards__card card-1 has-url\"><a href=\"\/es\/el-delta-del-ebro\/\"><img decoding=\"async\" class=\"vc-incubalia-5-cards__card-mobile-picture\" src=\"https:\/\/www.tortosaturisme.cat\/wp-content\/uploads\/2018\/02\/b-1280-delta-e-640x460.jpg\">\n                      <img decoding=\"async\" class=\"vc-incubalia-5-cards__card-desktop-picture\" src=\"https:\/\/www.tortosaturisme.cat\/wp-content\/uploads\/2018\/02\/b-1280-delta-e.jpg\"><\/a><div class=\"vc-incubalia-5-cards__card-text-container\"><p class=\"vc-incubalia-5-cards__card-title\">El delta del Ebro<\/p><\/div><div class=\"vc-incubalia-5-cards__card-url-container\"><span class=\"vc-incubalia-5-cards__card-url\">Leer m\u00e1s<\/span><\/div><\/div><div class=\"vc-incubalia-5-cards__card card-2 has-url\"><a href=\"\/es\/navega-por-el-ebro\/\"><img decoding=\"async\" class=\"vc-incubalia-5-cards__card-mobile-picture\" src=\"https:\/\/www.tortosaturisme.cat\/wp-content\/uploads\/2018\/02\/b-1280-solca-4-640x460.jpg\">\n                      <img decoding=\"async\" class=\"vc-incubalia-5-cards__card-desktop-picture\" src=\"https:\/\/www.tortosaturisme.cat\/wp-content\/uploads\/2018\/02\/b-1280-solca-4-640x460.jpg\"><\/a><div class=\"vc-incubalia-5-cards__card-text-container\"><p class=\"vc-incubalia-5-cards__card-title\">Navega por el Ebro<\/p><\/div><div class=\"vc-incubalia-5-cards__card-url-container\"><span class=\"vc-incubalia-5-cards__card-url\">Leer m\u00e1s<\/span><\/div><\/div><div class=\"vc-incubalia-5-cards__card-3-and-4-container\"><div class=\"vc-incubalia-5-cards__card card-3 has-url\"><a href=\"\/es\/la-via-verde\/\"><img decoding=\"async\" class=\"vc-incubalia-5-cards__card-mobile-picture\" src=\"https:\/\/www.tortosaturisme.cat\/wp-content\/uploads\/2018\/02\/B-via-verda-640x460.jpg\">\n                      <img decoding=\"async\" class=\"vc-incubalia-5-cards__card-desktop-picture\" src=\"https:\/\/www.tortosaturisme.cat\/wp-content\/uploads\/2018\/02\/B-via-verda-640x460.jpg\"><\/a><div class=\"vc-incubalia-5-cards__card-text-container\"><p class=\"vc-incubalia-5-cards__card-title\">La V\u00eda Verde<\/p><\/div><div class=\"vc-incubalia-5-cards__card-url-container\"><span class=\"vc-incubalia-5-cards__card-url\">Leer m\u00e1s<\/span><\/div><\/div><div class=\"vc-incubalia-5-cards__card card-4 has-url\"><a href=\"\/es\/els-ports\/\"><img decoding=\"async\" class=\"vc-incubalia-5-cards__card-mobile-picture\" src=\"https:\/\/www.tortosaturisme.cat\/wp-content\/uploads\/2018\/02\/b-1280-port-cabra-640x460.jpg\">\n                      <img decoding=\"async\" class=\"vc-incubalia-5-cards__card-desktop-picture\" src=\"https:\/\/www.tortosaturisme.cat\/wp-content\/uploads\/2018\/02\/b-1280-port-cabra-640x460.jpg\"><\/a><div class=\"vc-incubalia-5-cards__card-text-container\"><p class=\"vc-incubalia-5-cards__card-title\">El parque natural de Els Ports<\/p><\/div><div class=\"vc-incubalia-5-cards__card-url-container\"><span class=\"vc-incubalia-5-cards__card-url\">Leer m\u00e1s<\/span><\/div><\/div><\/div><div class=\"vc-incubalia-5-cards__card card-5 has-url\"><a href=\"\/es\/rutas-en-bici\/\"><img decoding=\"async\" class=\"vc-incubalia-5-cards__card-mobile-picture\" src=\"https:\/\/www.tortosaturisme.cat\/wp-content\/uploads\/2018\/02\/b-1280-btt-640x460.jpg\">\n                      <img decoding=\"async\" class=\"vc-incubalia-5-cards__card-desktop-picture\" src=\"https:\/\/www.tortosaturisme.cat\/wp-content\/uploads\/2018\/02\/b-1280-btt-640x449.jpg\"><\/a><div class=\"vc-incubalia-5-cards__card-text-container\"><p class=\"vc-incubalia-5-cards__card-title\">En Bici<\/p><\/div><div class=\"vc-incubalia-5-cards__card-url-container\"><span class=\"vc-incubalia-5-cards__card-url\">Leer m\u00e1s<\/span><\/div><\/div><\/div>[\/vc_column][\/vc_row][vc_row][vc_column]<div class=\"vc-incubalia-3-images\"><h2 class=\"vc-incubalia-3-images__title\">Te proponemos<\/h2><div class=\"vc-incubalia-3-images__image\"><a href=\"\/es\/experiencias\/?experience-type=excursionisme-es&amp;list-view=cards\"><img decoding=\"async\" src=\"https:\/\/www.tortosaturisme.cat\/wp-content\/uploads\/2018\/02\/b-800-exc.jpg\" alt=\"\"><\/a><a href=\"\/es\/experiencias\/?experience-type=excursionisme-es&amp;list-view=cards\"><p class=\"vc-incubalia-3-images__image-title\">Excursiones<\/p><\/a><p class=\"vc-incubalia-3-images__image-subtitle\">Gu\u00edas expertos que te llevar\u00e1n por los parajes m\u00e1s evocadores<\/p><\/div><div class=\"vc-incubalia-3-images__image\"><a href=\"\/es\/experiencias\/?experience-type=via-verda-es&amp;list-view=cards\"><img decoding=\"async\" src=\"https:\/\/www.tortosaturisme.cat\/wp-content\/uploads\/2018\/02\/b-800-via-verda.jpg\" alt=\"\"><\/a><a href=\"\/es\/experiencias\/?experience-type=via-verda-es&amp;list-view=cards\"><p class=\"vc-incubalia-3-images__image-title\">Experiencias en la V\u00eda Verde<\/p><\/a><p class=\"vc-incubalia-3-images__image-subtitle\">Prep\u00e1rate para pedalear por todas las Tierras del Ebro<\/p><\/div><div class=\"vc-incubalia-3-images__image\"><a href=\"\/es\/experiencias\/?experience-type=bicicletes-es&amp;list-view=cards\"><img decoding=\"async\" src=\"https:\/\/www.tortosaturisme.cat\/wp-content\/uploads\/2018\/02\/b-800-lloguer-bicis.jpg\" alt=\"\"><\/a><a href=\"\/es\/experiencias\/?experience-type=bicicletes-es&amp;list-view=cards\"><p class=\"vc-incubalia-3-images__image-title\">Alquiler de bicis<\/p><\/a><p class=\"vc-incubalia-3-images__image-subtitle\">Tu decides por d\u00f3nde ir<\/p><\/div><\/div>[\/vc_column][\/vc_row]<\/p>\n","protected":false},"excerpt":{"rendered":"<p>[vc_row][vc_column][\/vc_column][\/vc_row][vc_row][vc_column][\/vc_column][\/vc_row][vc_row][vc_column][\/vc_column][\/vc_row][vc_row][vc_column][\/vc_column][\/vc_row][vc_row][vc_column][\/vc_column][\/vc_row][vc_row][vc_column][\/vc_column][\/vc_row][vc_row][vc_column][\/vc_column][\/vc_row]<\/p>\n","protected":false},"author":2,"featured_media":0,"parent":0,"menu_order":395,"comment_status":"closed","ping_status":"closed","template":"","meta":{"footnotes":""},"class_list":["post-4255","page","type-page","status-publish","hentry"],"acf":[],"yoast_head":"<!-- This site is optimized with the Yoast SEO plugin v27.4 - https:\/\/yoast.com\/product\/yoast-seo-wordpress\/ -->\n<title>En el coraz\u00f3n de la reserva de la Biosfera - tortosaturisme<\/title>\n<meta name=\"description\" content=\"Tortosa, en el coraz\u00f3n de las Tierras del Ebro, Reserva de la Biosfera UNESCO, es uno de los 100 mejores destinos de turismo sostenible.\" \/>\n<meta name=\"robots\" content=\"index, follow, max-snippet:-1, max-image-preview:large, max-video-preview:-1\" \/>\n<link rel=\"canonical\" href=\"https:\/\/www.tortosaturisme.cat\/es\/en-el-corazon-de-la-reserva-de-la-biosfera\/\" \/>\n<meta property=\"og:locale\" content=\"es_ES\" \/>\n<meta property=\"og:type\" content=\"article\" \/>\n<meta property=\"og:title\" content=\"En el coraz\u00f3n de la reserva de la Biosfera - tortosaturisme\" \/>\n<meta property=\"og:description\" content=\"Tortosa, en el coraz\u00f3n de las Tierras del Ebro, Reserva de la Biosfera UNESCO, es uno de los 100 mejores destinos de turismo sostenible.\" \/>\n<meta property=\"og:url\" content=\"https:\/\/www.tortosaturisme.cat\/es\/en-el-corazon-de-la-reserva-de-la-biosfera\/\" \/>\n<meta property=\"og:site_name\" content=\"tortosaturisme\" \/>\n<meta property=\"article:modified_time\" content=\"2025-09-19T16:40:55+00:00\" \/>\n<meta name=\"twitter:card\" content=\"summary_large_image\" \/>\n<meta name=\"twitter:label1\" content=\"Tiempo de lectura\" \/>\n\t<meta name=\"twitter:data1\" content=\"3 minutos\" \/>\n<script type=\"application\/ld+json\" class=\"yoast-schema-graph\">{\"@context\":\"https:\\\/\\\/schema.org\",\"@graph\":[{\"@type\":\"WebPage\",\"@id\":\"https:\\\/\\\/www.tortosaturisme.cat\\\/es\\\/en-el-corazon-de-la-reserva-de-la-biosfera\\\/\",\"url\":\"https:\\\/\\\/www.tortosaturisme.cat\\\/es\\\/en-el-corazon-de-la-reserva-de-la-biosfera\\\/\",\"name\":\"En el coraz\u00f3n de la reserva de la Biosfera - tortosaturisme\",\"isPartOf\":{\"@id\":\"https:\\\/\\\/www.tortosaturisme.cat\\\/es\\\/#website\"},\"datePublished\":\"2018-02-10T11:41:19+00:00\",\"dateModified\":\"2025-09-19T16:40:55+00:00\",\"description\":\"Tortosa, en el coraz\u00f3n de las Tierras del Ebro, Reserva de la Biosfera UNESCO, es uno de los 100 mejores destinos de turismo sostenible.\",\"breadcrumb\":{\"@id\":\"https:\\\/\\\/www.tortosaturisme.cat\\\/es\\\/en-el-corazon-de-la-reserva-de-la-biosfera\\\/#breadcrumb\"},\"inLanguage\":\"es\",\"potentialAction\":[{\"@type\":\"ReadAction\",\"target\":[\"https:\\\/\\\/www.tortosaturisme.cat\\\/es\\\/en-el-corazon-de-la-reserva-de-la-biosfera\\\/\"]}]},{\"@type\":\"BreadcrumbList\",\"@id\":\"https:\\\/\\\/www.tortosaturisme.cat\\\/es\\\/en-el-corazon-de-la-reserva-de-la-biosfera\\\/#breadcrumb\",\"itemListElement\":[{\"@type\":\"ListItem\",\"position\":1,\"name\":\"Home\",\"item\":\"https:\\\/\\\/www.tortosaturisme.cat\\\/es\\\/\"},{\"@type\":\"ListItem\",\"position\":2,\"name\":\"En el coraz\u00f3n de la reserva de la Biosfera\"}]},{\"@type\":\"WebSite\",\"@id\":\"https:\\\/\\\/www.tortosaturisme.cat\\\/es\\\/#website\",\"url\":\"https:\\\/\\\/www.tortosaturisme.cat\\\/es\\\/\",\"name\":\"tortosaturisme\",\"description\":\"Otro sitio realizado con WordPress\",\"potentialAction\":[{\"@type\":\"SearchAction\",\"target\":{\"@type\":\"EntryPoint\",\"urlTemplate\":\"https:\\\/\\\/www.tortosaturisme.cat\\\/es\\\/?s={search_term_string}\"},\"query-input\":{\"@type\":\"PropertyValueSpecification\",\"valueRequired\":true,\"valueName\":\"search_term_string\"}}],\"inLanguage\":\"es\"}]}<\/script>\n<!-- \/ Yoast SEO plugin. -->","yoast_head_json":{"title":"En el coraz\u00f3n de la reserva de la Biosfera - tortosaturisme","description":"Tortosa, en el coraz\u00f3n de las Tierras del Ebro, Reserva de la Biosfera UNESCO, es uno de los 100 mejores destinos de turismo sostenible.","robots":{"index":"index","follow":"follow","max-snippet":"max-snippet:-1","max-image-preview":"max-image-preview:large","max-video-preview":"max-video-preview:-1"},"canonical":"https:\/\/www.tortosaturisme.cat\/es\/en-el-corazon-de-la-reserva-de-la-biosfera\/","og_locale":"es_ES","og_type":"article","og_title":"En el coraz\u00f3n de la reserva de la Biosfera - tortosaturisme","og_description":"Tortosa, en el coraz\u00f3n de las Tierras del Ebro, Reserva de la Biosfera UNESCO, es uno de los 100 mejores destinos de turismo sostenible.","og_url":"https:\/\/www.tortosaturisme.cat\/es\/en-el-corazon-de-la-reserva-de-la-biosfera\/","og_site_name":"tortosaturisme","article_modified_time":"2025-09-19T16:40:55+00:00","twitter_card":"summary_large_image","twitter_misc":{"Tiempo de lectura":"3 minutos"},"schema":{"@context":"https:\/\/schema.org","@graph":[{"@type":"WebPage","@id":"https:\/\/www.tortosaturisme.cat\/es\/en-el-corazon-de-la-reserva-de-la-biosfera\/","url":"https:\/\/www.tortosaturisme.cat\/es\/en-el-corazon-de-la-reserva-de-la-biosfera\/","name":"En el coraz\u00f3n de la reserva de la Biosfera - tortosaturisme","isPartOf":{"@id":"https:\/\/www.tortosaturisme.cat\/es\/#website"},"datePublished":"2018-02-10T11:41:19+00:00","dateModified":"2025-09-19T16:40:55+00:00","description":"Tortosa, en el coraz\u00f3n de las Tierras del Ebro, Reserva de la Biosfera UNESCO, es uno de los 100 mejores destinos de turismo sostenible.","breadcrumb":{"@id":"https:\/\/www.tortosaturisme.cat\/es\/en-el-corazon-de-la-reserva-de-la-biosfera\/#breadcrumb"},"inLanguage":"es","potentialAction":[{"@type":"ReadAction","target":["https:\/\/www.tortosaturisme.cat\/es\/en-el-corazon-de-la-reserva-de-la-biosfera\/"]}]},{"@type":"BreadcrumbList","@id":"https:\/\/www.tortosaturisme.cat\/es\/en-el-corazon-de-la-reserva-de-la-biosfera\/#breadcrumb","itemListElement":[{"@type":"ListItem","position":1,"name":"Home","item":"https:\/\/www.tortosaturisme.cat\/es\/"},{"@type":"ListItem","position":2,"name":"En el coraz\u00f3n de la reserva de la Biosfera"}]},{"@type":"WebSite","@id":"https:\/\/www.tortosaturisme.cat\/es\/#website","url":"https:\/\/www.tortosaturisme.cat\/es\/","name":"tortosaturisme","description":"Otro sitio realizado con WordPress","potentialAction":[{"@type":"SearchAction","target":{"@type":"EntryPoint","urlTemplate":"https:\/\/www.tortosaturisme.cat\/es\/?s={search_term_string}"},"query-input":{"@type":"PropertyValueSpecification","valueRequired":true,"valueName":"search_term_string"}}],"inLanguage":"es"}]}},"_links":{"self":[{"href":"https:\/\/www.tortosaturisme.cat\/es\/wp-json\/wp\/v2\/pages\/4255","targetHints":{"allow":["GET"]}}],"collection":[{"href":"https:\/\/www.tortosaturisme.cat\/es\/wp-json\/wp\/v2\/pages"}],"about":[{"href":"https:\/\/www.tortosaturisme.cat\/es\/wp-json\/wp\/v2\/types\/page"}],"author":[{"embeddable":true,"href":"https:\/\/www.tortosaturisme.cat\/es\/wp-json\/wp\/v2\/users\/2"}],"replies":[{"embeddable":true,"href":"https:\/\/www.tortosaturisme.cat\/es\/wp-json\/wp\/v2\/comments?post=4255"}],"version-history":[{"count":12,"href":"https:\/\/www.tortosaturisme.cat\/es\/wp-json\/wp\/v2\/pages\/4255\/revisions"}],"predecessor-version":[{"id":13964,"href":"https:\/\/www.tortosaturisme.cat\/es\/wp-json\/wp\/v2\/pages\/4255\/revisions\/13964"}],"wp:attachment":[{"href":"https:\/\/www.tortosaturisme.cat\/es\/wp-json\/wp\/v2\/media?parent=4255"}],"curies":[{"name":"wp","href":"https:\/\/api.w.org\/{rel}","templated":true}]}}