{"id":4257,"date":"2018-02-11T11:53:15","date_gmt":"2018-02-11T11:53:15","guid":{"rendered":"http:\/\/tortosaturisme-preprod.incubaliadev.com\/es\/entre-2-parcs-naturals\/"},"modified":"2025-01-21T14:58:55","modified_gmt":"2025-01-21T14:58:55","slug":"entre-2-parques-naturales","status":"publish","type":"page","link":"https:\/\/www.tortosaturisme.cat\/es\/entre-2-parques-naturales\/","title":{"rendered":"Entre 2 parques naturales"},"content":{"rendered":"<p>[vc_row][vc_column]<div class=\"vc-incubalia-big-header\"><h1 class=\"vc-incubalia-big-header__title\">Entre 2 parques naturales<\/h1><img decoding=\"async\" class=\"vc-incubalia-big-header__mobile-picture\" src=\"https:\/\/www.tortosaturisme.cat\/wp-content\/uploads\/2018\/02\/1-entres-2-parcs-mb.jpg\">\n                  <img decoding=\"async\" class=\"vc-incubalia-big-header__desktop-picture\" src=\"https:\/\/www.tortosaturisme.cat\/wp-content\/uploads\/2018\/02\/1-entres-2-parcs-ds.jpg\"><\/div>[\/vc_column][\/vc_row][vc_row][vc_column]<div class=\"vc-incubalia-text-1-column-subtitle\"><h3 class=\"vc-incubalia-text-1-column-subtitle__subtitle\">Tortosa se encuentra situada entre el Parque Natural de Els Ports y el del Delta del Ebro. Su ubicaci\u00f3n la convierte en un lugar ideal para aprovechar al m\u00e1ximo la visita y descubrir el alto valor natural de ambos parques naturales<\/h3><div class=\"vc-incubalia-text-1-column-subtitle__text\"><\/div><\/div>[vc_raw_html]JTNDZGl2JTIwc3R5bGUlM0QlMjJ3aWR0aCUzQTk1JTI1JTNCJTIwaGVpZ2h0JTNBJTIwY2FsYyUyODkwdmglMjAtJTIwMTAwcHglMjklM0JtYXJnaW4lM0EwJTIwYXV0byUzQiUyMiUzRSUwQSUyMCUyMCUyMCUyMCUzQ2RpdiUwQSUyMCUyMCUyMCUyMCUyMCUyMCUyMCUyMGlkJTNEJTIyYldpZGdldE1hcCUyMiUwQSUyMCUyMCUyMCUyMCUyMCUyMCUyMCUyMGludGVncmF0aW9uJTNEJTIyc2VnbWVudCUyMiUwQSUyMCUyMCUyMCUyMCUyMCUyMCUyMCUyMHRvcEhlaWdodCUzRCUyMjEwMCUyMiUwQSUyMCUyMCUyMCUyMCUyMCUyMCUyMCUyMGJ0bkNvbG9yJTNEJTI3JTIzYzMwNjFhJTI3JTBBJTIwJTIwJTIwJTIwJTIwJTIwJTIwJTIwc2hvd0N1cnRhaW4lM0QlMjJ0cnVlJTIyJTBBJTIwJTIwJTIwJTIwJTIwJTIwJTIwJTIwc2hvd0J1dHRvbnMlM0QlMjJ0cnVlJTIyJTBBJTIwJTIwJTIwJTIwJTIwJTIwJTIwJTIwdmlld01hcFRleHQlM0QlMjJNQVBBJTIwSU5URVJBQ1RJVk8lMjIlMEElMjAlMjAlMjAlMjAlMjAlMjAlMjAlMjBwYXJlbnR1cmlwcmVmaXglM0QlMjJid2lkZ2V0JTNBJTIyJTBBJTIwJTIwJTIwJTIwJTIwJTIwJTIwJTIwaWdub3JlQm90dG9tQ29udGVudCUzRCUyMnRydWUlMjIlMEElMjAlMjAlMjAlMjAlMjAlMjAlMjAlMjBlbWJlZHVybCUzRCUyMmh0dHBzJTNBJTJGJTJGbWFwZXMudG9ydG9zYXR1cmlzbWUuY2F0JTIyJTBBJTIwJTIwJTIwJTIwJTIwJTIwJTIwJTIwZW1iZWRtYWludXJpJTNEJTIyJTJGZXMlMkZlbnRyZS0yLXBhcnF1ZXMtbmF0dXJhbGVzJTIyJTBBJTIwJTIwJTIwJTIwJTIwJTIwJTIwJTIwbWFwU2Nyb2xsd2hlZWwlM0QlMjJmYWxzZSUyMiUwQSUyMCUyMCUyMCUyMCUyMCUyMCUyMCUyMG9uRm9jdXMlM0QlMjIlMjIlMEElMjAlMjAlMjAlMjAlMjAlMjAlMjAlMjBvbkZvY3VzT3V0JTNEJTIyJTIyJTBBJTIwJTIwJTIwJTIwJTNFJTNDJTJGZGl2JTNFJTBBJTIwJTIwJTIwJTIwJTNDc2NyaXB0JTIwdHlwZSUzRCUyMnRleHQlMkZqYXZhc2NyaXB0JTIyJTIwc3JjJTNEJTIyaHR0cHMlM0ElMkYlMkZtYXBlcy50b3J0b3NhdHVyaXNtZS5jYXQlMkZlbWJlZC5qcyUyMiUzRSUzQyUyRnNjcmlwdCUzRSUwQSUzQyUyRmRpdiUzRSUwQQ==[\/vc_raw_html][\/vc_column][\/vc_row][vc_row][vc_column]<div class=\"vc-incubalia-text-image-full\"><div class=\"vc-incubalia-text-image-full__image-container\"><img decoding=\"async\" class=\"vc-incubalia-text-image-full__image-mobile\" alt=\"\" src=\"https:\/\/www.tortosaturisme.cat\/wp-content\/uploads\/2018\/02\/2-entres-2-parcs-mb-1.jpg\"><img decoding=\"async\" class=\"vc-incubalia-text-image-full__image-desktop\" alt=\"\" src=\"https:\/\/www.tortosaturisme.cat\/wp-content\/uploads\/2018\/02\/2-entres-2-parcs-ds-1-1.jpg\"><h2 class=\"vc-incubalia-text-image-full__title\">El delta del Ebro<\/h2><i class=\"arrow-down\"><\/i><\/div><div class=\"vc-incubalia-text-image-full__text-container\"><div class=\"vc-incubalia-text-image-full__text\"><\/p><br \/>\n<p style=\"text-align: center;\">Es el h\u00e1bitat de<strong>\u00a0miles y miles de aves<\/strong> que se pueden observar desde los miradores y espacios especialmente indicados para la pr\u00e1ctica del llamado <strong>birdwatching <\/strong>(observaci\u00f3n de aves). Los ex\u00f3ticos <strong>flamencos<\/strong>\u00a0son los protagonistas estrella que pueden contemplarse sin mucha dificultad. El delta ofrece una gran cantidad de<strong> rutas para hacer a pie<\/strong> <strong>o en bicicleta<\/strong>, ya que se trata de una zona muy plana. Adem\u00e1s, tanto el litoral de las Tierras del Ebro como el delta se han consolidado como el espacio ideal para la realizaci\u00f3n de<strong> actividades n\u00e1uticas<\/strong>, como kayac o snorkel (submarinismo). El viento que acostumbra a soplar en estas tierras resulta ser un complemento ideal para la pr\u00e1ctica del<strong> kitesurf<\/strong> (surf con cometa), por ejemplo.<\/p><br \/>\n<p><\/div><\/div><\/div><div class=\"vc-incubalia-text-image-full\"><div class=\"vc-incubalia-text-image-full__image-container\"><img decoding=\"async\" class=\"vc-incubalia-text-image-full__image-mobile\" alt=\"\" src=\"https:\/\/www.tortosaturisme.cat\/wp-content\/uploads\/2018\/02\/3-entre-dos-parcs-mb-bis.jpg\"><img decoding=\"async\" class=\"vc-incubalia-text-image-full__image-desktop\" alt=\"\" src=\"https:\/\/www.tortosaturisme.cat\/wp-content\/uploads\/2018\/02\/3-entre-dos-parcs-ds-bis-3.jpg\"><h2 class=\"vc-incubalia-text-image-full__title\">El Parque Natural de Els Ports <\/h2><i class=\"arrow-down\"><\/i><\/div><div class=\"vc-incubalia-text-image-full__text-container\"><div class=\"vc-incubalia-text-image-full__text\"><\/p><br \/>\n<p style=\"text-align: center;\">Se extiende por el \u00e1rea catalana del <strong>macizo monta\u00f1oso de Els Ports<\/strong>,\u00a0sobrepasando los l\u00edmites de las Tierras del Ebro y adentr\u00e1ndose en las provincias de Teruel y Castell\u00f3n. El punto m\u00e1s alto es la <strong>cima del Caro<\/strong> que asciende a <strong>1.441 metros<\/strong> sobre el nivel del mar. Estas sierras destacan por su riqueza faun\u00edstica y flor\u00edstica y, de hecho, son el refugio de muchas especies animales y vegetales. As\u00ed, por ejemplo, en este parque natural destaca la presencia de la <strong>cabra hisp\u00e1nica y de los hayedos<\/strong>, siendo el\u00a0<strong>hayedo m\u00e1s meridional de Europa<\/strong>, con la imponente presencia del <strong>Faig Pare\u00a0<\/strong>y<strong>\u00a0la Fageda del Retaule <\/strong>(en el t\u00e9rmino municipal de La S\u00e9nia). Los amantes del excursionismo encuentran en este parque su para\u00edso particular, con decenas de senderos y caminos que permiten disfrutar del entorno natural, as\u00ed como del descubrimiento de <strong>parajes llenos de belleza<\/strong>, reservados para los m\u00e1s valientes.<\/p><br \/>\n<p><\/div><\/div><\/div>[\/vc_column][\/vc_row][vc_row][vc_column]<div class=\"vc-incubalia-5-cards\"><h2 class=\"vc-incubalia-5-cards__title\">Descubre Tortosa y su entorno<\/h2><div class=\"vc-incubalia-5-cards__card card-1 has-url\"><a href=\"\/es\/tortosa-en-un-dia\/\"><img decoding=\"async\" class=\"vc-incubalia-5-cards__card-mobile-picture\" src=\"https:\/\/www.tortosaturisme.cat\/wp-content\/uploads\/2018\/02\/B-tortosa-en-un-dia-640x460.jpg\">\n                      <img decoding=\"async\" class=\"vc-incubalia-5-cards__card-desktop-picture\" src=\"https:\/\/www.tortosaturisme.cat\/wp-content\/uploads\/2018\/02\/B-tortosa-en-un-dia.jpg\"><\/a><div class=\"vc-incubalia-5-cards__card-text-container\"><p class=\"vc-incubalia-5-cards__card-title\">Tortosa en un d\u00eda<\/p><\/div><div class=\"vc-incubalia-5-cards__card-url-container\"><span class=\"vc-incubalia-5-cards__card-url\">Leer m\u00e1s<\/span><\/div><\/div><div class=\"vc-incubalia-5-cards__card card-2 has-url\"><a href=\"\/es\/la-via-verde\/\"><img decoding=\"async\" class=\"vc-incubalia-5-cards__card-mobile-picture\" src=\"https:\/\/www.tortosaturisme.cat\/wp-content\/uploads\/2018\/02\/B-via-verda-640x460.jpg\">\n                      <img decoding=\"async\" class=\"vc-incubalia-5-cards__card-desktop-picture\" src=\"https:\/\/www.tortosaturisme.cat\/wp-content\/uploads\/2018\/02\/B-via-verda-640x460.jpg\"><\/a><div class=\"vc-incubalia-5-cards__card-text-container\"><p class=\"vc-incubalia-5-cards__card-title\">La V\u00eda Verde<\/p><p class=\"vc-incubalia-5-cards__card-subtitle\">Con salida desde Tortosa, recorre las Tierras del Ebro<\/p><\/div><div class=\"vc-incubalia-5-cards__card-url-container\"><span class=\"vc-incubalia-5-cards__card-url\">Leer m\u00e1s<\/span><\/div><\/div><div class=\"vc-incubalia-5-cards__card-3-and-4-container\"><div class=\"vc-incubalia-5-cards__card card-3 has-url\"><a href=\"\/es\/los-10-imperdibles\/\"><img decoding=\"async\" class=\"vc-incubalia-5-cards__card-mobile-picture\" src=\"https:\/\/www.tortosaturisme.cat\/wp-content\/uploads\/2018\/02\/B-10-imp-640x460.jpg\">\n                      <img decoding=\"async\" class=\"vc-incubalia-5-cards__card-desktop-picture\" src=\"https:\/\/www.tortosaturisme.cat\/wp-content\/uploads\/2018\/02\/B-10-imp-640x460.jpg\"><\/a><div class=\"vc-incubalia-5-cards__card-text-container\"><p class=\"vc-incubalia-5-cards__card-title\">Los 10 imperdibles<\/p><p class=\"vc-incubalia-5-cards__card-subtitle\">Los imprescindibles en tu visita<\/p><\/div><div class=\"vc-incubalia-5-cards__card-url-container\"><span class=\"vc-incubalia-5-cards__card-url\">Leer m\u00e1s<\/span><\/div><\/div><div class=\"vc-incubalia-5-cards__card card-4 has-url\"><a href=\"\/es\/el-delta-del-ebro\/\"><img decoding=\"async\" class=\"vc-incubalia-5-cards__card-mobile-picture\" src=\"https:\/\/www.tortosaturisme.cat\/wp-content\/uploads\/2018\/02\/B-delta-ebre-e1560351224263-640x460.jpg\">\n                      <img decoding=\"async\" class=\"vc-incubalia-5-cards__card-desktop-picture\" src=\"https:\/\/www.tortosaturisme.cat\/wp-content\/uploads\/2018\/02\/B-delta-ebre-e1560351224263-640x460.jpg\"><\/a><div class=\"vc-incubalia-5-cards__card-text-container\"><p class=\"vc-incubalia-5-cards__card-title\">El Delta del Ebro<\/p><\/div><div class=\"vc-incubalia-5-cards__card-url-container\"><span class=\"vc-incubalia-5-cards__card-url\">Leer m\u00e1s<\/span><\/div><\/div><\/div><div class=\"vc-incubalia-5-cards__card card-5 has-url\"><a href=\"\/es\/els-ports\/\"><img decoding=\"async\" class=\"vc-incubalia-5-cards__card-mobile-picture\" src=\"https:\/\/www.tortosaturisme.cat\/wp-content\/uploads\/2018\/02\/b-1280-faig-pare-1-640x460.jpg\">\n                      <img decoding=\"async\" class=\"vc-incubalia-5-cards__card-desktop-picture\" src=\"https:\/\/www.tortosaturisme.cat\/wp-content\/uploads\/2018\/02\/b-1280-faig-pare-1-640x449.jpg\"><\/a><div class=\"vc-incubalia-5-cards__card-text-container\"><p class=\"vc-incubalia-5-cards__card-title\">El parque natural de Els Ports<\/p><\/div><div class=\"vc-incubalia-5-cards__card-url-container\"><span class=\"vc-incubalia-5-cards__card-url\">Leer m\u00e1s<\/span><\/div><\/div><\/div><div class=\"vc-incubalia-4-images\"><h2 class=\"vc-incubalia-4-images__title\">Vive la ciudad y el territorio<\/h2><div class=\"vc-incubalia-4-images__image has-url\"\"><a href=\"\/es\/experiencias\/\"><img decoding=\"async\" src=\"https:\/\/www.tortosaturisme.cat\/wp-content\/uploads\/2018\/02\/B-experiencies.jpg\" alt=\"\"><\/a><div class=\"vc-incubalia-4-images__image-text-container\"><p class=\"vc-incubalia-4-images__image-title\">Experiencias <\/p><p class=\"vc-incubalia-4-images__image-subtitle\">Actividades culturales, de aventura, en grupo, para toda la familia y, sobretodo, \u00a1para disfrutar!<\/p><\/div><div class=\"vc-incubalia-4-images__image-url-container\"><span class=\"vc-incubalia-4-images__image-url\">Leer m\u00e1s<\/span><\/div><\/div><div class=\"vc-incubalia-4-images__image has-url\"\"><a href=\"\/es\/experiencias\/?experience-type=a-laire-lliure-es&list-view=cards\"><img decoding=\"async\" src=\"https:\/\/www.tortosaturisme.cat\/wp-content\/uploads\/2018\/02\/B-exp-aire-lliure.jpg\" alt=\"\"><\/a><div class=\"vc-incubalia-4-images__image-text-container\"><p class=\"vc-incubalia-4-images__image-title\">Al aire libre<\/p><p class=\"vc-incubalia-4-images__image-subtitle\">Excursiones a pie, en 4x4 o en bici.<\/p><\/div><div class=\"vc-incubalia-4-images__image-url-container\"><span class=\"vc-incubalia-4-images__image-url\">Leer m\u00e1s<\/span><\/div><\/div><div class=\"vc-incubalia-4-images__image has-url\"\"><a href=\"\/es\/experiencias\/?experience-type=al-riu-es&list-view=cards\"><img decoding=\"async\" src=\"https:\/\/www.tortosaturisme.cat\/wp-content\/uploads\/2018\/02\/B-exp-piragua.jpg\" alt=\"\"><\/a><div class=\"vc-incubalia-4-images__image-text-container\"><p class=\"vc-incubalia-4-images__image-title\">En el r\u00edo<\/p><p class=\"vc-incubalia-4-images__image-subtitle\">Navega en el la\u00fad o explora en piragua o kayak<\/p><\/div><div class=\"vc-incubalia-4-images__image-url-container\"><span class=\"vc-incubalia-4-images__image-url\">Leer m\u00e1s<\/span><\/div><\/div><div class=\"vc-incubalia-4-images__image has-url\"\"><a href=\"\/es\/experiencias\/?experience-type=amb-nens-es&list-view=cards\"><img decoding=\"async\" src=\"https:\/\/www.tortosaturisme.cat\/wp-content\/uploads\/2018\/02\/B-exp-nens.jpg\" alt=\"\"><\/a><div class=\"vc-incubalia-4-images__image-text-container\"><p class=\"vc-incubalia-4-images__image-title\">Con ni\u00f1os<\/p><p class=\"vc-incubalia-4-images__image-subtitle\">Una visita inolvidable<\/p><\/div><div class=\"vc-incubalia-4-images__image-url-container\"><span class=\"vc-incubalia-4-images__image-url\">Leer m\u00e1s<\/span><\/div><\/div><\/div>[\/vc_column][\/vc_row][vc_row][vc_column]<div class=\"vc-incubalia-3-images\"><h2 class=\"vc-incubalia-3-images__title\">Te proponemos<\/h2><div class=\"vc-incubalia-3-images__image\"><a href=\"\/es\/una-escapada-de-fin-de-semana\/\"><img decoding=\"async\" src=\"https:\/\/www.tortosaturisme.cat\/wp-content\/uploads\/2018\/02\/B-800-600-escapada-finde.jpg\" alt=\"\"><\/a><a href=\"\/es\/una-escapada-de-fin-de-semana\/\"><p class=\"vc-incubalia-3-images__image-title\">Una escapada ideal<\/p><\/a><p class=\"vc-incubalia-3-images__image-subtitle\">Un fin de semana para descubrir Tortosa y las Tierras del Ebro<\/p><\/div><div class=\"vc-incubalia-3-images__image\"><a href=\"\/es\/la-cocina-de-las-tierras-del-ebro\/\"><img decoding=\"async\" src=\"https:\/\/www.tortosaturisme.cat\/wp-content\/uploads\/2018\/02\/B-800-600-cuina.jpg\" alt=\"\"><\/a><a href=\"\/es\/la-cocina-de-las-tierras-del-ebro\/\"><p class=\"vc-incubalia-3-images__image-title\">Gastronom\u00eda<\/p><\/a><p class=\"vc-incubalia-3-images__image-subtitle\">Descubre una cocina arraigada a la tierra<\/p><\/div><div class=\"vc-incubalia-3-images__image\"><a href=\"\/es\/rutas\/\"><img decoding=\"async\" src=\"https:\/\/www.tortosaturisme.cat\/wp-content\/uploads\/2018\/02\/B-800-600-rutes.jpg\" alt=\"\"><\/a><a href=\"\/es\/rutas\/\"><p class=\"vc-incubalia-3-images__image-title\">Rutas<\/p><\/a><p class=\"vc-incubalia-3-images__image-subtitle\">Recorre la ciudad y ad\u00e9ntrate en su historia<\/p><\/div><\/div>[\/vc_column][\/vc_row]<\/p>\n","protected":false},"excerpt":{"rendered":"<p>[vc_row][vc_column][\/vc_column][\/vc_row][vc_row][vc_column][vc_raw_html]JTNDZGl2JTIwc3R5bGUlM0QlMjJ3aWR0aCUzQTk1JTI1JTNCJTIwaGVpZ2h0JTNBJTIwY2FsYyUyODkwdmglMjAtJTIwMTAwcHglMjklM0JtYXJnaW4lM0EwJTIwYXV0byUzQiUyMiUzRSUwQSUyMCUyMCUyMCUyMCUzQ2RpdiUwQSUyMCUyMCUyMCUyMCUyMCUyMCUyMCUyMGlkJTNEJTIyYldpZGdldE1hcCUyMiUwQSUyMCUyMCUyMCUyMCUyMCUyMCUyMCUyMGludGVncmF0aW9uJTNEJTIyc2VnbWVudCUyMiUwQSUyMCUyMCUyMCUyMCUyMCUyMCUyMCUyMHRvcEhlaWdodCUzRCUyMjEwMCUyMiUwQSUyMCUyMCUyMCUyMCUyMCUyMCUyMCUyMGJ0bkNvbG9yJTNEJTI3JTIzYzMwNjFhJTI3JTBBJTIwJTIwJTIwJTIwJTIwJTIwJTIwJTIwc2hvd0N1cnRhaW4lM0QlMjJ0cnVlJTIyJTBBJTIwJTIwJTIwJTIwJTIwJTIwJTIwJTIwc2hvd0J1dHRvbnMlM0QlMjJ0cnVlJTIyJTBBJTIwJTIwJTIwJTIwJTIwJTIwJTIwJTIwdmlld01hcFRleHQlM0QlMjJNQVBBJTIwSU5URVJBQ1RJVk8lMjIlMEElMjAlMjAlMjAlMjAlMjAlMjAlMjAlMjBwYXJlbnR1cmlwcmVmaXglM0QlMjJid2lkZ2V0JTNBJTIyJTBBJTIwJTIwJTIwJTIwJTIwJTIwJTIwJTIwaWdub3JlQm90dG9tQ29udGVudCUzRCUyMnRydWUlMjIlMEElMjAlMjAlMjAlMjAlMjAlMjAlMjAlMjBlbWJlZHVybCUzRCUyMmh0dHBzJTNBJTJGJTJGbWFwZXMudG9ydG9zYXR1cmlzbWUuY2F0JTIyJTBBJTIwJTIwJTIwJTIwJTIwJTIwJTIwJTIwZW1iZWRtYWludXJpJTNEJTIyJTJGZXMlMkZlbnRyZS0yLXBhcnF1ZXMtbmF0dXJhbGVzJTIyJTBBJTIwJTIwJTIwJTIwJTIwJTIwJTIwJTIwbWFwU2Nyb2xsd2hlZWwlM0QlMjJmYWxzZSUyMiUwQSUyMCUyMCUyMCUyMCUyMCUyMCUyMCUyMG9uRm9jdXMlM0QlMjIlMjIlMEElMjAlMjAlMjAlMjAlMjAlMjAlMjAlMjBvbkZvY3VzT3V0JTNEJTIyJTIyJTBBJTIwJTIwJTIwJTIwJTNFJTNDJTJGZGl2JTNFJTBBJTIwJTIwJTIwJTIwJTNDc2NyaXB0JTIwdHlwZSUzRCUyMnRleHQlMkZqYXZhc2NyaXB0JTIyJTIwc3JjJTNEJTIyaHR0cHMlM0ElMkYlMkZtYXBlcy50b3J0b3NhdHVyaXNtZS5jYXQlMkZlbWJlZC5qcyUyMiUzRSUzQyUyRnNjcmlwdCUzRSUwQSUzQyUyRmRpdiUzRSUwQQ==[\/vc_raw_html][\/vc_column][\/vc_row][vc_row][vc_column][\/vc_column][\/vc_row][vc_row][vc_column][\/vc_column][\/vc_row][vc_row][vc_column][\/vc_column][\/vc_row]<\/p>\n","protected":false},"author":2,"featured_media":0,"parent":0,"menu_order":374,"comment_status":"closed","ping_status":"closed","template":"","meta":{"footnotes":""},"class_list":["post-4257","page","type-page","status-publish","hentry"],"acf":[],"yoast_head":"<!-- This site is optimized with the Yoast SEO plugin v27.5 - https:\/\/yoast.com\/product\/yoast-seo-wordpress\/ -->\n<title>Entre los Parques Naturales del Delta y Els Ports - Tortosa Turisme<\/title>\n<meta name=\"description\" content=\"El Parque Natural del Delta del Ebro y el de Els Ports se encuentran a pocos kil\u00f3metros de Tortosa. No aprovechar la estancia en la ciudad para poder visitarlos significa perder la oportunidad de conocer dos de los espacios naturales m\u00e1s exuberantes.\" \/>\n<meta name=\"robots\" content=\"index, follow, max-snippet:-1, max-image-preview:large, max-video-preview:-1\" \/>\n<link rel=\"canonical\" href=\"https:\/\/www.tortosaturisme.cat\/es\/entre-2-parques-naturales\/\" \/>\n<meta property=\"og:locale\" content=\"es_ES\" \/>\n<meta property=\"og:type\" content=\"article\" \/>\n<meta property=\"og:title\" content=\"Entre los Parques Naturales del Delta y Els Ports - Tortosa Turisme\" \/>\n<meta property=\"og:description\" content=\"El Parque Natural del Delta del Ebro y el de Els Ports se encuentran a pocos kil\u00f3metros de Tortosa. No aprovechar la estancia en la ciudad para poder visitarlos significa perder la oportunidad de conocer dos de los espacios naturales m\u00e1s exuberantes.\" \/>\n<meta property=\"og:url\" content=\"https:\/\/www.tortosaturisme.cat\/es\/entre-2-parques-naturales\/\" \/>\n<meta property=\"og:site_name\" content=\"tortosaturisme\" \/>\n<meta property=\"article:modified_time\" content=\"2025-01-21T14:58:55+00:00\" \/>\n<meta name=\"twitter:card\" content=\"summary_large_image\" \/>\n<meta name=\"twitter:label1\" content=\"Tiempo de lectura\" \/>\n\t<meta name=\"twitter:data1\" content=\"4 minutos\" \/>\n<script type=\"application\/ld+json\" class=\"yoast-schema-graph\">{\"@context\":\"https:\\\/\\\/schema.org\",\"@graph\":[{\"@type\":\"WebPage\",\"@id\":\"https:\\\/\\\/www.tortosaturisme.cat\\\/es\\\/entre-2-parques-naturales\\\/\",\"url\":\"https:\\\/\\\/www.tortosaturisme.cat\\\/es\\\/entre-2-parques-naturales\\\/\",\"name\":\"Entre los Parques Naturales del Delta y Els Ports - Tortosa Turisme\",\"isPartOf\":{\"@id\":\"https:\\\/\\\/www.tortosaturisme.cat\\\/es\\\/#website\"},\"datePublished\":\"2018-02-11T11:53:15+00:00\",\"dateModified\":\"2025-01-21T14:58:55+00:00\",\"description\":\"El Parque Natural del Delta del Ebro y el de Els Ports se encuentran a pocos kil\u00f3metros de Tortosa. No aprovechar la estancia en la ciudad para poder visitarlos significa perder la oportunidad de conocer dos de los espacios naturales m\u00e1s exuberantes.\",\"breadcrumb\":{\"@id\":\"https:\\\/\\\/www.tortosaturisme.cat\\\/es\\\/entre-2-parques-naturales\\\/#breadcrumb\"},\"inLanguage\":\"es\",\"potentialAction\":[{\"@type\":\"ReadAction\",\"target\":[\"https:\\\/\\\/www.tortosaturisme.cat\\\/es\\\/entre-2-parques-naturales\\\/\"]}]},{\"@type\":\"BreadcrumbList\",\"@id\":\"https:\\\/\\\/www.tortosaturisme.cat\\\/es\\\/entre-2-parques-naturales\\\/#breadcrumb\",\"itemListElement\":[{\"@type\":\"ListItem\",\"position\":1,\"name\":\"Home\",\"item\":\"https:\\\/\\\/www.tortosaturisme.cat\\\/es\\\/\"},{\"@type\":\"ListItem\",\"position\":2,\"name\":\"Entre 2 parques naturales\"}]},{\"@type\":\"WebSite\",\"@id\":\"https:\\\/\\\/www.tortosaturisme.cat\\\/es\\\/#website\",\"url\":\"https:\\\/\\\/www.tortosaturisme.cat\\\/es\\\/\",\"name\":\"tortosaturisme\",\"description\":\"Otro sitio realizado con WordPress\",\"potentialAction\":[{\"@type\":\"SearchAction\",\"target\":{\"@type\":\"EntryPoint\",\"urlTemplate\":\"https:\\\/\\\/www.tortosaturisme.cat\\\/es\\\/?s={search_term_string}\"},\"query-input\":{\"@type\":\"PropertyValueSpecification\",\"valueRequired\":true,\"valueName\":\"search_term_string\"}}],\"inLanguage\":\"es\"}]}<\/script>\n<!-- \/ Yoast SEO plugin. -->","yoast_head_json":{"title":"Entre los Parques Naturales del Delta y Els Ports - Tortosa Turisme","description":"El Parque Natural del Delta del Ebro y el de Els Ports se encuentran a pocos kil\u00f3metros de Tortosa. No aprovechar la estancia en la ciudad para poder visitarlos significa perder la oportunidad de conocer dos de los espacios naturales m\u00e1s exuberantes.","robots":{"index":"index","follow":"follow","max-snippet":"max-snippet:-1","max-image-preview":"max-image-preview:large","max-video-preview":"max-video-preview:-1"},"canonical":"https:\/\/www.tortosaturisme.cat\/es\/entre-2-parques-naturales\/","og_locale":"es_ES","og_type":"article","og_title":"Entre los Parques Naturales del Delta y Els Ports - Tortosa Turisme","og_description":"El Parque Natural del Delta del Ebro y el de Els Ports se encuentran a pocos kil\u00f3metros de Tortosa. No aprovechar la estancia en la ciudad para poder visitarlos significa perder la oportunidad de conocer dos de los espacios naturales m\u00e1s exuberantes.","og_url":"https:\/\/www.tortosaturisme.cat\/es\/entre-2-parques-naturales\/","og_site_name":"tortosaturisme","article_modified_time":"2025-01-21T14:58:55+00:00","twitter_card":"summary_large_image","twitter_misc":{"Tiempo de lectura":"4 minutos"},"schema":{"@context":"https:\/\/schema.org","@graph":[{"@type":"WebPage","@id":"https:\/\/www.tortosaturisme.cat\/es\/entre-2-parques-naturales\/","url":"https:\/\/www.tortosaturisme.cat\/es\/entre-2-parques-naturales\/","name":"Entre los Parques Naturales del Delta y Els Ports - Tortosa Turisme","isPartOf":{"@id":"https:\/\/www.tortosaturisme.cat\/es\/#website"},"datePublished":"2018-02-11T11:53:15+00:00","dateModified":"2025-01-21T14:58:55+00:00","description":"El Parque Natural del Delta del Ebro y el de Els Ports se encuentran a pocos kil\u00f3metros de Tortosa. No aprovechar la estancia en la ciudad para poder visitarlos significa perder la oportunidad de conocer dos de los espacios naturales m\u00e1s exuberantes.","breadcrumb":{"@id":"https:\/\/www.tortosaturisme.cat\/es\/entre-2-parques-naturales\/#breadcrumb"},"inLanguage":"es","potentialAction":[{"@type":"ReadAction","target":["https:\/\/www.tortosaturisme.cat\/es\/entre-2-parques-naturales\/"]}]},{"@type":"BreadcrumbList","@id":"https:\/\/www.tortosaturisme.cat\/es\/entre-2-parques-naturales\/#breadcrumb","itemListElement":[{"@type":"ListItem","position":1,"name":"Home","item":"https:\/\/www.tortosaturisme.cat\/es\/"},{"@type":"ListItem","position":2,"name":"Entre 2 parques naturales"}]},{"@type":"WebSite","@id":"https:\/\/www.tortosaturisme.cat\/es\/#website","url":"https:\/\/www.tortosaturisme.cat\/es\/","name":"tortosaturisme","description":"Otro sitio realizado con WordPress","potentialAction":[{"@type":"SearchAction","target":{"@type":"EntryPoint","urlTemplate":"https:\/\/www.tortosaturisme.cat\/es\/?s={search_term_string}"},"query-input":{"@type":"PropertyValueSpecification","valueRequired":true,"valueName":"search_term_string"}}],"inLanguage":"es"}]}},"_links":{"self":[{"href":"https:\/\/www.tortosaturisme.cat\/es\/wp-json\/wp\/v2\/pages\/4257","targetHints":{"allow":["GET"]}}],"collection":[{"href":"https:\/\/www.tortosaturisme.cat\/es\/wp-json\/wp\/v2\/pages"}],"about":[{"href":"https:\/\/www.tortosaturisme.cat\/es\/wp-json\/wp\/v2\/types\/page"}],"author":[{"embeddable":true,"href":"https:\/\/www.tortosaturisme.cat\/es\/wp-json\/wp\/v2\/users\/2"}],"replies":[{"embeddable":true,"href":"https:\/\/www.tortosaturisme.cat\/es\/wp-json\/wp\/v2\/comments?post=4257"}],"version-history":[{"count":13,"href":"https:\/\/www.tortosaturisme.cat\/es\/wp-json\/wp\/v2\/pages\/4257\/revisions"}],"predecessor-version":[{"id":36861,"href":"https:\/\/www.tortosaturisme.cat\/es\/wp-json\/wp\/v2\/pages\/4257\/revisions\/36861"}],"wp:attachment":[{"href":"https:\/\/www.tortosaturisme.cat\/es\/wp-json\/wp\/v2\/media?parent=4257"}],"curies":[{"name":"wp","href":"https:\/\/api.w.org\/{rel}","templated":true}]}}