{"id":4274,"date":"2018-02-13T20:28:05","date_gmt":"2018-02-13T20:28:05","guid":{"rendered":"http:\/\/tortosaturisme-preprod.incubaliadev.com\/es\/jornades-de-la-cuina-de-labadejo\/"},"modified":"2020-06-04T09:40:34","modified_gmt":"2020-06-04T09:40:34","slug":"jornadas-de-la-cocina-del-bacalao","status":"publish","type":"page","link":"https:\/\/www.tortosaturisme.cat\/es\/jornadas-de-la-cocina-del-bacalao\/","title":{"rendered":"Jornadas de la cocina del bacalao"},"content":{"rendered":"<p>[vc_row][vc_column]<div class=\"vc-incubalia-big-header\"><h1 class=\"vc-incubalia-big-header__title\">La cocina del bacalao<\/h1><img decoding=\"async\" class=\"vc-incubalia-big-header__mobile-picture\" src=\"https:\/\/www.tortosaturisme.cat\/wp-content\/uploads\/2018\/02\/1-cuina-abadejo-mb.jpg\">\n                  <img decoding=\"async\" class=\"vc-incubalia-big-header__desktop-picture\" src=\"https:\/\/www.tortosaturisme.cat\/wp-content\/uploads\/2018\/02\/1-cuina-abadejo-ds.jpg\"><\/div><div class=\"vc-incubalia-text-1-column-subtitle\"><h2 class=\"vc-incubalia-text-1-column-subtitle__title\">Un producto muy tradicional y presente en la cocina de los tortosinos durante d\u00e9cadas<\/h2><h3 class=\"vc-incubalia-text-1-column-subtitle__subtitle\">Desde 2006 las jornadas difunden la gastronom\u00eda del bacalao<\/h3><div class=\"vc-incubalia-text-1-column-subtitle__text\"><\/p><br \/>\n<p style=\"text-align: center;\">El abadejo, m\u00e1s conocido como bacalao, \u00a0ha sido y es <strong>uno de los productos estrella del mercado de Tortosa<\/strong>.\u00a0<strong>Brandada<\/strong> de bacalao, <strong>bu\u00f1uelos<\/strong> de bacalao, bacalao con queso\u2026 <strong>El abadejo<\/strong> est\u00e1 presente en cada plato, as\u00ed pues, de <strong>mil formas<\/strong>, con alrededor de una quincena de restaurantes adheridos a la campa\u00f1a para ofrecerlo como gran protagonista. El <strong>evento\u00a0llega con la\u00a0<\/strong><b>Cuaresma<\/b>, para ofrecer el pescado y evitar la carne, tal y como marca la tradici\u00f3n.<\/p><br \/>\n<p style=\"text-align: center;\">En las jornadas, no solo participan restaurantes de <strong>Tortosa<\/strong>, sino tambi\u00e9n sus pueblos y EMDs como\u00a0<strong>B\u00edtem<\/strong>, <strong>Campred\u00f3<\/strong>, els <strong>Reguers <\/strong>y\u00a0<strong>Jes\u00fas<\/strong>. Adem\u00e1s, muchos establecimientos tambi\u00e9n proponen peque\u00f1as degustaciones en forma de tapa de bacalao, con la oferta de la degustaci\u00f3n y una bebida por solo 2,50 euros.<\/p><br \/>\n<p><\/div><\/div>[\/vc_column][\/vc_row][vc_row][vc_column]<div class=\"vc-incubalia-text-image-full\"><div class=\"vc-incubalia-text-image-full__image-container\"><img decoding=\"async\" class=\"vc-incubalia-text-image-full__image-mobile\" alt=\"\" src=\"https:\/\/www.tortosaturisme.cat\/wp-content\/uploads\/2018\/02\/2-cuina-abadejo-mb.jpg\"><img decoding=\"async\" class=\"vc-incubalia-text-image-full__image-desktop\" alt=\"\" src=\"https:\/\/www.tortosaturisme.cat\/wp-content\/uploads\/2018\/02\/2-cuina-abadejo-ds.jpg\"><i class=\"arrow-down\"><\/i><\/div><div class=\"vc-incubalia-text-image-full__text-container\"><div class=\"vc-incubalia-text-image-full__text\"><\/p><br \/>\n<p style=\"text-align: center;\">Como <strong>complemento<\/strong> a las jornadas, y en relaci\u00f3n a este evento, organizado por la Asociaci\u00f3n de Hosteler\u00eda de Tortosa Platigot, se llevan a cabo <strong>catas y maridajes<\/strong> con vino y diversas <strong>demostraciones de cocina<\/strong> en el mercado municipal, ofreciendo la oportunidad de conocer a fondo la manera de preparar este producto tan especial en nuestra localidad.<\/p><br \/>\n<p><\/div><\/div><\/div>[\/vc_column][\/vc_row][vc_row][vc_column]<div class=\"vc-incubalia-3-images\"><h2 class=\"vc-incubalia-3-images__title\">Para saber m\u00e1s<\/h2><div class=\"vc-incubalia-3-images__image\"><a href=\"\/es\/el-mercado-de-tortosa\/\"><img decoding=\"async\" src=\"https:\/\/www.tortosaturisme.cat\/wp-content\/uploads\/2018\/02\/b-800-mercat.jpg\" alt=\"\"><\/a><a href=\"\/es\/el-mercado-de-tortosa\/\"><p class=\"vc-incubalia-3-images__image-title\">El mercado de Tortosa<\/p><\/a><p class=\"vc-incubalia-3-images__image-subtitle\">Templo de la gastronom\u00eda local, sus productos, su gente y su ambiente, hacen de \u00e9ste, una visita ineludible <\/p><\/div><div class=\"vc-incubalia-3-images__image\"><a href=\"http:\/\/www.facebook.com\/platigot\"><img decoding=\"async\" src=\"https:\/\/www.tortosaturisme.cat\/wp-content\/uploads\/2018\/02\/b-800-jornades.jpg\" alt=\"\"><\/a><a href=\"http:\/\/www.facebook.com\/platigot\"><p class=\"vc-incubalia-3-images__image-title\">Men\u00fas de las Jornadas<\/p><\/a><p class=\"vc-incubalia-3-images__image-subtitle\">Todos los restaurantes y platos que podr\u00e1s encontrar<\/p><\/div><div class=\"vc-incubalia-3-images__image\"><a href=\"\/es\/la-cocina-de-las-tierras-del-ebro\/\"><img decoding=\"async\" src=\"https:\/\/www.tortosaturisme.cat\/wp-content\/uploads\/2018\/02\/B-800-600-cuina.jpg\" alt=\"\"><\/a><a href=\"\/es\/la-cocina-de-las-tierras-del-ebro\/\"><p class=\"vc-incubalia-3-images__image-title\">La cocina de las Tierras del Ebro<\/p><\/a><p class=\"vc-incubalia-3-images__image-subtitle\">Una gastronom\u00eda arraigada al producto de proximidad<\/p><\/div><\/div><div class=\"vc-incubalia-5-cards\"><h2 class=\"vc-incubalia-5-cards__title\">No te puedes perder<\/h2><div class=\"vc-incubalia-5-cards__card card-1 has-url\"><a href=\"\/es\/tortosa-en-un-dia\/\"><img decoding=\"async\" class=\"vc-incubalia-5-cards__card-mobile-picture\" src=\"https:\/\/www.tortosaturisme.cat\/wp-content\/uploads\/2018\/02\/b-1280-cultiva-1-640x460.jpg\">\n                      <img decoding=\"async\" class=\"vc-incubalia-5-cards__card-desktop-picture\" src=\"https:\/\/www.tortosaturisme.cat\/wp-content\/uploads\/2018\/02\/b-1280-cultiva-1.jpg\"><\/a><div class=\"vc-incubalia-5-cards__card-text-container\"><p class=\"vc-incubalia-5-cards__card-title\">Tortosa en un d\u00eda<\/p><\/div><div class=\"vc-incubalia-5-cards__card-url-container\"><span class=\"vc-incubalia-5-cards__card-url\">Leer m\u00e1s<\/span><\/div><\/div><div class=\"vc-incubalia-5-cards__card card-2 has-url\"><a href=\"\/es\/la-via-verde\/\"><img decoding=\"async\" class=\"vc-incubalia-5-cards__card-mobile-picture\" src=\"https:\/\/www.tortosaturisme.cat\/wp-content\/uploads\/2018\/02\/B-via-verda-640x460.jpg\">\n                      <img decoding=\"async\" class=\"vc-incubalia-5-cards__card-desktop-picture\" src=\"https:\/\/www.tortosaturisme.cat\/wp-content\/uploads\/2018\/02\/B-via-verda-640x460.jpg\"><\/a><div class=\"vc-incubalia-5-cards__card-text-container\"><p class=\"vc-incubalia-5-cards__card-title\">La V\u00eda Verde<\/p><p class=\"vc-incubalia-5-cards__card-subtitle\">Con salida desde Tortosa, recorre las Tierras del Ebro<\/p><\/div><div class=\"vc-incubalia-5-cards__card-url-container\"><span class=\"vc-incubalia-5-cards__card-url\">Leer m\u00e1s<\/span><\/div><\/div><div class=\"vc-incubalia-5-cards__card-3-and-4-container\"><div class=\"vc-incubalia-5-cards__card card-3 has-url\"><a href=\"\/es\/los-10-imperdibles\/\"><img decoding=\"async\" class=\"vc-incubalia-5-cards__card-mobile-picture\" src=\"https:\/\/www.tortosaturisme.cat\/wp-content\/uploads\/2018\/02\/b-1280-tortosa-un-dia-4-640x460.jpg\">\n                      <img decoding=\"async\" class=\"vc-incubalia-5-cards__card-desktop-picture\" src=\"https:\/\/www.tortosaturisme.cat\/wp-content\/uploads\/2018\/02\/b-1280-tortosa-un-dia-4-640x460.jpg\"><\/a><div class=\"vc-incubalia-5-cards__card-text-container\"><p class=\"vc-incubalia-5-cards__card-title\">Los 10 imperdibles<\/p><p class=\"vc-incubalia-5-cards__card-subtitle\">Los imprescindibles en tu visita<\/p><\/div><div class=\"vc-incubalia-5-cards__card-url-container\"><span class=\"vc-incubalia-5-cards__card-url\">Leer m\u00e1s<\/span><\/div><\/div><div class=\"vc-incubalia-5-cards__card card-4 has-url\"><a href=\"\/es\/el-delta-del-ebro\/\"><img decoding=\"async\" class=\"vc-incubalia-5-cards__card-mobile-picture\" src=\"https:\/\/www.tortosaturisme.cat\/wp-content\/uploads\/2018\/02\/b-1280-delta-e-640x460.jpg\">\n                      <img decoding=\"async\" class=\"vc-incubalia-5-cards__card-desktop-picture\" src=\"https:\/\/www.tortosaturisme.cat\/wp-content\/uploads\/2018\/02\/b-1280-delta-e-640x460.jpg\"><\/a><div class=\"vc-incubalia-5-cards__card-text-container\"><p class=\"vc-incubalia-5-cards__card-title\">El Delta del Ebro<\/p><\/div><div class=\"vc-incubalia-5-cards__card-url-container\"><span class=\"vc-incubalia-5-cards__card-url\">Leer m\u00e1s<\/span><\/div><\/div><\/div><div class=\"vc-incubalia-5-cards__card card-5 has-url\"><a href=\"\/es\/els-ports\/\"><img decoding=\"async\" class=\"vc-incubalia-5-cards__card-mobile-picture\" src=\"https:\/\/www.tortosaturisme.cat\/wp-content\/uploads\/2018\/02\/b-1280-port-parc-640x460.jpg\">\n                      <img decoding=\"async\" class=\"vc-incubalia-5-cards__card-desktop-picture\" src=\"https:\/\/www.tortosaturisme.cat\/wp-content\/uploads\/2018\/02\/b-1280-port-parc-640x449.jpg\"><\/a><div class=\"vc-incubalia-5-cards__card-text-container\"><p class=\"vc-incubalia-5-cards__card-title\">El parque natural de Els Ports<\/p><\/div><div class=\"vc-incubalia-5-cards__card-url-container\"><span class=\"vc-incubalia-5-cards__card-url\">Leer m\u00e1s<\/span><\/div><\/div><\/div>[\/vc_column][\/vc_row]<\/p>\n","protected":false},"excerpt":{"rendered":"<p>[vc_row][vc_column][\/vc_column][\/vc_row][vc_row][vc_column][\/vc_column][\/vc_row][vc_row][vc_column][\/vc_column][\/vc_row]<\/p>\n","protected":false},"author":2,"featured_media":0,"parent":0,"menu_order":299,"comment_status":"closed","ping_status":"closed","template":"","meta":{"footnotes":""},"class_list":["post-4274","page","type-page","status-publish","hentry"],"acf":[],"yoast_head":"<!-- This site is optimized with the Yoast SEO plugin v27.3 - https:\/\/yoast.com\/product\/yoast-seo-wordpress\/ -->\n<title>Jornadas de la Cocina del Bacalao - Tortosa Turisme<\/title>\n<meta name=\"description\" content=\"Coincidiendo con la Cuaresma, Tortosa y sus poblaciones ofrecen una variada gamma de tapas de bacalao para poder degustar este producto t\u00edpico de la zona, evitando la carne tal y como marca la tradici\u00f3n.\" \/>\n<meta name=\"robots\" content=\"index, follow, max-snippet:-1, max-image-preview:large, max-video-preview:-1\" \/>\n<link rel=\"canonical\" href=\"https:\/\/www.tortosaturisme.cat\/es\/jornadas-de-la-cocina-del-bacalao\/\" \/>\n<meta property=\"og:locale\" content=\"es_ES\" \/>\n<meta property=\"og:type\" content=\"article\" \/>\n<meta property=\"og:title\" content=\"Jornadas de la Cocina del Bacalao - Tortosa Turisme\" \/>\n<meta property=\"og:description\" content=\"Coincidiendo con la Cuaresma, Tortosa y sus poblaciones ofrecen una variada gamma de tapas de bacalao para poder degustar este producto t\u00edpico de la zona, evitando la carne tal y como marca la tradici\u00f3n.\" \/>\n<meta property=\"og:url\" content=\"https:\/\/www.tortosaturisme.cat\/es\/jornadas-de-la-cocina-del-bacalao\/\" \/>\n<meta property=\"og:site_name\" content=\"tortosaturisme\" \/>\n<meta property=\"article:modified_time\" content=\"2020-06-04T09:40:34+00:00\" \/>\n<meta name=\"twitter:card\" content=\"summary_large_image\" \/>\n<meta name=\"twitter:label1\" content=\"Tiempo de lectura\" \/>\n\t<meta name=\"twitter:data1\" content=\"2 minutos\" \/>\n<script type=\"application\/ld+json\" class=\"yoast-schema-graph\">{\"@context\":\"https:\\\/\\\/schema.org\",\"@graph\":[{\"@type\":\"WebPage\",\"@id\":\"https:\\\/\\\/www.tortosaturisme.cat\\\/es\\\/jornadas-de-la-cocina-del-bacalao\\\/\",\"url\":\"https:\\\/\\\/www.tortosaturisme.cat\\\/es\\\/jornadas-de-la-cocina-del-bacalao\\\/\",\"name\":\"Jornadas de la Cocina del Bacalao - Tortosa Turisme\",\"isPartOf\":{\"@id\":\"https:\\\/\\\/www.tortosaturisme.cat\\\/es\\\/#website\"},\"datePublished\":\"2018-02-13T20:28:05+00:00\",\"dateModified\":\"2020-06-04T09:40:34+00:00\",\"description\":\"Coincidiendo con la Cuaresma, Tortosa y sus poblaciones ofrecen una variada gamma de tapas de bacalao para poder degustar este producto t\u00edpico de la zona, evitando la carne tal y como marca la tradici\u00f3n.\",\"breadcrumb\":{\"@id\":\"https:\\\/\\\/www.tortosaturisme.cat\\\/es\\\/jornadas-de-la-cocina-del-bacalao\\\/#breadcrumb\"},\"inLanguage\":\"es\",\"potentialAction\":[{\"@type\":\"ReadAction\",\"target\":[\"https:\\\/\\\/www.tortosaturisme.cat\\\/es\\\/jornadas-de-la-cocina-del-bacalao\\\/\"]}]},{\"@type\":\"BreadcrumbList\",\"@id\":\"https:\\\/\\\/www.tortosaturisme.cat\\\/es\\\/jornadas-de-la-cocina-del-bacalao\\\/#breadcrumb\",\"itemListElement\":[{\"@type\":\"ListItem\",\"position\":1,\"name\":\"Home\",\"item\":\"https:\\\/\\\/www.tortosaturisme.cat\\\/es\\\/\"},{\"@type\":\"ListItem\",\"position\":2,\"name\":\"Jornadas de la cocina del bacalao\"}]},{\"@type\":\"WebSite\",\"@id\":\"https:\\\/\\\/www.tortosaturisme.cat\\\/es\\\/#website\",\"url\":\"https:\\\/\\\/www.tortosaturisme.cat\\\/es\\\/\",\"name\":\"tortosaturisme\",\"description\":\"Otro sitio realizado con WordPress\",\"potentialAction\":[{\"@type\":\"SearchAction\",\"target\":{\"@type\":\"EntryPoint\",\"urlTemplate\":\"https:\\\/\\\/www.tortosaturisme.cat\\\/es\\\/?s={search_term_string}\"},\"query-input\":{\"@type\":\"PropertyValueSpecification\",\"valueRequired\":true,\"valueName\":\"search_term_string\"}}],\"inLanguage\":\"es\"}]}<\/script>\n<!-- \/ Yoast SEO plugin. -->","yoast_head_json":{"title":"Jornadas de la Cocina del Bacalao - Tortosa Turisme","description":"Coincidiendo con la Cuaresma, Tortosa y sus poblaciones ofrecen una variada gamma de tapas de bacalao para poder degustar este producto t\u00edpico de la zona, evitando la carne tal y como marca la tradici\u00f3n.","robots":{"index":"index","follow":"follow","max-snippet":"max-snippet:-1","max-image-preview":"max-image-preview:large","max-video-preview":"max-video-preview:-1"},"canonical":"https:\/\/www.tortosaturisme.cat\/es\/jornadas-de-la-cocina-del-bacalao\/","og_locale":"es_ES","og_type":"article","og_title":"Jornadas de la Cocina del Bacalao - Tortosa Turisme","og_description":"Coincidiendo con la Cuaresma, Tortosa y sus poblaciones ofrecen una variada gamma de tapas de bacalao para poder degustar este producto t\u00edpico de la zona, evitando la carne tal y como marca la tradici\u00f3n.","og_url":"https:\/\/www.tortosaturisme.cat\/es\/jornadas-de-la-cocina-del-bacalao\/","og_site_name":"tortosaturisme","article_modified_time":"2020-06-04T09:40:34+00:00","twitter_card":"summary_large_image","twitter_misc":{"Tiempo de lectura":"2 minutos"},"schema":{"@context":"https:\/\/schema.org","@graph":[{"@type":"WebPage","@id":"https:\/\/www.tortosaturisme.cat\/es\/jornadas-de-la-cocina-del-bacalao\/","url":"https:\/\/www.tortosaturisme.cat\/es\/jornadas-de-la-cocina-del-bacalao\/","name":"Jornadas de la Cocina del Bacalao - Tortosa Turisme","isPartOf":{"@id":"https:\/\/www.tortosaturisme.cat\/es\/#website"},"datePublished":"2018-02-13T20:28:05+00:00","dateModified":"2020-06-04T09:40:34+00:00","description":"Coincidiendo con la Cuaresma, Tortosa y sus poblaciones ofrecen una variada gamma de tapas de bacalao para poder degustar este producto t\u00edpico de la zona, evitando la carne tal y como marca la tradici\u00f3n.","breadcrumb":{"@id":"https:\/\/www.tortosaturisme.cat\/es\/jornadas-de-la-cocina-del-bacalao\/#breadcrumb"},"inLanguage":"es","potentialAction":[{"@type":"ReadAction","target":["https:\/\/www.tortosaturisme.cat\/es\/jornadas-de-la-cocina-del-bacalao\/"]}]},{"@type":"BreadcrumbList","@id":"https:\/\/www.tortosaturisme.cat\/es\/jornadas-de-la-cocina-del-bacalao\/#breadcrumb","itemListElement":[{"@type":"ListItem","position":1,"name":"Home","item":"https:\/\/www.tortosaturisme.cat\/es\/"},{"@type":"ListItem","position":2,"name":"Jornadas de la cocina del bacalao"}]},{"@type":"WebSite","@id":"https:\/\/www.tortosaturisme.cat\/es\/#website","url":"https:\/\/www.tortosaturisme.cat\/es\/","name":"tortosaturisme","description":"Otro sitio realizado con WordPress","potentialAction":[{"@type":"SearchAction","target":{"@type":"EntryPoint","urlTemplate":"https:\/\/www.tortosaturisme.cat\/es\/?s={search_term_string}"},"query-input":{"@type":"PropertyValueSpecification","valueRequired":true,"valueName":"search_term_string"}}],"inLanguage":"es"}]}},"_links":{"self":[{"href":"https:\/\/www.tortosaturisme.cat\/es\/wp-json\/wp\/v2\/pages\/4274","targetHints":{"allow":["GET"]}}],"collection":[{"href":"https:\/\/www.tortosaturisme.cat\/es\/wp-json\/wp\/v2\/pages"}],"about":[{"href":"https:\/\/www.tortosaturisme.cat\/es\/wp-json\/wp\/v2\/types\/page"}],"author":[{"embeddable":true,"href":"https:\/\/www.tortosaturisme.cat\/es\/wp-json\/wp\/v2\/users\/2"}],"replies":[{"embeddable":true,"href":"https:\/\/www.tortosaturisme.cat\/es\/wp-json\/wp\/v2\/comments?post=4274"}],"version-history":[{"count":9,"href":"https:\/\/www.tortosaturisme.cat\/es\/wp-json\/wp\/v2\/pages\/4274\/revisions"}],"predecessor-version":[{"id":13912,"href":"https:\/\/www.tortosaturisme.cat\/es\/wp-json\/wp\/v2\/pages\/4274\/revisions\/13912"}],"wp:attachment":[{"href":"https:\/\/www.tortosaturisme.cat\/es\/wp-json\/wp\/v2\/media?parent=4274"}],"curies":[{"name":"wp","href":"https:\/\/api.w.org\/{rel}","templated":true}]}}