{"id":4277,"date":"2018-02-13T21:08:47","date_gmt":"2018-02-13T21:08:47","guid":{"rendered":"http:\/\/tortosaturisme-preprod.incubaliadev.com\/es\/jornades-gastronomiques\/"},"modified":"2020-06-04T09:38:27","modified_gmt":"2020-06-04T09:38:27","slug":"jornadas-gastronomicas","status":"publish","type":"page","link":"https:\/\/www.tortosaturisme.cat\/es\/jornadas-gastronomicas\/","title":{"rendered":"Jornadas gastron\u00f3micas"},"content":{"rendered":"<p>[vc_row][vc_column]<div class=\"vc-incubalia-medium-header\"><h1 class=\"vc-incubalia-medium-header__title\">Jornadas gastron\u00f3micas<\/h1><img decoding=\"async\" class=\"vc-incubalia-medium-header__mobile-picture\" src=\"https:\/\/www.tortosaturisme.cat\/wp-content\/uploads\/2018\/02\/1-jornades-mb.jpg\">\n                  <img decoding=\"async\" class=\"vc-incubalia-medium-header__desktop-picture\" src=\"https:\/\/www.tortosaturisme.cat\/wp-content\/uploads\/2018\/02\/1-jornades-ds.jpg\"><\/div><div class=\"vc-incubalia-text-title\"><h2 class=\"vc-incubalia-text-title__title\">Del siglo XVI, al mar del Norte y Nueva Orleans, viaja con el paladar<\/h2><\/div><div class=\"vc-incubalia-text-1-column-subtitle\"><h3 class=\"vc-incubalia-text-1-column-subtitle__subtitle\">Durante el a\u00f1o hay numerosas iniciativas gastron\u00f3micas, tales como diferentes rutas de tapas o comidas populares, fruto de una ciudad a la que le gusta el buen vivir y la mejor comida. De entre todas las propuestas gastron\u00f3micas destacamos las jornadas que organiza la asociaci\u00f3n Platigot y el Ayuntamiento.<\/h3><div class=\"vc-incubalia-text-1-column-subtitle__text\"><\/div><\/div><div class=\"vc-incubalia-3-images\"><h2 class=\"vc-incubalia-3-images__title\">Nuestras jornadas<\/h2><div class=\"vc-incubalia-3-images__image\"><a href=\"\/es\/la-cocina-del-renacimiento\/\"><img decoding=\"async\" src=\"https:\/\/www.tortosaturisme.cat\/wp-content\/uploads\/2018\/02\/b-800-mengeu-de-festa-1.jpg\" alt=\"\"><\/a><a href=\"\/es\/la-cocina-del-renacimiento\/\"><p class=\"vc-incubalia-3-images__image-title\">Mengeu de Festa<\/p><\/a><p class=\"vc-incubalia-3-images__image-subtitle\">La cocina del Renacimiento. Viajad en el tiempo a trav\u00e9s de los sabores y convert\u00edos en ciudadanos del siglo XVI.<\/p><\/div><div class=\"vc-incubalia-3-images__image\"><a href=\"\/es\/jornadas-de-la-cocina-cajun\/\"><img decoding=\"async\" src=\"https:\/\/www.tortosaturisme.cat\/wp-content\/uploads\/2018\/02\/b-800-cuina-cajun.jpg\" alt=\"\"><\/a><a href=\"\/es\/jornadas-de-la-cocina-cajun\/\"><p class=\"vc-incubalia-3-images__image-title\">La cocina Caj\u00fan<\/p><\/a><p class=\"vc-incubalia-3-images__image-subtitle\">La \u00fanica jornada dedicada a la cocina criolla a ritmo de jazz<\/p><\/div><div class=\"vc-incubalia-3-images__image\"><a href=\"\/es\/jornadas-de-la-cocina-del-bacalao\/\"><img decoding=\"async\" src=\"https:\/\/www.tortosaturisme.cat\/wp-content\/uploads\/2018\/02\/b-800-jornades.jpg\" alt=\"\"><\/a><a href=\"\/es\/jornadas-de-la-cocina-del-bacalao\/\"><p class=\"vc-incubalia-3-images__image-title\">La cocina del bacalao<\/p><\/a><p class=\"vc-incubalia-3-images__image-subtitle\">El bacalao es uno de los pescados m\u00e1s preciados en Tortosa y puede prepararse de diferentes formas <\/p><\/div><\/div>[\/vc_column][\/vc_row]<\/p>\n","protected":false},"excerpt":{"rendered":"<p>[vc_row][vc_column][\/vc_column][\/vc_row]<\/p>\n","protected":false},"author":2,"featured_media":0,"parent":0,"menu_order":298,"comment_status":"closed","ping_status":"closed","template":"","meta":{"footnotes":""},"class_list":["post-4277","page","type-page","status-publish","hentry"],"acf":[],"yoast_head":"<!-- This site is optimized with the Yoast SEO plugin v27.5 - https:\/\/yoast.com\/product\/yoast-seo-wordpress\/ -->\n<title>Jornadas Gastron\u00f3micas - Tortosa Turisme<\/title>\n<meta name=\"description\" content=\"Durante todo el a\u00f1o, Tortosa celebra jornadas donde poder disfrutar de los productos y la cocina m\u00e1s tradicional. Los aficionados a la buena comida tienen aqu\u00ed las mejores oportunidades para conocer la ciudad a trav\u00e9s de su rica y variada gastronom\u00eda.\" \/>\n<meta name=\"robots\" content=\"index, follow, max-snippet:-1, max-image-preview:large, max-video-preview:-1\" \/>\n<link rel=\"canonical\" href=\"https:\/\/www.tortosaturisme.cat\/es\/jornadas-gastronomicas\/\" \/>\n<meta property=\"og:locale\" content=\"es_ES\" \/>\n<meta property=\"og:type\" content=\"article\" \/>\n<meta property=\"og:title\" content=\"Jornadas Gastron\u00f3micas - Tortosa Turisme\" \/>\n<meta property=\"og:description\" content=\"Durante todo el a\u00f1o, Tortosa celebra jornadas donde poder disfrutar de los productos y la cocina m\u00e1s tradicional. Los aficionados a la buena comida tienen aqu\u00ed las mejores oportunidades para conocer la ciudad a trav\u00e9s de su rica y variada gastronom\u00eda.\" \/>\n<meta property=\"og:url\" content=\"https:\/\/www.tortosaturisme.cat\/es\/jornadas-gastronomicas\/\" \/>\n<meta property=\"og:site_name\" content=\"tortosaturisme\" \/>\n<meta property=\"article:modified_time\" content=\"2020-06-04T09:38:27+00:00\" \/>\n<meta name=\"twitter:card\" content=\"summary_large_image\" \/>\n<meta name=\"twitter:label1\" content=\"Tiempo de lectura\" \/>\n\t<meta name=\"twitter:data1\" content=\"1 minuto\" \/>\n<script type=\"application\/ld+json\" class=\"yoast-schema-graph\">{\"@context\":\"https:\\\/\\\/schema.org\",\"@graph\":[{\"@type\":\"WebPage\",\"@id\":\"https:\\\/\\\/www.tortosaturisme.cat\\\/es\\\/jornadas-gastronomicas\\\/\",\"url\":\"https:\\\/\\\/www.tortosaturisme.cat\\\/es\\\/jornadas-gastronomicas\\\/\",\"name\":\"Jornadas Gastron\u00f3micas - Tortosa Turisme\",\"isPartOf\":{\"@id\":\"https:\\\/\\\/www.tortosaturisme.cat\\\/es\\\/#website\"},\"datePublished\":\"2018-02-13T21:08:47+00:00\",\"dateModified\":\"2020-06-04T09:38:27+00:00\",\"description\":\"Durante todo el a\u00f1o, Tortosa celebra jornadas donde poder disfrutar de los productos y la cocina m\u00e1s tradicional. Los aficionados a la buena comida tienen aqu\u00ed las mejores oportunidades para conocer la ciudad a trav\u00e9s de su rica y variada gastronom\u00eda.\",\"breadcrumb\":{\"@id\":\"https:\\\/\\\/www.tortosaturisme.cat\\\/es\\\/jornadas-gastronomicas\\\/#breadcrumb\"},\"inLanguage\":\"es\",\"potentialAction\":[{\"@type\":\"ReadAction\",\"target\":[\"https:\\\/\\\/www.tortosaturisme.cat\\\/es\\\/jornadas-gastronomicas\\\/\"]}]},{\"@type\":\"BreadcrumbList\",\"@id\":\"https:\\\/\\\/www.tortosaturisme.cat\\\/es\\\/jornadas-gastronomicas\\\/#breadcrumb\",\"itemListElement\":[{\"@type\":\"ListItem\",\"position\":1,\"name\":\"Home\",\"item\":\"https:\\\/\\\/www.tortosaturisme.cat\\\/es\\\/\"},{\"@type\":\"ListItem\",\"position\":2,\"name\":\"Jornadas gastron\u00f3micas\"}]},{\"@type\":\"WebSite\",\"@id\":\"https:\\\/\\\/www.tortosaturisme.cat\\\/es\\\/#website\",\"url\":\"https:\\\/\\\/www.tortosaturisme.cat\\\/es\\\/\",\"name\":\"tortosaturisme\",\"description\":\"Otro sitio realizado con WordPress\",\"potentialAction\":[{\"@type\":\"SearchAction\",\"target\":{\"@type\":\"EntryPoint\",\"urlTemplate\":\"https:\\\/\\\/www.tortosaturisme.cat\\\/es\\\/?s={search_term_string}\"},\"query-input\":{\"@type\":\"PropertyValueSpecification\",\"valueRequired\":true,\"valueName\":\"search_term_string\"}}],\"inLanguage\":\"es\"}]}<\/script>\n<!-- \/ Yoast SEO plugin. -->","yoast_head_json":{"title":"Jornadas Gastron\u00f3micas - Tortosa Turisme","description":"Durante todo el a\u00f1o, Tortosa celebra jornadas donde poder disfrutar de los productos y la cocina m\u00e1s tradicional. Los aficionados a la buena comida tienen aqu\u00ed las mejores oportunidades para conocer la ciudad a trav\u00e9s de su rica y variada gastronom\u00eda.","robots":{"index":"index","follow":"follow","max-snippet":"max-snippet:-1","max-image-preview":"max-image-preview:large","max-video-preview":"max-video-preview:-1"},"canonical":"https:\/\/www.tortosaturisme.cat\/es\/jornadas-gastronomicas\/","og_locale":"es_ES","og_type":"article","og_title":"Jornadas Gastron\u00f3micas - Tortosa Turisme","og_description":"Durante todo el a\u00f1o, Tortosa celebra jornadas donde poder disfrutar de los productos y la cocina m\u00e1s tradicional. Los aficionados a la buena comida tienen aqu\u00ed las mejores oportunidades para conocer la ciudad a trav\u00e9s de su rica y variada gastronom\u00eda.","og_url":"https:\/\/www.tortosaturisme.cat\/es\/jornadas-gastronomicas\/","og_site_name":"tortosaturisme","article_modified_time":"2020-06-04T09:38:27+00:00","twitter_card":"summary_large_image","twitter_misc":{"Tiempo de lectura":"1 minuto"},"schema":{"@context":"https:\/\/schema.org","@graph":[{"@type":"WebPage","@id":"https:\/\/www.tortosaturisme.cat\/es\/jornadas-gastronomicas\/","url":"https:\/\/www.tortosaturisme.cat\/es\/jornadas-gastronomicas\/","name":"Jornadas Gastron\u00f3micas - Tortosa Turisme","isPartOf":{"@id":"https:\/\/www.tortosaturisme.cat\/es\/#website"},"datePublished":"2018-02-13T21:08:47+00:00","dateModified":"2020-06-04T09:38:27+00:00","description":"Durante todo el a\u00f1o, Tortosa celebra jornadas donde poder disfrutar de los productos y la cocina m\u00e1s tradicional. Los aficionados a la buena comida tienen aqu\u00ed las mejores oportunidades para conocer la ciudad a trav\u00e9s de su rica y variada gastronom\u00eda.","breadcrumb":{"@id":"https:\/\/www.tortosaturisme.cat\/es\/jornadas-gastronomicas\/#breadcrumb"},"inLanguage":"es","potentialAction":[{"@type":"ReadAction","target":["https:\/\/www.tortosaturisme.cat\/es\/jornadas-gastronomicas\/"]}]},{"@type":"BreadcrumbList","@id":"https:\/\/www.tortosaturisme.cat\/es\/jornadas-gastronomicas\/#breadcrumb","itemListElement":[{"@type":"ListItem","position":1,"name":"Home","item":"https:\/\/www.tortosaturisme.cat\/es\/"},{"@type":"ListItem","position":2,"name":"Jornadas gastron\u00f3micas"}]},{"@type":"WebSite","@id":"https:\/\/www.tortosaturisme.cat\/es\/#website","url":"https:\/\/www.tortosaturisme.cat\/es\/","name":"tortosaturisme","description":"Otro sitio realizado con WordPress","potentialAction":[{"@type":"SearchAction","target":{"@type":"EntryPoint","urlTemplate":"https:\/\/www.tortosaturisme.cat\/es\/?s={search_term_string}"},"query-input":{"@type":"PropertyValueSpecification","valueRequired":true,"valueName":"search_term_string"}}],"inLanguage":"es"}]}},"_links":{"self":[{"href":"https:\/\/www.tortosaturisme.cat\/es\/wp-json\/wp\/v2\/pages\/4277","targetHints":{"allow":["GET"]}}],"collection":[{"href":"https:\/\/www.tortosaturisme.cat\/es\/wp-json\/wp\/v2\/pages"}],"about":[{"href":"https:\/\/www.tortosaturisme.cat\/es\/wp-json\/wp\/v2\/types\/page"}],"author":[{"embeddable":true,"href":"https:\/\/www.tortosaturisme.cat\/es\/wp-json\/wp\/v2\/users\/2"}],"replies":[{"embeddable":true,"href":"https:\/\/www.tortosaturisme.cat\/es\/wp-json\/wp\/v2\/comments?post=4277"}],"version-history":[{"count":8,"href":"https:\/\/www.tortosaturisme.cat\/es\/wp-json\/wp\/v2\/pages\/4277\/revisions"}],"predecessor-version":[{"id":13910,"href":"https:\/\/www.tortosaturisme.cat\/es\/wp-json\/wp\/v2\/pages\/4277\/revisions\/13910"}],"wp:attachment":[{"href":"https:\/\/www.tortosaturisme.cat\/es\/wp-json\/wp\/v2\/media?parent=4277"}],"curies":[{"name":"wp","href":"https:\/\/api.w.org\/{rel}","templated":true}]}}