{"id":4279,"date":"2018-02-10T12:11:01","date_gmt":"2018-02-10T12:11:01","guid":{"rendered":"http:\/\/tortosaturisme-preprod.incubaliadev.com\/es\/lempremta-jueva\/"},"modified":"2025-09-20T10:25:48","modified_gmt":"2025-09-20T10:25:48","slug":"la-huella-judia","status":"publish","type":"page","link":"https:\/\/www.tortosaturisme.cat\/es\/la-huella-judia\/","title":{"rendered":"La huella jud\u00eda"},"content":{"rendered":"<p>[vc_row][vc_column]<div class=\"vc-incubalia-big-header\"><h1 class=\"vc-incubalia-big-header__title\">La huella jud\u00eda<\/h1><img decoding=\"async\" class=\"vc-incubalia-big-header__mobile-picture\" src=\"https:\/\/www.tortosaturisme.cat\/wp-content\/uploads\/2018\/02\/1-empremta-jueva-mb-1.jpg\">\n                  <img decoding=\"async\" class=\"vc-incubalia-big-header__desktop-picture\" src=\"https:\/\/www.tortosaturisme.cat\/wp-content\/uploads\/2018\/02\/1-empremta-jueva-ds-1-1920x700.jpg\"><\/div>[\/vc_column][\/vc_row][vc_row][vc_column]<div class=\"vc-incubalia-text-1-column-subtitle\"><h2 class=\"vc-incubalia-text-1-column-subtitle__title\">Una de las aljamas m\u00e1s importantes de la Corona<\/h2><h3 class=\"vc-incubalia-text-1-column-subtitle__subtitle\">Tortosa es uno de los pocos lugares donde en la baja edad media convivieron las tres grandes religiones<\/h3><div class=\"vc-incubalia-text-1-column-subtitle__text\"><\/p><br \/>\n<p style=\"text-align: center;\">El primer <strong>testimonio<\/strong> de la presencia de los jud\u00edos en Tortosa es en el <strong>siglo VI<\/strong>, en una <b>inscripci\u00f3n funeraria\u00a0triling\u00fce<\/b> que se puede ver expuesta en la <strong>Catedral<\/strong>. Pero parece que, ya en \u00e9poca romana, en Tortosa vivieron jud\u00edos.<\/p><br \/>\n<p><\/div><\/div>[\/vc_column][\/vc_row][vc_row][vc_column]<div class=\"vc-incubalia-image-huge\"><img decoding=\"async\" class=\"vc-incubalia-image-huge__mobile-picture brightness-100\" src=\"https:\/\/www.tortosaturisme.cat\/wp-content\/uploads\/2018\/02\/2-empremta-jueva-mb-bis.jpg\" alt=\"\"><img decoding=\"async\" class=\"vc-incubalia-image-huge__desktop-picture brightness-100\" src=\"https:\/\/www.tortosaturisme.cat\/wp-content\/uploads\/2018\/02\/2-empremta-jueva-ds-bis.jpg\" alt=\"\"><\/div>[\/vc_column][\/vc_row][vc_row][vc_column]<div class=\"vc-incubalia-text-1-column-subtitle\"><div class=\"vc-incubalia-text-1-column-subtitle__text\"><\/p><br \/>\n<p style=\"text-align: center;\">El conde <strong>Ram\u00f3n Berenguer IV<\/strong> les cedi\u00f3\u00a0el 1149\u00a0 los antiguos astilleros de \u00e9poca isl\u00e1mica, situados en el extremo noroeste de la ciudad, para que establecieran all\u00ed su barrio. Esta vieja\u00a0juder\u00eda, situada entre las actuales calles Major de Remolins y la avenida Felip Pedrell, la calle Jaume Ti\u00f3 y el barranco del Celio, experimentaron (hacia el siglo XIII) una ampliaci\u00f3n hacia la monta\u00f1a, y as\u00ed se cre\u00f3 la juder\u00eda nueva, actualmente mejor conservada.<strong> La juder\u00eda de Tortosa<\/strong> convivi\u00f3 estrechamente con la morer\u00eda o barrio de los sarracenos. M\u00e1s tarde, con los ataques a los jud\u00edos de finales del siglo XIV y las conversiones masivas, la aljama quedar\u00eda muy reducida.<\/p><br \/>\n<p><\/div><\/div>[\/vc_column][\/vc_row][vc_row][vc_column]<div class=\"vc-incubalia-text-image-full\"><div class=\"vc-incubalia-text-image-full__image-container\"><img decoding=\"async\" class=\"vc-incubalia-text-image-full__image-mobile\" alt=\"\" src=\"https:\/\/www.tortosaturisme.cat\/wp-content\/uploads\/2018\/02\/3-empremta-mb-bis.jpg\"><img decoding=\"async\" class=\"vc-incubalia-text-image-full__image-desktop\" alt=\"\" src=\"https:\/\/www.tortosaturisme.cat\/wp-content\/uploads\/2018\/02\/3-empremta-ds.bis_.jpg\"><i class=\"arrow-down\"><\/i><\/div><div class=\"vc-incubalia-text-image-full__text-container\"><div class=\"vc-incubalia-text-image-full__text\"><\/div><\/div><\/div>[\/vc_column][\/vc_row][vc_row][vc_column]<div class=\"vc-incubalia-text-1-column-subtitle\"><div class=\"vc-incubalia-text-1-column-subtitle__text\"><\/p><br \/>\n<p style=\"text-align: center;\">Los\u00a0<strong>elementos m\u00e1s destacados<\/strong> de la presencia jud\u00eda en Tortosa son dos l\u00e1pidas funerarias situadas <strong>en la exposici\u00f3n de la catedral<\/strong>\u00a0y en la <strong>torre del Rastre<\/strong>. Los documentos confirman, sin embargo, la existencia de una sinagoga, de un cementerio, de una carnicer\u00eda y de un horno.<\/p><br \/>\n<p><\/div><\/div><div class=\"clearfix\"><\/div><div class=\"vc-incubalia-slider-full\"><\/div><script>\n        if (typeof incubaliaSliderFullOneTime == \"undefined\") {\n            var incubaliaSliderFullOneTime = true;\n            (function($) {\n\n                $(function() {\n                    if ($(window).width() > 768) {\n                        $(\"[class^=vc-incubalia-slider-full]\").each(\n                            function() {\n                                $(this).attr(\"src\", $(this).data(\"img-src\"))\n                            }\n                        );\n                    } else {\n                        $(window).resize(function() {\n                            if ($(window).width() > 768) {\n                                $(\"[class^=vc-incubalia-slider-full]\").each(\n                                    function() {\n                                        $(this).attr(\"src\", $(this).data(\"img-src\"))\n                                    }\n                                );\n                            }\n                        });\n                    }\n\n                    $(\".vc-incubalia-slider-full\").each(function() {\n                        if ($(this).find(\".vc-incubalia-slider-full__slide\").length > 1) {\n                            $(this).slick({autoplay: true, autoplaySpeed: 3000});\n                        }\n                    });\n                });\n\n            })(jQuery);\n        }\n            <\/script><div class=\"vc-incubalia-video-full-width\"><img decoding=\"async\" class=\"vc-incubalia-video-full-width__image-mobile\" src=\"https:\/\/www.tortosaturisme.cat\/wp-content\/uploads\/2018\/02\/4-empremta-jueva-mb.jpg\"><img decoding=\"async\" class=\"vc-incubalia-video-full-width__image-desktop\" src=\"https:\/\/www.tortosaturisme.cat\/wp-content\/uploads\/2018\/02\/4-empremta-jueva-ds.jpg\"><div id=\"da7a5da3b5\" class=\"vc-incubalia-video-full-width__play-button\"><img decoding=\"async\" class=\"play-button\" src=\"https:\/\/www.tortosaturisme.cat\/wp-content\/plugins\/vc-incubalia-elements\/elements\/..\/assets\/img\/video-play.png\"><\/div><div class=\"vc-incubalia-video-full-width__youtube-iframe\"><iframe loading=\"lazy\" width=\"560\" height=\"315\" src=\"https:\/\/www.youtube.com\/embed\/VzDkEzrzDVA\" frameborder=\"0\" allowfullscreen><\/iframe><\/div><\/div><script>(function($) {\n                $(function() {\n                    $('#da7a5da3b5').on('click', function() {\n                        $(this).parent().parent().find('.vc-incubalia-video-full-width').addClass('play');\n                        \/\/$(this).parent().parent().find('.vc-incubalia-video-full-width__youtube-iframe iframe').attr('src', $('.vc-incubalia-video-full-width__youtube-iframe iframe').attr('src') + '?autoplay=1');\n                    });\n                });\n\n                $(window).load(function() {\n                    height = $('.vc-incubalia-video-full-width').height();\n                    setYoutubeIframeDimensions();\n                });\n\n                $(window).resize(function() {\n                    setYoutubeIframeDimensions();\n                });\n\n                function setYoutubeIframeDimensions()\n                {\n                    if ($('.vc-incubalia-video-full-width').height() > 0) {\n                        height = $('.vc-incubalia-video-full-width').height();\n                    }\n                    $('.vc-incubalia-video-full-width__youtube-iframe iframe').attr('height', height);\n                    let width = height * 16 \/ 9;\n                    $('.vc-incubalia-video-full-width__youtube-iframe iframe').attr('width', width);\n                }\n            })(jQuery)<\/script>[\/vc_column][\/vc_row][vc_row][vc_column]<div class=\"vc-incubalia-text-1-column-subtitle\"><div class=\"vc-incubalia-text-1-column-subtitle__text\"><\/p><br \/>\n<p style=\"text-align: center;\"><strong>La juder\u00eda<\/strong> que hoy se puede visitar <strong>conserva el trazado urbano <\/strong>y\u00a0la trama de las sinuosas calles y algunos top\u00f3nimos como una plaza dedicada tambi\u00e9n a <strong>Menahem Ben Saruq<\/strong>, autor de una gram\u00e1tica hebraica basada en la lengua \u00e1rabe.<\/p><br \/>\n<p><\/div><\/div><div class=\"vc-incubalia-5-cards\"><h2 class=\"vc-incubalia-5-cards__title\">Recorre la historia<\/h2><div class=\"vc-incubalia-5-cards__card card-1 has-url\"><a href=\"\/es\/experiencias\/?experience-type=visites-caracteritzades-es&list-view=cards\"><img decoding=\"async\" class=\"vc-incubalia-5-cards__card-mobile-picture\" src=\"https:\/\/www.tortosaturisme.cat\/wp-content\/uploads\/2018\/02\/B-1280-visits-caracteritzades-640x460.jpg\">\n                      <img decoding=\"async\" class=\"vc-incubalia-5-cards__card-desktop-picture\" src=\"https:\/\/www.tortosaturisme.cat\/wp-content\/uploads\/2018\/02\/B-1280-visits-caracteritzades.jpg\"><\/a><div class=\"vc-incubalia-5-cards__card-text-container\"><p class=\"vc-incubalia-5-cards__card-title\">Visitas teatralizadas<\/p><\/div><div class=\"vc-incubalia-5-cards__card-url-container\"><span class=\"vc-incubalia-5-cards__card-url\">Leer m\u00e1s<\/span><\/div><\/div><div class=\"vc-incubalia-5-cards__card card-2 has-url\"><a href=\"\/es\/ruta\/la-juderia\/\"><img decoding=\"async\" class=\"vc-incubalia-5-cards__card-mobile-picture\" src=\"https:\/\/www.tortosaturisme.cat\/wp-content\/uploads\/2018\/02\/b-1280-ruta-call-640x460.jpg\">\n                      <img decoding=\"async\" class=\"vc-incubalia-5-cards__card-desktop-picture\" src=\"https:\/\/www.tortosaturisme.cat\/wp-content\/uploads\/2018\/02\/b-1280-ruta-call-640x460.jpg\"><\/a><div class=\"vc-incubalia-5-cards__card-text-container\"><p class=\"vc-incubalia-5-cards__card-title\">Ruta de la Juder\u00eda<\/p><\/div><div class=\"vc-incubalia-5-cards__card-url-container\"><span class=\"vc-incubalia-5-cards__card-url\">Leer m\u00e1s<\/span><\/div><\/div><div class=\"vc-incubalia-5-cards__card-3-and-4-container\"><div class=\"vc-incubalia-5-cards__card card-3 has-url\"><a href=\"\/es\/experiencia\/vive-la-juderia-de-tortosa\/\"><img decoding=\"async\" class=\"vc-incubalia-5-cards__card-mobile-picture\" src=\"https:\/\/www.tortosaturisme.cat\/wp-content\/uploads\/2018\/02\/b-1280-jueva-2-640x460.jpg\">\n                      <img decoding=\"async\" class=\"vc-incubalia-5-cards__card-desktop-picture\" src=\"https:\/\/www.tortosaturisme.cat\/wp-content\/uploads\/2018\/02\/b-1280-jueva-2-640x460.jpg\"><\/a><div class=\"vc-incubalia-5-cards__card-text-container\"><p class=\"vc-incubalia-5-cards__card-title\">La Jud\u00eda de Tortosa<\/p><\/div><div class=\"vc-incubalia-5-cards__card-url-container\"><span class=\"vc-incubalia-5-cards__card-url\">Leer m\u00e1s<\/span><\/div><\/div><div class=\"vc-incubalia-5-cards__card card-4 has-url\"><a href=\"\/es\/ciudad-del-arte\/\"><img decoding=\"async\" class=\"vc-incubalia-5-cards__card-mobile-picture\" src=\"https:\/\/www.tortosaturisme.cat\/wp-content\/uploads\/2018\/02\/b-1280-ciutat-art-1-640x460.jpg\">\n                      <img decoding=\"async\" class=\"vc-incubalia-5-cards__card-desktop-picture\" src=\"https:\/\/www.tortosaturisme.cat\/wp-content\/uploads\/2018\/02\/b-1280-ciutat-art-1-640x460.jpg\"><\/a><div class=\"vc-incubalia-5-cards__card-text-container\"><p class=\"vc-incubalia-5-cards__card-title\">Ciudad del Arte<\/p><\/div><div class=\"vc-incubalia-5-cards__card-url-container\"><span class=\"vc-incubalia-5-cards__card-url\">Leer m\u00e1s<\/span><\/div><\/div><\/div><div class=\"vc-incubalia-5-cards__card card-5 has-url\"><a href=\"\/es\/tortosa-en-un-dia\/\"><img decoding=\"async\" class=\"vc-incubalia-5-cards__card-mobile-picture\" src=\"https:\/\/www.tortosaturisme.cat\/wp-content\/uploads\/2018\/02\/B-1280-tortosa-1-dia-640x460.jpg\">\n                      <img decoding=\"async\" class=\"vc-incubalia-5-cards__card-desktop-picture\" src=\"https:\/\/www.tortosaturisme.cat\/wp-content\/uploads\/2018\/02\/B-1280-tortosa-1-dia-640x449.jpg\"><\/a><div class=\"vc-incubalia-5-cards__card-text-container\"><p class=\"vc-incubalia-5-cards__card-title\">Tortosa en un d\u00eda<\/p><\/div><div class=\"vc-incubalia-5-cards__card-url-container\"><span class=\"vc-incubalia-5-cards__card-url\">Leer m\u00e1s<\/span><\/div><\/div><\/div>[\/vc_column][\/vc_row][vc_row][vc_column]<div class=\"vc-incubalia-3-images\"><h2 class=\"vc-incubalia-3-images__title\">Experiencias<\/h2><div class=\"vc-incubalia-3-images__image\"><a href=\"\/es\/experiencias\/?experience-type=visites-guiades-es&list-view=cards\"><img decoding=\"async\" src=\"https:\/\/www.tortosaturisme.cat\/wp-content\/uploads\/2018\/02\/b-800-experiencies-s.jpg\" alt=\"\"><\/a><a href=\"\/es\/experiencias\/?experience-type=visites-guiades-es&list-view=cards\"><p class=\"vc-incubalia-3-images__image-title\">Visitas guiadas<\/p><\/a><p class=\"vc-incubalia-3-images__image-subtitle\">Conoce la ciudad a fondo<\/p><\/div><div class=\"vc-incubalia-3-images__image\"><a href=\"\/es\/experiencias\/?experience-type=packs-turistics-es&list-view=cards\"><img decoding=\"async\" src=\"https:\/\/www.tortosaturisme.cat\/wp-content\/uploads\/2018\/02\/b-800-exp-pacs.jpg\" alt=\"\"><\/a><a href=\"\/es\/experiencias\/?experience-type=packs-turistics-es&list-view=cards\"><p class=\"vc-incubalia-3-images__image-title\">Experiencias completas<\/p><\/a><p class=\"vc-incubalia-3-images__image-subtitle\">Una inmersi\u00f3n en el pasado<\/p><\/div><div class=\"vc-incubalia-3-images__image\"><a href=\"\/es\/experiencias\/?experience-type=al-riu-es&list-view=cards\"><img decoding=\"async\" src=\"https:\/\/www.tortosaturisme.cat\/wp-content\/uploads\/2018\/02\/b-800-experiencies-navegacio.jpg\" alt=\"\"><\/a><a href=\"\/es\/experiencias\/?experience-type=al-riu-es&list-view=cards\"><p class=\"vc-incubalia-3-images__image-title\">Un r\u00edo de historia<\/p><\/a><p class=\"vc-incubalia-3-images__image-subtitle\">Navega por el Ebro<\/p><\/div><\/div>[\/vc_column][\/vc_row]<\/p>\n","protected":false},"excerpt":{"rendered":"<p>[vc_row][vc_column][\/vc_column][\/vc_row][vc_row][vc_column][\/vc_column][\/vc_row][vc_row][vc_column][\/vc_column][\/vc_row][vc_row][vc_column][\/vc_column][\/vc_row][vc_row][vc_column][\/vc_column][\/vc_row][vc_row][vc_column][\/vc_column][\/vc_row][vc_row][vc_column][\/vc_column][\/vc_row][vc_row][vc_column][\/vc_column][\/vc_row]<\/p>\n","protected":false},"author":2,"featured_media":0,"parent":0,"menu_order":394,"comment_status":"closed","ping_status":"closed","template":"","meta":{"footnotes":""},"class_list":["post-4279","page","type-page","status-publish","hentry"],"acf":[],"yoast_head":"<!-- This site is optimized with the Yoast SEO plugin v27.3 - https:\/\/yoast.com\/product\/yoast-seo-wordpress\/ -->\n<title>El paso de la comunidad Jud\u00eda en la ciudad - Tortosa Turisme<\/title>\n<meta name=\"description\" content=\"La presencia hist\u00f3rica de la comunidad jud\u00eda sigue viva en Tortosa. Recorre los callejones de la juder\u00eda y descubre su historia.\" \/>\n<meta name=\"robots\" content=\"index, follow, max-snippet:-1, max-image-preview:large, max-video-preview:-1\" \/>\n<link rel=\"canonical\" href=\"https:\/\/www.tortosaturisme.cat\/es\/la-huella-judia\/\" \/>\n<meta property=\"og:locale\" content=\"es_ES\" \/>\n<meta property=\"og:type\" content=\"article\" \/>\n<meta property=\"og:title\" content=\"El paso de la comunidad Jud\u00eda en la ciudad - Tortosa Turisme\" \/>\n<meta property=\"og:description\" content=\"La presencia hist\u00f3rica de la comunidad jud\u00eda sigue viva en Tortosa. Recorre los callejones de la juder\u00eda y descubre su historia.\" \/>\n<meta property=\"og:url\" content=\"https:\/\/www.tortosaturisme.cat\/es\/la-huella-judia\/\" \/>\n<meta property=\"og:site_name\" content=\"tortosaturisme\" \/>\n<meta property=\"article:modified_time\" content=\"2025-09-20T10:25:48+00:00\" \/>\n<meta name=\"twitter:card\" content=\"summary_large_image\" \/>\n<meta name=\"twitter:label1\" content=\"Tiempo de lectura\" \/>\n\t<meta name=\"twitter:data1\" content=\"2 minutos\" \/>\n<script type=\"application\/ld+json\" class=\"yoast-schema-graph\">{\"@context\":\"https:\\\/\\\/schema.org\",\"@graph\":[{\"@type\":\"WebPage\",\"@id\":\"https:\\\/\\\/www.tortosaturisme.cat\\\/es\\\/la-huella-judia\\\/\",\"url\":\"https:\\\/\\\/www.tortosaturisme.cat\\\/es\\\/la-huella-judia\\\/\",\"name\":\"El paso de la comunidad Jud\u00eda en la ciudad - Tortosa Turisme\",\"isPartOf\":{\"@id\":\"https:\\\/\\\/www.tortosaturisme.cat\\\/es\\\/#website\"},\"datePublished\":\"2018-02-10T12:11:01+00:00\",\"dateModified\":\"2025-09-20T10:25:48+00:00\",\"description\":\"La presencia hist\u00f3rica de la comunidad jud\u00eda sigue viva en Tortosa. Recorre los callejones de la juder\u00eda y descubre su historia.\",\"breadcrumb\":{\"@id\":\"https:\\\/\\\/www.tortosaturisme.cat\\\/es\\\/la-huella-judia\\\/#breadcrumb\"},\"inLanguage\":\"es\",\"potentialAction\":[{\"@type\":\"ReadAction\",\"target\":[\"https:\\\/\\\/www.tortosaturisme.cat\\\/es\\\/la-huella-judia\\\/\"]}]},{\"@type\":\"BreadcrumbList\",\"@id\":\"https:\\\/\\\/www.tortosaturisme.cat\\\/es\\\/la-huella-judia\\\/#breadcrumb\",\"itemListElement\":[{\"@type\":\"ListItem\",\"position\":1,\"name\":\"Home\",\"item\":\"https:\\\/\\\/www.tortosaturisme.cat\\\/es\\\/\"},{\"@type\":\"ListItem\",\"position\":2,\"name\":\"La huella jud\u00eda\"}]},{\"@type\":\"WebSite\",\"@id\":\"https:\\\/\\\/www.tortosaturisme.cat\\\/es\\\/#website\",\"url\":\"https:\\\/\\\/www.tortosaturisme.cat\\\/es\\\/\",\"name\":\"tortosaturisme\",\"description\":\"Otro sitio realizado con WordPress\",\"potentialAction\":[{\"@type\":\"SearchAction\",\"target\":{\"@type\":\"EntryPoint\",\"urlTemplate\":\"https:\\\/\\\/www.tortosaturisme.cat\\\/es\\\/?s={search_term_string}\"},\"query-input\":{\"@type\":\"PropertyValueSpecification\",\"valueRequired\":true,\"valueName\":\"search_term_string\"}}],\"inLanguage\":\"es\"}]}<\/script>\n<!-- \/ Yoast SEO plugin. -->","yoast_head_json":{"title":"El paso de la comunidad Jud\u00eda en la ciudad - Tortosa Turisme","description":"La presencia hist\u00f3rica de la comunidad jud\u00eda sigue viva en Tortosa. Recorre los callejones de la juder\u00eda y descubre su historia.","robots":{"index":"index","follow":"follow","max-snippet":"max-snippet:-1","max-image-preview":"max-image-preview:large","max-video-preview":"max-video-preview:-1"},"canonical":"https:\/\/www.tortosaturisme.cat\/es\/la-huella-judia\/","og_locale":"es_ES","og_type":"article","og_title":"El paso de la comunidad Jud\u00eda en la ciudad - Tortosa Turisme","og_description":"La presencia hist\u00f3rica de la comunidad jud\u00eda sigue viva en Tortosa. Recorre los callejones de la juder\u00eda y descubre su historia.","og_url":"https:\/\/www.tortosaturisme.cat\/es\/la-huella-judia\/","og_site_name":"tortosaturisme","article_modified_time":"2025-09-20T10:25:48+00:00","twitter_card":"summary_large_image","twitter_misc":{"Tiempo de lectura":"2 minutos"},"schema":{"@context":"https:\/\/schema.org","@graph":[{"@type":"WebPage","@id":"https:\/\/www.tortosaturisme.cat\/es\/la-huella-judia\/","url":"https:\/\/www.tortosaturisme.cat\/es\/la-huella-judia\/","name":"El paso de la comunidad Jud\u00eda en la ciudad - Tortosa Turisme","isPartOf":{"@id":"https:\/\/www.tortosaturisme.cat\/es\/#website"},"datePublished":"2018-02-10T12:11:01+00:00","dateModified":"2025-09-20T10:25:48+00:00","description":"La presencia hist\u00f3rica de la comunidad jud\u00eda sigue viva en Tortosa. Recorre los callejones de la juder\u00eda y descubre su historia.","breadcrumb":{"@id":"https:\/\/www.tortosaturisme.cat\/es\/la-huella-judia\/#breadcrumb"},"inLanguage":"es","potentialAction":[{"@type":"ReadAction","target":["https:\/\/www.tortosaturisme.cat\/es\/la-huella-judia\/"]}]},{"@type":"BreadcrumbList","@id":"https:\/\/www.tortosaturisme.cat\/es\/la-huella-judia\/#breadcrumb","itemListElement":[{"@type":"ListItem","position":1,"name":"Home","item":"https:\/\/www.tortosaturisme.cat\/es\/"},{"@type":"ListItem","position":2,"name":"La huella jud\u00eda"}]},{"@type":"WebSite","@id":"https:\/\/www.tortosaturisme.cat\/es\/#website","url":"https:\/\/www.tortosaturisme.cat\/es\/","name":"tortosaturisme","description":"Otro sitio realizado con WordPress","potentialAction":[{"@type":"SearchAction","target":{"@type":"EntryPoint","urlTemplate":"https:\/\/www.tortosaturisme.cat\/es\/?s={search_term_string}"},"query-input":{"@type":"PropertyValueSpecification","valueRequired":true,"valueName":"search_term_string"}}],"inLanguage":"es"}]}},"_links":{"self":[{"href":"https:\/\/www.tortosaturisme.cat\/es\/wp-json\/wp\/v2\/pages\/4279","targetHints":{"allow":["GET"]}}],"collection":[{"href":"https:\/\/www.tortosaturisme.cat\/es\/wp-json\/wp\/v2\/pages"}],"about":[{"href":"https:\/\/www.tortosaturisme.cat\/es\/wp-json\/wp\/v2\/types\/page"}],"author":[{"embeddable":true,"href":"https:\/\/www.tortosaturisme.cat\/es\/wp-json\/wp\/v2\/users\/2"}],"replies":[{"embeddable":true,"href":"https:\/\/www.tortosaturisme.cat\/es\/wp-json\/wp\/v2\/comments?post=4279"}],"version-history":[{"count":10,"href":"https:\/\/www.tortosaturisme.cat\/es\/wp-json\/wp\/v2\/pages\/4279\/revisions"}],"predecessor-version":[{"id":15004,"href":"https:\/\/www.tortosaturisme.cat\/es\/wp-json\/wp\/v2\/pages\/4279\/revisions\/15004"}],"wp:attachment":[{"href":"https:\/\/www.tortosaturisme.cat\/es\/wp-json\/wp\/v2\/media?parent=4279"}],"curies":[{"name":"wp","href":"https:\/\/api.w.org\/{rel}","templated":true}]}}