{"id":4286,"date":"2018-02-12T10:30:19","date_gmt":"2018-02-12T10:30:19","guid":{"rendered":"http:\/\/tortosaturisme-preprod.incubaliadev.com\/es\/la-cuina-de-les-terres-de-lebre\/"},"modified":"2020-06-04T10:43:45","modified_gmt":"2020-06-04T10:43:45","slug":"la-cocina-de-las-tierras-del-ebro","status":"publish","type":"page","link":"https:\/\/www.tortosaturisme.cat\/es\/la-cocina-de-las-tierras-del-ebro\/","title":{"rendered":"La Cocina de las Tierras del Ebro"},"content":{"rendered":"<p>[vc_row][vc_column]<div class=\"vc-incubalia-big-header\"><h1 class=\"vc-incubalia-big-header__title\">La cocina de las Tierras del Ebro<\/h1><img decoding=\"async\" class=\"vc-incubalia-big-header__mobile-picture\" src=\"https:\/\/www.tortosaturisme.cat\/wp-content\/uploads\/2018\/02\/2-cuina-mb.jpg\">\n                  <img decoding=\"async\" class=\"vc-incubalia-big-header__desktop-picture\" src=\"https:\/\/www.tortosaturisme.cat\/wp-content\/uploads\/2018\/02\/2-cuina-ds.jpg\"><\/div>[\/vc_column][\/vc_row][vc_row][vc_column]<div class=\"vc-incubalia-text-1-column-subtitle\"><h2 class=\"vc-incubalia-text-1-column-subtitle__title\">EL Ebro es un territorio amante de la buena cocina<\/h2><div class=\"vc-incubalia-text-1-column-subtitle__text\"><\/p><br \/>\n<p style=\"text-align: center;\"><strong>Una buena forma de conocer un territorio es empezar por la mesa<\/strong>. Las Tierras del Ebro son sin\u00f3nimo de productos de calidad, ya que generan <strong>productos\u00a0<\/strong><b>mediterr\u00e1neos<\/b>\u00a0y de otros\u00a0<strong>\u00fanicos<\/strong> en el mundo, los del Delta del Ebro, como las <strong>angulas<\/strong>, <strong>anguilas<\/strong> u <strong>ostras<\/strong>, por su combinaci\u00f3n especial de agua dulce y salada.<\/p><br \/>\n<p><\/div><\/div>[\/vc_column][\/vc_row][vc_row][vc_column]<div class=\"vc-incubalia-image-huge\"><img decoding=\"async\" class=\"vc-incubalia-image-huge__mobile-picture brightness-100\" src=\"https:\/\/www.tortosaturisme.cat\/wp-content\/uploads\/2018\/02\/1-cuina-mb.jpg\" alt=\"\"><img decoding=\"async\" class=\"vc-incubalia-image-huge__desktop-picture brightness-100\" src=\"https:\/\/www.tortosaturisme.cat\/wp-content\/uploads\/2018\/02\/1-cuina-ds.jpg\" alt=\"\"><\/div>[\/vc_column][\/vc_row][vc_row][vc_column]<div class=\"vc-incubalia-text-1-column-subtitle\"><div class=\"vc-incubalia-text-1-column-subtitle__text\"><\/p><br \/>\n<p style=\"text-align: center;\">La visita en Tortosa permite que nos acerquemos a los parques naturales del <strong>Delta del Ebro <\/strong>y\u00a0de <strong>Els Ports<\/strong>. Es <strong>una ciudad entre el mar y la monta\u00f1a<\/strong>. Tortosa aglutina la vida econ\u00f3mica, social y cultural m\u00e1s importante del valle inferior del Ebro, y es su centro comercial y de servicios m\u00e1s destacado. Pero, simult\u00e1neamente, es una ciudad que se caracteriza por el saber hacer de sus habitantes: por la <strong>calma<\/strong>, la <b>gastronom\u00eda<\/b>, por poder disfrutar de\u00a0<strong>una estancia con todos los placeres garantizados<\/strong>.<\/p><br \/>\n<p style=\"text-align: center;\"><strong>La cocina de las Tierras del Ebro refleja su historia y las influencias de las culturas por las que ha pasado<\/strong>, que no son pocas, pero en definitiva <strong>muestra la riqueza de su entorno<\/strong> natural tan variado y potente.<\/p><br \/>\n<p><\/div><\/div><div class=\"vc-incubalia-text-image-full\"><div class=\"vc-incubalia-text-image-full__image-container\"><img decoding=\"async\" class=\"vc-incubalia-text-image-full__image-mobile\" alt=\"\" src=\"https:\/\/www.tortosaturisme.cat\/wp-content\/uploads\/2018\/02\/3-cuina-mb.jpg\"><img decoding=\"async\" class=\"vc-incubalia-text-image-full__image-desktop\" alt=\"\" src=\"https:\/\/www.tortosaturisme.cat\/wp-content\/uploads\/2018\/02\/3-cuina-ds.jpg\"><i class=\"arrow-down\"><\/i><\/div><div class=\"vc-incubalia-text-image-full__text-container\"><div class=\"vc-incubalia-text-image-full__text\"><\/div><\/div><\/div>[\/vc_column][\/vc_row][vc_row][vc_column]<div class=\"vc-incubalia-text-1-column-subtitle\"><div class=\"vc-incubalia-text-1-column-subtitle__text\"><\/p><br \/>\n<p style=\"text-align: center;\">La cocina ebrense est\u00e1 <strong>caracterizada por este privilegiado entorno natural<\/strong> en todos sus \u00e1mbitos: desde las <strong>frutas<\/strong>\u00a0y las <strong>verduras de la huerta<\/strong>, al mejor <strong>marisco<\/strong> y <strong>moluscos<\/strong> del Delta del Ebro, pasando por su valioso\u00a0<strong>arroz<\/strong>, <strong>vino <\/strong>y<b>\u00a0aceite<\/b>. El mar, los bosques de Els Ports, la huerta cercana al r\u00edo Ebro, la plana deltaica y las zonas de secano; de cada espacio del territorio surgen preciados productos frescos como los <strong>c\u00edtricos<\/strong>, la <strong>fruta dulce<\/strong>, las <strong>hortalizas<\/strong> o el <strong>pescado<\/strong>. Adem\u00e1s, muchos de estos productos han obtenido los reconocimientos de <strong>Denominaci\u00f3n de Origen Protegida.\u00a0<\/strong>Tambi\u00e9n los\u00a0<strong>dulces<\/strong> son los productos estrella de muchos pueblos de las Tierras del Ebro, las recetas de los cuales pasan de generaci\u00f3n en generaci\u00f3n.<\/p><br \/>\n<p><\/div><\/div><div class=\"vc-incubalia-text-image-full\"><div class=\"vc-incubalia-text-image-full__image-container\"><img decoding=\"async\" class=\"vc-incubalia-text-image-full__image-mobile\" alt=\"\" src=\"https:\/\/www.tortosaturisme.cat\/wp-content\/uploads\/2018\/02\/4-cuina-mb-e1561201567948.jpg\"><img decoding=\"async\" class=\"vc-incubalia-text-image-full__image-desktop\" alt=\"\" src=\"https:\/\/www.tortosaturisme.cat\/wp-content\/uploads\/2018\/02\/4-cuina-ds.jpg\"><i class=\"arrow-down\"><\/i><\/div><div class=\"vc-incubalia-text-image-full__text-container\"><div class=\"vc-incubalia-text-image-full__text\"><\/div><\/div><\/div>[\/vc_column][\/vc_row][vc_row][vc_column]<div class=\"vc-incubalia-text-1-column-subtitle\"><div class=\"vc-incubalia-text-1-column-subtitle__text\"><\/p><br \/>\n<p style=\"text-align: center;\">Por todo esto, much\u00edsimas localidades ebrenses tienen sus propias <strong>jornadas gastron\u00f3micas<\/strong> y fiestas dedicadas al producto local m\u00e1s preciado, ya sea el langostino, las ostras, la alcachofa, el n\u00edscalo, el aceite o el cordero. <strong>Tortosa recoge toda esta tradici\u00f3n<\/strong>, de los pescadores, los agricultores, de los viticultores, de los arrozales, y ofrecen lo mejor de cada producto.<\/p><br \/>\n<p><\/div><\/div><div class=\"vc-incubalia-3-images\"><h2 class=\"vc-incubalia-3-images__title\">Organ\u00edzate<\/h2><div class=\"vc-incubalia-3-images__image\"><a href=\"\/es\/restaurantes\/\"><img decoding=\"async\" src=\"https:\/\/www.tortosaturisme.cat\/wp-content\/uploads\/2018\/02\/B-800-600-cuina.jpg\" alt=\"\"><\/a><a href=\"\/es\/restaurantes\/\"><p class=\"vc-incubalia-3-images__image-title\">Restaurantes<\/p><\/a><p class=\"vc-incubalia-3-images__image-subtitle\">Una cocina arraigada a la tierra que saca partido de sus productos de proximidad, pero tambi\u00e9n abierta a las nuevas tendencias. En Tortosa encontrar\u00e1s cocina de mercado, pero tambi\u00e9n internacional y mediterr\u00e1nea<\/p><\/div><div class=\"vc-incubalia-3-images__image\"><a href=\"\/es\/alojamientos\/\"><img decoding=\"async\" src=\"https:\/\/www.tortosaturisme.cat\/wp-content\/uploads\/2018\/02\/b-800-allotjament.jpg\" alt=\"\"><\/a><a href=\"\/es\/alojamientos\/\"><p class=\"vc-incubalia-3-images__image-title\">Alojamientos<\/p><\/a><p class=\"vc-incubalia-3-images__image-subtitle\">Tortosa te ofrece alojamientos de todo tipo. Duerme en un castillo, casas rurales rodeadas de naturaleza, hoteles con todas las comodidades o apartamentos en el coraz\u00f3n de la ciudad antigua<\/p><\/div><div class=\"vc-incubalia-3-images__image\"><a href=\"\/es\/experiencias\/\"><img decoding=\"async\" src=\"https:\/\/www.tortosaturisme.cat\/wp-content\/uploads\/2018\/02\/b-800-experiencies-navegacio.jpg\" alt=\"\"><\/a><a href=\"\/es\/experiencias\/\"><p class=\"vc-incubalia-3-images__image-title\">Experiencias<\/p><\/a><p class=\"vc-incubalia-3-images__image-subtitle\">Completa tu visita con una oferta de experiencias de todo tipo: excursionismo, visitas guiadas, navegaciones,...<\/p><\/div><\/div><div class=\"vc-incubalia-5-cards\"><h2 class=\"vc-incubalia-5-cards__title\">Te recomendamos <\/h2><div class=\"vc-incubalia-5-cards__card card-1 has-url\"><a href=\"\/es\/tortosa-en-un-dia\/\"><img decoding=\"async\" class=\"vc-incubalia-5-cards__card-mobile-picture\" src=\"https:\/\/www.tortosaturisme.cat\/wp-content\/uploads\/2018\/02\/b-1280-tortosa-en-un-dia-4-640x460.jpg\">\n                      <img decoding=\"async\" class=\"vc-incubalia-5-cards__card-desktop-picture\" src=\"https:\/\/www.tortosaturisme.cat\/wp-content\/uploads\/2018\/02\/b-1280-tortosa-en-un-dia-4.jpg\"><\/a><div class=\"vc-incubalia-5-cards__card-text-container\"><p class=\"vc-incubalia-5-cards__card-title\">Tortosa en un d\u00eda<\/p><\/div><div class=\"vc-incubalia-5-cards__card-url-container\"><span class=\"vc-incubalia-5-cards__card-url\">Leer m\u00e1s<\/span><\/div><\/div><div class=\"vc-incubalia-5-cards__card card-2 has-url\"><a href=\"\/es\/jornadas-gastronomicas\/\"><img decoding=\"async\" class=\"vc-incubalia-5-cards__card-mobile-picture\" src=\"https:\/\/www.tortosaturisme.cat\/wp-content\/uploads\/2018\/02\/b-1280-cuina-renaixement-2-640x460.jpg\">\n                      <img decoding=\"async\" class=\"vc-incubalia-5-cards__card-desktop-picture\" src=\"https:\/\/www.tortosaturisme.cat\/wp-content\/uploads\/2018\/02\/b-1280-cuina-renaixement-2-640x460.jpg\"><\/a><div class=\"vc-incubalia-5-cards__card-text-container\"><p class=\"vc-incubalia-5-cards__card-title\">Jornadas gastron\u00f3micas<\/p><\/div><div class=\"vc-incubalia-5-cards__card-url-container\"><span class=\"vc-incubalia-5-cards__card-url\">Leer m\u00e1s<\/span><\/div><\/div><div class=\"vc-incubalia-5-cards__card-3-and-4-container\"><div class=\"vc-incubalia-5-cards__card card-3 has-url\"><a href=\"\/es\/el-mercado-de-tortosa\/\"><img decoding=\"async\" class=\"vc-incubalia-5-cards__card-mobile-picture\" src=\"https:\/\/www.tortosaturisme.cat\/wp-content\/uploads\/2018\/02\/b-1280-el-mercat-g-640x460.jpg\">\n                      <img decoding=\"async\" class=\"vc-incubalia-5-cards__card-desktop-picture\" src=\"https:\/\/www.tortosaturisme.cat\/wp-content\/uploads\/2018\/02\/b-1280-el-mercat-g-640x460.jpg\"><\/a><div class=\"vc-incubalia-5-cards__card-text-container\"><p class=\"vc-incubalia-5-cards__card-title\">El Mercado<\/p><\/div><div class=\"vc-incubalia-5-cards__card-url-container\"><span class=\"vc-incubalia-5-cards__card-url\">Leer m\u00e1s<\/span><\/div><\/div><div class=\"vc-incubalia-5-cards__card card-4 has-url\"><a href=\"\/es\/lo-mejor-de-la-tierra\/\"><img decoding=\"async\" class=\"vc-incubalia-5-cards__card-mobile-picture\" src=\"https:\/\/www.tortosaturisme.cat\/wp-content\/uploads\/2018\/02\/b-1280-millor-terra-640x460.jpg\">\n                      <img decoding=\"async\" class=\"vc-incubalia-5-cards__card-desktop-picture\" src=\"https:\/\/www.tortosaturisme.cat\/wp-content\/uploads\/2018\/02\/b-1280-millor-terra-640x460.jpg\"><\/a><div class=\"vc-incubalia-5-cards__card-text-container\"><p class=\"vc-incubalia-5-cards__card-title\">Los mejores productos de la tierra <\/p><p class=\"vc-incubalia-5-cards__card-subtitle\">Una territorio exuberante de arrozales, vi\u00f1a, naranjos y olivos<\/p><\/div><div class=\"vc-incubalia-5-cards__card-url-container\"><span class=\"vc-incubalia-5-cards__card-url\">Leer m\u00e1s<\/span><\/div><\/div><\/div><div class=\"vc-incubalia-5-cards__card card-5 has-url\"><a href=\"\/es\/lo-mejor-del-mar\/\"><img decoding=\"async\" class=\"vc-incubalia-5-cards__card-mobile-picture\" src=\"https:\/\/www.tortosaturisme.cat\/wp-content\/uploads\/2018\/02\/b-1280-millor-mar-640x460.jpg\">\n                      <img decoding=\"async\" class=\"vc-incubalia-5-cards__card-desktop-picture\" src=\"https:\/\/www.tortosaturisme.cat\/wp-content\/uploads\/2018\/02\/b-1280-millor-mar-640x449.jpg\"><\/a><div class=\"vc-incubalia-5-cards__card-text-container\"><p class=\"vc-incubalia-5-cards__card-title\">Lo mejor del mar<\/p><p class=\"vc-incubalia-5-cards__card-subtitle\">Disfruta de la riqueza del mar mediterr\u00e1neo <\/p><\/div><div class=\"vc-incubalia-5-cards__card-url-container\"><span class=\"vc-incubalia-5-cards__card-url\">Leer m\u00e1s<\/span><\/div><\/div><\/div>[\/vc_column][\/vc_row][vc_row][vc_column]<div class=\"vc-incubalia-3-images\"><h2 class=\"vc-incubalia-3-images__title\">Te proponemos<\/h2><div class=\"vc-incubalia-3-images__image\"><a href=\"\/es\/experiencias\/?experience-type=packs-turistics-es&amp;list-view=cards\"><img decoding=\"async\" src=\"https:\/\/www.tortosaturisme.cat\/wp-content\/uploads\/2018\/02\/b-800-experiencies-completes.jpg\" alt=\"\"><\/a><a href=\"\/es\/experiencias\/?experience-type=packs-turistics-es&amp;list-view=cards\"><p class=\"vc-incubalia-3-images__image-title\">Experiencias completas<\/p><\/a><p class=\"vc-incubalia-3-images__image-subtitle\">Combina la gastronom\u00eda y las actividades alrededor de la ciudad y la naturaleza<\/p><\/div><div class=\"vc-incubalia-3-images__image\"><a href=\"\/es\/experiencias\/?experience-type=navegacio-es&amp;list-view=cards\"><img decoding=\"async\" src=\"https:\/\/www.tortosaturisme.cat\/wp-content\/uploads\/2018\/02\/b-800-navegacions-f.jpg\" alt=\"\"><\/a><a href=\"\/es\/experiencias\/?experience-type=navegacio-es&amp;list-view=cards\"><p class=\"vc-incubalia-3-images__image-title\">Navegaciones<\/p><\/a><p class=\"vc-incubalia-3-images__image-subtitle\">Recorre el Ebro con Lo Sirgador, hech\u00edzate con les puestas de sol, prueba los vinos de la Tierra o disfruta de evocadores conciertos a bordo.<\/p><\/div><div class=\"vc-incubalia-3-images__image\"><a href=\"\/es\/experiencias\/?experience-type=gastronomiques-es&amp;list-view=cards\"><img decoding=\"async\" src=\"https:\/\/www.tortosaturisme.cat\/wp-content\/uploads\/2018\/02\/b-800-experiences-gastronomiques.jpg\" alt=\"\"><\/a><a href=\"\/es\/experiencias\/?experience-type=gastronomiques-es&amp;list-view=cards\"><p class=\"vc-incubalia-3-images__image-title\">Experiencias gastron\u00f3micas<\/p><\/a><p class=\"vc-incubalia-3-images__image-subtitle\">Para los paladares m\u00e1s exigentes<\/p><\/div><\/div>[\/vc_column][\/vc_row]<\/p>\n","protected":false},"excerpt":{"rendered":"<p>[vc_row][vc_column][\/vc_column][\/vc_row][vc_row][vc_column][\/vc_column][\/vc_row][vc_row][vc_column][\/vc_column][\/vc_row][vc_row][vc_column][\/vc_column][\/vc_row][vc_row][vc_column][\/vc_column][\/vc_row][vc_row][vc_column][\/vc_column][\/vc_row][vc_row][vc_column][\/vc_column][\/vc_row]<\/p>\n","protected":false},"author":2,"featured_media":0,"parent":0,"menu_order":339,"comment_status":"closed","ping_status":"closed","template":"","meta":{"footnotes":""},"class_list":["post-4286","page","type-page","status-publish","hentry"],"acf":[],"yoast_head":"<!-- This site is optimized with the Yoast SEO plugin v27.3 - https:\/\/yoast.com\/product\/yoast-seo-wordpress\/ -->\n<title>La Cocina de las Tierras del Ebro - Tortosa Turisme<\/title>\n<meta name=\"description\" content=\"La gastronom\u00eda ebrenca es variada y rica en productos de gran calidad, tanto de mar como de monta\u00f1a. Una muy buena forma para conocer las Tierras del Ebro es, sin ninguna duda, en la mesa disfrutando de deliciosos platos guarnidos con productos de distinguidas Denominaciones de Origen.\" \/>\n<meta name=\"robots\" content=\"index, follow, max-snippet:-1, max-image-preview:large, max-video-preview:-1\" \/>\n<link rel=\"canonical\" href=\"https:\/\/www.tortosaturisme.cat\/es\/la-cocina-de-las-tierras-del-ebro\/\" \/>\n<meta property=\"og:locale\" content=\"es_ES\" \/>\n<meta property=\"og:type\" content=\"article\" \/>\n<meta property=\"og:title\" content=\"La Cocina de las Tierras del Ebro - Tortosa Turisme\" \/>\n<meta property=\"og:description\" content=\"La gastronom\u00eda ebrenca es variada y rica en productos de gran calidad, tanto de mar como de monta\u00f1a. Una muy buena forma para conocer las Tierras del Ebro es, sin ninguna duda, en la mesa disfrutando de deliciosos platos guarnidos con productos de distinguidas Denominaciones de Origen.\" \/>\n<meta property=\"og:url\" content=\"https:\/\/www.tortosaturisme.cat\/es\/la-cocina-de-las-tierras-del-ebro\/\" \/>\n<meta property=\"og:site_name\" content=\"tortosaturisme\" \/>\n<meta property=\"article:modified_time\" content=\"2020-06-04T10:43:45+00:00\" \/>\n<meta name=\"twitter:card\" content=\"summary_large_image\" \/>\n<meta name=\"twitter:label1\" content=\"Tiempo de lectura\" \/>\n\t<meta name=\"twitter:data1\" content=\"4 minutos\" \/>\n<script type=\"application\/ld+json\" class=\"yoast-schema-graph\">{\"@context\":\"https:\\\/\\\/schema.org\",\"@graph\":[{\"@type\":\"WebPage\",\"@id\":\"https:\\\/\\\/www.tortosaturisme.cat\\\/es\\\/la-cocina-de-las-tierras-del-ebro\\\/\",\"url\":\"https:\\\/\\\/www.tortosaturisme.cat\\\/es\\\/la-cocina-de-las-tierras-del-ebro\\\/\",\"name\":\"La Cocina de las Tierras del Ebro - Tortosa Turisme\",\"isPartOf\":{\"@id\":\"https:\\\/\\\/www.tortosaturisme.cat\\\/es\\\/#website\"},\"datePublished\":\"2018-02-12T10:30:19+00:00\",\"dateModified\":\"2020-06-04T10:43:45+00:00\",\"description\":\"La gastronom\u00eda ebrenca es variada y rica en productos de gran calidad, tanto de mar como de monta\u00f1a. Una muy buena forma para conocer las Tierras del Ebro es, sin ninguna duda, en la mesa disfrutando de deliciosos platos guarnidos con productos de distinguidas Denominaciones de Origen.\",\"breadcrumb\":{\"@id\":\"https:\\\/\\\/www.tortosaturisme.cat\\\/es\\\/la-cocina-de-las-tierras-del-ebro\\\/#breadcrumb\"},\"inLanguage\":\"es\",\"potentialAction\":[{\"@type\":\"ReadAction\",\"target\":[\"https:\\\/\\\/www.tortosaturisme.cat\\\/es\\\/la-cocina-de-las-tierras-del-ebro\\\/\"]}]},{\"@type\":\"BreadcrumbList\",\"@id\":\"https:\\\/\\\/www.tortosaturisme.cat\\\/es\\\/la-cocina-de-las-tierras-del-ebro\\\/#breadcrumb\",\"itemListElement\":[{\"@type\":\"ListItem\",\"position\":1,\"name\":\"Home\",\"item\":\"https:\\\/\\\/www.tortosaturisme.cat\\\/es\\\/\"},{\"@type\":\"ListItem\",\"position\":2,\"name\":\"La Cocina de las Tierras del Ebro\"}]},{\"@type\":\"WebSite\",\"@id\":\"https:\\\/\\\/www.tortosaturisme.cat\\\/es\\\/#website\",\"url\":\"https:\\\/\\\/www.tortosaturisme.cat\\\/es\\\/\",\"name\":\"tortosaturisme\",\"description\":\"Otro sitio realizado con WordPress\",\"potentialAction\":[{\"@type\":\"SearchAction\",\"target\":{\"@type\":\"EntryPoint\",\"urlTemplate\":\"https:\\\/\\\/www.tortosaturisme.cat\\\/es\\\/?s={search_term_string}\"},\"query-input\":{\"@type\":\"PropertyValueSpecification\",\"valueRequired\":true,\"valueName\":\"search_term_string\"}}],\"inLanguage\":\"es\"}]}<\/script>\n<!-- \/ Yoast SEO plugin. -->","yoast_head_json":{"title":"La Cocina de las Tierras del Ebro - Tortosa Turisme","description":"La gastronom\u00eda ebrenca es variada y rica en productos de gran calidad, tanto de mar como de monta\u00f1a. Una muy buena forma para conocer las Tierras del Ebro es, sin ninguna duda, en la mesa disfrutando de deliciosos platos guarnidos con productos de distinguidas Denominaciones de Origen.","robots":{"index":"index","follow":"follow","max-snippet":"max-snippet:-1","max-image-preview":"max-image-preview:large","max-video-preview":"max-video-preview:-1"},"canonical":"https:\/\/www.tortosaturisme.cat\/es\/la-cocina-de-las-tierras-del-ebro\/","og_locale":"es_ES","og_type":"article","og_title":"La Cocina de las Tierras del Ebro - Tortosa Turisme","og_description":"La gastronom\u00eda ebrenca es variada y rica en productos de gran calidad, tanto de mar como de monta\u00f1a. Una muy buena forma para conocer las Tierras del Ebro es, sin ninguna duda, en la mesa disfrutando de deliciosos platos guarnidos con productos de distinguidas Denominaciones de Origen.","og_url":"https:\/\/www.tortosaturisme.cat\/es\/la-cocina-de-las-tierras-del-ebro\/","og_site_name":"tortosaturisme","article_modified_time":"2020-06-04T10:43:45+00:00","twitter_card":"summary_large_image","twitter_misc":{"Tiempo de lectura":"4 minutos"},"schema":{"@context":"https:\/\/schema.org","@graph":[{"@type":"WebPage","@id":"https:\/\/www.tortosaturisme.cat\/es\/la-cocina-de-las-tierras-del-ebro\/","url":"https:\/\/www.tortosaturisme.cat\/es\/la-cocina-de-las-tierras-del-ebro\/","name":"La Cocina de las Tierras del Ebro - Tortosa Turisme","isPartOf":{"@id":"https:\/\/www.tortosaturisme.cat\/es\/#website"},"datePublished":"2018-02-12T10:30:19+00:00","dateModified":"2020-06-04T10:43:45+00:00","description":"La gastronom\u00eda ebrenca es variada y rica en productos de gran calidad, tanto de mar como de monta\u00f1a. Una muy buena forma para conocer las Tierras del Ebro es, sin ninguna duda, en la mesa disfrutando de deliciosos platos guarnidos con productos de distinguidas Denominaciones de Origen.","breadcrumb":{"@id":"https:\/\/www.tortosaturisme.cat\/es\/la-cocina-de-las-tierras-del-ebro\/#breadcrumb"},"inLanguage":"es","potentialAction":[{"@type":"ReadAction","target":["https:\/\/www.tortosaturisme.cat\/es\/la-cocina-de-las-tierras-del-ebro\/"]}]},{"@type":"BreadcrumbList","@id":"https:\/\/www.tortosaturisme.cat\/es\/la-cocina-de-las-tierras-del-ebro\/#breadcrumb","itemListElement":[{"@type":"ListItem","position":1,"name":"Home","item":"https:\/\/www.tortosaturisme.cat\/es\/"},{"@type":"ListItem","position":2,"name":"La Cocina de las Tierras del Ebro"}]},{"@type":"WebSite","@id":"https:\/\/www.tortosaturisme.cat\/es\/#website","url":"https:\/\/www.tortosaturisme.cat\/es\/","name":"tortosaturisme","description":"Otro sitio realizado con WordPress","potentialAction":[{"@type":"SearchAction","target":{"@type":"EntryPoint","urlTemplate":"https:\/\/www.tortosaturisme.cat\/es\/?s={search_term_string}"},"query-input":{"@type":"PropertyValueSpecification","valueRequired":true,"valueName":"search_term_string"}}],"inLanguage":"es"}]}},"_links":{"self":[{"href":"https:\/\/www.tortosaturisme.cat\/es\/wp-json\/wp\/v2\/pages\/4286","targetHints":{"allow":["GET"]}}],"collection":[{"href":"https:\/\/www.tortosaturisme.cat\/es\/wp-json\/wp\/v2\/pages"}],"about":[{"href":"https:\/\/www.tortosaturisme.cat\/es\/wp-json\/wp\/v2\/types\/page"}],"author":[{"embeddable":true,"href":"https:\/\/www.tortosaturisme.cat\/es\/wp-json\/wp\/v2\/users\/2"}],"replies":[{"embeddable":true,"href":"https:\/\/www.tortosaturisme.cat\/es\/wp-json\/wp\/v2\/comments?post=4286"}],"version-history":[{"count":15,"href":"https:\/\/www.tortosaturisme.cat\/es\/wp-json\/wp\/v2\/pages\/4286\/revisions"}],"predecessor-version":[{"id":13937,"href":"https:\/\/www.tortosaturisme.cat\/es\/wp-json\/wp\/v2\/pages\/4286\/revisions\/13937"}],"wp:attachment":[{"href":"https:\/\/www.tortosaturisme.cat\/es\/wp-json\/wp\/v2\/media?parent=4286"}],"curies":[{"name":"wp","href":"https:\/\/api.w.org\/{rel}","templated":true}]}}