{"id":4292,"date":"2018-02-11T17:27:32","date_gmt":"2018-02-11T17:27:32","guid":{"rendered":"http:\/\/tortosaturisme-preprod.incubaliadev.com\/es\/la-festa-del-renaixement\/"},"modified":"2025-07-17T10:03:47","modified_gmt":"2025-07-17T10:03:47","slug":"la-fiesta-del-renacimiento","status":"publish","type":"page","link":"https:\/\/www.tortosaturisme.cat\/es\/la-fiesta-del-renacimiento\/","title":{"rendered":"La Fiesta del Renacimiento"},"content":{"rendered":"<p>[vc_row][vc_column]<div class=\"vc-incubalia-image-huge\"><h1 class=\"vc-incubalia-image-huge__title\" style=\"font-size: 56px;\">La Fiesta del Renacimiento <\/h1><img decoding=\"async\" class=\"vc-incubalia-image-huge__mobile-picture\" src=\"https:\/\/www.tortosaturisme.cat\/wp-content\/uploads\/2018\/02\/1-festa-renaixement-mb.jpg\" alt=\"\"><img decoding=\"async\" class=\"vc-incubalia-image-huge__desktop-picture\" src=\"https:\/\/www.tortosaturisme.cat\/wp-content\/uploads\/2018\/02\/1-festa-renaixement-ds.jpg\" alt=\"\"><\/div>[\/vc_column][\/vc_row][vc_row][vc_column]<div class=\"vc-incubalia-text-1-column-subtitle\"><h2 class=\"vc-incubalia-text-1-column-subtitle__title\">El esplendor de una ciudad en el siglo XVI<\/h2><h3 class=\"vc-incubalia-text-1-column-subtitle__subtitle\">Descubre una de las principales recreaciones hist\u00f3ricas del sur de Europa<\/h3><div class=\"vc-incubalia-text-1-column-subtitle__text\"><\/p><br \/>\n<p style=\"text-align: center;\"><strong>La Fiesta del Renacimiento<\/strong> ha sido escogida, por votaci\u00f3n ciudadana, como uno de los 7 tesoros del Patrimonio Cultural de Tortosa, en el contexto de la celebraci\u00f3n de Tortosa Capital de la Cultura Catalana 2021.<\/p><br \/>\n<p style=\"text-align: center;\"><strong>La segunda quincena de julio<\/strong>\u00a0Tortosa celebra la Fiesta del Renacimiento, un evento<strong>\u00a0\u00fanico y fascinante<\/strong> de destacada trayectoria. Durante cuatro d\u00edas, toda la ciudad es un gran escenario que nos transporta en el tiempo hasta su esplendor en el siglo XVI. Una ciudad que ha visto determinada su historia desde el v\u00ednculo que el r\u00edo Ebro le confiri\u00f3 con el mar Mediterr\u00e1neo, una ciudad multicultural y abierta al mundo a trav\u00e9s del agua. En la fiesta participan m\u00e1s de 3.000 ciudadanos vestidos de \u00e9poca y se ofrecen alrededor de\u00a0<strong>un centenar de espect\u00e1culos diarios, con m\u00e1s de 500 actores.<\/strong><\/p><br \/>\n<p><\/div><\/div>[\/vc_column][\/vc_row][vc_row][vc_column]<div class=\"vc-incubalia-image-huge\"><img decoding=\"async\" class=\"vc-incubalia-image-huge__mobile-picture brightness-100\" src=\"https:\/\/www.tortosaturisme.cat\/wp-content\/uploads\/2018\/02\/2-festa-renaixement-mb.jpg\" alt=\"\"><img decoding=\"async\" class=\"vc-incubalia-image-huge__desktop-picture brightness-100\" src=\"https:\/\/www.tortosaturisme.cat\/wp-content\/uploads\/2018\/02\/2-festa-renaixement-ds.jpg\" alt=\"\"><\/div>[\/vc_column][\/vc_row][vc_row][vc_column]<div class=\"vc-incubalia-text-1-column-subtitle\"><div class=\"vc-incubalia-text-1-column-subtitle__text\"><\/p><br \/>\n<p style=\"text-align: center;\">Muy pocas fiestas de recreaci\u00f3n hist\u00f3rica ofrecen un programa de actos desde la ma\u00f1ana hasta altas horas de la madrugada como lo hace la <strong>Fiesta del Renacimiento<\/strong>. Los espect\u00e1culos, adem\u00e1s, est\u00e1n estrechamente relacionados con la historia de la ciudad. Todas<strong> las calles, especialmente las del casco viejo, se transforman y engalanan para volver al pasado<\/strong>. Los vecinos sacan del armario sus vestidos para integrarse en la fiesta y tambi\u00e9n los\u00a0<strong>procuradores<\/strong> (el Gobierno local) y las <strong>familias nobles<\/strong> pasean sus lustrosos y ornamentados vestidos por la ciudad que gobiernan. Mientras, <strong>m\u00fasicos<\/strong> y\u00a0<strong>grupos<\/strong> itinerantes venidos de toda\u00a0<strong>Europa<\/strong> pasean su m\u00fasica y su fiesta por todas las calles, donde tambi\u00e9n hay un enorme y evocador mercado de \u00e9poca. Los <strong>obradores<\/strong> y <strong>hogares<\/strong> de los restauradores, panaderos y reposteros recuperan centenarias recetas que ofrecen a los visitantes y comensales. Durante toda la Fiesta la gastronom\u00eda bajomedieval y renacentista es presente en los restaurantes que participan en el\u00a0<strong>Mengeu de Festa<\/strong>, las panader\u00edas y pasteler\u00edas que elaboran\u00a0<strong>Les Llepolies de la Festa<\/strong>\u00a0o a las tabernas de\u00a0<strong>La Ruta de la Saboga.<\/strong><\/p><br \/>\n<p><\/div><\/div><div class=\"vc-incubalia-text-image-full\"><div class=\"vc-incubalia-text-image-full__image-container\"><img decoding=\"async\" class=\"vc-incubalia-text-image-full__image-mobile\" alt=\"\" src=\"https:\/\/www.tortosaturisme.cat\/wp-content\/uploads\/2018\/02\/3-festa-renaixement-mb.jpg\"><img decoding=\"async\" class=\"vc-incubalia-text-image-full__image-desktop\" alt=\"\" src=\"https:\/\/www.tortosaturisme.cat\/wp-content\/uploads\/2018\/02\/3-festa-renaixement-ds.jpg\"><i class=\"arrow-down\"><\/i><\/div><div class=\"vc-incubalia-text-image-full__text-container\"><div class=\"vc-incubalia-text-image-full__text\"><\/div><\/div><\/div>[\/vc_column][\/vc_row][vc_row][vc_column]<div class=\"vc-incubalia-text-1-column-subtitle\"><div class=\"vc-incubalia-text-1-column-subtitle__text\"><\/p><br \/>\n<p style=\"text-align: center;\">La Fiesta del Renacimiento ha recibido numerosos reconocimientos y ha sido declarada <b>Fiesta de Inter\u00e9s\u00a0Tur\u00edstico Nacional<\/b>, <b>Fiesta de Inter\u00e9s\u00a0Tur\u00edstico Local <\/b>y la <strong>Placa de Honor del Turismo de Catalu\u00f1a<\/strong>.<\/p><br \/>\n<p>\u00a0<\/div><\/div><div class=\"vc-incubalia-video-full-width\"><img decoding=\"async\" class=\"vc-incubalia-video-full-width__image-mobile\" src=\"https:\/\/www.tortosaturisme.cat\/wp-content\/uploads\/2018\/02\/4-festa-del-renaixement-mb.jpg\"><img decoding=\"async\" class=\"vc-incubalia-video-full-width__image-desktop\" src=\"https:\/\/www.tortosaturisme.cat\/wp-content\/uploads\/2018\/02\/4-festa-del-renaixement-ds.jpg\"><div id=\"278d8902cf\" class=\"vc-incubalia-video-full-width__play-button\"><img decoding=\"async\" class=\"play-button\" src=\"https:\/\/www.tortosaturisme.cat\/wp-content\/plugins\/vc-incubalia-elements\/elements\/..\/assets\/img\/video-play.png\"><\/div><div class=\"vc-incubalia-video-full-width__youtube-iframe\"><iframe loading=\"lazy\" width=\"560\" height=\"315\" src=\"https:\/\/www.youtube.com\/embed\/5JmeKHzwQ8I\" frameborder=\"0\" allowfullscreen><\/iframe><\/div><\/div><script>(function($) {\n                $(function() {\n                    $('#278d8902cf').on('click', function() {\n                        $(this).parent().parent().find('.vc-incubalia-video-full-width').addClass('play');\n                        \/\/$(this).parent().parent().find('.vc-incubalia-video-full-width__youtube-iframe iframe').attr('src', $('.vc-incubalia-video-full-width__youtube-iframe iframe').attr('src') + '?autoplay=1');\n                    });\n                });\n\n                $(window).load(function() {\n                    height = $('.vc-incubalia-video-full-width').height();\n                    setYoutubeIframeDimensions();\n                });\n\n                $(window).resize(function() {\n                    setYoutubeIframeDimensions();\n                });\n\n                function setYoutubeIframeDimensions()\n                {\n                    if ($('.vc-incubalia-video-full-width').height() > 0) {\n                        height = $('.vc-incubalia-video-full-width').height();\n                    }\n                    $('.vc-incubalia-video-full-width__youtube-iframe iframe').attr('height', height);\n                    let width = height * 16 \/ 9;\n                    $('.vc-incubalia-video-full-width__youtube-iframe iframe').attr('width', width);\n                }\n            })(jQuery)<\/script>[\/vc_column][\/vc_row][vc_row][vc_column]<div class=\"vc-incubalia-3-images\"><h2 class=\"vc-incubalia-3-images__title\">Descubre la Fiesta del Renacimiento<\/h2><div class=\"vc-incubalia-3-images__image\"><a href=\"http:\/\/www.festadelrenaixement.cat\/es\"><img decoding=\"async\" src=\"https:\/\/www.tortosaturisme.cat\/wp-content\/uploads\/2018\/02\/b-800-renaixement.jpg\" alt=\"\"><\/a><a href=\"http:\/\/www.festadelrenaixement.cat\/es\"><p class=\"vc-incubalia-3-images__image-title\">Web<\/p><\/a><p class=\"vc-incubalia-3-images__image-subtitle\">Toda la informaci\u00f3n de la fiesta con su programaci\u00f3n, espect\u00e1culos y compa\u00f1\u00edas<\/p><\/div><div class=\"vc-incubalia-3-images__image\"><a href=\"\/es\/la-cocina-del-renacimiento\/\"><img decoding=\"async\" src=\"https:\/\/www.tortosaturisme.cat\/wp-content\/uploads\/2018\/02\/b-800-mengeu-de-festa.jpg\" alt=\"\"><\/a><a href=\"\/es\/la-cocina-del-renacimiento\/\"><p class=\"vc-incubalia-3-images__image-title\">Mengeu de Festa<\/p><\/a><p class=\"vc-incubalia-3-images__image-subtitle\">Las jornadas de la cocina del Renacimiento te traen los sabores del pasado. Si\u00e9ntete como un caballero o una dama del siglo XVI, \u00a1prueba los platos que com\u00edan!<\/p><\/div><div class=\"vc-incubalia-3-images__image\"><a href=\"\/es\/ruta\/la-tortosa-del-renacimiento\/\"><img decoding=\"async\" src=\"https:\/\/www.tortosaturisme.cat\/wp-content\/uploads\/2018\/02\/b-800-ruta-renaixement.jpg\" alt=\"\"><\/a><a href=\"\/es\/ruta\/la-tortosa-del-renacimiento\/\"><p class=\"vc-incubalia-3-images__image-title\">Ruta del Renacimiento<\/p><\/a><p class=\"vc-incubalia-3-images__image-subtitle\">Visita la Tortosa del Renacimiento, desde los Reales Colegios hasta la Catedral, conoce el patrimonio de la ciudad<\/p><\/div><\/div><div class=\"vc-incubalia-5-cards\"><h2 class=\"vc-incubalia-5-cards__title\">Te recomendamos <\/h2><div class=\"vc-incubalia-5-cards__card card-1 has-url\"><a href=\"\/es\/la-huella-de-las-culturas\/\"><img decoding=\"async\" class=\"vc-incubalia-5-cards__card-mobile-picture\" src=\"https:\/\/www.tortosaturisme.cat\/wp-content\/uploads\/2018\/02\/b-1280-ciutat-art-3-640x460.jpg\">\n                      <img decoding=\"async\" class=\"vc-incubalia-5-cards__card-desktop-picture\" src=\"https:\/\/www.tortosaturisme.cat\/wp-content\/uploads\/2018\/02\/b-1280-ciutat-art-3.jpg\"><\/a><div class=\"vc-incubalia-5-cards__card-text-container\"><p class=\"vc-incubalia-5-cards__card-title\">La huella de las culturas<\/p><p class=\"vc-incubalia-5-cards__card-subtitle\">\u00cdberos, romanos, fenicios, \u00e1rabes, jud\u00edos, cristianos, todos han formado parte de nuestra ciudad<\/p><\/div><div class=\"vc-incubalia-5-cards__card-url-container\"><span class=\"vc-incubalia-5-cards__card-url\">Leer m\u00e1s<\/span><\/div><\/div><div class=\"vc-incubalia-5-cards__card card-2 has-url\"><a href=\"\/es\/ruta\/las-fortificaciones\/\"><img decoding=\"async\" class=\"vc-incubalia-5-cards__card-mobile-picture\" src=\"https:\/\/www.tortosaturisme.cat\/wp-content\/uploads\/2018\/02\/b-1280-fortifcacions-640x460.jpg\">\n                      <img decoding=\"async\" class=\"vc-incubalia-5-cards__card-desktop-picture\" src=\"https:\/\/www.tortosaturisme.cat\/wp-content\/uploads\/2018\/02\/b-1280-fortifcacions-640x460.jpg\"><\/a><div class=\"vc-incubalia-5-cards__card-text-container\"><p class=\"vc-incubalia-5-cards__card-title\">Ruta de las fortificaciones<\/p><p class=\"vc-incubalia-5-cards__card-subtitle\">Recorre las murallas medievales y los baluartes, fosos y revellines modernos <\/p><\/div><div class=\"vc-incubalia-5-cards__card-url-container\"><span class=\"vc-incubalia-5-cards__card-url\">Leer m\u00e1s<\/span><\/div><\/div><div class=\"vc-incubalia-5-cards__card-3-and-4-container\"><div class=\"vc-incubalia-5-cards__card card-3 has-url\"><a href=\"\/es\/sitios\/?place-type=monument-es&amp;list-view=cards\"><img decoding=\"async\" class=\"vc-incubalia-5-cards__card-mobile-picture\" src=\"https:\/\/www.tortosaturisme.cat\/wp-content\/uploads\/2018\/02\/b-1280-ciutat-640x460.jpg\">\n                      <img decoding=\"async\" class=\"vc-incubalia-5-cards__card-desktop-picture\" src=\"https:\/\/www.tortosaturisme.cat\/wp-content\/uploads\/2018\/02\/b-1280-ciutat-640x460.jpg\"><\/a><div class=\"vc-incubalia-5-cards__card-text-container\"><p class=\"vc-incubalia-5-cards__card-title\">Monumentos<\/p><\/div><div class=\"vc-incubalia-5-cards__card-url-container\"><span class=\"vc-incubalia-5-cards__card-url\">Leer m\u00e1s<\/span><\/div><\/div><div class=\"vc-incubalia-5-cards__card card-4 has-url\"><a href=\"\/es\/ruta\/hemingway-y-la-guerra-civil\/\"><img decoding=\"async\" class=\"vc-incubalia-5-cards__card-mobile-picture\" src=\"https:\/\/www.tortosaturisme.cat\/wp-content\/uploads\/2018\/02\/B-1280-visites-guiades-1-640x460.jpg\">\n                      <img decoding=\"async\" class=\"vc-incubalia-5-cards__card-desktop-picture\" src=\"https:\/\/www.tortosaturisme.cat\/wp-content\/uploads\/2018\/02\/B-1280-visites-guiades-1-640x460.jpg\"><\/a><div class=\"vc-incubalia-5-cards__card-text-container\"><p class=\"vc-incubalia-5-cards__card-title\">Hemingway y la Guerra Civil<\/p><p class=\"vc-incubalia-5-cards__card-subtitle\">Un ruta para seguir los pasos del Noble norteamericano y sus experiencias cuando la ciudad era frente de guerra<\/p><\/div><div class=\"vc-incubalia-5-cards__card-url-container\"><span class=\"vc-incubalia-5-cards__card-url\">Leer m\u00e1s<\/span><\/div><\/div><\/div><div class=\"vc-incubalia-5-cards__card card-5 has-url\"><a href=\"\/es\/la-ciudad-del-renacimiento\/\"><img decoding=\"async\" class=\"vc-incubalia-5-cards__card-mobile-picture\" src=\"https:\/\/www.tortosaturisme.cat\/wp-content\/uploads\/2018\/02\/b-1280-renaxiement-2-640x460.jpg\">\n                      <img decoding=\"async\" class=\"vc-incubalia-5-cards__card-desktop-picture\" src=\"https:\/\/www.tortosaturisme.cat\/wp-content\/uploads\/2018\/02\/b-1280-renaxiement-2-640x449.jpg\"><\/a><div class=\"vc-incubalia-5-cards__card-text-container\"><p class=\"vc-incubalia-5-cards__card-title\">La ciudad del Renacimiento <\/p><p class=\"vc-incubalia-5-cards__card-subtitle\">El esplendor del siglo XVI<\/p><\/div><div class=\"vc-incubalia-5-cards__card-url-container\"><span class=\"vc-incubalia-5-cards__card-url\">Leer m\u00e1s<\/span><\/div><\/div><\/div>[\/vc_column][\/vc_row][vc_row][vc_column]<div class=\"vc-incubalia-4-images\"><h2 class=\"vc-incubalia-4-images__title\">Vive la ciudad y el territorio<\/h2><div class=\"vc-incubalia-4-images__image has-url\"\"><a href=\"\/es\/experiencias\/\"><img decoding=\"async\" src=\"https:\/\/www.tortosaturisme.cat\/wp-content\/uploads\/2018\/02\/b-900-tortosa-card-e1560964698672.jpg\" alt=\"\"><\/a><div class=\"vc-incubalia-4-images__image-text-container\"><p class=\"vc-incubalia-4-images__image-title\">Experiencias <\/p><p class=\"vc-incubalia-4-images__image-subtitle\">Actividades culturales, de aventura, en grupo, para toda la familia y, sobretodo, para disfrutar!<\/p><\/div><div class=\"vc-incubalia-4-images__image-url-container\"><span class=\"vc-incubalia-4-images__image-url\">Leer m\u00e1s<\/span><\/div><\/div><div class=\"vc-incubalia-4-images__image has-url\"\"><a href=\"\/es\/experiencias\/?experience-type=a-laire-lliure-es&list-view=cards\"><img decoding=\"async\" src=\"https:\/\/www.tortosaturisme.cat\/wp-content\/uploads\/2018\/02\/b-900-aire-lliure.jpg\" alt=\"\"><\/a><div class=\"vc-incubalia-4-images__image-text-container\"><p class=\"vc-incubalia-4-images__image-title\">Al aire libre<\/p><p class=\"vc-incubalia-4-images__image-subtitle\">Excursiones a pie, en 4x4 o en bici<\/p><\/div><div class=\"vc-incubalia-4-images__image-url-container\"><span class=\"vc-incubalia-4-images__image-url\">Leer m\u00e1s<\/span><\/div><\/div><div class=\"vc-incubalia-4-images__image has-url\"\"><a href=\"\/es\/experiencias\/?experience-type=al-riu-es&list-view=cards\"><img decoding=\"async\" src=\"https:\/\/www.tortosaturisme.cat\/wp-content\/uploads\/2018\/02\/b-900-navega.jpg\" alt=\"\"><\/a><div class=\"vc-incubalia-4-images__image-text-container\"><p class=\"vc-incubalia-4-images__image-title\">En el r\u00edo<\/p><p class=\"vc-incubalia-4-images__image-subtitle\">Navega en el la\u00fad o explora en piragua o kayak<\/p><\/div><div class=\"vc-incubalia-4-images__image-url-container\"><span class=\"vc-incubalia-4-images__image-url\">Leer m\u00e1s<\/span><\/div><\/div><div class=\"vc-incubalia-4-images__image has-url\"\"><a href=\"\/es\/experiencias\/?experience-type=amb-nens-es&list-view=cards\"><img decoding=\"async\" src=\"https:\/\/www.tortosaturisme.cat\/wp-content\/uploads\/2018\/02\/b-900-nens-2.jpg\" alt=\"\"><\/a><div class=\"vc-incubalia-4-images__image-text-container\"><p class=\"vc-incubalia-4-images__image-title\">Con ni\u00f1os<\/p><p class=\"vc-incubalia-4-images__image-subtitle\">Una visita inolvidable<\/p><\/div><div class=\"vc-incubalia-4-images__image-url-container\"><span class=\"vc-incubalia-4-images__image-url\">Leer m\u00e1s<\/span><\/div><\/div><\/div><div class=\"vc-incubalia-4-images\"><h2 class=\"vc-incubalia-4-images__title\">Te proponemos<\/h2><div class=\"vc-incubalia-4-images__image has-url\"\"><a href=\"\/es\/ruta\/la-juderia\/\"><img decoding=\"async\" src=\"https:\/\/www.tortosaturisme.cat\/wp-content\/uploads\/2018\/02\/b-900-call-jueu-ruta.jpg\" alt=\"\"><\/a><div class=\"vc-incubalia-4-images__image-text-container\"><p class=\"vc-incubalia-4-images__image-title\">La Juder\u00eda<\/p><p class=\"vc-incubalia-4-images__image-subtitle\">Una ruta para seguir la huella de la presencia jud\u00eda<\/p><\/div><div class=\"vc-incubalia-4-images__image-url-container\"><span class=\"vc-incubalia-4-images__image-url\">Leer m\u00e1s<\/span><\/div><\/div><div class=\"vc-incubalia-4-images__image has-url\"\"><a href=\"\/es\/a-cel-obert\/\"><img decoding=\"async\" src=\"https:\/\/www.tortosaturisme.cat\/wp-content\/uploads\/2018\/02\/b-900-a-cel-obert-1.jpg\" alt=\"\"><\/a><div class=\"vc-incubalia-4-images__image-text-container\"><p class=\"vc-incubalia-4-images__image-title\">A Cel Obert<\/p><p class=\"vc-incubalia-4-images__image-subtitle\">Un festival que transforma los patos de la ciudad<\/p><\/div><div class=\"vc-incubalia-4-images__image-url-container\"><span class=\"vc-incubalia-4-images__image-url\">Leer m\u00e1s<\/span><\/div><\/div><div class=\"vc-incubalia-4-images__image has-url\"\"><a href=\"\/es\/ruta\/el-modernismo\/ \"><img decoding=\"async\" src=\"https:\/\/www.tortosaturisme.cat\/wp-content\/uploads\/2018\/02\/b-900-ruta-modernisme.jpg\" alt=\"\"><\/a><div class=\"vc-incubalia-4-images__image-text-container\"><p class=\"vc-incubalia-4-images__image-title\">El modernismo<\/p><p class=\"vc-incubalia-4-images__image-subtitle\">A finales del siglo XIX la ciudad se transform\u00f3 siguiendo las \u00faltimas tendencias<\/p><\/div><div class=\"vc-incubalia-4-images__image-url-container\"><span class=\"vc-incubalia-4-images__image-url\">Leer m\u00e1s<\/span><\/div><\/div><div class=\"vc-incubalia-4-images__image has-url\"\"><a href=\"\/es\/ruta\/la-via-verde\/\"><img decoding=\"async\" src=\"https:\/\/www.tortosaturisme.cat\/wp-content\/uploads\/2018\/02\/b-900-via-verda.jpg\" alt=\"\"><\/a><div class=\"vc-incubalia-4-images__image-text-container\"><p class=\"vc-incubalia-4-images__image-title\">La V\u00eda Verde<\/p><p class=\"vc-incubalia-4-images__image-subtitle\">Con salida desde Tortosa recorre todas las Tierras del Ebro<\/p><\/div><div class=\"vc-incubalia-4-images__image-url-container\"><span class=\"vc-incubalia-4-images__image-url\">Leer m\u00e1s<\/span><\/div><\/div><\/div>[\/vc_column][\/vc_row]<\/p>\n","protected":false},"excerpt":{"rendered":"<p>[vc_row][vc_column][\/vc_column][\/vc_row][vc_row][vc_column][\/vc_column][\/vc_row][vc_row][vc_column][\/vc_column][\/vc_row][vc_row][vc_column][\/vc_column][\/vc_row][vc_row][vc_column][\/vc_column][\/vc_row][vc_row][vc_column][\/vc_column][\/vc_row][vc_row][vc_column][\/vc_column][\/vc_row]<\/p>\n","protected":false},"author":2,"featured_media":0,"parent":0,"menu_order":351,"comment_status":"closed","ping_status":"closed","template":"","meta":{"footnotes":""},"class_list":["post-4292","page","type-page","status-publish","hentry"],"acf":[],"yoast_head":"<!-- This site is optimized with the Yoast SEO plugin v27.4 - https:\/\/yoast.com\/product\/yoast-seo-wordpress\/ -->\n<title>La Fiesta del Renacimiento - Tortosa Turisme<\/title>\n<meta name=\"description\" content=\"La Fiesta del Renacimiento de Tortosa es un festival de recreaci\u00f3n hist\u00f3rica con m\u00e1s de 60 espect\u00e1culos y 500 actores. \u00a1Ven a vivirla!\" \/>\n<meta name=\"robots\" content=\"index, follow, max-snippet:-1, max-image-preview:large, max-video-preview:-1\" \/>\n<link rel=\"canonical\" href=\"https:\/\/www.tortosaturisme.cat\/es\/la-fiesta-del-renacimiento\/\" \/>\n<meta property=\"og:locale\" content=\"es_ES\" \/>\n<meta property=\"og:type\" content=\"article\" \/>\n<meta property=\"og:title\" content=\"La Fiesta del Renacimiento - Tortosa Turisme\" \/>\n<meta property=\"og:description\" content=\"La Fiesta del Renacimiento de Tortosa es un festival de recreaci\u00f3n hist\u00f3rica con m\u00e1s de 60 espect\u00e1culos y 500 actores. \u00a1Ven a vivirla!\" \/>\n<meta property=\"og:url\" content=\"https:\/\/www.tortosaturisme.cat\/es\/la-fiesta-del-renacimiento\/\" \/>\n<meta property=\"og:site_name\" content=\"tortosaturisme\" \/>\n<meta property=\"article:modified_time\" content=\"2025-07-17T10:03:47+00:00\" \/>\n<meta name=\"twitter:card\" content=\"summary_large_image\" \/>\n<meta name=\"twitter:label1\" content=\"Tiempo de lectura\" \/>\n\t<meta name=\"twitter:data1\" content=\"4 minutos\" \/>\n<script type=\"application\/ld+json\" class=\"yoast-schema-graph\">{\"@context\":\"https:\\\/\\\/schema.org\",\"@graph\":[{\"@type\":\"WebPage\",\"@id\":\"https:\\\/\\\/www.tortosaturisme.cat\\\/es\\\/la-fiesta-del-renacimiento\\\/\",\"url\":\"https:\\\/\\\/www.tortosaturisme.cat\\\/es\\\/la-fiesta-del-renacimiento\\\/\",\"name\":\"La Fiesta del Renacimiento - Tortosa Turisme\",\"isPartOf\":{\"@id\":\"https:\\\/\\\/www.tortosaturisme.cat\\\/es\\\/#website\"},\"datePublished\":\"2018-02-11T17:27:32+00:00\",\"dateModified\":\"2025-07-17T10:03:47+00:00\",\"description\":\"La Fiesta del Renacimiento de Tortosa es un festival de recreaci\u00f3n hist\u00f3rica con m\u00e1s de 60 espect\u00e1culos y 500 actores. \u00a1Ven a vivirla!\",\"breadcrumb\":{\"@id\":\"https:\\\/\\\/www.tortosaturisme.cat\\\/es\\\/la-fiesta-del-renacimiento\\\/#breadcrumb\"},\"inLanguage\":\"es\",\"potentialAction\":[{\"@type\":\"ReadAction\",\"target\":[\"https:\\\/\\\/www.tortosaturisme.cat\\\/es\\\/la-fiesta-del-renacimiento\\\/\"]}]},{\"@type\":\"BreadcrumbList\",\"@id\":\"https:\\\/\\\/www.tortosaturisme.cat\\\/es\\\/la-fiesta-del-renacimiento\\\/#breadcrumb\",\"itemListElement\":[{\"@type\":\"ListItem\",\"position\":1,\"name\":\"Home\",\"item\":\"https:\\\/\\\/www.tortosaturisme.cat\\\/es\\\/\"},{\"@type\":\"ListItem\",\"position\":2,\"name\":\"La Fiesta del Renacimiento\"}]},{\"@type\":\"WebSite\",\"@id\":\"https:\\\/\\\/www.tortosaturisme.cat\\\/es\\\/#website\",\"url\":\"https:\\\/\\\/www.tortosaturisme.cat\\\/es\\\/\",\"name\":\"tortosaturisme\",\"description\":\"Otro sitio realizado con WordPress\",\"potentialAction\":[{\"@type\":\"SearchAction\",\"target\":{\"@type\":\"EntryPoint\",\"urlTemplate\":\"https:\\\/\\\/www.tortosaturisme.cat\\\/es\\\/?s={search_term_string}\"},\"query-input\":{\"@type\":\"PropertyValueSpecification\",\"valueRequired\":true,\"valueName\":\"search_term_string\"}}],\"inLanguage\":\"es\"}]}<\/script>\n<!-- \/ Yoast SEO plugin. -->","yoast_head_json":{"title":"La Fiesta del Renacimiento - Tortosa Turisme","description":"La Fiesta del Renacimiento de Tortosa es un festival de recreaci\u00f3n hist\u00f3rica con m\u00e1s de 60 espect\u00e1culos y 500 actores. \u00a1Ven a vivirla!","robots":{"index":"index","follow":"follow","max-snippet":"max-snippet:-1","max-image-preview":"max-image-preview:large","max-video-preview":"max-video-preview:-1"},"canonical":"https:\/\/www.tortosaturisme.cat\/es\/la-fiesta-del-renacimiento\/","og_locale":"es_ES","og_type":"article","og_title":"La Fiesta del Renacimiento - Tortosa Turisme","og_description":"La Fiesta del Renacimiento de Tortosa es un festival de recreaci\u00f3n hist\u00f3rica con m\u00e1s de 60 espect\u00e1culos y 500 actores. \u00a1Ven a vivirla!","og_url":"https:\/\/www.tortosaturisme.cat\/es\/la-fiesta-del-renacimiento\/","og_site_name":"tortosaturisme","article_modified_time":"2025-07-17T10:03:47+00:00","twitter_card":"summary_large_image","twitter_misc":{"Tiempo de lectura":"4 minutos"},"schema":{"@context":"https:\/\/schema.org","@graph":[{"@type":"WebPage","@id":"https:\/\/www.tortosaturisme.cat\/es\/la-fiesta-del-renacimiento\/","url":"https:\/\/www.tortosaturisme.cat\/es\/la-fiesta-del-renacimiento\/","name":"La Fiesta del Renacimiento - Tortosa Turisme","isPartOf":{"@id":"https:\/\/www.tortosaturisme.cat\/es\/#website"},"datePublished":"2018-02-11T17:27:32+00:00","dateModified":"2025-07-17T10:03:47+00:00","description":"La Fiesta del Renacimiento de Tortosa es un festival de recreaci\u00f3n hist\u00f3rica con m\u00e1s de 60 espect\u00e1culos y 500 actores. \u00a1Ven a vivirla!","breadcrumb":{"@id":"https:\/\/www.tortosaturisme.cat\/es\/la-fiesta-del-renacimiento\/#breadcrumb"},"inLanguage":"es","potentialAction":[{"@type":"ReadAction","target":["https:\/\/www.tortosaturisme.cat\/es\/la-fiesta-del-renacimiento\/"]}]},{"@type":"BreadcrumbList","@id":"https:\/\/www.tortosaturisme.cat\/es\/la-fiesta-del-renacimiento\/#breadcrumb","itemListElement":[{"@type":"ListItem","position":1,"name":"Home","item":"https:\/\/www.tortosaturisme.cat\/es\/"},{"@type":"ListItem","position":2,"name":"La Fiesta del Renacimiento"}]},{"@type":"WebSite","@id":"https:\/\/www.tortosaturisme.cat\/es\/#website","url":"https:\/\/www.tortosaturisme.cat\/es\/","name":"tortosaturisme","description":"Otro sitio realizado con WordPress","potentialAction":[{"@type":"SearchAction","target":{"@type":"EntryPoint","urlTemplate":"https:\/\/www.tortosaturisme.cat\/es\/?s={search_term_string}"},"query-input":{"@type":"PropertyValueSpecification","valueRequired":true,"valueName":"search_term_string"}}],"inLanguage":"es"}]}},"_links":{"self":[{"href":"https:\/\/www.tortosaturisme.cat\/es\/wp-json\/wp\/v2\/pages\/4292","targetHints":{"allow":["GET"]}}],"collection":[{"href":"https:\/\/www.tortosaturisme.cat\/es\/wp-json\/wp\/v2\/pages"}],"about":[{"href":"https:\/\/www.tortosaturisme.cat\/es\/wp-json\/wp\/v2\/types\/page"}],"author":[{"embeddable":true,"href":"https:\/\/www.tortosaturisme.cat\/es\/wp-json\/wp\/v2\/users\/2"}],"replies":[{"embeddable":true,"href":"https:\/\/www.tortosaturisme.cat\/es\/wp-json\/wp\/v2\/comments?post=4292"}],"version-history":[{"count":14,"href":"https:\/\/www.tortosaturisme.cat\/es\/wp-json\/wp\/v2\/pages\/4292\/revisions"}],"predecessor-version":[{"id":15869,"href":"https:\/\/www.tortosaturisme.cat\/es\/wp-json\/wp\/v2\/pages\/4292\/revisions\/15869"}],"wp:attachment":[{"href":"https:\/\/www.tortosaturisme.cat\/es\/wp-json\/wp\/v2\/media?parent=4292"}],"curies":[{"name":"wp","href":"https:\/\/api.w.org\/{rel}","templated":true}]}}