{"id":4294,"date":"2018-02-11T16:28:04","date_gmt":"2018-02-11T16:28:04","guid":{"rendered":"http:\/\/tortosaturisme-preprod.incubaliadev.com\/es\/la-petjada-de-les-cultures\/"},"modified":"2020-07-24T08:58:59","modified_gmt":"2020-07-24T08:58:59","slug":"la-huella-de-las-culturas","status":"publish","type":"page","link":"https:\/\/www.tortosaturisme.cat\/es\/la-huella-de-las-culturas\/","title":{"rendered":"La huella de las culturas"},"content":{"rendered":"<p>[vc_row][vc_column]<div class=\"vc-incubalia-big-header\"><h1 class=\"vc-incubalia-big-header__title\">La huella de las culturas<\/h1><img decoding=\"async\" class=\"vc-incubalia-big-header__mobile-picture\" src=\"https:\/\/www.tortosaturisme.cat\/wp-content\/uploads\/2018\/02\/1-petjada-mb.jpg\">\n                  <img decoding=\"async\" class=\"vc-incubalia-big-header__desktop-picture\" src=\"https:\/\/www.tortosaturisme.cat\/wp-content\/uploads\/2018\/02\/1-petjada-ds.jpg\"><\/div><div class=\"vc-incubalia-text-1-column-subtitle\"><h3 class=\"vc-incubalia-text-1-column-subtitle__subtitle\">Los materiales arqueol\u00f3gicos m\u00e1s antiguos localizados corresponden al siglo VI aC, as\u00ed pues, podemos establecer desde cu\u00e1ndo la ciudad ha estado poblada de manera interrumpida. <\/h3><div class=\"vc-incubalia-text-1-column-subtitle__text\"><\/p><br \/>\n<p style=\"text-align: center;\"><strong>H\u00edbera<\/strong>, ciudad mencionada por los antiguos ge\u00f3grafos, es probable que coincida con la ubicaci\u00f3n del antiguo solar de la ciudad. Las caracter\u00edsticas urbanas del per\u00edodo ib\u00e9rico en la zona del Ebro as\u00ed lo confirmar\u00edan: colinas dominando el territorio, f\u00e1cilmente defendibles, y proximidad a v\u00edas de agua para dominar el tr\u00e1fico y el comercio.<\/p><br \/>\n<p><\/div><\/div>[\/vc_column][\/vc_row][vc_row][vc_column]<div class=\"vc-incubalia-text-image-full\"><div class=\"vc-incubalia-text-image-full__image-container\"><img decoding=\"async\" class=\"vc-incubalia-text-image-full__image-mobile\" alt=\"\" src=\"https:\/\/www.tortosaturisme.cat\/wp-content\/uploads\/2018\/02\/2-petjada-mb.jpg\"><img decoding=\"async\" class=\"vc-incubalia-text-image-full__image-desktop\" alt=\"\" src=\"https:\/\/www.tortosaturisme.cat\/wp-content\/uploads\/2018\/02\/2-petjada-ds.jpg\"><i class=\"arrow-down\"><\/i><\/div><div class=\"vc-incubalia-text-image-full__text-container\"><h2 class=\"vc-incubalia-text-image-full__subtitle\">Griegos y Fenicios<\/h2><div class=\"vc-incubalia-text-image-full__text\"><\/p><br \/>\n<p style=\"text-align: center;\">El r\u00edo y su inmediata desembocadura, en la antig\u00fcedad afect\u00f3 el establecimiento de lazos comerciales con los pueblos venidos del Mediterr\u00e1neo, <strong>griegos y fenicios<\/strong>, al mismo tiempo que la v\u00eda fluvial constitu\u00eda una ruta de penetraci\u00f3n e intercambio con los pueblos de interior.<\/p><br \/>\n<p><\/div><\/div><\/div><div class=\"vc-incubalia-text-image-full\"><div class=\"vc-incubalia-text-image-full__image-container\"><img decoding=\"async\" class=\"vc-incubalia-text-image-full__image-mobile\" alt=\"\" src=\"https:\/\/www.tortosaturisme.cat\/wp-content\/uploads\/2018\/02\/3-petjada-mb.jpg\"><img decoding=\"async\" class=\"vc-incubalia-text-image-full__image-desktop\" alt=\"\" src=\"https:\/\/www.tortosaturisme.cat\/wp-content\/uploads\/2018\/02\/3-petjada-ds.jpg\"><i class=\"arrow-down\"><\/i><\/div><div class=\"vc-incubalia-text-image-full__text-container\"><h2 class=\"vc-incubalia-text-image-full__subtitle\">Romanos<\/h2><div class=\"vc-incubalia-text-image-full__text\"><\/p><br \/>\n<p style=\"text-align: center;\">El Ebro se convirti\u00f3 en frontera f\u00edsica entre romanos y cartagineses por el tratado del Ebro\u00a0del a\u00f1o 226 aC. Los romanos ya advirtieron de esta ubicaci\u00f3n estrat\u00e9gica y, ocupando<strong> la colina de la Zuda<\/strong> y el \u00e1rea circundante,\u00a0fundaron<strong> Dertosa<\/strong>. El paso de la V\u00eda Augusta por el Ebro se realiz\u00f3 en nuestra ciudad.<\/p><br \/>\n<p style=\"text-align: center;\">Ser\u00e1n <strong>los romanos<\/strong> los que dotar\u00e1n de una verdadera estructura urbana a la ciudad. Es muy probable que ya en esta \u00e9poca hubiera<strong> presencia de jud\u00edos<\/strong> en Tortosa, que se mantendr\u00e1, con per\u00edodos de mayor o menor pujanza, hasta la \u00e9poca moderna.<\/p><br \/>\n<p><\/div><\/div><\/div><div class=\"vc-incubalia-text-image-full\"><div class=\"vc-incubalia-text-image-full__image-container\"><img decoding=\"async\" class=\"vc-incubalia-text-image-full__image-mobile\" alt=\"\" src=\"https:\/\/www.tortosaturisme.cat\/wp-content\/uploads\/2018\/02\/4-petjada-mb.jpg\"><img decoding=\"async\" class=\"vc-incubalia-text-image-full__image-desktop\" alt=\"\" src=\"https:\/\/www.tortosaturisme.cat\/wp-content\/uploads\/2018\/02\/4-petjada-ds.bo_.jpg\"><i class=\"arrow-down\"><\/i><\/div><div class=\"vc-incubalia-text-image-full__text-container\"><h2 class=\"vc-incubalia-text-image-full__subtitle\">Visigodos<\/h2><div class=\"vc-incubalia-text-image-full__text\"><\/p><br \/>\n<p style=\"text-align: center;\">En <strong>\u00e9poca visigoda<\/strong> el territorio se constituye en di\u00f3cesis. Recientes excavaciones frente a la Catedral han dejado al descubierto restos de la muralla romana y de la que ser\u00eda la primera sede visigoda.<\/p><br \/>\n<p><\/div><\/div><\/div><div class=\"vc-incubalia-text-image-full\"><div class=\"vc-incubalia-text-image-full__image-container\"><img decoding=\"async\" class=\"vc-incubalia-text-image-full__image-mobile\" alt=\"\" src=\"https:\/\/www.tortosaturisme.cat\/wp-content\/uploads\/2018\/02\/5-petjada-mb.jpg\"><img decoding=\"async\" class=\"vc-incubalia-text-image-full__image-desktop\" alt=\"\" src=\"https:\/\/www.tortosaturisme.cat\/wp-content\/uploads\/2018\/02\/5-petjada-ds.jpg\"><i class=\"arrow-down\"><\/i><\/div><div class=\"vc-incubalia-text-image-full__text-container\"><h2 class=\"vc-incubalia-text-image-full__subtitle\">La conquista musulmana<\/h2><div class=\"vc-incubalia-text-image-full__text\"><\/p><br \/>\n<p style=\"text-align: center;\">La dominaci\u00f3n musulmana, que se extendi\u00f3 m\u00e1s de cuatro siglos, dej\u00f3 una huella inconfundible y permanente en el desarrollo urbano y comercial. <strong>Turt\u00fbxa<\/strong> fue un centro fundamental, como tierra de frontera, y tambi\u00e9n en el \u00e1mbito cultural.\u00a0De este per\u00edodo destacan el jurista \u00e1rabe <strong>Abu-Bakr at-Turtuix\u00ed<\/strong> y el poeta y gram\u00e1tico jud\u00edo <strong>Menahem ben Saruq<\/strong>.<\/p><br \/>\n<p><\/div><\/div><\/div><div class=\"vc-incubalia-text-image-full\"><div class=\"vc-incubalia-text-image-full__image-container\"><img decoding=\"async\" class=\"vc-incubalia-text-image-full__image-mobile\" alt=\"\" src=\"https:\/\/www.tortosaturisme.cat\/wp-content\/uploads\/2018\/02\/6-petjada-mb.jpg\"><img decoding=\"async\" class=\"vc-incubalia-text-image-full__image-desktop\" alt=\"\" src=\"https:\/\/www.tortosaturisme.cat\/wp-content\/uploads\/2018\/02\/6-petjada-ds.jpg\"><i class=\"arrow-down\"><\/i><\/div><div class=\"vc-incubalia-text-image-full__text-container\"><h2 class=\"vc-incubalia-text-image-full__subtitle\">La conquista cristiana<\/h2><div class=\"vc-incubalia-text-image-full__text\"><\/p><br \/>\n<p style=\"text-align: center;\">Una vez conquistada la ciudad, en el <strong>1148<\/strong>, por\u00a0<strong>Ram\u00f3n Berenguer\u00a0IV\u00a0<\/strong>y sus aliados, se autoriz\u00f3 la permanencia de su comunidad\u00a0sarracena; igual que la comunidad jud\u00eda, establecida en Tortosa desde el per\u00edodo romano.<\/p><br \/>\n<p style=\"text-align: center;\"><strong>Las culturas cristiana, musulmana y jud\u00eda convivieron y coexistieron en Tortosa<\/strong> y esta presencia ha marcado la ciudad durante siglos; unas presencias todav\u00eda bien visibles en la Tortosa de hoy en d\u00eda.<\/p><br \/>\n<p style=\"text-align: center;\">Para ordenar estas poblaciones, repartirlas, asignarles tierras y recursos se concedieron a las dos comunidades cartas de seguredad o franqueses (fueros) y otras garant\u00edas y privilegios, aunque ten\u00edan que vivir en barrios separados y extramuros (aljamas). La comunidad dominante cristiana se estableci\u00f3 en la ciudad vieja; la morer\u00eda, al otro lado de la Cortadura; y la jud\u00eda, en los astilleros amurallados, m\u00e1s al norte. A los cristianos reci\u00e9n llegados les concedieron una carta de poblament (carta puebla).<\/p><br \/>\n<p><\/div><\/div><\/div><div class=\"vc-incubalia-text-image-full\"><div class=\"vc-incubalia-text-image-full__image-container\"><img decoding=\"async\" class=\"vc-incubalia-text-image-full__image-mobile\" alt=\"\" src=\"https:\/\/www.tortosaturisme.cat\/wp-content\/uploads\/2018\/02\/7-petjada-mb.jpg\"><img decoding=\"async\" class=\"vc-incubalia-text-image-full__image-desktop\" alt=\"\" src=\"https:\/\/www.tortosaturisme.cat\/wp-content\/uploads\/2018\/02\/7-petjada-ds.jpg\"><i class=\"arrow-down\"><\/i><\/div><div class=\"vc-incubalia-text-image-full__text-container\"><h2 class=\"vc-incubalia-text-image-full__subtitle\">Los Reales Colegios<\/h2><div class=\"vc-incubalia-text-image-full__text\"><\/p><br \/>\n<p style=\"text-align: center;\">Sin duda, una de les joyas monumentales de la ciudad que hoy en d\u00eda es de visita indispensable es el conjunto de los <strong>Reales Colegios<\/strong> de Tortosa, datados del <strong>siglo\u00a0XVI<\/strong>, una muestra del\u00a0<strong>esplendor de la ciudad durante el Renacimiento.<\/strong><\/p><br \/>\n<p><\/div><\/div><\/div><div class=\"vc-incubalia-text-image-full\"><div class=\"vc-incubalia-text-image-full__image-container\"><img decoding=\"async\" class=\"vc-incubalia-text-image-full__image-mobile\" alt=\"\" src=\"https:\/\/www.tortosaturisme.cat\/wp-content\/uploads\/2018\/02\/8-pejada-mb.jpg\"><img decoding=\"async\" class=\"vc-incubalia-text-image-full__image-desktop\" alt=\"\" src=\"https:\/\/www.tortosaturisme.cat\/wp-content\/uploads\/2018\/02\/8-pejada-ds.jpg\"><i class=\"arrow-down\"><\/i><\/div><div class=\"vc-incubalia-text-image-full__text-container\"><h2 class=\"vc-incubalia-text-image-full__subtitle\">Encrucijada de territorios <\/h2><div class=\"vc-incubalia-text-image-full__text\"><\/p><br \/>\n<p style=\"text-align: center;\">Tortosa ha sido\u00a0<b>un emplazamiento clave en circunstancias\u00a0b\u00e9licas<\/b>, aparte de los intercambios\u00a0fruto de su situaci\u00f3n con <strong>gente venida de todos sitios<\/strong>, especialmente aragoneses y valencianos, pero tambi\u00e9n francos y occitanos o, incluso, colonias brit\u00e1nicas.<\/p><br \/>\n<p><\/div><\/div><\/div><div class=\"vc-incubalia-text-image-full\"><div class=\"vc-incubalia-text-image-full__image-container\"><img decoding=\"async\" class=\"vc-incubalia-text-image-full__image-mobile\" alt=\"\" src=\"https:\/\/www.tortosaturisme.cat\/wp-content\/uploads\/2018\/02\/9-petjada-mb.jpg\"><img decoding=\"async\" class=\"vc-incubalia-text-image-full__image-desktop\" alt=\"\" src=\"https:\/\/www.tortosaturisme.cat\/wp-content\/uploads\/2018\/02\/9-petjada-ds.jpg\"><i class=\"arrow-down\"><\/i><\/div><div class=\"vc-incubalia-text-image-full__text-container\"><h2 class=\"vc-incubalia-text-image-full__subtitle\">El Museo de Tortosa<\/h2><div class=\"vc-incubalia-text-image-full__text\">En el <strong>Museo de Tortosa<\/strong> se puede ver una buena muestra de las huellas ib\u00e9rica, romana y visigoda de la ciudad. La <strong>estela funeraria romana<\/strong> &#8211; encargada por una viuda para su marido que parti\u00f3 en barco y ya no volvi\u00f3 &#8211; es una de las piezas estrella del Museo.<\/p><br \/>\n<p>De la<strong> \u00e9poca isl\u00e1mica<\/strong>, en el mismo espacio cultural se pueden conteplar numerosas obras de cer\u00e1mica. En\u00a0la Catedral de Tortosa se encuentra la representativa l\u00e1pida de la fundaci\u00f3n de los astilleros del siglo X. Hay una copia en el muro lateral del recinto catedralicio cercano en la plaza del Absis.<\/p><br \/>\n<p>De la \u00e9poca cristiana, son representativas la <strong>carta de poblaci\u00f3n\u00a0de 1149<\/strong> o el famoso<strong><em> Llibre de Costums de Tortosa<\/em><\/strong>.<\/div><\/div><\/div>[\/vc_column][\/vc_row][vc_row][vc_column]<div class=\"vc-incubalia-5-cards\"><h2 class=\"vc-incubalia-5-cards__title\">Las voces del pasado<\/h2><h3 class=\"vc-incubalia-5-cards__subtitle\">Resigue su legado<\/h3><div class=\"vc-incubalia-5-cards__card card-1 has-url\"><a href=\"\/es\/ruta\/la-tortosa-del-renacimiento\/\"><img decoding=\"async\" class=\"vc-incubalia-5-cards__card-mobile-picture\" src=\"https:\/\/www.tortosaturisme.cat\/wp-content\/uploads\/2018\/02\/b-1280-ciutat-art-1-640x460.jpg\">\n                      <img decoding=\"async\" class=\"vc-incubalia-5-cards__card-desktop-picture\" src=\"https:\/\/www.tortosaturisme.cat\/wp-content\/uploads\/2018\/02\/b-1280-ciutat-art-1.jpg\"><\/a><div class=\"vc-incubalia-5-cards__card-text-container\"><p class=\"vc-incubalia-5-cards__card-title\">Ruta del Renacimiento<\/p><p class=\"vc-incubalia-5-cards__card-subtitle\">De los Reales Colegios hasta la catedral, recorre los vestigios del esplendor del s. XVI<\/p><\/div><div class=\"vc-incubalia-5-cards__card-url-container\"><span class=\"vc-incubalia-5-cards__card-url\">Leer m\u00e1s<\/span><\/div><\/div><div class=\"vc-incubalia-5-cards__card card-2 has-url\"><a href=\"\/es\/ruta\/la-juderia\/\"><img decoding=\"async\" class=\"vc-incubalia-5-cards__card-mobile-picture\" src=\"https:\/\/www.tortosaturisme.cat\/wp-content\/uploads\/2018\/02\/b-1280-ruta-call-640x460.jpg\">\n                      <img decoding=\"async\" class=\"vc-incubalia-5-cards__card-desktop-picture\" src=\"https:\/\/www.tortosaturisme.cat\/wp-content\/uploads\/2018\/02\/b-1280-ruta-call-640x460.jpg\"><\/a><div class=\"vc-incubalia-5-cards__card-text-container\"><p class=\"vc-incubalia-5-cards__card-title\">Ruta de la Juder\u00eda<\/p><p class=\"vc-incubalia-5-cards__card-subtitle\">El legado de la presencia jud\u00eda se percibe en sus laber\u00ednticas calles<\/p><\/div><div class=\"vc-incubalia-5-cards__card-url-container\"><span class=\"vc-incubalia-5-cards__card-url\">Leer m\u00e1s<\/span><\/div><\/div><div class=\"vc-incubalia-5-cards__card-3-and-4-container\"><div class=\"vc-incubalia-5-cards__card card-3 has-url\"><a href=\"\/es\/lugar\/museo-de-tortosa\/\"><img decoding=\"async\" class=\"vc-incubalia-5-cards__card-mobile-picture\" src=\"https:\/\/www.tortosaturisme.cat\/wp-content\/uploads\/2018\/02\/b-1280-museu-640x460.jpg\">\n                      <img decoding=\"async\" class=\"vc-incubalia-5-cards__card-desktop-picture\" src=\"https:\/\/www.tortosaturisme.cat\/wp-content\/uploads\/2018\/02\/b-1280-museu-640x460.jpg\"><\/a><div class=\"vc-incubalia-5-cards__card-text-container\"><p class=\"vc-incubalia-5-cards__card-title\">El Museo de Tortosa<\/p><p class=\"vc-incubalia-5-cards__card-subtitle\">Una valiosa colecci\u00f3n para reconstruir el pasado de la ciudad<\/p><\/div><div class=\"vc-incubalia-5-cards__card-url-container\"><span class=\"vc-incubalia-5-cards__card-url\">Leer m\u00e1s<\/span><\/div><\/div><div class=\"vc-incubalia-5-cards__card card-4 has-url\"><a href=\"\/es\/experiencias\/?experience-type=visites-guiades-es&list-view=cards\"><img decoding=\"async\" class=\"vc-incubalia-5-cards__card-mobile-picture\" src=\"https:\/\/www.tortosaturisme.cat\/wp-content\/uploads\/2018\/02\/B-1280-visites-guiades-1-640x460.jpg\">\n                      <img decoding=\"async\" class=\"vc-incubalia-5-cards__card-desktop-picture\" src=\"https:\/\/www.tortosaturisme.cat\/wp-content\/uploads\/2018\/02\/B-1280-visites-guiades-640x460.jpg\"><\/a><div class=\"vc-incubalia-5-cards__card-text-container\"><p class=\"vc-incubalia-5-cards__card-title\">Visitas guiadas<\/p><p class=\"vc-incubalia-5-cards__card-subtitle\">Conoce la ciudad de la mano de los mejores gu\u00edas<\/p><\/div><div class=\"vc-incubalia-5-cards__card-url-container\"><span class=\"vc-incubalia-5-cards__card-url\">Leer m\u00e1s<\/span><\/div><\/div><\/div><div class=\"vc-incubalia-5-cards__card card-5 has-url\"><a href=\"\/es\/experiencias\/?experience-type=visites-caracteritzades-es&list-view=cards\"><img decoding=\"async\" class=\"vc-incubalia-5-cards__card-mobile-picture\" src=\"https:\/\/www.tortosaturisme.cat\/wp-content\/uploads\/2018\/02\/b-1280-jueva-2-640x460.jpg\">\n                      <img decoding=\"async\" class=\"vc-incubalia-5-cards__card-desktop-picture\" src=\"https:\/\/www.tortosaturisme.cat\/wp-content\/uploads\/2018\/02\/b-1280-jueva-2-640x449.jpg\"><\/a><div class=\"vc-incubalia-5-cards__card-text-container\"><p class=\"vc-incubalia-5-cards__card-title\">Visitas caracterizadas<\/p><p class=\"vc-incubalia-5-cards__card-subtitle\">De la mano de los protagonistas de los hechos<\/p><\/div><div class=\"vc-incubalia-5-cards__card-url-container\"><span class=\"vc-incubalia-5-cards__card-url\">Leer m\u00e1s<\/span><\/div><\/div><\/div>[\/vc_column][\/vc_row][vc_row][vc_column]<div class=\"vc-incubalia-3-images\"><h2 class=\"vc-incubalia-3-images__title\">El legado hist\u00f3rco<\/h2><div class=\"vc-incubalia-3-images__image\"><a href=\"\/es\/lugar\/el-castillo-de-la-zuda-o-de-san-juan\/\"><img decoding=\"async\" src=\"https:\/\/www.tortosaturisme.cat\/wp-content\/uploads\/2018\/02\/b-800-castell.jpg\" alt=\"\"><\/a><a href=\"\/es\/lugar\/el-castillo-de-la-zuda-o-de-san-juan\/\"><p class=\"vc-incubalia-3-images__image-title\">El castillo de la Zuda<\/p><\/a><p class=\"vc-incubalia-3-images__image-subtitle\">Siempre vigilando, desde tiempos inmemoriales ha defendido la ciudad. Es el mejor mirador del valle del Ebro por su paso por Tortosa<\/p><\/div><div class=\"vc-incubalia-3-images__image\"><a href=\"\/es\/lugar\/la-catedral-y-la-exposicion-permanente\/\"><img decoding=\"async\" src=\"https:\/\/www.tortosaturisme.cat\/wp-content\/uploads\/2018\/02\/b-800-catedral.jpg\" alt=\"\"><\/a><a href=\"\/es\/lugar\/la-catedral-y-la-exposicion-permanente\/\"><p class=\"vc-incubalia-3-images__image-title\">La Catedral<\/p><\/a><p class=\"vc-incubalia-3-images__image-subtitle\">El edificio m\u00e1s significativo, una obra de arte por dentro y por fuera que es un aut\u00e9ntico manual de arte<\/p><\/div><div class=\"vc-incubalia-3-images__image\"><a href=\"\/es\/lugar\/los-reales-colegios-y-la-exposicion-permanente-ciudad-y-fiesta-del-renacimiento\/\"><img decoding=\"async\" src=\"https:\/\/www.tortosaturisme.cat\/wp-content\/uploads\/2018\/02\/b-800-reials-col-legis.jpg\" alt=\"\"><\/a><a href=\"\/es\/lugar\/los-reales-colegios-y-la-exposicion-permanente-ciudad-y-fiesta-del-renacimiento\/\"><p class=\"vc-incubalia-3-images__image-title\">Los Reales Colegios<\/p><\/a><p class=\"vc-incubalia-3-images__image-subtitle\">La joya del Renacimiento, es un conjunto arquitect\u00f3nico \u00fanico en Catalu\u00f1a.<\/p><\/div><\/div>[\/vc_column][\/vc_row]<\/p>\n","protected":false},"excerpt":{"rendered":"<p>[vc_row][vc_column][\/vc_column][\/vc_row][vc_row][vc_column][\/vc_column][\/vc_row][vc_row][vc_column][\/vc_column][\/vc_row][vc_row][vc_column][\/vc_column][\/vc_row]<\/p>\n","protected":false},"author":2,"featured_media":0,"parent":0,"menu_order":363,"comment_status":"closed","ping_status":"closed","template":"","meta":{"_acf_changed":false,"footnotes":""},"class_list":["post-4294","page","type-page","status-publish","hentry"],"acf":[],"yoast_head":"<!-- This site is optimized with the Yoast SEO plugin v27.6 - https:\/\/yoast.com\/product\/yoast-seo-wordpress\/ -->\n<title>La huella de las culturas - Tortosa Turisme<\/title>\n<meta name=\"description\" content=\"Fundada en un espacio de gran importancia estrat\u00e9gica, a lo largo de su historia, Tortosa ha sobrevivido al paso y la dominaci\u00f3n de diferentes culturas: fenicios y griegos, romanos, visigodos, musulmanes, etc. Los vestigios de las cuales todav\u00eda siguen muy vivos en la ciudad.\" \/>\n<meta name=\"robots\" content=\"index, follow, max-snippet:-1, max-image-preview:large, max-video-preview:-1\" \/>\n<link rel=\"canonical\" href=\"https:\/\/www.tortosaturisme.cat\/es\/la-huella-de-las-culturas\/\" \/>\n<meta property=\"og:locale\" content=\"es_ES\" \/>\n<meta property=\"og:type\" content=\"article\" \/>\n<meta property=\"og:title\" content=\"La huella de las culturas - Tortosa Turisme\" \/>\n<meta property=\"og:description\" content=\"Fundada en un espacio de gran importancia estrat\u00e9gica, a lo largo de su historia, Tortosa ha sobrevivido al paso y la dominaci\u00f3n de diferentes culturas: fenicios y griegos, romanos, visigodos, musulmanes, etc. Los vestigios de las cuales todav\u00eda siguen muy vivos en la ciudad.\" \/>\n<meta property=\"og:url\" content=\"https:\/\/www.tortosaturisme.cat\/es\/la-huella-de-las-culturas\/\" \/>\n<meta property=\"og:site_name\" content=\"tortosaturisme\" \/>\n<meta property=\"article:modified_time\" content=\"2020-07-24T08:58:59+00:00\" \/>\n<meta name=\"twitter:card\" content=\"summary_large_image\" \/>\n<meta name=\"twitter:label1\" content=\"Tiempo de lectura\" \/>\n\t<meta name=\"twitter:data1\" content=\"6 minutos\" \/>\n<script type=\"application\/ld+json\" class=\"yoast-schema-graph\">{\"@context\":\"https:\\\/\\\/schema.org\",\"@graph\":[{\"@type\":\"WebPage\",\"@id\":\"https:\\\/\\\/www.tortosaturisme.cat\\\/es\\\/la-huella-de-las-culturas\\\/\",\"url\":\"https:\\\/\\\/www.tortosaturisme.cat\\\/es\\\/la-huella-de-las-culturas\\\/\",\"name\":\"La huella de las culturas - Tortosa Turisme\",\"isPartOf\":{\"@id\":\"https:\\\/\\\/www.tortosaturisme.cat\\\/es\\\/#website\"},\"datePublished\":\"2018-02-11T16:28:04+00:00\",\"dateModified\":\"2020-07-24T08:58:59+00:00\",\"description\":\"Fundada en un espacio de gran importancia estrat\u00e9gica, a lo largo de su historia, Tortosa ha sobrevivido al paso y la dominaci\u00f3n de diferentes culturas: fenicios y griegos, romanos, visigodos, musulmanes, etc. Los vestigios de las cuales todav\u00eda siguen muy vivos en la ciudad.\",\"breadcrumb\":{\"@id\":\"https:\\\/\\\/www.tortosaturisme.cat\\\/es\\\/la-huella-de-las-culturas\\\/#breadcrumb\"},\"inLanguage\":\"es\",\"potentialAction\":[{\"@type\":\"ReadAction\",\"target\":[\"https:\\\/\\\/www.tortosaturisme.cat\\\/es\\\/la-huella-de-las-culturas\\\/\"]}]},{\"@type\":\"BreadcrumbList\",\"@id\":\"https:\\\/\\\/www.tortosaturisme.cat\\\/es\\\/la-huella-de-las-culturas\\\/#breadcrumb\",\"itemListElement\":[{\"@type\":\"ListItem\",\"position\":1,\"name\":\"Home\",\"item\":\"https:\\\/\\\/www.tortosaturisme.cat\\\/es\\\/\"},{\"@type\":\"ListItem\",\"position\":2,\"name\":\"La huella de las culturas\"}]},{\"@type\":\"WebSite\",\"@id\":\"https:\\\/\\\/www.tortosaturisme.cat\\\/es\\\/#website\",\"url\":\"https:\\\/\\\/www.tortosaturisme.cat\\\/es\\\/\",\"name\":\"tortosaturisme\",\"description\":\"Otro sitio realizado con WordPress\",\"potentialAction\":[{\"@type\":\"SearchAction\",\"target\":{\"@type\":\"EntryPoint\",\"urlTemplate\":\"https:\\\/\\\/www.tortosaturisme.cat\\\/es\\\/?s={search_term_string}\"},\"query-input\":{\"@type\":\"PropertyValueSpecification\",\"valueRequired\":true,\"valueName\":\"search_term_string\"}}],\"inLanguage\":\"es\"}]}<\/script>\n<!-- \/ Yoast SEO plugin. -->","yoast_head_json":{"title":"La huella de las culturas - Tortosa Turisme","description":"Fundada en un espacio de gran importancia estrat\u00e9gica, a lo largo de su historia, Tortosa ha sobrevivido al paso y la dominaci\u00f3n de diferentes culturas: fenicios y griegos, romanos, visigodos, musulmanes, etc. Los vestigios de las cuales todav\u00eda siguen muy vivos en la ciudad.","robots":{"index":"index","follow":"follow","max-snippet":"max-snippet:-1","max-image-preview":"max-image-preview:large","max-video-preview":"max-video-preview:-1"},"canonical":"https:\/\/www.tortosaturisme.cat\/es\/la-huella-de-las-culturas\/","og_locale":"es_ES","og_type":"article","og_title":"La huella de las culturas - Tortosa Turisme","og_description":"Fundada en un espacio de gran importancia estrat\u00e9gica, a lo largo de su historia, Tortosa ha sobrevivido al paso y la dominaci\u00f3n de diferentes culturas: fenicios y griegos, romanos, visigodos, musulmanes, etc. Los vestigios de las cuales todav\u00eda siguen muy vivos en la ciudad.","og_url":"https:\/\/www.tortosaturisme.cat\/es\/la-huella-de-las-culturas\/","og_site_name":"tortosaturisme","article_modified_time":"2020-07-24T08:58:59+00:00","twitter_card":"summary_large_image","twitter_misc":{"Tiempo de lectura":"6 minutos"},"schema":{"@context":"https:\/\/schema.org","@graph":[{"@type":"WebPage","@id":"https:\/\/www.tortosaturisme.cat\/es\/la-huella-de-las-culturas\/","url":"https:\/\/www.tortosaturisme.cat\/es\/la-huella-de-las-culturas\/","name":"La huella de las culturas - Tortosa Turisme","isPartOf":{"@id":"https:\/\/www.tortosaturisme.cat\/es\/#website"},"datePublished":"2018-02-11T16:28:04+00:00","dateModified":"2020-07-24T08:58:59+00:00","description":"Fundada en un espacio de gran importancia estrat\u00e9gica, a lo largo de su historia, Tortosa ha sobrevivido al paso y la dominaci\u00f3n de diferentes culturas: fenicios y griegos, romanos, visigodos, musulmanes, etc. Los vestigios de las cuales todav\u00eda siguen muy vivos en la ciudad.","breadcrumb":{"@id":"https:\/\/www.tortosaturisme.cat\/es\/la-huella-de-las-culturas\/#breadcrumb"},"inLanguage":"es","potentialAction":[{"@type":"ReadAction","target":["https:\/\/www.tortosaturisme.cat\/es\/la-huella-de-las-culturas\/"]}]},{"@type":"BreadcrumbList","@id":"https:\/\/www.tortosaturisme.cat\/es\/la-huella-de-las-culturas\/#breadcrumb","itemListElement":[{"@type":"ListItem","position":1,"name":"Home","item":"https:\/\/www.tortosaturisme.cat\/es\/"},{"@type":"ListItem","position":2,"name":"La huella de las culturas"}]},{"@type":"WebSite","@id":"https:\/\/www.tortosaturisme.cat\/es\/#website","url":"https:\/\/www.tortosaturisme.cat\/es\/","name":"tortosaturisme","description":"Otro sitio realizado con WordPress","potentialAction":[{"@type":"SearchAction","target":{"@type":"EntryPoint","urlTemplate":"https:\/\/www.tortosaturisme.cat\/es\/?s={search_term_string}"},"query-input":{"@type":"PropertyValueSpecification","valueRequired":true,"valueName":"search_term_string"}}],"inLanguage":"es"}]}},"_links":{"self":[{"href":"https:\/\/www.tortosaturisme.cat\/es\/wp-json\/wp\/v2\/pages\/4294","targetHints":{"allow":["GET"]}}],"collection":[{"href":"https:\/\/www.tortosaturisme.cat\/es\/wp-json\/wp\/v2\/pages"}],"about":[{"href":"https:\/\/www.tortosaturisme.cat\/es\/wp-json\/wp\/v2\/types\/page"}],"author":[{"embeddable":true,"href":"https:\/\/www.tortosaturisme.cat\/es\/wp-json\/wp\/v2\/users\/2"}],"replies":[{"embeddable":true,"href":"https:\/\/www.tortosaturisme.cat\/es\/wp-json\/wp\/v2\/comments?post=4294"}],"version-history":[{"count":14,"href":"https:\/\/www.tortosaturisme.cat\/es\/wp-json\/wp\/v2\/pages\/4294\/revisions"}],"predecessor-version":[{"id":15036,"href":"https:\/\/www.tortosaturisme.cat\/es\/wp-json\/wp\/v2\/pages\/4294\/revisions\/15036"}],"wp:attachment":[{"href":"https:\/\/www.tortosaturisme.cat\/es\/wp-json\/wp\/v2\/media?parent=4294"}],"curies":[{"name":"wp","href":"https:\/\/api.w.org\/{rel}","templated":true}]}}