{"id":4300,"date":"2018-02-13T19:46:18","date_gmt":"2018-02-13T19:46:18","guid":{"rendered":"http:\/\/tortosaturisme-preprod.incubaliadev.com\/es\/mostra-de-jazz\/"},"modified":"2020-08-15T15:10:58","modified_gmt":"2020-08-15T15:10:58","slug":"muestra-de-jazz","status":"publish","type":"page","link":"https:\/\/www.tortosaturisme.cat\/es\/muestra-de-jazz\/","title":{"rendered":"Muestra de Jazz"},"content":{"rendered":"<p>[vc_row][vc_column]<div class=\"vc-incubalia-image-huge\"><h1 class=\"vc-incubalia-image-huge__title\" style=\"font-size: 56px;\">Muestra de Jazz<\/h1><img decoding=\"async\" class=\"vc-incubalia-image-huge__mobile-picture\" src=\"https:\/\/www.tortosaturisme.cat\/wp-content\/uploads\/2018\/02\/1-jazz-mb.jpg\" alt=\"\"><img decoding=\"async\" class=\"vc-incubalia-image-huge__desktop-picture\" src=\"https:\/\/www.tortosaturisme.cat\/wp-content\/uploads\/2018\/02\/1-jazz-ds.jpg\" alt=\"\"><\/div>[\/vc_column][\/vc_row][vc_row][vc_column]<div class=\"vc-incubalia-text-1-column-subtitle\"><h2 class=\"vc-incubalia-text-1-column-subtitle__title\">Empieza el verano a ritmo de jazz<\/h2><div class=\"vc-incubalia-text-1-column-subtitle__text\"><\/p><br \/>\n<p style=\"text-align: center;\">Cenar tranquilamente en un restaurante degustando la buena cocina con una \u00edntima actuaci\u00f3n de jazz en vivo, disfrutar de un potente concierto que nos haga emocionarnos y levantarnos de nuestro asiento en el auditorio, escuchar actuaciones de jazz en entornos especiales como un museo modernista&#8230; Estas son algunas de les experiencias que se pueden vivir durante la <strong>Muestra de Jazz de Tortosa<\/strong>, los\u00a0<strong>primeros d\u00edas de julio.<\/strong><\/p><br \/>\n<p><\/div><\/div>[\/vc_column][\/vc_row][vc_row][vc_column]<div class=\"vc-incubalia-image-huge\"><img decoding=\"async\" class=\"vc-incubalia-image-huge__mobile-picture brightness-100\" src=\"https:\/\/www.tortosaturisme.cat\/wp-content\/uploads\/2018\/02\/2-jazz-mb.jpg\" alt=\"\"><img decoding=\"async\" class=\"vc-incubalia-image-huge__desktop-picture brightness-100\" src=\"https:\/\/www.tortosaturisme.cat\/wp-content\/uploads\/2018\/02\/2-jazz-ds.jpg\" alt=\"\"><\/div>[\/vc_column][\/vc_row][vc_row][vc_column]<div class=\"vc-incubalia-text-1-column-subtitle\"><div class=\"vc-incubalia-text-1-column-subtitle__text\"><\/p><br \/>\n<p style=\"text-align: center;\">Desde hace 25 a\u00f1os, Tortosa da la bienvenida al verano con la <strong>Muestra de Jazz<\/strong>, un festival veterano que presenta un cartel siempre variado y abierto a la buena m\u00fasica, y con un rigor y una cualidad que avalan su dilatada trayectoria. En las diferentes ediciones de la muestra, han pasado\u00a0<strong>artistas de prestigio internacional<\/strong> como Cucho Vald\u00e9s, Kyle Eastwood, Chick Corea, Michel Camillo, Marcus Miller, Arturo Sandoval, Tete Montoliu o Spyro Gyra, entre otros.<\/p><br \/>\n<p style=\"text-align: center;\">Con el esp\u00edritu de innovarse cada a\u00f1o, la muestra presenta <strong>grandes artistas de diferentes estilos<\/strong>, y no solo exclusivamente de jazz, con la vocaci\u00f3n de ofrecer conciertos de gran calidad y acercarse a p\u00fablicos m\u00e1s diversos con nombres internacionalmente conocidos.<\/p><br \/>\n<p><\/div><\/div><div class=\"vc-incubalia-text-image-full\"><div class=\"vc-incubalia-text-image-full__image-container\"><img decoding=\"async\" class=\"vc-incubalia-text-image-full__image-mobile\" alt=\"\" src=\"https:\/\/www.tortosaturisme.cat\/wp-content\/uploads\/2018\/02\/3-jazz-mb.jpg\"><img decoding=\"async\" class=\"vc-incubalia-text-image-full__image-desktop\" alt=\"\" src=\"https:\/\/www.tortosaturisme.cat\/wp-content\/uploads\/2018\/02\/3-jazz-ds.jpg\"><i class=\"arrow-down\"><\/i><\/div><div class=\"vc-incubalia-text-image-full__text-container\"><div class=\"vc-incubalia-text-image-full__text\"><\/div><\/div><\/div>[\/vc_column][\/vc_row][vc_row][vc_column]<div class=\"vc-incubalia-text-1-column-subtitle\"><h2 class=\"vc-incubalia-text-1-column-subtitle__title\">Jornadas de la Cocina Caj\u00fan<\/h2><h3 class=\"vc-incubalia-text-1-column-subtitle__subtitle\">Una combinaci\u00f3n \u00fanica<\/h3><div class=\"vc-incubalia-text-1-column-subtitle__text\"><\/p><br \/>\n<p style=\"text-align: center;\">Adem\u00e1s, durante los d\u00edas de la muestra, algunos restaurantes de la ciudad permiten<strong> disfrutar de la cocina de nuestra tierra y de la caj\u00fan<\/strong>, ya que desde hace m\u00e1s de una d\u00e9cada se ofrece esta <strong>combinaci\u00f3n exclusiva, \u00fanica en toda Europa<\/strong>. La cultura del Ebro y la del Misisip\u00ed se unen por su amor a la m\u00fasica.<\/p><br \/>\n<p><\/div><\/div>[\/vc_column][\/vc_row][vc_row][vc_column]<div class=\"vc-incubalia-3-images\"><h2 class=\"vc-incubalia-3-images__title\">Te recomendamos<\/h2><div class=\"vc-incubalia-3-images__image\"><a href=\"http:\/\/www.jazztortosa.com\/es\/\"><img decoding=\"async\" src=\"https:\/\/www.tortosaturisme.cat\/wp-content\/uploads\/2018\/02\/b-800-jazz.jpg\" alt=\"\"><\/a><a href=\"http:\/\/www.jazztortosa.com\/es\/\"><p class=\"vc-incubalia-3-images__image-title\">Web<\/p><\/a><p class=\"vc-incubalia-3-images__image-subtitle\">Toda la informaci\u00f3n de la Muestra de Jazz con su programaci\u00f3n, conciertos y compa\u00f1\u00edas que participan <\/p><\/div><div class=\"vc-incubalia-3-images__image\"><a href=\" \/es\/jornadas-de-la-cocina-cajun\/\"><img decoding=\"async\" src=\"https:\/\/www.tortosaturisme.cat\/wp-content\/uploads\/2018\/02\/b-800-menus-cajun.jpg\" alt=\"\"><\/a><a href=\" \/es\/jornadas-de-la-cocina-cajun\/\"><p class=\"vc-incubalia-3-images__image-title\">Jornadas de la Cocina Caj\u00fan<\/p><\/a><p class=\"vc-incubalia-3-images__image-subtitle\">Descubre una fusi\u00f3n entre les recetas del Ebro y de Nueva Orleans<\/p><\/div><div class=\"vc-incubalia-3-images__image\"><a href=\"\/es\/cultiva-el-arte-de-vivir\/ \"><img decoding=\"async\" src=\"https:\/\/www.tortosaturisme.cat\/wp-content\/uploads\/2018\/02\/b-800-cultiva-art-viure.jpg\" alt=\"\"><\/a><a href=\"\/es\/cultiva-el-arte-de-vivir\/ \"><p class=\"vc-incubalia-3-images__image-title\">Cultiva el arte de vivir<\/p><\/a><p class=\"vc-incubalia-3-images__image-subtitle\">Tortosa, una ciudad donde los placeres de la vida se encuentran. Solo hace falta que vengas<\/p><\/div><\/div>[\/vc_column][\/vc_row][vc_row][vc_column]<div class=\"vc-incubalia-4-images\"><h2 class=\"vc-incubalia-4-images__title\">Vive la ciudad y el territorio<\/h2><div class=\"vc-incubalia-4-images__image has-url\"\"><a href=\"\/es\/experiencias\/\"><img decoding=\"async\" src=\"https:\/\/www.tortosaturisme.cat\/wp-content\/uploads\/2018\/02\/b-900-visites-guiades.jpg\" alt=\"\"><\/a><div class=\"vc-incubalia-4-images__image-text-container\"><p class=\"vc-incubalia-4-images__image-title\">Experiencias <\/p><p class=\"vc-incubalia-4-images__image-subtitle\">Actividades culturales, de aventura, en grupo, para toda la familia y, sobretodo, \u00a1para disfrutar!<\/p><\/div><div class=\"vc-incubalia-4-images__image-url-container\"><span class=\"vc-incubalia-4-images__image-url\">Leer m\u00e1s<\/span><\/div><\/div><div class=\"vc-incubalia-4-images__image has-url\"\"><a href=\"\/es\/experiencias\/?experience-type=a-laire-lliure-es&list-view=cards\"><img decoding=\"async\" src=\"https:\/\/www.tortosaturisme.cat\/wp-content\/uploads\/2018\/02\/b-900-600-aire-lliure.jpg\" alt=\"\"><\/a><div class=\"vc-incubalia-4-images__image-text-container\"><p class=\"vc-incubalia-4-images__image-title\">Al aire libre<\/p><p class=\"vc-incubalia-4-images__image-subtitle\">Excursiones a pie, en 4x4 o en bici<\/p><\/div><div class=\"vc-incubalia-4-images__image-url-container\"><span class=\"vc-incubalia-4-images__image-url\">Leer m\u00e1s<\/span><\/div><\/div><div class=\"vc-incubalia-4-images__image has-url\"\"><a href=\"\/es\/experiencias\/?experience-type=al-riu-es&list-view=cards\"><img decoding=\"async\" src=\"https:\/\/www.tortosaturisme.cat\/wp-content\/uploads\/2018\/02\/b-900-navega.jpg\" alt=\"\"><\/a><div class=\"vc-incubalia-4-images__image-text-container\"><p class=\"vc-incubalia-4-images__image-title\">En el r\u00edo<\/p><p class=\"vc-incubalia-4-images__image-subtitle\">Navega en el la\u00fad o explora en piragua o kayak<\/p><\/div><div class=\"vc-incubalia-4-images__image-url-container\"><span class=\"vc-incubalia-4-images__image-url\">Leer m\u00e1s<\/span><\/div><\/div><div class=\"vc-incubalia-4-images__image has-url\"\"><a href=\"\/es\/home-pareja\/\"><img decoding=\"async\" src=\"https:\/\/www.tortosaturisme.cat\/wp-content\/uploads\/2018\/02\/b-900-un-dia.jpg\" alt=\"\"><\/a><div class=\"vc-incubalia-4-images__image-text-container\"><p class=\"vc-incubalia-4-images__image-title\">En pareja<\/p><p class=\"vc-incubalia-4-images__image-subtitle\">Una visita inolvidable <\/p><\/div><div class=\"vc-incubalia-4-images__image-url-container\"><span class=\"vc-incubalia-4-images__image-url\">Leer m\u00e1s<\/span><\/div><\/div><\/div>[\/vc_column][\/vc_row]<\/p>\n","protected":false},"excerpt":{"rendered":"<p>[vc_row][vc_column][\/vc_column][\/vc_row][vc_row][vc_column][\/vc_column][\/vc_row][vc_row][vc_column][\/vc_column][\/vc_row][vc_row][vc_column][\/vc_column][\/vc_row][vc_row][vc_column][\/vc_column][\/vc_row][vc_row][vc_column][\/vc_column][\/vc_row][vc_row][vc_column][\/vc_column][\/vc_row]<\/p>\n","protected":false},"author":2,"featured_media":0,"parent":0,"menu_order":307,"comment_status":"closed","ping_status":"closed","template":"","meta":{"footnotes":""},"class_list":["post-4300","page","type-page","status-publish","hentry"],"acf":[],"yoast_head":"<!-- This site is optimized with the Yoast SEO plugin v27.5 - https:\/\/yoast.com\/product\/yoast-seo-wordpress\/ -->\n<title>Muestra de Jazz - Tortosa Turisme<\/title>\n<meta name=\"description\" content=\"Uno de los festivales de mayor trayectoria en la ciudad, que a lo largo de sus diferentes ediciones ha ofrecido conciertos de artistas de gran renombre, tales como Cucho Vald\u00e9s, Kyle Eastwood, Chick Corea, Michel Camillo, Marcus Miller, Arturo Sandoval, Tete Montoliu o Spyro Gyra, entre otros.\" \/>\n<meta name=\"robots\" content=\"index, follow, max-snippet:-1, max-image-preview:large, max-video-preview:-1\" \/>\n<link rel=\"canonical\" href=\"https:\/\/www.tortosaturisme.cat\/es\/muestra-de-jazz\/\" \/>\n<meta property=\"og:locale\" content=\"es_ES\" \/>\n<meta property=\"og:type\" content=\"article\" \/>\n<meta property=\"og:title\" content=\"Muestra de Jazz - Tortosa Turisme\" \/>\n<meta property=\"og:description\" content=\"Uno de los festivales de mayor trayectoria en la ciudad, que a lo largo de sus diferentes ediciones ha ofrecido conciertos de artistas de gran renombre, tales como Cucho Vald\u00e9s, Kyle Eastwood, Chick Corea, Michel Camillo, Marcus Miller, Arturo Sandoval, Tete Montoliu o Spyro Gyra, entre otros.\" \/>\n<meta property=\"og:url\" content=\"https:\/\/www.tortosaturisme.cat\/es\/muestra-de-jazz\/\" \/>\n<meta property=\"og:site_name\" content=\"tortosaturisme\" \/>\n<meta property=\"article:modified_time\" content=\"2020-08-15T15:10:58+00:00\" \/>\n<meta name=\"twitter:card\" content=\"summary_large_image\" \/>\n<meta name=\"twitter:label1\" content=\"Tiempo de lectura\" \/>\n\t<meta name=\"twitter:data1\" content=\"3 minutos\" \/>\n<script type=\"application\/ld+json\" class=\"yoast-schema-graph\">{\"@context\":\"https:\\\/\\\/schema.org\",\"@graph\":[{\"@type\":\"WebPage\",\"@id\":\"https:\\\/\\\/www.tortosaturisme.cat\\\/es\\\/muestra-de-jazz\\\/\",\"url\":\"https:\\\/\\\/www.tortosaturisme.cat\\\/es\\\/muestra-de-jazz\\\/\",\"name\":\"Muestra de Jazz - Tortosa Turisme\",\"isPartOf\":{\"@id\":\"https:\\\/\\\/www.tortosaturisme.cat\\\/es\\\/#website\"},\"datePublished\":\"2018-02-13T19:46:18+00:00\",\"dateModified\":\"2020-08-15T15:10:58+00:00\",\"description\":\"Uno de los festivales de mayor trayectoria en la ciudad, que a lo largo de sus diferentes ediciones ha ofrecido conciertos de artistas de gran renombre, tales como Cucho Vald\u00e9s, Kyle Eastwood, Chick Corea, Michel Camillo, Marcus Miller, Arturo Sandoval, Tete Montoliu o Spyro Gyra, entre otros.\",\"breadcrumb\":{\"@id\":\"https:\\\/\\\/www.tortosaturisme.cat\\\/es\\\/muestra-de-jazz\\\/#breadcrumb\"},\"inLanguage\":\"es\",\"potentialAction\":[{\"@type\":\"ReadAction\",\"target\":[\"https:\\\/\\\/www.tortosaturisme.cat\\\/es\\\/muestra-de-jazz\\\/\"]}]},{\"@type\":\"BreadcrumbList\",\"@id\":\"https:\\\/\\\/www.tortosaturisme.cat\\\/es\\\/muestra-de-jazz\\\/#breadcrumb\",\"itemListElement\":[{\"@type\":\"ListItem\",\"position\":1,\"name\":\"Home\",\"item\":\"https:\\\/\\\/www.tortosaturisme.cat\\\/es\\\/\"},{\"@type\":\"ListItem\",\"position\":2,\"name\":\"Muestra de Jazz\"}]},{\"@type\":\"WebSite\",\"@id\":\"https:\\\/\\\/www.tortosaturisme.cat\\\/es\\\/#website\",\"url\":\"https:\\\/\\\/www.tortosaturisme.cat\\\/es\\\/\",\"name\":\"tortosaturisme\",\"description\":\"Otro sitio realizado con WordPress\",\"potentialAction\":[{\"@type\":\"SearchAction\",\"target\":{\"@type\":\"EntryPoint\",\"urlTemplate\":\"https:\\\/\\\/www.tortosaturisme.cat\\\/es\\\/?s={search_term_string}\"},\"query-input\":{\"@type\":\"PropertyValueSpecification\",\"valueRequired\":true,\"valueName\":\"search_term_string\"}}],\"inLanguage\":\"es\"}]}<\/script>\n<!-- \/ Yoast SEO plugin. -->","yoast_head_json":{"title":"Muestra de Jazz - Tortosa Turisme","description":"Uno de los festivales de mayor trayectoria en la ciudad, que a lo largo de sus diferentes ediciones ha ofrecido conciertos de artistas de gran renombre, tales como Cucho Vald\u00e9s, Kyle Eastwood, Chick Corea, Michel Camillo, Marcus Miller, Arturo Sandoval, Tete Montoliu o Spyro Gyra, entre otros.","robots":{"index":"index","follow":"follow","max-snippet":"max-snippet:-1","max-image-preview":"max-image-preview:large","max-video-preview":"max-video-preview:-1"},"canonical":"https:\/\/www.tortosaturisme.cat\/es\/muestra-de-jazz\/","og_locale":"es_ES","og_type":"article","og_title":"Muestra de Jazz - Tortosa Turisme","og_description":"Uno de los festivales de mayor trayectoria en la ciudad, que a lo largo de sus diferentes ediciones ha ofrecido conciertos de artistas de gran renombre, tales como Cucho Vald\u00e9s, Kyle Eastwood, Chick Corea, Michel Camillo, Marcus Miller, Arturo Sandoval, Tete Montoliu o Spyro Gyra, entre otros.","og_url":"https:\/\/www.tortosaturisme.cat\/es\/muestra-de-jazz\/","og_site_name":"tortosaturisme","article_modified_time":"2020-08-15T15:10:58+00:00","twitter_card":"summary_large_image","twitter_misc":{"Tiempo de lectura":"3 minutos"},"schema":{"@context":"https:\/\/schema.org","@graph":[{"@type":"WebPage","@id":"https:\/\/www.tortosaturisme.cat\/es\/muestra-de-jazz\/","url":"https:\/\/www.tortosaturisme.cat\/es\/muestra-de-jazz\/","name":"Muestra de Jazz - Tortosa Turisme","isPartOf":{"@id":"https:\/\/www.tortosaturisme.cat\/es\/#website"},"datePublished":"2018-02-13T19:46:18+00:00","dateModified":"2020-08-15T15:10:58+00:00","description":"Uno de los festivales de mayor trayectoria en la ciudad, que a lo largo de sus diferentes ediciones ha ofrecido conciertos de artistas de gran renombre, tales como Cucho Vald\u00e9s, Kyle Eastwood, Chick Corea, Michel Camillo, Marcus Miller, Arturo Sandoval, Tete Montoliu o Spyro Gyra, entre otros.","breadcrumb":{"@id":"https:\/\/www.tortosaturisme.cat\/es\/muestra-de-jazz\/#breadcrumb"},"inLanguage":"es","potentialAction":[{"@type":"ReadAction","target":["https:\/\/www.tortosaturisme.cat\/es\/muestra-de-jazz\/"]}]},{"@type":"BreadcrumbList","@id":"https:\/\/www.tortosaturisme.cat\/es\/muestra-de-jazz\/#breadcrumb","itemListElement":[{"@type":"ListItem","position":1,"name":"Home","item":"https:\/\/www.tortosaturisme.cat\/es\/"},{"@type":"ListItem","position":2,"name":"Muestra de Jazz"}]},{"@type":"WebSite","@id":"https:\/\/www.tortosaturisme.cat\/es\/#website","url":"https:\/\/www.tortosaturisme.cat\/es\/","name":"tortosaturisme","description":"Otro sitio realizado con WordPress","potentialAction":[{"@type":"SearchAction","target":{"@type":"EntryPoint","urlTemplate":"https:\/\/www.tortosaturisme.cat\/es\/?s={search_term_string}"},"query-input":{"@type":"PropertyValueSpecification","valueRequired":true,"valueName":"search_term_string"}}],"inLanguage":"es"}]}},"_links":{"self":[{"href":"https:\/\/www.tortosaturisme.cat\/es\/wp-json\/wp\/v2\/pages\/4300","targetHints":{"allow":["GET"]}}],"collection":[{"href":"https:\/\/www.tortosaturisme.cat\/es\/wp-json\/wp\/v2\/pages"}],"about":[{"href":"https:\/\/www.tortosaturisme.cat\/es\/wp-json\/wp\/v2\/types\/page"}],"author":[{"embeddable":true,"href":"https:\/\/www.tortosaturisme.cat\/es\/wp-json\/wp\/v2\/users\/2"}],"replies":[{"embeddable":true,"href":"https:\/\/www.tortosaturisme.cat\/es\/wp-json\/wp\/v2\/comments?post=4300"}],"version-history":[{"count":14,"href":"https:\/\/www.tortosaturisme.cat\/es\/wp-json\/wp\/v2\/pages\/4300\/revisions"}],"predecessor-version":[{"id":15615,"href":"https:\/\/www.tortosaturisme.cat\/es\/wp-json\/wp\/v2\/pages\/4300\/revisions\/15615"}],"wp:attachment":[{"href":"https:\/\/www.tortosaturisme.cat\/es\/wp-json\/wp\/v2\/media?parent=4300"}],"curies":[{"name":"wp","href":"https:\/\/api.w.org\/{rel}","templated":true}]}}