{"id":5173,"date":"2018-02-23T10:40:50","date_gmt":"2018-02-23T10:40:50","guid":{"rendered":"http:\/\/tortosaturisme-preprod.incubaliadev.com\/es\/serveis\/"},"modified":"2020-07-16T14:13:17","modified_gmt":"2020-07-16T14:13:17","slug":"servicios","status":"publish","type":"page","link":"https:\/\/www.tortosaturisme.cat\/es\/servicios\/","title":{"rendered":"Servicios"},"content":{"rendered":"<p>[vc_row][vc_column]<div class=\"vc-incubalia-small-header\"><h1 class=\"vc-incubalia-small-header__title\">Servicios<\/h1><img decoding=\"async\" class=\"vc-incubalia-small-header__mobile-picture\" src=\"https:\/\/www.tortosaturisme.cat\/wp-content\/uploads\/2018\/02\/1-serveis-mb.jpg\">\n                  <img decoding=\"async\" class=\"vc-incubalia-small-header__desktop-picture\" src=\"https:\/\/www.tortosaturisme.cat\/wp-content\/uploads\/2018\/02\/1-serveis-ds.jpg\"><\/div>[\/vc_column][\/vc_row][vc_row][vc_column width=\u00bb1\/2&#8243;]<div class=\"vc-incubalia-text-1-column\"><h2 class=\"vc-incubalia-text-1-column__title\"><span class=\"first-word\">Urgencias<\/span> 24 h<\/h2><div class=\"vc-incubalia-text-1-column__text\"><strong>Hospital Verge de la Cinta<\/strong><br \/><br \/>\nCarrer de les Esplanetes, 14<br \/><br \/>\n43500 Tortosa<br \/><br \/>\nTel. 00 34 977 51 91 00<br \/><br \/>\nUrg\u00e8ncies: 112<\/p><br \/>\n<p><a href=\"http:\/\/www.icsebre.cat\/wg\/index.php\/htvc\/\">Web<\/a><\/p><br \/>\n<p>&nbsp;<\/p><br \/>\n<p><strong>Cl\u00ednica Terres de l&#8217;Ebre<br \/><br \/>\n<\/strong>Pla\u00e7a 1 d&#8217;octubre, 6-8<br \/><br \/>\n43500 Tortosa<br \/><br \/>\nTel. 00 34 977 58 82 00<br \/><br \/>\nclinicatortosa@grupsagessa.cat<\/p><br \/>\n<p><a href=\"http:\/\/clinicaterresebre.cat\/?p=95\">Web<\/a><\/p><br \/>\n<p>&nbsp;<\/p><br \/>\n<p><strong>CAP El Temple<br \/><br \/>\n<\/strong>Av. de la Generalitat, s\/n<br \/><br \/>\n43500 Tortosa<br \/><br \/>\nTel\u00e8fon d\u2019urg\u00e8ncies: 00 34 977 51 07 51<\/p><br \/>\n<p><a href=\"http:\/\/www.icsebre.cat\/wg\/index.php\/cap-el-temple\/\">Web<\/a><\/div><\/div><script>\n            (function($) {\n                $(function() {\n                    $(\".vc_col-sm-6\").parent(\".vc_row\").addClass(\"vc_layout_2\");\n                });\n            })(jQuery);\n            <\/script>[\/vc_column][vc_column width=\u00bb1\/2&#8243;]<div class=\"vc-incubalia-text-1-column\"><h2 class=\"vc-incubalia-text-1-column__title\"><span class=\"first-word\">Farmacias<\/span> de guardia<\/h2><div class=\"vc-incubalia-text-1-column__text\">En la p\u00e1gina web del <strong>Col\u00b7legi Oficial de Farmac\u00e8utics de Tarragona<\/strong> encontrar\u00e9is qu\u00e9 farmacia est\u00e1 hoy de guardia.<\/p><br \/>\n<p><a href=\"http:\/\/www.coft.org\/font\/gpobles.php?CODI=34\">Ver web<\/a><\/div><\/div><script>\n            (function($) {\n                $(function() {\n                    $(\".vc_col-sm-6\").parent(\".vc_row\").addClass(\"vc_layout_2\");\n                });\n            })(jQuery);\n            <\/script><div class=\"vc-incubalia-text-1-column\"><h2 class=\"vc-incubalia-text-1-column__title\"><span class=\"first-word\">Fuerzas<\/span> y cuerpos de seguridad<\/h2><div class=\"vc-incubalia-text-1-column__text\"><strong>Mossos d&#8217;Esquadra<\/strong><br \/><br \/>\nCarrer de Ferran Arasa, 5-7<br \/><br \/>\nTel. 977 92 31 20<br \/><br \/>\nEmerg\u00e8ncies: 112<\/p><br \/>\n<p>&nbsp;<\/p><br \/>\n<p><strong>Policia Local<\/strong><br \/><br \/>\nPla\u00e7a Immaculada,16<br \/><br \/>\nTel. 977448622<br \/><br \/>\nEmerg\u00e8ncies: 092 i 112<\/p><br \/>\n<p>&nbsp;<\/p><br \/>\n<p><strong>Guardia Civil<br \/><br \/>\n<\/strong>Av. Colom , 28-32<br \/><br \/>\n43500 Tortosa<br \/><br \/>\nTel. 00 34 977 50 01 08<br \/><br \/>\nEmerg\u00e8ncies: 112<\/p><br \/>\n<p>&nbsp;<\/p><br \/>\n<p><strong>Policia Nacional<br \/><br \/>\n<\/strong>Passeig de Joan Moreira, 3<br \/><br \/>\nTel. 00 34 977 44 97 31<br \/><br \/>\nTel de den\u00fancies per a turistes estrangers 902 102 112<br \/><br \/>\nEmerg\u00e8ncies: 112<\/p><br \/>\n<p>&nbsp;<\/p><br \/>\n<p><strong>Protecci\u00f3 Civil a les Terres de l&#8217;Ebre<br \/><br \/>\n<\/strong>Pla\u00e7a de Gerard Verg\u00e9s, 1<br \/><br \/>\nTel. 977 44 12 34<br \/><br \/>\nEmerg\u00e8ncies: 112<\/div><\/div><script>\n            (function($) {\n                $(function() {\n                    $(\".vc_col-sm-6\").parent(\".vc_row\").addClass(\"vc_layout_2\");\n                });\n            })(jQuery);\n            <\/script>[\/vc_column][\/vc_row]<\/p>\n","protected":false},"excerpt":{"rendered":"<p>[vc_row][vc_column][\/vc_column][\/vc_row][vc_row][vc_column width=\u00bb1\/2&#8243;][\/vc_column][vc_column width=\u00bb1\/2&#8243;][\/vc_column][\/vc_row]<\/p>\n","protected":false},"author":2,"featured_media":0,"parent":0,"menu_order":253,"comment_status":"closed","ping_status":"closed","template":"","meta":{"footnotes":""},"class_list":["post-5173","page","type-page","status-publish","hentry"],"acf":[],"yoast_head":"<!-- This site is optimized with the Yoast SEO plugin v27.3 - https:\/\/yoast.com\/product\/yoast-seo-wordpress\/ -->\n<title>Servicios de la ciudad - Tortosa Turisme<\/title>\n<meta name=\"description\" content=\"Informaci\u00f3n de contacto de los servicios de urgencias, farmacias y cuerpos de seguridad en el caso de necesitar ayuda.\" \/>\n<meta name=\"robots\" content=\"index, follow, max-snippet:-1, max-image-preview:large, max-video-preview:-1\" \/>\n<link rel=\"canonical\" href=\"https:\/\/www.tortosaturisme.cat\/es\/servicios\/\" \/>\n<meta property=\"og:locale\" content=\"es_ES\" \/>\n<meta property=\"og:type\" content=\"article\" \/>\n<meta property=\"og:title\" content=\"Servicios de la ciudad - Tortosa Turisme\" \/>\n<meta property=\"og:description\" content=\"Informaci\u00f3n de contacto de los servicios de urgencias, farmacias y cuerpos de seguridad en el caso de necesitar ayuda.\" \/>\n<meta property=\"og:url\" content=\"https:\/\/www.tortosaturisme.cat\/es\/servicios\/\" \/>\n<meta property=\"og:site_name\" content=\"tortosaturisme\" \/>\n<meta property=\"article:modified_time\" content=\"2020-07-16T14:13:17+00:00\" \/>\n<meta name=\"twitter:card\" content=\"summary_large_image\" \/>\n<meta name=\"twitter:label1\" content=\"Tiempo de lectura\" \/>\n\t<meta name=\"twitter:data1\" content=\"1 minuto\" \/>\n<script type=\"application\/ld+json\" class=\"yoast-schema-graph\">{\"@context\":\"https:\\\/\\\/schema.org\",\"@graph\":[{\"@type\":\"WebPage\",\"@id\":\"https:\\\/\\\/www.tortosaturisme.cat\\\/es\\\/servicios\\\/\",\"url\":\"https:\\\/\\\/www.tortosaturisme.cat\\\/es\\\/servicios\\\/\",\"name\":\"Servicios de la ciudad - Tortosa Turisme\",\"isPartOf\":{\"@id\":\"https:\\\/\\\/www.tortosaturisme.cat\\\/es\\\/#website\"},\"datePublished\":\"2018-02-23T10:40:50+00:00\",\"dateModified\":\"2020-07-16T14:13:17+00:00\",\"description\":\"Informaci\u00f3n de contacto de los servicios de urgencias, farmacias y cuerpos de seguridad en el caso de necesitar ayuda.\",\"breadcrumb\":{\"@id\":\"https:\\\/\\\/www.tortosaturisme.cat\\\/es\\\/servicios\\\/#breadcrumb\"},\"inLanguage\":\"es\",\"potentialAction\":[{\"@type\":\"ReadAction\",\"target\":[\"https:\\\/\\\/www.tortosaturisme.cat\\\/es\\\/servicios\\\/\"]}]},{\"@type\":\"BreadcrumbList\",\"@id\":\"https:\\\/\\\/www.tortosaturisme.cat\\\/es\\\/servicios\\\/#breadcrumb\",\"itemListElement\":[{\"@type\":\"ListItem\",\"position\":1,\"name\":\"Home\",\"item\":\"https:\\\/\\\/www.tortosaturisme.cat\\\/es\\\/\"},{\"@type\":\"ListItem\",\"position\":2,\"name\":\"Servicios\"}]},{\"@type\":\"WebSite\",\"@id\":\"https:\\\/\\\/www.tortosaturisme.cat\\\/es\\\/#website\",\"url\":\"https:\\\/\\\/www.tortosaturisme.cat\\\/es\\\/\",\"name\":\"tortosaturisme\",\"description\":\"Otro sitio realizado con WordPress\",\"potentialAction\":[{\"@type\":\"SearchAction\",\"target\":{\"@type\":\"EntryPoint\",\"urlTemplate\":\"https:\\\/\\\/www.tortosaturisme.cat\\\/es\\\/?s={search_term_string}\"},\"query-input\":{\"@type\":\"PropertyValueSpecification\",\"valueRequired\":true,\"valueName\":\"search_term_string\"}}],\"inLanguage\":\"es\"}]}<\/script>\n<!-- \/ Yoast SEO plugin. -->","yoast_head_json":{"title":"Servicios de la ciudad - Tortosa Turisme","description":"Informaci\u00f3n de contacto de los servicios de urgencias, farmacias y cuerpos de seguridad en el caso de necesitar ayuda.","robots":{"index":"index","follow":"follow","max-snippet":"max-snippet:-1","max-image-preview":"max-image-preview:large","max-video-preview":"max-video-preview:-1"},"canonical":"https:\/\/www.tortosaturisme.cat\/es\/servicios\/","og_locale":"es_ES","og_type":"article","og_title":"Servicios de la ciudad - Tortosa Turisme","og_description":"Informaci\u00f3n de contacto de los servicios de urgencias, farmacias y cuerpos de seguridad en el caso de necesitar ayuda.","og_url":"https:\/\/www.tortosaturisme.cat\/es\/servicios\/","og_site_name":"tortosaturisme","article_modified_time":"2020-07-16T14:13:17+00:00","twitter_card":"summary_large_image","twitter_misc":{"Tiempo de lectura":"1 minuto"},"schema":{"@context":"https:\/\/schema.org","@graph":[{"@type":"WebPage","@id":"https:\/\/www.tortosaturisme.cat\/es\/servicios\/","url":"https:\/\/www.tortosaturisme.cat\/es\/servicios\/","name":"Servicios de la ciudad - Tortosa Turisme","isPartOf":{"@id":"https:\/\/www.tortosaturisme.cat\/es\/#website"},"datePublished":"2018-02-23T10:40:50+00:00","dateModified":"2020-07-16T14:13:17+00:00","description":"Informaci\u00f3n de contacto de los servicios de urgencias, farmacias y cuerpos de seguridad en el caso de necesitar ayuda.","breadcrumb":{"@id":"https:\/\/www.tortosaturisme.cat\/es\/servicios\/#breadcrumb"},"inLanguage":"es","potentialAction":[{"@type":"ReadAction","target":["https:\/\/www.tortosaturisme.cat\/es\/servicios\/"]}]},{"@type":"BreadcrumbList","@id":"https:\/\/www.tortosaturisme.cat\/es\/servicios\/#breadcrumb","itemListElement":[{"@type":"ListItem","position":1,"name":"Home","item":"https:\/\/www.tortosaturisme.cat\/es\/"},{"@type":"ListItem","position":2,"name":"Servicios"}]},{"@type":"WebSite","@id":"https:\/\/www.tortosaturisme.cat\/es\/#website","url":"https:\/\/www.tortosaturisme.cat\/es\/","name":"tortosaturisme","description":"Otro sitio realizado con WordPress","potentialAction":[{"@type":"SearchAction","target":{"@type":"EntryPoint","urlTemplate":"https:\/\/www.tortosaturisme.cat\/es\/?s={search_term_string}"},"query-input":{"@type":"PropertyValueSpecification","valueRequired":true,"valueName":"search_term_string"}}],"inLanguage":"es"}]}},"_links":{"self":[{"href":"https:\/\/www.tortosaturisme.cat\/es\/wp-json\/wp\/v2\/pages\/5173","targetHints":{"allow":["GET"]}}],"collection":[{"href":"https:\/\/www.tortosaturisme.cat\/es\/wp-json\/wp\/v2\/pages"}],"about":[{"href":"https:\/\/www.tortosaturisme.cat\/es\/wp-json\/wp\/v2\/types\/page"}],"author":[{"embeddable":true,"href":"https:\/\/www.tortosaturisme.cat\/es\/wp-json\/wp\/v2\/users\/2"}],"replies":[{"embeddable":true,"href":"https:\/\/www.tortosaturisme.cat\/es\/wp-json\/wp\/v2\/comments?post=5173"}],"version-history":[{"count":7,"href":"https:\/\/www.tortosaturisme.cat\/es\/wp-json\/wp\/v2\/pages\/5173\/revisions"}],"predecessor-version":[{"id":14879,"href":"https:\/\/www.tortosaturisme.cat\/es\/wp-json\/wp\/v2\/pages\/5173\/revisions\/14879"}],"wp:attachment":[{"href":"https:\/\/www.tortosaturisme.cat\/es\/wp-json\/wp\/v2\/media?parent=5173"}],"curies":[{"name":"wp","href":"https:\/\/api.w.org\/{rel}","templated":true}]}}