{"id":6807,"date":"2018-03-02T12:04:51","date_gmt":"2018-03-02T12:04:51","guid":{"rendered":"https:\/\/www.tortosaturisme.cat\/es\/el-setge-de-tortosa\/"},"modified":"2023-09-28T09:36:15","modified_gmt":"2023-09-28T09:36:15","slug":"el-sitio-de-tortosa","status":"publish","type":"page","link":"https:\/\/www.tortosaturisme.cat\/es\/el-sitio-de-tortosa\/","title":{"rendered":"El sitio de Tortosa"},"content":{"rendered":"<p>[vc_row][vc_column]<div class=\"vc-incubalia-video-full-width\"><img decoding=\"async\" class=\"vc-incubalia-video-full-width__image-mobile\" src=\"https:\/\/www.tortosaturisme.cat\/wp-content\/uploads\/2023\/09\/Setge-1920x500-web--768x350.jpg\"><img decoding=\"async\" class=\"vc-incubalia-video-full-width__image-desktop\" src=\"https:\/\/www.tortosaturisme.cat\/wp-content\/uploads\/2023\/09\/Setge-1920x500-web-1-1-1920x550.jpg\"><div id=\"f0eb1ad043\" class=\"vc-incubalia-video-full-width__play-button\"><img decoding=\"async\" class=\"play-button\" src=\"https:\/\/www.tortosaturisme.cat\/wp-content\/plugins\/vc-incubalia-elements\/elements\/..\/assets\/img\/video-play.png\"><\/div><div class=\"vc-incubalia-video-full-width__youtube-iframe\"><iframe loading=\"lazy\" width=\"560\" height=\"315\" src=\"https:\/\/www.youtube.com\/embed\/RcvR0I0Tt-k\" frameborder=\"0\" allowfullscreen><\/iframe><\/div><\/div><script>(function($) {\n                $(function() {\n                    $('#f0eb1ad043').on('click', function() {\n                        $(this).parent().parent().find('.vc-incubalia-video-full-width').addClass('play');\n                        \/\/$(this).parent().parent().find('.vc-incubalia-video-full-width__youtube-iframe iframe').attr('src', $('.vc-incubalia-video-full-width__youtube-iframe iframe').attr('src') + '?autoplay=1');\n                    });\n                });\n\n                $(window).load(function() {\n                    height = $('.vc-incubalia-video-full-width').height();\n                    setYoutubeIframeDimensions();\n                });\n\n                $(window).resize(function() {\n                    setYoutubeIframeDimensions();\n                });\n\n                function setYoutubeIframeDimensions()\n                {\n                    if ($('.vc-incubalia-video-full-width').height() > 0) {\n                        height = $('.vc-incubalia-video-full-width').height();\n                    }\n                    $('.vc-incubalia-video-full-width__youtube-iframe iframe').attr('height', height);\n                    let width = height * 16 \/ 9;\n                    $('.vc-incubalia-video-full-width__youtube-iframe iframe').attr('width', width);\n                }\n            })(jQuery)<\/script>[\/vc_column][\/vc_row][vc_row][vc_column]<div class=\"vc-incubalia-text-1-column-subtitle\"><h2 class=\"vc-incubalia-text-1-column-subtitle__title\">1708, EL SITIO DE TORTOSA<\/h2><h3 class=\"vc-incubalia-text-1-column-subtitle__subtitle\">El destino de un pa\u00eds esta en juego. <\/h3><div class=\"vc-incubalia-text-1-column-subtitle__text\"><strong>Tortosa, 8 de julio de 1708. La ciudad se encuentra al l\u00edmite de sus fuerzas.<\/strong> V\u00edctima de un sitio feroz, ha resistido contra todo pron\u00f3stico al ej\u00e9rcito borb\u00f3nico con un \u00fanico objetivo: la defensa de les instituciones catalanas. Durante la vigilia de la batalla que decidir\u00e1 el futuro de la ciudad y del pa\u00eds, s\u00f3lo se contempla un \u00fanico desenlace: <strong>vencer o morir.<\/strong><\/p><br \/>\n<p><strong>Revive los \u00faltimos d\u00edas del Sitio de Tortosa.<\/strong> El olor a p\u00f3lvora y los desfiles de tropas volver\u00e1n a llenar las calles de la ciudad para recrear uno de los per\u00edodos m\u00e1s decisivos de la historia de Catalu\u00f1a: la Guerra de Sucesi\u00f3n.\u00a0 Vive en directo la batalla definitiva que puso fin a uno de los sitios m\u00e1s crudos de nuestro pasado, visita el campamento de los Miquelets para ver c\u00f3mo era el d\u00eda a d\u00eda de una ciudad bajo el sitio y\u00a0 descubre las fortificaciones de Tortosa de la mano de aquellos que la defendieron.<\/p><br \/>\n<p>Los Miquelets de Catalu\u00f1a ser\u00e1n los protagonistas de estas<b>\u00a0jornadas que combinan recreaci\u00f3n hist\u00f3rica y\u00a0 divulgaci\u00f3n de la historia y el patrimonio de la ciudad<\/b>, conjuntamente con los Amics dels Castells.<\/div><\/div>[\/vc_column][\/vc_row][vc_row][vc_column]<div class=\"vc-incubalia-text-image-full\"><div class=\"vc-incubalia-text-image-full__image-container\"><img decoding=\"async\" class=\"vc-incubalia-text-image-full__image-mobile\" alt=\"\" src=\"https:\/\/www.tortosaturisme.cat\/wp-content\/uploads\/2023\/09\/Setge-20231920x550-1-768x350.jpg\"><img decoding=\"async\" class=\"vc-incubalia-text-image-full__image-desktop\" alt=\"\" src=\"https:\/\/www.tortosaturisme.cat\/wp-content\/uploads\/2023\/09\/Diseno-sin-titulo13-1920x550.jpg\"><h2 class=\"vc-incubalia-text-image-full__title\">PROGRAMA<\/h2><i class=\"arrow-down\"><\/i><\/div><div class=\"vc-incubalia-text-image-full__text-container\"><div class=\"vc-incubalia-text-image-full__text\"><\/div><\/div><\/div>[\/vc_column][\/vc_row][vc_row][vc_column]<div class=\"vc-incubalia-text-1-column\"><h2 class=\"vc-incubalia-text-1-column__title\"><span class=\"first-word\">S\u00c1BADO<\/span> 30 DE SEPTIEMBRE: LA RESISTENCIA, VIVIREMOS LIBRES... \u00a1O MORIREMOS!<\/h2><div class=\"vc-incubalia-text-1-column__text\"><strong>10:30. Exhibici\u00f3n de armas.<\/strong> Desfile de las fuerzas que participar\u00e1n en la recreaci\u00f3n. Plaza Moss\u00e8n Sol, calle Mart\u00ed Miralles, plaza Estudis, calle de la Merc\u00e8, plaza de la Cinta, calle de la Rosa, plaza Aqust\u00ed Querol, calle Sant Blai, calle Teodor Gonz\u00e0lez, avenida Generalitat, calle Dr. Vil\u00e0 y Plaza Espa\u00f1a.<\/p><br \/>\n<p><strong>11:00 h. Recepci\u00f3n y revisi\u00f3n de las tropas por parte de las autoridades.<\/strong> Exhibici\u00f3n de los regimientos participantes en el Sitio con salvas de honor. Presentaci\u00f3n de los batallones hist\u00f3ricos que combatir\u00e1n por el dominio de Tortosa. <strong>Lugar: Plaza del Ayuntamiento.<\/strong><\/p><br \/>\n<p><strong>11:30 h. Salvas de honor.<\/strong> Disparo conjunto de todos los fusileros participantes. <strong>Lugar: Plaza del Ayuntamiento.<\/strong><\/p><br \/>\n<p><strong>12:00. Exhibici\u00f3n de armas.<\/strong> Desfile camino a la batalla. Plaza del Ayuntamiento, calle Sebina, avenida Generalitat, puente de l&#8217;Estat, calle Llarga de Sant Vicent y calle Alfara.<\/p><br \/>\n<p><strong>12:30 h. Batalla fluvial.<\/strong> Las tropas borb\u00f3nicas toman posiciones en la orilla derecha del r\u00edo mientras las fuerzas austriacistas intentan evitarlo. Lugar: playa fluvial de Ferreries.<\/p><br \/>\n<p><strong>13:45 h. Foto de familia de todos los participantes en la recreaci\u00f3n del Sitio de Tortosa.<\/strong> Lugar: escalinatas de la catedral.<\/p><br \/>\n<p><strong>16:30 a 18:30.<\/strong> Puertas abiertas en el espacio interpretativo de las Avanzadas de Sant Joan. Organiza: Amigos de los Castillos y el N\u00facleo Antiguo. Lugar: Espacio interpretativo Avanzadas de Sant Joan, primer foso.<\/p><br \/>\n<p><strong>De 17:00 a 18:15 h. Campamentos austriacistas y borb\u00f3nicos, recreaci\u00f3n de la vida civil y militar<\/strong>. Los dos ej\u00e9rcitos est\u00e1n cara a cara en los momentos previos al choque. <strong>Lugar: Patio de armas de las Avanzadas de Sant Joan.<\/strong><\/p><br \/>\n<p><strong>De 17:00 a 18:00 h. Rondas de guardia y bando de guardia<\/strong>. Lugar: campamento de Miquelets de Catalu\u00f1a, Avanzadas de Sant Joan.<\/p><br \/>\n<p><strong>17:30 h. Presentaci\u00f3n de la intervenci\u00f3n en el espacio interpretativo<\/strong> de las Avanzadas de Sant Joan a cargo de <strong>Oscar Cid<\/strong>, autor de la planificaci\u00f3n del proyecto. Organiza: Amigos de los Castillos y el N\u00facleo Antiguo. <strong>Lugar: Espacio interpretativo Avanzadas de Sant Joan, primer foso.<\/strong><\/p><br \/>\n<p><strong>18:30 h. Recreaci\u00f3n del Sitio de Tortosa<\/strong>: primer asalto borb\u00f3nico a las Avanzadas de Sant Joan, en un combate feroz con unidades de caballer\u00eda, fuego de artiller\u00eda y pirotecnia. <strong>Lugar: foso de la segunda Avanzada<\/strong>.<\/p><br \/>\n<p><strong>18:45 h. Recreaci\u00f3n del Sitio de Tortosa: <\/strong>combate y retirada al foso. Los defensores lograr\u00e1n repeler el ataque borb\u00f3nico y seguir\u00e1n vivos un d\u00eda m\u00e1s. <strong>Lugar: foso de la primera Avanzada.<\/strong><\/p><br \/>\n<p><strong>20:00 h a 21:00 h. Visita libre al campamento<\/strong>. Entre las tiendas, las penas se olvidan como se puede, con m\u00fasica, bebida, ejercicios militares. Ma\u00f1ana no se sabe lo que pasar\u00e1. <strong>Lugar: patio de armas de las Avanzadas de Sant Joan.<\/strong><\/div><\/div><script>\n            (function($) {\n                $(function() {\n                    $(\".vc_col-sm-6\").parent(\".vc_row\").addClass(\"vc_layout_2\");\n                });\n            })(jQuery);\n            <\/script><div class=\"vc-incubalia-text-1-column\"><h2 class=\"vc-incubalia-text-1-column__title\"><span class=\"first-word\">DOMINGO<\/span> 1 DE OCTUBRE: LA BATALLA FINAL: O VENCER... O MORIR.<\/h2><div class=\"vc-incubalia-text-1-column__text\"><strong>9:00 h. Toque de diana y revista de la tropa<\/strong>. Lugar: Avanzadas de Sant Joan.<\/p><br \/>\n<p><strong>De 10:00 a 12:00 h. Campamentos austriacistas y borb\u00f3nicos, recreaci\u00f3n de la vida civil y militar<\/strong>. La tensi\u00f3n es m\u00e1xima, son los momentos previos al combate final. <strong>Lugar: patio de armas de las Avanzadas de Sant Joan.<\/strong><\/p><br \/>\n<p><strong>12:00 h. Recreaci\u00f3n del Sitio de Tortosa<\/strong>: combate de aproximaci\u00f3n, la lucha por la ciudad se lleva a cabo paso a paso, muralla tras muralla. Lugar: foso de la segunda Avanzada.<\/p><br \/>\n<p><strong>12:30 h. Recreaci\u00f3n del Sitio de Tortosa<\/strong>: asalto a ultranza. Las tropas borb\u00f3nicas han superado la primera l\u00ednea de defensa, la ciudad se encuentra en el momento m\u00e1s cr\u00edtico. La lucha es desesperada y el desenlace tr\u00e1gico. <strong>Lugar: foso de la primera Avanzada.<\/strong><\/p><br \/>\n<p><strong>13:00 h. Representaci\u00f3n de la Capitulaci\u00f3n <\/strong>de la ciudad. <strong>Lugar: foso de la primera Avanzada.<\/strong><\/p><br \/>\n<p>&nbsp;<\/p><br \/>\n<p>&nbsp;<\/p><br \/>\n<p>&nbsp;<\/p><br \/>\n<p><strong>IMPORTANTE<\/strong><\/p><br \/>\n<p><strong>Sigan en todo momento las instrucciones de la organizaci\u00f3n.<\/strong><\/div><\/div><script>\n            (function($) {\n                $(function() {\n                    $(\".vc_col-sm-6\").parent(\".vc_row\").addClass(\"vc_layout_2\");\n                });\n            })(jQuery);\n            <\/script><div class=\"vc-incubalia-text-title\"><h2 class=\"vc-incubalia-text-title__title\">C\u00f3mo llegar<\/h2><\/div>[vc_gmaps link=\u00bb#E-8_JTNDaWZyYW1lJTIwc3JjJTNEJTIyaHR0cHMlM0ElMkYlMkZ3d3cuZ29vZ2xlLmNvbSUyRm1hcHMlMkZkJTJGZW1iZWQlM0ZtaWQlM0QxMEV4OXJwSG5jZ29TSG9ZcDd3bm5mNWJCcTQ3Nk5Ua2IlMjIlMjB3aWR0aCUzRCUyMjY0MCUyMiUyMGhlaWdodCUzRCUyMjQ4MCUyMiUzRSUzQyUyRmlmcmFtZSUzRQ==\u00bb][\/vc_column][\/vc_row][vc_row][vc_column]<div class=\"vc-incubalia-image-huge\"><img decoding=\"async\" class=\"vc-incubalia-image-huge__mobile-picture brightness-100\" src=\"https:\/\/www.tortosaturisme.cat\/wp-content\/uploads\/2023\/09\/Setge-23-web-768x550-1-768x550.jpg\" alt=\"\"><img decoding=\"async\" class=\"vc-incubalia-image-huge__desktop-picture brightness-100\" src=\"https:\/\/www.tortosaturisme.cat\/wp-content\/uploads\/2023\/09\/Setge-23-web-1920x1050-1-1920x1050.jpg\" alt=\"\"><\/div>[\/vc_column][\/vc_row][vc_row][vc_column]<div class=\"vc-incubalia-image-huge\"><img decoding=\"async\" class=\"vc-incubalia-image-huge__mobile-picture brightness-100\" src=\"https:\/\/www.tortosaturisme.cat\/wp-content\/uploads\/2023\/09\/Setge-23-web-768x550-1-768x550.jpg\" alt=\"\"><img decoding=\"async\" class=\"vc-incubalia-image-huge__desktop-picture brightness-100\" src=\"\" alt=\"\"><\/div>[\/vc_column][\/vc_row][vc_row][vc_column]<div class=\"vc-incubalia-4-icons\"><h2 class=\"vc-incubalia-4-icons__title\">Organizan<\/h2><div class=\"vc-incubalia-4-icons__icon\"><a class=\"vc-incubalia-4-icons__icon-url\" href=\"http:\/\/www2.tortosa.cat\/\"><img decoding=\"async\" class=\"vc-incubalia-4-icons__icon-image\" src=\"https:\/\/www.tortosaturisme.cat\/wp-content\/uploads\/2018\/03\/ajuntament-de-tortosa-400x190.jpg\"><\/a><\/div><div class=\"vc-incubalia-4-icons__icon\"><a class=\"vc-incubalia-4-icons__icon-url\" href=\"www.tortosaturisme.cat\"><img decoding=\"async\" class=\"vc-incubalia-4-icons__icon-image\" src=\"https:\/\/www.tortosaturisme.cat\/wp-content\/uploads\/2018\/03\/logo-turisme-400-400x355.jpg\"><\/a><\/div><div class=\"vc-incubalia-4-icons__icon\"><a class=\"vc-incubalia-4-icons__icon-url\" href=\"http:\/\/www.miquelets.cat\/\"><img decoding=\"async\" class=\"vc-incubalia-4-icons__icon-image\" src=\"https:\/\/www.tortosaturisme.cat\/wp-content\/uploads\/2018\/03\/Miquelets-de-Catalunya-400-x-400-logo-400x400.png\"><\/a><\/div><div class=\"vc-incubalia-4-icons__icon\"><a class=\"vc-incubalia-4-icons__icon-url\" href=\"\"><img decoding=\"async\" class=\"vc-incubalia-4-icons__icon-image\" src=\"\"><\/a><\/div><\/div>[\/vc_column][\/vc_row][vc_row][vc_column]<div class=\"vc-incubalia-4-icons\"><h2 class=\"vc-incubalia-4-icons__title\">Compa\u00f1\u00edas<\/h2><div class=\"vc-incubalia-4-icons__icon\"><a class=\"vc-incubalia-4-icons__icon-url\" href=\"https:\/\/www.facebook.com\/miqueletsgirona\/\"><img decoding=\"async\" class=\"vc-incubalia-4-icons__icon-image\" src=\"https:\/\/www.tortosaturisme.cat\/wp-content\/uploads\/2018\/03\/Regiment-Sant-Narc\u00eds-400-x-400-400x400.jpg\"><\/a><\/div><div class=\"vc-incubalia-4-icons__icon\"><a class=\"vc-incubalia-4-icons__icon-url\" href=\"http:\/\/www.micalets.cat\/\"><img decoding=\"async\" class=\"vc-incubalia-4-icons__icon-image\" src=\"https:\/\/www.tortosaturisme.cat\/wp-content\/uploads\/2018\/03\/Miquelets-de-Catalunya-400x400.jpg\"><\/a><\/div><div class=\"vc-incubalia-4-icons__icon\"><a class=\"vc-incubalia-4-icons__icon-url\" href=\"https:\/\/www.facebook.com\/batallaalmansa\/\"><img decoding=\"async\" class=\"vc-incubalia-4-icons__icon-image\" src=\"https:\/\/www.tortosaturisme.cat\/wp-content\/uploads\/2018\/03\/Asociaci\u00f3n-Cultural-Batalla-de-Almansa.png\"><\/a><\/div><div class=\"vc-incubalia-4-icons__icon\"><a class=\"vc-incubalia-4-icons__icon-url\" href=\"https:\/\/es-es.facebook.com\/associacio.moia\/\"><img decoding=\"async\" class=\"vc-incubalia-4-icons__icon-image\" src=\"https:\/\/www.tortosaturisme.cat\/wp-content\/uploads\/2018\/03\/Associaci\u00f3-Mio\u00e0-1714-400-x-400.jpg\"><\/a><\/div><\/div>[\/vc_column][\/vc_row][vc_row][vc_column]<div class=\"vc-incubalia-4-icons\"><h2 class=\"vc-incubalia-4-icons__title\"><\/h2><div class=\"vc-incubalia-4-icons__icon\"><a class=\"vc-incubalia-4-icons__icon-url\" href=\"https:\/\/www.facebook.com\/sanguenhonoris\/\"><img decoding=\"async\" class=\"vc-incubalia-4-icons__icon-image\" src=\"https:\/\/www.tortosaturisme.cat\/wp-content\/uploads\/2018\/03\/Asociaci\u00f3-Recreaci\u00f3-Tur\u00edstica-Sanguen-Honoris-400x400.jpg\"><\/a><\/div><div class=\"vc-incubalia-4-icons__icon\"><a class=\"vc-incubalia-4-icons__icon-url\" href=\"https:\/\/www.facebook.com\/Defensors-de-Girona-1727151444235388\/\"><img decoding=\"async\" class=\"vc-incubalia-4-icons__icon-image\" src=\"https:\/\/www.tortosaturisme.cat\/wp-content\/uploads\/2018\/03\/Defensors-logotip-400x400.png\"><\/a><\/div><div class=\"vc-incubalia-4-icons__icon\"><a class=\"vc-incubalia-4-icons__icon-url\" href=\"https:\/\/www.facebook.com\/pages\/category\/Community\/AssoRecreaci%C3%B3-Hist%C3%B3rica-Bum-217022668826495\/\"><img decoding=\"async\" class=\"vc-incubalia-4-icons__icon-image\" src=\"https:\/\/www.tortosaturisme.cat\/wp-content\/uploads\/2018\/03\/Bum-vermell-fons-blanc-2-400-400x313.jpg\"><\/a><\/div><div class=\"vc-incubalia-4-icons__icon\"><a class=\"vc-incubalia-4-icons__icon-url\" href=\"\"><img decoding=\"async\" class=\"vc-incubalia-4-icons__icon-image\" src=\"\"><\/a><\/div><\/div>[\/vc_column][\/vc_row][vc_row][vc_column]<div class=\"vc-incubalia-4-icons\"><h2 class=\"vc-incubalia-4-icons__title\">Colabora<\/h2><div class=\"vc-incubalia-4-icons__icon\"><a class=\"vc-incubalia-4-icons__icon-url\" href=\"http:\/\/amicsdelscastells.blogspot.com.es\/\"><img decoding=\"async\" class=\"vc-incubalia-4-icons__icon-image\" src=\"https:\/\/www.tortosaturisme.cat\/wp-content\/uploads\/2018\/03\/amics-dels-castells.jpg\"><\/a><\/div><div class=\"vc-incubalia-4-icons__icon\"><a class=\"vc-incubalia-4-icons__icon-url\" href=\"\"><img decoding=\"async\" class=\"vc-incubalia-4-icons__icon-image\" src=\"\"><\/a><\/div><div class=\"vc-incubalia-4-icons__icon\"><a class=\"vc-incubalia-4-icons__icon-url\" href=\"\"><img decoding=\"async\" class=\"vc-incubalia-4-icons__icon-image\" src=\"\"><\/a><\/div><div class=\"vc-incubalia-4-icons__icon\"><a class=\"vc-incubalia-4-icons__icon-url\" href=\"\"><img decoding=\"async\" class=\"vc-incubalia-4-icons__icon-image\" src=\"\"><\/a><\/div><\/div>[\/vc_column][\/vc_row][vc_row][vc_column][\/vc_column][\/vc_row][vc_row][vc_column][\/vc_column][\/vc_row]<\/p>\n","protected":false},"excerpt":{"rendered":"<p>[vc_row][vc_column][\/vc_column][\/vc_row][vc_row][vc_column][\/vc_column][\/vc_row][vc_row][vc_column][\/vc_column][\/vc_row][vc_row][vc_column][vc_gmaps link=\u00bb#E-8_JTNDaWZyYW1lJTIwc3JjJTNEJTIyaHR0cHMlM0ElMkYlMkZ3d3cuZ29vZ2xlLmNvbSUyRm1hcHMlMkZkJTJGZW1iZWQlM0ZtaWQlM0QxMEV4OXJwSG5jZ29TSG9ZcDd3bm5mNWJCcTQ3Nk5Ua2IlMjIlMjB3aWR0aCUzRCUyMjY0MCUyMiUyMGhlaWdodCUzRCUyMjQ4MCUyMiUzRSUzQyUyRmlmcmFtZSUzRQ==\u00bb][\/vc_column][\/vc_row][vc_row][vc_column][\/vc_column][\/vc_row][vc_row][vc_column][\/vc_column][\/vc_row][vc_row][vc_column][\/vc_column][\/vc_row][vc_row][vc_column][\/vc_column][\/vc_row][vc_row][vc_column][\/vc_column][\/vc_row][vc_row][vc_column][\/vc_column][\/vc_row][vc_row][vc_column][\/vc_column][\/vc_row][vc_row][vc_column][\/vc_column][\/vc_row]<\/p>\n","protected":false},"author":2,"featured_media":0,"parent":0,"menu_order":242,"comment_status":"closed","ping_status":"closed","template":"","meta":{"footnotes":""},"class_list":["post-6807","page","type-page","status-publish","hentry"],"acf":[],"yoast_head":"<!-- This site is optimized with the Yoast SEO plugin v27.3 - https:\/\/yoast.com\/product\/yoast-seo-wordpress\/ -->\n<title>El setge de Tortosa | Del 20 al 22 de Mar\u00e7 | Tortosa Turisme<\/title>\n<meta name=\"description\" content=\"El dest\u00ed d&#039;un pa\u00eds est\u00e0 en joc. L\u2019olor a p\u00f3lvora i les desfilades de tropes tornaran a omplir el carrers de Tortosa per recrear un dels per\u00edodes m\u00e9s decisius de la hist\u00f2ria de Catalunya: la Guerra de Successi\u00f3. Reviu els \u00faltims dies i la gran batalla del Setge de Tortosa entre el 20 i el 22 de mar\u00e7.\" \/>\n<meta name=\"robots\" content=\"index, follow, max-snippet:-1, max-image-preview:large, max-video-preview:-1\" \/>\n<link rel=\"canonical\" href=\"https:\/\/www.tortosaturisme.cat\/es\/el-sitio-de-tortosa\/\" \/>\n<meta property=\"og:locale\" content=\"es_ES\" \/>\n<meta property=\"og:type\" content=\"article\" \/>\n<meta property=\"og:title\" content=\"El setge de Tortosa | Del 20 al 22 de Mar\u00e7 | Tortosa Turisme\" \/>\n<meta property=\"og:description\" content=\"El dest\u00ed d&#039;un pa\u00eds est\u00e0 en joc. L\u2019olor a p\u00f3lvora i les desfilades de tropes tornaran a omplir el carrers de Tortosa per recrear un dels per\u00edodes m\u00e9s decisius de la hist\u00f2ria de Catalunya: la Guerra de Successi\u00f3. Reviu els \u00faltims dies i la gran batalla del Setge de Tortosa entre el 20 i el 22 de mar\u00e7.\" \/>\n<meta property=\"og:url\" content=\"https:\/\/www.tortosaturisme.cat\/es\/el-sitio-de-tortosa\/\" \/>\n<meta property=\"og:site_name\" content=\"tortosaturisme\" \/>\n<meta property=\"article:modified_time\" content=\"2023-09-28T09:36:15+00:00\" \/>\n<meta name=\"twitter:card\" content=\"summary_large_image\" \/>\n<meta name=\"twitter:label1\" content=\"Tiempo de lectura\" \/>\n\t<meta name=\"twitter:data1\" content=\"4 minutos\" \/>\n<script type=\"application\/ld+json\" class=\"yoast-schema-graph\">{\"@context\":\"https:\\\/\\\/schema.org\",\"@graph\":[{\"@type\":\"WebPage\",\"@id\":\"https:\\\/\\\/www.tortosaturisme.cat\\\/es\\\/el-sitio-de-tortosa\\\/\",\"url\":\"https:\\\/\\\/www.tortosaturisme.cat\\\/es\\\/el-sitio-de-tortosa\\\/\",\"name\":\"El setge de Tortosa | Del 20 al 22 de Mar\u00e7 | Tortosa Turisme\",\"isPartOf\":{\"@id\":\"https:\\\/\\\/www.tortosaturisme.cat\\\/es\\\/#website\"},\"datePublished\":\"2018-03-02T12:04:51+00:00\",\"dateModified\":\"2023-09-28T09:36:15+00:00\",\"description\":\"El dest\u00ed d'un pa\u00eds est\u00e0 en joc. L\u2019olor a p\u00f3lvora i les desfilades de tropes tornaran a omplir el carrers de Tortosa per recrear un dels per\u00edodes m\u00e9s decisius de la hist\u00f2ria de Catalunya: la Guerra de Successi\u00f3. Reviu els \u00faltims dies i la gran batalla del Setge de Tortosa entre el 20 i el 22 de mar\u00e7.\",\"breadcrumb\":{\"@id\":\"https:\\\/\\\/www.tortosaturisme.cat\\\/es\\\/el-sitio-de-tortosa\\\/#breadcrumb\"},\"inLanguage\":\"es\",\"potentialAction\":[{\"@type\":\"ReadAction\",\"target\":[\"https:\\\/\\\/www.tortosaturisme.cat\\\/es\\\/el-sitio-de-tortosa\\\/\"]}]},{\"@type\":\"BreadcrumbList\",\"@id\":\"https:\\\/\\\/www.tortosaturisme.cat\\\/es\\\/el-sitio-de-tortosa\\\/#breadcrumb\",\"itemListElement\":[{\"@type\":\"ListItem\",\"position\":1,\"name\":\"Home\",\"item\":\"https:\\\/\\\/www.tortosaturisme.cat\\\/es\\\/\"},{\"@type\":\"ListItem\",\"position\":2,\"name\":\"El sitio de Tortosa\"}]},{\"@type\":\"WebSite\",\"@id\":\"https:\\\/\\\/www.tortosaturisme.cat\\\/es\\\/#website\",\"url\":\"https:\\\/\\\/www.tortosaturisme.cat\\\/es\\\/\",\"name\":\"tortosaturisme\",\"description\":\"Otro sitio realizado con WordPress\",\"potentialAction\":[{\"@type\":\"SearchAction\",\"target\":{\"@type\":\"EntryPoint\",\"urlTemplate\":\"https:\\\/\\\/www.tortosaturisme.cat\\\/es\\\/?s={search_term_string}\"},\"query-input\":{\"@type\":\"PropertyValueSpecification\",\"valueRequired\":true,\"valueName\":\"search_term_string\"}}],\"inLanguage\":\"es\"}]}<\/script>\n<!-- \/ Yoast SEO plugin. -->","yoast_head_json":{"title":"El setge de Tortosa | Del 20 al 22 de Mar\u00e7 | Tortosa Turisme","description":"El dest\u00ed d'un pa\u00eds est\u00e0 en joc. L\u2019olor a p\u00f3lvora i les desfilades de tropes tornaran a omplir el carrers de Tortosa per recrear un dels per\u00edodes m\u00e9s decisius de la hist\u00f2ria de Catalunya: la Guerra de Successi\u00f3. Reviu els \u00faltims dies i la gran batalla del Setge de Tortosa entre el 20 i el 22 de mar\u00e7.","robots":{"index":"index","follow":"follow","max-snippet":"max-snippet:-1","max-image-preview":"max-image-preview:large","max-video-preview":"max-video-preview:-1"},"canonical":"https:\/\/www.tortosaturisme.cat\/es\/el-sitio-de-tortosa\/","og_locale":"es_ES","og_type":"article","og_title":"El setge de Tortosa | Del 20 al 22 de Mar\u00e7 | Tortosa Turisme","og_description":"El dest\u00ed d'un pa\u00eds est\u00e0 en joc. L\u2019olor a p\u00f3lvora i les desfilades de tropes tornaran a omplir el carrers de Tortosa per recrear un dels per\u00edodes m\u00e9s decisius de la hist\u00f2ria de Catalunya: la Guerra de Successi\u00f3. Reviu els \u00faltims dies i la gran batalla del Setge de Tortosa entre el 20 i el 22 de mar\u00e7.","og_url":"https:\/\/www.tortosaturisme.cat\/es\/el-sitio-de-tortosa\/","og_site_name":"tortosaturisme","article_modified_time":"2023-09-28T09:36:15+00:00","twitter_card":"summary_large_image","twitter_misc":{"Tiempo de lectura":"4 minutos"},"schema":{"@context":"https:\/\/schema.org","@graph":[{"@type":"WebPage","@id":"https:\/\/www.tortosaturisme.cat\/es\/el-sitio-de-tortosa\/","url":"https:\/\/www.tortosaturisme.cat\/es\/el-sitio-de-tortosa\/","name":"El setge de Tortosa | Del 20 al 22 de Mar\u00e7 | Tortosa Turisme","isPartOf":{"@id":"https:\/\/www.tortosaturisme.cat\/es\/#website"},"datePublished":"2018-03-02T12:04:51+00:00","dateModified":"2023-09-28T09:36:15+00:00","description":"El dest\u00ed d'un pa\u00eds est\u00e0 en joc. L\u2019olor a p\u00f3lvora i les desfilades de tropes tornaran a omplir el carrers de Tortosa per recrear un dels per\u00edodes m\u00e9s decisius de la hist\u00f2ria de Catalunya: la Guerra de Successi\u00f3. Reviu els \u00faltims dies i la gran batalla del Setge de Tortosa entre el 20 i el 22 de mar\u00e7.","breadcrumb":{"@id":"https:\/\/www.tortosaturisme.cat\/es\/el-sitio-de-tortosa\/#breadcrumb"},"inLanguage":"es","potentialAction":[{"@type":"ReadAction","target":["https:\/\/www.tortosaturisme.cat\/es\/el-sitio-de-tortosa\/"]}]},{"@type":"BreadcrumbList","@id":"https:\/\/www.tortosaturisme.cat\/es\/el-sitio-de-tortosa\/#breadcrumb","itemListElement":[{"@type":"ListItem","position":1,"name":"Home","item":"https:\/\/www.tortosaturisme.cat\/es\/"},{"@type":"ListItem","position":2,"name":"El sitio de Tortosa"}]},{"@type":"WebSite","@id":"https:\/\/www.tortosaturisme.cat\/es\/#website","url":"https:\/\/www.tortosaturisme.cat\/es\/","name":"tortosaturisme","description":"Otro sitio realizado con WordPress","potentialAction":[{"@type":"SearchAction","target":{"@type":"EntryPoint","urlTemplate":"https:\/\/www.tortosaturisme.cat\/es\/?s={search_term_string}"},"query-input":{"@type":"PropertyValueSpecification","valueRequired":true,"valueName":"search_term_string"}}],"inLanguage":"es"}]}},"_links":{"self":[{"href":"https:\/\/www.tortosaturisme.cat\/es\/wp-json\/wp\/v2\/pages\/6807","targetHints":{"allow":["GET"]}}],"collection":[{"href":"https:\/\/www.tortosaturisme.cat\/es\/wp-json\/wp\/v2\/pages"}],"about":[{"href":"https:\/\/www.tortosaturisme.cat\/es\/wp-json\/wp\/v2\/types\/page"}],"author":[{"embeddable":true,"href":"https:\/\/www.tortosaturisme.cat\/es\/wp-json\/wp\/v2\/users\/2"}],"replies":[{"embeddable":true,"href":"https:\/\/www.tortosaturisme.cat\/es\/wp-json\/wp\/v2\/comments?post=6807"}],"version-history":[{"count":79,"href":"https:\/\/www.tortosaturisme.cat\/es\/wp-json\/wp\/v2\/pages\/6807\/revisions"}],"predecessor-version":[{"id":34007,"href":"https:\/\/www.tortosaturisme.cat\/es\/wp-json\/wp\/v2\/pages\/6807\/revisions\/34007"}],"wp:attachment":[{"href":"https:\/\/www.tortosaturisme.cat\/es\/wp-json\/wp\/v2\/media?parent=6807"}],"curies":[{"name":"wp","href":"https:\/\/api.w.org\/{rel}","templated":true}]}}