{"id":6819,"date":"2018-03-12T10:13:51","date_gmt":"2018-03-12T10:13:51","guid":{"rendered":"https:\/\/www.tortosaturisme.cat\/es\/tortosa-de-tapes\/"},"modified":"2024-10-04T10:43:32","modified_gmt":"2024-10-04T10:43:32","slug":"tortosa-de-tapes","status":"publish","type":"page","link":"https:\/\/www.tortosaturisme.cat\/es\/tortosa-de-tapes\/","title":{"rendered":"Tortosa de tapes"},"content":{"rendered":"<p>[vc_row][vc_column]<div class=\"vc-incubalia-medium-header\"><img decoding=\"async\" class=\"vc-incubalia-medium-header__mobile-picture brightness-100\" src=\"https:\/\/www.tortosaturisme.cat\/wp-content\/uploads\/2024\/10\/BANNER-A-TORTOSA-DE-TAPES-2024-768X350.jpg\">\n                  <img decoding=\"async\" class=\"vc-incubalia-medium-header__desktop-picture brightness-100\" src=\"https:\/\/www.tortosaturisme.cat\/wp-content\/uploads\/2024\/10\/BANNER-A-TORTOSA-DE-TAPES-2024-1920X550.jpg\"><\/div>[\/vc_column][\/vc_row][vc_row][vc_column]<div class=\"vc-incubalia-text-1-column-subtitle\"><h2 class=\"vc-incubalia-text-1-column-subtitle__title\">A Tortosa de Tapas 2024: una ruta para comerte la ciudad<\/h2><h3 class=\"vc-incubalia-text-1-column-subtitle__subtitle\">Del 3 al 13 de octubre. Descubre las mejores tapas locales y d\u00e9jate sorprender con cada bocado.<\/h3><div class=\"vc-incubalia-text-1-column-subtitle__text\"><\/p><br \/>\n<div class=\"vc-incubalia-text-1-column-subtitle__text\"><strong>Del 3 al 13 de octubre <\/strong>de 2024, llega una nueva edici\u00f3n de <strong>A Tortosa de Tapas<\/strong>, una ruta gastron\u00f3mica que te permitir\u00e1 probar la exquisita oferta culinaria de <strong>21 establecimientos <\/strong>locales. Cada tapa incluye un quinto de cerveza El \u00c1guila por solo 4 \u20ac, una oportunidad perfecta para disfrutar de la riqueza gastron\u00f3mica de Tortosa.<\/div><br \/>\n<p><\/div><\/div>[\/vc_column][\/vc_row][vc_row][vc_column]<div class=\"vc-incubalia-text-image-full\"><div class=\"vc-incubalia-text-image-full__image-container\"><img decoding=\"async\" class=\"vc-incubalia-text-image-full__image-mobile\" alt=\"\" src=\"https:\/\/www.tortosaturisme.cat\/wp-content\/uploads\/2024\/10\/composicio-tapes-1-768x500-2-768x350.png\"><img decoding=\"async\" class=\"vc-incubalia-text-image-full__image-desktop\" alt=\"\" src=\"https:\/\/www.tortosaturisme.cat\/wp-content\/uploads\/2024\/10\/composicio-tapes-1-1920x1050-2-1920x550.png\"><i class=\"arrow-down\"><\/i><\/div><div class=\"vc-incubalia-text-image-full__text-container\"><div class=\"vc-incubalia-text-image-full__text\">&nbsp;<\/p><br \/>\n<p><strong>El \u2018tapeador\u2019 puede ir visitando y sellando en una papeleta las tapas que degusta<\/strong>. No solo podr\u00e1s degustar tapas creadas con ingredientes locales y propuestas innovadoras, sino que tambi\u00e9n podr\u00e1s participar votando tu tapa preferida. Entre todos los participantes que prueben un m\u00ednimo de 8 tapas, <strong>se sortear\u00e1 una cena en el Antic Mol\u00ed y 5 lotes de productos.<\/strong><\/div><\/div><\/div>[\/vc_column][\/vc_row][vc_row][vc_column]<div class=\"vc-incubalia-text-image-full\"><div class=\"vc-incubalia-text-image-full__image-container\"><img decoding=\"async\" class=\"vc-incubalia-text-image-full__image-mobile\" alt=\"\" src=\"https:\/\/www.tortosaturisme.cat\/wp-content\/uploads\/2024\/10\/composicio-tapes-2-768x500-1-768x350.png\"><img decoding=\"async\" class=\"vc-incubalia-text-image-full__image-desktop\" alt=\"\" src=\"https:\/\/www.tortosaturisme.cat\/wp-content\/uploads\/2024\/10\/composicio-tapes-2-1920x1050-1-1920x550.png\"><i class=\"arrow-down\"><\/i><\/div><div class=\"vc-incubalia-text-image-full__text-container\"><div class=\"vc-incubalia-text-image-full__text\">&nbsp;<\/p><br \/>\n<p><strong>\u00a1Ven a descubrir la magia de las tapas de Tortosa!<\/strong> Cada creaci\u00f3n es una explosi\u00f3n de sabores, dise\u00f1ada para sorprender tus sentidos. Desde <strong>ingredientes locales<\/strong> hasta <strong>combinaciones innovadoras<\/strong>, estas tapas no solo satisfacen, sino que emocionan. D\u00e9jate seducir por esta experiencia \u00fanica, <strong>donde la tradici\u00f3n se fusiona con la creatividad<\/strong> de los mejores chefs de la ciudad. \u00a1Este es <strong>un plan irresistible<\/strong> que no querr\u00e1s perderte!<\/div><\/div><\/div>[\/vc_column][\/vc_row][vc_row][vc_column]<div class=\"vc-incubalia-3-images\"><h2 class=\"vc-incubalia-3-images__title\">Para saber m\u00e1s<\/h2><div class=\"vc-incubalia-3-images__image\"><a href=\"http:\/\/www.atortosadetapes.cat\"><img decoding=\"async\" src=\"https:\/\/www.tortosaturisme.cat\/wp-content\/uploads\/2018\/03\/b-800-tortosa-de-tapes.jpg\" alt=\"\"><\/a><a href=\"http:\/\/www.atortosadetapes.cat\"><p class=\"vc-incubalia-3-images__image-title\">A Tortosa de Tapes<\/p><\/a><p class=\"vc-incubalia-3-images__image-subtitle\">Web con toda la informaci\u00f3n, tapas y establecimientos<\/p><\/div><div class=\"vc-incubalia-3-images__image\"><a href=\"\/es\/restaurantes\/\"><img decoding=\"async\" src=\"https:\/\/www.tortosaturisme.cat\/wp-content\/uploads\/2018\/02\/b-800-experiences-gastronomiques.jpg\" alt=\"\"><\/a><a href=\"\/es\/restaurantes\/\"><p class=\"vc-incubalia-3-images__image-title\">Restaurantes<\/p><\/a><p class=\"vc-incubalia-3-images__image-subtitle\">Toda la oferta gastron\u00f3mica de la ciudad<\/p><\/div><div class=\"vc-incubalia-3-images__image\"><a href=\"\/es\/la-cocina-de-las-tierras-del-ebro\/\"><img decoding=\"async\" src=\"https:\/\/www.tortosaturisme.cat\/wp-content\/uploads\/2018\/03\/b-800-cuina.jpg\" alt=\"\"><\/a><a href=\"\/es\/la-cocina-de-las-tierras-del-ebro\/\"><p class=\"vc-incubalia-3-images__image-title\">La cocina de las Tierras del Ebro<\/p><\/a><p class=\"vc-incubalia-3-images__image-subtitle\">Un territorio que saca provecho de lo mejor del mar y de la tierra<\/p><\/div><\/div><div class=\"vc-incubalia-5-cards\"><h2 class=\"vc-incubalia-5-cards__title\">No et pots perdre<\/h2><div class=\"vc-incubalia-5-cards__card card-1 has-url\"><a href=\"\/es\/tortosa-en-un-dia\/\"><img decoding=\"async\" class=\"vc-incubalia-5-cards__card-mobile-picture\" src=\"https:\/\/www.tortosaturisme.cat\/wp-content\/uploads\/2018\/02\/b-1280-call-jueu-ruta-640x460.jpg\">\n                      <img decoding=\"async\" class=\"vc-incubalia-5-cards__card-desktop-picture\" src=\"https:\/\/www.tortosaturisme.cat\/wp-content\/uploads\/2018\/02\/b-1280-call-jueu-ruta.jpg\"><\/a><div class=\"vc-incubalia-5-cards__card-text-container\"><p class=\"vc-incubalia-5-cards__card-title\">Tortosa en un d\u00eda<\/p><\/div><div class=\"vc-incubalia-5-cards__card-url-container\"><span class=\"vc-incubalia-5-cards__card-url\">Leer m\u00e1s<\/span><\/div><\/div><div class=\"vc-incubalia-5-cards__card card-2 has-url\"><a href=\"\/es\/la-via-verde\/\"><img decoding=\"async\" class=\"vc-incubalia-5-cards__card-mobile-picture\" src=\"https:\/\/www.tortosaturisme.cat\/wp-content\/uploads\/2018\/02\/b-1280-via-verda-640x460.jpg\">\n                      <img decoding=\"async\" class=\"vc-incubalia-5-cards__card-desktop-picture\" src=\"https:\/\/www.tortosaturisme.cat\/wp-content\/uploads\/2018\/02\/b-1280-via-verda-640x460.jpg\"><\/a><div class=\"vc-incubalia-5-cards__card-text-container\"><p class=\"vc-incubalia-5-cards__card-title\">La V\u00eda Verde<\/p><p class=\"vc-incubalia-5-cards__card-subtitle\">Con salida desde Tortosa, recorre las Tierras del Ebro<\/p><\/div><div class=\"vc-incubalia-5-cards__card-url-container\"><span class=\"vc-incubalia-5-cards__card-url\">Leer m\u00e1s<\/span><\/div><\/div><div class=\"vc-incubalia-5-cards__card-3-and-4-container\"><div class=\"vc-incubalia-5-cards__card card-3 has-url\"><a href=\"\/es\/los-10-imperdibles\/\"><img decoding=\"async\" class=\"vc-incubalia-5-cards__card-mobile-picture\" src=\"https:\/\/www.tortosaturisme.cat\/wp-content\/uploads\/2018\/02\/B-10-imp-640x460.jpg\">\n                      <img decoding=\"async\" class=\"vc-incubalia-5-cards__card-desktop-picture\" src=\"https:\/\/www.tortosaturisme.cat\/wp-content\/uploads\/2018\/02\/B-10-imp-640x460.jpg\"><\/a><div class=\"vc-incubalia-5-cards__card-text-container\"><p class=\"vc-incubalia-5-cards__card-title\">Los 10 imperdibles<\/p><p class=\"vc-incubalia-5-cards__card-subtitle\">Los imprescindibles en tu visita<\/p><\/div><div class=\"vc-incubalia-5-cards__card-url-container\"><span class=\"vc-incubalia-5-cards__card-url\">Leer m\u00e1s<\/span><\/div><\/div><div class=\"vc-incubalia-5-cards__card card-4 has-url\"><a href=\"\/es\/experiencias\/?experience-type=navegacio-es&list-view=cards\"><img decoding=\"async\" class=\"vc-incubalia-5-cards__card-mobile-picture\" src=\"https:\/\/www.tortosaturisme.cat\/wp-content\/uploads\/2018\/02\/b-1280-tortosa-un-dia-640x460.jpg\">\n                      <img decoding=\"async\" class=\"vc-incubalia-5-cards__card-desktop-picture\" src=\"https:\/\/www.tortosaturisme.cat\/wp-content\/uploads\/2018\/02\/b-1280-tortosa-un-dia-640x460.jpg\"><\/a><div class=\"vc-incubalia-5-cards__card-text-container\"><p class=\"vc-incubalia-5-cards__card-title\">Navega por el Ebro<\/p><\/div><div class=\"vc-incubalia-5-cards__card-url-container\"><span class=\"vc-incubalia-5-cards__card-url\">Leer m\u00e1s<\/span><\/div><\/div><\/div><div class=\"vc-incubalia-5-cards__card card-5 has-url\"><a href=\"\/es\/experiencias\/?experience-type=visites-guiades-es&list-view=cards\"><img decoding=\"async\" class=\"vc-incubalia-5-cards__card-mobile-picture\" src=\"https:\/\/www.tortosaturisme.cat\/wp-content\/uploads\/2018\/02\/b-1280-ciutat-art-1-640x460.jpg\">\n                      <img decoding=\"async\" class=\"vc-incubalia-5-cards__card-desktop-picture\" src=\"https:\/\/www.tortosaturisme.cat\/wp-content\/uploads\/2018\/02\/b-1280-ciutat-art-1-640x449.jpg\"><\/a><div class=\"vc-incubalia-5-cards__card-text-container\"><p class=\"vc-incubalia-5-cards__card-title\">Visitas guiadas<\/p><\/div><div class=\"vc-incubalia-5-cards__card-url-container\"><span class=\"vc-incubalia-5-cards__card-url\">Leer m\u00e1s<\/span><\/div><\/div><\/div>[\/vc_column][\/vc_row]<\/p>\n","protected":false},"excerpt":{"rendered":"<p>[vc_row][vc_column][\/vc_column][\/vc_row][vc_row][vc_column][\/vc_column][\/vc_row][vc_row][vc_column][\/vc_column][\/vc_row][vc_row][vc_column][\/vc_column][\/vc_row][vc_row][vc_column][\/vc_column][\/vc_row]<\/p>\n","protected":false},"author":2,"featured_media":0,"parent":0,"menu_order":216,"comment_status":"closed","ping_status":"closed","template":"","meta":{"footnotes":""},"class_list":["post-6819","page","type-page","status-publish","hentry"],"acf":[],"yoast_head":"<!-- This site is optimized with the Yoast SEO plugin v27.5 - https:\/\/yoast.com\/product\/yoast-seo-wordpress\/ -->\n<title>Ruta Tortosa DTapes - Tortosa Turisme<\/title>\n<meta name=\"description\" content=\"Una ruta que se celebra anualmente en la que restauradores de la ciudad concentran todo su ingenio culinario para crear las tapas m\u00e1s originales y deliciosas.\" \/>\n<meta name=\"robots\" content=\"index, follow, max-snippet:-1, max-image-preview:large, max-video-preview:-1\" \/>\n<link rel=\"canonical\" href=\"https:\/\/www.tortosaturisme.cat\/es\/tortosa-de-tapes\/\" \/>\n<meta property=\"og:locale\" content=\"es_ES\" \/>\n<meta property=\"og:type\" content=\"article\" \/>\n<meta property=\"og:title\" content=\"Ruta Tortosa DTapes - Tortosa Turisme\" \/>\n<meta property=\"og:description\" content=\"Una ruta que se celebra anualmente en la que restauradores de la ciudad concentran todo su ingenio culinario para crear las tapas m\u00e1s originales y deliciosas.\" \/>\n<meta property=\"og:url\" content=\"https:\/\/www.tortosaturisme.cat\/es\/tortosa-de-tapes\/\" \/>\n<meta property=\"og:site_name\" content=\"tortosaturisme\" \/>\n<meta property=\"article:modified_time\" content=\"2024-10-04T10:43:32+00:00\" \/>\n<meta name=\"twitter:card\" content=\"summary_large_image\" \/>\n<meta name=\"twitter:label1\" content=\"Tiempo de lectura\" \/>\n\t<meta name=\"twitter:data1\" content=\"2 minutos\" \/>\n<script type=\"application\/ld+json\" class=\"yoast-schema-graph\">{\"@context\":\"https:\\\/\\\/schema.org\",\"@graph\":[{\"@type\":\"WebPage\",\"@id\":\"https:\\\/\\\/www.tortosaturisme.cat\\\/es\\\/tortosa-de-tapes\\\/\",\"url\":\"https:\\\/\\\/www.tortosaturisme.cat\\\/es\\\/tortosa-de-tapes\\\/\",\"name\":\"Ruta Tortosa DTapes - Tortosa Turisme\",\"isPartOf\":{\"@id\":\"https:\\\/\\\/www.tortosaturisme.cat\\\/es\\\/#website\"},\"datePublished\":\"2018-03-12T10:13:51+00:00\",\"dateModified\":\"2024-10-04T10:43:32+00:00\",\"description\":\"Una ruta que se celebra anualmente en la que restauradores de la ciudad concentran todo su ingenio culinario para crear las tapas m\u00e1s originales y deliciosas.\",\"breadcrumb\":{\"@id\":\"https:\\\/\\\/www.tortosaturisme.cat\\\/es\\\/tortosa-de-tapes\\\/#breadcrumb\"},\"inLanguage\":\"es\",\"potentialAction\":[{\"@type\":\"ReadAction\",\"target\":[\"https:\\\/\\\/www.tortosaturisme.cat\\\/es\\\/tortosa-de-tapes\\\/\"]}]},{\"@type\":\"BreadcrumbList\",\"@id\":\"https:\\\/\\\/www.tortosaturisme.cat\\\/es\\\/tortosa-de-tapes\\\/#breadcrumb\",\"itemListElement\":[{\"@type\":\"ListItem\",\"position\":1,\"name\":\"Home\",\"item\":\"https:\\\/\\\/www.tortosaturisme.cat\\\/es\\\/\"},{\"@type\":\"ListItem\",\"position\":2,\"name\":\"Tortosa de tapes\"}]},{\"@type\":\"WebSite\",\"@id\":\"https:\\\/\\\/www.tortosaturisme.cat\\\/es\\\/#website\",\"url\":\"https:\\\/\\\/www.tortosaturisme.cat\\\/es\\\/\",\"name\":\"tortosaturisme\",\"description\":\"Otro sitio realizado con WordPress\",\"potentialAction\":[{\"@type\":\"SearchAction\",\"target\":{\"@type\":\"EntryPoint\",\"urlTemplate\":\"https:\\\/\\\/www.tortosaturisme.cat\\\/es\\\/?s={search_term_string}\"},\"query-input\":{\"@type\":\"PropertyValueSpecification\",\"valueRequired\":true,\"valueName\":\"search_term_string\"}}],\"inLanguage\":\"es\"}]}<\/script>\n<!-- \/ Yoast SEO plugin. -->","yoast_head_json":{"title":"Ruta Tortosa DTapes - Tortosa Turisme","description":"Una ruta que se celebra anualmente en la que restauradores de la ciudad concentran todo su ingenio culinario para crear las tapas m\u00e1s originales y deliciosas.","robots":{"index":"index","follow":"follow","max-snippet":"max-snippet:-1","max-image-preview":"max-image-preview:large","max-video-preview":"max-video-preview:-1"},"canonical":"https:\/\/www.tortosaturisme.cat\/es\/tortosa-de-tapes\/","og_locale":"es_ES","og_type":"article","og_title":"Ruta Tortosa DTapes - Tortosa Turisme","og_description":"Una ruta que se celebra anualmente en la que restauradores de la ciudad concentran todo su ingenio culinario para crear las tapas m\u00e1s originales y deliciosas.","og_url":"https:\/\/www.tortosaturisme.cat\/es\/tortosa-de-tapes\/","og_site_name":"tortosaturisme","article_modified_time":"2024-10-04T10:43:32+00:00","twitter_card":"summary_large_image","twitter_misc":{"Tiempo de lectura":"2 minutos"},"schema":{"@context":"https:\/\/schema.org","@graph":[{"@type":"WebPage","@id":"https:\/\/www.tortosaturisme.cat\/es\/tortosa-de-tapes\/","url":"https:\/\/www.tortosaturisme.cat\/es\/tortosa-de-tapes\/","name":"Ruta Tortosa DTapes - Tortosa Turisme","isPartOf":{"@id":"https:\/\/www.tortosaturisme.cat\/es\/#website"},"datePublished":"2018-03-12T10:13:51+00:00","dateModified":"2024-10-04T10:43:32+00:00","description":"Una ruta que se celebra anualmente en la que restauradores de la ciudad concentran todo su ingenio culinario para crear las tapas m\u00e1s originales y deliciosas.","breadcrumb":{"@id":"https:\/\/www.tortosaturisme.cat\/es\/tortosa-de-tapes\/#breadcrumb"},"inLanguage":"es","potentialAction":[{"@type":"ReadAction","target":["https:\/\/www.tortosaturisme.cat\/es\/tortosa-de-tapes\/"]}]},{"@type":"BreadcrumbList","@id":"https:\/\/www.tortosaturisme.cat\/es\/tortosa-de-tapes\/#breadcrumb","itemListElement":[{"@type":"ListItem","position":1,"name":"Home","item":"https:\/\/www.tortosaturisme.cat\/es\/"},{"@type":"ListItem","position":2,"name":"Tortosa de tapes"}]},{"@type":"WebSite","@id":"https:\/\/www.tortosaturisme.cat\/es\/#website","url":"https:\/\/www.tortosaturisme.cat\/es\/","name":"tortosaturisme","description":"Otro sitio realizado con WordPress","potentialAction":[{"@type":"SearchAction","target":{"@type":"EntryPoint","urlTemplate":"https:\/\/www.tortosaturisme.cat\/es\/?s={search_term_string}"},"query-input":{"@type":"PropertyValueSpecification","valueRequired":true,"valueName":"search_term_string"}}],"inLanguage":"es"}]}},"_links":{"self":[{"href":"https:\/\/www.tortosaturisme.cat\/es\/wp-json\/wp\/v2\/pages\/6819","targetHints":{"allow":["GET"]}}],"collection":[{"href":"https:\/\/www.tortosaturisme.cat\/es\/wp-json\/wp\/v2\/pages"}],"about":[{"href":"https:\/\/www.tortosaturisme.cat\/es\/wp-json\/wp\/v2\/types\/page"}],"author":[{"embeddable":true,"href":"https:\/\/www.tortosaturisme.cat\/es\/wp-json\/wp\/v2\/users\/2"}],"replies":[{"embeddable":true,"href":"https:\/\/www.tortosaturisme.cat\/es\/wp-json\/wp\/v2\/comments?post=6819"}],"version-history":[{"count":23,"href":"https:\/\/www.tortosaturisme.cat\/es\/wp-json\/wp\/v2\/pages\/6819\/revisions"}],"predecessor-version":[{"id":35659,"href":"https:\/\/www.tortosaturisme.cat\/es\/wp-json\/wp\/v2\/pages\/6819\/revisions\/35659"}],"wp:attachment":[{"href":"https:\/\/www.tortosaturisme.cat\/es\/wp-json\/wp\/v2\/media?parent=6819"}],"curies":[{"name":"wp","href":"https:\/\/api.w.org\/{rel}","templated":true}]}}