{"id":6822,"date":"2018-03-06T12:05:59","date_gmt":"2018-03-06T12:05:59","guid":{"rendered":"https:\/\/www.tortosaturisme.cat\/es\/triptics-informatius\/"},"modified":"2020-06-23T15:43:25","modified_gmt":"2020-06-23T15:43:25","slug":"tripticos-informativos","status":"publish","type":"page","link":"https:\/\/www.tortosaturisme.cat\/es\/tripticos-informativos\/","title":{"rendered":"Tr\u00edpticos informativos"},"content":{"rendered":"<p>[vc_row][vc_column]<div class=\"vc-incubalia-small-header\"><h1 class=\"vc-incubalia-small-header__title\">Descarga de tr\u00edpticos informativos<\/h1><img decoding=\"async\" class=\"vc-incubalia-small-header__mobile-picture\" src=\"https:\/\/www.tortosaturisme.cat\/wp-content\/uploads\/2018\/03\/1-triptics-mb.jpg\">\n                  <img decoding=\"async\" class=\"vc-incubalia-small-header__desktop-picture\" src=\"https:\/\/www.tortosaturisme.cat\/wp-content\/uploads\/2018\/03\/1-triptics-ds.jpg\"><\/div>[\/vc_column][\/vc_row][vc_row][vc_column]<div class=\"vc-incubalia-3-black-boxes\"><a class=\"vc-incubalia-3-black-boxes__box\" href=\"\/wp-content\/uploads\/2018\/03\/la-catedral-es.pdf\"><div class=\"vc-incubalia-3-black-boxes__box-title-container\"><p class=\"vc-incubalia-3-black-boxes__box-title\">La catedral<\/p><\/div><\/a><a class=\"vc-incubalia-3-black-boxes__box\" href=\"\/wp-content\/uploads\/2018\/03\/reials-collegs-es.pdf\"><div class=\"vc-incubalia-3-black-boxes__box-title-container\"><p class=\"vc-incubalia-3-black-boxes__box-title\">Los Reales Colegios<\/p><\/div><\/a><a class=\"vc-incubalia-3-black-boxes__box\" href=\"\/wp-content\/uploads\/2018\/03\/museu-de-tortosa-es.pdf\"><div class=\"vc-incubalia-3-black-boxes__box-title-container\"><p class=\"vc-incubalia-3-black-boxes__box-title\">El Museo<\/p><\/div><\/a><\/div><div class=\"vc-incubalia-3-black-boxes\"><a class=\"vc-incubalia-3-black-boxes__box\" href=\"\/wp-content\/uploads\/2018\/03\/passeig-fortificacions-es.pdf\"><div class=\"vc-incubalia-3-black-boxes__box-title-container\"><p class=\"vc-incubalia-3-black-boxes__box-title\">Paseo de les fortificaciones<\/p><\/div><\/a><a class=\"vc-incubalia-3-black-boxes__box\" href=\"\/wp-content\/uploads\/2018\/03\/tortosa-jueva-es.pdf\"><div class=\"vc-incubalia-3-black-boxes__box-title-container\"><p class=\"vc-incubalia-3-black-boxes__box-title\">La Tortosa jud\u00eda<\/p><\/div><\/a><a class=\"vc-incubalia-3-black-boxes__box\" href=\"\/wp-content\/uploads\/2018\/03\/ci-setmana-santa-es.pdf\"><div class=\"vc-incubalia-3-black-boxes__box-title-container\"><p class=\"vc-incubalia-3-black-boxes__box-title\">Centro de Interpretaci\u00f3n de la Semana Santa<\/p><\/div><\/a><\/div><div class=\"vc-incubalia-3-black-boxes\"><a class=\"vc-incubalia-3-black-boxes__box\" href=\"https:\/\/www.tortosaturisme.cat\/wp-content\/uploads\/2018\/08\/jardines-del-pr\u00edncipe.pdf\"><div class=\"vc-incubalia-3-black-boxes__box-title-container\"><p class=\"vc-incubalia-3-black-boxes__box-title\">Jardines del Pr\u00edncipe<\/p><\/div><\/a><div class=\"vc-incubalia-3-black-boxes__box\"><div class=\"vc-incubalia-3-black-boxes__box-title-container\"><p class=\"vc-incubalia-3-black-boxes__box-title\"><\/p><\/div><\/div><div class=\"vc-incubalia-3-black-boxes__box\"><div class=\"vc-incubalia-3-black-boxes__box-title-container\"><p class=\"vc-incubalia-3-black-boxes__box-title\"><\/p><\/div><\/div><\/div>[\/vc_column][\/vc_row]<\/p>\n","protected":false},"excerpt":{"rendered":"<p>[vc_row][vc_column][\/vc_column][\/vc_row][vc_row][vc_column][\/vc_column][\/vc_row]<\/p>\n","protected":false},"author":2,"featured_media":0,"parent":0,"menu_order":221,"comment_status":"closed","ping_status":"closed","template":"","meta":{"footnotes":""},"class_list":["post-6822","page","type-page","status-publish","hentry"],"acf":[],"yoast_head":"<!-- This site is optimized with the Yoast SEO plugin v27.5 - https:\/\/yoast.com\/product\/yoast-seo-wordpress\/ -->\n<title>Tr\u00edpticos Informativos - Tortosa Turisme<\/title>\n<meta name=\"description\" content=\"Los folletos descargables con toda la informaci\u00f3n necesaria de los espacios y rutas m\u00e1s importantes de la ciudad: la Catedral, el Museo, los Reales Colegios y muchos m\u00e1s.\" \/>\n<meta name=\"robots\" content=\"index, follow, max-snippet:-1, max-image-preview:large, max-video-preview:-1\" \/>\n<link rel=\"canonical\" href=\"https:\/\/www.tortosaturisme.cat\/es\/tripticos-informativos\/\" \/>\n<meta property=\"og:locale\" content=\"es_ES\" \/>\n<meta property=\"og:type\" content=\"article\" \/>\n<meta property=\"og:title\" content=\"Tr\u00edpticos Informativos - Tortosa Turisme\" \/>\n<meta property=\"og:description\" content=\"Los folletos descargables con toda la informaci\u00f3n necesaria de los espacios y rutas m\u00e1s importantes de la ciudad: la Catedral, el Museo, los Reales Colegios y muchos m\u00e1s.\" \/>\n<meta property=\"og:url\" content=\"https:\/\/www.tortosaturisme.cat\/es\/tripticos-informativos\/\" \/>\n<meta property=\"og:site_name\" content=\"tortosaturisme\" \/>\n<meta property=\"article:modified_time\" content=\"2020-06-23T15:43:25+00:00\" \/>\n<meta name=\"twitter:card\" content=\"summary_large_image\" \/>\n<meta name=\"twitter:label1\" content=\"Tiempo de lectura\" \/>\n\t<meta name=\"twitter:data1\" content=\"1 minuto\" \/>\n<script type=\"application\/ld+json\" class=\"yoast-schema-graph\">{\"@context\":\"https:\\\/\\\/schema.org\",\"@graph\":[{\"@type\":\"WebPage\",\"@id\":\"https:\\\/\\\/www.tortosaturisme.cat\\\/es\\\/tripticos-informativos\\\/\",\"url\":\"https:\\\/\\\/www.tortosaturisme.cat\\\/es\\\/tripticos-informativos\\\/\",\"name\":\"Tr\u00edpticos Informativos - Tortosa Turisme\",\"isPartOf\":{\"@id\":\"https:\\\/\\\/www.tortosaturisme.cat\\\/es\\\/#website\"},\"datePublished\":\"2018-03-06T12:05:59+00:00\",\"dateModified\":\"2020-06-23T15:43:25+00:00\",\"description\":\"Los folletos descargables con toda la informaci\u00f3n necesaria de los espacios y rutas m\u00e1s importantes de la ciudad: la Catedral, el Museo, los Reales Colegios y muchos m\u00e1s.\",\"breadcrumb\":{\"@id\":\"https:\\\/\\\/www.tortosaturisme.cat\\\/es\\\/tripticos-informativos\\\/#breadcrumb\"},\"inLanguage\":\"es\",\"potentialAction\":[{\"@type\":\"ReadAction\",\"target\":[\"https:\\\/\\\/www.tortosaturisme.cat\\\/es\\\/tripticos-informativos\\\/\"]}]},{\"@type\":\"BreadcrumbList\",\"@id\":\"https:\\\/\\\/www.tortosaturisme.cat\\\/es\\\/tripticos-informativos\\\/#breadcrumb\",\"itemListElement\":[{\"@type\":\"ListItem\",\"position\":1,\"name\":\"Home\",\"item\":\"https:\\\/\\\/www.tortosaturisme.cat\\\/es\\\/\"},{\"@type\":\"ListItem\",\"position\":2,\"name\":\"Tr\u00edpticos informativos\"}]},{\"@type\":\"WebSite\",\"@id\":\"https:\\\/\\\/www.tortosaturisme.cat\\\/es\\\/#website\",\"url\":\"https:\\\/\\\/www.tortosaturisme.cat\\\/es\\\/\",\"name\":\"tortosaturisme\",\"description\":\"Otro sitio realizado con WordPress\",\"potentialAction\":[{\"@type\":\"SearchAction\",\"target\":{\"@type\":\"EntryPoint\",\"urlTemplate\":\"https:\\\/\\\/www.tortosaturisme.cat\\\/es\\\/?s={search_term_string}\"},\"query-input\":{\"@type\":\"PropertyValueSpecification\",\"valueRequired\":true,\"valueName\":\"search_term_string\"}}],\"inLanguage\":\"es\"}]}<\/script>\n<!-- \/ Yoast SEO plugin. -->","yoast_head_json":{"title":"Tr\u00edpticos Informativos - Tortosa Turisme","description":"Los folletos descargables con toda la informaci\u00f3n necesaria de los espacios y rutas m\u00e1s importantes de la ciudad: la Catedral, el Museo, los Reales Colegios y muchos m\u00e1s.","robots":{"index":"index","follow":"follow","max-snippet":"max-snippet:-1","max-image-preview":"max-image-preview:large","max-video-preview":"max-video-preview:-1"},"canonical":"https:\/\/www.tortosaturisme.cat\/es\/tripticos-informativos\/","og_locale":"es_ES","og_type":"article","og_title":"Tr\u00edpticos Informativos - Tortosa Turisme","og_description":"Los folletos descargables con toda la informaci\u00f3n necesaria de los espacios y rutas m\u00e1s importantes de la ciudad: la Catedral, el Museo, los Reales Colegios y muchos m\u00e1s.","og_url":"https:\/\/www.tortosaturisme.cat\/es\/tripticos-informativos\/","og_site_name":"tortosaturisme","article_modified_time":"2020-06-23T15:43:25+00:00","twitter_card":"summary_large_image","twitter_misc":{"Tiempo de lectura":"1 minuto"},"schema":{"@context":"https:\/\/schema.org","@graph":[{"@type":"WebPage","@id":"https:\/\/www.tortosaturisme.cat\/es\/tripticos-informativos\/","url":"https:\/\/www.tortosaturisme.cat\/es\/tripticos-informativos\/","name":"Tr\u00edpticos Informativos - Tortosa Turisme","isPartOf":{"@id":"https:\/\/www.tortosaturisme.cat\/es\/#website"},"datePublished":"2018-03-06T12:05:59+00:00","dateModified":"2020-06-23T15:43:25+00:00","description":"Los folletos descargables con toda la informaci\u00f3n necesaria de los espacios y rutas m\u00e1s importantes de la ciudad: la Catedral, el Museo, los Reales Colegios y muchos m\u00e1s.","breadcrumb":{"@id":"https:\/\/www.tortosaturisme.cat\/es\/tripticos-informativos\/#breadcrumb"},"inLanguage":"es","potentialAction":[{"@type":"ReadAction","target":["https:\/\/www.tortosaturisme.cat\/es\/tripticos-informativos\/"]}]},{"@type":"BreadcrumbList","@id":"https:\/\/www.tortosaturisme.cat\/es\/tripticos-informativos\/#breadcrumb","itemListElement":[{"@type":"ListItem","position":1,"name":"Home","item":"https:\/\/www.tortosaturisme.cat\/es\/"},{"@type":"ListItem","position":2,"name":"Tr\u00edpticos informativos"}]},{"@type":"WebSite","@id":"https:\/\/www.tortosaturisme.cat\/es\/#website","url":"https:\/\/www.tortosaturisme.cat\/es\/","name":"tortosaturisme","description":"Otro sitio realizado con WordPress","potentialAction":[{"@type":"SearchAction","target":{"@type":"EntryPoint","urlTemplate":"https:\/\/www.tortosaturisme.cat\/es\/?s={search_term_string}"},"query-input":{"@type":"PropertyValueSpecification","valueRequired":true,"valueName":"search_term_string"}}],"inLanguage":"es"}]}},"_links":{"self":[{"href":"https:\/\/www.tortosaturisme.cat\/es\/wp-json\/wp\/v2\/pages\/6822","targetHints":{"allow":["GET"]}}],"collection":[{"href":"https:\/\/www.tortosaturisme.cat\/es\/wp-json\/wp\/v2\/pages"}],"about":[{"href":"https:\/\/www.tortosaturisme.cat\/es\/wp-json\/wp\/v2\/types\/page"}],"author":[{"embeddable":true,"href":"https:\/\/www.tortosaturisme.cat\/es\/wp-json\/wp\/v2\/users\/2"}],"replies":[{"embeddable":true,"href":"https:\/\/www.tortosaturisme.cat\/es\/wp-json\/wp\/v2\/comments?post=6822"}],"version-history":[{"count":9,"href":"https:\/\/www.tortosaturisme.cat\/es\/wp-json\/wp\/v2\/pages\/6822\/revisions"}],"predecessor-version":[{"id":14398,"href":"https:\/\/www.tortosaturisme.cat\/es\/wp-json\/wp\/v2\/pages\/6822\/revisions\/14398"}],"wp:attachment":[{"href":"https:\/\/www.tortosaturisme.cat\/es\/wp-json\/wp\/v2\/media?parent=6822"}],"curies":[{"name":"wp","href":"https:\/\/api.w.org\/{rel}","templated":true}]}}