{"id":7878,"date":"2018-03-26T08:01:21","date_gmt":"2018-03-26T08:01:21","guid":{"rendered":"https:\/\/www.tortosaturisme.cat\/es\/avis-cookies\/"},"modified":"2020-08-20T15:40:13","modified_gmt":"2020-08-20T15:40:13","slug":"aviso-cookies","status":"publish","type":"page","link":"https:\/\/www.tortosaturisme.cat\/es\/aviso-cookies\/","title":{"rendered":"Aviso cookies"},"content":{"rendered":"<div class=\"container\" style=\"padding-top: 80px;\">\n<p>Aviso para cookies<\/p>\n<p>Les informamos que para un buen funcionamiento de la web www.tortosaturisme.cat , el sistema de navegaci\u00f3n hace uso de algunos datos de navegaci\u00f3n (\u201cCookies\u201d) para poder ofrecer un servicio m\u00e1s cuidado a los usuarios de la web. Las \u201cCookies\u201d son peque\u00f1os archivos de texto que el navegador almacena cuando se navega por las p\u00e1ginas web y aplicaciones. Se puede recoger la direcci\u00f3n IP que utiliza el ordenador para conectarse a la web, la direcci\u00f3n URL del sitio web, la hora de la conexi\u00f3n y otros par\u00e1metros relativos al sistema operativo del entorno inform\u00e1tico del usuario. Esta informaci\u00f3n solo es recogida para identificar la sesi\u00f3n con el objetivo de facilitar los an\u00e1lisis de la p\u00e1gina web.<\/p>\n<p>AJUNTAMENT DE TORTOSA en su web utiliza \u201ccookies\u201d de terceros; y en concreto de Google Analytics; que es un servicio de estad\u00edsticas de p\u00e1ginas web que ofrece Google, Inc. Google Analytics recoge informaci\u00f3n del equipo del usuario para obtener informes sobre la actividad de la aplicaci\u00f3n; almacena la informaci\u00f3n recogida por los \u201ccookies\u201d en servidores en los Estados Unidos.<\/p>\n<p>En todo caso, en el supuesto que se capten datos de car\u00e1cter personal y en este caso, solo la direcci\u00f3n IP de acceso; les informamos que \u00e9stos ser\u00e1n tratados e incorporados en un Fichero denominado \u201cMarketing\u201d responsabilidad de AJUNTAMENT DE TORTOSA .<\/p>\n<p>Conforme aquello dispuesto en la normativa de Protecci\u00f3n de Datos de Car\u00e1cter Personal, le informamos que puede ejercer los derechos de acceso, rectificaci\u00f3n o supresi\u00f3n, la limitaci\u00f3n del trato o oponerse, as\u00ed como el derecho a la portabilidad de los datos a: Pla\u00e7a d\u2019Espanya n\u00ba1, 43500, Tortosa (TARRAGONA).<\/p>\n<p>Se informa al usuario que Google podr\u00e1 transmitir esta informaci\u00f3n a terceros cuando as\u00ed lo requiera la ley, o cuando estos terceros procesen la informaci\u00f3n por cuenta de Google. Google no asociar\u00e1 la direcci\u00f3n IP del usuario con ning\u00fan otro dato del que disponga, y por tanto lo har\u00e1 totalmente de forma anonimizada.<\/p>\n<p>Para rechazar o eliminar esta \u201ccookie\u201d se puede consultar la siguiente direcci\u00f3n:<\/p>\n<p><a href=\"http:\/\/www.google.com\/intl\/ca\/policies\/privacy\/\"><span style=\"font-weight: 400;\">http:\/\/www.google.com\/intl\/ca\/policies\/privacy\/<\/span><\/a><\/p>\n<p><a href=\"http:\/\/www.google.com\/intl\/en\/privacypolicy.html\"><span style=\"font-weight: 400;\">http:\/\/www.google.com\/intl\/en\/privacypolicy.html<\/span><\/a><\/p>\n<p>&nbsp;<\/p>\n<p>DESACTIVACI\u00d3N Y BLOQUEO DE LAS COOKIES<\/p>\n<p>En cualquier caso, el usuario puede habilitar la opci\u00f3n de su propio sistema de navegaci\u00f3n para no permitir la instalaci\u00f3n de cookies; sin que en ning\u00fan caso AJUNTAMENT DE TORTOSA pueda ser responsable de que la inhabilitaci\u00f3n de Cookies comporte que algunos de los servicios que ofrece esta web no funcionen correctamente.<\/p>\n<p>En los siguientes enlaces, encontrar\u00e1 instrucciones que le ayudar\u00e1n a configurar los ajustes de los principales navegadores m\u00e1s utilizados.<\/p>\n<p>&nbsp;<\/p>\n<table>\n<tbody>\n<tr>\n<td><span style=\"font-weight: 400;\">Internet Explorer:<\/span><\/td>\n<td><a href=\"https:\/\/support.microsoft.com\/es-es\/help\/17442\/windows-internet-explorer-delete-manage-cookies\"><span style=\"font-weight: 400;\">https:\/\/support.microsoft.com\/es-es\/help\/17442\/windows-internet-explorer-delete-manage-cookies<\/span><\/a><\/td>\n<\/tr>\n<tr>\n<td><span style=\"font-weight: 400;\">Google Chrome:<\/span><\/td>\n<td><a href=\"https:\/\/support.google.com\/chrome\/answer\/95647?hl=es\"><span style=\"font-weight: 400;\">https:\/\/support.google.com\/chrome\/answer\/95647?hl=es<\/span><\/a><\/td>\n<\/tr>\n<tr>\n<td><span style=\"font-weight: 400;\">Mozilla Firefox:<\/span><\/td>\n<td><a href=\"https:\/\/support.mozilla.org\/es\/kb\/Deshabilitar%20cookies%20de%20terceros\">https:\/\/support.mozilla.org\/es\/kb\/Deshabilitar%20cookies%20de%20terceros<\/a><\/td>\n<\/tr>\n<tr>\n<td><span style=\"font-weight: 400;\">Safari:<\/span><\/td>\n<td><a href=\"http:\/\/support.apple.com\/kb\/ht1677?viewlocale=es_es&amp;locale=es_es\">http:\/\/support.apple.com\/kb\/ht1677?viewlocale=es_es&amp;locale=es_es<\/a><\/td>\n<\/tr>\n<tr>\n<td><span style=\"font-weight: 400;\">Safari para IOS (Iphone, IPad):<\/span><\/td>\n<td><a href=\"http:\/\/support.apple.com\/kb\/ht1677?viewlocale=es_es&amp;locale=es_es\"><span style=\"font-weight: 400;\">http:\/\/support.apple.com\/kb\/ht1677?viewlocale=es_es&amp;locale=es_es<\/span><\/a><\/td>\n<\/tr>\n<tr>\n<td><span style=\"font-weight: 400;\">Chrome para Android:<\/span><\/td>\n<td><a href=\"https:\/\/support.google.com\/chrome\/answer\/2392971?hl=es\"><span style=\"font-weight: 400;\">https:\/\/support.google.com\/chrome\/answer\/2392971?hl=es<\/span><\/a><\/td>\n<\/tr>\n<\/tbody>\n<\/table>\n<p>&nbsp;<\/p>\n<p>Si desea m\u00e1s informaci\u00f3n sobre las cookies y la manera de deshabilitarlas seg\u00fan su sistema de navegaci\u00f3n puede consultar los<\/p>\n<p>siguientes links:\u00a0<a href=\"http:\/\/www.aboutcookies.org\/\"><span style=\"font-weight: 400;\">www.aboutcookies.org<\/span><\/a><span style=\"font-weight: 400;\"> y <\/span><a href=\"https:\/\/www.aboutcookies.org\/how-to-control-cookies\/\">www.aboutcookies.org\/how-to-control-cookies\/<\/a><\/p>\n<p>&nbsp;<\/p>\n<p>En caso contrario, y habiendo informado AJUNTAMENT DE TORTOSA del uso de cookies, y sin que \u00e9stas hayan sido inhabilitadas implica que el usuario da su consentimiento al tratamiento de datos por Google en la forma prevista en este aviso y para las finalidades aqu\u00ed descritas.<\/p>\n<p>En caso de duda o de cualquier comentario, se puede dirigir a AJUNTAMENT DE TORTOSA a trav\u00e9s de sus medios de atenci\u00f3n al p\u00fablico o bien comunicarse con nosotros a trav\u00e9s de:\u00a0<a href=\"mailto:info@tortosaturisme.cat\"><span style=\"font-weight: 400;\">info@tortosaturisme.cat<\/span><\/a><\/p>\n<p>&nbsp;<\/p>\n<\/div>\n","protected":false},"excerpt":{"rendered":"<p>Aviso para cookies Les informamos que para un buen funcionamiento de la web www.tortosaturisme.cat , el sistema de navegaci\u00f3n hace uso de algunos datos de navegaci\u00f3n (\u201cCookies\u201d) para poder ofrecer un servicio m\u00e1s cuidado a los usuarios de la web. [&hellip;]<\/p>\n","protected":false},"author":5,"featured_media":0,"parent":0,"menu_order":201,"comment_status":"closed","ping_status":"closed","template":"","meta":{"footnotes":""},"class_list":["post-7878","page","type-page","status-publish","hentry"],"acf":[],"yoast_head":"<!-- This site is optimized with the Yoast SEO plugin v27.5 - https:\/\/yoast.com\/product\/yoast-seo-wordpress\/ -->\n<title>Aviso cookies - tortosaturisme<\/title>\n<meta name=\"robots\" content=\"index, follow, max-snippet:-1, max-image-preview:large, max-video-preview:-1\" \/>\n<link rel=\"canonical\" href=\"https:\/\/www.tortosaturisme.cat\/es\/aviso-cookies\/\" \/>\n<meta property=\"og:locale\" content=\"es_ES\" \/>\n<meta property=\"og:type\" content=\"article\" \/>\n<meta property=\"og:title\" content=\"Aviso cookies - tortosaturisme\" \/>\n<meta property=\"og:description\" content=\"Aviso para cookies Les informamos que para un buen funcionamiento de la web www.tortosaturisme.cat , el sistema de navegaci\u00f3n hace uso de algunos datos de navegaci\u00f3n (\u201cCookies\u201d) para poder ofrecer un servicio m\u00e1s cuidado a los usuarios de la web. [&hellip;]\" \/>\n<meta property=\"og:url\" content=\"https:\/\/www.tortosaturisme.cat\/es\/aviso-cookies\/\" \/>\n<meta property=\"og:site_name\" content=\"tortosaturisme\" \/>\n<meta property=\"article:modified_time\" content=\"2020-08-20T15:40:13+00:00\" \/>\n<meta name=\"twitter:card\" content=\"summary_large_image\" \/>\n<meta name=\"twitter:label1\" content=\"Tiempo de lectura\" \/>\n\t<meta name=\"twitter:data1\" content=\"3 minutos\" \/>\n<script type=\"application\/ld+json\" class=\"yoast-schema-graph\">{\"@context\":\"https:\\\/\\\/schema.org\",\"@graph\":[{\"@type\":\"WebPage\",\"@id\":\"https:\\\/\\\/www.tortosaturisme.cat\\\/es\\\/aviso-cookies\\\/\",\"url\":\"https:\\\/\\\/www.tortosaturisme.cat\\\/es\\\/aviso-cookies\\\/\",\"name\":\"Aviso cookies - tortosaturisme\",\"isPartOf\":{\"@id\":\"https:\\\/\\\/www.tortosaturisme.cat\\\/es\\\/#website\"},\"datePublished\":\"2018-03-26T08:01:21+00:00\",\"dateModified\":\"2020-08-20T15:40:13+00:00\",\"breadcrumb\":{\"@id\":\"https:\\\/\\\/www.tortosaturisme.cat\\\/es\\\/aviso-cookies\\\/#breadcrumb\"},\"inLanguage\":\"es\",\"potentialAction\":[{\"@type\":\"ReadAction\",\"target\":[\"https:\\\/\\\/www.tortosaturisme.cat\\\/es\\\/aviso-cookies\\\/\"]}]},{\"@type\":\"BreadcrumbList\",\"@id\":\"https:\\\/\\\/www.tortosaturisme.cat\\\/es\\\/aviso-cookies\\\/#breadcrumb\",\"itemListElement\":[{\"@type\":\"ListItem\",\"position\":1,\"name\":\"Home\",\"item\":\"https:\\\/\\\/www.tortosaturisme.cat\\\/es\\\/\"},{\"@type\":\"ListItem\",\"position\":2,\"name\":\"Aviso cookies\"}]},{\"@type\":\"WebSite\",\"@id\":\"https:\\\/\\\/www.tortosaturisme.cat\\\/es\\\/#website\",\"url\":\"https:\\\/\\\/www.tortosaturisme.cat\\\/es\\\/\",\"name\":\"tortosaturisme\",\"description\":\"Otro sitio realizado con WordPress\",\"potentialAction\":[{\"@type\":\"SearchAction\",\"target\":{\"@type\":\"EntryPoint\",\"urlTemplate\":\"https:\\\/\\\/www.tortosaturisme.cat\\\/es\\\/?s={search_term_string}\"},\"query-input\":{\"@type\":\"PropertyValueSpecification\",\"valueRequired\":true,\"valueName\":\"search_term_string\"}}],\"inLanguage\":\"es\"}]}<\/script>\n<!-- \/ Yoast SEO plugin. -->","yoast_head_json":{"title":"Aviso cookies - tortosaturisme","robots":{"index":"index","follow":"follow","max-snippet":"max-snippet:-1","max-image-preview":"max-image-preview:large","max-video-preview":"max-video-preview:-1"},"canonical":"https:\/\/www.tortosaturisme.cat\/es\/aviso-cookies\/","og_locale":"es_ES","og_type":"article","og_title":"Aviso cookies - tortosaturisme","og_description":"Aviso para cookies Les informamos que para un buen funcionamiento de la web www.tortosaturisme.cat , el sistema de navegaci\u00f3n hace uso de algunos datos de navegaci\u00f3n (\u201cCookies\u201d) para poder ofrecer un servicio m\u00e1s cuidado a los usuarios de la web. [&hellip;]","og_url":"https:\/\/www.tortosaturisme.cat\/es\/aviso-cookies\/","og_site_name":"tortosaturisme","article_modified_time":"2020-08-20T15:40:13+00:00","twitter_card":"summary_large_image","twitter_misc":{"Tiempo de lectura":"3 minutos"},"schema":{"@context":"https:\/\/schema.org","@graph":[{"@type":"WebPage","@id":"https:\/\/www.tortosaturisme.cat\/es\/aviso-cookies\/","url":"https:\/\/www.tortosaturisme.cat\/es\/aviso-cookies\/","name":"Aviso cookies - tortosaturisme","isPartOf":{"@id":"https:\/\/www.tortosaturisme.cat\/es\/#website"},"datePublished":"2018-03-26T08:01:21+00:00","dateModified":"2020-08-20T15:40:13+00:00","breadcrumb":{"@id":"https:\/\/www.tortosaturisme.cat\/es\/aviso-cookies\/#breadcrumb"},"inLanguage":"es","potentialAction":[{"@type":"ReadAction","target":["https:\/\/www.tortosaturisme.cat\/es\/aviso-cookies\/"]}]},{"@type":"BreadcrumbList","@id":"https:\/\/www.tortosaturisme.cat\/es\/aviso-cookies\/#breadcrumb","itemListElement":[{"@type":"ListItem","position":1,"name":"Home","item":"https:\/\/www.tortosaturisme.cat\/es\/"},{"@type":"ListItem","position":2,"name":"Aviso cookies"}]},{"@type":"WebSite","@id":"https:\/\/www.tortosaturisme.cat\/es\/#website","url":"https:\/\/www.tortosaturisme.cat\/es\/","name":"tortosaturisme","description":"Otro sitio realizado con WordPress","potentialAction":[{"@type":"SearchAction","target":{"@type":"EntryPoint","urlTemplate":"https:\/\/www.tortosaturisme.cat\/es\/?s={search_term_string}"},"query-input":{"@type":"PropertyValueSpecification","valueRequired":true,"valueName":"search_term_string"}}],"inLanguage":"es"}]}},"_links":{"self":[{"href":"https:\/\/www.tortosaturisme.cat\/es\/wp-json\/wp\/v2\/pages\/7878","targetHints":{"allow":["GET"]}}],"collection":[{"href":"https:\/\/www.tortosaturisme.cat\/es\/wp-json\/wp\/v2\/pages"}],"about":[{"href":"https:\/\/www.tortosaturisme.cat\/es\/wp-json\/wp\/v2\/types\/page"}],"author":[{"embeddable":true,"href":"https:\/\/www.tortosaturisme.cat\/es\/wp-json\/wp\/v2\/users\/5"}],"replies":[{"embeddable":true,"href":"https:\/\/www.tortosaturisme.cat\/es\/wp-json\/wp\/v2\/comments?post=7878"}],"version-history":[{"count":8,"href":"https:\/\/www.tortosaturisme.cat\/es\/wp-json\/wp\/v2\/pages\/7878\/revisions"}],"predecessor-version":[{"id":15643,"href":"https:\/\/www.tortosaturisme.cat\/es\/wp-json\/wp\/v2\/pages\/7878\/revisions\/15643"}],"wp:attachment":[{"href":"https:\/\/www.tortosaturisme.cat\/es\/wp-json\/wp\/v2\/media?parent=7878"}],"curies":[{"name":"wp","href":"https:\/\/api.w.org\/{rel}","templated":true}]}}