{"id":7884,"date":"2018-03-07T08:00:02","date_gmt":"2018-03-07T08:00:02","guid":{"rendered":"https:\/\/www.tortosaturisme.cat\/es\/avis-legal\/"},"modified":"2020-07-16T14:17:22","modified_gmt":"2020-07-16T14:17:22","slug":"aviso-legal","status":"publish","type":"page","link":"https:\/\/www.tortosaturisme.cat\/es\/aviso-legal\/","title":{"rendered":"Protecci\u00f3n de datos personales"},"content":{"rendered":"<div class=\"container\" style=\"padding-top: 80px;\">\n<p style=\"padding-left: 30px;\"><strong>AVISO LEGAL Y POL\u00cdTICA DE PRIVACIDAD<\/strong><\/p>\n<p style=\"padding-left: 30px;\">INFORMACI\u00d3N LEGAL LSSIICE<\/p>\n<p style=\"padding-left: 30px;\">De acuerdo con las obligaciones previstas en la Ley 34\/2002, de Servicios de la Sociedad de la Informaci\u00f3n y de Comercio Electr\u00f3nico (en adelante LSSICE), AJUNTAMENT DE TORTOSA manifiesta que el dominio www.tortosaturisme.cat \u00a0es propiedad de AJUNTAMENT DE TORTOSA, con CIF P4315700G, y con domicilio en Pla\u00e7a d\u2019Espanya 1, 43500 Tortosa (TARRAGONA).<\/p>\n<p style=\"padding-left: 30px;\">AJUNTAMENT DE TORTOSA no puede asumir ninguna responsabilidad derivada del uso incorrecto, inadecuado o il\u00edcito de la informaci\u00f3n aparecida en sus p\u00e1ginas de Internet. Con los l\u00edmites establecidos en la ley, AJUNTAMENT DE TORTOSA no asume ninguna responsabilidad derivada de la falta de veracidad, integridad, actualizaci\u00f3n y precisi\u00f3n de los datos o informaciones contenidos en sus p\u00e1ginas de Internet.<\/p>\n<p style=\"padding-left: 30px;\">Los contenidos e informaci\u00f3n de las p\u00e1ginas de Internet de AJUNTAMENT DE TORTOSA est\u00e1n elaborados por profesionales de la misma debidamente cualificados para el ejercicio de su profesi\u00f3n. No obstante, los contenidos e informaci\u00f3n no vinculan a la mencionada corporaci\u00f3n ni constituyen opiniones, consejos o asesoramiento legal de ning\u00fan tipo, pues se trata meramente de un servicio ofrecido con car\u00e1cter informativo y divulgativo. Las p\u00e1ginas de Internet de AJUNTAMENT DE TORTOSA pueden contener enlaces (links) a otras p\u00e1ginas de terceras partes. Por tanto, \u00e9sta no puede asumir responsabilidades por el contenido que pueda aparecer en p\u00e1ginas de terceros. Los textos, im\u00e1genes, sonidos, animaciones, programario y el resto de contenidos incluidos en este website son propiedad exclusiva de AJUNTAMENT DE TORTOSA o de sus licenciantes. Cualquier acto de transmisi\u00f3n, distribuci\u00f3n, cesi\u00f3n, reproducci\u00f3n, almacenamiento o comunicaci\u00f3n p\u00fablica total o parcial, tiene que contar con el consentimiento expreso de AJUNTAMENT DE TORTOSA.<\/p>\n<p style=\"padding-left: 30px;\">De la misma manera se reserva el derecho a retirar el acceso al Portal, sin necesidad de previo aviso, a cualquier usuario que contravenga lo dispuesto en este aviso legal.<\/p>\n<p style=\"padding-left: 30px;\"><strong>PROTECCI\u00d3N DE DATOS PERSONALES<\/strong><\/p>\n<p style=\"padding-left: 30px;\">En virtud del art\u00edculo 5.1 de la Ley org\u00e1nica 15\/1999, de 13 de diciembre, de protecci\u00f3n de datos de car\u00e1cter personal (LOPD) les informamos que los datos de car\u00e1cter personal que usted nos proporciona mediante esta solicitud ser\u00e1n incorporados en el fichero &#8216;Gesti\u00f3n de servicios municipales&#8217;, con titularidad del Ajuntament de Tortosa, con la finalidad de la gesti\u00f3n de usuarios de los servicios municipales. Los datos de car\u00e1cter personal que le solicitamos son absolutamente necesarios para gestionar adecuadamente su solicitud. Por eso, es obligatorio que rellene los campos oportunos y, en el caso que no lo haga no podremos atender debidamente su solicitud. Los solicitantes, los datos de los cuales sean objeto de tratamiento, podr\u00e1n ejercer gratuitamente los derechos de acceso, rectificaci\u00f3n, cancelaci\u00f3n y oposici\u00f3n, seg\u00fan los t\u00e9rminos establecidos en la LOPD dirigiendo una solicitud por escrito, acompa\u00f1ada de una fotocopia del documento de identidad, al Ajuntament de Tortosa, pla\u00e7a d&#8217;Espanya,1. 43500 Tortosa.<\/p>\n<p style=\"padding-left: 30px;\"><strong>PROPIEDAD INDUSTRIAL E INTELECTUAL<\/strong><\/p>\n<p style=\"padding-left: 30px;\">Esta web es propiedad de AJUNTAMENT DE TORTOSA. Los derechos de Propiedad Intelectual y derechos de explotaci\u00f3n y reproducci\u00f3n de esta web, de sus p\u00e1ginas, pantallas, la Informaci\u00f3n que contienen, su apariencia y dise\u00f1o, as\u00ed como los v\u00ednculos (\u00abhiperlinks\u00bb) que se establecen desde ella otras p\u00e1ginas web de cualquier centro adscrito o organismo dependiente, son propiedad exclusiva de \u00e9sta, a no ser que expresamente se especifique otra cosa.<\/p>\n<p style=\"padding-left: 30px;\">Cualquiera de las denominaciones, dise\u00f1os y\/o logotipos, as\u00ed como cualquier producto o servicio ofrecidos y reflejados en esta p\u00e1gina web, son marcas debidamente registradas por AJUNTAMENT DE TORTOSA, por sus sociedades filiales y\/o dominadas o por terceros.<\/p>\n<p style=\"padding-left: 30px;\">Cualquier uso indebido de las mismas por personas diferentes de su leg\u00edtimo titular y sin el consentimiento expreso e inequ\u00edvoco por parte de \u00e9sta podr\u00e1 ser denunciado y perseguido a trav\u00e9s de todos los medios legales existentes en el Ordenamiento Jur\u00eddico espa\u00f1ol y\/o comunitario.<\/p>\n<p style=\"padding-left: 30px;\">Los derechos de propiedad intelectual y marcas de terceros est\u00e1n destacados convenientemente y tienen que ser respetados por todo aqu\u00e9l que acceda a esta p\u00e1gina, no siendo responsabilidad de AJUNTAMENT DE TORTOSA el uso que el USUARIO pueda llevar a cabo en relaci\u00f3n a \u00e9sto, recayendo la responsabilidad exclusiva en su persona.<\/p>\n<p style=\"padding-left: 30px;\">Solo para su uso personal y privado se permite descargar los contenidos, copiar o imprimir cualquier p\u00e1gina de esta web. Queda prohibido reproducir, transmitir, modificar o suprimir la informaci\u00f3n, contenida o advertencia de esta web sin la previa autorizaci\u00f3n por escrito de AJUNTAMENT DE TORTOSA<\/p>\n<p style=\"padding-left: 30px;\">AJUNTAMENT DE TORTOSA no transfiere a sus usuarios la propiedad de su software. El usuario es el propietario del soporte en el cual el software es grabado. AJUNTAMENT DE TORTOSA posee todos los derechos de propiedad industrial e intelectual, incluyendo el software. Si el usuario transfiere software de esta website a su terminal, no podr\u00e1 diseccionar para su estudio y descompilar, traducir la versi\u00f3n del c\u00f3digo objeto original o su lenguaje a un otro c\u00f3digo o lenguaje.<\/p>\n<p style=\"padding-left: 30px;\"><strong>LEY APLICABLE Y JURISDICCI\u00d3N<\/strong><\/p>\n<p style=\"padding-left: 30px;\">Las presentes condiciones generales se rigen por la Legislaci\u00f3n espa\u00f1ola, siendo competentes los Juzgados y Tribunales espa\u00f1oles para conocer de cuantas cuestiones se susciten sobre la interpretaci\u00f3n, aplicaci\u00f3n y cumplimiento de las mismas. EL USUARIO, en virtud de su aceptaci\u00f3n a las condiciones generales recogidas en este aviso legal, renuncia expresamente a cualquier hurto que, por aplicaci\u00f3n de la Ley de Enjuiciamiento Civil vigente pudiera corresponderle.<\/p>\n<\/div>\n","protected":false},"excerpt":{"rendered":"<p>AVISO LEGAL Y POL\u00cdTICA DE PRIVACIDAD INFORMACI\u00d3N LEGAL LSSIICE De acuerdo con las obligaciones previstas en la Ley 34\/2002, de Servicios de la Sociedad de la Informaci\u00f3n y de Comercio Electr\u00f3nico (en adelante LSSICE), AJUNTAMENT DE TORTOSA manifiesta que el [&hellip;]<\/p>\n","protected":false},"author":5,"featured_media":0,"parent":0,"menu_order":219,"comment_status":"closed","ping_status":"closed","template":"","meta":{"footnotes":""},"class_list":["post-7884","page","type-page","status-publish","hentry"],"acf":[],"yoast_head":"<!-- This site is optimized with the Yoast SEO plugin v27.3 - https:\/\/yoast.com\/product\/yoast-seo-wordpress\/ -->\n<title>Protecci\u00f3n de datos personales - tortosaturisme<\/title>\n<meta name=\"robots\" content=\"index, follow, max-snippet:-1, max-image-preview:large, max-video-preview:-1\" \/>\n<link rel=\"canonical\" href=\"https:\/\/www.tortosaturisme.cat\/es\/aviso-legal\/\" \/>\n<meta property=\"og:locale\" content=\"es_ES\" \/>\n<meta property=\"og:type\" content=\"article\" \/>\n<meta property=\"og:title\" content=\"Protecci\u00f3n de datos personales - tortosaturisme\" \/>\n<meta property=\"og:description\" content=\"AVISO LEGAL Y POL\u00cdTICA DE PRIVACIDAD INFORMACI\u00d3N LEGAL LSSIICE De acuerdo con las obligaciones previstas en la Ley 34\/2002, de Servicios de la Sociedad de la Informaci\u00f3n y de Comercio Electr\u00f3nico (en adelante LSSICE), AJUNTAMENT DE TORTOSA manifiesta que el [&hellip;]\" \/>\n<meta property=\"og:url\" content=\"https:\/\/www.tortosaturisme.cat\/es\/aviso-legal\/\" \/>\n<meta property=\"og:site_name\" content=\"tortosaturisme\" \/>\n<meta property=\"article:modified_time\" content=\"2020-07-16T14:17:22+00:00\" \/>\n<meta name=\"twitter:card\" content=\"summary_large_image\" \/>\n<meta name=\"twitter:label1\" content=\"Tiempo de lectura\" \/>\n\t<meta name=\"twitter:data1\" content=\"5 minutos\" \/>\n<script type=\"application\/ld+json\" class=\"yoast-schema-graph\">{\"@context\":\"https:\\\/\\\/schema.org\",\"@graph\":[{\"@type\":\"WebPage\",\"@id\":\"https:\\\/\\\/www.tortosaturisme.cat\\\/es\\\/aviso-legal\\\/\",\"url\":\"https:\\\/\\\/www.tortosaturisme.cat\\\/es\\\/aviso-legal\\\/\",\"name\":\"Protecci\u00f3n de datos personales - tortosaturisme\",\"isPartOf\":{\"@id\":\"https:\\\/\\\/www.tortosaturisme.cat\\\/es\\\/#website\"},\"datePublished\":\"2018-03-07T08:00:02+00:00\",\"dateModified\":\"2020-07-16T14:17:22+00:00\",\"breadcrumb\":{\"@id\":\"https:\\\/\\\/www.tortosaturisme.cat\\\/es\\\/aviso-legal\\\/#breadcrumb\"},\"inLanguage\":\"es\",\"potentialAction\":[{\"@type\":\"ReadAction\",\"target\":[\"https:\\\/\\\/www.tortosaturisme.cat\\\/es\\\/aviso-legal\\\/\"]}]},{\"@type\":\"BreadcrumbList\",\"@id\":\"https:\\\/\\\/www.tortosaturisme.cat\\\/es\\\/aviso-legal\\\/#breadcrumb\",\"itemListElement\":[{\"@type\":\"ListItem\",\"position\":1,\"name\":\"Home\",\"item\":\"https:\\\/\\\/www.tortosaturisme.cat\\\/es\\\/\"},{\"@type\":\"ListItem\",\"position\":2,\"name\":\"Protecci\u00f3n de datos personales\"}]},{\"@type\":\"WebSite\",\"@id\":\"https:\\\/\\\/www.tortosaturisme.cat\\\/es\\\/#website\",\"url\":\"https:\\\/\\\/www.tortosaturisme.cat\\\/es\\\/\",\"name\":\"tortosaturisme\",\"description\":\"Otro sitio realizado con WordPress\",\"potentialAction\":[{\"@type\":\"SearchAction\",\"target\":{\"@type\":\"EntryPoint\",\"urlTemplate\":\"https:\\\/\\\/www.tortosaturisme.cat\\\/es\\\/?s={search_term_string}\"},\"query-input\":{\"@type\":\"PropertyValueSpecification\",\"valueRequired\":true,\"valueName\":\"search_term_string\"}}],\"inLanguage\":\"es\"}]}<\/script>\n<!-- \/ Yoast SEO plugin. -->","yoast_head_json":{"title":"Protecci\u00f3n de datos personales - tortosaturisme","robots":{"index":"index","follow":"follow","max-snippet":"max-snippet:-1","max-image-preview":"max-image-preview:large","max-video-preview":"max-video-preview:-1"},"canonical":"https:\/\/www.tortosaturisme.cat\/es\/aviso-legal\/","og_locale":"es_ES","og_type":"article","og_title":"Protecci\u00f3n de datos personales - tortosaturisme","og_description":"AVISO LEGAL Y POL\u00cdTICA DE PRIVACIDAD INFORMACI\u00d3N LEGAL LSSIICE De acuerdo con las obligaciones previstas en la Ley 34\/2002, de Servicios de la Sociedad de la Informaci\u00f3n y de Comercio Electr\u00f3nico (en adelante LSSICE), AJUNTAMENT DE TORTOSA manifiesta que el [&hellip;]","og_url":"https:\/\/www.tortosaturisme.cat\/es\/aviso-legal\/","og_site_name":"tortosaturisme","article_modified_time":"2020-07-16T14:17:22+00:00","twitter_card":"summary_large_image","twitter_misc":{"Tiempo de lectura":"5 minutos"},"schema":{"@context":"https:\/\/schema.org","@graph":[{"@type":"WebPage","@id":"https:\/\/www.tortosaturisme.cat\/es\/aviso-legal\/","url":"https:\/\/www.tortosaturisme.cat\/es\/aviso-legal\/","name":"Protecci\u00f3n de datos personales - tortosaturisme","isPartOf":{"@id":"https:\/\/www.tortosaturisme.cat\/es\/#website"},"datePublished":"2018-03-07T08:00:02+00:00","dateModified":"2020-07-16T14:17:22+00:00","breadcrumb":{"@id":"https:\/\/www.tortosaturisme.cat\/es\/aviso-legal\/#breadcrumb"},"inLanguage":"es","potentialAction":[{"@type":"ReadAction","target":["https:\/\/www.tortosaturisme.cat\/es\/aviso-legal\/"]}]},{"@type":"BreadcrumbList","@id":"https:\/\/www.tortosaturisme.cat\/es\/aviso-legal\/#breadcrumb","itemListElement":[{"@type":"ListItem","position":1,"name":"Home","item":"https:\/\/www.tortosaturisme.cat\/es\/"},{"@type":"ListItem","position":2,"name":"Protecci\u00f3n de datos personales"}]},{"@type":"WebSite","@id":"https:\/\/www.tortosaturisme.cat\/es\/#website","url":"https:\/\/www.tortosaturisme.cat\/es\/","name":"tortosaturisme","description":"Otro sitio realizado con WordPress","potentialAction":[{"@type":"SearchAction","target":{"@type":"EntryPoint","urlTemplate":"https:\/\/www.tortosaturisme.cat\/es\/?s={search_term_string}"},"query-input":{"@type":"PropertyValueSpecification","valueRequired":true,"valueName":"search_term_string"}}],"inLanguage":"es"}]}},"_links":{"self":[{"href":"https:\/\/www.tortosaturisme.cat\/es\/wp-json\/wp\/v2\/pages\/7884","targetHints":{"allow":["GET"]}}],"collection":[{"href":"https:\/\/www.tortosaturisme.cat\/es\/wp-json\/wp\/v2\/pages"}],"about":[{"href":"https:\/\/www.tortosaturisme.cat\/es\/wp-json\/wp\/v2\/types\/page"}],"author":[{"embeddable":true,"href":"https:\/\/www.tortosaturisme.cat\/es\/wp-json\/wp\/v2\/users\/5"}],"replies":[{"embeddable":true,"href":"https:\/\/www.tortosaturisme.cat\/es\/wp-json\/wp\/v2\/comments?post=7884"}],"version-history":[{"count":9,"href":"https:\/\/www.tortosaturisme.cat\/es\/wp-json\/wp\/v2\/pages\/7884\/revisions"}],"predecessor-version":[{"id":14880,"href":"https:\/\/www.tortosaturisme.cat\/es\/wp-json\/wp\/v2\/pages\/7884\/revisions\/14880"}],"wp:attachment":[{"href":"https:\/\/www.tortosaturisme.cat\/es\/wp-json\/wp\/v2\/media?parent=7884"}],"curies":[{"name":"wp","href":"https:\/\/api.w.org\/{rel}","templated":true}]}}