{"id":10106,"date":"2019-07-23T12:30:37","date_gmt":"2019-07-23T12:30:37","guid":{"rendered":"https:\/\/www.tortosaturisme.cat\/fr\/cicloturisme\/"},"modified":"2021-05-25T11:35:39","modified_gmt":"2021-05-25T11:35:39","slug":"cycloturisme","status":"publish","type":"page","link":"https:\/\/www.tortosaturisme.cat\/fr\/cycloturisme\/","title":{"rendered":"Cycloturisme"},"content":{"rendered":"<p>[vc_row][vc_column]<div class=\"vc-incubalia-big-header\"><h1 class=\"vc-incubalia-big-header__title\"> bienvenue au paradis du v\u00e9lo<\/h1><img decoding=\"async\" class=\"vc-incubalia-big-header__mobile-picture\" src=\"https:\/\/www.tortosaturisme.cat\/wp-content\/uploads\/2019\/07\/Paradis-1-768x450-mb.jpg\">\n                  <img decoding=\"async\" class=\"vc-incubalia-big-header__desktop-picture\" src=\"https:\/\/www.tortosaturisme.cat\/wp-content\/uploads\/2019\/07\/Paradis-1-1920x700-dsk.jpg\"><\/div>[\/vc_column][\/vc_row][vc_row][vc_column]<div class=\"vc-incubalia-text-1-column\"><h2 class=\"vc-incubalia-text-1-column__title\"><span class=\"first-word\">Un<\/span> territoire pour les amoureux de la p\u00e9dale<\/h2><div class=\"vc-incubalia-text-1-column__text\">Bienvenue \u00e0 Tortosa, capitale des Terres de l&rsquo;\u00c8bre, bienvenue au paradis des v\u00e9los. Visiter Tortosa, le coeur des Terres de l&rsquo;\u00c8bre, nous permettra d&rsquo;\u00eatre proche de tout et vivre des vacances sp\u00e9ciales \u00e0 v\u00e9lo. Depuis Tortosa nous irons c\u00f4toyer le Delta de l&rsquo;\u00c8bre et nous nous perdrons avec notre v\u00e9lo entre rizi\u00e8res et extensions de route, mais aussi nous ferons connaissance du canton de Terra Alta et sa Voie Verte enchanterresse. Les amoureux de la bicyclette trouveront en Tortosa le point de d\u00e9part id\u00e9al pour leurs journ\u00e9es sur roues.\u00a0Depuis Tortosa, nous vous proposons <a href=\"https:\/\/www.tortosaturisme.cat\/fr\/routes-a-velo\/\">56 itin\u00e9raires<\/a> de tous niveaux pour que vous puissiez pratiquer le v\u00e9lo comme vous le pr\u00e9f\u00e9riez.<\/div><\/div><script>\n            (function($) {\n                $(function() {\n                    $(\".vc_col-sm-6\").parent(\".vc_row\").addClass(\"vc_layout_2\");\n                });\n            })(jQuery);\n            <\/script>[\/vc_column][\/vc_row][vc_row][vc_column]<div class=\"vc-incubalia-video-full-width\"><img decoding=\"async\" class=\"vc-incubalia-video-full-width__image-mobile\" src=\"https:\/\/www.tortosaturisme.cat\/wp-content\/uploads\/2019\/07\/Del-delta-als-ports-mb-768x350.jpg\"><img decoding=\"async\" class=\"vc-incubalia-video-full-width__image-desktop\" src=\"https:\/\/www.tortosaturisme.cat\/wp-content\/uploads\/2019\/07\/Del-delta-als-ports-dsk-1920x550.jpg\"><div id=\"4c018baa37\" class=\"vc-incubalia-video-full-width__play-button\"><img decoding=\"async\" class=\"play-button\" src=\"https:\/\/www.tortosaturisme.cat\/wp-content\/plugins\/vc-incubalia-elements\/elements\/..\/assets\/img\/video-play.png\"><\/div><div class=\"vc-incubalia-video-full-width__youtube-iframe\"><iframe loading=\"lazy\" width=\"560\" height=\"315\" src=\"https:\/\/www.youtube.com\/embed\/m4LxhMB_Cig\" frameborder=\"0\" allowfullscreen><\/iframe><\/div><\/div><script>(function($) {\n                $(function() {\n                    $('#4c018baa37').on('click', function() {\n                        $(this).parent().parent().find('.vc-incubalia-video-full-width').addClass('play');\n                        \/\/$(this).parent().parent().find('.vc-incubalia-video-full-width__youtube-iframe iframe').attr('src', $('.vc-incubalia-video-full-width__youtube-iframe iframe').attr('src') + '?autoplay=1');\n                    });\n                });\n\n                $(window).load(function() {\n                    height = $('.vc-incubalia-video-full-width').height();\n                    setYoutubeIframeDimensions();\n                });\n\n                $(window).resize(function() {\n                    setYoutubeIframeDimensions();\n                });\n\n                function setYoutubeIframeDimensions()\n                {\n                    if ($('.vc-incubalia-video-full-width').height() > 0) {\n                        height = $('.vc-incubalia-video-full-width').height();\n                    }\n                    $('.vc-incubalia-video-full-width__youtube-iframe iframe').attr('height', height);\n                    let width = height * 16 \/ 9;\n                    $('.vc-incubalia-video-full-width__youtube-iframe iframe').attr('width', width);\n                }\n            })(jQuery)<\/script><div class=\"vc-incubalia-text-image-full\"><div class=\"vc-incubalia-text-image-full__image-container\"><img decoding=\"async\" class=\"vc-incubalia-text-image-full__image-mobile\" alt=\"\" src=\"\"><img decoding=\"async\" class=\"vc-incubalia-text-image-full__image-desktop\" alt=\"\" src=\"\"><i class=\"arrow-down\"><\/i><\/div><div class=\"vc-incubalia-text-image-full__text-container\"><h2 class=\"vc-incubalia-text-image-full__subtitle\">Tant d'options que de kilom\u00e8tres \u00e0 parcourir<\/h2><div class=\"vc-incubalia-text-image-full__text\">La diversit\u00e9 de paysages qui entoure Tortosa offre des routes \u00e0 bicyclette de <strong>diff\u00e9rents niveaux de difficult\u00e9 et de temps<\/strong>. Les plaines du Delta, avec des parcours courts et plats adapt\u00e9s aux plus petits, sont parfaites pour une journ\u00e9e en v\u00e9lo en famille et nous permettent de d\u00e9couvrir le Delta de l&rsquo;\u00c8bre et ses paysages incroyables. La Voie Verte par la Terra Alta nous offre une journ\u00e9e intense pour les passionn\u00e9s du sport. Il y a une infinit\u00e9 de sentiers et routes VTT \u00e0 d\u00e9couvrir aux ext\u00e9rieurs de la ville de Tortosa. Id\u00e9ales pour partager des moments en couple ou entre amis. Enfin, les plus exigeants seront mis \u00e0 l\u2019\u00e9preuve dans la Massis del Port, un site plein de d\u00e9nivellations n\u00e9cessitant une grande r\u00e9sistance physique. Vous trouverez ici une option parfaite pour pratiquer votre sport favori, profiter de la nature et respirer de l\u2019air pur.<\/div><\/div><\/div>[\/vc_column][\/vc_row][vc_row][vc_column]<div class=\"vc-incubalia-4-images\"><h2 class=\"vc-incubalia-4-images__title\">Et comment venez-vous?<\/h2><div class=\"vc-incubalia-4-images__image has-url\"\"><a href=\"\/fr\/grands-itineraires-velo\/\"><img decoding=\"async\" src=\"https:\/\/www.tortosaturisme.cat\/wp-content\/uploads\/2019\/07\/Grans-Rutes-900x400.jpg\" alt=\"\"><\/a><div class=\"vc-incubalia-4-images__image-text-container\"><p class=\"vc-incubalia-4-images__image-title\">Grands itin\u00e9raires de v\u00e9lo de route<\/p><p class=\"vc-incubalia-4-images__image-subtitle\">Itin\u00e9raires de plus de 100 km pour ceux dont les routes sont illimit\u00e9es<\/p><\/div><div class=\"vc-incubalia-4-images__image-url-container\"><span class=\"vc-incubalia-4-images__image-url\">Lire la suite<\/span><\/div><\/div><div class=\"vc-incubalia-4-images__image has-url\"\"><a href=\"\/fr\/cicloturisme-en-familia\/\"><img decoding=\"async\" src=\"https:\/\/www.tortosaturisme.cat\/wp-content\/uploads\/2017\/10\/b-4-cicloturisme-900x400.jpg\" alt=\"\"><\/a><div class=\"vc-incubalia-4-images__image-text-container\"><p class=\"vc-incubalia-4-images__image-title\">CYCLOTOURISME EN FAMILLE<\/p><p class=\"vc-incubalia-4-images__image-subtitle\">Des itin\u00e9raires faciles et adapt\u00e9s pour toute la famille<\/p><\/div><div class=\"vc-incubalia-4-images__image-url-container\"><span class=\"vc-incubalia-4-images__image-url\">Lire la suite<\/span><\/div><\/div><div class=\"vc-incubalia-4-images__image has-url\"\"><a href=\"\/fr\/parcours-pour-vtt\/\"><img decoding=\"async\" src=\"https:\/\/www.tortosaturisme.cat\/wp-content\/uploads\/2019\/07\/btt-900x400.jpg\" alt=\"\"><\/a><div class=\"vc-incubalia-4-images__image-text-container\"><p class=\"vc-incubalia-4-images__image-title\">PARCOURS POUR LE VTT<\/p><p class=\"vc-incubalia-4-images__image-subtitle\">\/fr\/routes-a-velo\/?bike_route-type=natura-fr<\/p><\/div><div class=\"vc-incubalia-4-images__image-url-container\"><span class=\"vc-incubalia-4-images__image-url\">Lire la suite<\/span><\/div><\/div><div class=\"vc-incubalia-4-images__image has-url\"\"><a href=\"\/fr\/gr-99-chemin-naturel-ebre\/\"><img decoding=\"async\" src=\"https:\/\/www.tortosaturisme.cat\/wp-content\/uploads\/2019\/07\/GR-99-900x400.jpg\" alt=\"\"><\/a><div class=\"vc-incubalia-4-images__image-text-container\"><p class=\"vc-incubalia-4-images__image-title\">GR-99 CHEMIN NATUREL DE L'\u00c8BRE<\/p><p class=\"vc-incubalia-4-images__image-subtitle\">Un parcours suivant le cours de l'\u00c8bre<\/p><\/div><div class=\"vc-incubalia-4-images__image-url-container\"><span class=\"vc-incubalia-4-images__image-url\">Lire la suite<\/span><\/div><\/div><\/div>[\/vc_column][\/vc_row][vc_row][vc_column]<div class=\"vc-incubalia-small-header\"><h1 class=\"vc-incubalia-small-header__title\">Avec tous les services dont vous avez besoin<\/h1><img decoding=\"async\" class=\"vc-incubalia-small-header__mobile-picture\" src=\"https:\/\/www.tortosaturisme.cat\/wp-content\/uploads\/2019\/06\/Cicloturisme-4-768x250-mobile-1.jpg\">\n                  <img decoding=\"async\" class=\"vc-incubalia-small-header__desktop-picture\" src=\"https:\/\/www.tortosaturisme.cat\/wp-content\/uploads\/2019\/06\/Cicloturisme-4-1920x330-desktop-2.jpg\"><\/div>[\/vc_column][\/vc_row][vc_row][vc_column]<div class=\"vc-incubalia-text-1-column\"><div class=\"vc-incubalia-text-1-column__text\">Au cours des derni\u00e8res ann\u00e9es, certains h\u00f4tels de Tortosa ont \u00e9t\u00e9 r\u00e9nov\u00e9s et appartiennent actuellement au r\u00e9seau de logements bikefriendly, offrant un service de location de v\u00e9los, un espace de rangement et d\u2019autres services con\u00e7u pour le cycliste et son v\u00e9lo.<\/div><\/div><script>\n            (function($) {\n                $(function() {\n                    $(\".vc_col-sm-6\").parent(\".vc_row\").addClass(\"vc_layout_2\");\n                });\n            })(jQuery);\n            <\/script><div class=\"vc-incubalia-3-black-boxes\"><a class=\"vc-incubalia-3-black-boxes__box\" href=\"\/fr\/experiencies\/?experience-type=bicicletes-fr&amp;list-view=cards\"><div class=\"vc-incubalia-3-black-boxes__box-title-container\"><p class=\"vc-incubalia-3-black-boxes__box-title\">Location de v\u00e9los<\/p><\/div><\/a><a class=\"vc-incubalia-3-black-boxes__box\" href=\"https:\/\/www.tortosaturisme.cat\/fr\/hebergements\/\"><div class=\"vc-incubalia-3-black-boxes__box-title-container\"><p class=\"vc-incubalia-3-black-boxes__box-title\">H\u00e9bergements<\/p><\/div><\/a><a class=\"vc-incubalia-3-black-boxes__box\" href=\"\/fr\/entreprises-touristiques\/?tourist_company-type=cicloturisme-fr&amp;list-view=cards\"><div class=\"vc-incubalia-3-black-boxes__box-title-container\"><p class=\"vc-incubalia-3-black-boxes__box-title\">Services pour cyclistes<\/p><\/div><\/a><\/div><div class=\"vc-incubalia-4-icons\"><h2 class=\"vc-incubalia-4-icons__title\"><\/h2><div class=\"vc-incubalia-4-icons__icon\"><a class=\"vc-incubalia-4-icons__icon-url\" href=\"\"><img decoding=\"async\" class=\"vc-incubalia-4-icons__icon-image\" src=\"\"><\/a><\/div><div class=\"vc-incubalia-4-icons__icon\"><a class=\"vc-incubalia-4-icons__icon-url\" href=\"\"><img decoding=\"async\" class=\"vc-incubalia-4-icons__icon-image\" src=\"\"><\/a><\/div><div class=\"vc-incubalia-4-icons__icon\"><a class=\"vc-incubalia-4-icons__icon-url\" href=\"\"><img decoding=\"async\" class=\"vc-incubalia-4-icons__icon-image\" src=\"\"><\/a><\/div><div class=\"vc-incubalia-4-icons__icon\"><a class=\"vc-incubalia-4-icons__icon-url\" href=\"\"><img decoding=\"async\" class=\"vc-incubalia-4-icons__icon-image\" src=\"\"><\/a><\/div><\/div><div class=\"vc-incubalia-6-pills\"><h2 class=\"vc-incubalia-6-pills__title\">Choisissez votre itin\u00e9raire<\/h2><div class=\"vc-incubalia-6-pills__pill\"><a class=\"vc-incubalia-6-pills__pill-url\" href=\"\/fr\/routes-a-velo\/?bike_route-type=carretera-fr\"><p class=\"vc-incubalia-6-pills__pill-title\">Route<\/p><p class=\"vc-incubalia-6-pills__pill-subtitle\">Grands itin\u00e9raires pour faire des kilom\u00e8tres et conna\u00eetre le territoire<\/p><\/a><\/div><div class=\"vc-incubalia-6-pills__pill\"><a class=\"vc-incubalia-6-pills__pill-url\" href=\"\/fr\/routes-a-velo\/?bike_route-type=natura-fr\"><p class=\"vc-incubalia-6-pills__pill-title\">La nature<\/p><p class=\"vc-incubalia-6-pills__pill-subtitle\">Profiter pleinement de la R\u00e9serve de Biosph\u00e8re<\/p><\/a><\/div><div class=\"vc-incubalia-6-pills__pill\"><a class=\"vc-incubalia-6-pills__pill-url\" href=\"\/fr\/routes-a-velo\/?bike_route-type=via-verda-fr\"><p class=\"vc-incubalia-6-pills__pill-title\">La Voie Verte<\/p><p class=\"vc-incubalia-6-pills__pill-subtitle\">Explorez les Terres de l'\u00c8bre et entrez dans l'Aragon par une ancienne voie ferr\u00e9e<\/p><\/a><\/div><div class=\"vc-incubalia-6-pills__pill\"><a class=\"vc-incubalia-6-pills__pill-url\" href=\"\/fr\/routes-a-velo\/?bike_route-type=en-familia-fr\"><p class=\"vc-incubalia-6-pills__pill-title\">Familier<\/p><p class=\"vc-incubalia-6-pills__pill-subtitle\">\u00c0 partir de 7 ans, toute la famille \u00e0 v\u00e9lo<\/p><\/a><\/div><div class=\"vc-incubalia-6-pills__pill\"><a class=\"vc-incubalia-6-pills__pill-url\" href=\"\/fr\/routes-a-velo\/?bike_route-type=cultural-fr\"><p class=\"vc-incubalia-6-pills__pill-title\">Culturel<\/p><p class=\"vc-incubalia-6-pills__pill-subtitle\">Explorez les sites historiques de Tortosa<\/p><\/a><\/div><div class=\"vc-incubalia-6-pills__pill\"><a class=\"vc-incubalia-6-pills__pill-url\" href=\"\/fr\/routes-a-velo\/?bike_route-type=urbana-fr\"><p class=\"vc-incubalia-6-pills__pill-title\">Urbain<\/p><p class=\"vc-incubalia-6-pills__pill-subtitle\">La ville et le patrimoine le plus m\u00e9connu<\/p><\/a><\/div><\/div>[\/vc_column][\/vc_row]<\/p>\n","protected":false},"excerpt":{"rendered":"<p>[vc_row][vc_column][\/vc_column][\/vc_row][vc_row][vc_column][\/vc_column][\/vc_row][vc_row][vc_column][\/vc_column][\/vc_row][vc_row][vc_column][\/vc_column][\/vc_row][vc_row][vc_column][\/vc_column][\/vc_row][vc_row][vc_column][\/vc_column][\/vc_row]<\/p>\n","protected":false},"author":2,"featured_media":0,"parent":0,"menu_order":185,"comment_status":"closed","ping_status":"closed","template":"","meta":{"footnotes":""},"class_list":["post-10106","page","type-page","status-publish","hentry"],"acf":[],"yoast_head":"<!-- This site is optimized with the Yoast SEO plugin v27.5 - https:\/\/yoast.com\/product\/yoast-seo-wordpress\/ -->\n<title>Cicloturisme - Tortosa Turisme - el parad\u00eds de la bicicleta<\/title>\n<meta name=\"description\" content=\"Tortosa i les Terres de l&#039;Ebre s\u00f3n un territori ideal per practicar qualsevol modalitat en bicicleta. Rutes per a tota la fam\u00edlia, per la Via Verda o el Delta de l&#039;Ebre, grans rutes m\u00e9s de 100 quil\u00f2metres per carretera, amb ports especials, o rutes de muntanya converteixen Tortosa en el parad\u00eds del ciclisme.\" \/>\n<meta name=\"robots\" content=\"index, follow, max-snippet:-1, max-image-preview:large, max-video-preview:-1\" \/>\n<link rel=\"canonical\" href=\"https:\/\/www.tortosaturisme.cat\/fr\/cycloturisme\/\" \/>\n<meta property=\"og:locale\" content=\"fr_FR\" \/>\n<meta property=\"og:type\" content=\"article\" \/>\n<meta property=\"og:title\" content=\"Cicloturisme - Tortosa Turisme - el parad\u00eds de la bicicleta\" \/>\n<meta property=\"og:description\" content=\"Tortosa i les Terres de l&#039;Ebre s\u00f3n un territori ideal per practicar qualsevol modalitat en bicicleta. Rutes per a tota la fam\u00edlia, per la Via Verda o el Delta de l&#039;Ebre, grans rutes m\u00e9s de 100 quil\u00f2metres per carretera, amb ports especials, o rutes de muntanya converteixen Tortosa en el parad\u00eds del ciclisme.\" \/>\n<meta property=\"og:url\" content=\"https:\/\/www.tortosaturisme.cat\/fr\/cycloturisme\/\" \/>\n<meta property=\"og:site_name\" content=\"tortosaturisme\" \/>\n<meta property=\"article:modified_time\" content=\"2021-05-25T11:35:39+00:00\" \/>\n<meta name=\"twitter:card\" content=\"summary_large_image\" \/>\n<meta name=\"twitter:label1\" content=\"Dur\u00e9e de lecture estim\u00e9e\" \/>\n\t<meta name=\"twitter:data1\" content=\"4 minutes\" \/>\n<script type=\"application\/ld+json\" class=\"yoast-schema-graph\">{\"@context\":\"https:\\\/\\\/schema.org\",\"@graph\":[{\"@type\":\"WebPage\",\"@id\":\"https:\\\/\\\/www.tortosaturisme.cat\\\/fr\\\/cycloturisme\\\/\",\"url\":\"https:\\\/\\\/www.tortosaturisme.cat\\\/fr\\\/cycloturisme\\\/\",\"name\":\"Cicloturisme - Tortosa Turisme - el parad\u00eds de la bicicleta\",\"isPartOf\":{\"@id\":\"https:\\\/\\\/www.tortosaturisme.cat\\\/fr\\\/#website\"},\"datePublished\":\"2019-07-23T12:30:37+00:00\",\"dateModified\":\"2021-05-25T11:35:39+00:00\",\"description\":\"Tortosa i les Terres de l'Ebre s\u00f3n un territori ideal per practicar qualsevol modalitat en bicicleta. Rutes per a tota la fam\u00edlia, per la Via Verda o el Delta de l'Ebre, grans rutes m\u00e9s de 100 quil\u00f2metres per carretera, amb ports especials, o rutes de muntanya converteixen Tortosa en el parad\u00eds del ciclisme.\",\"breadcrumb\":{\"@id\":\"https:\\\/\\\/www.tortosaturisme.cat\\\/fr\\\/cycloturisme\\\/#breadcrumb\"},\"inLanguage\":\"fr-FR\",\"potentialAction\":[{\"@type\":\"ReadAction\",\"target\":[\"https:\\\/\\\/www.tortosaturisme.cat\\\/fr\\\/cycloturisme\\\/\"]}]},{\"@type\":\"BreadcrumbList\",\"@id\":\"https:\\\/\\\/www.tortosaturisme.cat\\\/fr\\\/cycloturisme\\\/#breadcrumb\",\"itemListElement\":[{\"@type\":\"ListItem\",\"position\":1,\"name\":\"Home\",\"item\":\"https:\\\/\\\/www.tortosaturisme.cat\\\/fr\\\/home-page\\\/\"},{\"@type\":\"ListItem\",\"position\":2,\"name\":\"Cycloturisme\"}]},{\"@type\":\"WebSite\",\"@id\":\"https:\\\/\\\/www.tortosaturisme.cat\\\/fr\\\/#website\",\"url\":\"https:\\\/\\\/www.tortosaturisme.cat\\\/fr\\\/\",\"name\":\"tortosaturisme\",\"description\":\"Otro sitio realizado con WordPress\",\"potentialAction\":[{\"@type\":\"SearchAction\",\"target\":{\"@type\":\"EntryPoint\",\"urlTemplate\":\"https:\\\/\\\/www.tortosaturisme.cat\\\/fr\\\/?s={search_term_string}\"},\"query-input\":{\"@type\":\"PropertyValueSpecification\",\"valueRequired\":true,\"valueName\":\"search_term_string\"}}],\"inLanguage\":\"fr-FR\"}]}<\/script>\n<!-- \/ Yoast SEO plugin. -->","yoast_head_json":{"title":"Cicloturisme - Tortosa Turisme - el parad\u00eds de la bicicleta","description":"Tortosa i les Terres de l'Ebre s\u00f3n un territori ideal per practicar qualsevol modalitat en bicicleta. Rutes per a tota la fam\u00edlia, per la Via Verda o el Delta de l'Ebre, grans rutes m\u00e9s de 100 quil\u00f2metres per carretera, amb ports especials, o rutes de muntanya converteixen Tortosa en el parad\u00eds del ciclisme.","robots":{"index":"index","follow":"follow","max-snippet":"max-snippet:-1","max-image-preview":"max-image-preview:large","max-video-preview":"max-video-preview:-1"},"canonical":"https:\/\/www.tortosaturisme.cat\/fr\/cycloturisme\/","og_locale":"fr_FR","og_type":"article","og_title":"Cicloturisme - Tortosa Turisme - el parad\u00eds de la bicicleta","og_description":"Tortosa i les Terres de l'Ebre s\u00f3n un territori ideal per practicar qualsevol modalitat en bicicleta. Rutes per a tota la fam\u00edlia, per la Via Verda o el Delta de l'Ebre, grans rutes m\u00e9s de 100 quil\u00f2metres per carretera, amb ports especials, o rutes de muntanya converteixen Tortosa en el parad\u00eds del ciclisme.","og_url":"https:\/\/www.tortosaturisme.cat\/fr\/cycloturisme\/","og_site_name":"tortosaturisme","article_modified_time":"2021-05-25T11:35:39+00:00","twitter_card":"summary_large_image","twitter_misc":{"Dur\u00e9e de lecture estim\u00e9e":"4 minutes"},"schema":{"@context":"https:\/\/schema.org","@graph":[{"@type":"WebPage","@id":"https:\/\/www.tortosaturisme.cat\/fr\/cycloturisme\/","url":"https:\/\/www.tortosaturisme.cat\/fr\/cycloturisme\/","name":"Cicloturisme - Tortosa Turisme - el parad\u00eds de la bicicleta","isPartOf":{"@id":"https:\/\/www.tortosaturisme.cat\/fr\/#website"},"datePublished":"2019-07-23T12:30:37+00:00","dateModified":"2021-05-25T11:35:39+00:00","description":"Tortosa i les Terres de l'Ebre s\u00f3n un territori ideal per practicar qualsevol modalitat en bicicleta. Rutes per a tota la fam\u00edlia, per la Via Verda o el Delta de l'Ebre, grans rutes m\u00e9s de 100 quil\u00f2metres per carretera, amb ports especials, o rutes de muntanya converteixen Tortosa en el parad\u00eds del ciclisme.","breadcrumb":{"@id":"https:\/\/www.tortosaturisme.cat\/fr\/cycloturisme\/#breadcrumb"},"inLanguage":"fr-FR","potentialAction":[{"@type":"ReadAction","target":["https:\/\/www.tortosaturisme.cat\/fr\/cycloturisme\/"]}]},{"@type":"BreadcrumbList","@id":"https:\/\/www.tortosaturisme.cat\/fr\/cycloturisme\/#breadcrumb","itemListElement":[{"@type":"ListItem","position":1,"name":"Home","item":"https:\/\/www.tortosaturisme.cat\/fr\/home-page\/"},{"@type":"ListItem","position":2,"name":"Cycloturisme"}]},{"@type":"WebSite","@id":"https:\/\/www.tortosaturisme.cat\/fr\/#website","url":"https:\/\/www.tortosaturisme.cat\/fr\/","name":"tortosaturisme","description":"Otro sitio realizado con WordPress","potentialAction":[{"@type":"SearchAction","target":{"@type":"EntryPoint","urlTemplate":"https:\/\/www.tortosaturisme.cat\/fr\/?s={search_term_string}"},"query-input":{"@type":"PropertyValueSpecification","valueRequired":true,"valueName":"search_term_string"}}],"inLanguage":"fr-FR"}]}},"_links":{"self":[{"href":"https:\/\/www.tortosaturisme.cat\/fr\/wp-json\/wp\/v2\/pages\/10106","targetHints":{"allow":["GET"]}}],"collection":[{"href":"https:\/\/www.tortosaturisme.cat\/fr\/wp-json\/wp\/v2\/pages"}],"about":[{"href":"https:\/\/www.tortosaturisme.cat\/fr\/wp-json\/wp\/v2\/types\/page"}],"author":[{"embeddable":true,"href":"https:\/\/www.tortosaturisme.cat\/fr\/wp-json\/wp\/v2\/users\/2"}],"replies":[{"embeddable":true,"href":"https:\/\/www.tortosaturisme.cat\/fr\/wp-json\/wp\/v2\/comments?post=10106"}],"version-history":[{"count":29,"href":"https:\/\/www.tortosaturisme.cat\/fr\/wp-json\/wp\/v2\/pages\/10106\/revisions"}],"predecessor-version":[{"id":16928,"href":"https:\/\/www.tortosaturisme.cat\/fr\/wp-json\/wp\/v2\/pages\/10106\/revisions\/16928"}],"wp:attachment":[{"href":"https:\/\/www.tortosaturisme.cat\/fr\/wp-json\/wp\/v2\/media?parent=10106"}],"curies":[{"name":"wp","href":"https:\/\/api.w.org\/{rel}","templated":true}]}}